{"id":4961,"date":"2021-02-03T07:59:32","date_gmt":"2021-02-03T07:59:32","guid":{"rendered":"https:\/\/www.tadano.com\/africa\/equipements-de-levage\/"},"modified":"2025-02-07T14:59:54","modified_gmt":"2025-02-07T14:59:54","slug":"equipements-de-levage","status":"publish","type":"page","link":"https:\/\/www.tadano.com\/africa\/fr\/equipements-de-levage\/","title":{"rendered":"\u00c9quipements de levage"},"content":{"rendered":"\n\n\n<section class=\"hero-section\">\n\n\t\n\t\t\t<style type=\"text\/css\">\n\t\t\t.hero-section .img-holder:before {\n\t\t\t\tdisplay: none;\n\t\t\t}\n\t\t<\/style>\n\t\n\t\n\t<div class=\"img-holder \">\n\t\t\t\t<div class=\"bg-stretch\" style=\"background-position: 50% 50%; \">\n\t\t\t<span data-srcset=\"https:\/\/assets.onetadano.com\/celum_assets\/hero\/TADANO_line-up_june_2021.jpg, https:\/\/assets.onetadano.com\/celum_assets\/hero-2x\/TADANO_line-up_june_2021.jpg 2x\"><\/span>\n\t\t<\/div>\n\t\t\t\t\t\t<div class=\"logo green-solutions\" style=\"display:none;\">\n\t\t\t<a href=\"#\"><img decoding=\"async\" src=\"https:\/\/www.tadano.com\/africa\/wp-content\/themes\/tadano\/assets\/dist\/images\/Green-Solutions_Logo_White.svg\"><\/a>\n\t\t<\/div>\n\t<\/div>\n\t<div class=\"container\">\n\t\t<div class=\"text-holder \">\n\t\t\t<div class=\"wrap\">\n\t\t\t\t\n\t\t\t\t<ul class=\"breadcrumbs\"><li><a href=\"https:\/\/www.tadano.com\/africa\/fr\/\">Accueil<\/a><\/li><\/ul>\n\t\t\t\t\n\n<h1 class=\"wp-block-heading\">\u00c9quipements de levage<\/h1>\n\n\n\n<p>Le groupe Tadano propose une large gamme d&rsquo;\u00e9quipements de levage de qualit\u00e9, adapt\u00e9s \u00e0 pratiquement tous les terrains, sc\u00e9narios d&rsquo;application et charges.<\/p>\n\n\n\n<div class=\"wp-block-buttons is-layout-flex wp-block-buttons-is-layout-flex\">\n<div class=\"wp-block-button\"><a class=\"wp-block-button__link wp-element-button\" href=\"https:\/\/www.tadano.com\/africa\/fr\/apercu-des-produits\/\"><strong>VOIR TOUS LES PRODUITS<\/strong><\/a><\/div>\n<\/div>\n\n\n\n\t\t\t\t\n\t\t\t<\/div>\n\n\t\t\t\n\t\t\t\n\t\t\t\n\t\t<\/div>\n\t<\/div>\n<\/section>\n\n\n<div class=\"wp-block-group is-style-background-triangle-right has-white-color has-dark-blue-background-color has-text-color has-background is-layout-flow wp-block-group-is-layout-flow\"><div class=\"wp-block-group__inner-container\">\n<div class=\"wp-block-columns is-layout-flex wp-container-core-columns-layout-1 wp-block-columns-is-layout-flex\">\n<div class=\"wp-block-column is-layout-flow wp-block-column-is-layout-flow\" style=\"flex-basis:33.33%\">\n<h2 class=\"wp-block-heading\">Consulter les cat\u00e9gories<\/h2>\n\n\n\n<p>Quels que soient vos besoins, nous avons les solutions. D\u00e9couvrez ce que les diff\u00e9rents mod\u00e8les de grues Tadano peuvent vous aider \u00e0 accomplir.<\/p>\n\n\n<div class=\"download-button-block\">\n\t<div class=\"btn-holder\">\n\t\t<a href=\"https:\/\/assets.onetadano.com\/celum_assets\/documents\/OfferingFlyer_Africa_fr_view.pdf\" class=\"btn btn-outline\" download>\n\t    PR\u00c9SENTATION <br> DE LA GAMME\t  <\/a>\n\t<\/div>\n<\/div>\n\n\n<div style=\"height:50px\" aria-hidden=\"true\" class=\"wp-block-spacer\"><\/div>\n\n\n\n<h3 class=\"wp-block-heading\">Les grues d&rsquo;occasion vous int\u00e9ressent&nbsp;?<\/h3>\n\n\n\n<p>Parcourez nos offres pour des grues tout-terrain, automotrices lentes ou sur chenilles.<\/p>\n\n\n\n<div class=\"wp-block-buttons is-layout-flex wp-block-buttons-is-layout-flex\">\n<div class=\"wp-block-button is-style-btn-light\"><a class=\"wp-block-button__link wp-element-button\" href=\"https:\/\/www.tadano.com\/africa\/fr\/equipements-de-levage\/grues-d-occasion\/\">VOIR LES GRUES D&rsquo;OCCASION<\/a><\/div>\n<\/div>\n<\/div>\n\n\n\n<div class=\"wp-block-column is-layout-flow wp-block-column-is-layout-flow\" style=\"flex-basis:66.66%\"><div class=\"links-block-wrapper\">\n  <div class=\"container\">\n    <section class=\"links-block\">\n              <div class=\"links-block\">\n                                  <div class=\"link-single  \">\n                              <a href=\"https:\/\/www.tadano.com\/africa\/fr\/grues-tout-terrain\/\">\n                               \n                                  <strong class='title'>Grues tout-terrain (*)<\/strong>\n                                                  <p>Des roues directrices et diff\u00e9rentes longueurs de fl\u00e8che pour des performances s\u00fbres et robustes presque partout.\r\n<br>\r\n<br>\r\n(*) Selon disponibilit\u00e9 dans certains pays<\/p>\n                              <\/a>\n            <\/div>\n                                  <div class=\"link-single  \">\n                              <a href=\"https:\/\/www.tadano.com\/africa\/fr\/grues-city\/\">\n                               \n                                  <strong class='title'>Grues City (*)<\/strong>\n                                                  <p>Sa fl\u00e8che de base raccourcie lui permet de travailler avec des angles d&rsquo;inclinaison de fl\u00e8che prononc\u00e9s dans des zones \u00e0 faible encombrement.\r\n<br>\r\n<br>\r\n(*) Selon disponibilit\u00e9 dans certains pays<\/p>\n                              <\/a>\n            <\/div>\n                                  <div class=\"link-single  \">\n                              <a href=\"https:\/\/www.tadano.com\/africa\/fr\/grues-sur-chenilles-a-mat-treillis\/\">\n                               \n                                  <strong class='title'>Grues sur chenilles \u00e0 m\u00e2t treillis<\/strong>\n                                                  <p>Facilement transportables, malgr\u00e9 leur taille\u00a0; gr\u00e2ce aux accessoires elles sont \u00e9quip\u00e9es pour quasiment toutes sortes de travaux.<\/p>\n                              <\/a>\n            <\/div>\n                                  <div class=\"link-single  \">\n                              <a href=\"https:\/\/www.tadano.com\/africa\/fr\/grues-automotrices-lentes\/\">\n                               \n                                  <strong class='title'>Grues automotrices lentes<\/strong>\n                                                  <p>\u00c9quip\u00e9es d&rsquo;une direction et d&rsquo;une transmission int\u00e9grales, elles sont \u00e0 l&rsquo;aise dans les espaces restreints et sur les terrains accident\u00e9s.<\/p>\n                              <\/a>\n            <\/div>\n                                  <div class=\"link-single  \">\n                              <a href=\"https:\/\/www.tadano.com\/africa\/fr\/solutions-de-renovation\/\">\n                               \n                                  <strong class='title'>Solutions de R\u00e9novation<\/strong>\n                                                  <p>D\u00e9couvrez les solutions compl\u00e8tes de Tadano pour la r\u00e9novation de votre parc de grues.<\/p>\n                              <\/a>\n            <\/div>\n                  <\/div>\n                    \n    <\/section>\n  <\/div>\n<\/div><\/div>\n<\/div>\n<\/div><\/div>\n\n\n\n<div style=\"height:100px\" aria-hidden=\"true\" class=\"wp-block-spacer\"><\/div>\n\n\n\n<h2 class=\"wp-block-heading\">L&rsquo;AVANTAGE TADANO<\/h2>\n\n\n\n<p>Tadano est \u00e0 la t\u00eate de l&rsquo;industrie du levage parce que la qualit\u00e9 est la consid\u00e9ration la plus importante. Nos grues offrent une valeur, une durabilit\u00e9 et une fiabilit\u00e9 exceptionnelles pour tous les besoins de vos projets. Les donn\u00e9es concr\u00e8tes recueillies par les clients r\u00e9v\u00e8lent des niveaux d&rsquo;efficacit\u00e9 op\u00e9rationnelle nettement sup\u00e9rieurs avec Tadano par rapport \u00e0 la concurrence. La durabilit\u00e9 commence par une ing\u00e9nierie et une conception structurelle sup\u00e9rieures, qui se manifestent \u00e0 travers le processus de fabrication et les composants individuels de premier ordre install\u00e9s dans chaque grue. En choisissant Tadano, vous b\u00e9n\u00e9ficiez d&rsquo;une r\u00e9duction des besoins en pi\u00e8ces et en services et d&rsquo;une diminution des temps d&rsquo;arr\u00eat. Le r\u00e9sultat ? Un taux de rendement plus \u00e9lev\u00e9 et les co\u00fbts de propri\u00e9t\u00e9 et d&rsquo;exploitation les plus bas de toutes les grues sur le march\u00e9.<\/p>\n\n\n\n<div class=\"wp-block-columns is-layout-flex wp-container-core-columns-layout-2 wp-block-columns-is-layout-flex\">\n<div class=\"wp-block-column is-layout-flow wp-block-column-is-layout-flow\">\n<h3 class=\"wp-block-heading\">ValEUR.<\/h3>\n\n\n\n<p>La qualit\u00e9 sup\u00e9rieure de Tadano signifie un fonctionnement efficace avec moins de temps d&rsquo;arr\u00eat. Le r\u00e9sultat ? Des taux de rendement plus \u00e9lev\u00e9s et les co\u00fbts de possession et d&rsquo;exploitation les plus bas de toutes les grues du march\u00e9.<\/p>\n<\/div>\n\n\n\n<div class=\"wp-block-column is-layout-flow wp-block-column-is-layout-flow\">\n<h3 class=\"wp-block-heading\">LONG\u00e9vit\u00e9e int\u00e9gr\u00e9e.<\/h3>\n\n\n\n<p>La long\u00e9vit\u00e9 est int\u00e9gr\u00e9e. Une ing\u00e9nierie et une conception structurelle sup\u00e9rieures, associ\u00e9es \u00e0 des processus de fabrication et des composants de qualit\u00e9, signifient que les grues Tadano sont difficiles \u00e0 endommager et faciles \u00e0 r\u00e9parer.<\/p>\n<\/div>\n\n\n\n<div class=\"wp-block-column is-layout-flow wp-block-column-is-layout-flow\">\n<h3 class=\"wp-block-heading\">FIAbilit\u00e9.<\/h3>\n\n\n\n<p>Tadano s&rsquo;engage \u00e0 fabriquer des produits exempts de d\u00e9fauts, de d\u00e9ficiences et de variations significatives gr\u00e2ce \u00e0 des concepts, des processus, des fournisseurs, une conception, des essais et un service client solides.<\/p>\n<\/div>\n<\/div>\n\n\n\n\n<section class=\"featured-block01\">\n  <div class=\"img-holder\">\n        <div class=\"bg-stretch\" style=\"background-position: 0 0; \">\n      <span data-srcset=\"https:\/\/assets.onetadano.com\/celum_assets\/hero\/TA4355%7E1.jpg, https:\/\/assets.onetadano.com\/celum_assets\/hero-2x\/TA4355%7E1.jpg 2x\"><\/span>\n    <\/div>\n      <\/div>\n  <div class=\"container\">\n    <div class=\"text-holder\">\n      \n\n<h2 class=\"wp-block-heading\">TECHnologIES<\/h2>\n\n\n\n<p>Chez Tadano, nous consid\u00e9rons chaque produit comme un moyen de rendre l&rsquo;exp\u00e9rience de levage meilleure, plus efficace et plus \u00e9conomique. D\u00e9couvrez comment Tadano y parvient gr\u00e2ce \u00e0 des innovations technologiques de pointe associ\u00e9es \u00e0 des services et un support intelligents.<\/p>\n\n\n\n<div class=\"wp-block-buttons is-layout-flex wp-block-buttons-is-layout-flex\">\n<div class=\"wp-block-button is-style-default\"><a class=\"wp-block-button__link wp-element-button\" href=\"https:\/\/www.tadano.com\/africa\/fr\/technologie\/\">D\u00c9COUVREZ NOS technologIES<\/a><\/div>\n<\/div>\n\n\n    <\/div>\n  <\/div>\n<\/section>\n\n\n\n<section class=\"featured-block02\">\n  <div class=\"img-holder\">\n        <div class=\"bg-stretch\" style=\"background-position: 0 100%; \">\n      <span data-srcset=\"https:\/\/assets.onetadano.com\/celum_assets\/hero\/TAD19I%7E2.jpg, https:\/\/assets.onetadano.com\/celum_assets\/hero-2x\/TAD19I%7E2.jpg 2x\"><\/span>\n    <\/div>\n      <\/div>\n  <div class=\"container\">\n    <div class=\"text-holder\">\n      \n\n<h2 class=\"wp-block-heading\">DES OFFRES EXCEPTIONNELLES SUR DIFF\u00c9RENTS MOD\u00c8LES ET TAILLES DE GRUES POUR R\u00c9PONDRE AUX BESOINS DE VOS PROJETS.<\/h2>\n\n\n\n<p>Parcourez nos offres pour des grues tout-terrain, automotrices lentes ou sur chenilles.<\/p>\n\n\n\n<div class=\"wp-block-buttons is-layout-flex wp-block-buttons-is-layout-flex\">\n<div class=\"wp-block-button\"><a class=\"wp-block-button__link wp-element-button\" href=\"https:\/\/www.tadano.com\/africa\/fr\/equipements-de-levage\/grues-d-occasion\/\">GRUES D&rsquo;OCCASION<\/a><\/div>\n<\/div>\n\n\n    <\/div>\n  <\/div>\n<\/section>\n\n\n<p><\/p>\n","protected":false},"excerpt":{"rendered":"<p>Consulter les cat\u00e9gories Quels que soient vos besoins, nous avons les solutions. D\u00e9couvrez ce que les diff\u00e9rents mod\u00e8les de grues Tadano peuvent vous aider \u00e0 accomplir. Les grues d&rsquo;occasion vous int\u00e9ressent&nbsp;? Parcourez nos offres pour des grues tout-terrain, automotrices lentes ou sur chenilles. L&rsquo;AVANTAGE TADANO Tadano est \u00e0 la t\u00eate de l&rsquo;industrie du levage parce [&hellip;]<\/p>\n","protected":false},"author":1,"featured_media":0,"parent":0,"menu_order":0,"comment_status":"closed","ping_status":"closed","template":"","meta":{"_acf_changed":false,"footnotes":""},"acf":[],"yoast_head":"<!-- This site is optimized with the Yoast SEO plugin v22.3 - https:\/\/yoast.com\/wordpress\/plugins\/seo\/ -->\n<title>\u00c9quipements de levage - Africa<\/title>\n<meta name=\"robots\" content=\"index, follow, max-snippet:-1, max-image-preview:large, max-video-preview:-1\" \/>\n<link rel=\"canonical\" href=\"https:\/\/www.tadano.com\/africa\/fr\/equipements-de-levage\/\" \/>\n<meta property=\"og:locale\" content=\"fr_FR\" \/>\n<meta property=\"og:type\" content=\"article\" \/>\n<meta property=\"og:title\" content=\"\u00c9quipements de levage - Africa\" \/>\n<meta property=\"og:description\" content=\"Consulter les cat\u00e9gories Quels que soient vos besoins, nous avons les solutions. D\u00e9couvrez ce que les diff\u00e9rents mod\u00e8les de grues Tadano peuvent vous aider \u00e0 accomplir. Les grues d&rsquo;occasion vous int\u00e9ressent&nbsp;? Parcourez nos offres pour des grues tout-terrain, automotrices lentes ou sur chenilles. L&rsquo;AVANTAGE TADANO Tadano est \u00e0 la t\u00eate de l&rsquo;industrie du levage parce [&hellip;]\" \/>\n<meta property=\"og:url\" content=\"https:\/\/www.tadano.com\/africa\/fr\/equipements-de-levage\/\" \/>\n<meta property=\"og:site_name\" content=\"Africa\" \/>\n<meta property=\"article:modified_time\" content=\"2025-02-07T14:59:54+00:00\" \/>\n<meta name=\"twitter:card\" content=\"summary_large_image\" \/>\n<meta name=\"twitter:label1\" content=\"Dur\u00e9e de lecture estim\u00e9e\" \/>\n\t<meta name=\"twitter:data1\" content=\"2 minutes\" \/>\n<script type=\"application\/ld+json\" class=\"yoast-schema-graph\">{\"@context\":\"https:\/\/schema.org\",\"@graph\":[{\"@type\":\"WebPage\",\"@id\":\"https:\/\/www.tadano.com\/africa\/fr\/equipements-de-levage\/\",\"url\":\"https:\/\/www.tadano.com\/africa\/fr\/equipements-de-levage\/\",\"name\":\"\u00c9quipements de levage - Africa\",\"isPartOf\":{\"@id\":\"https:\/\/www.tadano.com\/africa\/fr\/#website\"},\"datePublished\":\"2021-02-03T07:59:32+00:00\",\"dateModified\":\"2025-02-07T14:59:54+00:00\",\"inLanguage\":\"fr-FR\",\"potentialAction\":[{\"@type\":\"ReadAction\",\"target\":[\"https:\/\/www.tadano.com\/africa\/fr\/equipements-de-levage\/\"]}]},{\"@type\":\"WebSite\",\"@id\":\"https:\/\/www.tadano.com\/africa\/fr\/#website\",\"url\":\"https:\/\/www.tadano.com\/africa\/fr\/\",\"name\":\"Africa\",\"description\":\"Just another TADANO EUROPE site\",\"potentialAction\":[{\"@type\":\"SearchAction\",\"target\":{\"@type\":\"EntryPoint\",\"urlTemplate\":\"https:\/\/www.tadano.com\/africa\/fr\/?s={search_term_string}\"},\"query-input\":\"required name=search_term_string\"}],\"inLanguage\":\"fr-FR\"}]}<\/script>\n<!-- \/ Yoast SEO plugin. -->","yoast_head_json":{"title":"\u00c9quipements de levage - Africa","robots":{"index":"index","follow":"follow","max-snippet":"max-snippet:-1","max-image-preview":"max-image-preview:large","max-video-preview":"max-video-preview:-1"},"canonical":"https:\/\/www.tadano.com\/africa\/fr\/equipements-de-levage\/","og_locale":"fr_FR","og_type":"article","og_title":"\u00c9quipements de levage - Africa","og_description":"Consulter les cat\u00e9gories Quels que soient vos besoins, nous avons les solutions. D\u00e9couvrez ce que les diff\u00e9rents mod\u00e8les de grues Tadano peuvent vous aider \u00e0 accomplir. Les grues d&rsquo;occasion vous int\u00e9ressent&nbsp;? Parcourez nos offres pour des grues tout-terrain, automotrices lentes ou sur chenilles. L&rsquo;AVANTAGE TADANO Tadano est \u00e0 la t\u00eate de l&rsquo;industrie du levage parce [&hellip;]","og_url":"https:\/\/www.tadano.com\/africa\/fr\/equipements-de-levage\/","og_site_name":"Africa","article_modified_time":"2025-02-07T14:59:54+00:00","twitter_card":"summary_large_image","twitter_misc":{"Dur\u00e9e de lecture estim\u00e9e":"2 minutes"},"schema":{"@context":"https:\/\/schema.org","@graph":[{"@type":"WebPage","@id":"https:\/\/www.tadano.com\/africa\/fr\/equipements-de-levage\/","url":"https:\/\/www.tadano.com\/africa\/fr\/equipements-de-levage\/","name":"\u00c9quipements de levage - Africa","isPartOf":{"@id":"https:\/\/www.tadano.com\/africa\/fr\/#website"},"datePublished":"2021-02-03T07:59:32+00:00","dateModified":"2025-02-07T14:59:54+00:00","inLanguage":"fr-FR","potentialAction":[{"@type":"ReadAction","target":["https:\/\/www.tadano.com\/africa\/fr\/equipements-de-levage\/"]}]},{"@type":"WebSite","@id":"https:\/\/www.tadano.com\/africa\/fr\/#website","url":"https:\/\/www.tadano.com\/africa\/fr\/","name":"Africa","description":"Just another TADANO EUROPE site","potentialAction":[{"@type":"SearchAction","target":{"@type":"EntryPoint","urlTemplate":"https:\/\/www.tadano.com\/africa\/fr\/?s={search_term_string}"},"query-input":"required name=search_term_string"}],"inLanguage":"fr-FR"}]}},"_links":{"self":[{"href":"https:\/\/www.tadano.com\/africa\/fr\/wp-json\/wp\/v2\/pages\/4961"}],"collection":[{"href":"https:\/\/www.tadano.com\/africa\/fr\/wp-json\/wp\/v2\/pages"}],"about":[{"href":"https:\/\/www.tadano.com\/africa\/fr\/wp-json\/wp\/v2\/types\/page"}],"author":[{"embeddable":true,"href":"https:\/\/www.tadano.com\/africa\/fr\/wp-json\/wp\/v2\/users\/1"}],"replies":[{"embeddable":true,"href":"https:\/\/www.tadano.com\/africa\/fr\/wp-json\/wp\/v2\/comments?post=4961"}],"version-history":[{"count":5,"href":"https:\/\/www.tadano.com\/africa\/fr\/wp-json\/wp\/v2\/pages\/4961\/revisions"}],"predecessor-version":[{"id":5764,"href":"https:\/\/www.tadano.com\/africa\/fr\/wp-json\/wp\/v2\/pages\/4961\/revisions\/5764"}],"wp:attachment":[{"href":"https:\/\/www.tadano.com\/africa\/fr\/wp-json\/wp\/v2\/media?parent=4961"}],"curies":[{"name":"wp","href":"https:\/\/api.w.org\/{rel}","templated":true}]}}