{"id":4963,"date":"2021-04-07T08:59:15","date_gmt":"2021-04-07T08:59:15","guid":{"rendered":"https:\/\/www.tadano.com\/africa\/equipements-de-levage\/grues-city\/"},"modified":"2024-11-08T12:22:24","modified_gmt":"2024-11-08T12:22:24","slug":"grues-city","status":"publish","type":"page","link":"https:\/\/www.tadano.com\/africa\/fr\/grues-city\/","title":{"rendered":"Grues City"},"content":{"rendered":"\n\n\n<section class=\"hero-section\">\n\n\t\n\t\n\t\n\t<div class=\"img-holder \">\n\t\t\t\t<div class=\"bg-stretch\" style=\"background-position: 50% 50%; \">\n\t\t\t<span data-srcset=\"https:\/\/assets.onetadano.com\/celum_assets\/hero\/TDN+AC+3.045-1+CITY+street+view+parking.jpg, https:\/\/assets.onetadano.com\/celum_assets\/hero-2x\/TDN+AC+3.045-1+CITY+street+view+parking.jpg 2x\"><\/span>\n\t\t<\/div>\n\t\t\t\t\t\t<div class=\"logo green-solutions\" style=\"display:none;\">\n\t\t\t<a href=\"#\"><img decoding=\"async\" src=\"https:\/\/www.tadano.com\/africa\/wp-content\/themes\/tadano\/assets\/dist\/images\/Green-Solutions_Logo_White.svg\"><\/a>\n\t\t<\/div>\n\t<\/div>\n\t<div class=\"container\">\n\t\t<div class=\"text-holder \">\n\t\t\t<div class=\"wrap\">\n\t\t\t\t\n\t\t\t\t<ul class=\"breadcrumbs\"><li><a href=\"https:\/\/www.tadano.com\/africa\/fr\/\">Accueil<\/a><\/li><\/ul>\n\t\t\t\t\n\n<h1 class=\"wp-block-heading\">GRUES City<\/h1>\n\n\n<div class=\"read-more-block\" id=\"read-more-1\">\n\n    <style type=\"text\/css\">\n        .read-more-block {\n            margin-bottom: 20px;\n        }\n        .read-more__content {\n            position: relative;\n            z-index: 1;\n            max-height: 160px;\n            overflow: hidden;\n            transition: max-height 2.15s ease-in;\n        }\n        .read-more__overlay {\n            position: absolute;\n            bottom: 0;\n            left: 0;\n            width: 100%;\n            height: 80px;\n            background-image: linear-gradient(transparent, #fff);\n            z-index: 2;\n        }\n        .read-more__button {\n            width: 100%;\n        }\n        .read-more__button a {\n            color: #02377a;\n        }\n        .read-more__button a svg {\n            margin-right: 4px;\n        }\n            \n    <\/style>\n\n    <div class=\"read-more__content\">\n        \n\n<p>La grue AC 3.045-1 City de Tadano est con\u00e7ue pour les chantiers urbains o\u00f9 l&rsquo;espace est limit\u00e9. Son design compact et sa flexibilit\u00e9 permettent d\u2019atteindre des angles de fl\u00e8che \u00e9lev\u00e9s, offrant ainsi une port\u00e9e impressionnante dans des espaces restreints. Le syst\u00e8me Flex Base, avec ses stabilisateurs \u00e0 positionnement continu, assure une stabilit\u00e9 maximale, m\u00eame sur des surfaces irr\u00e9guli\u00e8res. En option, l\u2019E-Pack permet un fonctionnement sans \u00e9mission, ce qui en fait une solution respectueuse de l\u2019environnement pour les levages en zone urbaine. Avec une cabine ergonomique offrant un confort optimal et une visibilit\u00e9 accrue, cette grue est \u00e0 la fois maniable et rapide \u00e0 d\u00e9ployer, ce qui en fait un atout incontournable pour les projets en ville.<\/p>\n\n\n        <div class=\"read-more__overlay\"><\/div>\n    <\/div>\n    <div class=\"read-more__button\">\n        <a href=\"javascript:showMore('read-more-1')\">\n            <svg width=\"18\" height=\"11\" viewBox=\"0 0 18 11\" fill=\"none\" xmlns=\"http:\/\/www.w3.org\/2000\/svg\">\n                <path d=\"M1.01543 0L0 1.01543L9 10.0154L18 1.01543L16.9846 0L9 7.98457L1.01543 0Z\" fill=\"#162F6F\"\/>\n            <\/svg>\n            En savoir plus \n        <\/a>\n     <\/div>\n\n     <script type=\"text\/javascript\">\n        function showMore(id) {\n            var content = document.getElementById(id).querySelector('.read-more__content');\n            var overlay = document.getElementById(id).querySelector('.read-more__overlay');\n            var button = document.getElementById(id).querySelector('.read-more__button');\n            content.style.maxHeight = '2000px';\n            overlay.style.display = 'none';\n            button.style.opacity = '0';\n        }\n    <\/script>\n<\/div>\n\n\n\n<div class=\"wp-block-buttons is-layout-flex wp-block-buttons-is-layout-flex\">\n<div class=\"wp-block-button is-style-btn-outline\"><a class=\"wp-block-button__link wp-element-button\" href=\"https:\/\/www.tadano.com\/africa\/fr\/apercu-des-produits\/\">VOIR TOUS LES PRODUITS<\/a><\/div>\n<\/div>\n\n\n\n\t\t\t\t\n\t\t\t<\/div>\n\n\t\t\t\n\t\t\t\n\t\t\t\n\t\t<\/div>\n\t<\/div>\n<\/section>\n\n\n<section class=\"product-compare\" id=\"product-compare\" style=\"display: none;\">\n\t<div class=\"container\">\n\t\t<h2>Comparer les produits<\/h2>\n\t\t<div class=\"compare-products\">\n\t\t\t<div class=\"compare-container\">\n\t\t\t\t<label for=\"product-1\" class=\"hidden\">S\u00e9lectionner un produit<\/label>\n\t\t\t\t<input type=\"hidden\" id=\"current_lang\" value=\"fr\">\n\t\t\t\t<input type=\"hidden\" id=\"current_site_id\" value=\"11\">\n\t\t\t\t<input type=\"hidden\" id=\"current_term_id\" value=\"10\">\n\t\t\t\t<ul id=\"product-1\" class=\"bh-sl-filters\">\n\t\t\t\t\t<select data-compare-id=\"1\">\n\t\t\t\t\t\t<option value=\"\">S\u00e9lectionner un produit<\/option>\n\t\t\t\t\t\t\t\t\t\t\t\t\t\t<option value=\"4863\">AC 3.045-1 City<\/option>\n\t\t\t\t\t\t\t\t\t\t\t\t\t<\/select>\n\t\t\t\t<\/ul>\n\t\t\t\t<div class=\"loader result-loader-1\"><\/div>\n\t\t\t\t<div class=\"result result-1\"><\/div>\n\t\t\t<\/div>\n\t\t\t<div class=\"compare-container\">\n\t\t\t\t<label for=\"product-2\" class=\"hidden\">S\u00e9lectionner un produit<\/label>\n\t\t\t\t<ul id=\"product-2\" class=\"bh-sl-filters\">\n\t\t\t\t\t<select data-compare-id=\"2\">\n\t\t\t\t\t\t<option value=\"\">S\u00e9lectionner un produit<\/option>\n\t\t\t\t\t\t\t\t\t\t\t\t\t\t<option value=\"4863\">AC 3.045-1 City<\/option>\n\t\t\t\t\t\t\t\t\t\t\t\t\t<\/select>\n\t\t\t\t<\/ul>\n\t\t\t\t<div class=\"loader result-loader-2\"><\/div>\n\t\t\t\t<div class=\"result result-2\"><\/div>\n\t\t\t<\/div>\n\t\t<\/div>\n\t<\/div>\n<\/section>\n\n\n\n    <div class=\"products-hide-filtering \">\n                <input type=\"hidden\" id=\"filterAxles\" value=\"\"\/>\n        <input type=\"hidden\" id=\"filterMaxLoad\" value=\"\"\/>\n        <input type=\"hidden\" id=\"filterBoomLength\" value=\"1\"\/>\n        <input type=\"hidden\" id=\"filterTipHeight\" value=\"\"\/>\n        <input type=\"hidden\" id=\"filterManufacturingYear\" value=\"\"\/>\n        <input type=\"hidden\" id=\"filterCategory\" value=\"\"\/>\n                <input type=\"hidden\" id=\"filterLegacyStatus\" value=\"\"\/>\n        <input type=\"hidden\" id=\"displayFilter\" value=\"1\"\/>\n        <!-- REFINE AREA START -->\n                    <section class=\"filter-refine\">\n                <form action=\"#\">\n                    <div class=\"container\">\n                        <div class=\"left\">\n                                                            <strong class=\"title\">Affiner votre recherche:<\/strong>\n                                                                                        <ul class=\"tabset-filter\">\n                                                                                                                                                                                        <li><a href=\"#boom-length\"><span>Longueur de fl\u00e8che<\/span><\/a><\/li>\n                                                                                                                                                                                <\/ul>\n                                <div class=\"tab-content product-tab-content\">\n                                                                                                                                                                                        <div class=\"tab-refine\" id=\"boom-length\">\n                                                                                                                                            <div class=\"tab-refine-wrapper scaled scaled-met\"\n                                                    id=\"boom-length-met\">\n                                                    <strong class=\"sub-title\">Longueur de fl\u00e8che<\/strong>\n                                                    <div class=\"range-holder\">\n                                                        <label for=\"range_boomlength_met\"\n                                                            class=\"hidden\">Gamme de longueur de fl\u00e8che<\/label>\n                                                        <input step=\"1\"\n                                                            value=\"31,32\"\n                                                            type=\"range\" multiple id=\"range_boomlength_met\"\n                                                            min=\"31\"\n                                                            max=\"32\">\n                                                        <div class=\"range-values\">\n                                                            <span>31.2 m<\/span>\n                                                            <span>31.2 m<\/span>\n                                                        <\/div>\n                                                    <\/div>\n                                                <\/div>\n                                                                                                                                                                                            <div class=\"tab-refine-wrapper scaled scaled-imp\"\n                                                    id=\"boom-length-imp\">\n                                                    <strong class=\"sub-title\">Longueur de fl\u00e8che<\/strong>\n                                                    <div class=\"range-holder\">\n                                                        <label for=\"range_boomlength_imp\"\n                                                            class=\"hidden\">Gamme de longueur de fl\u00e8che<\/label>\n                                                        <input step=\"1\"\n                                                            value=\"145,145\"\n                                                            type=\"range\" multiple id=\"range_boomlength_imp\"\n                                                            min=\"145\"\n                                                            max=\"145\">\n                                                        <div class=\"range-values\">\n                                                            <span>145.0 ft<\/span>\n                                                            <span>145.0 ft<\/span>\n                                                        <\/div>\n                                                    <\/div>\n                                                <\/div>\n                                                                                                                                    <\/div>\n                                                                                                                                                                                <\/div>\n\n                                \n                            \n\n                        <\/div>\n                        <div class=\"right\">\n                                                        <div class=\"radio\">\n                                                                    <label for=\"met\" class=\"met\">\n                                        <input type=\"radio\" name=\"filterScale\" id=\"met\" value=\"met\">\n                                        <span class=\"fake-radio\"><\/span>\n                                        <span class=\"fake-label\">M\u00e9trique<\/span>\n                                    <\/label>\n                                    <label for=\"imp\" class=\"imp\">\n                                        <input type=\"radio\" name=\"filterScale\" id=\"imp\" value=\"imp\" >\n                                        <span class=\"fake-radio\"><\/span>\n                                        <span class=\"fake-label\">Imp\u00e9rial<\/span>\n                                    <\/label>\n                                    \n                            <\/div>\n                        <\/div>\n                    <\/div>\n                <\/form>\n            <\/section>\n                <!-- REFINE AREA END -->\n\n                <div class=\"all-results \" >\n            <section class=\"filter-content\">\n                <div class=\"container\">\n                    <div class=\"no-results\">\n                        <h2>D\u00e9sol\u00e9, rien n&rsquo;a \u00e9t\u00e9 trouv\u00e9 \ud83d\ude14<\/h2>\n                        <p>Veuillez ajuster votre recherche. <\/p>\n                    <\/div>\n                                                <h2>Grues City<\/h2>\n                           \n                        <div class=\"filter-compare used-cranes\">\n                            \n<div class=\"product-filter-item\" \n            data-product-id=\"4863\"\n                    data-product-axles=\"3\"\n                                        data-product-boomlength-met=\"31.2\"\n                data-product-boomlength-imp=\"145\"\n                data-product-tipheight-met=\"46\"\n                data-product-tipheight-imp=\"141.7\"\n            >\n    <div class=\"compare-single \">\n\n                            <div class=\"green-solutions\">\n                <img decoding=\"async\" src=\"https:\/\/www.tadano.com\/africa\/wp-content\/themes\/tadano\/assets\/dist\/images\/Green-Solutions_Logo_Color.svg\">\n                            <\/div>\n                <div class=\"img-holder\">\n                            <div class=\"bg-stretch\" >\n                    <span data-srcset=\"https:\/\/mediahub.tadano.com\/m\/25047804cba4e93b\/img_thumb-img_tadano_AC3045CITY_Sideview.png, https:\/\/mediahub.tadano.com\/m\/25047804cba4e93b\/img_thumb_2x-img_tadano_AC3045CITY_Sideview.png 2x\"><\/span>\n                <\/div>\n                                <\/div>\n        <div class=\"opener-wrap\">\n                            <a href=\"https:\/\/www.tadano.com\/africa\/fr\/equipements-de-levage\/grues-city\/ac-3-045-1-city\/\" class=\"opener\">\n                    AC 3.045-1 City                                    <\/a>\n                    <\/div>\n        <div class=\"text-block\">\n                            <div class=\"heading\">\n                    <h3>AC 3.045-1 City<\/h3>\n                                            <a href=\"https:\/\/mediahub.tadano.com\/m\/408382246333bbac\/original\/doc_tadano_AC3045-1-City_datasheet_metric_en_de_fr_it_es_pt_ru.pdf\" class=\"specs\">Fiche technique<\/a>\n                                    <\/div>\n            \n                                    <ul class=\"scaled scaled-met\">\n                                                                                                                            <li><strong>Longueur de fl\u00e8che principale:<\/strong> 31.2 m<\/li>\n                                                                                                    <li><strong>Rallonge de fl\u00e8che:<\/strong> 1.1 m \/ 7.1 m &#8211; 13 m<\/li>\n                                                                                                    <li><strong>Hauteur de t\u00eate max.:<\/strong> 46 m<\/li>\n                                                                                    \n                    <\/ul>\n                                    <ul class=\"scaled scaled-imp\">\n                                                                                                                            <li><strong>Longueur de fl\u00e8che principale:<\/strong> 145.0 ft<\/li>\n                                                                                                    <li><strong>Rallonge de fl\u00e8che:<\/strong> 3.6 ft \/ 23.2 ft &#8211; 42.6 ft<\/li>\n                                                                                                    <li><strong>Hauteur de t\u00eate max.:<\/strong> 141.7 ft<\/li>\n                                                                                    \n                    <\/ul>\n                                    <\/div>\n        <ul class=\"btn-list\">\n                        <li>\n                                <a href=\"https:\/\/www.tadano.com\/africa\/fr\/equipements-de-levage\/grues-city\/ac-3-045-1-city\/\" class=\"btn-details\">\n                    <span class=\"mobile-only\">D\u00e9tails<\/span>\n                    <span class=\"desktop-only\">En savoir plus<\/span>\n                <\/a>\n            <\/li>\n            \n                                <li class=\"scaled-metric\">\n                        <a href=\"https:\/\/mediahub.tadano.com\/m\/408382246333bbac\/original\/doc_tadano_AC3045-1-City_datasheet_metric_en_de_fr_it_es_pt_ru.pdf\" class=\"btn-specs\" >\n                            <span class=\"mobile-only\">Sp\u00e9cifications<\/span>\n                            <span class=\"desktop-only\">Fiche technique<\/span>\n                        <\/a>\n                    <\/li>\n\n                                                <li class=\"scaled-imperial\">\n                                <a href=\"https:\/\/mediahub.tadano.com\/m\/72119b49437570f8\/original\/doc_tadano_AC3045-1-City_datasheet_imperial_en.pdf\" class=\"btn-specs\" >\n                                    <span class=\"mobile-only\">Sp\u00e9cifications<\/span>\n                                    <span class=\"desktop-only\">Fiche technique<\/span>\n                                <\/a>\n                            <\/li>\n                        \n                \n            \n            \n            \n\n        <\/ul>\n    <\/div><!-- end compare single -->\n<\/div><!-- end product filter item -->                        <\/div><!-- end filter compare -->\n\n                                    <\/section>\n        <\/div>\n    <\/div>\n\n\n<section class=\"new-products\">\n  <div class=\"container\">\n    <h2>Nouveaux produits<\/h2>\n    <div class=\"new-products-hold\">\n                                  <div class=\"new-product-single\">\n            <a href=\"https:\/\/www.tadano.com\/africa\/fr\/equipements-de-levage\/nacelles-sur-camions\/snake-24-fb\/\">\n              <div class=\"img-holder\">\n                                <div class=\"bg-stretch\" >\n                  <span data-srcset=\"https:\/\/mediahub.tadano.com\/m\/61262612e5b039f9\/employee-img_oilandsteel_snake24fb_cutout_side.png, https:\/\/mediahub.tadano.com\/m\/61262612e5b039f9\/employee_2x-img_oilandsteel_snake24fb_cutout_side.png 2x\"><\/span>\n                <\/div>\n                              <\/div>\n              <div class=\"text-block\">\n                <strong class=\"title\">Snake 24 FB sur Iveco<\/strong>\n                <span class=\"category\">\n                                  <\/span>\n              <\/div>\n            <\/a>\n          <\/div>\n                            <div class=\"new-product-single\">\n            <a href=\"https:\/\/www.tadano.com\/africa\/fr\/equipements-de-levage\/nacelles-sur-camions\/snake-20-isuzu\/\">\n              <div class=\"img-holder\">\n                                <div class=\"bg-stretch\" >\n                  <span data-srcset=\"https:\/\/mediahub.tadano.com\/m\/4e14479cfaf5831b\/employee-img_oilandsteel_snake20_isuzu_cutout_side.png, https:\/\/mediahub.tadano.com\/m\/4e14479cfaf5831b\/employee_2x-img_oilandsteel_snake20_isuzu_cutout_side.png 2x\"><\/span>\n                <\/div>\n                              <\/div>\n              <div class=\"text-block\">\n                <strong class=\"title\">Snake 20 sur Isuzu<\/strong>\n                <span class=\"category\">\n                                  <\/span>\n              <\/div>\n            <\/a>\n          <\/div>\n                            <div class=\"new-product-single\">\n            <a href=\"https:\/\/www.tadano.com\/africa\/fr\/equipements-de-levage\/nacelles-sur-camions\/snake-20-iveco\/\">\n              <div class=\"img-holder\">\n                                <div class=\"bg-stretch\" >\n                  <span data-srcset=\"https:\/\/mediahub.tadano.com\/m\/39be64f72dac9ba5\/employee-img_oilandsteel_snake2010hplus_cutout_side.png, https:\/\/mediahub.tadano.com\/m\/39be64f72dac9ba5\/employee_2x-img_oilandsteel_snake2010hplus_cutout_side.png 2x\"><\/span>\n                <\/div>\n                              <\/div>\n              <div class=\"text-block\">\n                <strong class=\"title\">Snake 20 sur Iveco<\/strong>\n                <span class=\"category\">\n                                  <\/span>\n              <\/div>\n            <\/a>\n          <\/div>\n                  <\/div>\n  <\/div>\n<\/section>","protected":false},"excerpt":{"rendered":"","protected":false},"author":1,"featured_media":0,"parent":0,"menu_order":0,"comment_status":"closed","ping_status":"closed","template":"","meta":{"_acf_changed":false,"footnotes":""},"acf":[],"yoast_head":"<!-- This site is optimized with the Yoast SEO plugin v22.3 - https:\/\/yoast.com\/wordpress\/plugins\/seo\/ -->\n<title>Grues City - Africa<\/title>\n<meta name=\"robots\" content=\"index, follow, max-snippet:-1, max-image-preview:large, max-video-preview:-1\" \/>\n<link rel=\"canonical\" href=\"https:\/\/www.tadano.com\/africa\/fr\/grues-city\/\" \/>\n<meta property=\"og:locale\" content=\"fr_FR\" \/>\n<meta property=\"og:type\" content=\"article\" \/>\n<meta property=\"og:title\" content=\"Grues City - Africa\" \/>\n<meta property=\"og:url\" content=\"https:\/\/www.tadano.com\/africa\/fr\/grues-city\/\" \/>\n<meta property=\"og:site_name\" content=\"Africa\" \/>\n<meta property=\"article:modified_time\" content=\"2024-11-08T12:22:24+00:00\" \/>\n<meta name=\"twitter:card\" content=\"summary_large_image\" \/>\n<meta name=\"twitter:label1\" content=\"Dur\u00e9e de lecture estim\u00e9e\" \/>\n\t<meta name=\"twitter:data1\" content=\"1 minute\" \/>\n<script type=\"application\/ld+json\" class=\"yoast-schema-graph\">{\"@context\":\"https:\/\/schema.org\",\"@graph\":[{\"@type\":\"WebPage\",\"@id\":\"https:\/\/www.tadano.com\/africa\/fr\/grues-city\/\",\"url\":\"https:\/\/www.tadano.com\/africa\/fr\/grues-city\/\",\"name\":\"Grues City - Africa\",\"isPartOf\":{\"@id\":\"https:\/\/www.tadano.com\/africa\/fr\/#website\"},\"datePublished\":\"2021-04-07T08:59:15+00:00\",\"dateModified\":\"2024-11-08T12:22:24+00:00\",\"inLanguage\":\"fr-FR\",\"potentialAction\":[{\"@type\":\"ReadAction\",\"target\":[\"https:\/\/www.tadano.com\/africa\/fr\/grues-city\/\"]}]},{\"@type\":\"WebSite\",\"@id\":\"https:\/\/www.tadano.com\/africa\/fr\/#website\",\"url\":\"https:\/\/www.tadano.com\/africa\/fr\/\",\"name\":\"Africa\",\"description\":\"Just another TADANO EUROPE site\",\"potentialAction\":[{\"@type\":\"SearchAction\",\"target\":{\"@type\":\"EntryPoint\",\"urlTemplate\":\"https:\/\/www.tadano.com\/africa\/fr\/?s={search_term_string}\"},\"query-input\":\"required name=search_term_string\"}],\"inLanguage\":\"fr-FR\"}]}<\/script>\n<!-- \/ Yoast SEO plugin. -->","yoast_head_json":{"title":"Grues City - Africa","robots":{"index":"index","follow":"follow","max-snippet":"max-snippet:-1","max-image-preview":"max-image-preview:large","max-video-preview":"max-video-preview:-1"},"canonical":"https:\/\/www.tadano.com\/africa\/fr\/grues-city\/","og_locale":"fr_FR","og_type":"article","og_title":"Grues City - Africa","og_url":"https:\/\/www.tadano.com\/africa\/fr\/grues-city\/","og_site_name":"Africa","article_modified_time":"2024-11-08T12:22:24+00:00","twitter_card":"summary_large_image","twitter_misc":{"Dur\u00e9e de lecture estim\u00e9e":"1 minute"},"schema":{"@context":"https:\/\/schema.org","@graph":[{"@type":"WebPage","@id":"https:\/\/www.tadano.com\/africa\/fr\/grues-city\/","url":"https:\/\/www.tadano.com\/africa\/fr\/grues-city\/","name":"Grues City - Africa","isPartOf":{"@id":"https:\/\/www.tadano.com\/africa\/fr\/#website"},"datePublished":"2021-04-07T08:59:15+00:00","dateModified":"2024-11-08T12:22:24+00:00","inLanguage":"fr-FR","potentialAction":[{"@type":"ReadAction","target":["https:\/\/www.tadano.com\/africa\/fr\/grues-city\/"]}]},{"@type":"WebSite","@id":"https:\/\/www.tadano.com\/africa\/fr\/#website","url":"https:\/\/www.tadano.com\/africa\/fr\/","name":"Africa","description":"Just another TADANO EUROPE site","potentialAction":[{"@type":"SearchAction","target":{"@type":"EntryPoint","urlTemplate":"https:\/\/www.tadano.com\/africa\/fr\/?s={search_term_string}"},"query-input":"required name=search_term_string"}],"inLanguage":"fr-FR"}]}},"_links":{"self":[{"href":"https:\/\/www.tadano.com\/africa\/fr\/wp-json\/wp\/v2\/pages\/4963"}],"collection":[{"href":"https:\/\/www.tadano.com\/africa\/fr\/wp-json\/wp\/v2\/pages"}],"about":[{"href":"https:\/\/www.tadano.com\/africa\/fr\/wp-json\/wp\/v2\/types\/page"}],"author":[{"embeddable":true,"href":"https:\/\/www.tadano.com\/africa\/fr\/wp-json\/wp\/v2\/users\/1"}],"replies":[{"embeddable":true,"href":"https:\/\/www.tadano.com\/africa\/fr\/wp-json\/wp\/v2\/comments?post=4963"}],"version-history":[{"count":2,"href":"https:\/\/www.tadano.com\/africa\/fr\/wp-json\/wp\/v2\/pages\/4963\/revisions"}],"predecessor-version":[{"id":5658,"href":"https:\/\/www.tadano.com\/africa\/fr\/wp-json\/wp\/v2\/pages\/4963\/revisions\/5658"}],"wp:attachment":[{"href":"https:\/\/www.tadano.com\/africa\/fr\/wp-json\/wp\/v2\/media?parent=4963"}],"curies":[{"name":"wp","href":"https:\/\/api.w.org\/{rel}","templated":true}]}}