{"id":4971,"date":"2021-03-19T08:33:45","date_gmt":"2021-03-19T08:33:45","guid":{"rendered":"https:\/\/www.tadano.com\/africa\/technologie\/"},"modified":"2025-11-20T09:17:58","modified_gmt":"2025-11-20T09:17:58","slug":"technologie","status":"publish","type":"page","link":"https:\/\/www.tadano.com\/africa\/fr\/technologie\/","title":{"rendered":"Technologies"},"content":{"rendered":"\n\n\n<section class=\"hero-section\">\n\n\t\n\t\n\t\n\t<div class=\"img-holder \">\n\t\t\t\t<div class=\"bg-stretch\" style=\"background-position: 50% 50%; \">\n\t\t\t<span data-srcset=\"https:\/\/assets.onetadano.com\/celum_assets\/hero\/Demag+IC-1+Remote+%281%29.jpg, https:\/\/assets.onetadano.com\/celum_assets\/hero-2x\/Demag+IC-1+Remote+%281%29.jpg 2x\"><\/span>\n\t\t<\/div>\n\t\t\t\t\t\t<div class=\"logo green-solutions\" style=\"display:none;\">\n\t\t\t<a href=\"#\"><img decoding=\"async\" src=\"https:\/\/www.tadano.com\/africa\/wp-content\/themes\/tadano\/assets\/dist\/images\/Green-Solutions_Logo_White.svg\"><\/a>\n\t\t<\/div>\n\t<\/div>\n\t<div class=\"container\">\n\t\t<div class=\"text-holder \">\n\t\t\t<div class=\"wrap\">\n\t\t\t\t\n\t\t\t\t<ul class=\"breadcrumbs\"><li><a href=\"https:\/\/www.tadano.com\/africa\/fr\/\">Accueil<\/a><\/li><\/ul>\n\t\t\t\t\n\n<h1 class=\"wp-block-heading\">TechnologIES<\/h1>\n\n\n\n<p>Des technologies de levage aux supports et services intelligents, nous consid\u00e9rons chaque produit comme un moyen de rendre les exp\u00e9riences de levage meilleures, plus efficaces et plus \u00e9conomiques pour votre entreprise.<\/p>\n\n\n\n\t\t\t\t\n\t\t\t<\/div>\n\n\t\t\t\n\t\t\t\n\t\t\t\n\t\t<\/div>\n\t<\/div>\n<\/section>\n\n\n<div class=\"wp-block-group is-style-background-triangle-right has-white-color has-dark-blue-background-color has-text-color has-background is-layout-flow wp-block-group-is-layout-flow\"><div class=\"wp-block-group__inner-container\">\n<div class=\"wp-block-columns is-layout-flex wp-container-core-columns-layout-1 wp-block-columns-is-layout-flex\">\n<div class=\"wp-block-column is-layout-flow wp-block-column-is-layout-flow\" style=\"flex-basis:33.33%\">\n<h2 class=\"wp-block-heading\">PARCOUREZ NOS Technologies<\/h2>\n\n\n\n<p>Les technologies innovantes de Tadano s&rsquo;associent \u00e0 des services et \u00e0 un support intelligents pour rendre chaque exp\u00e9rience de levage efficace et \u00e9conomique pour votre entreprise.<\/p>\n<\/div>\n\n\n\n<div class=\"wp-block-column is-layout-flow wp-block-column-is-layout-flow\" style=\"flex-basis:66.66%\"><div class=\"links-block-wrapper\">\n  <div class=\"container\">\n    <section class=\"links-block\">\n              <div class=\"links-block\">\n                                  <div class=\"link-single  \">\n                              <a href=\"https:\/\/www.tadano.com\/africa\/fr\/technologie\/equipement-de-grue\/\">\n                               \n                                  <strong class='title'>MAT\u00c9RIEL DE GRUE<\/strong>\n                                                  <p>Am\u00e9liorez le positionnement des stabilisateurs, augmentez la flexibilit\u00e9 et la port\u00e9e de votre grue, enlevez plus facilement les contrepoids superflus, r\u00e9duisez les \u00e9missions au minimum et optimisez une capacit\u00e9 et un rendement d\u00e9j\u00e0 remarquables gr\u00e2ce \u00e0 une gamme vari\u00e9e de syst\u00e8mes de commande.<\/p>\n                              <\/a>\n            <\/div>\n                                  <div class=\"link-single  \">\n                              <a href=\"https:\/\/www.tadano.com\/africa\/fr\/technologie\/pilotage-de-grue\/\">\n                               \n                                  <strong class='title'>GESTION DE GRUE<\/strong>\n                                                  <p>Optimisez les capacit\u00e9s de votre grue gr\u00e2ce \u00e0 des outils de gestion qui \u00e9largissent la perspective, augmentent la flexibilit\u00e9, renforcent la stabilit\u00e9, am\u00e9liorent la capacit\u00e9, viennent \u00e0 bout de chantiers particuli\u00e8rement exigeants et parviennent m\u00eame \u00e0 r\u00e9duire les \u00e9missions et les co\u00fbts.<\/p>\n                              <\/a>\n            <\/div>\n                                  <div class=\"link-single  \">\n                              <a href=\"https:\/\/www.tadano.com\/africa\/fr\/technologie\/systemes-de-controle\/\">\n                               \n                                  <strong class='title'>SYST\u00c8MES DE CONTR\u00d4LE<\/strong>\n                                                  <p>Optimisez la polyvalence et la flexibilit\u00e9 de votre grue gr\u00e2ce \u00e0 la d\u00e9finition en direct de sa capacit\u00e9 et de ses limites de levage ; vous disposez en outre d\u2019un vaste choix de configurations asym\u00e9triques des stabilisateurs et d\u2019innovations r\u00e9centes en mati\u00e8re de surveillance des donn\u00e9es et de d\u00e9pannage, pour ne citer que ces quelques fonctionnalit\u00e9s.<\/p>\n                              <\/a>\n            <\/div>\n                                  <div class=\"link-single  \">\n                              <a href=\"https:\/\/www.tadano.com\/africa\/fr\/technologie\/telematique\/\">\n                               \n                                  <strong class='title'>T\u00c9L\u00c9MATIQUE<\/strong>\n                                                  <p>Technologie int\u00e9grant le cloud et la transmission de donn\u00e9es en temps r\u00e9el pour un contr\u00f4le et une communication renforc\u00e9s concernant l\u2019\u00e9tat de fonctionnement, le positionnement, l\u2019entretien, le d\u00e9pannage, etc., pour une plus grande efficacit\u00e9 et des temps d\u2019arr\u00eat r\u00e9duits au minimum.<\/p>\n                              <\/a>\n            <\/div>\n                                  <div class=\"link-single  \">\n                              <a href=\"https:\/\/www.tadano.com\/africa\/fr\/technologie\/technologies-respectueuses-de-lenvironnement-et-du-climat\/\">\n                               \n                                  <strong class='title'>Technologies respectueuses de l\u2019environnement et du climat<\/strong>\n                                                  <p>Des carburants alternatifs, un fonctionnement \u00e9lectrohydraulique sans \u00e9mission, une vitesse moteur optimis\u00e9e et la fonction start-stop r\u00e9duisent ensemble la consommation de carburant, les \u00e9missions, le bruit et les temps de ralenti, pour une exploitation plus propre et efficace.<\/p>\n                              <\/a>\n            <\/div>\n                  <\/div>\n                    \n    <\/section>\n  <\/div>\n<\/div><\/div>\n<\/div>\n<\/div><\/div>\n\n\n\n    <section class=\"news-section\">\n\n    <div class=\"container\">\n      <div class=\"text-block\">\n        <h2>Actualit\u00e9s<\/h2>\n                        \n                  <a href=\"https:\/\/www.tadano.com\/africa\/fr\/a-propos\/news-list\/\" class=\"link-more\">EXPLORER TOUTES les News<\/a>\n        \n\n                <div class=\"controls\">\n          <svg width=\"14\" height=\"31\" viewBox=\"0 0 14 31\" fill=\"none\" xmlns=\"http:\/\/www.w3.org\/2000\/svg\">\n           <path d=\"M13 1L1 15.5L13 30\" stroke=\"#fff\"\/>\n          <\/svg>\n          <svg width=\"15\" height=\"31\" viewBox=\"0 0 15 31\" fill=\"none\" xmlns=\"http:\/\/www.w3.org\/2000\/svg\">\n           <path d=\"M1 1L14 15.5L1 30\" stroke=\"#fff\"\/>\n          <\/svg>\n        <\/div>\n        \n\n        \n      <\/div>\n      <div class=\"slick-slider simple-slider\">\n                              <div>\n              <div class=\"news-single\">\n                <a href=\"https:\/\/www.tadano.com\/africa\/fr\/news\/sotrama-recoit-la-premiere-tadano-ac-5-250l-2-en-france\/\">\n                  <strong class=\"title\">Sotrama recoit la premi\u00e8re Tadano AC 5.250L-2 en France<\/strong>\n                  <ul class=\"meta\">\n                    <li>Publication<\/li>\n                    <li><time datetime=\"2020-01-01\">Oct\/17\/2025<\/time><\/li>\n                  <\/ul>\n                <\/a>\n              <\/div>\n            <\/div>\n                      <div>\n              <div class=\"news-single\">\n                <a href=\"https:\/\/www.tadano.com\/africa\/fr\/news\/tadano-finalise-lacquisition-de-lactivite-systemes-de-transport-de-la-societe-ihi-transport-machinery\/\">\n                  <strong class=\"title\">Tadano finalise l\u2019acquisition de l\u2019activit\u00e9 Syst\u00e8mes de transport de la soci\u00e9t\u00e9 IHI Transport Machinery<\/strong>\n                  <ul class=\"meta\">\n                    <li>Publication<\/li>\n                    <li><time datetime=\"2020-01-01\">Juil\/01\/2025<\/time><\/li>\n                  <\/ul>\n                <\/a>\n              <\/div>\n            <\/div>\n                      <div>\n              <div class=\"news-single\">\n                <a href=\"https:\/\/www.tadano.com\/africa\/fr\/news\/tadano-at-bauma-2025\/\">\n                  <strong class=\"title\">Tadano \u00e0 la bauma 2025<\/strong>\n                  <ul class=\"meta\">\n                    <li>Publication<\/li>\n                    <li><time datetime=\"2020-01-01\">Avr\/07\/2025<\/time><\/li>\n                  <\/ul>\n                <\/a>\n              <\/div>\n            <\/div>\n                      <div>\n              <div class=\"news-single\">\n                <a href=\"https:\/\/www.tadano.com\/africa\/fr\/news\/pm-oil-steel-et-valla-a-la-bauma-2025\/\">\n                  <strong class=\"title\">PM, Oil &amp; Steel et Valla \u00e0 la bauma 2025<\/strong>\n                  <ul class=\"meta\">\n                    <li>Publication<\/li>\n                    <li><time datetime=\"2020-01-01\">Avr\/07\/2025<\/time><\/li>\n                  <\/ul>\n                <\/a>\n              <\/div>\n            <\/div>\n                      <div>\n              <div class=\"news-single\">\n                <a href=\"https:\/\/www.tadano.com\/africa\/fr\/news\/the-new-cc-78-1250-1\/\">\n                  <strong class=\"title\">La nouvelle Tadano CC 78.1250-1<\/strong>\n                  <ul class=\"meta\">\n                    <li>Publication<\/li>\n                    <li><time datetime=\"2020-01-01\">Avr\/03\/2025<\/time><\/li>\n                  <\/ul>\n                <\/a>\n              <\/div>\n            <\/div>\n                      <div>\n              <div class=\"news-single\">\n                <a href=\"https:\/\/www.tadano.com\/africa\/fr\/news\/la-nouvelle-tadano-ac-5-250l-2\/\">\n                  <strong class=\"title\">La nouvelle Tadano AC 5.250L-2<\/strong>\n                  <ul class=\"meta\">\n                    <li>Publication<\/li>\n                    <li><time datetime=\"2020-01-01\">F\u00e9v\/17\/2025<\/time><\/li>\n                  <\/ul>\n                <\/a>\n              <\/div>\n            <\/div>\n                      <div>\n              <div class=\"news-single\">\n                <a href=\"https:\/\/www.tadano.com\/africa\/fr\/news\/foselev-utilise-une-tadano-ac-7-450-1-pour-installer-un-systeme-de-ventilation\/\">\n                  <strong class=\"title\">Foselev utilise une Tadano AC 7.450-1 pour installer un syst\u00e8me de ventilation<\/strong>\n                  <ul class=\"meta\">\n                    <li>Publication<\/li>\n                    <li><time datetime=\"2020-01-01\">D\u00e9c\/20\/2024<\/time><\/li>\n                  <\/ul>\n                <\/a>\n              <\/div>\n            <\/div>\n                      <div>\n              <div class=\"news-single\">\n                <a href=\"https:\/\/www.tadano.com\/africa\/fr\/news\/la-nouvelle-tadano-ac-5-250-2-seduit-par-ses-solutions-innovantes\/\">\n                  <strong class=\"title\">La nouvelle Tadano AC 5.250-2 s\u00e9duit par ses solutions innovantes<\/strong>\n                  <ul class=\"meta\">\n                    <li>Publication<\/li>\n                    <li><time datetime=\"2020-01-01\">Juil\/22\/2024<\/time><\/li>\n                  <\/ul>\n                <\/a>\n              <\/div>\n            <\/div>\n                        <\/div>\n    <\/div>\n  <\/section>\n  \n\n\n<p><\/p>\n","protected":false},"excerpt":{"rendered":"<p>PARCOUREZ NOS Technologies Les technologies innovantes de Tadano s&rsquo;associent \u00e0 des services et \u00e0 un support intelligents pour rendre chaque exp\u00e9rience de levage efficace et \u00e9conomique pour votre entreprise.<\/p>\n","protected":false},"author":1,"featured_media":0,"parent":0,"menu_order":0,"comment_status":"closed","ping_status":"closed","template":"","meta":{"_acf_changed":false,"footnotes":""},"acf":[],"yoast_head":"<!-- This site is optimized with the Yoast SEO plugin v22.3 - https:\/\/yoast.com\/wordpress\/plugins\/seo\/ -->\n<title>Technologies - Africa<\/title>\n<meta name=\"robots\" content=\"index, follow, max-snippet:-1, max-image-preview:large, max-video-preview:-1\" \/>\n<link rel=\"canonical\" href=\"https:\/\/www.tadano.com\/africa\/fr\/technologie\/\" \/>\n<meta property=\"og:locale\" content=\"fr_FR\" \/>\n<meta property=\"og:type\" content=\"article\" \/>\n<meta property=\"og:title\" content=\"Technologies - Africa\" \/>\n<meta property=\"og:description\" content=\"PARCOUREZ NOS Technologies Les technologies innovantes de Tadano s&rsquo;associent \u00e0 des services et \u00e0 un support intelligents pour rendre chaque exp\u00e9rience de levage efficace et \u00e9conomique pour votre entreprise.\" \/>\n<meta property=\"og:url\" content=\"https:\/\/www.tadano.com\/africa\/fr\/technologie\/\" \/>\n<meta property=\"og:site_name\" content=\"Africa\" \/>\n<meta property=\"article:modified_time\" content=\"2025-11-20T09:17:58+00:00\" \/>\n<meta name=\"twitter:card\" content=\"summary_large_image\" \/>\n<meta name=\"twitter:label1\" content=\"Dur\u00e9e de lecture estim\u00e9e\" \/>\n\t<meta name=\"twitter:data1\" content=\"1 minute\" \/>\n<script type=\"application\/ld+json\" class=\"yoast-schema-graph\">{\"@context\":\"https:\/\/schema.org\",\"@graph\":[{\"@type\":\"WebPage\",\"@id\":\"https:\/\/www.tadano.com\/africa\/fr\/technologie\/\",\"url\":\"https:\/\/www.tadano.com\/africa\/fr\/technologie\/\",\"name\":\"Technologies - Africa\",\"isPartOf\":{\"@id\":\"https:\/\/www.tadano.com\/africa\/fr\/#website\"},\"datePublished\":\"2021-03-19T08:33:45+00:00\",\"dateModified\":\"2025-11-20T09:17:58+00:00\",\"inLanguage\":\"fr-FR\",\"potentialAction\":[{\"@type\":\"ReadAction\",\"target\":[\"https:\/\/www.tadano.com\/africa\/fr\/technologie\/\"]}]},{\"@type\":\"WebSite\",\"@id\":\"https:\/\/www.tadano.com\/africa\/fr\/#website\",\"url\":\"https:\/\/www.tadano.com\/africa\/fr\/\",\"name\":\"Africa\",\"description\":\"Just another TADANO EUROPE site\",\"potentialAction\":[{\"@type\":\"SearchAction\",\"target\":{\"@type\":\"EntryPoint\",\"urlTemplate\":\"https:\/\/www.tadano.com\/africa\/fr\/?s={search_term_string}\"},\"query-input\":\"required name=search_term_string\"}],\"inLanguage\":\"fr-FR\"}]}<\/script>\n<!-- \/ Yoast SEO plugin. -->","yoast_head_json":{"title":"Technologies - Africa","robots":{"index":"index","follow":"follow","max-snippet":"max-snippet:-1","max-image-preview":"max-image-preview:large","max-video-preview":"max-video-preview:-1"},"canonical":"https:\/\/www.tadano.com\/africa\/fr\/technologie\/","og_locale":"fr_FR","og_type":"article","og_title":"Technologies - Africa","og_description":"PARCOUREZ NOS Technologies Les technologies innovantes de Tadano s&rsquo;associent \u00e0 des services et \u00e0 un support intelligents pour rendre chaque exp\u00e9rience de levage efficace et \u00e9conomique pour votre entreprise.","og_url":"https:\/\/www.tadano.com\/africa\/fr\/technologie\/","og_site_name":"Africa","article_modified_time":"2025-11-20T09:17:58+00:00","twitter_card":"summary_large_image","twitter_misc":{"Dur\u00e9e de lecture estim\u00e9e":"1 minute"},"schema":{"@context":"https:\/\/schema.org","@graph":[{"@type":"WebPage","@id":"https:\/\/www.tadano.com\/africa\/fr\/technologie\/","url":"https:\/\/www.tadano.com\/africa\/fr\/technologie\/","name":"Technologies - Africa","isPartOf":{"@id":"https:\/\/www.tadano.com\/africa\/fr\/#website"},"datePublished":"2021-03-19T08:33:45+00:00","dateModified":"2025-11-20T09:17:58+00:00","inLanguage":"fr-FR","potentialAction":[{"@type":"ReadAction","target":["https:\/\/www.tadano.com\/africa\/fr\/technologie\/"]}]},{"@type":"WebSite","@id":"https:\/\/www.tadano.com\/africa\/fr\/#website","url":"https:\/\/www.tadano.com\/africa\/fr\/","name":"Africa","description":"Just another TADANO EUROPE site","potentialAction":[{"@type":"SearchAction","target":{"@type":"EntryPoint","urlTemplate":"https:\/\/www.tadano.com\/africa\/fr\/?s={search_term_string}"},"query-input":"required name=search_term_string"}],"inLanguage":"fr-FR"}]}},"_links":{"self":[{"href":"https:\/\/www.tadano.com\/africa\/fr\/wp-json\/wp\/v2\/pages\/4971"}],"collection":[{"href":"https:\/\/www.tadano.com\/africa\/fr\/wp-json\/wp\/v2\/pages"}],"about":[{"href":"https:\/\/www.tadano.com\/africa\/fr\/wp-json\/wp\/v2\/types\/page"}],"author":[{"embeddable":true,"href":"https:\/\/www.tadano.com\/africa\/fr\/wp-json\/wp\/v2\/users\/1"}],"replies":[{"embeddable":true,"href":"https:\/\/www.tadano.com\/africa\/fr\/wp-json\/wp\/v2\/comments?post=4971"}],"version-history":[{"count":4,"href":"https:\/\/www.tadano.com\/africa\/fr\/wp-json\/wp\/v2\/pages\/4971\/revisions"}],"predecessor-version":[{"id":5924,"href":"https:\/\/www.tadano.com\/africa\/fr\/wp-json\/wp\/v2\/pages\/4971\/revisions\/5924"}],"wp:attachment":[{"href":"https:\/\/www.tadano.com\/africa\/fr\/wp-json\/wp\/v2\/media?parent=4971"}],"curies":[{"name":"wp","href":"https:\/\/api.w.org\/{rel}","templated":true}]}}