{"id":4972,"date":"2021-07-02T07:12:51","date_gmt":"2021-07-02T07:12:51","guid":{"rendered":"https:\/\/www.tadano.com\/africa\/technologie\/materiel-de-grue\/"},"modified":"2024-06-06T12:47:18","modified_gmt":"2024-06-06T12:47:18","slug":"equipement-de-grue","status":"publish","type":"page","link":"https:\/\/www.tadano.com\/africa\/fr\/technologie\/equipement-de-grue\/","title":{"rendered":"\u00c9quipement de grue"},"content":{"rendered":"\n\n\n<section class=\"hero-section\">\n\n\t\n\t\n\t\n\t<div class=\"img-holder \">\n\t\t\t\t<div class=\"bg-stretch\" style=\"background-position: 50% 100%; \">\n\t\t\t<span data-srcset=\"https:\/\/assets.onetadano.com\/celum_assets\/hero\/Superlift_3800_Hofmann_Boombooster_Flexframe_6_bea.jpg, https:\/\/assets.onetadano.com\/celum_assets\/hero-2x\/Superlift_3800_Hofmann_Boombooster_Flexframe_6_bea.jpg 2x\"><\/span>\n\t\t<\/div>\n\t\t\t\t\t\t<div class=\"logo green-solutions\" style=\"display:none;\">\n\t\t\t<a href=\"#\"><img decoding=\"async\" src=\"https:\/\/www.tadano.com\/africa\/wp-content\/themes\/tadano\/assets\/dist\/images\/Green-Solutions_Logo_White.svg\"><\/a>\n\t\t<\/div>\n\t<\/div>\n\t<div class=\"container\">\n\t\t<div class=\"text-holder \">\n\t\t\t<div class=\"wrap\">\n\t\t\t\t\n\t\t\t\t<ul class=\"breadcrumbs\"><li><a href=\"https:\/\/www.tadano.com\/africa\/fr\/\">Accueil<\/a><\/li><\/ul>\n\t\t\t\t\n\n<h1 class=\"wp-block-heading\">\u00c9quipement de grue<\/h1>\n\n\n\n<p>Am\u00e9liorez le positionnement des stabilisateurs, ajoutez de la flexibilit\u00e9 et de la port\u00e9e, d\u00e9couplez plus facilement les contrepoids inutiles, minimisez les \u00e9missions et augmentez la capacit\u00e9 et l&rsquo;efficacit\u00e9 d\u00e9j\u00e0 impressionnantes avec une vari\u00e9t\u00e9 de syst\u00e8mes de contr\u00f4le.<\/p>\n\n\n\n\t\t\t\t\n\t\t\t<\/div>\n\n\t\t\t\n\t\t\t\n\t\t\t\n\t\t<\/div>\n\t<\/div>\n<\/section>\n\n\n<div class=\"wp-block-group is-style-background-triangle-right has-white-color has-dark-blue-background-color has-text-color has-background is-layout-flow wp-block-group-is-layout-flow\"><div class=\"wp-block-group__inner-container\">\n<div class=\"wp-block-columns is-layout-flex wp-container-core-columns-layout-1 wp-block-columns-is-layout-flex\">\n<div class=\"wp-block-column is-layout-flow wp-block-column-is-layout-flow\" style=\"flex-basis:33.33%\">\n<h2 class=\"wp-block-heading\">PARCOUREZ NOS Technologies<\/h2>\n\n\n\n<p>Syst\u00e8mes et accessoires con\u00e7us pour accro\u00eetre la flexibilit\u00e9 et la capacit\u00e9 d\u00e9j\u00e0 impressionnantes qui caract\u00e9risent les grues Tadano.<\/p>\n<\/div>\n\n\n\n<div class=\"wp-block-column is-layout-flow wp-block-column-is-layout-flow\" style=\"flex-basis:66.66%\">\n\n<div class=\"links-block-wrapper\">\n  <div class=\"container\">\n    <section class=\"links-block\">\n\n\n              <div class=\"links-block\">\n                      \n\n            <div class=\"link-single\">\n                              <a href=\"https:\/\/www.tadano.com\/africa\/fr\/technologies\/e-pack\/\">\n                                                      <strong class='title'>e-PACK<\/strong>\n                                                        <p>Syst\u00e8me \u00e9lectrohydraulique avec z\u00e9ro \u00e9mission lors du fonctionnement de la grue. Parfait pour les zones urbaines, la nuit ou pour les op\u00e9rations en int\u00e9rieur.<\/p>\n                                  <\/a>\n              <\/div>\n\n                          \n\n            <div class=\"link-single\">\n                              <a href=\"https:\/\/www.tadano.com\/africa\/fr\/technologies\/flex-frame\/\">\n                                                      <strong class='title'>Flex Frame<\/strong>\n                                                        <p>Rempla\u00e7ant le v\u00e9rin t\u00e9lescopique, le syst\u00e8me \u00ab\u00a0Flex Frame\u00a0\u00bb permet de r\u00e9gler facilement le rayon du contrepoids du superlift, r\u00e9duisant ainsi le r\u00e9-empilage du contrepoids et le temps de montage.<\/p>\n                                  <\/a>\n              <\/div>\n\n                          \n\n            <div class=\"link-single\">\n                              <a href=\"https:\/\/www.tadano.com\/africa\/fr\/technologies\/htoj\/\">\n                                                      <strong class='title'>HTOJ<\/strong>\n                                                        <p>Utilisez cette fl\u00e8che enti\u00e8rement hydraulique, t\u00e9lescopique et inclinable, pour soulever facilement des charges au-del\u00e0 des bords et dans des structures \u00e0 hauteur limit\u00e9e.<\/p>\n                                  <\/a>\n              <\/div>\n\n                          \n\n            <div class=\"link-single\">\n                              <a href=\"https:\/\/www.tadano.com\/africa\/fr\/technologies\/cc-boom-boosters\/\">\n                                                      <strong class='title'>Kits Boom Booster<\/strong>\n                                                        <p>Augmentez la capacit\u00e9 de levage de vos CC 38.650-1, CC 68.1250-1 et CC 88.1600-1 jusqu&rsquo;\u00e0 90 % pour les levages lourds avec des configurations de fl\u00e8ches longues. Disponible avec les grues neuves ou en r\u00e9trofit.<\/p>\n                                  <\/a>\n              <\/div>\n\n                          \n\n            <div class=\"link-single\">\n                              <a href=\"https:\/\/www.tadano.com\/africa\/fr\/technologies\/split-tray\/\">\n                                                      <strong class='title'>Split Tray<\/strong>\n                                                        <p>Am\u00e9liorez l&rsquo;efficacit\u00e9 gr\u00e2ce au d\u00e9couplage facile des contrepoids inutiles, ce qui permet d&rsquo;\u00e9conomiser du temps de montage et de personnel et d&rsquo;\u00e9liminer la n\u00e9cessit\u00e9 d&rsquo;une grue auxiliaire.<\/p>\n                                  <\/a>\n              <\/div>\n\n                        <\/div>\n          \n        \n      <\/section>\n    <\/div>\n  <\/div><\/div>\n<\/div>\n<\/div><\/div>\n\n\n\n    <section class=\"news-section\">\n\n    <div class=\"container\">\n      <div class=\"text-block\">\n        <h2>Actualit\u00e9s<\/h2>\n                        \n                  <a href=\"https:\/\/www.tadano.com\/africa\/fr\/a-propos\/news-list\/\" class=\"link-more\">EXPLORER TOUTES les News<\/a>\n        \n\n                <div class=\"controls\">\n          <svg width=\"14\" height=\"31\" viewBox=\"0 0 14 31\" fill=\"none\" xmlns=\"http:\/\/www.w3.org\/2000\/svg\">\n           <path d=\"M13 1L1 15.5L13 30\" stroke=\"#fff\"\/>\n          <\/svg>\n          <svg width=\"15\" height=\"31\" viewBox=\"0 0 15 31\" fill=\"none\" xmlns=\"http:\/\/www.w3.org\/2000\/svg\">\n           <path d=\"M1 1L14 15.5L1 30\" stroke=\"#fff\"\/>\n          <\/svg>\n        <\/div>\n        \n\n        \n      <\/div>\n      <div class=\"slick-slider simple-slider\">\n                              <div>\n              <div class=\"news-single\">\n                <a href=\"https:\/\/www.tadano.com\/africa\/fr\/news\/sotrama-recoit-la-premiere-tadano-ac-5-250l-2-en-france\/\">\n                  <strong class=\"title\">Sotrama recoit la premi\u00e8re Tadano AC 5.250L-2 en France<\/strong>\n                  <ul class=\"meta\">\n                    <li>Publication<\/li>\n                    <li><time datetime=\"2020-01-01\">Oct\/17\/2025<\/time><\/li>\n                  <\/ul>\n                <\/a>\n              <\/div>\n            <\/div>\n                      <div>\n              <div class=\"news-single\">\n                <a href=\"https:\/\/www.tadano.com\/africa\/fr\/news\/tadano-finalise-lacquisition-de-lactivite-systemes-de-transport-de-la-societe-ihi-transport-machinery\/\">\n                  <strong class=\"title\">Tadano finalise l\u2019acquisition de l\u2019activit\u00e9 Syst\u00e8mes de transport de la soci\u00e9t\u00e9 IHI Transport Machinery<\/strong>\n                  <ul class=\"meta\">\n                    <li>Publication<\/li>\n                    <li><time datetime=\"2020-01-01\">Juil\/01\/2025<\/time><\/li>\n                  <\/ul>\n                <\/a>\n              <\/div>\n            <\/div>\n                      <div>\n              <div class=\"news-single\">\n                <a href=\"https:\/\/www.tadano.com\/africa\/fr\/news\/tadano-at-bauma-2025\/\">\n                  <strong class=\"title\">Tadano \u00e0 la bauma 2025<\/strong>\n                  <ul class=\"meta\">\n                    <li>Publication<\/li>\n                    <li><time datetime=\"2020-01-01\">Avr\/07\/2025<\/time><\/li>\n                  <\/ul>\n                <\/a>\n              <\/div>\n            <\/div>\n                      <div>\n              <div class=\"news-single\">\n                <a href=\"https:\/\/www.tadano.com\/africa\/fr\/news\/pm-oil-steel-et-valla-a-la-bauma-2025\/\">\n                  <strong class=\"title\">PM, Oil &amp; Steel et Valla \u00e0 la bauma 2025<\/strong>\n                  <ul class=\"meta\">\n                    <li>Publication<\/li>\n                    <li><time datetime=\"2020-01-01\">Avr\/07\/2025<\/time><\/li>\n                  <\/ul>\n                <\/a>\n              <\/div>\n            <\/div>\n                      <div>\n              <div class=\"news-single\">\n                <a href=\"https:\/\/www.tadano.com\/africa\/fr\/news\/the-new-cc-78-1250-1\/\">\n                  <strong class=\"title\">La nouvelle Tadano CC 78.1250-1<\/strong>\n                  <ul class=\"meta\">\n                    <li>Publication<\/li>\n                    <li><time datetime=\"2020-01-01\">Avr\/03\/2025<\/time><\/li>\n                  <\/ul>\n                <\/a>\n              <\/div>\n            <\/div>\n                      <div>\n              <div class=\"news-single\">\n                <a href=\"https:\/\/www.tadano.com\/africa\/fr\/news\/la-nouvelle-tadano-ac-5-250l-2\/\">\n                  <strong class=\"title\">La nouvelle Tadano AC 5.250L-2<\/strong>\n                  <ul class=\"meta\">\n                    <li>Publication<\/li>\n                    <li><time datetime=\"2020-01-01\">F\u00e9v\/17\/2025<\/time><\/li>\n                  <\/ul>\n                <\/a>\n              <\/div>\n            <\/div>\n                      <div>\n              <div class=\"news-single\">\n                <a href=\"https:\/\/www.tadano.com\/africa\/fr\/news\/foselev-utilise-une-tadano-ac-7-450-1-pour-installer-un-systeme-de-ventilation\/\">\n                  <strong class=\"title\">Foselev utilise une Tadano AC 7.450-1 pour installer un syst\u00e8me de ventilation<\/strong>\n                  <ul class=\"meta\">\n                    <li>Publication<\/li>\n                    <li><time datetime=\"2020-01-01\">D\u00e9c\/20\/2024<\/time><\/li>\n                  <\/ul>\n                <\/a>\n              <\/div>\n            <\/div>\n                      <div>\n              <div class=\"news-single\">\n                <a href=\"https:\/\/www.tadano.com\/africa\/fr\/news\/la-nouvelle-tadano-ac-5-250-2-seduit-par-ses-solutions-innovantes\/\">\n                  <strong class=\"title\">La nouvelle Tadano AC 5.250-2 s\u00e9duit par ses solutions innovantes<\/strong>\n                  <ul class=\"meta\">\n                    <li>Publication<\/li>\n                    <li><time datetime=\"2020-01-01\">Juil\/22\/2024<\/time><\/li>\n                  <\/ul>\n                <\/a>\n              <\/div>\n            <\/div>\n                        <\/div>\n    <\/div>\n  <\/section>\n  \n\n\n<p><\/p>\n","protected":false},"excerpt":{"rendered":"<p>PARCOUREZ NOS Technologies Syst\u00e8mes et accessoires con\u00e7us pour accro\u00eetre la flexibilit\u00e9 et la capacit\u00e9 d\u00e9j\u00e0 impressionnantes qui caract\u00e9risent les grues Tadano.<\/p>\n","protected":false},"author":1,"featured_media":0,"parent":4971,"menu_order":0,"comment_status":"closed","ping_status":"closed","template":"","meta":{"_acf_changed":false,"footnotes":""},"acf":[],"yoast_head":"<!-- This site is optimized with the Yoast SEO plugin v22.3 - https:\/\/yoast.com\/wordpress\/plugins\/seo\/ -->\n<title>\u00c9quipement de grue - Africa<\/title>\n<meta name=\"robots\" content=\"index, follow, max-snippet:-1, max-image-preview:large, max-video-preview:-1\" \/>\n<link rel=\"canonical\" href=\"https:\/\/www.tadano.com\/africa\/fr\/technologie\/equipement-de-grue\/\" \/>\n<meta property=\"og:locale\" content=\"fr_FR\" \/>\n<meta property=\"og:type\" content=\"article\" \/>\n<meta property=\"og:title\" content=\"\u00c9quipement de grue - Africa\" \/>\n<meta property=\"og:description\" content=\"PARCOUREZ NOS Technologies Syst\u00e8mes et accessoires con\u00e7us pour accro\u00eetre la flexibilit\u00e9 et la capacit\u00e9 d\u00e9j\u00e0 impressionnantes qui caract\u00e9risent les grues Tadano.\" \/>\n<meta property=\"og:url\" content=\"https:\/\/www.tadano.com\/africa\/fr\/technologie\/equipement-de-grue\/\" \/>\n<meta property=\"og:site_name\" content=\"Africa\" \/>\n<meta property=\"article:modified_time\" content=\"2024-06-06T12:47:18+00:00\" \/>\n<meta name=\"twitter:card\" content=\"summary_large_image\" \/>\n<meta name=\"twitter:label1\" content=\"Dur\u00e9e de lecture estim\u00e9e\" \/>\n\t<meta name=\"twitter:data1\" content=\"1 minute\" \/>\n<script type=\"application\/ld+json\" class=\"yoast-schema-graph\">{\"@context\":\"https:\/\/schema.org\",\"@graph\":[{\"@type\":\"WebPage\",\"@id\":\"https:\/\/www.tadano.com\/africa\/fr\/technologie\/equipement-de-grue\/\",\"url\":\"https:\/\/www.tadano.com\/africa\/fr\/technologie\/equipement-de-grue\/\",\"name\":\"\u00c9quipement de grue - Africa\",\"isPartOf\":{\"@id\":\"https:\/\/www.tadano.com\/africa\/fr\/#website\"},\"datePublished\":\"2021-07-02T07:12:51+00:00\",\"dateModified\":\"2024-06-06T12:47:18+00:00\",\"inLanguage\":\"fr-FR\",\"potentialAction\":[{\"@type\":\"ReadAction\",\"target\":[\"https:\/\/www.tadano.com\/africa\/fr\/technologie\/equipement-de-grue\/\"]}]},{\"@type\":\"WebSite\",\"@id\":\"https:\/\/www.tadano.com\/africa\/fr\/#website\",\"url\":\"https:\/\/www.tadano.com\/africa\/fr\/\",\"name\":\"Africa\",\"description\":\"Just another TADANO EUROPE site\",\"potentialAction\":[{\"@type\":\"SearchAction\",\"target\":{\"@type\":\"EntryPoint\",\"urlTemplate\":\"https:\/\/www.tadano.com\/africa\/fr\/?s={search_term_string}\"},\"query-input\":\"required name=search_term_string\"}],\"inLanguage\":\"fr-FR\"}]}<\/script>\n<!-- \/ Yoast SEO plugin. -->","yoast_head_json":{"title":"\u00c9quipement de grue - Africa","robots":{"index":"index","follow":"follow","max-snippet":"max-snippet:-1","max-image-preview":"max-image-preview:large","max-video-preview":"max-video-preview:-1"},"canonical":"https:\/\/www.tadano.com\/africa\/fr\/technologie\/equipement-de-grue\/","og_locale":"fr_FR","og_type":"article","og_title":"\u00c9quipement de grue - Africa","og_description":"PARCOUREZ NOS Technologies Syst\u00e8mes et accessoires con\u00e7us pour accro\u00eetre la flexibilit\u00e9 et la capacit\u00e9 d\u00e9j\u00e0 impressionnantes qui caract\u00e9risent les grues Tadano.","og_url":"https:\/\/www.tadano.com\/africa\/fr\/technologie\/equipement-de-grue\/","og_site_name":"Africa","article_modified_time":"2024-06-06T12:47:18+00:00","twitter_card":"summary_large_image","twitter_misc":{"Dur\u00e9e de lecture estim\u00e9e":"1 minute"},"schema":{"@context":"https:\/\/schema.org","@graph":[{"@type":"WebPage","@id":"https:\/\/www.tadano.com\/africa\/fr\/technologie\/equipement-de-grue\/","url":"https:\/\/www.tadano.com\/africa\/fr\/technologie\/equipement-de-grue\/","name":"\u00c9quipement de grue - Africa","isPartOf":{"@id":"https:\/\/www.tadano.com\/africa\/fr\/#website"},"datePublished":"2021-07-02T07:12:51+00:00","dateModified":"2024-06-06T12:47:18+00:00","inLanguage":"fr-FR","potentialAction":[{"@type":"ReadAction","target":["https:\/\/www.tadano.com\/africa\/fr\/technologie\/equipement-de-grue\/"]}]},{"@type":"WebSite","@id":"https:\/\/www.tadano.com\/africa\/fr\/#website","url":"https:\/\/www.tadano.com\/africa\/fr\/","name":"Africa","description":"Just another TADANO EUROPE site","potentialAction":[{"@type":"SearchAction","target":{"@type":"EntryPoint","urlTemplate":"https:\/\/www.tadano.com\/africa\/fr\/?s={search_term_string}"},"query-input":"required name=search_term_string"}],"inLanguage":"fr-FR"}]}},"_links":{"self":[{"href":"https:\/\/www.tadano.com\/africa\/fr\/wp-json\/wp\/v2\/pages\/4972"}],"collection":[{"href":"https:\/\/www.tadano.com\/africa\/fr\/wp-json\/wp\/v2\/pages"}],"about":[{"href":"https:\/\/www.tadano.com\/africa\/fr\/wp-json\/wp\/v2\/types\/page"}],"author":[{"embeddable":true,"href":"https:\/\/www.tadano.com\/africa\/fr\/wp-json\/wp\/v2\/users\/1"}],"replies":[{"embeddable":true,"href":"https:\/\/www.tadano.com\/africa\/fr\/wp-json\/wp\/v2\/comments?post=4972"}],"version-history":[{"count":4,"href":"https:\/\/www.tadano.com\/africa\/fr\/wp-json\/wp\/v2\/pages\/4972\/revisions"}],"predecessor-version":[{"id":5519,"href":"https:\/\/www.tadano.com\/africa\/fr\/wp-json\/wp\/v2\/pages\/4972\/revisions\/5519"}],"up":[{"embeddable":true,"href":"https:\/\/www.tadano.com\/africa\/fr\/wp-json\/wp\/v2\/pages\/4971"}],"wp:attachment":[{"href":"https:\/\/www.tadano.com\/africa\/fr\/wp-json\/wp\/v2\/media?parent=4972"}],"curies":[{"name":"wp","href":"https:\/\/api.w.org\/{rel}","templated":true}]}}