{"id":5020,"date":"2021-04-26T07:56:52","date_gmt":"2021-04-26T07:56:52","guid":{"rendered":"https:\/\/www.tadano.com\/africa\/a-propos\/contactez-nous\/"},"modified":"2026-03-10T16:11:52","modified_gmt":"2026-03-10T16:11:52","slug":"contactez-nous","status":"publish","type":"page","link":"https:\/\/www.tadano.com\/africa\/fr\/a-propos\/contactez-nous\/","title":{"rendered":"Contactez-nous"},"content":{"rendered":"\n\n\n<section class=\"hero-section\">\n\n\t\n\t\n\t\n\t<div class=\"img-holder \">\n\t\t\t\t<div class=\"bg-stretch\" style=\"background-position: 50% 50%; \">\n\t\t\t<span data-srcset=\"https:\/\/assets.onetadano.com\/celum_assets\/hero\/DEMAG-Karriere_Feb2020-20.jpg, https:\/\/assets.onetadano.com\/celum_assets\/hero-2x\/DEMAG-Karriere_Feb2020-20.jpg 2x\"><\/span>\n\t\t<\/div>\n\t\t\t\t\t\t<div class=\"logo green-solutions\" style=\"display:none;\">\n\t\t\t<a href=\"#\"><img decoding=\"async\" src=\"https:\/\/www.tadano.com\/africa\/wp-content\/themes\/tadano\/assets\/dist\/images\/Green-Solutions_Logo_White.svg\"><\/a>\n\t\t<\/div>\n\t<\/div>\n\t<div class=\"container\">\n\t\t<div class=\"text-holder \">\n\t\t\t<div class=\"wrap\">\n\t\t\t\t\n\t\t\t\t<ul class=\"breadcrumbs\"><li><a href=\"https:\/\/www.tadano.com\/africa\/fr\/\">Accueil<\/a><\/li><\/ul>\n\t\t\t\t\n\n<h1 class=\"wp-block-heading\">ContactEZ-NOUS<\/h1>\n\n\n\n<p>Le ressenti des clients est crucial pour nous chez Tadano. Vos commentaires, questions et suggestions sont toujours les bienvenus.<\/p>\n\n\n\n<div class=\"wp-block-buttons is-layout-flex wp-block-buttons-is-layout-flex\">\n\n\n<div class=\"wp-block-button is-style-icon-mail\"><a class=\"wp-block-button__link wp-element-button\" href=\"mailto:info.europe@tadano.com\">EMail<\/a><\/div>\n<\/div>\n\n\n\n\t\t\t\t\n\t\t\t<\/div>\n\n\t\t\t\n\t\t\t\n\t\t\t\n\t\t<\/div>\n\t<\/div>\n<\/section>\n\n\n\n\n\n\n<section class=\"contact-form-block form-block pardot-mail-form cookieconsent-optin-marketing\" id=\"contact_form\">\n  <div class=\"container\">\n\n   <div class=\"section-heading\">\n    <h2 class=\"form-title\">Contactez-nous<\/h2>\n  <\/div>\n\n\n\n  \n    <script type=\"text\/javascript\">\n      var recaptchaPublicKey = '6LcJ044oAAAAAHa4a1TbHqHq3jD3KyKSubByLS51';\n      const formRequiredMessage = 'Ce champ est obligatoire';\n      var formRecipient = '';\n      var formSubject = 'Contact Form';\n    <\/script>\n\n    <script src=\"https:\/\/www.google.com\/recaptcha\/api.js?render=6LcJ044oAAAAAHa4a1TbHqHq3jD3KyKSubByLS51\"><\/script>\n\n\n          \n      <form class=\"contact-form pardot-and-mail-form\" action=\"#contact-form-container\" method=\"POST\" enctype=\"multipart\/form-data\" id=\"contact-form\" onsubmit=\"dataLayer.push({'event': 'formSubmission'});\">\n        <div class=\"row\">\n          <div class=\"col full-width\">\n            <label for=\"inquirytype\" class=\"hidden\">Type de demande *<\/label>\n            <select id=\"inquirytype\" class=\"contact-form-type-request\" name=\"inquirytype\" required>\n              <option value=\"\">Type de demande *<\/option>\n              <option value='New Equipment Sales' data-submit-mode='configured-pardot'>Vente de mat\u00e9riel neuf<\/option><option value='Used Equipment Sales' data-submit-mode='configured-pardot'>Vente de mat\u00e9riel d&rsquo;occasion<\/option><option value='Trade in Request Used Equipment' data-submit-mode='configured-pardot'>Demande de reprise<\/option><option value='Request Product Data' data-receiver='productdata@tadano.com'>Demander des donn\u00e9es produit<\/option><option value='Other' data-receiver='philippe.bisch@tadano.com'>Autres<\/option>            <\/select>\n          <\/div>\n        <\/div>\n        <div class=\"row\">\n          <div class=\"col\">\n            <label for=\"f-name\" class=\"hidden\">Pr\u00e9nom<\/label>\n            <input type=\"text\" placeholder=\"Pr\u00e9nom\" name=\"firstname\" \/>\n          <\/div>\n          <div class=\"col\">\n            <label for=\"l-name\" class=\"hidden\">Nom de famille<\/label>\n            <input type=\"text\" placeholder=\"Nom de famille *\" name=\"lastname\" required \/>\n          <\/div>\n          <div class=\"col\">\n            <label for=\"company\" class=\"hidden\">Entreprise<\/label>\n            <input type=\"text\" placeholder=\"Entreprise\" name=\"company\" \/>\n          <\/div>\n          <div class=\"col\">\n            <label for=\"role\" class=\"hidden\">Profession *<\/label>\n            <select required name=\"role\">\n                <option value=\"\">Profession *<\/option>\n                <option value=\"Management\">Directeur \/ Propri\u00e9taire<\/option>\n                <option value=\"Service Technician\">Technicien<\/option>\n                <option value=\"Operator\">Op\u00e9rateur<\/option>\n                <option value=\"Press \/ Media \/ Journalist\">Presse \/ Journaliste<\/option>\n                <option value=\"Student\">\u00c9tudiant<\/option>\n                <option value=\"Other\">Autres<\/option>\n            <\/select>\n          <\/div>\n          <div class=\"col\">\n            <label for=\"address\" class=\"hidden\">Num\u00e9ro et rue<\/label>\n            <input type=\"text\" placeholder=\"Num\u00e9ro et rue\" name=\"address\" \/>\n          <\/div>\n          <div class=\"col\">\n            <label for=\"zip\" class=\"hidden\">Code postal<\/label>\n            <input type=\"text\" placeholder=\"Code postal\" name=\"zip\" \/>\n          <\/div>\n          <div class=\"col\">\n            <label for=\"city\" class=\"hidden\">Ville<\/label>\n            <input type=\"text\" placeholder=\"Ville\" name=\"city\" \/>\n          <\/div>\n          <div class=\"col\">\n            <label for=\"country\" class=\"hidden\">Pays *<\/label><select required name=\"country\"><option value=\"\">Pays *<\/option><option value=\"Afghanistan\">Afghanistan<\/option>\n<option value=\"South Africa\">Afrique du Sud<\/option>\n<option value=\"Albania\">Albanie<\/option>\n<option value=\"Algeria\">Alg\u00e9rie<\/option>\n<option value=\"Germany\">Allemagne<\/option>\n<option value=\"Andorra\">Andorre<\/option>\n<option value=\"Angola\">Angola<\/option>\n<option value=\"Antigua and Barbuda\">Antigua-et-Barbuda<\/option>\n<option value=\"Saudi Arabia\">Arabie saoudite<\/option>\n<option value=\"Argentina\">Argentine<\/option>\n<option value=\"Armenia\">Arm\u00e9nie<\/option>\n<option value=\"Australia\">Australie<\/option>\n<option value=\"Austria\">Autriche<\/option>\n<option value=\"Azerbaijan\">Azerba\u00efdjan<\/option>\n<option value=\"Bahamas\">Bahamas<\/option>\n<option value=\"Bahrain\">Bahre\u00efn<\/option>\n<option value=\"Bangladesh\">Bangladesh<\/option>\n<option value=\"Barbados\">Barbade<\/option>\n<option value=\"Belgium\">Belgique<\/option>\n<option value=\"Belize\">Belize<\/option>\n<option value=\"Bhutan\">Bhoutan<\/option>\n<option value=\"Myanmar\">Birmanie<\/option>\n<option value=\"Belarus\">Bi\u00e9lorussie<\/option>\n<option value=\"Bolivia (Plurinational State of)\">Bolivie<\/option>\n<option value=\"Bosnia and Herzegovina\">Bosnie-Herz\u00e9govine<\/option>\n<option value=\"Botswana\">Botswana<\/option>\n<option value=\"Brunei Darussalam\">Brunei<\/option>\n<option value=\"Brazil\">Br\u00e9sil<\/option>\n<option value=\"Bulgaria\">Bulgarie<\/option>\n<option value=\"Burkina Faso\">Burkina Faso<\/option>\n<option value=\"Burundi\">Burundi<\/option>\n<option value=\"Benin\">B\u00e9nin<\/option>\n<option value=\"Cambodia\">Cambodge<\/option>\n<option value=\"Cameroon\">Cameroun<\/option>\n<option value=\"Canada\">Canada<\/option>\n<option value=\"Cabo Verde\">Cap-Vert<\/option>\n<option value=\"Chile\">Chili<\/option>\n<option value=\"China\">Chine<\/option>\n<option value=\"Cyprus\">Chypre (pays)<\/option>\n<option value=\"Colombia\">Colombie<\/option>\n<option value=\"Comoros\">Comores (pays)<\/option>\n<option value=\"Korea, Democratic People&#039;s Republic of\">Cor\u00e9e du Nord<\/option>\n<option value=\"Korea, Republic of\">Cor\u00e9e du Sud<\/option>\n<option value=\"Costa Rica\">Costa Rica<\/option>\n<option value=\"Croatia\">Croatie<\/option>\n<option value=\"Cuba\">Cuba<\/option>\n<option value=\"C\u00f4te d&#039;Ivoire\">C\u00f4te d&#039;Ivoire<\/option>\n<option value=\"Denmark\">Danemark<\/option>\n<option value=\"Djibouti\">Djibouti<\/option>\n<option value=\"Dominica\">Dominique<\/option>\n<option value=\"Spain\">Espagne<\/option>\n<option value=\"Estonia\">Estonie<\/option>\n<option value=\"Eswatini\">Eswatini<\/option>\n<option value=\"Fiji\">Fidji<\/option>\n<option value=\"Finland\">Finlande<\/option>\n<option value=\"France\">France<\/option>\n<option value=\"Gabon\">Gabon<\/option>\n<option value=\"Gambia\">Gambie<\/option>\n<option value=\"Ghana\">Ghana<\/option>\n<option value=\"Grenada\">Grenade (pays)<\/option>\n<option value=\"Greece\">Gr\u00e8ce<\/option>\n<option value=\"Guatemala\">Guatemala<\/option>\n<option value=\"Guinea\">Guin\u00e9e<\/option>\n<option value=\"Equatorial Guinea\">Guin\u00e9e \u00e9quatoriale<\/option>\n<option value=\"Guinea-Bissau\">Guin\u00e9e-Bissau<\/option>\n<option value=\"Guyana\">Guyana<\/option>\n<option value=\"Georgia\">G\u00e9orgie (pays)<\/option>\n<option value=\"Haiti\">Ha\u00efti<\/option>\n<option value=\"Honduras\">Honduras<\/option>\n<option value=\"Hungary\">Hongrie<\/option>\n<option value=\"India\">Inde<\/option>\n<option value=\"Indonesia\">Indon\u00e9sie<\/option>\n<option value=\"Iraq\">Irak<\/option>\n<option value=\"Iran, Islamic Republic of\">Iran<\/option>\n<option value=\"Ireland\">Irlande (pays)<\/option>\n<option value=\"Iceland\">Islande<\/option>\n<option value=\"Israel\">Isra\u00ebl<\/option>\n<option value=\"Italy\">Italie<\/option>\n<option value=\"Jamaica\">Jama\u00efque<\/option>\n<option value=\"Japan\">Japon<\/option>\n<option value=\"Jordan\">Jordanie<\/option>\n<option value=\"Kazakhstan\">Kazakhstan<\/option>\n<option value=\"Kenya\">Kenya<\/option>\n<option value=\"Kyrgyzstan\">Kirghizistan<\/option>\n<option value=\"Kiribati\">Kiribati<\/option>\n<option value=\"Kuwait\">Kowe\u00eft<\/option>\n<option value=\"Lao People&#039;s Democratic Republic\">Laos<\/option>\n<option value=\"Lesotho\">Lesotho<\/option>\n<option value=\"Latvia\">Lettonie<\/option>\n<option value=\"Lebanon\">Liban<\/option>\n<option value=\"Liberia\">Liberia<\/option>\n<option value=\"Libya\">Libye<\/option>\n<option value=\"Liechtenstein\">Liechtenstein<\/option>\n<option value=\"Lithuania\">Lituanie<\/option>\n<option value=\"Luxembourg\">Luxembourg (pays)<\/option>\n<option value=\"North Macedonia\">Mac\u00e9doine du Nord<\/option>\n<option value=\"Madagascar\">Madagascar<\/option>\n<option value=\"Malaysia\">Malaisie<\/option>\n<option value=\"Malawi\">Malawi<\/option>\n<option value=\"Maldives\">Maldives<\/option>\n<option value=\"Mali\">Mali<\/option>\n<option value=\"Malta\">Malte<\/option>\n<option value=\"Morocco\">Maroc<\/option>\n<option value=\"Mauritius\">Maurice (pays)<\/option>\n<option value=\"Mauritania\">Mauritanie<\/option>\n<option value=\"Mexico\">Mexique<\/option>\n<option value=\"Moldova (the Republic of)\">Moldavie<\/option>\n<option value=\"Monaco\">Monaco<\/option>\n<option value=\"Mongolia\">Mongolie<\/option>\n<option value=\"Montenegro\">Mont\u00e9n\u00e9gro<\/option>\n<option value=\"Mozambique\">Mozambique<\/option>\n<option value=\"Namibia\">Namibie<\/option>\n<option value=\"Nauru\">Nauru<\/option>\n<option value=\"Nicaragua\">Nicaragua<\/option>\n<option value=\"Niger\">Niger<\/option>\n<option value=\"Nigeria\">Nigeria<\/option>\n<option value=\"Norway\">Norv\u00e8ge<\/option>\n<option value=\"New Zealand\">Nouvelle-Z\u00e9lande<\/option>\n<option value=\"Nepal\">N\u00e9pal<\/option>\n<option value=\"Oman\">Oman<\/option>\n<option value=\"Uganda\">Ouganda<\/option>\n<option value=\"Uzbekistan\">Ouzb\u00e9kistan<\/option>\n<option value=\"Pakistan\">Pakistan<\/option>\n<option value=\"Palau\">Palaos<\/option>\n<option value=\"Panama\">Panama<\/option>\n<option value=\"Papua New Guinea\">Papouasie-Nouvelle-Guin\u00e9e<\/option>\n<option value=\"Paraguay\">Paraguay<\/option>\n<option value=\"Netherlands\">Pays-Bas<\/option>\n<option value=\"Philippines\">Philippines<\/option>\n<option value=\"Poland\">Pologne<\/option>\n<option value=\"Portugal\">Portugal<\/option>\n<option value=\"Peru\">P\u00e9rou<\/option>\n<option value=\"Qatar\">Qatar<\/option>\n<option value=\"Romania\">Roumanie<\/option>\n<option value=\"United Kingdom\">Royaume-Uni<\/option>\n<option value=\"Russian Federation\">Russie<\/option>\n<option value=\"Rwanda\">Rwanda<\/option>\n<option value=\"Central African Republic\">R\u00e9publique centrafricaine<\/option>\n<option value=\"Dominican Republic\">R\u00e9publique dominicaine<\/option>\n<option value=\"Congo\">R\u00e9publique du Congo<\/option>\n<option value=\"Congo, Democratic Republic of the\">R\u00e9publique d\u00e9mocratique du Congo<\/option>\n<option value=\"Saint Kitts and Nevis\">Saint-Christophe-et-Ni\u00e9v\u00e8s<\/option>\n<option value=\"San Marino\">Saint-Marin<\/option>\n<option value=\"Saint Vincent and the Grenadines\">Saint-Vincent-et-les-Grenadines<\/option>\n<option value=\"Saint Lucia\">Sainte-Lucie<\/option>\n<option value=\"Solomon Islands\">Salomon<\/option>\n<option value=\"El Salvador\">Salvador<\/option>\n<option value=\"Samoa\">Samoa<\/option>\n<option value=\"Sao Tome and Principe\">Sao Tom\u00e9-et-Principe<\/option>\n<option value=\"Serbia &amp; Montenegro\">Serbie<\/option>\n<option value=\"Seychelles\">Seychelles<\/option>\n<option value=\"Sierra Leone\">Sierra Leone<\/option>\n<option value=\"Singapore\">Singapour<\/option>\n<option value=\"Slovakia\">Slovaquie<\/option>\n<option value=\"Slovenia\">Slov\u00e9nie<\/option>\n<option value=\"Somalia\">Somalie<\/option>\n<option value=\"Sudan\">Soudan<\/option>\n<option value=\"South Sudan\">Soudan du Sud<\/option>\n<option value=\"Sri Lanka\">Sri Lanka<\/option>\n<option value=\"Switzerland\">Suisse<\/option>\n<option value=\"Suriname\">Suriname<\/option>\n<option value=\"Sweden\">Su\u00e8de<\/option>\n<option value=\"Syrian Arab Republic\">Syrie<\/option>\n<option value=\"Senegal\">S\u00e9n\u00e9gal<\/option>\n<option value=\"Tajikistan\">Tadjikistan<\/option>\n<option value=\"Tanzania\">Tanzanie<\/option>\n<option value=\"Chad\">Tchad<\/option>\n<option value=\"Czech Republic\">Tch\u00e9quie<\/option>\n<option value=\"Thailand\">Tha\u00eflande<\/option>\n<option value=\"Timor-Leste\">Timor oriental<\/option>\n<option value=\"Togo\">Togo<\/option>\n<option value=\"Tonga\">Tonga<\/option>\n<option value=\"Trinidad and Tobago\">Trinit\u00e9-et-Tobago<\/option>\n<option value=\"Tunisia\">Tunisie<\/option>\n<option value=\"Turkmenistan\">Turkm\u00e9nistan<\/option>\n<option value=\"Turkey\">Turquie<\/option>\n<option value=\"Tuvalu\">Tuvalu<\/option>\n<option value=\"Ukraine\">Ukraine<\/option>\n<option value=\"Uruguay\">Uruguay<\/option>\n<option value=\"Vanuatu\">Vanuatu<\/option>\n<option value=\"Venezuela, Bolivarian Republic of\">Venezuela<\/option>\n<option value=\"Viet Nam\">Vi\u00eat Nam<\/option>\n<option value=\"Yemen\">Y\u00e9men<\/option>\n<option value=\"Zambia\">Zambie<\/option>\n<option value=\"Zimbabwe\">Zimbabwe<\/option>\n<option value=\"Egypt\">\u00c9gypte<\/option>\n<option value=\"United Arab Emirates\">\u00c9mirats arabes unis<\/option>\n<option value=\"Ecuador\">\u00c9quateur (pays)<\/option>\n<option value=\"Eritrea\">\u00c9rythr\u00e9e<\/option>\n<option value=\"Micronesia (Federated States of)\">\u00c9tats f\u00e9d\u00e9r\u00e9s de Micron\u00e9sie (pays)<\/option>\n<option value=\"United States\">\u00c9tats-Unis<\/option>\n<option value=\"Ethiopia\">\u00c9thiopie<\/option>\n<option value=\"Marshall Islands\">\u00celes Marshall (pays)<\/option>\n<\/select>          <\/div>\n          <div class=\"col\">\n            <label for=\"tel\" class=\"hidden\">T\u00e9l\u00e9phone<\/label>\n            <input type=\"tel\" placeholder=\"T\u00e9l\u00e9phone\" name=\"phone\" \/>\n          <\/div>\n          <div class=\"col\">\n            <label for=\"e-address\" class=\"hidden\">Adresse email<\/label>\n            <input type=\"email\" placeholder=\"Adresse email *\" name=\"email\" required \/>\n          <\/div>\n\n          <div class=\"col full-width\" id=\"col-request-for-different-country\" style=\"display: none;\">\n            <label class=\"terms-checkbox\" style=\"padding-bottom: 0;\">\n              <input type=\"checkbox\" name=\"request-for-different-country\" value=\"yes\" title=\"Je fais une demande pour un projet en dehors du pays o\u00f9 mon entreprise est bas\u00e9e.\"\/>\n              <span class=\"fake-input\"><\/span>\n              <span class=\"fake-label\">Je fais une demande pour un projet en dehors du pays o\u00f9 mon entreprise est bas\u00e9e.<\/span>\n            <\/label>\n          <\/div>\n\n          <div class=\"col full-width\" id=\"col-project-country\"  style=\"display: none;\">\n            <label for=\"project-country\" class=\"hidden\">Dans quel pays le projet est-il pr\u00e9vu ?<\/label>\n            <input type=\"text\" placeholder=\"Dans quel pays le projet est-il pr\u00e9vu ?\" name=\"project-country\" \/>\n          <\/div>\n\n                              \n          <div class=\"col full-width\">\n            <label for=\"subject\" class=\"hidden\">Sujet<\/label>\n            <input type=\"text\" placeholder=\"Sujet\" name=\"subject\" \/>\n          <\/div>\n\n          <div class=\"col full-width\" id=\"col-serialnumber\"  style=\"display: none;\">\n            <label for=\"serialnumber\" class=\"hidden\">Num\u00e9ro de s\u00e9rie<\/label>\n            <input type=\"text\" placeholder=\"Num\u00e9ro de s\u00e9rie\" name=\"serialnumber\" \/>\n          <\/div>\n\n          <div class=\"col full-width\">\n            <label for=\"message\" class=\"hidden\">Message<\/label>\n            <textarea placeholder=\"Message *\" name=\"message\" required><\/textarea>\n          <\/div>\n\n          <div class=\"col full-width terms\">\n            <label class=\"terms-checkbox\">\n              <input type=\"checkbox\" name=\"data-protection\" required title=\"Veuillez accepter notre d\u00e9claration de protection des donn\u00e9es\" \/>\n              <span class=\"fake-input\"><\/span>\n              <span class=\"fake-label\">\n                J&rsquo;ai pris connaissance de la <a target=\"_blank\" href=\"https:\/\/www.tadano.com\/africa\/fr\/a-propos\/contactez-nous\/\">politique de confidentialit\u00e9 des donn\u00e9es<\/a>.*\n              <\/span>\n            <\/label>\n            <span class=\"req\">*Requis<\/span>\n          <\/div>\n          <div class=\"loader\"><\/div>\n                              <input type=\"hidden\" name=\"language\" value=\"fr\" \/>\n                    <input type=\"hidden\" name=\"region\" value=\"africa\" \/>\n          <input type=\"hidden\" name=\"region_language\" value=\"africa_fr\" \/>\n                    <input type=\"hidden\" name=\"configured_pardot_form\" value=\"contact_form\" \/>\n          <input type=\"hidden\" name=\"targeturl\" value=\"https:\/\/www.tadano.com\/africa\/fr\/wp-json\/wp\/v2\/pages\/5020\/?success#contact_form\" \/>\n          <div class=\"col full-width btn-holder\">\n            <input type=\"submit\" class=\"btn btn-outline-white\" value=\"Envoyer\" name=\"submit_contact_form\" id=\"submit_form\" \/>\n          <\/div>\n        <\/div>\n      <\/form>\n\n     \n\n\n\n\n  \n\n  <div class=\"form-success\"  >\n    \n\n<h2 class=\"wp-block-heading\">THANK YOU!<\/h2>\n\n\n\n<p>We strongly value your input and requests. Our team will review your message and respond as quickly as possible. Again, thank you!<\/p>\n\n\n  <\/div>\n\n<\/div>\n<\/section>\n\n\n<div class=\"cookieconsent-optout-marketing cookieconsent\" style=\"background-image: url('https:\/\/www.tadano.com\/africa\/wp-content\/themes\/tadano\/assets\/dist\/images\/nocookie_form.jpg');\">\n      <div class=\"wrapper\">\n        <h3>Vous devez accepter les cookies pour visualiser ce contenu.<\/h3>\n        <a href=\"javascript: Cookiebot.renew()\" class=\"btn btn-outline-white\">accepter<\/a>\n    <\/div>\n<\/div>\n","protected":false},"excerpt":{"rendered":"","protected":false},"author":1,"featured_media":0,"parent":4960,"menu_order":0,"comment_status":"closed","ping_status":"closed","template":"","meta":{"_acf_changed":false,"footnotes":""},"acf":[],"yoast_head":"<!-- This site is optimized with the Yoast SEO plugin v22.3 - https:\/\/yoast.com\/wordpress\/plugins\/seo\/ -->\n<title>Contactez-nous - Africa<\/title>\n<meta name=\"robots\" content=\"index, follow, max-snippet:-1, max-image-preview:large, max-video-preview:-1\" \/>\n<link rel=\"canonical\" href=\"https:\/\/www.tadano.com\/africa\/fr\/a-propos\/contactez-nous\/\" \/>\n<meta property=\"og:locale\" content=\"fr_FR\" \/>\n<meta property=\"og:type\" content=\"article\" \/>\n<meta property=\"og:title\" content=\"Contactez-nous - Africa\" \/>\n<meta property=\"og:url\" content=\"https:\/\/www.tadano.com\/africa\/fr\/a-propos\/contactez-nous\/\" \/>\n<meta property=\"og:site_name\" content=\"Africa\" \/>\n<meta property=\"article:modified_time\" content=\"2026-03-10T16:11:52+00:00\" \/>\n<meta name=\"twitter:card\" content=\"summary_large_image\" \/>\n<meta name=\"twitter:label1\" content=\"Dur\u00e9e de lecture estim\u00e9e\" \/>\n\t<meta name=\"twitter:data1\" content=\"1 minute\" \/>\n<script type=\"application\/ld+json\" class=\"yoast-schema-graph\">{\"@context\":\"https:\/\/schema.org\",\"@graph\":[{\"@type\":\"WebPage\",\"@id\":\"https:\/\/www.tadano.com\/africa\/fr\/a-propos\/contactez-nous\/\",\"url\":\"https:\/\/www.tadano.com\/africa\/fr\/a-propos\/contactez-nous\/\",\"name\":\"Contactez-nous - Africa\",\"isPartOf\":{\"@id\":\"https:\/\/www.tadano.com\/africa\/fr\/#website\"},\"datePublished\":\"2021-04-26T07:56:52+00:00\",\"dateModified\":\"2026-03-10T16:11:52+00:00\",\"breadcrumb\":{\"@id\":\"https:\/\/www.tadano.com\/africa\/fr\/a-propos\/contactez-nous\/#breadcrumb\"},\"inLanguage\":\"fr-FR\",\"potentialAction\":[{\"@type\":\"ReadAction\",\"target\":[\"https:\/\/www.tadano.com\/africa\/fr\/a-propos\/contactez-nous\/\"]}]},{\"@type\":\"BreadcrumbList\",\"@id\":\"https:\/\/www.tadano.com\/africa\/fr\/a-propos\/contactez-nous\/#breadcrumb\",\"itemListElement\":[{\"@type\":\"ListItem\",\"position\":1,\"name\":\"\u00c0 propos\",\"item\":\"https:\/\/www.tadano.com\/africa\/fr\/about\/\"},{\"@type\":\"ListItem\",\"position\":2,\"name\":\"Contactez-nous\"}]},{\"@type\":\"WebSite\",\"@id\":\"https:\/\/www.tadano.com\/africa\/fr\/#website\",\"url\":\"https:\/\/www.tadano.com\/africa\/fr\/\",\"name\":\"Africa\",\"description\":\"Just another TADANO EUROPE site\",\"potentialAction\":[{\"@type\":\"SearchAction\",\"target\":{\"@type\":\"EntryPoint\",\"urlTemplate\":\"https:\/\/www.tadano.com\/africa\/fr\/?s={search_term_string}\"},\"query-input\":\"required name=search_term_string\"}],\"inLanguage\":\"fr-FR\"}]}<\/script>\n<!-- \/ Yoast SEO plugin. -->","yoast_head_json":{"title":"Contactez-nous - Africa","robots":{"index":"index","follow":"follow","max-snippet":"max-snippet:-1","max-image-preview":"max-image-preview:large","max-video-preview":"max-video-preview:-1"},"canonical":"https:\/\/www.tadano.com\/africa\/fr\/a-propos\/contactez-nous\/","og_locale":"fr_FR","og_type":"article","og_title":"Contactez-nous - Africa","og_url":"https:\/\/www.tadano.com\/africa\/fr\/a-propos\/contactez-nous\/","og_site_name":"Africa","article_modified_time":"2026-03-10T16:11:52+00:00","twitter_card":"summary_large_image","twitter_misc":{"Dur\u00e9e de lecture estim\u00e9e":"1 minute"},"schema":{"@context":"https:\/\/schema.org","@graph":[{"@type":"WebPage","@id":"https:\/\/www.tadano.com\/africa\/fr\/a-propos\/contactez-nous\/","url":"https:\/\/www.tadano.com\/africa\/fr\/a-propos\/contactez-nous\/","name":"Contactez-nous - Africa","isPartOf":{"@id":"https:\/\/www.tadano.com\/africa\/fr\/#website"},"datePublished":"2021-04-26T07:56:52+00:00","dateModified":"2026-03-10T16:11:52+00:00","breadcrumb":{"@id":"https:\/\/www.tadano.com\/africa\/fr\/a-propos\/contactez-nous\/#breadcrumb"},"inLanguage":"fr-FR","potentialAction":[{"@type":"ReadAction","target":["https:\/\/www.tadano.com\/africa\/fr\/a-propos\/contactez-nous\/"]}]},{"@type":"BreadcrumbList","@id":"https:\/\/www.tadano.com\/africa\/fr\/a-propos\/contactez-nous\/#breadcrumb","itemListElement":[{"@type":"ListItem","position":1,"name":"\u00c0 propos","item":"https:\/\/www.tadano.com\/africa\/fr\/about\/"},{"@type":"ListItem","position":2,"name":"Contactez-nous"}]},{"@type":"WebSite","@id":"https:\/\/www.tadano.com\/africa\/fr\/#website","url":"https:\/\/www.tadano.com\/africa\/fr\/","name":"Africa","description":"Just another TADANO EUROPE site","potentialAction":[{"@type":"SearchAction","target":{"@type":"EntryPoint","urlTemplate":"https:\/\/www.tadano.com\/africa\/fr\/?s={search_term_string}"},"query-input":"required name=search_term_string"}],"inLanguage":"fr-FR"}]}},"_links":{"self":[{"href":"https:\/\/www.tadano.com\/africa\/fr\/wp-json\/wp\/v2\/pages\/5020"}],"collection":[{"href":"https:\/\/www.tadano.com\/africa\/fr\/wp-json\/wp\/v2\/pages"}],"about":[{"href":"https:\/\/www.tadano.com\/africa\/fr\/wp-json\/wp\/v2\/types\/page"}],"author":[{"embeddable":true,"href":"https:\/\/www.tadano.com\/africa\/fr\/wp-json\/wp\/v2\/users\/1"}],"replies":[{"embeddable":true,"href":"https:\/\/www.tadano.com\/africa\/fr\/wp-json\/wp\/v2\/comments?post=5020"}],"version-history":[{"count":2,"href":"https:\/\/www.tadano.com\/africa\/fr\/wp-json\/wp\/v2\/pages\/5020\/revisions"}],"predecessor-version":[{"id":6407,"href":"https:\/\/www.tadano.com\/africa\/fr\/wp-json\/wp\/v2\/pages\/5020\/revisions\/6407"}],"up":[{"embeddable":true,"href":"https:\/\/www.tadano.com\/africa\/fr\/wp-json\/wp\/v2\/pages\/4960"}],"wp:attachment":[{"href":"https:\/\/www.tadano.com\/africa\/fr\/wp-json\/wp\/v2\/media?parent=5020"}],"curies":[{"name":"wp","href":"https:\/\/api.w.org\/{rel}","templated":true}]}}