{"id":5049,"date":"2021-11-09T15:32:24","date_gmt":"2021-11-09T15:32:24","guid":{"rendered":"https:\/\/www.tadano.com\/africa\/environnement-et-durabilite\/"},"modified":"2026-01-29T08:05:17","modified_gmt":"2026-01-29T08:05:17","slug":"environnement-et-durabilite","status":"publish","type":"page","link":"https:\/\/www.tadano.com\/africa\/fr\/environnement-et-durabilite\/","title":{"rendered":"Environnement et Durabilit\u00e9"},"content":{"rendered":"\n\n\n<section class=\"hero-section\">\n\n\t\n\t\n\t\n\t<div class=\"img-holder \">\n\t\t\t\t<div class=\"bg-stretch\" style=\"background-position: 50% 50%; \">\n\t\t\t<span data-srcset=\"https:\/\/assets.onetadano.com\/celum_assets\/hero\/green-leaf-texture-close-up-green-leaf-background-plant-ecology-scaled.jpg, https:\/\/assets.onetadano.com\/celum_assets\/hero-2x\/green-leaf-texture-close-up-green-leaf-background-plant-ecology-scaled.jpg 2x\"><\/span>\n\t\t<\/div>\n\t\t\t\t\t\t<div class=\"logo green-solutions\" style=\"display:none;\">\n\t\t\t<a href=\"#\"><img decoding=\"async\" src=\"https:\/\/www.tadano.com\/africa\/wp-content\/themes\/tadano\/assets\/dist\/images\/Green-Solutions_Logo_White.svg\"><\/a>\n\t\t<\/div>\n\t<\/div>\n\t<div class=\"container\">\n\t\t<div class=\"text-holder \">\n\t\t\t<div class=\"wrap\">\n\t\t\t\t\n\t\t\t\t<ul class=\"breadcrumbs\"><li><a href=\"https:\/\/www.tadano.com\/africa\/fr\/\">Accueil<\/a><\/li><\/ul>\n\t\t\t\t\n\n<h1 class=\"wp-block-heading\"><strong>Environnement et Durabilit\u00e9&nbsp;<\/strong><\/h1>\n\n\n\n<p>Le groupe Tadano s&rsquo;efforce de contribuer \u00e0 la protection de l&rsquo;environnement \u00e0 une \u00e9chelle mondiale et \u00e0 la cr\u00e9ation d&rsquo;une soci\u00e9t\u00e9 durable.<\/p>\n\n\n\n\t\t\t\t\n\t\t\t<\/div>\n\n\t\t\t\n\t\t\t\n\t\t\t\n\t\t<\/div>\n\t<\/div>\n<\/section>\n\n\n<div class=\"wp-block-group is-layout-flow wp-block-group-is-layout-flow\"><div class=\"wp-block-group__inner-container\">\n<h1 class=\"wp-block-heading\">Politique environnementale<\/h1>\n\n\n\n<p>Nous nous mettons au service de la soci\u00e9t\u00e9 en veillant \u00e0 pr\u00e9server un \u00e9quilibre entre les individus, les machines et l&rsquo;environnement.<\/p>\n\n\n\n<h3 class=\"wp-block-heading\">1. PROMOUVOIR UN COMPORTEMENT RESPECTUEUX DE L&rsquo;ENVIRONNEMENT.<\/h3>\n\n\n\n<p>Persuad\u00e9s que l&rsquo;acquisition d&rsquo;une conscience de soi constitue la premi\u00e8re \u00e9tape vers la poursuite d&rsquo;efforts soutenus et la mise en place d&rsquo;am\u00e9liorations, nous privil\u00e9gions la formation de chaque employ\u00e9 et accordons de l&rsquo;importance aux habitudes et aux efforts quotidiens de chacun.<\/p>\n\n\n\n<h3 class=\"wp-block-heading\">2. D\u00c9VELOPPER DES PRODUITS RESPECTUEUX DE L&rsquo;ENVIRONNEMENT.<\/h3>\n\n\n\n<p>Conscients que l&rsquo;utilisation des produits du groupe Tadano exerce un impact sur l&rsquo;environnement, nous nous employons \u00e0 d\u00e9velopper des produits respectueux de l&rsquo;environnement tout au long de leur cycle de vie, notamment en termes de rendement \u00e9nerg\u00e9tique et de faible niveau d&rsquo;\u00e9missions sonores.<\/p>\n\n\n\n<h3 class=\"wp-block-heading\">3. MENER DES ACTIVIT\u00c9S COMMERCIALES RESPECTUEUSES DE L&rsquo;ENVIRONNEMENT.<\/h3>\n\n\n\n<p>Dans tous nos processus commerciaux, nous consacrons nos efforts \u00e0 la r\u00e9duction des effets nuisibles sur l&rsquo;environnement en pr\u00e9servant les ressources, en favorisant le recyclage, en luttant contre la pollution environnementale, entre autres efforts.<\/p>\n\n\n\n<p><\/p>\n\n\n\n<div class=\"wp-block-buttons is-layout-flex wp-block-buttons-is-layout-flex\">\n<div class=\"wp-block-button is-style-btn-outline-white\"><a class=\"wp-block-button__link wp-element-button\" href=\"https:\/\/www.tadano.co.jp\/en\/ir\/esg\/\" target=\"_blank\" rel=\"noreferrer noopener\">VISITEZ LE SITE Tadano Corporate<\/a><\/div>\n<\/div>\n<\/div><\/div>\n\n\n\n<div class=\"wp-block-group is-style-background-white is-layout-flow wp-block-group-is-layout-flow\"><div class=\"wp-block-group__inner-container\">\n<h1 class=\"wp-block-heading\">OBJECTIFS \u00c1 LONG TERME DU GROUPE TADANO EN MATI\u00c8RE DE PROTECTION DE L&rsquo;ENVIRONNEMENT<\/h1>\n\n\n\n<div class=\"wp-block-columns is-layout-flex wp-container-core-columns-layout-2 wp-block-columns-is-layout-flex\">\n<div class=\"wp-block-column is-layout-flow wp-block-column-is-layout-flow\" style=\"flex-basis:66.66%\">\n<p>Sur la base des recommandations de la Task Force on Climate-Related Financial Disclosures (TCFD), le groupe Tadano s\u2019est fix\u00e9 des objectifs clairs&nbsp;:<\/p>\n\n\n\n<div style=\"height:81px\" aria-hidden=\"true\" class=\"wp-block-spacer\"><\/div>\n\n\n\n<div class=\"wp-block-columns is-layout-flex wp-container-core-columns-layout-1 wp-block-columns-is-layout-flex\">\n<div class=\"wp-block-column is-layout-flow wp-block-column-is-layout-flow\">\n<h1 class=\"wp-block-heading has-text-align-right\">-25%<\/h1>\n\n\n\n<h1 class=\"wp-block-heading has-text-align-right\">-35%<\/h1>\n<\/div>\n\n\n\n<div class=\"wp-block-column is-layout-flow wp-block-column-is-layout-flow\">\n<p>d&rsquo;\u00e9missions de CO2 r\u00e9sultant des <strong>activit\u00e9s de l&rsquo;entreprise<\/strong><\/p>\n\n\n\n<p>d&rsquo;\u00e9missions de CO2 r\u00e9sultant de <strong>nos produits<\/strong><\/p>\n<\/div>\n<\/div>\n<\/div>\n\n\n\n<div class=\"wp-block-column is-layout-flow wp-block-column-is-layout-flow\" style=\"flex-basis:33.33%\">\n<figure class=\"wp-block-image size-large\"><img decoding=\"async\" src=\"https:\/\/assets.onetadano.com\/celum_assets\/TDN Green Solutions Pos RGB.jpg\" alt=\"\"\/><\/figure>\n<\/div>\n<\/div>\n<\/div><\/div>\n\n\n\n<div class=\"wp-block-group is-style-background-cyan is-layout-flow wp-block-group-is-layout-flow\"><div class=\"wp-block-group__inner-container\">\n<h2 class=\"wp-block-heading\">D&rsquo;\u00c9MISSIONS R\u00c9DUITES AU Z\u00c9RO \u00c9MISSION<\/h2>\n\n\n\n<p>Avec nos moteurs compatibles avec l&rsquo;huile v\u00e9g\u00e9tale hydrotrait\u00e9e (HVO) ou encore notre E-Pack, nous proposons d\u00e9j\u00e0 des solutions favorisant une exploitation des grues respectueuse de l&rsquo;environnement.<\/p>\n\n\n\n<div class=\"wp-block-buttons is-layout-flex wp-block-buttons-is-layout-flex\">\n<div class=\"wp-block-button is-style-default\"><a class=\"wp-block-button__link wp-element-button\">EN SAVOIR PLUS<\/a><\/div>\n<\/div>\n<\/div><\/div>\n","protected":false},"excerpt":{"rendered":"<p>Politique environnementale Nous nous mettons au service de la soci\u00e9t\u00e9 en veillant \u00e0 pr\u00e9server un \u00e9quilibre entre les individus, les machines et l&rsquo;environnement. 1. PROMOUVOIR UN COMPORTEMENT RESPECTUEUX DE L&rsquo;ENVIRONNEMENT. Persuad\u00e9s que l&rsquo;acquisition d&rsquo;une conscience de soi constitue la premi\u00e8re \u00e9tape vers la poursuite d&rsquo;efforts soutenus et la mise en place d&rsquo;am\u00e9liorations, nous privil\u00e9gions la [&hellip;]<\/p>\n","protected":false},"author":2,"featured_media":0,"parent":0,"menu_order":0,"comment_status":"closed","ping_status":"closed","template":"","meta":{"_acf_changed":false,"footnotes":""},"acf":[],"yoast_head":"<!-- This site is optimized with the Yoast SEO plugin v22.3 - https:\/\/yoast.com\/wordpress\/plugins\/seo\/ -->\n<title>Environnement et Durabilit\u00e9 - Africa<\/title>\n<meta name=\"robots\" content=\"index, follow, max-snippet:-1, max-image-preview:large, max-video-preview:-1\" \/>\n<link rel=\"canonical\" href=\"https:\/\/www.tadano.com\/africa\/fr\/environnement-et-durabilite\/\" \/>\n<meta property=\"og:locale\" content=\"fr_FR\" \/>\n<meta property=\"og:type\" content=\"article\" \/>\n<meta property=\"og:title\" content=\"Environnement et Durabilit\u00e9 - Africa\" \/>\n<meta property=\"og:description\" content=\"Politique environnementale Nous nous mettons au service de la soci\u00e9t\u00e9 en veillant \u00e0 pr\u00e9server un \u00e9quilibre entre les individus, les machines et l&rsquo;environnement. 1. PROMOUVOIR UN COMPORTEMENT RESPECTUEUX DE L&rsquo;ENVIRONNEMENT. Persuad\u00e9s que l&rsquo;acquisition d&rsquo;une conscience de soi constitue la premi\u00e8re \u00e9tape vers la poursuite d&rsquo;efforts soutenus et la mise en place d&rsquo;am\u00e9liorations, nous privil\u00e9gions la [&hellip;]\" \/>\n<meta property=\"og:url\" content=\"https:\/\/www.tadano.com\/africa\/fr\/environnement-et-durabilite\/\" \/>\n<meta property=\"og:site_name\" content=\"Africa\" \/>\n<meta property=\"article:modified_time\" content=\"2026-01-29T08:05:17+00:00\" \/>\n<meta name=\"twitter:card\" content=\"summary_large_image\" \/>\n<meta name=\"twitter:label1\" content=\"Dur\u00e9e de lecture estim\u00e9e\" \/>\n\t<meta name=\"twitter:data1\" content=\"2 minutes\" \/>\n<script type=\"application\/ld+json\" class=\"yoast-schema-graph\">{\"@context\":\"https:\/\/schema.org\",\"@graph\":[{\"@type\":\"WebPage\",\"@id\":\"https:\/\/www.tadano.com\/africa\/fr\/environnement-et-durabilite\/\",\"url\":\"https:\/\/www.tadano.com\/africa\/fr\/environnement-et-durabilite\/\",\"name\":\"Environnement et Durabilit\u00e9 - Africa\",\"isPartOf\":{\"@id\":\"https:\/\/www.tadano.com\/africa\/fr\/#website\"},\"datePublished\":\"2021-11-09T15:32:24+00:00\",\"dateModified\":\"2026-01-29T08:05:17+00:00\",\"inLanguage\":\"fr-FR\",\"potentialAction\":[{\"@type\":\"ReadAction\",\"target\":[\"https:\/\/www.tadano.com\/africa\/fr\/environnement-et-durabilite\/\"]}]},{\"@type\":\"WebSite\",\"@id\":\"https:\/\/www.tadano.com\/africa\/fr\/#website\",\"url\":\"https:\/\/www.tadano.com\/africa\/fr\/\",\"name\":\"Africa\",\"description\":\"Just another TADANO EUROPE site\",\"potentialAction\":[{\"@type\":\"SearchAction\",\"target\":{\"@type\":\"EntryPoint\",\"urlTemplate\":\"https:\/\/www.tadano.com\/africa\/fr\/?s={search_term_string}\"},\"query-input\":\"required name=search_term_string\"}],\"inLanguage\":\"fr-FR\"}]}<\/script>\n<!-- \/ Yoast SEO plugin. -->","yoast_head_json":{"title":"Environnement et Durabilit\u00e9 - Africa","robots":{"index":"index","follow":"follow","max-snippet":"max-snippet:-1","max-image-preview":"max-image-preview:large","max-video-preview":"max-video-preview:-1"},"canonical":"https:\/\/www.tadano.com\/africa\/fr\/environnement-et-durabilite\/","og_locale":"fr_FR","og_type":"article","og_title":"Environnement et Durabilit\u00e9 - Africa","og_description":"Politique environnementale Nous nous mettons au service de la soci\u00e9t\u00e9 en veillant \u00e0 pr\u00e9server un \u00e9quilibre entre les individus, les machines et l&rsquo;environnement. 1. PROMOUVOIR UN COMPORTEMENT RESPECTUEUX DE L&rsquo;ENVIRONNEMENT. Persuad\u00e9s que l&rsquo;acquisition d&rsquo;une conscience de soi constitue la premi\u00e8re \u00e9tape vers la poursuite d&rsquo;efforts soutenus et la mise en place d&rsquo;am\u00e9liorations, nous privil\u00e9gions la [&hellip;]","og_url":"https:\/\/www.tadano.com\/africa\/fr\/environnement-et-durabilite\/","og_site_name":"Africa","article_modified_time":"2026-01-29T08:05:17+00:00","twitter_card":"summary_large_image","twitter_misc":{"Dur\u00e9e de lecture estim\u00e9e":"2 minutes"},"schema":{"@context":"https:\/\/schema.org","@graph":[{"@type":"WebPage","@id":"https:\/\/www.tadano.com\/africa\/fr\/environnement-et-durabilite\/","url":"https:\/\/www.tadano.com\/africa\/fr\/environnement-et-durabilite\/","name":"Environnement et Durabilit\u00e9 - Africa","isPartOf":{"@id":"https:\/\/www.tadano.com\/africa\/fr\/#website"},"datePublished":"2021-11-09T15:32:24+00:00","dateModified":"2026-01-29T08:05:17+00:00","inLanguage":"fr-FR","potentialAction":[{"@type":"ReadAction","target":["https:\/\/www.tadano.com\/africa\/fr\/environnement-et-durabilite\/"]}]},{"@type":"WebSite","@id":"https:\/\/www.tadano.com\/africa\/fr\/#website","url":"https:\/\/www.tadano.com\/africa\/fr\/","name":"Africa","description":"Just another TADANO EUROPE site","potentialAction":[{"@type":"SearchAction","target":{"@type":"EntryPoint","urlTemplate":"https:\/\/www.tadano.com\/africa\/fr\/?s={search_term_string}"},"query-input":"required name=search_term_string"}],"inLanguage":"fr-FR"}]}},"_links":{"self":[{"href":"https:\/\/www.tadano.com\/africa\/fr\/wp-json\/wp\/v2\/pages\/5049"}],"collection":[{"href":"https:\/\/www.tadano.com\/africa\/fr\/wp-json\/wp\/v2\/pages"}],"about":[{"href":"https:\/\/www.tadano.com\/africa\/fr\/wp-json\/wp\/v2\/types\/page"}],"author":[{"embeddable":true,"href":"https:\/\/www.tadano.com\/africa\/fr\/wp-json\/wp\/v2\/users\/2"}],"replies":[{"embeddable":true,"href":"https:\/\/www.tadano.com\/africa\/fr\/wp-json\/wp\/v2\/comments?post=5049"}],"version-history":[{"count":3,"href":"https:\/\/www.tadano.com\/africa\/fr\/wp-json\/wp\/v2\/pages\/5049\/revisions"}],"predecessor-version":[{"id":6032,"href":"https:\/\/www.tadano.com\/africa\/fr\/wp-json\/wp\/v2\/pages\/5049\/revisions\/6032"}],"wp:attachment":[{"href":"https:\/\/www.tadano.com\/africa\/fr\/wp-json\/wp\/v2\/media?parent=5049"}],"curies":[{"name":"wp","href":"https:\/\/api.w.org\/{rel}","templated":true}]}}