{"id":5050,"date":"2022-05-31T06:56:26","date_gmt":"2022-05-31T06:56:26","guid":{"rendered":"https:\/\/www.tadano.com\/africa\/equipements-de-levage\/truck-cranes\/"},"modified":"2023-11-16T14:26:58","modified_gmt":"2023-11-16T14:26:58","slug":"grues-sur-porteur","status":"publish","type":"page","link":"https:\/\/www.tadano.com\/africa\/fr\/grues-sur-porteur\/","title":{"rendered":"Grues sur porteur"},"content":{"rendered":"\n\n\n<section class=\"hero-section\">\n\n\t\n\t\n\t\n\t<div class=\"img-holder \">\n\t\t\t\t<div class=\"bg-stretch\" style=\"background-position: 50% 50%; \">\n\t\t\t<span data-srcset=\"https:\/\/assets.onetadano.com\/celum_assets\/hero\/bg_TC.jpg, https:\/\/assets.onetadano.com\/celum_assets\/hero-2x\/bg_TC.jpg 2x\"><\/span>\n\t\t<\/div>\n\t\t\t\t\t\t<div class=\"logo green-solutions\" style=\"display:none;\">\n\t\t\t<a href=\"#\"><img decoding=\"async\" src=\"https:\/\/www.tadano.com\/africa\/wp-content\/themes\/tadano\/assets\/dist\/images\/Green-Solutions_Logo_White.svg\"><\/a>\n\t\t<\/div>\n\t<\/div>\n\t<div class=\"container\">\n\t\t<div class=\"text-holder \">\n\t\t\t<div class=\"wrap\">\n\t\t\t\t\n\t\t\t\t<ul class=\"breadcrumbs\"><li><a href=\"https:\/\/www.tadano.com\/africa\/fr\/\">Accueil<\/a><\/li><\/ul>\n\t\t\t\t\n\n<h1 class=\"wp-block-heading\">GRUES SUR PORTEUR<\/h1>\n\n\n\n<p>Les grues sur porteur combinent un ch\u00e2ssis disponible dans le commerce avec une superstructure de grue mont\u00e9e pour un levage \u00e9conomique.<\/p>\n\n\n\n<div class=\"wp-block-buttons is-layout-flex wp-block-buttons-is-layout-flex\">\n<div class=\"wp-block-button is-style-btn-outline\"><a class=\"wp-block-button__link\" href=\"https:\/\/www.tadano.com\/africa\/fr\/apercu-des-produits\/\">VOIR LA GAMME<\/a><\/div>\n<\/div>\n\n\n\n\t\t\t\t\n\t\t\t<\/div>\n\n\t\t\t\n\t\t\t\n\t\t\t\n\t\t<\/div>\n\t<\/div>\n<\/section>\n\n\n\n\n<section class=\"hero-section\">\n\n\t\n\t\n\t\n\t<div class=\"img-holder \">\n\t\t\t\t<div class=\"bg-stretch\" style=\"background-position: 50% 100%; \">\n\t\t\t<span data-srcset=\"https:\/\/assets.onetadano.com\/celum_assets\/hero\/GT1200XL2_side.jpg, https:\/\/assets.onetadano.com\/celum_assets\/hero-2x\/GT1200XL2_side.jpg 2x\"><\/span>\n\t\t<\/div>\n\t\t\t\t\t\t<div class=\"logo green-solutions\" style=\"display:none;\">\n\t\t\t<a href=\"#\"><img decoding=\"async\" src=\"https:\/\/www.tadano.com\/africa\/wp-content\/themes\/tadano\/assets\/dist\/images\/Green-Solutions_Logo_White.svg\"><\/a>\n\t\t<\/div>\n\t<\/div>\n\t<div class=\"container\">\n\t\t<div class=\"text-holder \">\n\t\t\t<div class=\"wrap\">\n\t\t\t\t\n\t\t\t\t<ul class=\"breadcrumbs\"><li><a href=\"https:\/\/www.tadano.com\/africa\/fr\/\">Accueil<\/a><\/li><\/ul>\n\t\t\t\t\n\n<h1 class=\"wp-block-heading\">GRUES SUR PORTEUR<\/h1>\n\n\n\n<p>Les grues sur porteur combinent un ch\u00e2ssis disponible dans le commerce avec une superstructure de grue mont\u00e9e pour un levage \u00e9conomique.<\/p>\n\n\n\n<div class=\"wp-block-buttons is-layout-flex wp-block-buttons-is-layout-flex\">\n<div class=\"wp-block-button is-style-btn-outline\"><a class=\"wp-block-button__link\" href=\"https:\/\/www.tadano.com\/africa\/fr\/apercu-des-produits\/\">VOIR LA GAMME<\/a><\/div>\n<\/div>\n\n\n\n\t\t\t\t\n\t\t\t<\/div>\n\n\t\t\t\n\t\t\t\n\t\t\t\n\t\t<\/div>\n\t<\/div>\n<\/section>\n\n\n<section class=\"product-compare\" id=\"product-compare\" style=\"display: none;\">\n\t<div class=\"container\">\n\t\t<h2>Comparer les produits<\/h2>\n\t\t<div class=\"compare-products\">\n\t\t\t<div class=\"compare-container\">\n\t\t\t\t<label for=\"product-1\" class=\"hidden\">S\u00e9lectionner un produit<\/label>\n\t\t\t\t<input type=\"hidden\" id=\"current_lang\" value=\"fr\">\n\t\t\t\t<input type=\"hidden\" id=\"current_site_id\" value=\"11\">\n\t\t\t\t<input type=\"hidden\" id=\"current_term_id\" value=\"36\">\n\t\t\t\t<ul id=\"product-1\" class=\"bh-sl-filters\">\n\t\t\t\t\t<select data-compare-id=\"1\">\n\t\t\t\t\t\t<option value=\"\">S\u00e9lectionner un produit<\/option>\n\t\t\t\t\t\t\t\t\t\t\t\t\t\t<option value=\"4991\">GT-300EL-3<\/option>\n\t\t\t\t\t\t\t\t\t\t\t\t\t\t\t\t<option value=\"4990\">GT-600EL-3<\/option>\n\t\t\t\t\t\t\t\t\t\t\t\t\t\t\t\t<option value=\"4989\">GT-750EL-3<\/option>\n\t\t\t\t\t\t\t\t\t\t\t\t\t<\/select>\n\t\t\t\t<\/ul>\n\t\t\t\t<div class=\"loader result-loader-1\"><\/div>\n\t\t\t\t<div class=\"result result-1\"><\/div>\n\t\t\t<\/div>\n\t\t\t<div class=\"compare-container\">\n\t\t\t\t<label for=\"product-2\" class=\"hidden\">S\u00e9lectionner un produit<\/label>\n\t\t\t\t<ul id=\"product-2\" class=\"bh-sl-filters\">\n\t\t\t\t\t<select data-compare-id=\"2\">\n\t\t\t\t\t\t<option value=\"\">S\u00e9lectionner un produit<\/option>\n\t\t\t\t\t\t\t\t\t\t\t\t\t\t<option value=\"4991\">GT-300EL-3<\/option>\n\t\t\t\t\t\t\t\t\t\t\t\t\t\t\t\t<option value=\"4990\">GT-600EL-3<\/option>\n\t\t\t\t\t\t\t\t\t\t\t\t\t\t\t\t<option value=\"4989\">GT-750EL-3<\/option>\n\t\t\t\t\t\t\t\t\t\t\t\t\t<\/select>\n\t\t\t\t<\/ul>\n\t\t\t\t<div class=\"loader result-loader-2\"><\/div>\n\t\t\t\t<div class=\"result result-2\"><\/div>\n\t\t\t<\/div>\n\t\t<\/div>\n\t<\/div>\n<\/section>\n\n\n\n    <div class=\"products-filtering \">\n                <input type=\"hidden\" id=\"filterAxles\" value=\"\"\/>\n        <input type=\"hidden\" id=\"filterMaxLoad\" value=\"\"\/>\n        <input type=\"hidden\" id=\"filterBoomLength\" value=\"\"\/>\n        <input type=\"hidden\" id=\"filterTipHeight\" value=\"\"\/>\n        <input type=\"hidden\" id=\"filterManufacturingYear\" value=\"\"\/>\n        <input type=\"hidden\" id=\"filterCategory\" value=\"\"\/>\n                <input type=\"hidden\" id=\"filterLegacyStatus\" value=\"\"\/>\n        <input type=\"hidden\" id=\"displayFilter\" value=\"\"\/>\n        <!-- REFINE AREA START -->\n                    <section class=\"filter-refine\">\n                <form action=\"#\">\n                    <div class=\"container\">\n                        <div class=\"left\">\n                                                                                        <ul class=\"tabset-filter\">\n                                                                                                                                                                                                                                                                                            <\/ul>\n                                <div class=\"tab-content product-tab-content\">\n                                                                                                                                                                                                                                                                                            <\/div>\n\n                                \n                            \n\n                        <\/div>\n                        <div class=\"right\">\n                                                            <ul class=\"btn-right\">\n                                    <li class=\"desktop-only\"><a data-fancybox=\"product-compare\" data-src=\"#product-compare\"\n                                                                href=\"javascript:;\"\n                                                                class=\"compare\">Comparer<\/a><\/li>\n                                <\/ul>\n                                                        <div class=\"radio\">\n                                                                    <label for=\"met\" class=\"met\">\n                                        <input type=\"radio\" name=\"filterScale\" id=\"met\" value=\"met\">\n                                        <span class=\"fake-radio\"><\/span>\n                                        <span class=\"fake-label\">M\u00e9trique<\/span>\n                                    <\/label>\n                                    <label for=\"imp\" class=\"imp\">\n                                        <input type=\"radio\" name=\"filterScale\" id=\"imp\" value=\"imp\" >\n                                        <span class=\"fake-radio\"><\/span>\n                                        <span class=\"fake-label\">Imp\u00e9rial<\/span>\n                                    <\/label>\n                                    \n                            <\/div>\n                        <\/div>\n                    <\/div>\n                <\/form>\n            <\/section>\n                <!-- REFINE AREA END -->\n\n                <div class=\"all-results \" >\n            <section class=\"filter-content\">\n                <div class=\"container\">\n                    <div class=\"no-results\">\n                        <h2>D\u00e9sol\u00e9, rien n&rsquo;a \u00e9t\u00e9 trouv\u00e9 \ud83d\ude14<\/h2>\n                        <p>Veuillez ajuster votre recherche. <\/p>\n                    <\/div>\n                                                <h2>Truck Cranes<\/h2>\n                           \n                        <div class=\"filter-compare used-cranes\">\n                            \n<div class=\"product-filter-item\" \n            data-product-id=\"4991\"\n                    data-product-axles=\"3\"\n                                        data-product-boomlength-met=\"34\"\n                        >\n    <div class=\"compare-single \">\n\n                        <div class=\"img-holder\">\n                            <div class=\"bg-stretch\" >\n                    <span data-srcset=\"https:\/\/assets.onetadano.com\/celum_assets\/img-thumb\/GT300EL_Sideview.jpg, https:\/\/assets.onetadano.com\/celum_assets\/img-thumb-2x\/GT300EL_Sideview.jpg 2x\"><\/span>\n                <\/div>\n                                <\/div>\n        <div class=\"opener-wrap\">\n                            <a href=\"https:\/\/www.tadano.com\/africa\/fr\/equipements-de-levage\/truck-cranes\/gt-300el-3\/\" class=\"opener\">\n                    GT-300EL-3                                    <\/a>\n                    <\/div>\n        <div class=\"text-block\">\n                            <div class=\"heading\">\n                    <h3>GT-300EL-3<\/h3>\n                                            <a href=\"https:\/\/assets.onetadano.com\/celum_assets\/documents\/GT-300EL78011300170_EX-03.pdf\" class=\"specs\">Fiche technique<\/a>\n                                    <\/div>\n            \n                                    <ul class=\"scaled scaled-met\">\n                                                                                                                            <li><strong>Longueur de fl\u00e8che principale:<\/strong> 34 m<\/li>\n                                                                                                                                                    \n                    <\/ul>\n                                    <ul class=\"scaled scaled-imp\">\n                                                                                                                                                                                                            \n                    <\/ul>\n                                    <\/div>\n        <ul class=\"btn-list\">\n                        <li>\n                                <a href=\"https:\/\/www.tadano.com\/africa\/fr\/equipements-de-levage\/truck-cranes\/gt-300el-3\/\" class=\"btn-details\">\n                    <span class=\"mobile-only\">D\u00e9tails<\/span>\n                    <span class=\"desktop-only\">En savoir plus<\/span>\n                <\/a>\n            <\/li>\n            \n                                <li class=\"\">\n                        <a href=\"https:\/\/assets.onetadano.com\/celum_assets\/documents\/GT-300EL78011300170_EX-03.pdf\" class=\"btn-specs\" >\n                            <span class=\"mobile-only\">Sp\u00e9cifications<\/span>\n                            <span class=\"desktop-only\">Fiche technique<\/span>\n                        <\/a>\n                    <\/li>\n\n                    \n                \n            \n            \n                                                                                    \n\n        <\/ul>\n    <\/div><!-- end compare single -->\n<\/div><!-- end product filter item -->\n<div class=\"product-filter-item\" \n            data-product-id=\"4990\"\n                    data-product-axles=\"4\"\n                                        data-product-boomlength-met=\"43\"\n                        >\n    <div class=\"compare-single \">\n\n                        <div class=\"img-holder\">\n                            <div class=\"bg-stretch\" >\n                    <span data-srcset=\"https:\/\/assets.onetadano.com\/celum_assets\/img-thumb\/GT600EL_Sideview.jpg, https:\/\/assets.onetadano.com\/celum_assets\/img-thumb-2x\/GT600EL_Sideview.jpg 2x\"><\/span>\n                <\/div>\n                                <\/div>\n        <div class=\"opener-wrap\">\n                            <a href=\"https:\/\/www.tadano.com\/africa\/fr\/equipements-de-levage\/truck-cranes\/gt-600el-3\/\" class=\"opener\">\n                    GT-600EL-3                                    <\/a>\n                    <\/div>\n        <div class=\"text-block\">\n                            <div class=\"heading\">\n                    <h3>GT-600EL-3<\/h3>\n                                            <a href=\"https:\/\/assets.onetadano.com\/celum_assets\/documents\/GT-600EL78011300210_EX-01.pdf\" class=\"specs\">Fiche technique<\/a>\n                                    <\/div>\n            \n                                    <ul class=\"scaled scaled-met\">\n                                                                                                                            <li><strong>Longueur de fl\u00e8che principale:<\/strong> 43 m<\/li>\n                                                                                                                                                    \n                    <\/ul>\n                                    <ul class=\"scaled scaled-imp\">\n                                                                                                                                                                                                            \n                    <\/ul>\n                                    <\/div>\n        <ul class=\"btn-list\">\n                        <li>\n                                <a href=\"https:\/\/www.tadano.com\/africa\/fr\/equipements-de-levage\/truck-cranes\/gt-600el-3\/\" class=\"btn-details\">\n                    <span class=\"mobile-only\">D\u00e9tails<\/span>\n                    <span class=\"desktop-only\">En savoir plus<\/span>\n                <\/a>\n            <\/li>\n            \n                                <li class=\"\">\n                        <a href=\"https:\/\/assets.onetadano.com\/celum_assets\/documents\/GT-600EL78011300210_EX-01.pdf\" class=\"btn-specs\" >\n                            <span class=\"mobile-only\">Sp\u00e9cifications<\/span>\n                            <span class=\"desktop-only\">Fiche technique<\/span>\n                        <\/a>\n                    <\/li>\n\n                    \n                \n            \n            \n                                                                                    \n\n        <\/ul>\n    <\/div><!-- end compare single -->\n<\/div><!-- end product filter item -->\n<div class=\"product-filter-item\" \n            data-product-id=\"4989\"\n                    data-product-axles=\"4\"\n                                                    >\n    <div class=\"compare-single \">\n\n                        <div class=\"img-holder\">\n                            <div class=\"bg-stretch\" >\n                    <span data-srcset=\"https:\/\/assets.onetadano.com\/celum_assets\/img-thumb\/GT750EL_Sideview.jpg, https:\/\/assets.onetadano.com\/celum_assets\/img-thumb-2x\/GT750EL_Sideview.jpg 2x\"><\/span>\n                <\/div>\n                                <\/div>\n        <div class=\"opener-wrap\">\n                            <a href=\"https:\/\/www.tadano.com\/africa\/fr\/equipements-de-levage\/truck-cranes\/gt-750el-3\/\" class=\"opener\">\n                    GT-750EL-3                                    <\/a>\n                    <\/div>\n        <div class=\"text-block\">\n                            <div class=\"heading\">\n                    <h3>GT-750EL-3<\/h3>\n                                            <a href=\"https:\/\/assets.onetadano.com\/celum_assets\/documents\/GT-750EL78011300190_EX-01.pdf\" class=\"specs\">Fiche technique<\/a>\n                                    <\/div>\n            \n                                    <ul class=\"scaled scaled-met\">\n                                                                                                                            <li><strong>Longueur de fl\u00e8che principale:<\/strong>  47 m<\/li>\n                                                                                                                                                    \n                    <\/ul>\n                                    <ul class=\"scaled scaled-imp\">\n                                                                                                                                                                                                            \n                    <\/ul>\n                                    <\/div>\n        <ul class=\"btn-list\">\n                        <li>\n                                <a href=\"https:\/\/www.tadano.com\/africa\/fr\/equipements-de-levage\/truck-cranes\/gt-750el-3\/\" class=\"btn-details\">\n                    <span class=\"mobile-only\">D\u00e9tails<\/span>\n                    <span class=\"desktop-only\">En savoir plus<\/span>\n                <\/a>\n            <\/li>\n            \n                                <li class=\"\">\n                        <a href=\"https:\/\/assets.onetadano.com\/celum_assets\/documents\/GT-750EL78011300190_EX-01.pdf\" class=\"btn-specs\" >\n                            <span class=\"mobile-only\">Sp\u00e9cifications<\/span>\n                            <span class=\"desktop-only\">Fiche technique<\/span>\n                        <\/a>\n                    <\/li>\n\n                    \n                \n            \n            \n                                                                                    \n\n        <\/ul>\n    <\/div><!-- end compare single -->\n<\/div><!-- end product filter item -->                        <\/div><!-- end filter compare -->\n\n                                    <\/section>\n        <\/div>\n    <\/div>\n\n\n<section class=\"new-products\">\n  <div class=\"container\">\n    <h2>Nouveaux produits<\/h2>\n    <div class=\"new-products-hold\">\n                                  <div class=\"new-product-single\">\n            <a href=\"https:\/\/www.tadano.com\/africa\/fr\/equipements-de-levage\/nacelles-sur-camions\/snake-24-fb\/\">\n              <div class=\"img-holder\">\n                                <div class=\"bg-stretch\" >\n                  <span data-srcset=\"https:\/\/mediahub.tadano.com\/m\/61262612e5b039f9\/employee-img_oilandsteel_snake24fb_cutout_side.png, https:\/\/mediahub.tadano.com\/m\/61262612e5b039f9\/employee_2x-img_oilandsteel_snake24fb_cutout_side.png 2x\"><\/span>\n                <\/div>\n                              <\/div>\n              <div class=\"text-block\">\n                <strong class=\"title\">Snake 24 FB sur Iveco<\/strong>\n                <span class=\"category\">\n                                  <\/span>\n              <\/div>\n            <\/a>\n          <\/div>\n                            <div class=\"new-product-single\">\n            <a href=\"https:\/\/www.tadano.com\/africa\/fr\/equipements-de-levage\/nacelles-sur-camions\/snake-20-isuzu\/\">\n              <div class=\"img-holder\">\n                                <div class=\"bg-stretch\" >\n                  <span data-srcset=\"https:\/\/mediahub.tadano.com\/m\/4e14479cfaf5831b\/employee-img_oilandsteel_snake20_isuzu_cutout_side.png, https:\/\/mediahub.tadano.com\/m\/4e14479cfaf5831b\/employee_2x-img_oilandsteel_snake20_isuzu_cutout_side.png 2x\"><\/span>\n                <\/div>\n                              <\/div>\n              <div class=\"text-block\">\n                <strong class=\"title\">Snake 20 sur Isuzu<\/strong>\n                <span class=\"category\">\n                                  <\/span>\n              <\/div>\n            <\/a>\n          <\/div>\n                            <div class=\"new-product-single\">\n            <a href=\"https:\/\/www.tadano.com\/africa\/fr\/equipements-de-levage\/nacelles-sur-camions\/snake-20-iveco\/\">\n              <div class=\"img-holder\">\n                                <div class=\"bg-stretch\" >\n                  <span data-srcset=\"https:\/\/mediahub.tadano.com\/m\/39be64f72dac9ba5\/employee-img_oilandsteel_snake2010hplus_cutout_side.png, https:\/\/mediahub.tadano.com\/m\/39be64f72dac9ba5\/employee_2x-img_oilandsteel_snake2010hplus_cutout_side.png 2x\"><\/span>\n                <\/div>\n                              <\/div>\n              <div class=\"text-block\">\n                <strong class=\"title\">Snake 20 sur Iveco<\/strong>\n                <span class=\"category\">\n                                  <\/span>\n              <\/div>\n            <\/a>\n          <\/div>\n                  <\/div>\n  <\/div>\n<\/section>","protected":false},"excerpt":{"rendered":"","protected":false},"author":1,"featured_media":0,"parent":0,"menu_order":0,"comment_status":"closed","ping_status":"closed","template":"","meta":{"_acf_changed":false,"footnotes":""},"acf":[],"yoast_head":"<!-- This site is optimized with the Yoast SEO plugin v22.3 - https:\/\/yoast.com\/wordpress\/plugins\/seo\/ -->\n<title>Grues sur porteur - Africa<\/title>\n<meta name=\"robots\" content=\"index, follow, max-snippet:-1, max-image-preview:large, max-video-preview:-1\" \/>\n<link rel=\"canonical\" href=\"https:\/\/www.tadano.com\/africa\/fr\/grues-sur-porteur\/\" \/>\n<meta property=\"og:locale\" content=\"fr_FR\" \/>\n<meta property=\"og:type\" content=\"article\" \/>\n<meta property=\"og:title\" content=\"Grues sur porteur - Africa\" \/>\n<meta property=\"og:url\" content=\"https:\/\/www.tadano.com\/africa\/fr\/grues-sur-porteur\/\" \/>\n<meta property=\"og:site_name\" content=\"Africa\" \/>\n<meta property=\"article:modified_time\" content=\"2023-11-16T14:26:58+00:00\" \/>\n<meta name=\"twitter:card\" content=\"summary_large_image\" \/>\n<meta name=\"twitter:label1\" content=\"Dur\u00e9e de lecture estim\u00e9e\" \/>\n\t<meta name=\"twitter:data1\" content=\"1 minute\" \/>\n<script type=\"application\/ld+json\" class=\"yoast-schema-graph\">{\"@context\":\"https:\/\/schema.org\",\"@graph\":[{\"@type\":\"WebPage\",\"@id\":\"https:\/\/www.tadano.com\/africa\/fr\/grues-sur-porteur\/\",\"url\":\"https:\/\/www.tadano.com\/africa\/fr\/grues-sur-porteur\/\",\"name\":\"Grues sur porteur - Africa\",\"isPartOf\":{\"@id\":\"https:\/\/www.tadano.com\/africa\/fr\/#website\"},\"datePublished\":\"2022-05-31T06:56:26+00:00\",\"dateModified\":\"2023-11-16T14:26:58+00:00\",\"inLanguage\":\"fr-FR\",\"potentialAction\":[{\"@type\":\"ReadAction\",\"target\":[\"https:\/\/www.tadano.com\/africa\/fr\/grues-sur-porteur\/\"]}]},{\"@type\":\"WebSite\",\"@id\":\"https:\/\/www.tadano.com\/africa\/fr\/#website\",\"url\":\"https:\/\/www.tadano.com\/africa\/fr\/\",\"name\":\"Africa\",\"description\":\"Just another TADANO EUROPE site\",\"potentialAction\":[{\"@type\":\"SearchAction\",\"target\":{\"@type\":\"EntryPoint\",\"urlTemplate\":\"https:\/\/www.tadano.com\/africa\/fr\/?s={search_term_string}\"},\"query-input\":\"required name=search_term_string\"}],\"inLanguage\":\"fr-FR\"}]}<\/script>\n<!-- \/ Yoast SEO plugin. -->","yoast_head_json":{"title":"Grues sur porteur - Africa","robots":{"index":"index","follow":"follow","max-snippet":"max-snippet:-1","max-image-preview":"max-image-preview:large","max-video-preview":"max-video-preview:-1"},"canonical":"https:\/\/www.tadano.com\/africa\/fr\/grues-sur-porteur\/","og_locale":"fr_FR","og_type":"article","og_title":"Grues sur porteur - Africa","og_url":"https:\/\/www.tadano.com\/africa\/fr\/grues-sur-porteur\/","og_site_name":"Africa","article_modified_time":"2023-11-16T14:26:58+00:00","twitter_card":"summary_large_image","twitter_misc":{"Dur\u00e9e de lecture estim\u00e9e":"1 minute"},"schema":{"@context":"https:\/\/schema.org","@graph":[{"@type":"WebPage","@id":"https:\/\/www.tadano.com\/africa\/fr\/grues-sur-porteur\/","url":"https:\/\/www.tadano.com\/africa\/fr\/grues-sur-porteur\/","name":"Grues sur porteur - Africa","isPartOf":{"@id":"https:\/\/www.tadano.com\/africa\/fr\/#website"},"datePublished":"2022-05-31T06:56:26+00:00","dateModified":"2023-11-16T14:26:58+00:00","inLanguage":"fr-FR","potentialAction":[{"@type":"ReadAction","target":["https:\/\/www.tadano.com\/africa\/fr\/grues-sur-porteur\/"]}]},{"@type":"WebSite","@id":"https:\/\/www.tadano.com\/africa\/fr\/#website","url":"https:\/\/www.tadano.com\/africa\/fr\/","name":"Africa","description":"Just another TADANO EUROPE site","potentialAction":[{"@type":"SearchAction","target":{"@type":"EntryPoint","urlTemplate":"https:\/\/www.tadano.com\/africa\/fr\/?s={search_term_string}"},"query-input":"required name=search_term_string"}],"inLanguage":"fr-FR"}]}},"_links":{"self":[{"href":"https:\/\/www.tadano.com\/africa\/fr\/wp-json\/wp\/v2\/pages\/5050"}],"collection":[{"href":"https:\/\/www.tadano.com\/africa\/fr\/wp-json\/wp\/v2\/pages"}],"about":[{"href":"https:\/\/www.tadano.com\/africa\/fr\/wp-json\/wp\/v2\/types\/page"}],"author":[{"embeddable":true,"href":"https:\/\/www.tadano.com\/africa\/fr\/wp-json\/wp\/v2\/users\/1"}],"replies":[{"embeddable":true,"href":"https:\/\/www.tadano.com\/africa\/fr\/wp-json\/wp\/v2\/comments?post=5050"}],"version-history":[{"count":3,"href":"https:\/\/www.tadano.com\/africa\/fr\/wp-json\/wp\/v2\/pages\/5050\/revisions"}],"predecessor-version":[{"id":5289,"href":"https:\/\/www.tadano.com\/africa\/fr\/wp-json\/wp\/v2\/pages\/5050\/revisions\/5289"}],"wp:attachment":[{"href":"https:\/\/www.tadano.com\/africa\/fr\/wp-json\/wp\/v2\/media?parent=5050"}],"curies":[{"name":"wp","href":"https:\/\/api.w.org\/{rel}","templated":true}]}}