{"id":5053,"date":"2021-05-06T07:36:34","date_gmt":"2021-05-06T07:36:34","guid":{"rendered":"https:\/\/www.tadano.com\/africa\/equipements-de-levage\/grues-d-occasion\/"},"modified":"2024-03-21T09:16:05","modified_gmt":"2024-03-21T09:16:05","slug":"grues-d-occasion","status":"publish","type":"page","link":"https:\/\/www.tadano.com\/africa\/fr\/grues-d-occasion\/","title":{"rendered":"Grues d&rsquo;occasion"},"content":{"rendered":"\n\n\n<section class=\"hero-section\">\n\n\t\n\t\n\t\n\t<div class=\"img-holder \">\n\t\t\t\t<div class=\"bg-stretch\" style=\"background-position: 50% 50%; \">\n\t\t\t<span data-srcset=\"https:\/\/assets.onetadano.com\/celum_assets\/hero\/TAD19I2-scaled.jpg, https:\/\/assets.onetadano.com\/celum_assets\/hero-2x\/TAD19I2-scaled.jpg 2x\"><\/span>\n\t\t<\/div>\n\t\t\t\t\t\t<div class=\"logo green-solutions\" style=\"display:none;\">\n\t\t\t<a href=\"#\"><img decoding=\"async\" src=\"https:\/\/www.tadano.com\/africa\/wp-content\/themes\/tadano\/assets\/dist\/images\/Green-Solutions_Logo_White.svg\"><\/a>\n\t\t<\/div>\n\t<\/div>\n\t<div class=\"container\">\n\t\t<div class=\"text-holder \">\n\t\t\t<div class=\"wrap\">\n\t\t\t\t\n\t\t\t\t<ul class=\"breadcrumbs\"><li><a href=\"https:\/\/www.tadano.com\/africa\/fr\/\">Accueil<\/a><\/li><\/ul>\n\t\t\t\t\n\n<h1 class=\"wp-block-heading\">GRUES D&rsquo;OCCASION<\/h1>\n\n\n\n<p>Parcourez les diff\u00e9rents mod\u00e8les et tailles pour r\u00e9pondre aux besoins de votre projet. Vous ne trouvez pas la perle rare ? Faites-le nous savoir et nous nous efforcerons de vous fournir la meilleure solution.<\/p>\n\n\n\n<div class=\"wp-block-buttons is-layout-flex wp-block-buttons-is-layout-flex\">\n<div class=\"wp-block-button is-style-btn-outline\"><a class=\"wp-block-button__link\" href=\"https:\/\/www.tadano.com\/africa\/fr\/equipements-de-levage-doccasion\/\">\u00c9QUIPEMENTS DE LEVAGE D\u2019OCCASION<\/a><\/div>\n<\/div>\n\n\n\n\t\t\t\t\n\t\t\t<\/div>\n\n\t\t\t\n\t\t\t\n\t\t\t\n\t\t<\/div>\n\t<\/div>\n<\/section>\n\n        <style type=\"text\/css\">\n            .scaled-metric {\n                display: none;\n            }\n            .scaled-imperial {\n                display: block!important;\n            }\n        <\/style>\n        <div class=\"products-filtering used-section\">\n                <input type=\"hidden\" id=\"filterAxles\" value=\"\"\/>\n        <input type=\"hidden\" id=\"filterMaxLoad\" value=\"1\"\/>\n        <input type=\"hidden\" id=\"filterBoomLength\" value=\"\"\/>\n        <input type=\"hidden\" id=\"filterTipHeight\" value=\"\"\/>\n        <input type=\"hidden\" id=\"filterManufacturingYear\" value=\"1\"\/>\n        <input type=\"hidden\" id=\"filterCategory\" value=\"1\"\/>\n                <input type=\"hidden\" id=\"filterLegacyStatus\" value=\"\"\/>\n        <input type=\"hidden\" id=\"displayFilter\" value=\"1\"\/>\n        <!-- REFINE AREA START -->\n                    <section class=\"filter-refine\">\n                <form action=\"#\">\n                    <div class=\"container\">\n                        <div class=\"left\">\n                                                            <strong class=\"title\">Affiner votre recherche:<\/strong>\n                                                                                        <ul class=\"tabset-filter\">\n                                                                            <li><a href=\"#manufacture\"><span>Ann\u00e9e de fabrication<\/span><\/a><\/li>\n                                                                                                                                                        <li><a href=\"#max-load\"><span>Capacit\u00e9 (t)<\/span><\/a><\/li>\n                                                                                                                                                                                            <li><a href=\"#category\"><span>Type<\/span><\/a><\/li>\n                                                                                                        <\/ul>\n                                <div class=\"tab-content product-tab-content\">\n                                                                            <div class=\"tab-refine\" id=\"manufacture\">\n                                            <strong class=\"sub-title\">Ann\u00e9e de fabrication<\/strong>\n                                            <div class=\"range-holder\">\n                                                <label for=\"range_manufacture\"\n                                                    class=\"hidden\">Year of manufacture range<\/label>\n                                                <input step=\"1\" value=\"2002,2005\"\n                                                    min=\"2002\" multiple max=\"2005\"\n                                                    type=\"range\" id=\"range_manufacture\">\n                                                <div class=\"range-values\">\n                                                    <span>2002<\/span>\n                                                    <span>2005<\/span>\n                                                <\/div>\n                                            <\/div>\n                                        <\/div>\n                                                                                                                                                    <div class=\"tab-refine\" id=\"max-load\">\n                                                                                            <div class=\"tab-refine-wrapper scaled scaled-met\"\n                                                    id=\"max-load-met\">\n                                                    <span style=\"display:none\" id=\"maxLoadmet\"\n                                                        data-min=\"40\"\n                                                        data-max=\"60\"><\/span>\n                                                                                                                                                                <strong class=\"sub-title\">Capacit\u00e9 (t)<\/strong>\n                                                                                                        \n                                                    <div class=\"range-holder\">\n                                                        <label for=\"range_maxload_met\"\n                                                            class=\"hidden\">Gamme de charge max.<\/label>\n                                                        <input step=\"1\"\n                                                            value=\"40,60\"\n                                                            type=\"range\" multiple id=\"range_maxload_met\"\n                                                            min=\"40\"\n                                                            max=\"60\">\n                                                        <div class=\"range-values\">\n                                                            <span>40<\/span>\n                                                            <span>60<\/span>\n                                                        <\/div>\n                                                    <\/div>\n                                                <\/div>\n                                                                                    <\/div>\n                                                                                                                                                                                        <div class=\"tab-refine\" id=\"category\">\n                                            <strong class=\"sub-title\">Type<\/strong>\n                                            <div class=\"col \">\n                                                <label for=\"type-category\" class=\"hidden\">Type<\/label>\n                                                <select id=\"type-category\" name=\"type-category\" >\n                                                    <option value=\"\">S\u00e9lectionner une cat\u00e9gorie de produit<\/option>\n                                                    <option value=\"\">Voir tout<\/option>\n                                                    <option value=\"All Terrain Cranes\">All Terrain Cranes<\/option><option value=\"City Cranes\">City Cranes<\/option>                                                <\/select>\n                                            <\/div>\n                                        <\/div>\n                                                                                                        <\/div>\n\n                                \n                            \n\n                        <\/div>\n                        <div class=\"right\">\n                                                        <div class=\"radio\">\n                                                                    <input type=\"hidden\" id=\"forceMetricFlag\" value=\"true\"\/>\n                                    <style type=\"text\/css\">\n                                        body.unit-is-imp .text-block .scaled-met, body.unit-is-imperial .text-block .scaled-met {\n                                            display: block;\n                                        }\n                                    <\/style>\n                                \n                            <\/div>\n                        <\/div>\n                    <\/div>\n                <\/form>\n            <\/section>\n                <!-- REFINE AREA END -->\n\n                <div class=\"all-results \" style=\"z-index:1; position:relative;\">\n            <section class=\"filter-content\">\n                <div class=\"container\">\n                    <div class=\"no-results\">\n                        <h2>D\u00e9sol\u00e9, rien n&rsquo;a \u00e9t\u00e9 trouv\u00e9 \ud83d\ude14<\/h2>\n                        <p>Veuillez ajuster votre recherche. <\/p>\n                    <\/div>\n                                                                                <h2>Grues d&rsquo;occasion<\/h2>\n                                                       \n                        <div class=\"filter-compare used-cranes\">\n                            \n<div class=\"product-filter-item\"\n            data-product-id=\"5927\"\n                data-product-manufacture=\"2005\"\n                data-product-category=\"All Terrain Cranes\"\n                                    data-product-maxload-met=\"60\"\n                        >\n    <div class=\"used-single\">\n        <div class=\"img-holder\">\n                        <div class=\"bg-stretch\" >\n                <span data-srcset=\"https:\/\/mediahub.tadano.com\/m\/65b944066f201b58\/img_thumb-img_tadano_ATF60-4_used_2005-5.jpeg, https:\/\/mediahub.tadano.com\/m\/65b944066f201b58\/img_thumb_2x-img_tadano_ATF60-4_used_2005-5.jpeg 2x\"><\/span>\n            <\/div>\n                    <\/div>\n        <div class=\"text-holder\">\n            <h3>2918NL ATF60-4<\/h3>\n            <span class=\"info-text\">\n                Ann\u00e9e de fabrication: 2005<br>                Capacit\u00e9 (t): 60<br>                Num\u00e9ro de s\u00e9rie: 4050621<br>                                                            <\/span>\n            <ul class=\"links-list\">\n                <li><a href=\"https:\/\/www.tadano.com\/africa\/fr\/used-lifting-equipment\/used-all-terrain-cranes\/2918nl-atf60-4\/\" class=\"link-details\">D\u00e9tails<\/a><\/li>\n                                    <li><a class=\"link-email\" href=\"mailto:andreas.schramm@tadano.com?subject=Request: 2918NL ATF60-4\">Email<\/a><\/li>\n                            <\/ul>\n        <\/div>\n    <\/div><!-- end used single -->\n<\/div><!-- end product filter item -->\n<div class=\"product-filter-item\"\n            data-product-id=\"5851\"\n                data-product-manufacture=\"2002\"\n                data-product-category=\"City Cranes\"\n                                    data-product-maxload-met=\"40\"\n                        >\n    <div class=\"used-single\">\n        <div class=\"img-holder\">\n                        <div class=\"bg-stretch\" >\n                <span data-srcset=\"https:\/\/mediahub.tadano.com\/asset\/128f6e77-8c0e-4df0-af85-175c0684c066\/img-thumb\/IMG_Demag_AC40-City_Used-2.jpg, https:\/\/mediahub.tadano.com\/asset\/128f6e77-8c0e-4df0-af85-175c0684c066\/img-thumb-2x\/IMG_Demag_AC40-City_Used-2.jpg 2x\"><\/span>\n            <\/div>\n                    <\/div>\n        <div class=\"text-holder\">\n            <h3>2914  Demag AC 40 City<\/h3>\n            <span class=\"info-text\">\n                Ann\u00e9e de fabrication: 2002<br>                Capacit\u00e9 (t): 40<br>                Num\u00e9ro de s\u00e9rie: 70401<br>                                                            <\/span>\n            <ul class=\"links-list\">\n                <li><a href=\"https:\/\/www.tadano.com\/africa\/fr\/used-lifting-equipment\/used-city-cranes\/2914-demag-ac-40-city\/\" class=\"link-details\">D\u00e9tails<\/a><\/li>\n                                    <li><a class=\"link-email\" href=\"mailto:andreas.schramm@tadano.com?subject=Request: 2914  Demag AC 40 City\">Email<\/a><\/li>\n                            <\/ul>\n        <\/div>\n    <\/div><!-- end used single -->\n<\/div><!-- end product filter item -->                        <\/div><!-- end filter compare -->\n\n                                    <\/section>\n        <\/div>\n    <\/div>\n\n\n<div class=\"wp-block-group is-style-is-style-background-white-light-triangle is-style-background-white-light-triangle\"><div class=\"wp-block-group__inner-container is-layout-flow wp-block-group-is-layout-flow\">\n<h2 class=\"wp-block-heading\">GRUES D&rsquo;OCCASION &#8211; NOTRE PROMESSE<\/h2>\n\n\n\n<p>Le r\u00e9seau mondial d&rsquo;experts de Tadano vous aidera \u00e0 trouver la bonne solution pour tout projet. Une vari\u00e9t\u00e9 de grues d&rsquo;occasion approuv\u00e9es par les \u00e9quipementiers, entretenues et certifi\u00e9es peuvent \u00eatre optimis\u00e9es pour vos besoins sp\u00e9cifiques. Les modifications, les r\u00e9parations, le transport et le financement font partie d&rsquo;une exp\u00e9rience client pratique, \u00e0 partir d&rsquo;un seul point de contact..<\/p>\n\n\n\n<h2 class=\"wp-block-heading\">\u00c9QUIPE DE VENTE GRUES D&rsquo;OCCASION<\/h2>\n\n\n\n<p>D\u00e9couvrez le r\u00e9seau mondial d&rsquo;experts en grues d&rsquo;occasion de Tadano, d\u00e9vou\u00e9s et exp\u00e9riment\u00e9s, qui sont pr\u00eats \u00e0 vous fournir des informations et un soutien tout au long de votre processus de d\u00e9cision.<\/p>\n\n\n\n<div class=\"wp-block-buttons is-layout-flex wp-block-buttons-is-layout-flex\">\n<div class=\"wp-block-button is-style-text-only\"><a class=\"wp-block-button__link\" href=\"https:\/\/www.tadano.com\/en\/used-cranes-team\/\">D\u00c9COUVREZ L&rsquo;\u00c9QUIPE<\/a><\/div>\n<\/div>\n<\/div><\/div>\n\n\n\n    <section class=\"news-section\">\n\n    <div class=\"container\">\n      <div class=\"text-block\">\n        <h2>Actualit\u00e9s<\/h2>\n                        \n                  <a href=\"https:\/\/www.tadano.com\/africa\/fr\/a-propos\/news-list\/\" class=\"link-more\">EXPLORER TOUTES les News<\/a>\n        \n\n                <div class=\"controls\">\n          <svg width=\"14\" height=\"31\" viewBox=\"0 0 14 31\" fill=\"none\" xmlns=\"http:\/\/www.w3.org\/2000\/svg\">\n           <path d=\"M13 1L1 15.5L13 30\" stroke=\"#fff\"\/>\n          <\/svg>\n          <svg width=\"15\" height=\"31\" viewBox=\"0 0 15 31\" fill=\"none\" xmlns=\"http:\/\/www.w3.org\/2000\/svg\">\n           <path d=\"M1 1L14 15.5L1 30\" stroke=\"#fff\"\/>\n          <\/svg>\n        <\/div>\n        \n\n        \n      <\/div>\n      <div class=\"slick-slider simple-slider\">\n                              <div>\n              <div class=\"news-single\">\n                <a href=\"https:\/\/www.tadano.com\/africa\/fr\/news\/sotrama-recoit-la-premiere-tadano-ac-5-250l-2-en-france\/\">\n                  <strong class=\"title\">Sotrama recoit la premi\u00e8re Tadano AC 5.250L-2 en France<\/strong>\n                  <ul class=\"meta\">\n                    <li>Publication<\/li>\n                    <li><time datetime=\"2020-01-01\">Oct\/17\/2025<\/time><\/li>\n                  <\/ul>\n                <\/a>\n              <\/div>\n            <\/div>\n                      <div>\n              <div class=\"news-single\">\n                <a href=\"https:\/\/www.tadano.com\/africa\/fr\/news\/tadano-finalise-lacquisition-de-lactivite-systemes-de-transport-de-la-societe-ihi-transport-machinery\/\">\n                  <strong class=\"title\">Tadano finalise l\u2019acquisition de l\u2019activit\u00e9 Syst\u00e8mes de transport de la soci\u00e9t\u00e9 IHI Transport Machinery<\/strong>\n                  <ul class=\"meta\">\n                    <li>Publication<\/li>\n                    <li><time datetime=\"2020-01-01\">Juil\/01\/2025<\/time><\/li>\n                  <\/ul>\n                <\/a>\n              <\/div>\n            <\/div>\n                      <div>\n              <div class=\"news-single\">\n                <a href=\"https:\/\/www.tadano.com\/africa\/fr\/news\/tadano-at-bauma-2025\/\">\n                  <strong class=\"title\">Tadano \u00e0 la bauma 2025<\/strong>\n                  <ul class=\"meta\">\n                    <li>Publication<\/li>\n                    <li><time datetime=\"2020-01-01\">Avr\/07\/2025<\/time><\/li>\n                  <\/ul>\n                <\/a>\n              <\/div>\n            <\/div>\n                      <div>\n              <div class=\"news-single\">\n                <a href=\"https:\/\/www.tadano.com\/africa\/fr\/news\/pm-oil-steel-et-valla-a-la-bauma-2025\/\">\n                  <strong class=\"title\">PM, Oil &amp; Steel et Valla \u00e0 la bauma 2025<\/strong>\n                  <ul class=\"meta\">\n                    <li>Publication<\/li>\n                    <li><time datetime=\"2020-01-01\">Avr\/07\/2025<\/time><\/li>\n                  <\/ul>\n                <\/a>\n              <\/div>\n            <\/div>\n                      <div>\n              <div class=\"news-single\">\n                <a href=\"https:\/\/www.tadano.com\/africa\/fr\/news\/the-new-cc-78-1250-1\/\">\n                  <strong class=\"title\">La nouvelle Tadano CC 78.1250-1<\/strong>\n                  <ul class=\"meta\">\n                    <li>Publication<\/li>\n                    <li><time datetime=\"2020-01-01\">Avr\/03\/2025<\/time><\/li>\n                  <\/ul>\n                <\/a>\n              <\/div>\n            <\/div>\n                      <div>\n              <div class=\"news-single\">\n                <a href=\"https:\/\/www.tadano.com\/africa\/fr\/news\/la-nouvelle-tadano-ac-5-250l-2\/\">\n                  <strong class=\"title\">La nouvelle Tadano AC 5.250L-2<\/strong>\n                  <ul class=\"meta\">\n                    <li>Publication<\/li>\n                    <li><time datetime=\"2020-01-01\">F\u00e9v\/17\/2025<\/time><\/li>\n                  <\/ul>\n                <\/a>\n              <\/div>\n            <\/div>\n                      <div>\n              <div class=\"news-single\">\n                <a href=\"https:\/\/www.tadano.com\/africa\/fr\/news\/foselev-utilise-une-tadano-ac-7-450-1-pour-installer-un-systeme-de-ventilation\/\">\n                  <strong class=\"title\">Foselev utilise une Tadano AC 7.450-1 pour installer un syst\u00e8me de ventilation<\/strong>\n                  <ul class=\"meta\">\n                    <li>Publication<\/li>\n                    <li><time datetime=\"2020-01-01\">D\u00e9c\/20\/2024<\/time><\/li>\n                  <\/ul>\n                <\/a>\n              <\/div>\n            <\/div>\n                      <div>\n              <div class=\"news-single\">\n                <a href=\"https:\/\/www.tadano.com\/africa\/fr\/news\/la-nouvelle-tadano-ac-5-250-2-seduit-par-ses-solutions-innovantes\/\">\n                  <strong class=\"title\">La nouvelle Tadano AC 5.250-2 s\u00e9duit par ses solutions innovantes<\/strong>\n                  <ul class=\"meta\">\n                    <li>Publication<\/li>\n                    <li><time datetime=\"2020-01-01\">Juil\/22\/2024<\/time><\/li>\n                  <\/ul>\n                <\/a>\n              <\/div>\n            <\/div>\n                        <\/div>\n    <\/div>\n  <\/section>\n  ","protected":false},"excerpt":{"rendered":"<p>GRUES D&rsquo;OCCASION &#8211; NOTRE PROMESSE Le r\u00e9seau mondial d&rsquo;experts de Tadano vous aidera \u00e0 trouver la bonne solution pour tout projet. Une vari\u00e9t\u00e9 de grues d&rsquo;occasion approuv\u00e9es par les \u00e9quipementiers, entretenues et certifi\u00e9es peuvent \u00eatre optimis\u00e9es pour vos besoins sp\u00e9cifiques. Les modifications, les r\u00e9parations, le transport et le financement font partie d&rsquo;une exp\u00e9rience client pratique, [&hellip;]<\/p>\n","protected":false},"author":1,"featured_media":0,"parent":0,"menu_order":0,"comment_status":"closed","ping_status":"closed","template":"","meta":{"_acf_changed":false,"footnotes":""},"acf":[],"yoast_head":"<!-- This site is optimized with the Yoast SEO plugin v22.3 - https:\/\/yoast.com\/wordpress\/plugins\/seo\/ -->\n<title>Grues d&#039;occasion - Africa<\/title>\n<meta name=\"robots\" content=\"index, follow, max-snippet:-1, max-image-preview:large, max-video-preview:-1\" \/>\n<link rel=\"canonical\" href=\"https:\/\/www.tadano.com\/africa\/fr\/grues-d-occasion\/\" \/>\n<meta property=\"og:locale\" content=\"fr_FR\" \/>\n<meta property=\"og:type\" content=\"article\" \/>\n<meta property=\"og:title\" content=\"Grues d&#039;occasion - Africa\" \/>\n<meta property=\"og:description\" content=\"GRUES D&rsquo;OCCASION &#8211; NOTRE PROMESSE Le r\u00e9seau mondial d&rsquo;experts de Tadano vous aidera \u00e0 trouver la bonne solution pour tout projet. Une vari\u00e9t\u00e9 de grues d&rsquo;occasion approuv\u00e9es par les \u00e9quipementiers, entretenues et certifi\u00e9es peuvent \u00eatre optimis\u00e9es pour vos besoins sp\u00e9cifiques. Les modifications, les r\u00e9parations, le transport et le financement font partie d&rsquo;une exp\u00e9rience client pratique, [&hellip;]\" \/>\n<meta property=\"og:url\" content=\"https:\/\/www.tadano.com\/africa\/fr\/grues-d-occasion\/\" \/>\n<meta property=\"og:site_name\" content=\"Africa\" \/>\n<meta property=\"article:modified_time\" content=\"2024-03-21T09:16:05+00:00\" \/>\n<meta name=\"twitter:card\" content=\"summary_large_image\" \/>\n<script type=\"application\/ld+json\" class=\"yoast-schema-graph\">{\"@context\":\"https:\/\/schema.org\",\"@graph\":[{\"@type\":\"WebPage\",\"@id\":\"https:\/\/www.tadano.com\/africa\/fr\/grues-d-occasion\/\",\"url\":\"https:\/\/www.tadano.com\/africa\/fr\/grues-d-occasion\/\",\"name\":\"Grues d'occasion - Africa\",\"isPartOf\":{\"@id\":\"https:\/\/www.tadano.com\/africa\/fr\/#website\"},\"datePublished\":\"2021-05-06T07:36:34+00:00\",\"dateModified\":\"2024-03-21T09:16:05+00:00\",\"inLanguage\":\"fr-FR\",\"potentialAction\":[{\"@type\":\"ReadAction\",\"target\":[\"https:\/\/www.tadano.com\/africa\/fr\/grues-d-occasion\/\"]}]},{\"@type\":\"WebSite\",\"@id\":\"https:\/\/www.tadano.com\/africa\/fr\/#website\",\"url\":\"https:\/\/www.tadano.com\/africa\/fr\/\",\"name\":\"Africa\",\"description\":\"Just another TADANO EUROPE site\",\"potentialAction\":[{\"@type\":\"SearchAction\",\"target\":{\"@type\":\"EntryPoint\",\"urlTemplate\":\"https:\/\/www.tadano.com\/africa\/fr\/?s={search_term_string}\"},\"query-input\":\"required name=search_term_string\"}],\"inLanguage\":\"fr-FR\"}]}<\/script>\n<!-- \/ Yoast SEO plugin. -->","yoast_head_json":{"title":"Grues d'occasion - Africa","robots":{"index":"index","follow":"follow","max-snippet":"max-snippet:-1","max-image-preview":"max-image-preview:large","max-video-preview":"max-video-preview:-1"},"canonical":"https:\/\/www.tadano.com\/africa\/fr\/grues-d-occasion\/","og_locale":"fr_FR","og_type":"article","og_title":"Grues d'occasion - Africa","og_description":"GRUES D&rsquo;OCCASION &#8211; NOTRE PROMESSE Le r\u00e9seau mondial d&rsquo;experts de Tadano vous aidera \u00e0 trouver la bonne solution pour tout projet. Une vari\u00e9t\u00e9 de grues d&rsquo;occasion approuv\u00e9es par les \u00e9quipementiers, entretenues et certifi\u00e9es peuvent \u00eatre optimis\u00e9es pour vos besoins sp\u00e9cifiques. Les modifications, les r\u00e9parations, le transport et le financement font partie d&rsquo;une exp\u00e9rience client pratique, [&hellip;]","og_url":"https:\/\/www.tadano.com\/africa\/fr\/grues-d-occasion\/","og_site_name":"Africa","article_modified_time":"2024-03-21T09:16:05+00:00","twitter_card":"summary_large_image","schema":{"@context":"https:\/\/schema.org","@graph":[{"@type":"WebPage","@id":"https:\/\/www.tadano.com\/africa\/fr\/grues-d-occasion\/","url":"https:\/\/www.tadano.com\/africa\/fr\/grues-d-occasion\/","name":"Grues d'occasion - Africa","isPartOf":{"@id":"https:\/\/www.tadano.com\/africa\/fr\/#website"},"datePublished":"2021-05-06T07:36:34+00:00","dateModified":"2024-03-21T09:16:05+00:00","inLanguage":"fr-FR","potentialAction":[{"@type":"ReadAction","target":["https:\/\/www.tadano.com\/africa\/fr\/grues-d-occasion\/"]}]},{"@type":"WebSite","@id":"https:\/\/www.tadano.com\/africa\/fr\/#website","url":"https:\/\/www.tadano.com\/africa\/fr\/","name":"Africa","description":"Just another TADANO EUROPE site","potentialAction":[{"@type":"SearchAction","target":{"@type":"EntryPoint","urlTemplate":"https:\/\/www.tadano.com\/africa\/fr\/?s={search_term_string}"},"query-input":"required name=search_term_string"}],"inLanguage":"fr-FR"}]}},"_links":{"self":[{"href":"https:\/\/www.tadano.com\/africa\/fr\/wp-json\/wp\/v2\/pages\/5053"}],"collection":[{"href":"https:\/\/www.tadano.com\/africa\/fr\/wp-json\/wp\/v2\/pages"}],"about":[{"href":"https:\/\/www.tadano.com\/africa\/fr\/wp-json\/wp\/v2\/types\/page"}],"author":[{"embeddable":true,"href":"https:\/\/www.tadano.com\/africa\/fr\/wp-json\/wp\/v2\/users\/1"}],"replies":[{"embeddable":true,"href":"https:\/\/www.tadano.com\/africa\/fr\/wp-json\/wp\/v2\/comments?post=5053"}],"version-history":[{"count":1,"href":"https:\/\/www.tadano.com\/africa\/fr\/wp-json\/wp\/v2\/pages\/5053\/revisions"}],"predecessor-version":[{"id":5245,"href":"https:\/\/www.tadano.com\/africa\/fr\/wp-json\/wp\/v2\/pages\/5053\/revisions\/5245"}],"wp:attachment":[{"href":"https:\/\/www.tadano.com\/africa\/fr\/wp-json\/wp\/v2\/media?parent=5053"}],"curies":[{"name":"wp","href":"https:\/\/api.w.org\/{rel}","templated":true}]}}