{"id":5056,"date":"2021-07-13T06:54:15","date_gmt":"2021-07-13T06:54:15","guid":{"rendered":"https:\/\/www.tadano.com\/africa\/mentions-legales\/"},"modified":"2025-10-15T06:29:36","modified_gmt":"2025-10-15T06:29:36","slug":"mentions-legales","status":"publish","type":"page","link":"https:\/\/www.tadano.com\/africa\/fr\/mentions-legales\/","title":{"rendered":"Mentions l\u00e9gales"},"content":{"rendered":"\n<h1 class=\"wp-block-heading\">Mentions L\u00e9gales<\/h1>\n\n\n\n<p><strong>Indications en vertu de l&rsquo;article 5 de la Loi allemande sur les t\u00e9l\u00e9m\u00e9dias (TMG)<\/strong><\/p>\n\n\n\n<p>Tadano Europe Holdings GmbH<br>Dinglerstra\u00dfe 24<br>66482 Zweibr\u00fccken, Allemagne<\/p>\n\n\n\n<p>Registre du commerce : HRB 32340<br>Tribunal d&rsquo;enregistrement : Amtsgericht (tribunal d&rsquo;instance) de Zweibr\u00fccken.<\/p>\n\n\n\n<p><strong>Repr\u00e9sent\u00e9 par :<\/strong><\/p>\n\n\n\n<p>Noriaki Yashiro<br>Hiroyuki Goda<br>Takeshi Motoyama<br>Satoshi Nakayama<\/p>\n\n\n\n<p><strong>Contact<\/strong><br>T\u00e9l\u00e9phone : +49 6332 83-0<br>T\u00e9l\u00e9copie : +49 6332 83-1000<br>E-mail : info.europe@tadano.com<\/p>\n\n\n\n<p><strong>Num\u00e9ro de TVA intracommunautaire<\/strong><\/p>\n\n\n\n<p><strong>Num\u00e9ro de TVA intracommunautaire conform\u00e9ment \u00e0 l&rsquo;article 27a de la Loi allemande relative \u00e0 la taxe sur le chiffre d&rsquo;affaires (deutsches Umsatzsteuergesetz)<\/strong><br>DE 332594660<\/p>\n\n\n\n<p><strong>Responsable du contenu conform\u00e9ment \u00e0 l&rsquo;article 55, paragraphe 2 du Trait\u00e9 d&rsquo;\u00c9tat allemand sur la radiodiffusion (RStV)<\/strong><\/p>\n\n\n\n<p>Sven Ebinger<br>Dinglerstra\u00dfe 24<br>66482 Zweibr\u00fccken, Allemagne<\/p>\n\n\n\n<p><strong>Informations sur le r\u00e8glement en ligne des litiges<\/strong><\/p>\n\n\n\n<p>La Commission europ\u00e9enne a mis en place une plateforme Internet pour le r\u00e8glement en ligne des litiges (appel\u00e9e \u00ab plateforme RLL \u00bb). La plateforme RLL sert de point de contact pour le r\u00e8glement extrajudiciaire des litiges relatifs aux obligations contractuelles d\u00e9coulant des contrats de vente en ligne. Vous pouvez acc\u00e9der \u00e0 la plate-forme RLL en cliquant sur le lien suivant :<br>http:\/\/ec.europa.eu\/consumers\/odr<br>Avis en vertu de l&rsquo;article 36 de la Loi allemande sur le r\u00e8glement des litiges avec les consommateurs (VSBG)<br>La soci\u00e9t\u00e9 Tadano Faun GmbH ne participera \u00e0 aucune proc\u00e9dure de r\u00e8glement des litiges devant un organisme de m\u00e9diation de la consommation au sens de la Loi allemande sur le r\u00e8glement des litiges avec les consommateurs (VSBG) et n&rsquo;est pas tenue de le faire.<\/p>\n\n\n\n<p><strong>Responsabilit\u00e9 relative aux contenus<\/strong><\/p>\n\n\n\n<p>En tant que prestataire de services, en vertu de l&rsquo;article 7 alin\u00e9a 1 de la TMG, nous sommes responsables de nos propres contenus sur ces pages, conform\u00e9ment aux lois g\u00e9n\u00e9rales. Conform\u00e9ment aux articles 8 \u00e0 10 de la TMG, nous ne sommes pas tenus de surveiller les informations provenant de tiers transmises ou stock\u00e9es ni d&rsquo;effectuer des recherches sur les circonstances qui indiquent une activit\u00e9 ill\u00e9gale.<\/p>\n\n\n\n<p>Les obligations de supprimer ou de bloquer l&rsquo;utilisation d&rsquo;informations conform\u00e9ment aux lois g\u00e9n\u00e9rales n&rsquo;en sont pas affect\u00e9es. Toutefois, la responsabilit\u00e9 \u00e0 cet \u00e9gard ne peut \u00eatre engag\u00e9e qu&rsquo;\u00e0 partir du moment o\u00f9 une violation concr\u00e8te de la loi est port\u00e9e \u00e0 notre connaissance. Ces contenus seront imm\u00e9diatement supprim\u00e9s si nous avons connaissance de telles infractions \u00e0 la loi.<\/p>\n\n\n\n<p><strong>Responsabilit\u00e9 relative aux liens<\/strong><\/p>\n\n\n\n<p>Notre offre contient des liens vers des sites externes de tiers, sur le contenu desquels nous n&rsquo;avons aucune influence.<br>Par cons\u00e9quent, nous ne pouvons fournir aucune garantie pour ces contenus \u00e9manant de tiers. Le fournisseur ou l&rsquo;exploitant respectif des pages est toujours responsable du contenu des pages li\u00e9es. Les pages li\u00e9es ont fait l&rsquo;objet d&rsquo;une v\u00e9rification au moment de l&rsquo;\u00e9tablissement du lien, afin de d\u00e9tecter d&rsquo;\u00e9ventuelles violations de la loi. Au moment de l&rsquo;\u00e9tablissement du lien, aucun contenu ill\u00e9gal n&rsquo;\u00e9tait identifiable. Un contr\u00f4le permanent du contenu des pages li\u00e9es n&rsquo;est cependant pas justifi\u00e9 sans indices concrets d&rsquo;une violation de la loi. Les liens concern\u00e9s seront imm\u00e9diatement supprim\u00e9s si nous avons connaissance de telles violations de la loi.<\/p>\n\n\n\n<p><strong>Droit d&rsquo;auteur<\/strong><\/p>\n\n\n\n<p>Les contenus et les \u0153uvres cr\u00e9\u00e9s par les exploitants du site sur ces pages sont soumis \u00e0 la l\u00e9gislation allemande sur le droit d&rsquo;auteur. La reproduction, le traitement, la diffusion ou toute forme d&rsquo;utilisation au-del\u00e0 des limites de la loi sur le droit d&rsquo;auteur n\u00e9cessitent le consentement \u00e9crit de son auteur ou cr\u00e9ateur respectif. Les t\u00e9l\u00e9chargements et les copies de ce site sont autoris\u00e9s \u00e0 des fins priv\u00e9es, non commerciales.<br>Dans la mesure o\u00f9 le contenu de ce site n&rsquo;a pas \u00e9t\u00e9 cr\u00e9\u00e9 par l&rsquo;exploitant, les droits d&rsquo;auteur de tiers sont respect\u00e9s. Les contenus de tiers sont notamment signal\u00e9s comme tels. Si vous avez n\u00e9anmoins connaissance d&rsquo;une violation du droit d&rsquo;auteur, veuillez-nous en informer. Ces contenus seront imm\u00e9diatement supprim\u00e9s si nous avons connaissance de telles violations de la loi.<\/p>\n","protected":false},"excerpt":{"rendered":"<p>Mentions L\u00e9gales Indications en vertu de l&rsquo;article 5 de la Loi allemande sur les t\u00e9l\u00e9m\u00e9dias (TMG) Tadano Europe Holdings GmbHDinglerstra\u00dfe 2466482 Zweibr\u00fccken, Allemagne Registre du commerce : HRB 32340Tribunal d&rsquo;enregistrement : Amtsgericht (tribunal d&rsquo;instance) de Zweibr\u00fccken. Repr\u00e9sent\u00e9 par : Noriaki YashiroHiroyuki GodaTakeshi MotoyamaSatoshi Nakayama ContactT\u00e9l\u00e9phone : +49 6332 83-0T\u00e9l\u00e9copie : +49 6332 83-1000E-mail : info.europe@tadano.com [&hellip;]<\/p>\n","protected":false},"author":1,"featured_media":0,"parent":0,"menu_order":0,"comment_status":"closed","ping_status":"closed","template":"","meta":{"_acf_changed":false,"footnotes":""},"acf":[],"yoast_head":"<!-- This site is optimized with the Yoast SEO plugin v22.3 - https:\/\/yoast.com\/wordpress\/plugins\/seo\/ -->\n<title>Mentions l\u00e9gales - Africa<\/title>\n<meta name=\"robots\" content=\"index, follow, max-snippet:-1, max-image-preview:large, max-video-preview:-1\" \/>\n<link rel=\"canonical\" href=\"https:\/\/www.tadano.com\/africa\/fr\/mentions-legales\/\" \/>\n<meta property=\"og:locale\" content=\"fr_FR\" \/>\n<meta property=\"og:type\" content=\"article\" \/>\n<meta property=\"og:title\" content=\"Mentions l\u00e9gales - Africa\" \/>\n<meta property=\"og:description\" content=\"Mentions L\u00e9gales Indications en vertu de l&rsquo;article 5 de la Loi allemande sur les t\u00e9l\u00e9m\u00e9dias (TMG) Tadano Europe Holdings GmbHDinglerstra\u00dfe 2466482 Zweibr\u00fccken, Allemagne Registre du commerce : HRB 32340Tribunal d&rsquo;enregistrement : Amtsgericht (tribunal d&rsquo;instance) de Zweibr\u00fccken. Repr\u00e9sent\u00e9 par : Noriaki YashiroHiroyuki GodaTakeshi MotoyamaSatoshi Nakayama ContactT\u00e9l\u00e9phone : +49 6332 83-0T\u00e9l\u00e9copie : +49 6332 83-1000E-mail : info.europe@tadano.com [&hellip;]\" \/>\n<meta property=\"og:url\" content=\"https:\/\/www.tadano.com\/africa\/fr\/mentions-legales\/\" \/>\n<meta property=\"og:site_name\" content=\"Africa\" \/>\n<meta property=\"article:modified_time\" content=\"2025-10-15T06:29:36+00:00\" \/>\n<meta name=\"twitter:card\" content=\"summary_large_image\" \/>\n<meta name=\"twitter:label1\" content=\"Dur\u00e9e de lecture estim\u00e9e\" \/>\n\t<meta name=\"twitter:data1\" content=\"3 minutes\" \/>\n<script type=\"application\/ld+json\" class=\"yoast-schema-graph\">{\"@context\":\"https:\/\/schema.org\",\"@graph\":[{\"@type\":\"WebPage\",\"@id\":\"https:\/\/www.tadano.com\/africa\/fr\/mentions-legales\/\",\"url\":\"https:\/\/www.tadano.com\/africa\/fr\/mentions-legales\/\",\"name\":\"Mentions l\u00e9gales - Africa\",\"isPartOf\":{\"@id\":\"https:\/\/www.tadano.com\/africa\/fr\/#website\"},\"datePublished\":\"2021-07-13T06:54:15+00:00\",\"dateModified\":\"2025-10-15T06:29:36+00:00\",\"inLanguage\":\"fr-FR\",\"potentialAction\":[{\"@type\":\"ReadAction\",\"target\":[\"https:\/\/www.tadano.com\/africa\/fr\/mentions-legales\/\"]}]},{\"@type\":\"WebSite\",\"@id\":\"https:\/\/www.tadano.com\/africa\/fr\/#website\",\"url\":\"https:\/\/www.tadano.com\/africa\/fr\/\",\"name\":\"Africa\",\"description\":\"Just another TADANO EUROPE site\",\"potentialAction\":[{\"@type\":\"SearchAction\",\"target\":{\"@type\":\"EntryPoint\",\"urlTemplate\":\"https:\/\/www.tadano.com\/africa\/fr\/?s={search_term_string}\"},\"query-input\":\"required name=search_term_string\"}],\"inLanguage\":\"fr-FR\"}]}<\/script>\n<!-- \/ Yoast SEO plugin. -->","yoast_head_json":{"title":"Mentions l\u00e9gales - Africa","robots":{"index":"index","follow":"follow","max-snippet":"max-snippet:-1","max-image-preview":"max-image-preview:large","max-video-preview":"max-video-preview:-1"},"canonical":"https:\/\/www.tadano.com\/africa\/fr\/mentions-legales\/","og_locale":"fr_FR","og_type":"article","og_title":"Mentions l\u00e9gales - Africa","og_description":"Mentions L\u00e9gales Indications en vertu de l&rsquo;article 5 de la Loi allemande sur les t\u00e9l\u00e9m\u00e9dias (TMG) Tadano Europe Holdings GmbHDinglerstra\u00dfe 2466482 Zweibr\u00fccken, Allemagne Registre du commerce : HRB 32340Tribunal d&rsquo;enregistrement : Amtsgericht (tribunal d&rsquo;instance) de Zweibr\u00fccken. Repr\u00e9sent\u00e9 par : Noriaki YashiroHiroyuki GodaTakeshi MotoyamaSatoshi Nakayama ContactT\u00e9l\u00e9phone : +49 6332 83-0T\u00e9l\u00e9copie : +49 6332 83-1000E-mail : info.europe@tadano.com [&hellip;]","og_url":"https:\/\/www.tadano.com\/africa\/fr\/mentions-legales\/","og_site_name":"Africa","article_modified_time":"2025-10-15T06:29:36+00:00","twitter_card":"summary_large_image","twitter_misc":{"Dur\u00e9e de lecture estim\u00e9e":"3 minutes"},"schema":{"@context":"https:\/\/schema.org","@graph":[{"@type":"WebPage","@id":"https:\/\/www.tadano.com\/africa\/fr\/mentions-legales\/","url":"https:\/\/www.tadano.com\/africa\/fr\/mentions-legales\/","name":"Mentions l\u00e9gales - Africa","isPartOf":{"@id":"https:\/\/www.tadano.com\/africa\/fr\/#website"},"datePublished":"2021-07-13T06:54:15+00:00","dateModified":"2025-10-15T06:29:36+00:00","inLanguage":"fr-FR","potentialAction":[{"@type":"ReadAction","target":["https:\/\/www.tadano.com\/africa\/fr\/mentions-legales\/"]}]},{"@type":"WebSite","@id":"https:\/\/www.tadano.com\/africa\/fr\/#website","url":"https:\/\/www.tadano.com\/africa\/fr\/","name":"Africa","description":"Just another TADANO EUROPE site","potentialAction":[{"@type":"SearchAction","target":{"@type":"EntryPoint","urlTemplate":"https:\/\/www.tadano.com\/africa\/fr\/?s={search_term_string}"},"query-input":"required name=search_term_string"}],"inLanguage":"fr-FR"}]}},"_links":{"self":[{"href":"https:\/\/www.tadano.com\/africa\/fr\/wp-json\/wp\/v2\/pages\/5056"}],"collection":[{"href":"https:\/\/www.tadano.com\/africa\/fr\/wp-json\/wp\/v2\/pages"}],"about":[{"href":"https:\/\/www.tadano.com\/africa\/fr\/wp-json\/wp\/v2\/types\/page"}],"author":[{"embeddable":true,"href":"https:\/\/www.tadano.com\/africa\/fr\/wp-json\/wp\/v2\/users\/1"}],"replies":[{"embeddable":true,"href":"https:\/\/www.tadano.com\/africa\/fr\/wp-json\/wp\/v2\/comments?post=5056"}],"version-history":[{"count":5,"href":"https:\/\/www.tadano.com\/africa\/fr\/wp-json\/wp\/v2\/pages\/5056\/revisions"}],"predecessor-version":[{"id":5908,"href":"https:\/\/www.tadano.com\/africa\/fr\/wp-json\/wp\/v2\/pages\/5056\/revisions\/5908"}],"wp:attachment":[{"href":"https:\/\/www.tadano.com\/africa\/fr\/wp-json\/wp\/v2\/media?parent=5056"}],"curies":[{"name":"wp","href":"https:\/\/api.w.org\/{rel}","templated":true}]}}