{"id":5058,"date":"2021-08-31T14:47:53","date_gmt":"2021-08-31T12:47:53","guid":{"rendered":"https:\/\/www.tadano.com\/africa\/outils-tadano\/"},"modified":"2026-03-13T09:22:32","modified_gmt":"2026-03-13T09:22:32","slug":"outils-digitaux","status":"publish","type":"page","link":"https:\/\/www.tadano.com\/africa\/fr\/outils-digitaux\/","title":{"rendered":"Outils digitaux"},"content":{"rendered":"\n\n\n<section class=\"hero-section\">\n\n\t\n\t\n\t\n\t<div class=\"img-holder \">\n\t\t\t\t<div class=\"bg-stretch\" style=\"background-position: 50% 50%; \">\n\t\t\t<span data-srcset=\"https:\/\/www.tadano.com\/africa\/wp-content\/uploads\/sites\/11\/2023\/10\/Design-ohne-Titel-28-1200x1200.png, https:\/\/www.tadano.com\/africa\/wp-content\/uploads\/sites\/11\/2023\/10\/Design-ohne-Titel-28.png 2x\"><\/span>\n\t\t<\/div>\n\t\t\t\t\t\t<div class=\"logo green-solutions\" style=\"display:none;\">\n\t\t\t<a href=\"#\"><img decoding=\"async\" src=\"https:\/\/www.tadano.com\/africa\/wp-content\/themes\/tadano\/assets\/dist\/images\/Green-Solutions_Logo_White.svg\"><\/a>\n\t\t<\/div>\n\t<\/div>\n\t<div class=\"container\">\n\t\t<div class=\"text-holder \">\n\t\t\t<div class=\"wrap\">\n\t\t\t\t\n\t\t\t\t<ul class=\"breadcrumbs\"><li><a href=\"https:\/\/www.tadano.com\/africa\/fr\/\">Accueil<\/a><\/li><\/ul>\n\t\t\t\t\n\n<h1 class=\"wp-block-heading\">OUTILS digitaux<\/h1>\n\n\n\n<p>Nos outils digitaux vous permettent d&rsquo;utiliser les grues au maximum de leur potentiel.<\/p>\n\n\n\n\t\t\t\t\n\t\t\t<\/div>\n\n\t\t\t\n\t\t\t\n\t\t\t\n\t\t<\/div>\n\t<\/div>\n<\/section>\n\n\n<div class=\"wp-block-group is-style-background-triangle-right has-white-color has-dark-blue-background-color has-text-color has-background is-layout-flow wp-block-group-is-layout-flow\"><div class=\"wp-block-group__inner-container\">\n<div class=\"wp-block-columns is-layout-flex wp-container-core-columns-layout-1 wp-block-columns-is-layout-flex\">\n<div class=\"wp-block-column is-layout-flow wp-block-column-is-layout-flow\" style=\"flex-basis:33.33%\">\n<h2 class=\"wp-block-heading\">PARCOUREZ LES OUTILS DIGITAUX<\/h2>\n\n\n\n<p>Les outils digitaux de Tadano vous aident \u00e0 rendre votre activit\u00e9 avec les grues Tadano plus efficace et plus fiable.<\/p>\n<\/div>\n\n\n\n<div class=\"wp-block-column is-layout-flow wp-block-column-is-layout-flow\" style=\"flex-basis:66.66%\"><div class=\"links-block-wrapper\">\n  <div class=\"container\">\n    <section class=\"links-block\">\n              <div class=\"links-block\">\n                                  <div class=\"link-single  \">\n                              <a href=\"https:\/\/www.tadano.com\/africa\/fr\/technologies\/heytadano\/\">\n                               \n                                  <strong class='title'>HeyTadano<\/strong>\n                                                  <p>Assistant grue intelligent bas\u00e9 sur l\u2019IA pour un acc\u00e8s imm\u00e9diat aux connaissances Tadano. Disponible \u00e0 tout moment \u2013 sur chantier ou au bureau.<\/p>\n                              <\/a>\n            <\/div>\n                                  <div class=\"link-single  \">\n                              <a href=\"https:\/\/eservice.tadano.co.jp\/lp\/\">\n                               \n                                  <strong class='title'>Compte e-Service<\/strong>\n                                                  <p>Une large gamme de services fournis par Tadano est facilement accessible \u00e0 partir d&rsquo;un seul compte.<\/p>\n                              <\/a>\n            <\/div>\n                                  <div class=\"link-single  \">\n                              <a href=\"https:\/\/www.tadano.com\/africa\/fr\/fiches-techniques-et-donnees-dingenierie\/\">\n                               \n                                  <strong class='title'>Fiches techniques et donn\u00e9es d&rsquo;ing\u00e9nierie<\/strong>\n                                                  <p>Mod\u00e8les GR, GT et anciens mod\u00e8les de grues automotrices lentes et de grues sur camion<\/p>\n                              <\/a>\n            <\/div>\n                                  <div class=\"link-single  \">\n                              <a href=\"https:\/\/www.tadano.com\/africa\/fr\/cao-2d\/\">\n                               \n                                  <strong class='title'>Donn\u00e9es de CAO 2D<\/strong>\n                                                  <p>Mod\u00e8les GR, GT et anciens mod\u00e8les de grues automotrices lentes et de grues sur camion<\/p>\n                              <\/a>\n            <\/div>\n                                  <div class=\"link-single  \">\n                              <a href=\"https:\/\/www.tadano.com\/africa\/fr\/cao-3d\/\">\n                               \n                                  <strong class='title'>Formulaire de demande de CAO 3D<\/strong>\n                                                  <p>Mod\u00e8les GR, GT et anciens mod\u00e8les de grues automotrices lentes et de grues sur camion<\/p>\n                              <\/a>\n            <\/div>\n                                  <div class=\"link-single  \">\n                              <a href=\"https:\/\/www.tadano.com\/africa\/fr\/bim-data\/\">\n                               \n                                  <strong class='title'>Donn\u00e9es BIM<\/strong>\n                                                  <p>Fichiers BIM disponibles au format Autodesk\u00ae Revit\u00ae Family File (.rfa)<\/p>\n                              <\/a>\n            <\/div>\n                                  <div class=\"link-single  \">\n                              <a href=\"https:\/\/docsearch.tadano.co.jp\/\">\n                               \n                                  <strong class='title'>Manuels d&rsquo;utilisation<\/strong>\n                                              <\/a>\n            <\/div>\n                                  <div class=\"link-single  \">\n                              <a href=\"https:\/\/cspages.tadano.com\/manual-net\/?LGA=WSTDNGLBHP&amp;LGP=5\">\n                               \n                                  <strong class='title'>Catalogues de pi\u00e8ces d\u00e9tach\u00e9es et tableaux de charge<\/strong>\n                                                  <p>Grues automotrices lentes, grues mobiles sur camion, grues de chargement sur camion et nacelles \u00e9l\u00e9vatrices.<\/p>\n                              <\/a>\n            <\/div>\n                                  <div class=\"link-single  \">\n                              <a href=\"https:\/\/spareparts.tadanoeurope.com\/catalog\/\">\n                               \n                                  <strong class='title'>Catalogues de pi\u00e8ces d\u00e9tach\u00e9es pour les produits AC &#038; CC<\/strong>\n                                              <\/a>\n            <\/div>\n                                  <div class=\"link-single  \">\n                              <a href=\"https:\/\/www.tadano.com\/africa\/fr\/cranebee\/\">\n                               \n                                  <strong class='title'>CRANEbee<\/strong>\n                                                  <p>Planification de levage intelligente \u2013 powered by CRANIMAX.<\/p>\n                              <\/a>\n            <\/div>\n                                  <div class=\"link-single  \">\n                              <a href=\"https:\/\/tools.global.tadano.com\/Tadano_Frontend\/login.cfm\">\n                               \n                                  <strong class='title'>R\u00e9action des stabilisateurs<\/strong>\n                                                  <p>Mod\u00e8les Tadano AC, ATF et HK<\/p>\n                              <\/a>\n            <\/div>\n                                  <div class=\"link-single  \">\n                              <a href=\"https:\/\/Jackal.tadano.com\/JackalE\/logon_public.aspx\">\n                               \n                                  <strong class='title'>Service d&rsquo;approvisionnement de la force de r\u00e9action des stabilisateurs<\/strong>\n                                                  <p>Grues automotrices lentes, grues tout terrain et grues sur camion<\/p>\n                              <\/a>\n            <\/div>\n                                  <div class=\"link-single  \">\n                              <a href=\"https:\/\/tools.global.tadano.com\/Tadano_Frontend\/login.cfm\">\n                               \n                                  <strong class='title'>Champ d&rsquo;action<\/strong>\n                                                  <p>Mod\u00e8les Tadano AC, ATF<\/p>\n                              <\/a>\n            <\/div>\n                                  <div class=\"link-single  \">\n                              <a href=\"https:\/\/tools.global.tadano.com\/Tadano_Frontend\/login.cfm\">\n                               \n                                  <strong class='title'>Gr\u00e9ement<\/strong>\n                                                  <p>Mod\u00e8les Tadano AC, ATF et HK<\/p>\n                              <\/a>\n            <\/div>\n                                  <div class=\"link-single  \">\n                              <a href=\"https:\/\/app.heavygoods.net\/?ref=tadano&#038;_locale=en\">\n                               \n                                  <strong class='title'>Simulation de trajectoires HeavyGoods.net<\/strong>\n                                                  <p>Simulation de man\u0153uvres de conduite sur Google Maps et CAO pour les mod\u00e8les AC de Tadano<\/p>\n                              <\/a>\n            <\/div>\n                  <\/div>\n                    \n    <\/section>\n  <\/div>\n<\/div><\/div>\n<\/div>\n<\/div><\/div>\n","protected":false},"excerpt":{"rendered":"<p>PARCOUREZ LES OUTILS DIGITAUX Les outils digitaux de Tadano vous aident \u00e0 rendre votre activit\u00e9 avec les grues Tadano plus efficace et plus fiable.<\/p>\n","protected":false},"author":2,"featured_media":0,"parent":0,"menu_order":0,"comment_status":"closed","ping_status":"closed","template":"","meta":{"_acf_changed":false,"footnotes":""},"acf":[],"yoast_head":"<!-- This site is optimized with the Yoast SEO plugin v22.3 - https:\/\/yoast.com\/wordpress\/plugins\/seo\/ -->\n<title>Outils digitaux - Africa<\/title>\n<meta name=\"robots\" content=\"index, follow, max-snippet:-1, max-image-preview:large, max-video-preview:-1\" \/>\n<link rel=\"canonical\" href=\"https:\/\/www.tadano.com\/africa\/fr\/outils-digitaux\/\" \/>\n<meta property=\"og:locale\" content=\"fr_FR\" \/>\n<meta property=\"og:type\" content=\"article\" \/>\n<meta property=\"og:title\" content=\"Outils digitaux - Africa\" \/>\n<meta property=\"og:description\" content=\"PARCOUREZ LES OUTILS DIGITAUX Les outils digitaux de Tadano vous aident \u00e0 rendre votre activit\u00e9 avec les grues Tadano plus efficace et plus fiable.\" \/>\n<meta property=\"og:url\" content=\"https:\/\/www.tadano.com\/africa\/fr\/outils-digitaux\/\" \/>\n<meta property=\"og:site_name\" content=\"Africa\" \/>\n<meta property=\"article:modified_time\" content=\"2026-03-13T09:22:32+00:00\" \/>\n<meta name=\"twitter:card\" content=\"summary_large_image\" \/>\n<meta name=\"twitter:label1\" content=\"Dur\u00e9e de lecture estim\u00e9e\" \/>\n\t<meta name=\"twitter:data1\" content=\"1 minute\" \/>\n<script type=\"application\/ld+json\" class=\"yoast-schema-graph\">{\"@context\":\"https:\/\/schema.org\",\"@graph\":[{\"@type\":\"WebPage\",\"@id\":\"https:\/\/www.tadano.com\/africa\/fr\/outils-digitaux\/\",\"url\":\"https:\/\/www.tadano.com\/africa\/fr\/outils-digitaux\/\",\"name\":\"Outils digitaux - Africa\",\"isPartOf\":{\"@id\":\"https:\/\/www.tadano.com\/africa\/fr\/#website\"},\"datePublished\":\"2021-08-31T12:47:53+00:00\",\"dateModified\":\"2026-03-13T09:22:32+00:00\",\"inLanguage\":\"fr-FR\",\"potentialAction\":[{\"@type\":\"ReadAction\",\"target\":[\"https:\/\/www.tadano.com\/africa\/fr\/outils-digitaux\/\"]}]},{\"@type\":\"WebSite\",\"@id\":\"https:\/\/www.tadano.com\/africa\/fr\/#website\",\"url\":\"https:\/\/www.tadano.com\/africa\/fr\/\",\"name\":\"Africa\",\"description\":\"Just another TADANO EUROPE site\",\"potentialAction\":[{\"@type\":\"SearchAction\",\"target\":{\"@type\":\"EntryPoint\",\"urlTemplate\":\"https:\/\/www.tadano.com\/africa\/fr\/?s={search_term_string}\"},\"query-input\":\"required name=search_term_string\"}],\"inLanguage\":\"fr-FR\"}]}<\/script>\n<!-- \/ Yoast SEO plugin. -->","yoast_head_json":{"title":"Outils digitaux - Africa","robots":{"index":"index","follow":"follow","max-snippet":"max-snippet:-1","max-image-preview":"max-image-preview:large","max-video-preview":"max-video-preview:-1"},"canonical":"https:\/\/www.tadano.com\/africa\/fr\/outils-digitaux\/","og_locale":"fr_FR","og_type":"article","og_title":"Outils digitaux - Africa","og_description":"PARCOUREZ LES OUTILS DIGITAUX Les outils digitaux de Tadano vous aident \u00e0 rendre votre activit\u00e9 avec les grues Tadano plus efficace et plus fiable.","og_url":"https:\/\/www.tadano.com\/africa\/fr\/outils-digitaux\/","og_site_name":"Africa","article_modified_time":"2026-03-13T09:22:32+00:00","twitter_card":"summary_large_image","twitter_misc":{"Dur\u00e9e de lecture estim\u00e9e":"1 minute"},"schema":{"@context":"https:\/\/schema.org","@graph":[{"@type":"WebPage","@id":"https:\/\/www.tadano.com\/africa\/fr\/outils-digitaux\/","url":"https:\/\/www.tadano.com\/africa\/fr\/outils-digitaux\/","name":"Outils digitaux - Africa","isPartOf":{"@id":"https:\/\/www.tadano.com\/africa\/fr\/#website"},"datePublished":"2021-08-31T12:47:53+00:00","dateModified":"2026-03-13T09:22:32+00:00","inLanguage":"fr-FR","potentialAction":[{"@type":"ReadAction","target":["https:\/\/www.tadano.com\/africa\/fr\/outils-digitaux\/"]}]},{"@type":"WebSite","@id":"https:\/\/www.tadano.com\/africa\/fr\/#website","url":"https:\/\/www.tadano.com\/africa\/fr\/","name":"Africa","description":"Just another TADANO EUROPE site","potentialAction":[{"@type":"SearchAction","target":{"@type":"EntryPoint","urlTemplate":"https:\/\/www.tadano.com\/africa\/fr\/?s={search_term_string}"},"query-input":"required name=search_term_string"}],"inLanguage":"fr-FR"}]}},"_links":{"self":[{"href":"https:\/\/www.tadano.com\/africa\/fr\/wp-json\/wp\/v2\/pages\/5058"}],"collection":[{"href":"https:\/\/www.tadano.com\/africa\/fr\/wp-json\/wp\/v2\/pages"}],"about":[{"href":"https:\/\/www.tadano.com\/africa\/fr\/wp-json\/wp\/v2\/types\/page"}],"author":[{"embeddable":true,"href":"https:\/\/www.tadano.com\/africa\/fr\/wp-json\/wp\/v2\/users\/2"}],"replies":[{"embeddable":true,"href":"https:\/\/www.tadano.com\/africa\/fr\/wp-json\/wp\/v2\/comments?post=5058"}],"version-history":[{"count":5,"href":"https:\/\/www.tadano.com\/africa\/fr\/wp-json\/wp\/v2\/pages\/5058\/revisions"}],"predecessor-version":[{"id":6450,"href":"https:\/\/www.tadano.com\/africa\/fr\/wp-json\/wp\/v2\/pages\/5058\/revisions\/6450"}],"wp:attachment":[{"href":"https:\/\/www.tadano.com\/africa\/fr\/wp-json\/wp\/v2\/media?parent=5058"}],"curies":[{"name":"wp","href":"https:\/\/api.w.org\/{rel}","templated":true}]}}