{"id":5069,"date":"2021-12-10T11:26:11","date_gmt":"2021-12-10T11:26:11","guid":{"rendered":"https:\/\/www.tadano.com\/africa\/technologie\/technologies-respectueuses-de-lenvironnement-et-du-climat\/"},"modified":"2024-06-06T12:48:29","modified_gmt":"2024-06-06T12:48:29","slug":"technologies-respectueuses-de-lenvironnement-et-du-climat","status":"publish","type":"page","link":"https:\/\/www.tadano.com\/africa\/fr\/technologie\/technologies-respectueuses-de-lenvironnement-et-du-climat\/","title":{"rendered":"Technologies respectueuses de l&rsquo;environnement et du climat"},"content":{"rendered":"\n\n\n<section class=\"hero-section\">\n\n\t\n\t\n\t\n\t<div class=\"img-holder \">\n\t\t\t\t<div class=\"bg-stretch\" style=\"background-position: 0 50%; \">\n\t\t\t<span data-srcset=\"https:\/\/assets.onetadano.com\/celum_assets\/hero\/HVO.jpg, https:\/\/assets.onetadano.com\/celum_assets\/hero-2x\/HVO.jpg 2x\"><\/span>\n\t\t<\/div>\n\t\t\t\t\t\t<div class=\"logo green-solutions\" style=\"display:none;\">\n\t\t\t<a href=\"#\"><img decoding=\"async\" src=\"https:\/\/www.tadano.com\/africa\/wp-content\/themes\/tadano\/assets\/dist\/images\/Green-Solutions_Logo_White.svg\"><\/a>\n\t\t<\/div>\n\t<\/div>\n\t<div class=\"container\">\n\t\t<div class=\"text-holder \">\n\t\t\t<div class=\"wrap\">\n\t\t\t\t\n\t\t\t\t<ul class=\"breadcrumbs\"><li><a href=\"https:\/\/www.tadano.com\/africa\/fr\/\">Accueil<\/a><\/li><\/ul>\n\t\t\t\t\n\n<h1 class=\"wp-block-heading\">Technologies respectueuses de l&rsquo;environnement et du climat<\/h1>\n\n\n\n<p>La protection de l&rsquo;environnement et la durabilit\u00e9 font partie int\u00e9grante de la philosophie d&rsquo;entreprise de Tadano. C&rsquo;est la raison pour laquelle nous \u0153uvrons en permanence au d\u00e9veloppement de technologies d&rsquo;entra\u00eenement sans \u00e9missions et \u00e0 \u00e9missions r\u00e9duites, qui puissent permettre \u00e0 nos clients d&rsquo;exploiter leurs grues dans le respect de l&rsquo;environnement et du climat.<\/p>\n\n\n\n\t\t\t\t\n\t\t\t<\/div>\n\n\t\t\t\n\t\t\t\n\t\t\t\n\t\t<\/div>\n\t<\/div>\n<\/section>\n\n\n\n\n<div class=\"wp-block-group is-style-background-triangle-right has-white-color has-dark-blue-background-color has-text-color has-background is-layout-flow wp-block-group-is-layout-flow\"><div class=\"wp-block-group__inner-container\">\n<div class=\"wp-block-columns is-layout-flex wp-container-core-columns-layout-2 wp-block-columns-is-layout-flex\">\n<div class=\"wp-block-column is-layout-flow wp-block-column-is-layout-flow\" style=\"flex-basis:33.33%\">\n<h2 class=\"wp-block-heading\">PARCOUREZ NOS Technologies<\/h2>\n\n\n\n<p>Les technologies de r\u00e9duction de la consommation et des \u00e9missions propos\u00e9es par Tadano contribuent \u00e0 r\u00e9duire les \u00e9missions de gaz \u00e0 effet de serre et de polluants et, dans de nombreuses situations, diminuent m\u00eame au passage les co\u00fbts d&rsquo;exploitation.<\/p>\n<\/div>\n\n\n\n<div class=\"wp-block-column is-layout-flow wp-block-column-is-layout-flow\" style=\"flex-basis:66.66%\">\n\n<div class=\"links-block-wrapper\">\n  <div class=\"container\">\n    <section class=\"links-block\">\n\n\n              <div class=\"links-block\">\n                      \n\n            <div class=\"link-single\">\n                              <a href=\"https:\/\/www.tadano.com\/africa\/fr\/technologies\/carburants-diesel-de-substitution\/\">\n                                                      <strong class='title'>Carburants diesel de substitution<\/strong>\n                                                        <p>Toutes les grues Tadano de la gamme actuelle peuvent \u00e9galement \u00eatre utilis\u00e9es, selon le mod\u00e8le, avec diff\u00e9rents carburants diesel de substitution. L&rsquo;utilisation de ces carburants permet dans de nombreux cas une exploitation de la grue avec des \u00e9missions r\u00e9duites et donc plus respectueuse du climat et de l&rsquo;environnement.<\/p>\n                                  <\/a>\n              <\/div>\n\n                          \n\n            <div class=\"link-single\">\n                              <a href=\"https:\/\/www.tadano.com\/africa\/fr\/technologies\/e-pack\/\">\n                                                      <strong class='title'>e-PACK<\/strong>\n                                                        <p>Syst\u00e8me \u00e9lectrohydraulique avec z\u00e9ro \u00e9mission lors du fonctionnement de la grue. Parfait pour les zones urbaines, la nuit ou pour les op\u00e9rations en int\u00e9rieur.<\/p>\n                                  <\/a>\n              <\/div>\n\n                          \n\n            <div class=\"link-single\">\n                              <a href=\"https:\/\/www.tadano.com\/africa\/fr\/technologies\/start-stop\/\">\n                                                      <strong class='title'>Stop and Start<\/strong>\n                                                        <p>La fonction Stop and Start permet de couper manuellement le moteur pendant que la grue est en service gr\u00e2ce \u00e0 un bouton situ\u00e9 dans la cabine, afin d&rsquo;\u00e9viter que le moteur ne marche au ralenti. Cette fonction fournit la possibilit\u00e9 de r\u00e9duire la consommation de carburant, les \u00e9missions et les heures de service de la grue. La commande de la grue reste active pendant l&rsquo;arr\u00eat du moteur, de sorte que le service de la grue peut reprendre rapidement apr\u00e8s le red\u00e9marrage.<\/p>\n                                  <\/a>\n              <\/div>\n\n                          \n\n            <div class=\"link-single\">\n                              <a href=\"https:\/\/www.tadano.com\/africa\/fr\/technologies\/systeme-eco-mode\/\">\n                                                      <strong class='title'>Syst\u00e8me Eco Mode<\/strong>\n                                                        <p>Le syst\u00e8me Eco Mode contr\u00f4le la vitesse maximale du moteur pour r\u00e9duire les \u00e9missions, la consommation de carburant et le bruit tout en assurant un fonctionnement solide de la grue.<\/p>\n                                  <\/a>\n              <\/div>\n\n                        <\/div>\n          \n        \n      <\/section>\n    <\/div>\n  <\/div><\/div>\n<\/div>\n<\/div><\/div>\n\n\n\n    <section class=\"news-section\">\n\n    <div class=\"container\">\n      <div class=\"text-block\">\n        <h2>Actualit\u00e9s<\/h2>\n                        \n                  <a href=\"https:\/\/www.tadano.com\/africa\/fr\/a-propos\/news-list\/\" class=\"link-more\">EXPLORER TOUTES les News<\/a>\n        \n\n                <div class=\"controls\">\n          <svg width=\"14\" height=\"31\" viewBox=\"0 0 14 31\" fill=\"none\" xmlns=\"http:\/\/www.w3.org\/2000\/svg\">\n           <path d=\"M13 1L1 15.5L13 30\" stroke=\"#fff\"\/>\n          <\/svg>\n          <svg width=\"15\" height=\"31\" viewBox=\"0 0 15 31\" fill=\"none\" xmlns=\"http:\/\/www.w3.org\/2000\/svg\">\n           <path d=\"M1 1L14 15.5L1 30\" stroke=\"#fff\"\/>\n          <\/svg>\n        <\/div>\n        \n\n        \n      <\/div>\n      <div class=\"slick-slider simple-slider\">\n                              <div>\n              <div class=\"news-single\">\n                <a href=\"https:\/\/www.tadano.com\/africa\/fr\/news\/sotrama-recoit-la-premiere-tadano-ac-5-250l-2-en-france\/\">\n                  <strong class=\"title\">Sotrama recoit la premi\u00e8re Tadano AC 5.250L-2 en France<\/strong>\n                  <ul class=\"meta\">\n                    <li>Publication<\/li>\n                    <li><time datetime=\"2020-01-01\">Oct\/17\/2025<\/time><\/li>\n                  <\/ul>\n                <\/a>\n              <\/div>\n            <\/div>\n                      <div>\n              <div class=\"news-single\">\n                <a href=\"https:\/\/www.tadano.com\/africa\/fr\/news\/tadano-finalise-lacquisition-de-lactivite-systemes-de-transport-de-la-societe-ihi-transport-machinery\/\">\n                  <strong class=\"title\">Tadano finalise l\u2019acquisition de l\u2019activit\u00e9 Syst\u00e8mes de transport de la soci\u00e9t\u00e9 IHI Transport Machinery<\/strong>\n                  <ul class=\"meta\">\n                    <li>Publication<\/li>\n                    <li><time datetime=\"2020-01-01\">Juil\/01\/2025<\/time><\/li>\n                  <\/ul>\n                <\/a>\n              <\/div>\n            <\/div>\n                      <div>\n              <div class=\"news-single\">\n                <a href=\"https:\/\/www.tadano.com\/africa\/fr\/news\/tadano-at-bauma-2025\/\">\n                  <strong class=\"title\">Tadano \u00e0 la bauma 2025<\/strong>\n                  <ul class=\"meta\">\n                    <li>Publication<\/li>\n                    <li><time datetime=\"2020-01-01\">Avr\/07\/2025<\/time><\/li>\n                  <\/ul>\n                <\/a>\n              <\/div>\n            <\/div>\n                      <div>\n              <div class=\"news-single\">\n                <a href=\"https:\/\/www.tadano.com\/africa\/fr\/news\/pm-oil-steel-et-valla-a-la-bauma-2025\/\">\n                  <strong class=\"title\">PM, Oil &amp; Steel et Valla \u00e0 la bauma 2025<\/strong>\n                  <ul class=\"meta\">\n                    <li>Publication<\/li>\n                    <li><time datetime=\"2020-01-01\">Avr\/07\/2025<\/time><\/li>\n                  <\/ul>\n                <\/a>\n              <\/div>\n            <\/div>\n                      <div>\n              <div class=\"news-single\">\n                <a href=\"https:\/\/www.tadano.com\/africa\/fr\/news\/the-new-cc-78-1250-1\/\">\n                  <strong class=\"title\">La nouvelle Tadano CC 78.1250-1<\/strong>\n                  <ul class=\"meta\">\n                    <li>Publication<\/li>\n                    <li><time datetime=\"2020-01-01\">Avr\/03\/2025<\/time><\/li>\n                  <\/ul>\n                <\/a>\n              <\/div>\n            <\/div>\n                      <div>\n              <div class=\"news-single\">\n                <a href=\"https:\/\/www.tadano.com\/africa\/fr\/news\/la-nouvelle-tadano-ac-5-250l-2\/\">\n                  <strong class=\"title\">La nouvelle Tadano AC 5.250L-2<\/strong>\n                  <ul class=\"meta\">\n                    <li>Publication<\/li>\n                    <li><time datetime=\"2020-01-01\">F\u00e9v\/17\/2025<\/time><\/li>\n                  <\/ul>\n                <\/a>\n              <\/div>\n            <\/div>\n                      <div>\n              <div class=\"news-single\">\n                <a href=\"https:\/\/www.tadano.com\/africa\/fr\/news\/foselev-utilise-une-tadano-ac-7-450-1-pour-installer-un-systeme-de-ventilation\/\">\n                  <strong class=\"title\">Foselev utilise une Tadano AC 7.450-1 pour installer un syst\u00e8me de ventilation<\/strong>\n                  <ul class=\"meta\">\n                    <li>Publication<\/li>\n                    <li><time datetime=\"2020-01-01\">D\u00e9c\/20\/2024<\/time><\/li>\n                  <\/ul>\n                <\/a>\n              <\/div>\n            <\/div>\n                      <div>\n              <div class=\"news-single\">\n                <a href=\"https:\/\/www.tadano.com\/africa\/fr\/news\/la-nouvelle-tadano-ac-5-250-2-seduit-par-ses-solutions-innovantes\/\">\n                  <strong class=\"title\">La nouvelle Tadano AC 5.250-2 s\u00e9duit par ses solutions innovantes<\/strong>\n                  <ul class=\"meta\">\n                    <li>Publication<\/li>\n                    <li><time datetime=\"2020-01-01\">Juil\/22\/2024<\/time><\/li>\n                  <\/ul>\n                <\/a>\n              <\/div>\n            <\/div>\n                        <\/div>\n    <\/div>\n  <\/section>\n  \n\n\n<p><\/p>\n","protected":false},"excerpt":{"rendered":"<p>PARCOUREZ NOS Technologies Les technologies de r\u00e9duction de la consommation et des \u00e9missions propos\u00e9es par Tadano contribuent \u00e0 r\u00e9duire les \u00e9missions de gaz \u00e0 effet de serre et de polluants et, dans de nombreuses situations, diminuent m\u00eame au passage les co\u00fbts d&rsquo;exploitation. PARCOUREZ NOS Technologies Les technologies de r\u00e9duction de la consommation et des \u00e9missions [&hellip;]<\/p>\n","protected":false},"author":3,"featured_media":0,"parent":4971,"menu_order":0,"comment_status":"closed","ping_status":"closed","template":"","meta":{"_acf_changed":false,"footnotes":""},"acf":[],"yoast_head":"<!-- This site is optimized with the Yoast SEO plugin v22.3 - https:\/\/yoast.com\/wordpress\/plugins\/seo\/ -->\n<title>Technologies respectueuses de l&#039;environnement et du climat - Africa<\/title>\n<meta name=\"robots\" content=\"index, follow, max-snippet:-1, max-image-preview:large, max-video-preview:-1\" \/>\n<link rel=\"canonical\" href=\"https:\/\/www.tadano.com\/africa\/fr\/technologie\/technologies-respectueuses-de-lenvironnement-et-du-climat\/\" \/>\n<meta property=\"og:locale\" content=\"fr_FR\" \/>\n<meta property=\"og:type\" content=\"article\" \/>\n<meta property=\"og:title\" content=\"Technologies respectueuses de l&#039;environnement et du climat - Africa\" \/>\n<meta property=\"og:description\" content=\"PARCOUREZ NOS Technologies Les technologies de r\u00e9duction de la consommation et des \u00e9missions propos\u00e9es par Tadano contribuent \u00e0 r\u00e9duire les \u00e9missions de gaz \u00e0 effet de serre et de polluants et, dans de nombreuses situations, diminuent m\u00eame au passage les co\u00fbts d&rsquo;exploitation. PARCOUREZ NOS Technologies Les technologies de r\u00e9duction de la consommation et des \u00e9missions [&hellip;]\" \/>\n<meta property=\"og:url\" content=\"https:\/\/www.tadano.com\/africa\/fr\/technologie\/technologies-respectueuses-de-lenvironnement-et-du-climat\/\" \/>\n<meta property=\"og:site_name\" content=\"Africa\" \/>\n<meta property=\"article:modified_time\" content=\"2024-06-06T12:48:29+00:00\" \/>\n<meta name=\"twitter:card\" content=\"summary_large_image\" \/>\n<meta name=\"twitter:label1\" content=\"Dur\u00e9e de lecture estim\u00e9e\" \/>\n\t<meta name=\"twitter:data1\" content=\"1 minute\" \/>\n<script type=\"application\/ld+json\" class=\"yoast-schema-graph\">{\"@context\":\"https:\/\/schema.org\",\"@graph\":[{\"@type\":\"WebPage\",\"@id\":\"https:\/\/www.tadano.com\/africa\/fr\/technologie\/technologies-respectueuses-de-lenvironnement-et-du-climat\/\",\"url\":\"https:\/\/www.tadano.com\/africa\/fr\/technologie\/technologies-respectueuses-de-lenvironnement-et-du-climat\/\",\"name\":\"Technologies respectueuses de l'environnement et du climat - Africa\",\"isPartOf\":{\"@id\":\"https:\/\/www.tadano.com\/africa\/fr\/#website\"},\"datePublished\":\"2021-12-10T11:26:11+00:00\",\"dateModified\":\"2024-06-06T12:48:29+00:00\",\"inLanguage\":\"fr-FR\",\"potentialAction\":[{\"@type\":\"ReadAction\",\"target\":[\"https:\/\/www.tadano.com\/africa\/fr\/technologie\/technologies-respectueuses-de-lenvironnement-et-du-climat\/\"]}]},{\"@type\":\"WebSite\",\"@id\":\"https:\/\/www.tadano.com\/africa\/fr\/#website\",\"url\":\"https:\/\/www.tadano.com\/africa\/fr\/\",\"name\":\"Africa\",\"description\":\"Just another TADANO EUROPE site\",\"potentialAction\":[{\"@type\":\"SearchAction\",\"target\":{\"@type\":\"EntryPoint\",\"urlTemplate\":\"https:\/\/www.tadano.com\/africa\/fr\/?s={search_term_string}\"},\"query-input\":\"required name=search_term_string\"}],\"inLanguage\":\"fr-FR\"}]}<\/script>\n<!-- \/ Yoast SEO plugin. -->","yoast_head_json":{"title":"Technologies respectueuses de l'environnement et du climat - Africa","robots":{"index":"index","follow":"follow","max-snippet":"max-snippet:-1","max-image-preview":"max-image-preview:large","max-video-preview":"max-video-preview:-1"},"canonical":"https:\/\/www.tadano.com\/africa\/fr\/technologie\/technologies-respectueuses-de-lenvironnement-et-du-climat\/","og_locale":"fr_FR","og_type":"article","og_title":"Technologies respectueuses de l'environnement et du climat - Africa","og_description":"PARCOUREZ NOS Technologies Les technologies de r\u00e9duction de la consommation et des \u00e9missions propos\u00e9es par Tadano contribuent \u00e0 r\u00e9duire les \u00e9missions de gaz \u00e0 effet de serre et de polluants et, dans de nombreuses situations, diminuent m\u00eame au passage les co\u00fbts d&rsquo;exploitation. PARCOUREZ NOS Technologies Les technologies de r\u00e9duction de la consommation et des \u00e9missions [&hellip;]","og_url":"https:\/\/www.tadano.com\/africa\/fr\/technologie\/technologies-respectueuses-de-lenvironnement-et-du-climat\/","og_site_name":"Africa","article_modified_time":"2024-06-06T12:48:29+00:00","twitter_card":"summary_large_image","twitter_misc":{"Dur\u00e9e de lecture estim\u00e9e":"1 minute"},"schema":{"@context":"https:\/\/schema.org","@graph":[{"@type":"WebPage","@id":"https:\/\/www.tadano.com\/africa\/fr\/technologie\/technologies-respectueuses-de-lenvironnement-et-du-climat\/","url":"https:\/\/www.tadano.com\/africa\/fr\/technologie\/technologies-respectueuses-de-lenvironnement-et-du-climat\/","name":"Technologies respectueuses de l'environnement et du climat - Africa","isPartOf":{"@id":"https:\/\/www.tadano.com\/africa\/fr\/#website"},"datePublished":"2021-12-10T11:26:11+00:00","dateModified":"2024-06-06T12:48:29+00:00","inLanguage":"fr-FR","potentialAction":[{"@type":"ReadAction","target":["https:\/\/www.tadano.com\/africa\/fr\/technologie\/technologies-respectueuses-de-lenvironnement-et-du-climat\/"]}]},{"@type":"WebSite","@id":"https:\/\/www.tadano.com\/africa\/fr\/#website","url":"https:\/\/www.tadano.com\/africa\/fr\/","name":"Africa","description":"Just another TADANO EUROPE site","potentialAction":[{"@type":"SearchAction","target":{"@type":"EntryPoint","urlTemplate":"https:\/\/www.tadano.com\/africa\/fr\/?s={search_term_string}"},"query-input":"required name=search_term_string"}],"inLanguage":"fr-FR"}]}},"_links":{"self":[{"href":"https:\/\/www.tadano.com\/africa\/fr\/wp-json\/wp\/v2\/pages\/5069"}],"collection":[{"href":"https:\/\/www.tadano.com\/africa\/fr\/wp-json\/wp\/v2\/pages"}],"about":[{"href":"https:\/\/www.tadano.com\/africa\/fr\/wp-json\/wp\/v2\/types\/page"}],"author":[{"embeddable":true,"href":"https:\/\/www.tadano.com\/africa\/fr\/wp-json\/wp\/v2\/users\/3"}],"replies":[{"embeddable":true,"href":"https:\/\/www.tadano.com\/africa\/fr\/wp-json\/wp\/v2\/comments?post=5069"}],"version-history":[{"count":2,"href":"https:\/\/www.tadano.com\/africa\/fr\/wp-json\/wp\/v2\/pages\/5069\/revisions"}],"predecessor-version":[{"id":5505,"href":"https:\/\/www.tadano.com\/africa\/fr\/wp-json\/wp\/v2\/pages\/5069\/revisions\/5505"}],"up":[{"embeddable":true,"href":"https:\/\/www.tadano.com\/africa\/fr\/wp-json\/wp\/v2\/pages\/4971"}],"wp:attachment":[{"href":"https:\/\/www.tadano.com\/africa\/fr\/wp-json\/wp\/v2\/media?parent=5069"}],"curies":[{"name":"wp","href":"https:\/\/api.w.org\/{rel}","templated":true}]}}