{"id":5072,"date":"2021-03-19T08:40:39","date_gmt":"2021-03-19T08:40:39","guid":{"rendered":"https:\/\/www.tadano.com\/africa\/ventes-services\/"},"modified":"2021-03-19T08:40:39","modified_gmt":"2021-03-19T08:40:39","slug":"ventes-services","status":"publish","type":"page","link":"https:\/\/www.tadano.com\/africa\/fr\/ventes-services\/","title":{"rendered":"Ventes et Services"},"content":{"rendered":"\n\n\n<section class=\"hero-section\">\n\n\t\n\t\t\t<style type=\"text\/css\">\n\t\t\t.hero-section .img-holder:before {\n\t\t\t\tdisplay: none;\n\t\t\t}\n\t\t<\/style>\n\t\n\t\n\t<div class=\"img-holder \">\n\t\t\t\t<div class=\"bg-stretch\" style=\"background-position: 100% 50%; \">\n\t\t\t<span data-srcset=\"https:\/\/assets.onetadano.com\/celum_assets\/hero\/ATF60G-3_Seite24-25_C300.jpg, https:\/\/assets.onetadano.com\/celum_assets\/hero-2x\/ATF60G-3_Seite24-25_C300.jpg 2x\"><\/span>\n\t\t<\/div>\n\t\t\t\t\t\t<div class=\"logo green-solutions\" style=\"display:none;\">\n\t\t\t<a href=\"#\"><img decoding=\"async\" src=\"https:\/\/www.tadano.com\/africa\/wp-content\/themes\/tadano\/assets\/dist\/images\/Green-Solutions_Logo_White.svg\"><\/a>\n\t\t<\/div>\n\t<\/div>\n\t<div class=\"container\">\n\t\t<div class=\"text-holder \">\n\t\t\t<div class=\"wrap\">\n\t\t\t\t\n\t\t\t\t<ul class=\"breadcrumbs\"><li><a href=\"https:\/\/www.tadano.com\/africa\/fr\/\">Accueil<\/a><\/li><\/ul>\n\t\t\t\t\n\n<h1 class=\"wp-block-heading\">VENTES ET SERVICES<\/h1>\n\n\n\n<p>Nos repr\u00e9sentants commerciaux, nos techniciens form\u00e9s et nos partenaires de confiance garantissent une disponibilit\u00e9 locale et continue de grues suppl\u00e9mentaires, de services, de formations, de pi\u00e8ces et d&rsquo;assistance.<\/p>\n\n\n\n<p><\/p>\n\n\n\n\t\t\t\t\n\t\t\t<\/div>\n\n\t\t\t\n\t\t\t\n\t\t\t\n\t\t<\/div>\n\t<\/div>\n<\/section>\n\n\n\n\n<section class=\"hero-section\">\n\n\t\n\t\t\t<style type=\"text\/css\">\n\t\t\t.hero-section .img-holder:before {\n\t\t\t\tdisplay: none;\n\t\t\t}\n\t\t<\/style>\n\t\n\t\n\t<div class=\"img-holder \">\n\t\t\t\t<div class=\"bg-stretch\" style=\"background-position: 100% 50%; \">\n\t\t\t<span data-srcset=\"https:\/\/assets.onetadano.com\/celum_assets\/hero\/i-BrqbxVt-X3.jpg, https:\/\/assets.onetadano.com\/celum_assets\/hero-2x\/i-BrqbxVt-X3.jpg 2x\"><\/span>\n\t\t<\/div>\n\t\t\t\t\t\t<div class=\"logo green-solutions\" style=\"display:none;\">\n\t\t\t<a href=\"#\"><img decoding=\"async\" src=\"https:\/\/www.tadano.com\/africa\/wp-content\/themes\/tadano\/assets\/dist\/images\/Green-Solutions_Logo_White.svg\"><\/a>\n\t\t<\/div>\n\t<\/div>\n\t<div class=\"container\">\n\t\t<div class=\"text-holder \">\n\t\t\t<div class=\"wrap\">\n\t\t\t\t\n\t\t\t\t<ul class=\"breadcrumbs\"><li><a href=\"https:\/\/www.tadano.com\/africa\/fr\/\">Accueil<\/a><\/li><\/ul>\n\t\t\t\t\n\n<h1 class=\"wp-block-heading\" id=\"h-ventes-et-services\">ventes et services<\/h1>\n\n\n\n<p>\u00c0 votre service, 24 heures sur 24 Des techniciens form\u00e9s et des partenaires de confiance assurent la disponibilit\u00e9 \u00e0 un niveau local du service apr\u00e8s-vente, de la formation et des pi\u00e8ces de rechange n\u00e9cessaires. <\/p>\n\n\n\n<div class=\"wp-block-buttons is-layout-flex wp-block-buttons-is-layout-flex\">\n<div class=\"wp-block-button is-style-btn-outline\"><a class=\"wp-block-button__link\" href=\"tel:1-281-869-0030\">  +1 (281) 869-0030 <\/a><\/div>\n<\/div>\n\n\n\n\t\t\t\t\n\t\t\t<\/div>\n\n\t\t\t\n\t\t\t\n\t\t\t\n\t\t<\/div>\n\t<\/div>\n<\/section>\n\n\n<div style=\"height:100px\" aria-hidden=\"true\" class=\"wp-block-spacer\"><\/div>\n\n\n\n<section class=\"sales-support\">\n  <div class=\"container\">\n    <div class=\"text-block\">\n      \n\n<h2 class=\"wp-block-heading\">VENTES<\/h2>\n\n\n\n<p>Notre \u00e9quipe de vente exp\u00e9riment\u00e9e vous aidera \u00e0 trouver la grue la mieux adapt\u00e9e \u00e0 votre projet et vous fournira des informations sur la vaste gamme de services de Tadano.<\/p>\n\n\n    <\/div>\n          <ul class=\"support-list\">\n                            <li>\n                          <a href=\"https:\/\/www.tadano.com\/africa\/fr\/ventes-services\/ventes\/\">\n                                          <div class=\"img-holder desktop-only\">\n                  <img decoding=\"async\" src=\"https:\/\/www.tadano.com\/africa\/wp-content\/uploads\/sites\/11\/2023\/10\/Sales-icon-blue.svg\" class=\"attachment-small size-small\" alt=\"\" loading=\"lazy\">\n                <\/div>\n                            <span class=\"title\">Ventes<\/span>\n            <\/a>\n          <\/li>\n                            <li>\n                          <a href=\"https:\/\/www.tadano.com\/africa\/fr\/equipements-de-levage\/grues-d-occasion\/\">\n                                          <div class=\"img-holder desktop-only\">\n                  <img decoding=\"async\" src=\"https:\/\/www.tadano.com\/africa\/wp-content\/uploads\/sites\/11\/2021\/04\/ATF-140-5.1_mountain-road-125x125.jpg\" class=\"attachment-small size-small\" alt=\"\" loading=\"lazy\">\n                <\/div>\n                            <span class=\"title\">Grues d&rsquo;occasion<\/span>\n            <\/a>\n          <\/li>\n                            <li>\n                          <a href=\"https:\/\/www.tadano.com\/africa\/fr\/ventes-services\/trouver-un-distributeur\/\">\n                                        <span class=\"title\">Trouver un distributeur<\/span>\n            <\/a>\n          <\/li>\n              <\/ul>\n      <\/div>\n<\/section>\n\n\n<div class=\"wp-block-group is-style-background-cyan is-layout-flow wp-block-group-is-layout-flow\"><div class=\"wp-block-group__inner-container\">\n<section class=\"sales-support\">\n  <div class=\"container\">\n    <div class=\"text-block\">\n      \n\n<h2 class=\"wp-block-heading\">SERVICES<\/h2>\n\n\n\n<p>Les r\u00e9seaux de distributeurs et de techniciens de Tadano offrent une assistance locale pour tous les besoins : service, formation, pi\u00e8ces de rechange, et bien plus encore.<\/p>\n\n\n    <\/div>\n          <ul class=\"support-list\">\n                            <li>\n                          <a href=\"https:\/\/www.tadano.com\/africa\/fr\/ventes-services\/assistance-clientele\/\">\n                                          <div class=\"img-holder desktop-only\">\n                  <img decoding=\"async\" src=\"https:\/\/www.tadano.com\/africa\/wp-content\/uploads\/sites\/11\/2023\/10\/Services-icon-blue.svg\" class=\"attachment-small size-small\" alt=\"\" loading=\"lazy\">\n                <\/div>\n                            <span class=\"title\">Service client\u00e8le<\/span>\n            <\/a>\n          <\/li>\n                            <li>\n                          <a href=\"https:\/\/www.tadano.com\/africa\/fr\/ventes-services\/pieces-de-rechange\/\">\n                                          <div class=\"img-holder desktop-only\">\n                  <img decoding=\"async\" src=\"https:\/\/www.tadano.com\/africa\/wp-content\/uploads\/sites\/11\/2021\/04\/ATF400G-5-125x125.jpg\" class=\"attachment-small size-small\" alt=\"\" loading=\"lazy\">\n                <\/div>\n                            <span class=\"title\">Pi\u00e8ces d\u00e9tach\u00e9es<\/span>\n            <\/a>\n          <\/li>\n                            <li>\n                          <a href=\"https:\/\/www.tadano.com\/africa\/fr\/ventes-services\/formation\/\">\n                                        <span class=\"title\">Formation<\/span>\n            <\/a>\n          <\/li>\n              <\/ul>\n      <\/div>\n<\/section><\/div><\/div>\n","protected":false},"excerpt":{"rendered":"","protected":false},"author":1,"featured_media":0,"parent":0,"menu_order":0,"comment_status":"closed","ping_status":"closed","template":"","meta":{"_acf_changed":false,"footnotes":""},"acf":[],"yoast_head":"<!-- This site is optimized with the Yoast SEO plugin v22.3 - https:\/\/yoast.com\/wordpress\/plugins\/seo\/ -->\n<title>Ventes et Services - Africa<\/title>\n<meta name=\"robots\" content=\"index, follow, max-snippet:-1, max-image-preview:large, max-video-preview:-1\" \/>\n<link rel=\"canonical\" href=\"https:\/\/www.tadano.com\/africa\/fr\/ventes-services\/\" \/>\n<meta property=\"og:locale\" content=\"fr_FR\" \/>\n<meta property=\"og:type\" content=\"article\" \/>\n<meta property=\"og:title\" content=\"Ventes et Services - Africa\" \/>\n<meta property=\"og:url\" content=\"https:\/\/www.tadano.com\/africa\/fr\/ventes-services\/\" \/>\n<meta property=\"og:site_name\" content=\"Africa\" \/>\n<meta name=\"twitter:card\" content=\"summary_large_image\" \/>\n<meta name=\"twitter:label1\" content=\"Dur\u00e9e de lecture estim\u00e9e\" \/>\n\t<meta name=\"twitter:data1\" content=\"1 minute\" \/>\n<script type=\"application\/ld+json\" class=\"yoast-schema-graph\">{\"@context\":\"https:\/\/schema.org\",\"@graph\":[{\"@type\":\"WebPage\",\"@id\":\"https:\/\/www.tadano.com\/africa\/fr\/ventes-services\/\",\"url\":\"https:\/\/www.tadano.com\/africa\/fr\/ventes-services\/\",\"name\":\"Ventes et Services - Africa\",\"isPartOf\":{\"@id\":\"https:\/\/www.tadano.com\/africa\/fr\/#website\"},\"datePublished\":\"2021-03-19T08:40:39+00:00\",\"dateModified\":\"2021-03-19T08:40:39+00:00\",\"inLanguage\":\"fr-FR\",\"potentialAction\":[{\"@type\":\"ReadAction\",\"target\":[\"https:\/\/www.tadano.com\/africa\/fr\/ventes-services\/\"]}]},{\"@type\":\"WebSite\",\"@id\":\"https:\/\/www.tadano.com\/africa\/fr\/#website\",\"url\":\"https:\/\/www.tadano.com\/africa\/fr\/\",\"name\":\"Africa\",\"description\":\"Just another TADANO EUROPE site\",\"potentialAction\":[{\"@type\":\"SearchAction\",\"target\":{\"@type\":\"EntryPoint\",\"urlTemplate\":\"https:\/\/www.tadano.com\/africa\/fr\/?s={search_term_string}\"},\"query-input\":\"required name=search_term_string\"}],\"inLanguage\":\"fr-FR\"}]}<\/script>\n<!-- \/ Yoast SEO plugin. -->","yoast_head_json":{"title":"Ventes et Services - Africa","robots":{"index":"index","follow":"follow","max-snippet":"max-snippet:-1","max-image-preview":"max-image-preview:large","max-video-preview":"max-video-preview:-1"},"canonical":"https:\/\/www.tadano.com\/africa\/fr\/ventes-services\/","og_locale":"fr_FR","og_type":"article","og_title":"Ventes et Services - Africa","og_url":"https:\/\/www.tadano.com\/africa\/fr\/ventes-services\/","og_site_name":"Africa","twitter_card":"summary_large_image","twitter_misc":{"Dur\u00e9e de lecture estim\u00e9e":"1 minute"},"schema":{"@context":"https:\/\/schema.org","@graph":[{"@type":"WebPage","@id":"https:\/\/www.tadano.com\/africa\/fr\/ventes-services\/","url":"https:\/\/www.tadano.com\/africa\/fr\/ventes-services\/","name":"Ventes et Services - Africa","isPartOf":{"@id":"https:\/\/www.tadano.com\/africa\/fr\/#website"},"datePublished":"2021-03-19T08:40:39+00:00","dateModified":"2021-03-19T08:40:39+00:00","inLanguage":"fr-FR","potentialAction":[{"@type":"ReadAction","target":["https:\/\/www.tadano.com\/africa\/fr\/ventes-services\/"]}]},{"@type":"WebSite","@id":"https:\/\/www.tadano.com\/africa\/fr\/#website","url":"https:\/\/www.tadano.com\/africa\/fr\/","name":"Africa","description":"Just another TADANO EUROPE site","potentialAction":[{"@type":"SearchAction","target":{"@type":"EntryPoint","urlTemplate":"https:\/\/www.tadano.com\/africa\/fr\/?s={search_term_string}"},"query-input":"required name=search_term_string"}],"inLanguage":"fr-FR"}]}},"_links":{"self":[{"href":"https:\/\/www.tadano.com\/africa\/fr\/wp-json\/wp\/v2\/pages\/5072"}],"collection":[{"href":"https:\/\/www.tadano.com\/africa\/fr\/wp-json\/wp\/v2\/pages"}],"about":[{"href":"https:\/\/www.tadano.com\/africa\/fr\/wp-json\/wp\/v2\/types\/page"}],"author":[{"embeddable":true,"href":"https:\/\/www.tadano.com\/africa\/fr\/wp-json\/wp\/v2\/users\/1"}],"replies":[{"embeddable":true,"href":"https:\/\/www.tadano.com\/africa\/fr\/wp-json\/wp\/v2\/comments?post=5072"}],"version-history":[{"count":1,"href":"https:\/\/www.tadano.com\/africa\/fr\/wp-json\/wp\/v2\/pages\/5072\/revisions"}],"predecessor-version":[{"id":5081,"href":"https:\/\/www.tadano.com\/africa\/fr\/wp-json\/wp\/v2\/pages\/5072\/revisions\/5081"}],"wp:attachment":[{"href":"https:\/\/www.tadano.com\/africa\/fr\/wp-json\/wp\/v2\/media?parent=5072"}],"curies":[{"name":"wp","href":"https:\/\/api.w.org\/{rel}","templated":true}]}}