{"id":5083,"date":"2021-04-15T06:31:11","date_gmt":"2021-04-15T06:31:11","guid":{"rendered":"https:\/\/www.tadano.com\/africa\/ventes-services\/reparation\/"},"modified":"2025-07-10T12:10:41","modified_gmt":"2025-07-10T12:10:41","slug":"reparation","status":"publish","type":"page","link":"https:\/\/www.tadano.com\/africa\/fr\/ventes-services\/reparation\/","title":{"rendered":"Atelier de r\u00e9paration"},"content":{"rendered":"\n\n\n<section class=\"hero-section\">\n\n\t\n\t\t\t<style type=\"text\/css\">\n\t\t\t.hero-section .img-holder:before {\n\t\t\t\tdisplay: none;\n\t\t\t}\n\t\t<\/style>\n\t\n\t\n\t<div class=\"img-holder \">\n\t\t\t\t<div class=\"bg-stretch\" style=\"background-position: 50% 50%; \">\n\t\t\t<span data-srcset=\"https:\/\/assets.onetadano.com\/celum_assets\/hero\/Reparaturwerkstatt.jpg, https:\/\/assets.onetadano.com\/celum_assets\/hero-2x\/Reparaturwerkstatt.jpg 2x\"><\/span>\n\t\t<\/div>\n\t\t\t\t\t\t<div class=\"logo green-solutions\" style=\"display:none;\">\n\t\t\t<a href=\"#\"><img decoding=\"async\" src=\"https:\/\/www.tadano.com\/africa\/wp-content\/themes\/tadano\/assets\/dist\/images\/Green-Solutions_Logo_White.svg\"><\/a>\n\t\t<\/div>\n\t<\/div>\n\t<div class=\"container\">\n\t\t<div class=\"text-holder \">\n\t\t\t<div class=\"wrap\">\n\t\t\t\t\n\t\t\t\t<ul class=\"breadcrumbs\"><li><a href=\"https:\/\/www.tadano.com\/africa\/fr\/\">Accueil<\/a><\/li><\/ul>\n\t\t\t\t\n\n<h1 class=\"wp-block-heading\">Atelier de r\u00e9paration<\/h1>\n\n\n\n<p>Confiez votre grue \u00e0 l&rsquo;\u00e9quipe de notre atelier de r\u00e9paration Tadano. Notre personnel form\u00e9 en usine prot\u00e9gera et pr\u00e9servera votre investissement conform\u00e9ment \u00e0 nos normes de fabrication \u00e9lev\u00e9es.<\/p>\n\n\n\n<div class=\"wp-block-buttons is-layout-flex wp-block-buttons-is-layout-flex\">\n<div class=\"wp-block-button\"><a class=\"wp-block-button__link wp-element-button\" href=\"#contact\">ContactEZ-NOUS<\/a><\/div>\n<\/div>\n\n\n\n\t\t\t\t\n\t\t\t<\/div>\n\n\t\t\t\n\t\t\t\n\t\t\t\n\t\t<\/div>\n\t<\/div>\n<\/section>\n\n\n\n\n<div class=\"wp-block-group is-style-background-cyan is-layout-flow wp-block-group-is-layout-flow\"><div class=\"wp-block-group__inner-container\">\n<h2 class=\"wp-block-heading\">CE QUE NOUS OFFRONS<\/h2>\n\n\n\n<p>Les travaux de r\u00e9paration et d\u2019entretien ainsi que les transformations qui ne peuvent pas \u00eatre effectu\u00e9s par notre service apr\u00e8s-vente sur place sont r\u00e9alis\u00e9s sur les site de nos usines de Lauf an der Pegnitz, o\u00f9 nous exploitons un atelier de r\u00e9paration sp\u00e9cialis\u00e9 et extr\u00eamement bien \u00e9quip\u00e9.<\/p>\n\n\n\n<p>Gr\u00e2ce \u00e0 nos d\u00e9cennies d&rsquo;exp\u00e9rience en tant que fabricants de grues et prestataires de services, vous \u00eates entre de bonnes mains. Chaque grue est d&rsquo;abord soumise \u00e0 un examen approfondi dans le cadre d&rsquo;un contr\u00f4le d&rsquo;entr\u00e9e, effectu\u00e9 par notre \u00e9quipe de sp\u00e9cialistes. Sur la base du r\u00e9sultat, nous \u00e9tablissons pour vous un devis avec des donn\u00e9es de prix et de temps pr\u00e9cises, ce qui vous offre une s\u00e9curit\u00e9 maximale et vous permet de planifier de mani\u00e8re fiable l&rsquo;utilisation ult\u00e9rieure de votre grue. Les travaux ult\u00e9rieurs sont effectu\u00e9s exclusivement par des sp\u00e9cialistes qualifi\u00e9s qui utilisent des pi\u00e8ces de rechange d&rsquo;origine (norme du fabricant) qui sont, bien entendu, toujours \u00e0 la pointe de la technologie.<\/p>\n\n\n\n\n\n\n\n\n<section class=\"video-block\">\n  <div class=\"video-box\">\n        <a aria-labelledby=\"video-txt\" data-fancybox href=\"https:\/\/youtu.be\/BYSzoODgjJs\" class=\"video\">\n      <span class=\"play-btn\"><\/span>\n              <div class=\"bg-stretch\" >\n          <span data-srcset=\"https:\/\/img.youtube.com\/vi\/BYSzoODgjJs\/hqdefault.jpg, https:\/\/img.youtube.com\/vi\/BYSzoODgjJs\/hqdefault.jpg 2x\"><\/span>\n        <\/div>\n          <\/a>\n    <div class=\"video-txt\">\n                    <a href=\"https:\/\/youtu.be\/BYSzoODgjJs\" class=\"video-link\">Regarder maintenant<\/a>\n          <\/div>\n  <\/div>\n<\/section><\/div><\/div>\n\n\n<div id=\"contact\"><\/div>\n\n\n\n<section class=\"sales-team hide-background-triangle  \">\n   <div class=\"container\">\n                    <div class=\"section-heading\">\n                <div class=\"heading\">\n                    <h2>VOTRE \u00c9QUIPE DE L&rsquo;ATELIER DE R\u00c9PARATION TADANO<\/h2>\n                <\/div>\n            <\/div>\n              <div class=\"threerow-slider dots-info has-no-images\">\n                 \n                        <div class=\"card-col no-img wide-card\">\n                <div class=\"info-card responsive\">\n                    <div class=\"card-img\">\n                                            <\/div>\n                    <div class=\"card-content\">\n                        <div class=\"card-title\">\n                            <p>Heinz Schmidt<\/p>\n                        <\/div>\n                        <div class=\"card-info\">\n                            <strong class=\"first-row row\">Manager repair workshop<\/strong>\n                            <strong class=\"row\">Allemagne<\/strong>\n                            <strong class=\"row\">Allemand, Anglais<\/strong>\n                                                            <strong class=\"row\">\n                                <svg style=\"display:inline;\" xmlns=\"http:\/\/www.w3.org\/2000\/svg\" id=\"Layer_1\" data-name=\"Layer 1\" viewBox=\"0 0 24 24\" width=\"15\" height=\"15\"><path d=\"M24,6.24c0,7.64-10.13,17.76-17.76,17.76-1.67,0-3.23-.63-4.38-1.78l-1-1.15c-1.16-1.16-1.16-3.12,.05-4.33,.03-.03,2.44-1.88,2.44-1.88,1.2-1.14,3.09-1.14,4.28,0l1.46,1.17c3.2-1.36,5.47-3.64,6.93-6.95l-1.16-1.46c-1.15-1.19-1.15-3.09,0-4.28,0,0,1.85-2.41,1.88-2.44,1.21-1.21,3.17-1.21,4.38,0l1.05,.91c1.2,1.19,1.83,2.75,1.83,4.42Z\"\/><\/svg>\n                                <a href=\"tel:+499123185135\">+49 9123 185 135<\/a>\n                                <\/strong> \n                                                                                        <strong class=\"row\">\n                                <svg tyle=\"display:inline;\"  xmlns=\"http:\/\/www.w3.org\/2000\/svg\" id=\"Filled\" viewBox=\"0 0 24 24\" width=\"15\" height=\"15\"><path d=\"M23.954,5.542,15.536,13.96a5.007,5.007,0,0,1-7.072,0L.046,5.542C.032,5.7,0,5.843,0,6V18a5.006,5.006,0,0,0,5,5H19a5.006,5.006,0,0,0,5-5V6C24,5.843,23.968,5.7,23.954,5.542Z\"\/><path d=\"M14.122,12.546l9.134-9.135A4.986,4.986,0,0,0,19,1H5A4.986,4.986,0,0,0,.744,3.411l9.134,9.135A3.007,3.007,0,0,0,14.122,12.546Z\"\/><\/svg>\n                                <a href=\"mailto:heinz.schmidt@tadano.com\">heinz.schmidt@tadano.com<\/a>\n                            <\/strong>\n                                                    <\/div>\n                    <\/div>\n                <\/div>\n            <\/div>\n         \n                        <div class=\"card-col no-img wide-card\">\n                <div class=\"info-card responsive\">\n                    <div class=\"card-img\">\n                                            <\/div>\n                    <div class=\"card-content\">\n                        <div class=\"card-title\">\n                            <p>Manfred Schlumberger<\/p>\n                        <\/div>\n                        <div class=\"card-info\">\n                            <strong class=\"first-row row\">GM International Customer Support<\/strong>\n                            <strong class=\"row\">Allemagne<\/strong>\n                            <strong class=\"row\">Allemand, Anglais<\/strong>\n                                                            <strong class=\"row\">\n                                <svg style=\"display:inline;\" xmlns=\"http:\/\/www.w3.org\/2000\/svg\" id=\"Layer_1\" data-name=\"Layer 1\" viewBox=\"0 0 24 24\" width=\"15\" height=\"15\"><path d=\"M24,6.24c0,7.64-10.13,17.76-17.76,17.76-1.67,0-3.23-.63-4.38-1.78l-1-1.15c-1.16-1.16-1.16-3.12,.05-4.33,.03-.03,2.44-1.88,2.44-1.88,1.2-1.14,3.09-1.14,4.28,0l1.46,1.17c3.2-1.36,5.47-3.64,6.93-6.95l-1.16-1.46c-1.15-1.19-1.15-3.09,0-4.28,0,0,1.85-2.41,1.88-2.44,1.21-1.21,3.17-1.21,4.38,0l1.05,.91c1.2,1.19,1.83,2.75,1.83,4.42Z\"\/><\/svg>\n                                <a href=\"tel:+4991231855140\">+49 9123 185 5140<\/a>\n                                <\/strong> \n                                                                                        <strong class=\"row\">\n                                <svg tyle=\"display:inline;\"  xmlns=\"http:\/\/www.w3.org\/2000\/svg\" id=\"Filled\" viewBox=\"0 0 24 24\" width=\"15\" height=\"15\"><path d=\"M23.954,5.542,15.536,13.96a5.007,5.007,0,0,1-7.072,0L.046,5.542C.032,5.7,0,5.843,0,6V18a5.006,5.006,0,0,0,5,5H19a5.006,5.006,0,0,0,5-5V6C24,5.843,23.968,5.7,23.954,5.542Z\"\/><path d=\"M14.122,12.546l9.134-9.135A4.986,4.986,0,0,0,19,1H5A4.986,4.986,0,0,0,.744,3.411l9.134,9.135A3.007,3.007,0,0,0,14.122,12.546Z\"\/><\/svg>\n                                <a href=\"mailto:manfred.schlumberger@tadano.com\">manfred.schlumberger@tadano.com<\/a>\n                            <\/strong>\n                                                    <\/div>\n                    <\/div>\n                <\/div>\n            <\/div>\n         \n                        <div class=\"card-col no-img wide-card\">\n                <div class=\"info-card responsive\">\n                    <div class=\"card-img\">\n                                            <\/div>\n                    <div class=\"card-content\">\n                        <div class=\"card-title\">\n                            <p>Mathias Jost<\/p>\n                        <\/div>\n                        <div class=\"card-info\">\n                            <strong class=\"first-row row\">Damage assessor<\/strong>\n                            <strong class=\"row\">Allemagne<\/strong>\n                            <strong class=\"row\">Allemand, Anglais<\/strong>\n                                                            <strong class=\"row\">\n                                <svg style=\"display:inline;\" xmlns=\"http:\/\/www.w3.org\/2000\/svg\" id=\"Layer_1\" data-name=\"Layer 1\" viewBox=\"0 0 24 24\" width=\"15\" height=\"15\"><path d=\"M24,6.24c0,7.64-10.13,17.76-17.76,17.76-1.67,0-3.23-.63-4.38-1.78l-1-1.15c-1.16-1.16-1.16-3.12,.05-4.33,.03-.03,2.44-1.88,2.44-1.88,1.2-1.14,3.09-1.14,4.28,0l1.46,1.17c3.2-1.36,5.47-3.64,6.93-6.95l-1.16-1.46c-1.15-1.19-1.15-3.09,0-4.28,0,0,1.85-2.41,1.88-2.44,1.21-1.21,3.17-1.21,4.38,0l1.05,.91c1.2,1.19,1.83,2.75,1.83,4.42Z\"\/><\/svg>\n                                <a href=\"tel:+491723492087\">+49 172 3492087<\/a>\n                                <\/strong> \n                                                                                        <strong class=\"row\">\n                                <svg tyle=\"display:inline;\"  xmlns=\"http:\/\/www.w3.org\/2000\/svg\" id=\"Filled\" viewBox=\"0 0 24 24\" width=\"15\" height=\"15\"><path d=\"M23.954,5.542,15.536,13.96a5.007,5.007,0,0,1-7.072,0L.046,5.542C.032,5.7,0,5.843,0,6V18a5.006,5.006,0,0,0,5,5H19a5.006,5.006,0,0,0,5-5V6C24,5.843,23.968,5.7,23.954,5.542Z\"\/><path d=\"M14.122,12.546l9.134-9.135A4.986,4.986,0,0,0,19,1H5A4.986,4.986,0,0,0,.744,3.411l9.134,9.135A3.007,3.007,0,0,0,14.122,12.546Z\"\/><\/svg>\n                                <a href=\"mailto:mathias.jost@tadano.com\">mathias.jost@tadano.com<\/a>\n                            <\/strong>\n                                                    <\/div>\n                    <\/div>\n                <\/div>\n            <\/div>\n         \n                        <div class=\"card-col no-img wide-card\">\n                <div class=\"info-card responsive\">\n                    <div class=\"card-img\">\n                                            <\/div>\n                    <div class=\"card-content\">\n                        <div class=\"card-title\">\n                            <p>Norbert Bock<\/p>\n                        <\/div>\n                        <div class=\"card-info\">\n                            <strong class=\"first-row row\">Manager repair workshop<\/strong>\n                            <strong class=\"row\">Allemagne<\/strong>\n                            <strong class=\"row\">Allemand, Anglais<\/strong>\n                                                            <strong class=\"row\">\n                                <svg style=\"display:inline;\" xmlns=\"http:\/\/www.w3.org\/2000\/svg\" id=\"Layer_1\" data-name=\"Layer 1\" viewBox=\"0 0 24 24\" width=\"15\" height=\"15\"><path d=\"M24,6.24c0,7.64-10.13,17.76-17.76,17.76-1.67,0-3.23-.63-4.38-1.78l-1-1.15c-1.16-1.16-1.16-3.12,.05-4.33,.03-.03,2.44-1.88,2.44-1.88,1.2-1.14,3.09-1.14,4.28,0l1.46,1.17c3.2-1.36,5.47-3.64,6.93-6.95l-1.16-1.46c-1.15-1.19-1.15-3.09,0-4.28,0,0,1.85-2.41,1.88-2.44,1.21-1.21,3.17-1.21,4.38,0l1.05,.91c1.2,1.19,1.83,2.75,1.83,4.42Z\"\/><\/svg>\n                                <a href=\"tel:+499123185409\">+49 9123 185 409<\/a>\n                                <\/strong> \n                                                                                        <strong class=\"row\">\n                                <svg tyle=\"display:inline;\"  xmlns=\"http:\/\/www.w3.org\/2000\/svg\" id=\"Filled\" viewBox=\"0 0 24 24\" width=\"15\" height=\"15\"><path d=\"M23.954,5.542,15.536,13.96a5.007,5.007,0,0,1-7.072,0L.046,5.542C.032,5.7,0,5.843,0,6V18a5.006,5.006,0,0,0,5,5H19a5.006,5.006,0,0,0,5-5V6C24,5.843,23.968,5.7,23.954,5.542Z\"\/><path d=\"M14.122,12.546l9.134-9.135A4.986,4.986,0,0,0,19,1H5A4.986,4.986,0,0,0,.744,3.411l9.134,9.135A3.007,3.007,0,0,0,14.122,12.546Z\"\/><\/svg>\n                                <a href=\"mailto:norbert.bock@tadano.com\">norbert.bock@tadano.com<\/a>\n                            <\/strong>\n                                                    <\/div>\n                    <\/div>\n                <\/div>\n            <\/div>\n              <\/div>\n   <\/div>\n<\/section>","protected":false},"excerpt":{"rendered":"<p>CE QUE NOUS OFFRONS Les travaux de r\u00e9paration et d\u2019entretien ainsi que les transformations qui ne peuvent pas \u00eatre effectu\u00e9s par notre service apr\u00e8s-vente sur place sont r\u00e9alis\u00e9s sur les site de nos usines de Lauf an der Pegnitz, o\u00f9 nous exploitons un atelier de r\u00e9paration sp\u00e9cialis\u00e9 et extr\u00eamement bien \u00e9quip\u00e9. Gr\u00e2ce \u00e0 nos d\u00e9cennies [&hellip;]<\/p>\n","protected":false},"author":1,"featured_media":0,"parent":5072,"menu_order":0,"comment_status":"closed","ping_status":"closed","template":"","meta":{"_acf_changed":false,"footnotes":""},"acf":[],"yoast_head":"<!-- This site is optimized with the Yoast SEO plugin v22.3 - https:\/\/yoast.com\/wordpress\/plugins\/seo\/ -->\n<title>Atelier de r\u00e9paration - Africa<\/title>\n<meta name=\"robots\" content=\"index, follow, max-snippet:-1, max-image-preview:large, max-video-preview:-1\" \/>\n<link rel=\"canonical\" href=\"https:\/\/www.tadano.com\/africa\/fr\/ventes-services\/reparation\/\" \/>\n<meta property=\"og:locale\" content=\"fr_FR\" \/>\n<meta property=\"og:type\" content=\"article\" \/>\n<meta property=\"og:title\" content=\"Atelier de r\u00e9paration - Africa\" \/>\n<meta property=\"og:description\" content=\"CE QUE NOUS OFFRONS Les travaux de r\u00e9paration et d\u2019entretien ainsi que les transformations qui ne peuvent pas \u00eatre effectu\u00e9s par notre service apr\u00e8s-vente sur place sont r\u00e9alis\u00e9s sur les site de nos usines de Lauf an der Pegnitz, o\u00f9 nous exploitons un atelier de r\u00e9paration sp\u00e9cialis\u00e9 et extr\u00eamement bien \u00e9quip\u00e9. Gr\u00e2ce \u00e0 nos d\u00e9cennies [&hellip;]\" \/>\n<meta property=\"og:url\" content=\"https:\/\/www.tadano.com\/africa\/fr\/ventes-services\/reparation\/\" \/>\n<meta property=\"og:site_name\" content=\"Africa\" \/>\n<meta property=\"article:modified_time\" content=\"2025-07-10T12:10:41+00:00\" \/>\n<meta name=\"twitter:card\" content=\"summary_large_image\" \/>\n<meta name=\"twitter:label1\" content=\"Dur\u00e9e de lecture estim\u00e9e\" \/>\n\t<meta name=\"twitter:data1\" content=\"2 minutes\" \/>\n<script type=\"application\/ld+json\" class=\"yoast-schema-graph\">{\"@context\":\"https:\/\/schema.org\",\"@graph\":[{\"@type\":\"WebPage\",\"@id\":\"https:\/\/www.tadano.com\/africa\/fr\/ventes-services\/reparation\/\",\"url\":\"https:\/\/www.tadano.com\/africa\/fr\/ventes-services\/reparation\/\",\"name\":\"Atelier de r\u00e9paration - Africa\",\"isPartOf\":{\"@id\":\"https:\/\/www.tadano.com\/africa\/fr\/#website\"},\"datePublished\":\"2021-04-15T06:31:11+00:00\",\"dateModified\":\"2025-07-10T12:10:41+00:00\",\"breadcrumb\":{\"@id\":\"https:\/\/www.tadano.com\/africa\/fr\/ventes-services\/reparation\/#breadcrumb\"},\"inLanguage\":\"fr-FR\",\"potentialAction\":[{\"@type\":\"ReadAction\",\"target\":[\"https:\/\/www.tadano.com\/africa\/fr\/ventes-services\/reparation\/\"]}]},{\"@type\":\"BreadcrumbList\",\"@id\":\"https:\/\/www.tadano.com\/africa\/fr\/ventes-services\/reparation\/#breadcrumb\",\"itemListElement\":[{\"@type\":\"ListItem\",\"position\":1,\"name\":\"Ventes et Services\",\"item\":\"https:\/\/www.tadano.com\/africa\/fr\/ventes-services\/\"},{\"@type\":\"ListItem\",\"position\":2,\"name\":\"Atelier de r\u00e9paration\"}]},{\"@type\":\"WebSite\",\"@id\":\"https:\/\/www.tadano.com\/africa\/fr\/#website\",\"url\":\"https:\/\/www.tadano.com\/africa\/fr\/\",\"name\":\"Africa\",\"description\":\"Just another TADANO EUROPE site\",\"potentialAction\":[{\"@type\":\"SearchAction\",\"target\":{\"@type\":\"EntryPoint\",\"urlTemplate\":\"https:\/\/www.tadano.com\/africa\/fr\/?s={search_term_string}\"},\"query-input\":\"required name=search_term_string\"}],\"inLanguage\":\"fr-FR\"}]}<\/script>\n<!-- \/ Yoast SEO plugin. -->","yoast_head_json":{"title":"Atelier de r\u00e9paration - Africa","robots":{"index":"index","follow":"follow","max-snippet":"max-snippet:-1","max-image-preview":"max-image-preview:large","max-video-preview":"max-video-preview:-1"},"canonical":"https:\/\/www.tadano.com\/africa\/fr\/ventes-services\/reparation\/","og_locale":"fr_FR","og_type":"article","og_title":"Atelier de r\u00e9paration - Africa","og_description":"CE QUE NOUS OFFRONS Les travaux de r\u00e9paration et d\u2019entretien ainsi que les transformations qui ne peuvent pas \u00eatre effectu\u00e9s par notre service apr\u00e8s-vente sur place sont r\u00e9alis\u00e9s sur les site de nos usines de Lauf an der Pegnitz, o\u00f9 nous exploitons un atelier de r\u00e9paration sp\u00e9cialis\u00e9 et extr\u00eamement bien \u00e9quip\u00e9. Gr\u00e2ce \u00e0 nos d\u00e9cennies [&hellip;]","og_url":"https:\/\/www.tadano.com\/africa\/fr\/ventes-services\/reparation\/","og_site_name":"Africa","article_modified_time":"2025-07-10T12:10:41+00:00","twitter_card":"summary_large_image","twitter_misc":{"Dur\u00e9e de lecture estim\u00e9e":"2 minutes"},"schema":{"@context":"https:\/\/schema.org","@graph":[{"@type":"WebPage","@id":"https:\/\/www.tadano.com\/africa\/fr\/ventes-services\/reparation\/","url":"https:\/\/www.tadano.com\/africa\/fr\/ventes-services\/reparation\/","name":"Atelier de r\u00e9paration - Africa","isPartOf":{"@id":"https:\/\/www.tadano.com\/africa\/fr\/#website"},"datePublished":"2021-04-15T06:31:11+00:00","dateModified":"2025-07-10T12:10:41+00:00","breadcrumb":{"@id":"https:\/\/www.tadano.com\/africa\/fr\/ventes-services\/reparation\/#breadcrumb"},"inLanguage":"fr-FR","potentialAction":[{"@type":"ReadAction","target":["https:\/\/www.tadano.com\/africa\/fr\/ventes-services\/reparation\/"]}]},{"@type":"BreadcrumbList","@id":"https:\/\/www.tadano.com\/africa\/fr\/ventes-services\/reparation\/#breadcrumb","itemListElement":[{"@type":"ListItem","position":1,"name":"Ventes et Services","item":"https:\/\/www.tadano.com\/africa\/fr\/ventes-services\/"},{"@type":"ListItem","position":2,"name":"Atelier de r\u00e9paration"}]},{"@type":"WebSite","@id":"https:\/\/www.tadano.com\/africa\/fr\/#website","url":"https:\/\/www.tadano.com\/africa\/fr\/","name":"Africa","description":"Just another TADANO EUROPE site","potentialAction":[{"@type":"SearchAction","target":{"@type":"EntryPoint","urlTemplate":"https:\/\/www.tadano.com\/africa\/fr\/?s={search_term_string}"},"query-input":"required name=search_term_string"}],"inLanguage":"fr-FR"}]}},"_links":{"self":[{"href":"https:\/\/www.tadano.com\/africa\/fr\/wp-json\/wp\/v2\/pages\/5083"}],"collection":[{"href":"https:\/\/www.tadano.com\/africa\/fr\/wp-json\/wp\/v2\/pages"}],"about":[{"href":"https:\/\/www.tadano.com\/africa\/fr\/wp-json\/wp\/v2\/types\/page"}],"author":[{"embeddable":true,"href":"https:\/\/www.tadano.com\/africa\/fr\/wp-json\/wp\/v2\/users\/1"}],"replies":[{"embeddable":true,"href":"https:\/\/www.tadano.com\/africa\/fr\/wp-json\/wp\/v2\/comments?post=5083"}],"version-history":[{"count":3,"href":"https:\/\/www.tadano.com\/africa\/fr\/wp-json\/wp\/v2\/pages\/5083\/revisions"}],"predecessor-version":[{"id":5868,"href":"https:\/\/www.tadano.com\/africa\/fr\/wp-json\/wp\/v2\/pages\/5083\/revisions\/5868"}],"up":[{"embeddable":true,"href":"https:\/\/www.tadano.com\/africa\/fr\/wp-json\/wp\/v2\/pages\/5072"}],"wp:attachment":[{"href":"https:\/\/www.tadano.com\/africa\/fr\/wp-json\/wp\/v2\/media?parent=5083"}],"curies":[{"name":"wp","href":"https:\/\/api.w.org\/{rel}","templated":true}]}}