{"id":5084,"date":"2021-03-19T09:31:15","date_gmt":"2021-03-19T09:31:15","guid":{"rendered":"https:\/\/www.tadano.com\/africa\/ventes-services\/formation\/"},"modified":"2025-07-08T11:43:14","modified_gmt":"2025-07-08T11:43:14","slug":"formation","status":"publish","type":"page","link":"https:\/\/www.tadano.com\/africa\/fr\/ventes-services\/formation\/","title":{"rendered":"Formation"},"content":{"rendered":"\n\n\n<section class=\"hero-section\">\n\n\t\n\t\n\t\n\t<div class=\"img-holder \">\n\t\t\t\t<div class=\"bg-stretch\" style=\"background-position: 50% 50%; \">\n\t\t\t<span data-srcset=\"https:\/\/assets.onetadano.com\/celum_assets\/hero\/DEMAG_Azubi-40.jpg, https:\/\/assets.onetadano.com\/celum_assets\/hero-2x\/DEMAG_Azubi-40.jpg 2x\"><\/span>\n\t\t<\/div>\n\t\t\t\t\t\t<div class=\"logo green-solutions\" style=\"display:none;\">\n\t\t\t<a href=\"#\"><img decoding=\"async\" src=\"https:\/\/www.tadano.com\/africa\/wp-content\/themes\/tadano\/assets\/dist\/images\/Green-Solutions_Logo_White.svg\"><\/a>\n\t\t<\/div>\n\t<\/div>\n\t<div class=\"container\">\n\t\t<div class=\"text-holder \">\n\t\t\t<div class=\"wrap\">\n\t\t\t\t\n\t\t\t\t<ul class=\"breadcrumbs\"><li><a href=\"https:\/\/www.tadano.com\/africa\/fr\/\">Accueil<\/a><\/li><\/ul>\n\t\t\t\t\n\n<h1 class=\"wp-block-heading\">FORMATION<\/h1>\n\n\n\n<p>Tadano propose des formations compl\u00e8tes sur nos produits de marque Tadano et Demag pour vous aider \u00e0 tirer le meilleur parti de votre \u00e9quipement.<\/p>\n\n\n\n<div class=\"wp-block-buttons is-layout-flex wp-block-buttons-is-layout-flex\">\n<div class=\"wp-block-button\"><a class=\"wp-block-button__link wp-element-button\" href=\"#contact\" rel=\"\">ContactEZ-NOUS<\/a><\/div>\n<\/div>\n\n\n\n<p><\/p>\n\n\n\n\t\t\t\t\n\t\t\t<\/div>\n\n\t\t\t\n\t\t\t\n\t\t\t\n\t\t<\/div>\n\t<\/div>\n<\/section>\n\n\n<div class=\"wp-block-group is-style-background-triangle-right is-layout-flow wp-block-group-is-layout-flow\"><div class=\"wp-block-group__inner-container\">\n<h2 class=\"wp-block-heading\">TRANSMISSION DE SAVOIR-FAIRE DE POINTE<\/h2>\n\n\n\n<p>Qu&rsquo;il s&rsquo;agisse d&rsquo;hydraulique, de pneumatique, d&rsquo;\u00e9lectrotechnique, d&rsquo;\u00e9lectronique, de moteur ou de syst\u00e8mes de transmission, le d\u00e9partement Formation propose des programmes de formation complets sur les grues mobiles.<\/p>\n\n\n\n<p>Les formations sont r\u00e9alis\u00e9es gr\u00e2ce \u00e0 un savant m\u00e9lange de travaux pratiques et de s\u00e9ances de formation en classe utilisant les derni\u00e8res technologies, y compris des outils de simulation de pointe.<\/p>\n\n\n\n<p>\u00c0 la fin du cours, les participants recevront un certificat de fin de formation.<\/p>\n\n\n\n<div style=\"height:69px\" aria-hidden=\"true\" class=\"wp-block-spacer\"><\/div>\n\n\n\n<h2 class=\"wp-block-heading\">PROGRAMME DE FORMATION<\/h2>\n\n\n\n<p>Veuillez utiliser le programme de formation ci-dessous pour obtenir plus de d\u00e9tails sur notre grande vari\u00e9t\u00e9 de cours et pour vous inscrire aux formations.<\/p>\n\n\n<div class=\"iframe-block\">\n\t<div class=\"container\">\n\t\t<iframe src=\"https:\/\/00125.webseminare.biz\/?cd[webzielgruppe]=kunden&#038;language=english\" frameborder=\"0\" style=\"height:500px;\">\n\t\t  <p>\n\t\t  \tUnfortunately, your browser cannot display embedded frames. You can view the page by clicking the following link: <br>\n\t\t  \t<a href=\"https:\/\/00125.webseminare.biz\/?cd[webzielgruppe]=kunden&#038;language=english\">https:\/\/00125.webseminare.biz\/?cd[webzielgruppe]=kunden&#038;language=english<\/a>\n\t\t  <\/p>\n\t\t<\/iframe>\n\t\t\t\t\t<script type=\"text\/javascript\" src=\"https:\/\/www.webseminare.biz\/iframe_js_code.php?mandant=00125\"><\/script>\n\t\t\t<\/div>\n<\/div>\n\n\n<div class=\"wp-block-buttons is-layout-flex wp-block-buttons-is-layout-flex\"><\/div>\n\n\n<div id=\"contact\"><\/div>\n\n\n\n<section class=\"sales-team hide-background-triangle  \">\n   <div class=\"container\">\n                    <div class=\"section-heading\">\n                <div class=\"heading\">\n                    <h2>Vos experts en formation chez Tadano<\/h2>\n                <\/div>\n            <\/div>\n              <div class=\"threerow-slider dots-info has-no-images\">\n                 \n                        <div class=\"card-col no-img wide-card\">\n                <div class=\"info-card responsive\">\n                    <div class=\"card-img\">\n                                            <\/div>\n                    <div class=\"card-content\">\n                        <div class=\"card-title\">\n                            <p>J\u00fcrgen Christmann<\/p>\n                        <\/div>\n                        <div class=\"card-info\">\n                            <strong class=\"first-row row\">Responsable de la formation technique<\/strong>\n                            <strong class=\"row\">Allemagne<\/strong>\n                            <strong class=\"row\">Allemand, Anglais<\/strong>\n                                                            <strong class=\"row\">\n                                <svg style=\"display:inline;\" xmlns=\"http:\/\/www.w3.org\/2000\/svg\" id=\"Layer_1\" data-name=\"Layer 1\" viewBox=\"0 0 24 24\" width=\"15\" height=\"15\"><path d=\"M24,6.24c0,7.64-10.13,17.76-17.76,17.76-1.67,0-3.23-.63-4.38-1.78l-1-1.15c-1.16-1.16-1.16-3.12,.05-4.33,.03-.03,2.44-1.88,2.44-1.88,1.2-1.14,3.09-1.14,4.28,0l1.46,1.17c3.2-1.36,5.47-3.64,6.93-6.95l-1.16-1.46c-1.15-1.19-1.15-3.09,0-4.28,0,0,1.85-2.41,1.88-2.44,1.21-1.21,3.17-1.21,4.38,0l1.05,.91c1.2,1.19,1.83,2.75,1.83,4.42Z\"\/><\/svg>\n                                <a href=\"tel:+496332832572\">+49 6332 83 2572<\/a>\n                                <\/strong> \n                                                                                        <strong class=\"row\">\n                                <svg tyle=\"display:inline;\"  xmlns=\"http:\/\/www.w3.org\/2000\/svg\" id=\"Filled\" viewBox=\"0 0 24 24\" width=\"15\" height=\"15\"><path d=\"M23.954,5.542,15.536,13.96a5.007,5.007,0,0,1-7.072,0L.046,5.542C.032,5.7,0,5.843,0,6V18a5.006,5.006,0,0,0,5,5H19a5.006,5.006,0,0,0,5-5V6C24,5.843,23.968,5.7,23.954,5.542Z\"\/><path d=\"M14.122,12.546l9.134-9.135A4.986,4.986,0,0,0,19,1H5A4.986,4.986,0,0,0,.744,3.411l9.134,9.135A3.007,3.007,0,0,0,14.122,12.546Z\"\/><\/svg>\n                                <a href=\"mailto:juergen.christmann@tadano.com\">juergen.christmann@tadano.com<\/a>\n                            <\/strong>\n                                                    <\/div>\n                    <\/div>\n                <\/div>\n            <\/div>\n              <\/div>\n   <\/div>\n<\/section><\/div><\/div>\n\n\n\n<div class=\"wp-block-group is-style-background-cyan is-layout-flow wp-block-group-is-layout-flow\"><div class=\"wp-block-group__inner-container\">\n<div class=\"wp-block-columns is-layout-flex wp-container-core-columns-layout-1 wp-block-columns-is-layout-flex\">\n<div class=\"wp-block-column is-layout-flow wp-block-column-is-layout-flow\" style=\"flex-basis:33.33%\">\n<h2 class=\"wp-block-heading has-white-color has-text-color\">EN SAVOIR PLUS<\/h2>\n\n\n\n<p class=\"has-white-color has-text-color\">Les experts en grues et les programmes de formation de Tadano aideront votre \u00e9quipe \u00e0 diagnostiquer et \u00e0 r\u00e9soudre les probl\u00e8mes afin de minimiser les temps d&rsquo;arr\u00eat et de maximiser la productivit\u00e9.<\/p>\n<\/div>\n\n\n\n<div class=\"wp-block-column is-layout-flow wp-block-column-is-layout-flow\" style=\"flex-basis:66.66%\"><div class=\"download-button-block\">\n\t<div class=\"btn-holder\">\n\t\t<a href=\"\" class=\"btn btn-outline\" download>\n\t    Brochure\t  <\/a>\n\t<\/div>\n<\/div><\/div>\n<\/div>\n<\/div><\/div>\n","protected":false},"excerpt":{"rendered":"<p>TRANSMISSION DE SAVOIR-FAIRE DE POINTE Qu&rsquo;il s&rsquo;agisse d&rsquo;hydraulique, de pneumatique, d&rsquo;\u00e9lectrotechnique, d&rsquo;\u00e9lectronique, de moteur ou de syst\u00e8mes de transmission, le d\u00e9partement Formation propose des programmes de formation complets sur les grues mobiles. Les formations sont r\u00e9alis\u00e9es gr\u00e2ce \u00e0 un savant m\u00e9lange de travaux pratiques et de s\u00e9ances de formation en classe utilisant les derni\u00e8res technologies, [&hellip;]<\/p>\n","protected":false},"author":1,"featured_media":0,"parent":5072,"menu_order":0,"comment_status":"closed","ping_status":"closed","template":"","meta":{"_acf_changed":false,"footnotes":""},"acf":[],"yoast_head":"<!-- This site is optimized with the Yoast SEO plugin v22.3 - https:\/\/yoast.com\/wordpress\/plugins\/seo\/ -->\n<title>Formation - Africa<\/title>\n<meta name=\"robots\" content=\"index, follow, max-snippet:-1, max-image-preview:large, max-video-preview:-1\" \/>\n<link rel=\"canonical\" href=\"https:\/\/www.tadano.com\/africa\/fr\/ventes-services\/formation\/\" \/>\n<meta property=\"og:locale\" content=\"fr_FR\" \/>\n<meta property=\"og:type\" content=\"article\" \/>\n<meta property=\"og:title\" content=\"Formation - Africa\" \/>\n<meta property=\"og:description\" content=\"TRANSMISSION DE SAVOIR-FAIRE DE POINTE Qu&rsquo;il s&rsquo;agisse d&rsquo;hydraulique, de pneumatique, d&rsquo;\u00e9lectrotechnique, d&rsquo;\u00e9lectronique, de moteur ou de syst\u00e8mes de transmission, le d\u00e9partement Formation propose des programmes de formation complets sur les grues mobiles. Les formations sont r\u00e9alis\u00e9es gr\u00e2ce \u00e0 un savant m\u00e9lange de travaux pratiques et de s\u00e9ances de formation en classe utilisant les derni\u00e8res technologies, [&hellip;]\" \/>\n<meta property=\"og:url\" content=\"https:\/\/www.tadano.com\/africa\/fr\/ventes-services\/formation\/\" \/>\n<meta property=\"og:site_name\" content=\"Africa\" \/>\n<meta property=\"article:modified_time\" content=\"2025-07-08T11:43:14+00:00\" \/>\n<meta name=\"twitter:card\" content=\"summary_large_image\" \/>\n<meta name=\"twitter:label1\" content=\"Dur\u00e9e de lecture estim\u00e9e\" \/>\n\t<meta name=\"twitter:data1\" content=\"1 minute\" \/>\n<script type=\"application\/ld+json\" class=\"yoast-schema-graph\">{\"@context\":\"https:\/\/schema.org\",\"@graph\":[{\"@type\":\"WebPage\",\"@id\":\"https:\/\/www.tadano.com\/africa\/fr\/ventes-services\/formation\/\",\"url\":\"https:\/\/www.tadano.com\/africa\/fr\/ventes-services\/formation\/\",\"name\":\"Formation - Africa\",\"isPartOf\":{\"@id\":\"https:\/\/www.tadano.com\/africa\/fr\/#website\"},\"datePublished\":\"2021-03-19T09:31:15+00:00\",\"dateModified\":\"2025-07-08T11:43:14+00:00\",\"breadcrumb\":{\"@id\":\"https:\/\/www.tadano.com\/africa\/fr\/ventes-services\/formation\/#breadcrumb\"},\"inLanguage\":\"fr-FR\",\"potentialAction\":[{\"@type\":\"ReadAction\",\"target\":[\"https:\/\/www.tadano.com\/africa\/fr\/ventes-services\/formation\/\"]}]},{\"@type\":\"BreadcrumbList\",\"@id\":\"https:\/\/www.tadano.com\/africa\/fr\/ventes-services\/formation\/#breadcrumb\",\"itemListElement\":[{\"@type\":\"ListItem\",\"position\":1,\"name\":\"Ventes et Services\",\"item\":\"https:\/\/www.tadano.com\/africa\/fr\/ventes-services\/\"},{\"@type\":\"ListItem\",\"position\":2,\"name\":\"Formation\"}]},{\"@type\":\"WebSite\",\"@id\":\"https:\/\/www.tadano.com\/africa\/fr\/#website\",\"url\":\"https:\/\/www.tadano.com\/africa\/fr\/\",\"name\":\"Africa\",\"description\":\"Just another TADANO EUROPE site\",\"potentialAction\":[{\"@type\":\"SearchAction\",\"target\":{\"@type\":\"EntryPoint\",\"urlTemplate\":\"https:\/\/www.tadano.com\/africa\/fr\/?s={search_term_string}\"},\"query-input\":\"required name=search_term_string\"}],\"inLanguage\":\"fr-FR\"}]}<\/script>\n<!-- \/ Yoast SEO plugin. -->","yoast_head_json":{"title":"Formation - Africa","robots":{"index":"index","follow":"follow","max-snippet":"max-snippet:-1","max-image-preview":"max-image-preview:large","max-video-preview":"max-video-preview:-1"},"canonical":"https:\/\/www.tadano.com\/africa\/fr\/ventes-services\/formation\/","og_locale":"fr_FR","og_type":"article","og_title":"Formation - Africa","og_description":"TRANSMISSION DE SAVOIR-FAIRE DE POINTE Qu&rsquo;il s&rsquo;agisse d&rsquo;hydraulique, de pneumatique, d&rsquo;\u00e9lectrotechnique, d&rsquo;\u00e9lectronique, de moteur ou de syst\u00e8mes de transmission, le d\u00e9partement Formation propose des programmes de formation complets sur les grues mobiles. Les formations sont r\u00e9alis\u00e9es gr\u00e2ce \u00e0 un savant m\u00e9lange de travaux pratiques et de s\u00e9ances de formation en classe utilisant les derni\u00e8res technologies, [&hellip;]","og_url":"https:\/\/www.tadano.com\/africa\/fr\/ventes-services\/formation\/","og_site_name":"Africa","article_modified_time":"2025-07-08T11:43:14+00:00","twitter_card":"summary_large_image","twitter_misc":{"Dur\u00e9e de lecture estim\u00e9e":"1 minute"},"schema":{"@context":"https:\/\/schema.org","@graph":[{"@type":"WebPage","@id":"https:\/\/www.tadano.com\/africa\/fr\/ventes-services\/formation\/","url":"https:\/\/www.tadano.com\/africa\/fr\/ventes-services\/formation\/","name":"Formation - Africa","isPartOf":{"@id":"https:\/\/www.tadano.com\/africa\/fr\/#website"},"datePublished":"2021-03-19T09:31:15+00:00","dateModified":"2025-07-08T11:43:14+00:00","breadcrumb":{"@id":"https:\/\/www.tadano.com\/africa\/fr\/ventes-services\/formation\/#breadcrumb"},"inLanguage":"fr-FR","potentialAction":[{"@type":"ReadAction","target":["https:\/\/www.tadano.com\/africa\/fr\/ventes-services\/formation\/"]}]},{"@type":"BreadcrumbList","@id":"https:\/\/www.tadano.com\/africa\/fr\/ventes-services\/formation\/#breadcrumb","itemListElement":[{"@type":"ListItem","position":1,"name":"Ventes et Services","item":"https:\/\/www.tadano.com\/africa\/fr\/ventes-services\/"},{"@type":"ListItem","position":2,"name":"Formation"}]},{"@type":"WebSite","@id":"https:\/\/www.tadano.com\/africa\/fr\/#website","url":"https:\/\/www.tadano.com\/africa\/fr\/","name":"Africa","description":"Just another TADANO EUROPE site","potentialAction":[{"@type":"SearchAction","target":{"@type":"EntryPoint","urlTemplate":"https:\/\/www.tadano.com\/africa\/fr\/?s={search_term_string}"},"query-input":"required name=search_term_string"}],"inLanguage":"fr-FR"}]}},"_links":{"self":[{"href":"https:\/\/www.tadano.com\/africa\/fr\/wp-json\/wp\/v2\/pages\/5084"}],"collection":[{"href":"https:\/\/www.tadano.com\/africa\/fr\/wp-json\/wp\/v2\/pages"}],"about":[{"href":"https:\/\/www.tadano.com\/africa\/fr\/wp-json\/wp\/v2\/types\/page"}],"author":[{"embeddable":true,"href":"https:\/\/www.tadano.com\/africa\/fr\/wp-json\/wp\/v2\/users\/1"}],"replies":[{"embeddable":true,"href":"https:\/\/www.tadano.com\/africa\/fr\/wp-json\/wp\/v2\/comments?post=5084"}],"version-history":[{"count":2,"href":"https:\/\/www.tadano.com\/africa\/fr\/wp-json\/wp\/v2\/pages\/5084\/revisions"}],"predecessor-version":[{"id":5863,"href":"https:\/\/www.tadano.com\/africa\/fr\/wp-json\/wp\/v2\/pages\/5084\/revisions\/5863"}],"up":[{"embeddable":true,"href":"https:\/\/www.tadano.com\/africa\/fr\/wp-json\/wp\/v2\/pages\/5072"}],"wp:attachment":[{"href":"https:\/\/www.tadano.com\/africa\/fr\/wp-json\/wp\/v2\/media?parent=5084"}],"curies":[{"name":"wp","href":"https:\/\/api.w.org\/{rel}","templated":true}]}}