{"id":5408,"date":"2021-12-07T10:10:37","date_gmt":"2021-12-07T10:10:37","guid":{"rendered":"https:\/\/www.tadano.com\/africa\/signalement-dinfractions\/"},"modified":"2023-12-11T14:29:04","modified_gmt":"2023-12-11T14:29:04","slug":"signalement-dinfractions","status":"publish","type":"page","link":"https:\/\/www.tadano.com\/africa\/fr\/signalement-dinfractions\/","title":{"rendered":"Signalement et r\u00e9clamations concernant la cha\u00eene d&rsquo;approvisionnement"},"content":{"rendered":"\n<h1 class=\"has-text-align-center wp-block-heading\">Signalement et r\u00e9clamations concernant la cha\u00eene d&rsquo;approvisionnement (droits de l&rsquo;homme et environnement)<br><\/h1>\n\n\n\n<p class=\"has-text-align-left\">Tadano Europe offre la possibilit\u00e9 \u00e0 tous les employ\u00e9s de tous les sites et succursales europ\u00e9ens de signaler les violations conform\u00e9ment \u00e0 la directive europ\u00e9enne 2019\/1937. Tous les employ\u00e9s (y compris les anciens employ\u00e9s), les fournisseurs, les sous-traitants ou toute autre personne peuvent signaler des violations, qu&rsquo;il s&rsquo;agisse de violations locales de la loi ou de violations des directives, r\u00e8glements et r\u00e8gles de l&rsquo;UE ou du non-respect de la Charte RSE de TADANO, du Code de conduite de TADANO ou de toute directive, r\u00e8glement ou proc\u00e9dure comparable de Tadano applicable en Europe. Des plaintes peuvent \u00e9galement \u00eatre d\u00e9pos\u00e9es concernant des risques et des violations dans la cha\u00eene d&rsquo;approvisionnement dans les domaines des droits de l&rsquo;homme et de l&rsquo;environnement.<br><br>Toutefois, le rapport doit toujours se rapporter \u00e0 la sph\u00e8re d&rsquo;activit\u00e9 de Tadano Europe. L&rsquo;infraction doit avoir \u00e9t\u00e9 commise par une entreprise de Tadano, un employ\u00e9 ou un fournisseur, un entrepreneur ou une autre personne sous le contr\u00f4le de Tadano (d\u00e9nonciation) ou le risque ou l&rsquo;infraction doit exister \/ avoir \u00e9t\u00e9 commis chez Tadano ou chez un fournisseur direct ou indirect.<\/p>\n\n\n\n<p>Vous pouvez signaler des infractions en ligne via la plateforme LegalTegrity (exploit\u00e9e par LegalTegrity GmbH, Francfort-sur-le-Main). Vous pouvez le faire de mani\u00e8re anonyme, mais ce n&rsquo;est pas obligatoire. Le contact LegalTegrity chez Tadano pour ces rapports est le Tadano Compliance Office.<\/p>\n\n\n\n<p class=\"has-text-align-center\"><strong>Votre message reste confidentiel !<\/strong><br><strong><br>Votre rapport fera l&rsquo;objet d&rsquo;une enqu\u00eate !<\/strong><br><strong><br>Les lanceurs d&rsquo;alerte honn\u00eates et leurs interm\u00e9diaires restent prot\u00e9g\u00e9s !<\/strong><\/p>\n\n\n\n<p class=\"has-text-align-center\">Vous pouvez faire la d\u00e9claration vous-m\u00eame ou par le biais d&rsquo;un interm\u00e9diaire (que vous d\u00e9terminez vous-m\u00eame).<br><br><strong>Chaque rapport doit \u00eatre sinc\u00e8re !<\/strong><\/p>\n\n\n\n<p>Lien vers la plateforme juridique Tegrity :<br><br><a href=\"https:\/\/app.legaltegrity.com\/report\/72e96c88-1390-4c5c-9d08-d72946305645\" target=\"_blank\" rel=\"noreferrer noopener\">https:\/\/app.legaltegrity.com\/report\/72e96c88-1390-4c5c-9d08-d72946305645<\/a><\/p>\n\n\n\n<p><em>Langues disponibles : Allemand, anglais, italien, espagnol, fran\u00e7ais, n\u00e9erlandais, su\u00e9dois, finlandais<\/em><\/p>\n\n\n\n<p class=\"has-text-align-center\"><strong>NOTE IMPORTANTE<\/strong><\/p>\n\n\n\n<p><strong>Il ne s&rsquo;agit PAS<\/strong> d&rsquo;un service destin\u00e9 \u00e0 recevoir : des urgences, des demandes de garantie, des r\u00e9clamations, des plaintes, des conseils, des demandes de renseignements, des suggestions.<br>Les rapports qui ne contiennent pas d&rsquo;informations sp\u00e9cifiques ne peuvent pas \u00eatre trait\u00e9s.<\/p>\n\n\n\n<p>Ne faites pas de d\u00e9clarations d\u00e9lib\u00e9r\u00e9ment fausses ou trompeuses ! Cela peut entra\u00eener une responsabilit\u00e9 civile ou p\u00e9nale !<\/p>\n\n\n\n<p>Cette organisation n&rsquo;est pas autoris\u00e9e \u00e0 transmettre des messages \u00e0 Tadano.<\/p>\n","protected":false},"excerpt":{"rendered":"<p>Signalement et r\u00e9clamations concernant la cha\u00eene d&rsquo;approvisionnement (droits de l&rsquo;homme et environnement) Tadano Europe offre la possibilit\u00e9 \u00e0 tous les employ\u00e9s de tous les sites et succursales europ\u00e9ens de signaler les violations conform\u00e9ment \u00e0 la directive europ\u00e9enne 2019\/1937. Tous les employ\u00e9s (y compris les anciens employ\u00e9s), les fournisseurs, les sous-traitants ou toute autre personne peuvent [&hellip;]<\/p>\n","protected":false},"author":3,"featured_media":0,"parent":0,"menu_order":0,"comment_status":"closed","ping_status":"closed","template":"templates\/corner-image.php","meta":{"_acf_changed":false,"footnotes":""},"acf":[],"yoast_head":"<!-- This site is optimized with the Yoast SEO plugin v22.3 - https:\/\/yoast.com\/wordpress\/plugins\/seo\/ -->\n<title>Signalement et r\u00e9clamations concernant la cha\u00eene d&#039;approvisionnement - Africa<\/title>\n<meta name=\"robots\" content=\"index, follow, max-snippet:-1, max-image-preview:large, max-video-preview:-1\" \/>\n<link rel=\"canonical\" href=\"https:\/\/www.tadano.com\/africa\/fr\/signalement-dinfractions\/\" \/>\n<meta property=\"og:locale\" content=\"fr_FR\" \/>\n<meta property=\"og:type\" content=\"article\" \/>\n<meta property=\"og:title\" content=\"Signalement et r\u00e9clamations concernant la cha\u00eene d&#039;approvisionnement - Africa\" \/>\n<meta property=\"og:description\" content=\"Signalement et r\u00e9clamations concernant la cha\u00eene d&rsquo;approvisionnement (droits de l&rsquo;homme et environnement) Tadano Europe offre la possibilit\u00e9 \u00e0 tous les employ\u00e9s de tous les sites et succursales europ\u00e9ens de signaler les violations conform\u00e9ment \u00e0 la directive europ\u00e9enne 2019\/1937. Tous les employ\u00e9s (y compris les anciens employ\u00e9s), les fournisseurs, les sous-traitants ou toute autre personne peuvent [&hellip;]\" \/>\n<meta property=\"og:url\" content=\"https:\/\/www.tadano.com\/africa\/fr\/signalement-dinfractions\/\" \/>\n<meta property=\"og:site_name\" content=\"Africa\" \/>\n<meta property=\"article:modified_time\" content=\"2023-12-11T14:29:04+00:00\" \/>\n<meta name=\"twitter:card\" content=\"summary_large_image\" \/>\n<meta name=\"twitter:label1\" content=\"Dur\u00e9e de lecture estim\u00e9e\" \/>\n\t<meta name=\"twitter:data1\" content=\"2 minutes\" \/>\n<script type=\"application\/ld+json\" class=\"yoast-schema-graph\">{\"@context\":\"https:\/\/schema.org\",\"@graph\":[{\"@type\":\"WebPage\",\"@id\":\"https:\/\/www.tadano.com\/africa\/fr\/signalement-dinfractions\/\",\"url\":\"https:\/\/www.tadano.com\/africa\/fr\/signalement-dinfractions\/\",\"name\":\"Signalement et r\u00e9clamations concernant la cha\u00eene d'approvisionnement - Africa\",\"isPartOf\":{\"@id\":\"https:\/\/www.tadano.com\/africa\/fr\/#website\"},\"datePublished\":\"2021-12-07T10:10:37+00:00\",\"dateModified\":\"2023-12-11T14:29:04+00:00\",\"inLanguage\":\"fr-FR\",\"potentialAction\":[{\"@type\":\"ReadAction\",\"target\":[\"https:\/\/www.tadano.com\/africa\/fr\/signalement-dinfractions\/\"]}]},{\"@type\":\"WebSite\",\"@id\":\"https:\/\/www.tadano.com\/africa\/fr\/#website\",\"url\":\"https:\/\/www.tadano.com\/africa\/fr\/\",\"name\":\"Africa\",\"description\":\"Just another TADANO EUROPE site\",\"potentialAction\":[{\"@type\":\"SearchAction\",\"target\":{\"@type\":\"EntryPoint\",\"urlTemplate\":\"https:\/\/www.tadano.com\/africa\/fr\/?s={search_term_string}\"},\"query-input\":\"required name=search_term_string\"}],\"inLanguage\":\"fr-FR\"}]}<\/script>\n<!-- \/ Yoast SEO plugin. -->","yoast_head_json":{"title":"Signalement et r\u00e9clamations concernant la cha\u00eene d'approvisionnement - Africa","robots":{"index":"index","follow":"follow","max-snippet":"max-snippet:-1","max-image-preview":"max-image-preview:large","max-video-preview":"max-video-preview:-1"},"canonical":"https:\/\/www.tadano.com\/africa\/fr\/signalement-dinfractions\/","og_locale":"fr_FR","og_type":"article","og_title":"Signalement et r\u00e9clamations concernant la cha\u00eene d'approvisionnement - Africa","og_description":"Signalement et r\u00e9clamations concernant la cha\u00eene d&rsquo;approvisionnement (droits de l&rsquo;homme et environnement) Tadano Europe offre la possibilit\u00e9 \u00e0 tous les employ\u00e9s de tous les sites et succursales europ\u00e9ens de signaler les violations conform\u00e9ment \u00e0 la directive europ\u00e9enne 2019\/1937. Tous les employ\u00e9s (y compris les anciens employ\u00e9s), les fournisseurs, les sous-traitants ou toute autre personne peuvent [&hellip;]","og_url":"https:\/\/www.tadano.com\/africa\/fr\/signalement-dinfractions\/","og_site_name":"Africa","article_modified_time":"2023-12-11T14:29:04+00:00","twitter_card":"summary_large_image","twitter_misc":{"Dur\u00e9e de lecture estim\u00e9e":"2 minutes"},"schema":{"@context":"https:\/\/schema.org","@graph":[{"@type":"WebPage","@id":"https:\/\/www.tadano.com\/africa\/fr\/signalement-dinfractions\/","url":"https:\/\/www.tadano.com\/africa\/fr\/signalement-dinfractions\/","name":"Signalement et r\u00e9clamations concernant la cha\u00eene d'approvisionnement - Africa","isPartOf":{"@id":"https:\/\/www.tadano.com\/africa\/fr\/#website"},"datePublished":"2021-12-07T10:10:37+00:00","dateModified":"2023-12-11T14:29:04+00:00","inLanguage":"fr-FR","potentialAction":[{"@type":"ReadAction","target":["https:\/\/www.tadano.com\/africa\/fr\/signalement-dinfractions\/"]}]},{"@type":"WebSite","@id":"https:\/\/www.tadano.com\/africa\/fr\/#website","url":"https:\/\/www.tadano.com\/africa\/fr\/","name":"Africa","description":"Just another TADANO EUROPE site","potentialAction":[{"@type":"SearchAction","target":{"@type":"EntryPoint","urlTemplate":"https:\/\/www.tadano.com\/africa\/fr\/?s={search_term_string}"},"query-input":"required name=search_term_string"}],"inLanguage":"fr-FR"}]}},"_links":{"self":[{"href":"https:\/\/www.tadano.com\/africa\/fr\/wp-json\/wp\/v2\/pages\/5408"}],"collection":[{"href":"https:\/\/www.tadano.com\/africa\/fr\/wp-json\/wp\/v2\/pages"}],"about":[{"href":"https:\/\/www.tadano.com\/africa\/fr\/wp-json\/wp\/v2\/types\/page"}],"author":[{"embeddable":true,"href":"https:\/\/www.tadano.com\/africa\/fr\/wp-json\/wp\/v2\/users\/3"}],"replies":[{"embeddable":true,"href":"https:\/\/www.tadano.com\/africa\/fr\/wp-json\/wp\/v2\/comments?post=5408"}],"version-history":[{"count":1,"href":"https:\/\/www.tadano.com\/africa\/fr\/wp-json\/wp\/v2\/pages\/5408\/revisions"}],"predecessor-version":[{"id":5409,"href":"https:\/\/www.tadano.com\/africa\/fr\/wp-json\/wp\/v2\/pages\/5408\/revisions\/5409"}],"wp:attachment":[{"href":"https:\/\/www.tadano.com\/africa\/fr\/wp-json\/wp\/v2\/media?parent=5408"}],"curies":[{"name":"wp","href":"https:\/\/api.w.org\/{rel}","templated":true}]}}