{"id":5579,"date":"2024-04-05T12:28:15","date_gmt":"2024-04-05T12:28:15","guid":{"rendered":"https:\/\/www.tadano.com\/africa\/kits-de-modernisation\/"},"modified":"2026-02-04T10:20:41","modified_gmt":"2026-02-04T10:20:41","slug":"solutions-de-renovation","status":"publish","type":"page","link":"https:\/\/www.tadano.com\/africa\/fr\/solutions-de-renovation\/","title":{"rendered":"Kits de modernisation"},"content":{"rendered":"\n\n\n<section class=\"hero-section\">\n\n\t\n\t\t\t<style type=\"text\/css\">\n\t\t\t.hero-section .img-holder:before {\n\t\t\t\tdisplay: none;\n\t\t\t}\n\t\t<\/style>\n\t\n\t\n\t<div class=\"img-holder \">\n\t\t\t\t<div class=\"bg-stretch\" style=\"background-position: 0 50%; \">\n\t\t\t<span data-srcset=\"https:\/\/assets.onetadano.com\/celum_assets\/hero\/CC+8800-1+Boom+Booster+US+2.jpg, https:\/\/assets.onetadano.com\/celum_assets\/hero-2x\/CC+8800-1+Boom+Booster+US+2.jpg 2x\"><\/span>\n\t\t<\/div>\n\t\t\t\t\t\t<div class=\"logo green-solutions\" style=\"display:none;\">\n\t\t\t<a href=\"#\"><img decoding=\"async\" src=\"https:\/\/www.tadano.com\/africa\/wp-content\/themes\/tadano\/assets\/dist\/images\/Green-Solutions_Logo_White.svg\"><\/a>\n\t\t<\/div>\n\t<\/div>\n\t<div class=\"container\">\n\t\t<div class=\"text-holder \">\n\t\t\t<div class=\"wrap\">\n\t\t\t\t\n\t\t\t\t<ul class=\"breadcrumbs\"><li><a href=\"https:\/\/www.tadano.com\/africa\/fr\/\">Accueil<\/a><\/li><\/ul>\n\t\t\t\t\n\n<h1 class=\"wp-block-heading\"><a href=\"https:\/\/www.demagmobilecranes.com\/en\/demag-technology\/cc-3800-1-boom-booster\/\" target=\"_blank\" rel=\"noreferrer noopener\"><\/a><span style=\"background-color:rgba(0, 0, 0, 0)\" class=\"has-inline-color has-black-color\">R\u00e9novation<\/span><\/h1>\n\n\n\n<p>D\u00e9couvrez les solutions compl\u00e8tes de Tadano pour la r\u00e9novation de votre parc de grues.<\/p>\n\n\n\n\t\t\t\t\n\t\t\t<\/div>\n\n\t\t\t\n\t\t\t\n\t\t\t\n\t\t<\/div>\n\t<\/div>\n<\/section>\n\n\n<div class=\"wp-block-group is-style-background-triangle-right overlapping-section is-layout-flow wp-block-group-is-layout-flow\"><div class=\"wp-block-group__inner-container\">\n<h2 class=\"wp-block-heading\"><strong><strong>Un coup de boost pour votre parc de grues : les solutions de r\u00e9novation Tadano.<\/strong><\/strong><\/h2>\n\n\n\n<p>Face aux exigences croissantes des op\u00e9rateurs et propri\u00e9taires de grues, Tadano propose une vaste gamme d\u2019options de r\u00e9novation sur mesure. Que vous cherchiez \u00e0 renforcer la s\u00e9curit\u00e9, \u00e0 am\u00e9liorer la productivit\u00e9 ou \u00e0 prolonger la dur\u00e9e de vie de votre investissement, nous avons les solutions pour y parvenir.<\/p>\n\n\n\n<p>Notre offre va des fl\u00e8ches compl\u00e8tes et syst\u00e8mes de s\u00e9curit\u00e9 aux kits de mise \u00e0 niveau t\u00e9l\u00e9matique pour le service \u00e0 distance et la maintenance pr\u00e9dictive. Des grues tout-terrain aux grues \u00e0 chenilles \u00e0 m\u00e2t treillis, nous proposons des kits de r\u00e9novation qui s\u2019int\u00e8grent parfaitement \u00e0 votre mod\u00e8le Tadano, optimisant ainsi encore davantage son champ d\u2019application.<\/p>\n\n\n\n<p>S\u00e9lectionnez votre grue dans le menu d\u00e9roulant pour d\u00e9couvrir les options de r\u00e9novation sur mesure disponibles. Exploitez tout le potentiel de votre flotte gr\u00e2ce \u00e0 des solutions con\u00e7ues sur la base de l\u2019expertise Tadano.<\/p>\n\n\n\n<p><strong>\u00c0 noter :<\/strong> La liste n\u2019est pas exhaustive et est continuellement mise \u00e0 jour.<br>Pour toute question, n\u2019h\u00e9sitez pas \u00e0 contacter notre \u00e9quipe : <strong><a>retrofit@tadano.com<\/a><\/strong><\/p>\n\n\n\n<div style=\"height:100px\" aria-hidden=\"true\" class=\"wp-block-spacer\"><\/div>\n\n\n\n<div class=\"wp-block-columns is-layout-flex wp-container-core-columns-layout-1 wp-block-columns-is-layout-flex\">\n<div class=\"wp-block-column is-layout-flow wp-block-column-is-layout-flow\" style=\"flex-basis:33.33%\">\n<h2 class=\"wp-block-heading\">Solutions de R\u00e9novation<\/h2>\n\n\n\n<p>Les technologies innovantes de Tadano sont associ\u00e9es \u00e0 des services et \u00e0 une assistance intelligents, le but \u00e9tant que chaque op\u00e9ration de levage se d\u00e9roule dans des conditions rentables et \u00e9conomiques pour votre entreprise.<\/p>\n<\/div>\n\n\n\n<div class=\"wp-block-column is-layout-flow wp-block-column-is-layout-flow\" style=\"flex-basis:66.66%\">\n<section class=\"retrofit-list\" id=\"retrofit-list\">\n\n  <style type=\"text\/css\">\n    .jcf-option-hidden {\n      display: none!important;\n    }\n  <\/style>\n\n  <select name=\"category\" id=\"category-select\">\n    <option value=\"\">S\u00e9lectionner une cat\u00e9gorie<\/option>\n    <option value=\"All terrain cranes\">Grues tout-terrain<\/option><option value=\"Lattice boom crawler cranes\">Grues sur chenilles \u00e0 m\u00e2t treillis<\/option>  <\/select>\n\n  <select name=\"product\" id=\"product-select\" disabled>\n    <option value=\"\">S\u00e9lectionner un produit<\/option>\n    <option value=\"AC 2.040-1\" data-category='All terrain cranes'>AC 2.040-1<\/option><option value=\"AC 4.070-2\" data-category='All terrain cranes'>AC 4.070-2<\/option><option value=\"AC 4.070L-1\" data-category='All terrain cranes'>AC 4.070L-1<\/option><option value=\"AC 4.080-1\" data-category='All terrain cranes'>AC 4.080-1<\/option><option value=\"AC 5.130-1\" data-category='All terrain cranes'>AC 5.130-1<\/option><option value=\"AC 5.160-1\" data-category='All terrain cranes'>AC 5.160-1<\/option><option value=\"AC 5.250-2\" data-category='All terrain cranes'>AC 5.250-2<\/option><option value=\"AC 5.250L-2\" data-category='All terrain cranes'>AC 5.250L-2<\/option><option value=\"AC 6.300-1\" data-category='All terrain cranes'>AC 6.300-1<\/option><option value=\"AC 7.450-1\" data-category='All terrain cranes'>AC 7.450-1<\/option><option value=\"AC 8.500-1\" data-category='All terrain cranes'>AC 8.500-1<\/option><option value=\"CC 24.400-1\" data-category='Lattice boom crawler cranes'>CC 24.400-1<\/option><option value=\"CC 38.650-1\" data-category='Lattice boom crawler cranes'>CC 38.650-1<\/option><option value=\"CC 68.1250-1\" data-category='Lattice boom crawler cranes'>CC 68.1250-1<\/option><option value=\"CC 88.1600-1\" data-category='Lattice boom crawler cranes'>CC 88.1600-1<\/option>  <\/select>\n\n  <script>\n  document.addEventListener('DOMContentLoaded', function() {\n    const categorySelect = document.getElementById('category-select');\n    const productSelect = document.getElementById('product-select');\n    const STORAGE_KEY_CATEGORY = 'retrofit_selected_category';\n    const STORAGE_KEY_PRODUCT = 'retrofit_selected_product';\n    \n    \/\/ Function to save selection to localStorage\n    function saveSelection(key, value) {\n      try {\n        localStorage.setItem(key, value);\n      } catch (e) {\n        console.warn('LocalStorage not available:', e);\n      }\n    }\n    \n    \/\/ Function to get selection from localStorage\n    function getSelection(key) {\n      try {\n        return localStorage.getItem(key) || '';\n      } catch (e) {\n        console.warn('LocalStorage not available:', e);\n        return '';\n      }\n    }\n    \n    \/\/ Function to filter product options based on category\n    function filterProductOptions(category) {\n      const options = productSelect.querySelectorAll('option');\n      let hasVisibleOptions = false;\n      \n      options.forEach(option => {\n        if (option.value === '') {\n          option.style.display = 'block';\n          return;\n        }\n        \n        const categories = option.getAttribute('data-category').split(',');\n        if (!category || categories.includes(category)) {\n          option.style.display = 'block';\n          hasVisibleOptions = true;\n        } else {\n          option.style.display = 'none';\n        }\n      });\n      \n      \/\/ Enable\/disable product select based on category selection and available options\n      productSelect.disabled = !category || !hasVisibleOptions;\n    }\n    \n    \/\/ Function to filter and display retrofit kits based on selections\n    function filterRetrofitKits() {\n      const selectedCategory = categorySelect.value;\n      const selectedProduct = productSelect.value;\n      const retrofitBlocks = document.querySelectorAll('.links-block');\n      \n      retrofitBlocks.forEach(block => {\n        let shouldShow = false;\n        \n        if (!selectedCategory && !selectedProduct) {\n          \/\/ No filters selected - hide all items\n          shouldShow = false;\n        } else if (selectedCategory && !selectedProduct) {\n          \/\/ Only category selected - show items that have this category\n          const blockCategories = block.getAttribute('data-categories').split('|');\n          shouldShow = blockCategories.includes(selectedCategory);\n        } else if (selectedCategory && selectedProduct) {\n          \/\/ Both category and product selected - show items that match both\n          const blockCategories = block.getAttribute('data-categories').split('|');\n          const blockProducts = block.getAttribute('data-products').split('|');\n          shouldShow = blockCategories.includes(selectedCategory) && blockProducts.includes(selectedProduct);\n        }\n        \n        block.style.display = shouldShow ? 'block' : 'none';\n      });\n    }\n    \n    \/\/ Function to restore selections from localStorage\n    function restoreSelections() {\n      const savedCategory = getSelection(STORAGE_KEY_CATEGORY);\n      const savedProduct = getSelection(STORAGE_KEY_PRODUCT);\n      \n      \/\/ Restore category selection\n      if (savedCategory && categorySelect.querySelector(`option[value=\"${savedCategory}\"]`)) {\n        categorySelect.value = savedCategory;\n        filterProductOptions(savedCategory);\n      }\n      \n      \/\/ Restore product selection (only if category is selected and product is valid)\n      if (savedCategory && savedProduct) {\n        const productOption = productSelect.querySelector(`option[value=\"${savedProduct}\"]`);\n        if (productOption && productOption.style.display !== 'none') {\n          productSelect.value = savedProduct;\n        } else {\n          \/\/ Clear invalid product selection\n          saveSelection(STORAGE_KEY_PRODUCT, '');\n        }\n      }\n      \n      \/\/ Filter and display items based on restored selections\n      filterRetrofitKits();\n    }\n    \n    \/\/ Handle category selection change\n    categorySelect.addEventListener('change', function() {\n      const selectedCategory = this.value;\n      \n      \/\/ Save category selection\n      saveSelection(STORAGE_KEY_CATEGORY, selectedCategory);\n      \n      \/\/ Filter products and enable\/disable product select\n      filterProductOptions(selectedCategory);\n      \n      \/\/ Clear product selection if category changed\n      if (productSelect.value) {\n        const currentProductOption = productSelect.querySelector(`option[value=\"${productSelect.value}\"]`);\n        if (!currentProductOption || currentProductOption.style.display === 'none') {\n          productSelect.value = '';\n          saveSelection(STORAGE_KEY_PRODUCT, '');\n        }\n      }\n      \n      \/\/ Clear product selection if no category selected\n      if (!selectedCategory) {\n        productSelect.value = '';\n        saveSelection(STORAGE_KEY_PRODUCT, '');\n      }\n      \n      \/\/ Filter and display retrofit kits\n      filterRetrofitKits();\n    });\n    \n    \/\/ Handle product selection change\n    productSelect.addEventListener('change', function() {\n      const selectedProduct = this.value;\n      saveSelection(STORAGE_KEY_PRODUCT, selectedProduct);\n      \n      \/\/ Filter and display retrofit kits\n      filterRetrofitKits();\n    });\n    \n    \/\/ Initialize: restore selections on page load\n    restoreSelections();\n  });\n  <\/script>\n\n  <div class=\"links-block-wrapper\">\n    <div class=\"container\">\n      <section class=\"links-blocks\">\n\n        \n            <div class=\"links-block\" id=\"5607\" data-products=\"CC 38.650-1\" data-categories=\"Lattice boom crawler cranes\" style=\"display:none;\">\n              <div class=\"link-single\">\n                                  <a href=\"https:\/\/www.tadano.com\/africa\/fr\/retrofit-kits\/adaptateur-quick-move\/\">\n                                                            <strong class='title'>Adaptateur Quick Move<\/strong>\n                                                          <\/a>\n              <\/div>\n            <\/div>\n\n        \n            <div class=\"links-block\" id=\"5604\" data-products=\"CC 38.650-1\" data-categories=\"Lattice boom crawler cranes\" style=\"display:none;\">\n              <div class=\"link-single\">\n                                  <a href=\"https:\/\/www.tadano.com\/africa\/fr\/retrofit-kits\/support-de-transport\/\">\n                                                            <strong class='title'>\u00c9trier de transport<\/strong>\n                                                          <\/a>\n              <\/div>\n            <\/div>\n\n        \n            <div class=\"links-block\" id=\"5608\" data-products=\"CC 38.650-1|CC 68.1250-1\" data-categories=\"Lattice boom crawler cranes|Lattice boom crawler cranes\" style=\"display:none;\">\n              <div class=\"link-single\">\n                                  <a href=\"https:\/\/www.tadano.com\/africa\/fr\/retrofit-kits\/flex-frame\/\">\n                                                            <strong class='title'>Flex Frame<\/strong>\n                                                          <\/a>\n              <\/div>\n            <\/div>\n\n        \n            <div class=\"links-block\" id=\"5603\" data-products=\"CC 24.400-1|CC 38.650-1\" data-categories=\"Lattice boom crawler cranes|Lattice boom crawler cranes\" style=\"display:none;\">\n              <div class=\"link-single\">\n                                  <a href=\"https:\/\/www.tadano.com\/africa\/fr\/retrofit-kits\/ic-1-remote\/\">\n                                                            <strong class='title'>IC-1 Remote<\/strong>\n                                                          <\/a>\n              <\/div>\n            <\/div>\n\n        \n            <div class=\"links-block\" id=\"5605\" data-products=\"CC 38.650-1|CC 68.1250-1|CC 88.1600-1\" data-categories=\"Lattice boom crawler cranes|Lattice boom crawler cranes|Lattice boom crawler cranes\" style=\"display:none;\">\n              <div class=\"link-single\">\n                                  <a href=\"https:\/\/www.tadano.com\/africa\/fr\/retrofit-kits\/kits-boom-booster\/\">\n                                                            <strong class='title'>Kits Boom Booster<\/strong>\n                                                          <\/a>\n              <\/div>\n            <\/div>\n\n        \n            <div class=\"links-block\" id=\"6071\" data-products=\"CC 38.650-1|AC 2.040-1|AC 4.070-2|AC 4.070L-1|AC 4.080-1|AC 5.130-1|AC 5.160-1|AC 5.250-2|AC 5.250L-2|AC 6.300-1|AC 7.450-1|AC 8.500-1\" data-categories=\"Lattice boom crawler cranes|All terrain cranes|All terrain cranes|All terrain cranes|All terrain cranes|All terrain cranes|All terrain cranes|All terrain cranes|All terrain cranes|All terrain cranes|All terrain cranes|All terrain cranes\" style=\"display:none;\">\n              <div class=\"link-single\">\n                                  <a href=\"https:\/\/www.tadano.com\/africa\/fr\/retrofit-kits\/plaques-de-calage\/\">\n                                                            <strong class='title'>Plaques de calage<\/strong>\n                                                          <\/a>\n              <\/div>\n            <\/div>\n\n        \n            <div class=\"links-block\" id=\"5606\" data-products=\"CC 38.650-1|CC 68.1250-1\" data-categories=\"Lattice boom crawler cranes|Lattice boom crawler cranes\" style=\"display:none;\">\n              <div class=\"link-single\">\n                                  <a href=\"https:\/\/www.tadano.com\/africa\/fr\/retrofit-kits\/split-tray\/\">\n                                                            <strong class='title'>Split Tray<\/strong>\n                                                          <\/a>\n              <\/div>\n            <\/div>\n\n        \n      <\/section>\n    <\/div>\n  <\/div>\n\n<\/section><\/div>\n<\/div>\n<\/div><\/div>\n\n\n\n<div class=\"wp-block-group is-style-background-cyan is-layout-flow wp-block-group-is-layout-flow\"><div class=\"wp-block-group__inner-container\">\n<h2 class=\"wp-block-heading\"><strong>CONTACTEZ-NOUS<\/strong><\/h2>\n\n\n\n<p>Si vous avez la moindre question sur nos solutions de r\u00e9novation, n&rsquo;h\u00e9sitez pas \u00e0 contacter notre \u00e9quipe.<\/p>\n\n\n\n<div class=\"wp-block-columns is-layout-flex wp-container-core-columns-layout-3 wp-block-columns-is-layout-flex\">\n<div class=\"wp-block-column is-layout-flow wp-block-column-is-layout-flow\">\n<div class=\"wp-block-columns is-layout-flex wp-container-core-columns-layout-2 wp-block-columns-is-layout-flex\">\n<div class=\"wp-block-column is-layout-flow wp-block-column-is-layout-flow\">\n<div class=\"wp-block-buttons is-layout-flex wp-block-buttons-is-layout-flex\">\n<div class=\"wp-block-button is-style-icon-mail\"><a class=\"wp-block-button__link wp-element-button\" href=\"mailto:retrofit@tadano.com\">retrofit@tadano.com<\/a><\/div>\n<\/div>\n<\/div>\n<\/div>\n<\/div>\n<\/div>\n<\/div><\/div>\n","protected":false},"excerpt":{"rendered":"<p>Un coup de boost pour votre parc de grues : les solutions de r\u00e9novation Tadano. Face aux exigences croissantes des op\u00e9rateurs et propri\u00e9taires de grues, Tadano propose une vaste gamme d\u2019options de r\u00e9novation sur mesure. Que vous cherchiez \u00e0 renforcer la s\u00e9curit\u00e9, \u00e0 am\u00e9liorer la productivit\u00e9 ou \u00e0 prolonger la dur\u00e9e de vie de votre [&hellip;]<\/p>\n","protected":false},"author":3,"featured_media":0,"parent":0,"menu_order":0,"comment_status":"closed","ping_status":"closed","template":"","meta":{"_acf_changed":false,"footnotes":""},"acf":[],"yoast_head":"<!-- This site is optimized with the Yoast SEO plugin v22.3 - https:\/\/yoast.com\/wordpress\/plugins\/seo\/ -->\n<title>Kits de modernisation - Africa<\/title>\n<meta name=\"robots\" content=\"index, follow, max-snippet:-1, max-image-preview:large, max-video-preview:-1\" \/>\n<link rel=\"canonical\" href=\"https:\/\/www.tadano.com\/africa\/fr\/solutions-de-renovation\/\" \/>\n<meta property=\"og:locale\" content=\"fr_FR\" \/>\n<meta property=\"og:type\" content=\"article\" \/>\n<meta property=\"og:title\" content=\"Kits de modernisation - Africa\" \/>\n<meta property=\"og:description\" content=\"Un coup de boost pour votre parc de grues : les solutions de r\u00e9novation Tadano. Face aux exigences croissantes des op\u00e9rateurs et propri\u00e9taires de grues, Tadano propose une vaste gamme d\u2019options de r\u00e9novation sur mesure. Que vous cherchiez \u00e0 renforcer la s\u00e9curit\u00e9, \u00e0 am\u00e9liorer la productivit\u00e9 ou \u00e0 prolonger la dur\u00e9e de vie de votre [&hellip;]\" \/>\n<meta property=\"og:url\" content=\"https:\/\/www.tadano.com\/africa\/fr\/solutions-de-renovation\/\" \/>\n<meta property=\"og:site_name\" content=\"Africa\" \/>\n<meta property=\"article:modified_time\" content=\"2026-02-04T10:20:41+00:00\" \/>\n<meta name=\"twitter:card\" content=\"summary_large_image\" \/>\n<meta name=\"twitter:label1\" content=\"Dur\u00e9e de lecture estim\u00e9e\" \/>\n\t<meta name=\"twitter:data1\" content=\"2 minutes\" \/>\n<script type=\"application\/ld+json\" class=\"yoast-schema-graph\">{\"@context\":\"https:\/\/schema.org\",\"@graph\":[{\"@type\":\"WebPage\",\"@id\":\"https:\/\/www.tadano.com\/africa\/fr\/solutions-de-renovation\/\",\"url\":\"https:\/\/www.tadano.com\/africa\/fr\/solutions-de-renovation\/\",\"name\":\"Kits de modernisation - Africa\",\"isPartOf\":{\"@id\":\"https:\/\/www.tadano.com\/africa\/fr\/#website\"},\"datePublished\":\"2024-04-05T12:28:15+00:00\",\"dateModified\":\"2026-02-04T10:20:41+00:00\",\"inLanguage\":\"fr-FR\",\"potentialAction\":[{\"@type\":\"ReadAction\",\"target\":[\"https:\/\/www.tadano.com\/africa\/fr\/solutions-de-renovation\/\"]}]},{\"@type\":\"WebSite\",\"@id\":\"https:\/\/www.tadano.com\/africa\/fr\/#website\",\"url\":\"https:\/\/www.tadano.com\/africa\/fr\/\",\"name\":\"Africa\",\"description\":\"Just another TADANO EUROPE site\",\"potentialAction\":[{\"@type\":\"SearchAction\",\"target\":{\"@type\":\"EntryPoint\",\"urlTemplate\":\"https:\/\/www.tadano.com\/africa\/fr\/?s={search_term_string}\"},\"query-input\":\"required name=search_term_string\"}],\"inLanguage\":\"fr-FR\"}]}<\/script>\n<!-- \/ Yoast SEO plugin. -->","yoast_head_json":{"title":"Kits de modernisation - Africa","robots":{"index":"index","follow":"follow","max-snippet":"max-snippet:-1","max-image-preview":"max-image-preview:large","max-video-preview":"max-video-preview:-1"},"canonical":"https:\/\/www.tadano.com\/africa\/fr\/solutions-de-renovation\/","og_locale":"fr_FR","og_type":"article","og_title":"Kits de modernisation - Africa","og_description":"Un coup de boost pour votre parc de grues : les solutions de r\u00e9novation Tadano. Face aux exigences croissantes des op\u00e9rateurs et propri\u00e9taires de grues, Tadano propose une vaste gamme d\u2019options de r\u00e9novation sur mesure. Que vous cherchiez \u00e0 renforcer la s\u00e9curit\u00e9, \u00e0 am\u00e9liorer la productivit\u00e9 ou \u00e0 prolonger la dur\u00e9e de vie de votre [&hellip;]","og_url":"https:\/\/www.tadano.com\/africa\/fr\/solutions-de-renovation\/","og_site_name":"Africa","article_modified_time":"2026-02-04T10:20:41+00:00","twitter_card":"summary_large_image","twitter_misc":{"Dur\u00e9e de lecture estim\u00e9e":"2 minutes"},"schema":{"@context":"https:\/\/schema.org","@graph":[{"@type":"WebPage","@id":"https:\/\/www.tadano.com\/africa\/fr\/solutions-de-renovation\/","url":"https:\/\/www.tadano.com\/africa\/fr\/solutions-de-renovation\/","name":"Kits de modernisation - Africa","isPartOf":{"@id":"https:\/\/www.tadano.com\/africa\/fr\/#website"},"datePublished":"2024-04-05T12:28:15+00:00","dateModified":"2026-02-04T10:20:41+00:00","inLanguage":"fr-FR","potentialAction":[{"@type":"ReadAction","target":["https:\/\/www.tadano.com\/africa\/fr\/solutions-de-renovation\/"]}]},{"@type":"WebSite","@id":"https:\/\/www.tadano.com\/africa\/fr\/#website","url":"https:\/\/www.tadano.com\/africa\/fr\/","name":"Africa","description":"Just another TADANO EUROPE site","potentialAction":[{"@type":"SearchAction","target":{"@type":"EntryPoint","urlTemplate":"https:\/\/www.tadano.com\/africa\/fr\/?s={search_term_string}"},"query-input":"required name=search_term_string"}],"inLanguage":"fr-FR"}]}},"_links":{"self":[{"href":"https:\/\/www.tadano.com\/africa\/fr\/wp-json\/wp\/v2\/pages\/5579"}],"collection":[{"href":"https:\/\/www.tadano.com\/africa\/fr\/wp-json\/wp\/v2\/pages"}],"about":[{"href":"https:\/\/www.tadano.com\/africa\/fr\/wp-json\/wp\/v2\/types\/page"}],"author":[{"embeddable":true,"href":"https:\/\/www.tadano.com\/africa\/fr\/wp-json\/wp\/v2\/users\/3"}],"replies":[{"embeddable":true,"href":"https:\/\/www.tadano.com\/africa\/fr\/wp-json\/wp\/v2\/comments?post=5579"}],"version-history":[{"count":4,"href":"https:\/\/www.tadano.com\/africa\/fr\/wp-json\/wp\/v2\/pages\/5579\/revisions"}],"predecessor-version":[{"id":6081,"href":"https:\/\/www.tadano.com\/africa\/fr\/wp-json\/wp\/v2\/pages\/5579\/revisions\/6081"}],"wp:attachment":[{"href":"https:\/\/www.tadano.com\/africa\/fr\/wp-json\/wp\/v2\/media?parent=5579"}],"curies":[{"name":"wp","href":"https:\/\/api.w.org\/{rel}","templated":true}]}}