{"id":5886,"date":"2025-08-12T11:17:39","date_gmt":"2025-08-12T11:17:39","guid":{"rendered":"https:\/\/www.tadano.com\/africa\/cranebee\/"},"modified":"2026-03-26T11:43:43","modified_gmt":"2026-03-26T11:43:43","slug":"cranebee","status":"publish","type":"page","link":"https:\/\/www.tadano.com\/africa\/fr\/cranebee\/","title":{"rendered":"CRANEbee"},"content":{"rendered":"\n\n\n<section class=\"hero-section\">\n\n\t\n\t\t\t<style type=\"text\/css\">\n\t\t\t.hero-section .img-holder:before {\n\t\t\t\tdisplay: none;\n\t\t\t}\n\t\t<\/style>\n\t\n\t\n\t<div class=\"img-holder \">\n\t\t\t\t<div class=\"bg-stretch\" style=\"background-position: 0 0; \">\n\t\t\t<span data-srcset=\"https:\/\/mediahub.tadano.com\/m\/2e8dca6ed44416d6\/hero-img_Demag_Demag_CC_2800-1_Tandem_Hareket_-1-jpg.jpg, https:\/\/mediahub.tadano.com\/m\/2e8dca6ed44416d6\/hero_2x-img_Demag_Demag_CC_2800-1_Tandem_Hareket_-1-jpg.jpg 2x\"><\/span>\n\t\t<\/div>\n\t\t\t\t\t\t<div class=\"logo green-solutions\" style=\"display:none;\">\n\t\t\t<a href=\"#\"><img decoding=\"async\" src=\"https:\/\/www.tadano.com\/africa\/wp-content\/themes\/tadano\/assets\/dist\/images\/Green-Solutions_Logo_White.svg\"><\/a>\n\t\t<\/div>\n\t<\/div>\n\t<div class=\"container\">\n\t\t<div class=\"text-holder \">\n\t\t\t<div class=\"wrap\">\n\t\t\t\t\n\t\t\t\t<ul class=\"breadcrumbs\"><li><a href=\"https:\/\/www.tadano.com\/africa\/fr\/\">Accueil<\/a><\/li><\/ul>\n\t\t\t\t\n\n<h1 class=\"wp-block-heading\">CRANE<span style=\"text-transform: lowercase;\" class=\"custom-lowercase\">bee<\/span><\/h1>\n\n\n\n<p>Une planification intelligente des op\u00e9rations de levage sign\u00e9e CRANIMAX<\/p>\n\n\n\n\t\t\t\t\n\t\t\t<\/div>\n\n\t\t\t\n\t\t\t\n\t\t\t\n\t\t<\/div>\n\t<\/div>\n<\/section>\n\n\n<div class=\"wp-block-group is-style-background-triangle-right is-layout-flow wp-block-group-is-layout-flow\"><div class=\"wp-block-group__inner-container\">\n<h2 class=\"wp-block-heading\">Descriptif technique<\/h2>\n\n\n\n<p><strong><strong>Planifier avec pr\u00e9cision<\/strong><\/strong><\/p>\n\n\n\n<div class=\"wp-block-columns is-layout-flex wp-container-core-columns-layout-1 wp-block-columns-is-layout-flex\">\n<div class=\"wp-block-column is-layout-flow wp-block-column-is-layout-flow\">\n<p>Chaque op\u00e9ration de levage est unique en soi. Qu\u2019il s\u2019agisse de chantiers de dimensions restreintes ou d\u2019exigences strictes en mati\u00e8re de s\u00e9curit\u00e9, il est essentiel de bien planifier et CRANEbee s\u2019acquitte de cette t\u00e2che avec brio. D\u00e9velopp\u00e9 par notre partenaire de confiance CRANIMAX, CRANEbee est un logiciel avanc\u00e9 de planification des op\u00e9rations de levage qui vous permet de simuler et d\u2019optimiser l\u2019exploitation \u00e0 l\u2019aide de mod\u00e8les 3D d\u00e9taill\u00e9s de vos grues Tadano.<\/p>\n<\/div>\n\n\n\n<div class=\"wp-block-column is-layout-flow wp-block-column-is-layout-flow\">\n<p>De la s\u00e9lection de la configuration optimale de la grue \u00e0 la visualisation du chantier en 3D, CRANEbee vous permet de r\u00e9duire le temps d\u2019installation de votre grue, de diminuer les co\u00fbts de transport et d\u2019accro\u00eetre l\u2019efficacit\u00e9 sur votre chantier. Les grues \u00e0 chenilles \u00e0 m\u00e2t treillis (CC) de Tadano sont d\u00e9sormais dot\u00e9es du mode \u00ab Erecting the crane \u00bb (installation de la grue). Celui-ci permet d\u2019obtenir une pression d\u2019appui au sol tr\u00e8s pr\u00e9cise pendant le montage, conform\u00e9ment aux sp\u00e9cifications officielles du fabricant.<\/p>\n<\/div>\n\n\n\n<div class=\"wp-block-column is-layout-flow wp-block-column-is-layout-flow\">\n<figure class=\"wp-block-image size-large is-resized is-style-default\"><img decoding=\"async\" src=\"https:\/\/www.cranimax.com\/fileadmin\/_processed_\/1\/d\/csm_01-kranliste_b5f8f02496.png\" alt=\"\"\/><\/figure>\n<\/div>\n<\/div>\n\n\n\n<div class=\"wp-block-columns is-layout-flex wp-container-core-columns-layout-2 wp-block-columns-is-layout-flex\">\n<div class=\"wp-block-column is-layout-flow wp-block-column-is-layout-flow\" style=\"flex-basis:33.33%\">\n<figure class=\"wp-block-image size-large is-style-default\"><img decoding=\"async\" src=\"https:\/\/www.cranimax.com\/fileadmin\/_processed_\/4\/0\/csm_04-drohnen-1_1aa8389d69.png\" alt=\"\"\/><\/figure>\n<\/div>\n\n\n\n<div class=\"wp-block-column is-layout-flow wp-block-column-is-layout-flow\" style=\"flex-basis:66.66%\">\n<p><strong><strong>SIMULATION DU CHANTIER EN SITUATION R\u00c9ELLE<\/strong><\/strong><br>Positionnez votre grue Tadano sur un plan de chantier en 2D ou importez des images de chantiers r\u00e9els pour la planification. \u00c9rigez ensuite des obstacles en 3D, v\u00e9rifiez les interf\u00e9rences, d\u00e9terminez les pressions d\u2019appui au sol et ajustez en temps r\u00e9el. Qu\u2019il s\u2019agisse d\u2019un chantier situ\u00e9 dans un centre ville ou dans une zone industrielle confin\u00e9e, vous aurez l\u2019assurance que votre op\u00e9ration de levage va fonctionner avant m\u00eame d\u2019arriver sur le chantier.<\/p>\n\n\n\n<p><strong><strong>UNE CONFIGURATION OPTIMALE D\u00c9FINIE AUTOMATIQUEMENT<\/strong><\/strong><br>CRANEbee vous aide \u00e0 s\u00e9lectionner la grue et la configuration les mieux adapt\u00e9es \u00e0 votre projet en fonction de la charge, du rayon, de la hauteur et d\u2019autres facteurs. Vous pouvez \u00e9galement utiliser directement la recherche d\u2019obstacles ou saisir manuellement les param\u00e8tres de la grue.<\/p>\n\n\n\n<p><strong>NOUVELLES FONCTIONNALIT\u00c9S CON\u00c7UES EXCLUSIVEMENT POUR LES GRUES TADANO CC<\/strong><\/p>\n\n\n\n<ul>\n<li><strong>Mode Installation de la grue<\/strong> : simulation du montage de la grue et d\u00e9termination de la pression exacte d\u2019appui au sol pendant l\u2019installation. Cette fonctionnalit\u00e9 est disponible exclusivement pour les grues \u00e0 chenilles \u00e0 m\u00e2t treillis Tadano (CC).<\/li>\n\n\n\n<li><strong>Interpolation SuperLift<\/strong>&nbsp;: interpolez librement entre les diff\u00e9rents angles de fl\u00e8che et les diff\u00e9rentes positions des contrepoids, le tout \u00e9tant visualis\u00e9 et document\u00e9 en temps r\u00e9el.<\/li>\n\n\n\n<li><strong>Courbe PLMin interpol\u00e9e<\/strong>&nbsp;: visualisation de la capacit\u00e9 de charge minimale (PLMin) interpol\u00e9e en fonction de la charge, du rayon et de l\u2019\u00e9tat actuel du levage, directement dans le diagramme de charge et sur le document imprim\u00e9.<\/li>\n\n\n\n<li><strong>Am\u00e9lioration des fonctions de montage de la grue<\/strong>&nbsp;: le mode de montage am\u00e9lior\u00e9 prend en charge les fl\u00e9chettes t\u00e9lescopiques, \u00e0 m\u00e2t treillis et autres avec une pr\u00e9cision accrue. Il a \u00e9t\u00e9 optimis\u00e9 pour les grues \u00e0 chenilles Tadano.<\/li>\n<\/ul>\n<\/div>\n<\/div>\n\n\n<section class=\"video-block\">\n  <div class=\"video-box\">\n        <a aria-labelledby=\"video-txt\" data-fancybox href=\"https:\/\/www.youtube.com\/watch?v=8Fl8GaDo-V8\" class=\"video\">\n      <span class=\"play-btn\"><\/span>\n              <div class=\"bg-stretch\" >\n          <span data-srcset=\"https:\/\/img.youtube.com\/vi\/8Fl8GaDo-V8\/hqdefault.jpg, https:\/\/img.youtube.com\/vi\/8Fl8GaDo-V8\/hqdefault.jpg 2x\"><\/span>\n        <\/div>\n          <\/a>\n    <div class=\"video-txt\">\n                    <a href=\"https:\/\/www.youtube.com\/watch?v=8Fl8GaDo-V8\" class=\"video-link\">Regarder maintenant<\/a>\n          <\/div>\n  <\/div>\n<\/section>\n\n\n<p><strong>EXPORTATION DE FICHIERS CAD ET DE DOCUMENTS PDF<\/strong><br>Exportez facilement votre plan de levage vers AutoCAD ou g\u00e9n\u00e9rez un document imprim\u00e9 professionnel contenant toutes les donn\u00e9es de planification essentielles, y compris les configurations de la grue, les abaques de charge, les pressions d\u2019appui au sol et la disposition du chantier. CRANEbee est enti\u00e8rement compatible avec les versions 2018-2026 d\u2019AutoCAD.<\/p>\n\n\n\n<p><strong>CARACT\u00c9RISTIQUES PRINCIPALES<\/strong><\/p>\n\n\n\n<ul>\n<li>Simulation de la grue et du chantier en 3D<\/li>\n\n\n\n<li>S\u00e9lection automatique de la grue et de la configuration<\/li>\n\n\n\n<li>Calcul de la pression d\u2019appui au sol<\/li>\n\n\n\n<li>Exportation de fichiers CAD et de documents PDF<\/li>\n\n\n\n<li>Possibilit\u00e9 de levage en tandem<\/li>\n\n\n\n<li>Prise en charge de plus de 50 fabricants de grues, y compris la base de donn\u00e9es compl\u00e8te des grues \u00e0 chenilles Tadano<\/li>\n\n\n\n<li>Mises \u00e0 jour r\u00e9guli\u00e8res et support technique<\/li>\n<\/ul>\n\n\n\n<p><strong>LICENCES ET ACC\u00c8S<\/strong><\/p>\n\n\n\n<p>La licence CRANEbee  comprend les \u00e9l\u00e9ments suivants&nbsp;:<\/p>\n\n\n\n<ul>\n<li>R\u00e9visions du logiciel<\/li>\n\n\n\n<li>Support technique<\/li>\n\n\n\n<li>Mise \u00e0 jour des configurations de grue et des abaques de charge<\/li>\n\n\n\n<li>Acc\u00e8s int\u00e9gral au mode de montage, aux calculs de la pression au sol et aux fonctions de CAO<\/li>\n<\/ul>\n\n\n\n<p>Remarque&nbsp;: un mod\u00e8le de grue CC ne peut \u00eatre enregistr\u00e9 qu\u2019une seule fois.<\/p>\n\n\n\n<p>En ce qui concerne les grues mobiles Tadano, CRANEbee est disponible sous forme de logiciel vendu s\u00e9par\u00e9ment en association avec la grue.<\/p>\n\n\n\n<p>Qu\u2019il s\u2019agisse de l\u2019\u00e9laboration d\u2019un devis ou de la pr\u00e9paration d\u2019une op\u00e9ration de levage d\u00e9licate, CRANEbee vous aide \u00e0 r\u00e9ussir du premier coup.<\/p>\n\n\n\n<p>Visitez le site <strong><a href=\"http:\/\/www.cranimax.com\" target=\"_blank\" rel=\"noreferrer noopener\">www.cranimax.com<\/a><\/strong> pour plus de d\u00e9tails ou contactez votre repr\u00e9sentant Tadano pour obtenir votre licence.<\/p>\n<\/div><\/div>\n","protected":false},"excerpt":{"rendered":"<p>Descriptif technique Planifier avec pr\u00e9cision Chaque op\u00e9ration de levage est unique en soi. Qu\u2019il s\u2019agisse de chantiers de dimensions restreintes ou d\u2019exigences strictes en mati\u00e8re de s\u00e9curit\u00e9, il est essentiel de bien planifier et CRANEbee s\u2019acquitte de cette t\u00e2che avec brio. D\u00e9velopp\u00e9 par notre partenaire de confiance CRANIMAX, CRANEbee est un logiciel avanc\u00e9 de planification [&hellip;]<\/p>\n","protected":false},"author":3,"featured_media":0,"parent":0,"menu_order":0,"comment_status":"closed","ping_status":"closed","template":"","meta":{"_acf_changed":false,"footnotes":""},"acf":[],"yoast_head":"<!-- This site is optimized with the Yoast SEO plugin v22.3 - https:\/\/yoast.com\/wordpress\/plugins\/seo\/ -->\n<title>CRANEbee<\/title>\n<meta name=\"robots\" content=\"index, follow, max-snippet:-1, max-image-preview:large, max-video-preview:-1\" \/>\n<link rel=\"canonical\" href=\"https:\/\/www.tadano.com\/africa\/fr\/cranebee\/\" \/>\n<meta property=\"og:locale\" content=\"fr_FR\" \/>\n<meta property=\"og:type\" content=\"article\" \/>\n<meta property=\"og:title\" content=\"CRANEbee\" \/>\n<meta property=\"og:description\" content=\"Descriptif technique Planifier avec pr\u00e9cision Chaque op\u00e9ration de levage est unique en soi. Qu\u2019il s\u2019agisse de chantiers de dimensions restreintes ou d\u2019exigences strictes en mati\u00e8re de s\u00e9curit\u00e9, il est essentiel de bien planifier et CRANEbee s\u2019acquitte de cette t\u00e2che avec brio. D\u00e9velopp\u00e9 par notre partenaire de confiance CRANIMAX, CRANEbee est un logiciel avanc\u00e9 de planification [&hellip;]\" \/>\n<meta property=\"og:url\" content=\"https:\/\/www.tadano.com\/africa\/fr\/cranebee\/\" \/>\n<meta property=\"og:site_name\" content=\"Africa\" \/>\n<meta property=\"article:modified_time\" content=\"2026-03-26T11:43:43+00:00\" \/>\n<meta property=\"og:image\" content=\"https:\/\/www.cranimax.com\/fileadmin\/_processed_\/1\/d\/csm_01-kranliste_b5f8f02496.png\" \/>\n<meta name=\"twitter:card\" content=\"summary_large_image\" \/>\n<meta name=\"twitter:label1\" content=\"Dur\u00e9e de lecture estim\u00e9e\" \/>\n\t<meta name=\"twitter:data1\" content=\"4 minutes\" \/>\n<script type=\"application\/ld+json\" class=\"yoast-schema-graph\">{\"@context\":\"https:\/\/schema.org\",\"@graph\":[{\"@type\":\"WebPage\",\"@id\":\"https:\/\/www.tadano.com\/africa\/fr\/cranebee\/\",\"url\":\"https:\/\/www.tadano.com\/africa\/fr\/cranebee\/\",\"name\":\"CRANEbee\",\"isPartOf\":{\"@id\":\"https:\/\/www.tadano.com\/africa\/fr\/#website\"},\"primaryImageOfPage\":{\"@id\":\"https:\/\/www.tadano.com\/africa\/fr\/cranebee\/#primaryimage\"},\"image\":{\"@id\":\"https:\/\/www.tadano.com\/africa\/fr\/cranebee\/#primaryimage\"},\"thumbnailUrl\":\"https:\/\/www.cranimax.com\/fileadmin\/_processed_\/1\/d\/csm_01-kranliste_b5f8f02496.png\",\"datePublished\":\"2025-08-12T11:17:39+00:00\",\"dateModified\":\"2026-03-26T11:43:43+00:00\",\"inLanguage\":\"fr-FR\",\"potentialAction\":[{\"@type\":\"ReadAction\",\"target\":[\"https:\/\/www.tadano.com\/africa\/fr\/cranebee\/\"]}]},{\"@type\":\"ImageObject\",\"inLanguage\":\"fr-FR\",\"@id\":\"https:\/\/www.tadano.com\/africa\/fr\/cranebee\/#primaryimage\",\"url\":\"https:\/\/www.cranimax.com\/fileadmin\/_processed_\/1\/d\/csm_01-kranliste_b5f8f02496.png\",\"contentUrl\":\"https:\/\/www.cranimax.com\/fileadmin\/_processed_\/1\/d\/csm_01-kranliste_b5f8f02496.png\"},{\"@type\":\"WebSite\",\"@id\":\"https:\/\/www.tadano.com\/africa\/fr\/#website\",\"url\":\"https:\/\/www.tadano.com\/africa\/fr\/\",\"name\":\"Africa\",\"description\":\"Just another TADANO EUROPE site\",\"potentialAction\":[{\"@type\":\"SearchAction\",\"target\":{\"@type\":\"EntryPoint\",\"urlTemplate\":\"https:\/\/www.tadano.com\/africa\/fr\/?s={search_term_string}\"},\"query-input\":\"required name=search_term_string\"}],\"inLanguage\":\"fr-FR\"}]}<\/script>\n<!-- \/ Yoast SEO plugin. -->","yoast_head_json":{"title":"CRANEbee","robots":{"index":"index","follow":"follow","max-snippet":"max-snippet:-1","max-image-preview":"max-image-preview:large","max-video-preview":"max-video-preview:-1"},"canonical":"https:\/\/www.tadano.com\/africa\/fr\/cranebee\/","og_locale":"fr_FR","og_type":"article","og_title":"CRANEbee","og_description":"Descriptif technique Planifier avec pr\u00e9cision Chaque op\u00e9ration de levage est unique en soi. Qu\u2019il s\u2019agisse de chantiers de dimensions restreintes ou d\u2019exigences strictes en mati\u00e8re de s\u00e9curit\u00e9, il est essentiel de bien planifier et CRANEbee s\u2019acquitte de cette t\u00e2che avec brio. D\u00e9velopp\u00e9 par notre partenaire de confiance CRANIMAX, CRANEbee est un logiciel avanc\u00e9 de planification [&hellip;]","og_url":"https:\/\/www.tadano.com\/africa\/fr\/cranebee\/","og_site_name":"Africa","article_modified_time":"2026-03-26T11:43:43+00:00","og_image":[{"url":"https:\/\/www.cranimax.com\/fileadmin\/_processed_\/1\/d\/csm_01-kranliste_b5f8f02496.png"}],"twitter_card":"summary_large_image","twitter_misc":{"Dur\u00e9e de lecture estim\u00e9e":"4 minutes"},"schema":{"@context":"https:\/\/schema.org","@graph":[{"@type":"WebPage","@id":"https:\/\/www.tadano.com\/africa\/fr\/cranebee\/","url":"https:\/\/www.tadano.com\/africa\/fr\/cranebee\/","name":"CRANEbee","isPartOf":{"@id":"https:\/\/www.tadano.com\/africa\/fr\/#website"},"primaryImageOfPage":{"@id":"https:\/\/www.tadano.com\/africa\/fr\/cranebee\/#primaryimage"},"image":{"@id":"https:\/\/www.tadano.com\/africa\/fr\/cranebee\/#primaryimage"},"thumbnailUrl":"https:\/\/www.cranimax.com\/fileadmin\/_processed_\/1\/d\/csm_01-kranliste_b5f8f02496.png","datePublished":"2025-08-12T11:17:39+00:00","dateModified":"2026-03-26T11:43:43+00:00","inLanguage":"fr-FR","potentialAction":[{"@type":"ReadAction","target":["https:\/\/www.tadano.com\/africa\/fr\/cranebee\/"]}]},{"@type":"ImageObject","inLanguage":"fr-FR","@id":"https:\/\/www.tadano.com\/africa\/fr\/cranebee\/#primaryimage","url":"https:\/\/www.cranimax.com\/fileadmin\/_processed_\/1\/d\/csm_01-kranliste_b5f8f02496.png","contentUrl":"https:\/\/www.cranimax.com\/fileadmin\/_processed_\/1\/d\/csm_01-kranliste_b5f8f02496.png"},{"@type":"WebSite","@id":"https:\/\/www.tadano.com\/africa\/fr\/#website","url":"https:\/\/www.tadano.com\/africa\/fr\/","name":"Africa","description":"Just another TADANO EUROPE site","potentialAction":[{"@type":"SearchAction","target":{"@type":"EntryPoint","urlTemplate":"https:\/\/www.tadano.com\/africa\/fr\/?s={search_term_string}"},"query-input":"required name=search_term_string"}],"inLanguage":"fr-FR"}]}},"_links":{"self":[{"href":"https:\/\/www.tadano.com\/africa\/fr\/wp-json\/wp\/v2\/pages\/5886"}],"collection":[{"href":"https:\/\/www.tadano.com\/africa\/fr\/wp-json\/wp\/v2\/pages"}],"about":[{"href":"https:\/\/www.tadano.com\/africa\/fr\/wp-json\/wp\/v2\/types\/page"}],"author":[{"embeddable":true,"href":"https:\/\/www.tadano.com\/africa\/fr\/wp-json\/wp\/v2\/users\/3"}],"replies":[{"embeddable":true,"href":"https:\/\/www.tadano.com\/africa\/fr\/wp-json\/wp\/v2\/comments?post=5886"}],"version-history":[{"count":2,"href":"https:\/\/www.tadano.com\/africa\/fr\/wp-json\/wp\/v2\/pages\/5886\/revisions"}],"predecessor-version":[{"id":6738,"href":"https:\/\/www.tadano.com\/africa\/fr\/wp-json\/wp\/v2\/pages\/5886\/revisions\/6738"}],"wp:attachment":[{"href":"https:\/\/www.tadano.com\/africa\/fr\/wp-json\/wp\/v2\/media?parent=5886"}],"curies":[{"name":"wp","href":"https:\/\/api.w.org\/{rel}","templated":true}]}}