{"id":5969,"date":"2025-10-30T09:37:26","date_gmt":"2025-10-30T09:37:26","guid":{"rendered":"https:\/\/www.tadano.com\/africa\/conditions-generales-dutilisation\/"},"modified":"2026-01-28T09:38:47","modified_gmt":"2026-01-28T09:38:47","slug":"conditions-generales-dutilisation","status":"publish","type":"page","link":"https:\/\/www.tadano.com\/africa\/fr\/conditions-generales-dutilisation\/","title":{"rendered":"Conditions g\u00e9n\u00e9rales d\u2019utilisation"},"content":{"rendered":"\n<p>Veuillez noter que l\u2019utilisation de tous les fichiers CAO est soumise aux conditions d\u2019utilisation de Tadano.<br>Ces conditions d\u2019utilisation d\u00e9finissent les modalit\u00e9s et conditions relatives aux donn\u00e9es et services propos\u00e9s par le groupe Tadano sur ce site Web.<br>Veuillez vous assurer de respecter cet accord concernant l\u2019utilisation des donn\u00e9es et services fournis sur ce site Web.<\/p>\n\n\n\n<h2 class=\"wp-block-heading\">I. Utilisation des donn\u00e9es et limitation de responsabilit\u00e9 :<\/h2>\n\n\n\n<p>Toutes les actualit\u00e9s, donn\u00e9es, services et autres informations publi\u00e9s sur le site Web sont la propri\u00e9t\u00e9 de la Soci\u00e9t\u00e9. Ces informations ne peuvent \u00eatre divulgu\u00e9es sans le consentement \u00e9crit pr\u00e9alable de la Soci\u00e9t\u00e9, qu\u2019elles apparaissent sous forme papier ou \u00e9lectronique.<\/p>\n\n\n\n<p>Les donn\u00e9es publi\u00e9es sur le site Web (les \u00ab Donn\u00e9es \u00bb) sont la propri\u00e9t\u00e9 exclusive de la Soci\u00e9t\u00e9. En utilisant le site Web, l\u2019Utilisateur confirme accepter les conditions suivantes :<\/p>\n\n\n\n<ol>\n<li>La Soci\u00e9t\u00e9 fournit les donn\u00e9es aux fins de planification ou de visualisation de l\u2019utilisation, du d\u00e9placement, de la maintenance ou du fonctionnement de la machine. Les Donn\u00e9es sont fournies \u00e0 titre indicatif uniquement et peuvent diff\u00e9rer de la machine r\u00e9elle.<\/li>\n\n\n\n<li>L\u2019Utilisateur est responsable de l\u2019\u00e9valuation de tous les risques li\u00e9s \u00e0 l\u2019utilisation des Donn\u00e9es et en assume l\u2019enti\u00e8re responsabilit\u00e9, notamment en ce qui concerne leur exactitude, leur exhaustivit\u00e9 ou leur ad\u00e9quation \u00e0 un usage particulier.<\/li>\n\n\n\n<li>La Soci\u00e9t\u00e9 ne pourra en aucun cas \u00eatre tenue responsable, notamment, des erreurs ou omissions contenues dans les Donn\u00e9es, ni de toute perte ou dommage r\u00e9sultant de l\u2019utilisation des Donn\u00e9es, y compris les dommages caus\u00e9s par des virus informatiques ou des codes malveillants.<\/li>\n\n\n\n<li>La Soci\u00e9t\u00e9 ne pourra en aucun cas \u00eatre tenue responsable de tout dommage direct ou indirect subi par l\u2019Utilisateur ou un tiers, y compris, sans limitation, la perte de b\u00e9n\u00e9fices, de d\u00e9penses, de donn\u00e9es, de logiciels ou la d\u00e9t\u00e9rioration ou la perte de mat\u00e9riel, ainsi que des co\u00fbts li\u00e9s \u00e0 l\u2019att\u00e9nuation, la r\u00e9cup\u00e9ration, la reproduction ou la r\u00e9paration de ces pertes ou dommages.<\/li>\n\n\n\n<li>Lors de l\u2019utilisation des donn\u00e9es CAO fournies, l\u2019Utilisateur comprend que la flexion de la fl\u00e8che n\u2019est pas incluse dans les mod\u00e8les. Les mod\u00e8les sont uniquement destin\u00e9s \u00e0 repr\u00e9senter les produits propos\u00e9s par la Soci\u00e9t\u00e9.<\/li>\n<\/ol>\n\n\n\n<h2 class=\"wp-block-heading\">II. Limitations d\u2019utilisation :<\/h2>\n\n\n\n<p>L\u2019Utilisateur peut utiliser les Donn\u00e9es uniquement \u00e0 des fins de planification ou de visualisation de l\u2019utilisation, du d\u00e9placement, de la maintenance ou du fonctionnement de la machine. Sauf autorisation \u00e9crite pr\u00e9alable de la Soci\u00e9t\u00e9, l\u2019Utilisateur ne peut pas (i) distribuer les Donn\u00e9es dans le cadre d\u2019un service externe, (ii) copier ou publier les Donn\u00e9es sur un site Web, (iii) distribuer les Donn\u00e9es sur quelque support de stockage que ce soit, ou (iv) utiliser les Donn\u00e9es dans le but de concurrencer le service du site Web. Sans limiter ce qui pr\u00e9c\u00e8de, l\u2019Utilisateur s\u2019engage \u00e0 ne pas utiliser le service du site Web pour :<\/p>\n\n\n\n<p>Comme indiqu\u00e9 ci-dessous, t\u00e9l\u00e9charger, publier ou transmettre de quelque mani\u00e8re que ce soit des donn\u00e9es ou contenus ill\u00e9gaux, nuisibles, mena\u00e7ants, abusifs, harcelants, criminels, diffamatoires, vulgaires, obsc\u00e8nes, portant atteinte \u00e0 la vie priv\u00e9e, haineux ou r\u00e9pr\u00e9hensibles pour des raisons raciales, \u00e9thiques ou autres.<\/p>\n\n\n\n<ul>\n<li>Porter atteinte aux mineurs de quelque mani\u00e8re que ce soit.<\/li>\n<\/ul>\n\n\n\n<ul>\n<li>Usurper l\u2019identit\u00e9 d\u2019une autre personne ou entit\u00e9, ou fournir des d\u00e9clarations trompeuses ou fausses concernant l\u2019affiliation de l\u2019Utilisateur ou de la Soci\u00e9t\u00e9 avec une personne ou une entit\u00e9. \u2022 Falsifier les en-t\u00eates ou manipuler les identifiants de toute autre mani\u00e8re dans le but de dissimuler l\u2019origine des Donn\u00e9es transmises via le service.<\/li>\n\n\n\n<li>T\u00e9l\u00e9charger, publier ou transmettre de quelque mani\u00e8re que ce soit tout contenu portant atteinte \u00e0 un brevet, une marque d\u00e9pos\u00e9e, un secret commercial, un droit d\u2019auteur ou tout autre droit exclusif d\u2019un tiers.<\/li>\n\n\n\n<li>T\u00e9l\u00e9charger, publier ou transmettre de quelque mani\u00e8re que ce soit toute forme de publicit\u00e9 non sollicit\u00e9e ou non autoris\u00e9e, de mat\u00e9riel promotionnel, de communication ind\u00e9sirable ou toute autre forme de sollicitation.<\/li>\n\n\n\n<li>T\u00e9l\u00e9charger, publier ou transmettre de quelque mani\u00e8re que ce soit tout mat\u00e9riel contenant des virus informatiques ou tout autre code, fichier ou programme con\u00e7u pour interrompre, d\u00e9truire ou limiter l\u2019utilisation normale de logiciels, de mat\u00e9riels informatiques ou de dispositifs de t\u00e9l\u00e9communication.<\/li>\n\n\n\n<li>Entraver ou perturber le service du site Web, les serveurs ou les r\u00e9seaux connect\u00e9s au service du site Web, ou enfreindre toute condition, proc\u00e9dure, politique ou r\u00e9glementation applicable aux r\u00e9seaux associ\u00e9s au service du site Web.<\/li>\n\n\n\n<li>Harceler un autre utilisateur du site Web de quelque mani\u00e8re que ce soit.<\/li>\n\n\n\n<li>Collecter ou stocker des donn\u00e9es personnelles concernant d\u2019autres utilisateurs du site Web.<\/li>\n\n\n\n<li>Utiliser le site Web comme espace de stockage \u00e0 des fins de chargement \u00e0 distance ou comme passerelle vers une autre page d\u2019accueil, \u00e0 l\u2019int\u00e9rieur ou \u00e0 l\u2019ext\u00e9rieur du site Web.<\/li>\n<\/ul>\n\n\n\n<h2 class=\"wp-block-heading\">III. Liens vers des sites Web tiers :<\/h2>\n\n\n\n<p>Le site Web contient des liens directs ou indirects (hyperliens) vers d\u2019autres sites Web, pages d\u2019accueil ou pages Internet (collectivement, les \u00ab Autres Sites \u00bb). La Soci\u00e9t\u00e9 fournit ces liens uniquement \u00e0 titre de commodit\u00e9 pour les utilisateurs du site Web. Les exploitants ou fournisseurs de ces Autres Sites sont seuls responsables de leur contenu et des informations qui y figurent. Dans la mesure o\u00f9 ces Autres Sites \u00e9chappent au contr\u00f4le raisonnable de la Soci\u00e9t\u00e9, l\u2019existence d\u2019un lien hypertexte sur le site Web ne signifie pas que leur contenu (ou celui de l\u2019Autre Site correspondant) a \u00e9t\u00e9 approuv\u00e9 par la Soci\u00e9t\u00e9. En cons\u00e9quence, la Soci\u00e9t\u00e9 ne pourra en aucun cas \u00eatre tenue responsable de toute perte ou dommage r\u00e9sultant de l\u2019utilisation de ces liens hypertextes ou Autres Sites.<\/p>\n\n\n\n<h2 class=\"wp-block-heading\">IV. Traitement des donn\u00e9es personnelles :<\/h2>\n\n\n\n<p>Lors de l\u2019acquisition de donn\u00e9es CAO, l\u2019Utilisateur doit r\u00e9pondre \u00e0 un questionnaire. Dans ce cadre, l\u2019Utilisateur accepte de fournir des informations personnelles exactes (nationalit\u00e9, lieu de travail, type d\u2019industrie, objectif d\u2019utilisation des donn\u00e9es CAO, logiciel de CAO 3D actuellement utilis\u00e9 et adresse e-mail) et de les communiquer. L\u2019Utilisateur accepte que ses informations personnelles puissent \u00eatre transf\u00e9r\u00e9es \u00e0 nos filiales, soci\u00e9t\u00e9s affili\u00e9es et partenaires afin d\u2019am\u00e9liorer nos services.<br>Le compte de l\u2019Utilisateur doit \u00eatre utilis\u00e9 uniquement par la personne inscrite sous ce nom et cette adresse e-mail. Les utilisateurs du site Web ne sont pas autoris\u00e9s \u00e0 utiliser un compte autre que le leur. L\u2019Utilisateur est inform\u00e9 que les fabricants de composants enregistr\u00e9s sur le site Web ne re\u00e7oivent des donn\u00e9es que concernant les utilisateurs ayant t\u00e9l\u00e9charg\u00e9 des donn\u00e9es depuis leurs catalogues respectifs.<\/p>\n\n\n\n<h2 class=\"wp-block-heading\">V. Droit de suppression ou de d\u00e9sactivation de l\u2019acc\u00e8s :<\/h2>\n\n\n\n<p>La Soci\u00e9t\u00e9 se r\u00e9serve le droit de mettre fin \u00e0 l\u2019acc\u00e8s si l\u2019Utilisateur enfreint les pr\u00e9sentes conditions g\u00e9n\u00e9rales.<br>La Soci\u00e9t\u00e9 aura le droit, mais non l\u2019obligation, de supprimer ou de d\u00e9sactiver l\u2019acc\u00e8s \u00e0 toute Donn\u00e9e, avec effet imm\u00e9diat, si cette Donn\u00e9e est (i) diffamatoire, obsc\u00e8ne, violente, offensante ou autrement inacceptable, ind\u00e9sirable ou r\u00e9pr\u00e9hensible, \u00e0 la seule discr\u00e9tion de la Soci\u00e9t\u00e9 ; (ii) en violation de toute loi, r\u00e9glementation ou droit de tiers, y compris, sans limitation, les droits d\u2019auteur et les lois relatives \u00e0 la diffamation et \u00e0 l\u2019atteinte \u00e0 la vie priv\u00e9e ; ou (iii) en violation des limitations d\u2019utilisation susmentionn\u00e9es et port\u00e9e \u00e0 la connaissance de la Soci\u00e9t\u00e9.<\/p>\n\n\n\n<h2 class=\"wp-block-heading\">VI. Notifications :<\/h2>\n\n\n\n<p>L\u2019Utilisateur accepte que toute notification effectu\u00e9e par la Soci\u00e9t\u00e9 conform\u00e9ment aux pr\u00e9sentes conditions g\u00e9n\u00e9rales lui soit transmise par e-mail en texte brut.<\/p>\n\n\n\n<p>Sans limiter ce qui pr\u00e9c\u00e8de, cette disposition s\u2019applique aux e-mails susceptibles de contenir des donn\u00e9es confidentielles concernant l\u2019Utilisateur, y compris son mot de passe, en cas d\u2019oubli et de demande de sa part.<\/p>\n\n\n\n<h2 class=\"wp-block-heading\">VII. Services Tadano et garantie :<\/h2>\n\n\n\n<p>La Soci\u00e9t\u00e9 s\u2019efforce d\u2019offrir les meilleures performances afin de proposer \u00e0 l\u2019Utilisateur un site Web et des services fiables ;<br>toutefois, l\u2019Utilisateur reconna\u00eet que la s\u00e9curit\u00e9 des donn\u00e9es sur Internet ne peut \u00eatre enti\u00e8rement garantie.<br>Les services sont donc fournis \u00ab en l\u2019\u00e9tat \u00bb et, dans la mesure o\u00f9 la disponibilit\u00e9 du site Web ne peut \u00eatre garantie en permanence en raison des conditions techniques inh\u00e9rentes \u00e0 Internet et \u00e0 son utilisation, la Soci\u00e9t\u00e9 ne pourra \u00eatre tenue responsable de toute perte ou dommage subi par l\u2019Utilisateur ou des tiers en raison d\u2019interruptions de service, de l\u2019indisponibilit\u00e9 ou de la maintenance du site Web, d\u2019une connexion Internet d\u00e9faillante (ou de sa perte) ou de tout autre \u00e9v\u00e9nement ou circonstance.<\/p>\n\n\n\n<h2 class=\"wp-block-heading\">\u00c0 propos des donn\u00e9es BIM<\/h2>\n\n\n\n<ol>\n<li>Les fichiers BIM fournis par la Soci\u00e9t\u00e9 sont au format Autodesk\u00ae Revit\u00ae RFA.<\/li>\n\n\n\n<li>Les versions disponibles des fichiers RFA sont indiqu\u00e9es sur la page de t\u00e9l\u00e9chargement.<\/li>\n\n\n\n<li>Les fichiers BIM fournis par la Soci\u00e9t\u00e9 ont \u00e9t\u00e9 compress\u00e9s afin de r\u00e9duire la taille des fichiers. Par cons\u00e9quent, la Soci\u00e9t\u00e9 ne peut garantir l\u2019exactitude des informations. Les informations contenues dans les fichiers BIM fournis par la Soci\u00e9t\u00e9 sont donn\u00e9es \u00e0 titre indicatif uniquement.<\/li>\n\n\n\n<li>La Soci\u00e9t\u00e9 ne garantit pas l\u2019exactitude des conditions de contrainte, telles que les plages de mouvement, telles que d\u00e9finies dans les fichiers BIM fournis par la Soci\u00e9t\u00e9.<\/li>\n<\/ol>\n\n","protected":false},"excerpt":{"rendered":"<p>Veuillez noter que l\u2019utilisation de tous les fichiers CAO est soumise aux conditions d\u2019utilisation de Tadano.Ces conditions d\u2019utilisation d\u00e9finissent les modalit\u00e9s et conditions relatives aux donn\u00e9es et services propos\u00e9s par le groupe Tadano sur ce site Web.Veuillez vous assurer de respecter cet accord concernant l\u2019utilisation des donn\u00e9es et services fournis sur ce site Web. I. [&hellip;]<\/p>\n","protected":false},"author":3,"featured_media":0,"parent":0,"menu_order":0,"comment_status":"closed","ping_status":"closed","template":"","meta":{"_acf_changed":false,"footnotes":""},"acf":[],"yoast_head":"<!-- This site is optimized with the Yoast SEO plugin v22.3 - https:\/\/yoast.com\/wordpress\/plugins\/seo\/ -->\n<title>Conditions g\u00e9n\u00e9rales d\u2019utilisation - Africa<\/title>\n<meta name=\"robots\" content=\"index, follow, max-snippet:-1, max-image-preview:large, max-video-preview:-1\" \/>\n<link rel=\"canonical\" href=\"https:\/\/www.tadano.com\/africa\/fr\/conditions-generales-dutilisation\/\" \/>\n<meta property=\"og:locale\" content=\"fr_FR\" \/>\n<meta property=\"og:type\" content=\"article\" \/>\n<meta property=\"og:title\" content=\"Conditions g\u00e9n\u00e9rales d\u2019utilisation - Africa\" \/>\n<meta property=\"og:description\" content=\"Veuillez noter que l\u2019utilisation de tous les fichiers CAO est soumise aux conditions d\u2019utilisation de Tadano.Ces conditions d\u2019utilisation d\u00e9finissent les modalit\u00e9s et conditions relatives aux donn\u00e9es et services propos\u00e9s par le groupe Tadano sur ce site Web.Veuillez vous assurer de respecter cet accord concernant l\u2019utilisation des donn\u00e9es et services fournis sur ce site Web. I. [&hellip;]\" \/>\n<meta property=\"og:url\" content=\"https:\/\/www.tadano.com\/africa\/fr\/conditions-generales-dutilisation\/\" \/>\n<meta property=\"og:site_name\" content=\"Africa\" \/>\n<meta property=\"article:modified_time\" content=\"2026-01-28T09:38:47+00:00\" \/>\n<meta name=\"twitter:card\" content=\"summary_large_image\" \/>\n<meta name=\"twitter:label1\" content=\"Dur\u00e9e de lecture estim\u00e9e\" \/>\n\t<meta name=\"twitter:data1\" content=\"7 minutes\" \/>\n<script type=\"application\/ld+json\" class=\"yoast-schema-graph\">{\"@context\":\"https:\/\/schema.org\",\"@graph\":[{\"@type\":\"WebPage\",\"@id\":\"https:\/\/www.tadano.com\/africa\/fr\/conditions-generales-dutilisation\/\",\"url\":\"https:\/\/www.tadano.com\/africa\/fr\/conditions-generales-dutilisation\/\",\"name\":\"Conditions g\u00e9n\u00e9rales d\u2019utilisation - Africa\",\"isPartOf\":{\"@id\":\"https:\/\/www.tadano.com\/africa\/fr\/#website\"},\"datePublished\":\"2025-10-30T09:37:26+00:00\",\"dateModified\":\"2026-01-28T09:38:47+00:00\",\"inLanguage\":\"fr-FR\",\"potentialAction\":[{\"@type\":\"ReadAction\",\"target\":[\"https:\/\/www.tadano.com\/africa\/fr\/conditions-generales-dutilisation\/\"]}]},{\"@type\":\"WebSite\",\"@id\":\"https:\/\/www.tadano.com\/africa\/fr\/#website\",\"url\":\"https:\/\/www.tadano.com\/africa\/fr\/\",\"name\":\"Africa\",\"description\":\"Just another TADANO EUROPE site\",\"potentialAction\":[{\"@type\":\"SearchAction\",\"target\":{\"@type\":\"EntryPoint\",\"urlTemplate\":\"https:\/\/www.tadano.com\/africa\/fr\/?s={search_term_string}\"},\"query-input\":\"required name=search_term_string\"}],\"inLanguage\":\"fr-FR\"}]}<\/script>\n<!-- \/ Yoast SEO plugin. -->","yoast_head_json":{"title":"Conditions g\u00e9n\u00e9rales d\u2019utilisation - Africa","robots":{"index":"index","follow":"follow","max-snippet":"max-snippet:-1","max-image-preview":"max-image-preview:large","max-video-preview":"max-video-preview:-1"},"canonical":"https:\/\/www.tadano.com\/africa\/fr\/conditions-generales-dutilisation\/","og_locale":"fr_FR","og_type":"article","og_title":"Conditions g\u00e9n\u00e9rales d\u2019utilisation - Africa","og_description":"Veuillez noter que l\u2019utilisation de tous les fichiers CAO est soumise aux conditions d\u2019utilisation de Tadano.Ces conditions d\u2019utilisation d\u00e9finissent les modalit\u00e9s et conditions relatives aux donn\u00e9es et services propos\u00e9s par le groupe Tadano sur ce site Web.Veuillez vous assurer de respecter cet accord concernant l\u2019utilisation des donn\u00e9es et services fournis sur ce site Web. I. [&hellip;]","og_url":"https:\/\/www.tadano.com\/africa\/fr\/conditions-generales-dutilisation\/","og_site_name":"Africa","article_modified_time":"2026-01-28T09:38:47+00:00","twitter_card":"summary_large_image","twitter_misc":{"Dur\u00e9e de lecture estim\u00e9e":"7 minutes"},"schema":{"@context":"https:\/\/schema.org","@graph":[{"@type":"WebPage","@id":"https:\/\/www.tadano.com\/africa\/fr\/conditions-generales-dutilisation\/","url":"https:\/\/www.tadano.com\/africa\/fr\/conditions-generales-dutilisation\/","name":"Conditions g\u00e9n\u00e9rales d\u2019utilisation - Africa","isPartOf":{"@id":"https:\/\/www.tadano.com\/africa\/fr\/#website"},"datePublished":"2025-10-30T09:37:26+00:00","dateModified":"2026-01-28T09:38:47+00:00","inLanguage":"fr-FR","potentialAction":[{"@type":"ReadAction","target":["https:\/\/www.tadano.com\/africa\/fr\/conditions-generales-dutilisation\/"]}]},{"@type":"WebSite","@id":"https:\/\/www.tadano.com\/africa\/fr\/#website","url":"https:\/\/www.tadano.com\/africa\/fr\/","name":"Africa","description":"Just another TADANO EUROPE site","potentialAction":[{"@type":"SearchAction","target":{"@type":"EntryPoint","urlTemplate":"https:\/\/www.tadano.com\/africa\/fr\/?s={search_term_string}"},"query-input":"required name=search_term_string"}],"inLanguage":"fr-FR"}]}},"_links":{"self":[{"href":"https:\/\/www.tadano.com\/africa\/fr\/wp-json\/wp\/v2\/pages\/5969"}],"collection":[{"href":"https:\/\/www.tadano.com\/africa\/fr\/wp-json\/wp\/v2\/pages"}],"about":[{"href":"https:\/\/www.tadano.com\/africa\/fr\/wp-json\/wp\/v2\/types\/page"}],"author":[{"embeddable":true,"href":"https:\/\/www.tadano.com\/africa\/fr\/wp-json\/wp\/v2\/users\/3"}],"replies":[{"embeddable":true,"href":"https:\/\/www.tadano.com\/africa\/fr\/wp-json\/wp\/v2\/comments?post=5969"}],"version-history":[{"count":0,"href":"https:\/\/www.tadano.com\/africa\/fr\/wp-json\/wp\/v2\/pages\/5969\/revisions"}],"wp:attachment":[{"href":"https:\/\/www.tadano.com\/africa\/fr\/wp-json\/wp\/v2\/media?parent=5969"}],"curies":[{"name":"wp","href":"https:\/\/api.w.org\/{rel}","templated":true}]}}