{"id":5976,"date":"2025-10-30T10:53:30","date_gmt":"2025-10-30T09:53:30","guid":{"rendered":"https:\/\/www.tadano.com\/africa\/bim-data\/"},"modified":"2026-01-28T10:41:33","modified_gmt":"2026-01-28T10:41:33","slug":"bim-data","status":"publish","type":"page","link":"https:\/\/www.tadano.com\/africa\/fr\/bim-data\/","title":{"rendered":"DONN\u00c9ES BIM"},"content":{"rendered":"\n<h1 class=\"wp-block-heading\"><strong>DONN\u00c9ES BIM<\/strong><\/h1>\n\n\n\n<h2 class=\"wp-block-heading\">La planification de projets avec les grues de construction du groupe Tadano est encore plus simple gr\u00e2ce \u00e0 nos donn\u00e9es BIM.<\/h2>\n\n\n\n<p>Vous pouvez d\u00e9sormais t\u00e9l\u00e9charger des fichiers BIM pour une s\u00e9lection de grues de construction du groupe Tadano via la plateforme BIMobject\u00ae.<br>Un compte&nbsp;<a href=\"https:\/\/www.bimobject.com\/en\/product\" target=\"_blank\" rel=\"noreferrer noopener\">BIMobject\u00ae<\/a>&nbsp;enregistr\u00e9 (gratuit) est requis pour t\u00e9l\u00e9charger les fichiers BIM. Les fichiers BIM sont disponibles au format RFA. Veuillez consulter la page de t\u00e9l\u00e9chargement pour conna\u00eetre les versions disponibles.<\/p>\n\n\n\n<div style=\"height:30px\" aria-hidden=\"true\" class=\"wp-block-spacer\"><\/div>\n\n\n\n<h2 class=\"wp-block-heading\">Nos donn\u00e9es BIM<\/h2>\n\n\n<div class=\"iframe-block\">\n\t<div class=\"container\">\n\t\t<iframe src=\"https:\/\/productsite.bimobject.com\/en\/tadano\/privatecloud\/all\" frameborder=\"0\" style=\"height:500px;\">\n\t\t  <p>\n\t\t  \tUnfortunately, your browser cannot display embedded frames. You can view the page by clicking the following link: <br>\n\t\t  \t<a href=\"https:\/\/productsite.bimobject.com\/en\/tadano\/privatecloud\/all\">https:\/\/productsite.bimobject.com\/en\/tadano\/privatecloud\/all<\/a>\n\t\t  <\/p>\n\t\t<\/iframe>\n\t\t\t<\/div>\n<\/div>\n\n\n<div class=\"wp-block-columns is-layout-flex wp-container-core-columns-layout-1 wp-block-columns-is-layout-flex\">\n<div class=\"wp-block-column is-layout-flow wp-block-column-is-layout-flow\">\n<h3 class=\"wp-block-heading\">Qu\u2019est-ce que le BIM ?<\/h3>\n\n\n\n<p>Le Building Information Modeling (BIM) est un processus qui utilise une base de donn\u00e9es de produits num\u00e9riques, permettant aux utilisateurs de mod\u00e9liser un b\u00e2timent de mani\u00e8re num\u00e9rique et de calculer les co\u00fbts associ\u00e9s, les types de mat\u00e9riaux et d\u2019autres \u00e9l\u00e9ments. Le BIM r\u00e9unit les \u00e9tapes auparavant s\u00e9par\u00e9es de la conception, de la construction et de la gestion, et peut \u00eatre utilis\u00e9 tout au long du cycle de vie du b\u00e2timent.<br>De plus, contrairement \u00e0 la CAO 3D, les fichiers BIM peuvent \u00eatre utilis\u00e9s avec une grande vari\u00e9t\u00e9 de logiciels.<\/p>\n<\/div>\n\n\n\n<div class=\"wp-block-column is-layout-flow wp-block-column-is-layout-flow\">\n<figure class=\"wp-block-image size-full\"><img loading=\"lazy\" decoding=\"async\" width=\"580\" height=\"348\" src=\"https:\/\/www.tadano.com\/africa\/wp-content\/uploads\/sites\/11\/2026\/01\/bim_1.jpg\" alt=\"\" class=\"wp-image-5941\" srcset=\"https:\/\/www.tadano.com\/africa\/wp-content\/uploads\/sites\/11\/2026\/01\/bim_1.jpg 580w, https:\/\/www.tadano.com\/africa\/wp-content\/uploads\/sites\/11\/2026\/01\/bim_1-300x180.jpg 300w, https:\/\/www.tadano.com\/africa\/wp-content\/uploads\/sites\/11\/2026\/01\/bim_1-280x168.jpg 280w, https:\/\/www.tadano.com\/africa\/wp-content\/uploads\/sites\/11\/2026\/01\/bim_1-560x336.jpg 560w, https:\/\/www.tadano.com\/africa\/wp-content\/uploads\/sites\/11\/2026\/01\/bim_1-335x201.jpg 335w\" sizes=\"(max-width: 580px) 100vw, 580px\" \/><\/figure>\n<\/div>\n<\/div>\n\n\n\n<h2 class=\"wp-block-heading\">Instructions et pr\u00e9cautions<\/h2>\n\n\n\n<ul>\n<li>Veuillez lire et accepter les\u00a0<a href=\"https:\/\/www.tadano.com\/africa\/fr\/outils-digitaux\/conditions-generales-dutilisation\/\">conditions g\u00e9n\u00e9rales d\u2019utilisation<\/a>\u00a0du service de fourniture de donn\u00e9es.<\/li>\n\n\n\n<li>Un compte&nbsp;<a href=\"https:\/\/www.bimobject.com\/en\/product\" target=\"_blank\" rel=\"noreferrer noopener\">BIMobject\u00ae<\/a>&nbsp;enregistr\u00e9 (gratuit) est requis pour t\u00e9l\u00e9charger un fichier BIM.<br>BIMobject\u00ae est une biblioth\u00e8que en ligne d\u2019objets BIM, exploit\u00e9e \u00e0 l\u2019\u00e9chelle mondiale par la soci\u00e9t\u00e9 su\u00e9doise BIMobject AB.<br>Cette plateforme est utilis\u00e9e par des fabricants de produits pour le b\u00e2timent et l\u2019am\u00e9nagement int\u00e9rieur dans le monde entier afin de d\u00e9velopper, stocker et publier des produits et des donn\u00e9es num\u00e9riques.<\/li>\n\n\n\n<li>Les fichiers BIM sont disponibles au format Autodesk\u00ae Revit\u00ae Family File (.rfa).<\/li>\n\n\n\n<li>Pour toute question concernant nos fichiers BIM, veuillez utiliser notre formulaire de contact et s\u00e9lectionner \u00ab G\u00e9n\u00e9ral \u00bb dans le menu \u00ab Type de demande \u00bb.<\/li>\n<\/ul>\n\n\n\n<p><\/p>\n\n\n\n<div class=\"wp-block-columns is-layout-flex wp-container-core-columns-layout-2 wp-block-columns-is-layout-flex\">\n<div class=\"wp-block-column is-layout-flow wp-block-column-is-layout-flow\" style=\"flex-basis:100%\">\n<div class=\"wp-block-buttons is-layout-flex wp-block-buttons-is-layout-flex\">\n<div class=\"wp-block-button\"><a class=\"wp-block-button__link has-text-align-center wp-element-button\" href=\"https:\/\/www.tadano.com\/africa\/fr\/outils-digitaux\/conditions-generales-dutilisation\/\">Conditions g\u00e9n\u00e9rales d\u2019utilisation<\/a><\/div>\n\n\n\n<div class=\"wp-block-button\"><a class=\"wp-block-button__link has-text-align-left wp-element-button\" href=\"https:\/\/www.tadano.com\/africa\/fr\/faq-ressources-produit\/\">FAQ<\/a><\/div>\n<\/div>\n<\/div>\n<\/div>\n\n\n\n<p><\/p>\n\n\n\n<p><\/p>\n\n\n\n<p><\/p>\n","protected":false},"excerpt":{"rendered":"<p>DONN\u00c9ES BIM La planification de projets avec les grues de construction du groupe Tadano est encore plus simple gr\u00e2ce \u00e0 nos donn\u00e9es BIM. Vous pouvez d\u00e9sormais t\u00e9l\u00e9charger des fichiers BIM pour une s\u00e9lection de grues de construction du groupe Tadano via la plateforme BIMobject\u00ae.Un compte&nbsp;BIMobject\u00ae&nbsp;enregistr\u00e9 (gratuit) est requis pour t\u00e9l\u00e9charger les fichiers BIM. Les fichiers [&hellip;]<\/p>\n","protected":false},"author":3,"featured_media":0,"parent":0,"menu_order":0,"comment_status":"closed","ping_status":"closed","template":"","meta":{"_acf_changed":false,"footnotes":""},"acf":[],"yoast_head":"<!-- This site is optimized with the Yoast SEO plugin v22.3 - https:\/\/yoast.com\/wordpress\/plugins\/seo\/ -->\n<title>DONN\u00c9ES BIM - Africa<\/title>\n<meta name=\"robots\" content=\"index, follow, max-snippet:-1, max-image-preview:large, max-video-preview:-1\" \/>\n<link rel=\"canonical\" href=\"https:\/\/www.tadano.com\/africa\/fr\/bim-data\/\" \/>\n<meta property=\"og:locale\" content=\"fr_FR\" \/>\n<meta property=\"og:type\" content=\"article\" \/>\n<meta property=\"og:title\" content=\"DONN\u00c9ES BIM - Africa\" \/>\n<meta property=\"og:description\" content=\"DONN\u00c9ES BIM La planification de projets avec les grues de construction du groupe Tadano est encore plus simple gr\u00e2ce \u00e0 nos donn\u00e9es BIM. Vous pouvez d\u00e9sormais t\u00e9l\u00e9charger des fichiers BIM pour une s\u00e9lection de grues de construction du groupe Tadano via la plateforme BIMobject\u00ae.Un compte&nbsp;BIMobject\u00ae&nbsp;enregistr\u00e9 (gratuit) est requis pour t\u00e9l\u00e9charger les fichiers BIM. Les fichiers [&hellip;]\" \/>\n<meta property=\"og:url\" content=\"https:\/\/www.tadano.com\/africa\/fr\/bim-data\/\" \/>\n<meta property=\"og:site_name\" content=\"Africa\" \/>\n<meta property=\"article:modified_time\" content=\"2026-01-28T10:41:33+00:00\" \/>\n<meta property=\"og:image\" content=\"https:\/\/www.tadano.com\/africa\/wp-content\/uploads\/sites\/11\/2026\/01\/bim_1.jpg\" \/>\n<meta name=\"twitter:card\" content=\"summary_large_image\" \/>\n<meta name=\"twitter:label1\" content=\"Dur\u00e9e de lecture estim\u00e9e\" \/>\n\t<meta name=\"twitter:data1\" content=\"2 minutes\" \/>\n<script type=\"application\/ld+json\" class=\"yoast-schema-graph\">{\"@context\":\"https:\/\/schema.org\",\"@graph\":[{\"@type\":\"WebPage\",\"@id\":\"https:\/\/www.tadano.com\/africa\/fr\/bim-data\/\",\"url\":\"https:\/\/www.tadano.com\/africa\/fr\/bim-data\/\",\"name\":\"DONN\u00c9ES BIM - Africa\",\"isPartOf\":{\"@id\":\"https:\/\/www.tadano.com\/africa\/fr\/#website\"},\"primaryImageOfPage\":{\"@id\":\"https:\/\/www.tadano.com\/africa\/fr\/bim-data\/#primaryimage\"},\"image\":{\"@id\":\"https:\/\/www.tadano.com\/africa\/fr\/bim-data\/#primaryimage\"},\"thumbnailUrl\":\"https:\/\/www.tadano.com\/africa\/wp-content\/uploads\/sites\/11\/2026\/01\/bim_1.jpg\",\"datePublished\":\"2025-10-30T09:53:30+00:00\",\"dateModified\":\"2026-01-28T10:41:33+00:00\",\"inLanguage\":\"fr-FR\",\"potentialAction\":[{\"@type\":\"ReadAction\",\"target\":[\"https:\/\/www.tadano.com\/africa\/fr\/bim-data\/\"]}]},{\"@type\":\"ImageObject\",\"inLanguage\":\"fr-FR\",\"@id\":\"https:\/\/www.tadano.com\/africa\/fr\/bim-data\/#primaryimage\",\"url\":\"https:\/\/www.tadano.com\/africa\/wp-content\/uploads\/sites\/11\/2026\/01\/bim_1.jpg\",\"contentUrl\":\"https:\/\/www.tadano.com\/africa\/wp-content\/uploads\/sites\/11\/2026\/01\/bim_1.jpg\"},{\"@type\":\"WebSite\",\"@id\":\"https:\/\/www.tadano.com\/africa\/fr\/#website\",\"url\":\"https:\/\/www.tadano.com\/africa\/fr\/\",\"name\":\"Africa\",\"description\":\"Just another TADANO EUROPE site\",\"potentialAction\":[{\"@type\":\"SearchAction\",\"target\":{\"@type\":\"EntryPoint\",\"urlTemplate\":\"https:\/\/www.tadano.com\/africa\/fr\/?s={search_term_string}\"},\"query-input\":\"required name=search_term_string\"}],\"inLanguage\":\"fr-FR\"}]}<\/script>\n<!-- \/ Yoast SEO plugin. -->","yoast_head_json":{"title":"DONN\u00c9ES BIM - Africa","robots":{"index":"index","follow":"follow","max-snippet":"max-snippet:-1","max-image-preview":"max-image-preview:large","max-video-preview":"max-video-preview:-1"},"canonical":"https:\/\/www.tadano.com\/africa\/fr\/bim-data\/","og_locale":"fr_FR","og_type":"article","og_title":"DONN\u00c9ES BIM - Africa","og_description":"DONN\u00c9ES BIM La planification de projets avec les grues de construction du groupe Tadano est encore plus simple gr\u00e2ce \u00e0 nos donn\u00e9es BIM. Vous pouvez d\u00e9sormais t\u00e9l\u00e9charger des fichiers BIM pour une s\u00e9lection de grues de construction du groupe Tadano via la plateforme BIMobject\u00ae.Un compte&nbsp;BIMobject\u00ae&nbsp;enregistr\u00e9 (gratuit) est requis pour t\u00e9l\u00e9charger les fichiers BIM. Les fichiers [&hellip;]","og_url":"https:\/\/www.tadano.com\/africa\/fr\/bim-data\/","og_site_name":"Africa","article_modified_time":"2026-01-28T10:41:33+00:00","og_image":[{"url":"https:\/\/www.tadano.com\/africa\/wp-content\/uploads\/sites\/11\/2026\/01\/bim_1.jpg"}],"twitter_card":"summary_large_image","twitter_misc":{"Dur\u00e9e de lecture estim\u00e9e":"2 minutes"},"schema":{"@context":"https:\/\/schema.org","@graph":[{"@type":"WebPage","@id":"https:\/\/www.tadano.com\/africa\/fr\/bim-data\/","url":"https:\/\/www.tadano.com\/africa\/fr\/bim-data\/","name":"DONN\u00c9ES BIM - Africa","isPartOf":{"@id":"https:\/\/www.tadano.com\/africa\/fr\/#website"},"primaryImageOfPage":{"@id":"https:\/\/www.tadano.com\/africa\/fr\/bim-data\/#primaryimage"},"image":{"@id":"https:\/\/www.tadano.com\/africa\/fr\/bim-data\/#primaryimage"},"thumbnailUrl":"https:\/\/www.tadano.com\/africa\/wp-content\/uploads\/sites\/11\/2026\/01\/bim_1.jpg","datePublished":"2025-10-30T09:53:30+00:00","dateModified":"2026-01-28T10:41:33+00:00","inLanguage":"fr-FR","potentialAction":[{"@type":"ReadAction","target":["https:\/\/www.tadano.com\/africa\/fr\/bim-data\/"]}]},{"@type":"ImageObject","inLanguage":"fr-FR","@id":"https:\/\/www.tadano.com\/africa\/fr\/bim-data\/#primaryimage","url":"https:\/\/www.tadano.com\/africa\/wp-content\/uploads\/sites\/11\/2026\/01\/bim_1.jpg","contentUrl":"https:\/\/www.tadano.com\/africa\/wp-content\/uploads\/sites\/11\/2026\/01\/bim_1.jpg"},{"@type":"WebSite","@id":"https:\/\/www.tadano.com\/africa\/fr\/#website","url":"https:\/\/www.tadano.com\/africa\/fr\/","name":"Africa","description":"Just another TADANO EUROPE site","potentialAction":[{"@type":"SearchAction","target":{"@type":"EntryPoint","urlTemplate":"https:\/\/www.tadano.com\/africa\/fr\/?s={search_term_string}"},"query-input":"required name=search_term_string"}],"inLanguage":"fr-FR"}]}},"_links":{"self":[{"href":"https:\/\/www.tadano.com\/africa\/fr\/wp-json\/wp\/v2\/pages\/5976"}],"collection":[{"href":"https:\/\/www.tadano.com\/africa\/fr\/wp-json\/wp\/v2\/pages"}],"about":[{"href":"https:\/\/www.tadano.com\/africa\/fr\/wp-json\/wp\/v2\/types\/page"}],"author":[{"embeddable":true,"href":"https:\/\/www.tadano.com\/africa\/fr\/wp-json\/wp\/v2\/users\/3"}],"replies":[{"embeddable":true,"href":"https:\/\/www.tadano.com\/africa\/fr\/wp-json\/wp\/v2\/comments?post=5976"}],"version-history":[{"count":3,"href":"https:\/\/www.tadano.com\/africa\/fr\/wp-json\/wp\/v2\/pages\/5976\/revisions"}],"predecessor-version":[{"id":5981,"href":"https:\/\/www.tadano.com\/africa\/fr\/wp-json\/wp\/v2\/pages\/5976\/revisions\/5981"}],"wp:attachment":[{"href":"https:\/\/www.tadano.com\/africa\/fr\/wp-json\/wp\/v2\/media?parent=5976"}],"curies":[{"name":"wp","href":"https:\/\/api.w.org\/{rel}","templated":true}]}}