{"id":6021,"date":"2026-01-15T14:41:48","date_gmt":"2026-01-15T14:41:48","guid":{"rendered":"https:\/\/www.tadano.com\/africa\/cookie-policy\/"},"modified":"2026-01-28T16:37:44","modified_gmt":"2026-01-28T16:37:44","slug":"politique-en-matiere-de-cookies","status":"publish","type":"page","link":"https:\/\/www.tadano.com\/africa\/fr\/politique-en-matiere-de-cookies\/","title":{"rendered":"Politique en mati\u00e8re de cookies"},"content":{"rendered":"\n<h2 class=\"wp-block-heading\">Politique en mati\u00e8re de cookies<\/h2>\n\n\n\n<h2 class=\"wp-block-heading\"><strong>Cookies, outils de suivi et d\u2019analyse<\/strong><\/h2>\n\n\n\n<p>Chez Tadano, nous utilisons des cookies sur notre site internet. Les cookies sont de petits fichiers envoy\u00e9s par nos soins au navigateur de votre terminal et enregistr\u00e9s lors de votre visite sur nos pages internet. Certaines fonctionnalit\u00e9s de notre site ne peuvent pas \u00eatre propos\u00e9es sans l\u2019utilisation de cookies techniquement n\u00e9cessaires. D\u2019autres cookies nous permettent de r\u00e9aliser diff\u00e9rentes analyses. Les cookies peuvent, par exemple, reconna\u00eetre le navigateur que vous utilisez lors d\u2019une nouvelle visite sur notre site et nous transmettre diverses informations. Nous pouvons utiliser les cookies afin de rendre notre offre internet plus conviviale et plus efficace, par exemple en analysant votre utilisation de notre site et en d\u00e9terminant vos pr\u00e9f\u00e9rences (par ex. param\u00e8tres de pays et de langue). Si des tiers utilisent des cookies pour traiter des informations, ils collectent ces informations directement depuis votre navigateur. Les cookies n\u2019endommagent pas votre appareil. Ils ne peuvent pas ex\u00e9cuter de programmes ni contenir de virus.<br>Avant d\u2019installer des cookies non techniquement n\u00e9cessaires sur notre site, nous recueillons votre consentement via le bandeau cookies. Vous pouvez bien entendu modifier vos pr\u00e9f\u00e9rences \u00e0 tout moment dans les param\u00e8tres des cookies.<br>Pour plus d\u2019informations concernant les autres donn\u00e9es personnelles que nous pouvons traiter \u00e0 votre sujet, vos droits en tant que personne concern\u00e9e ainsi que nos coordonn\u00e9es, veuillez consulter notre <a href=\"https:\/\/www.tadano.com\/africa\/fr\/politique-de-confidentialite\/\">Politique de confidentialit\u00e9<\/a>.<\/p>\n\n\n\n<h2 class=\"wp-block-heading\"><strong>1. Cookies techniquement n\u00e9cessaires<\/strong><\/h2>\n\n\n\n<p>Ces cookies sont n\u00e9cessaires pour des raisons techniques afin que vous puissiez visiter notre site internet et utiliser les fonctionnalit\u00e9s que nous proposons. Ils permettent \u00e9galement une utilisation s\u00e9curis\u00e9e et correcte de notre site. Les cookies techniquement n\u00e9cessaires sont toujours actifs.<br>Les cookies n\u00e9cessaires suivants sont enregistr\u00e9s lors de la visite de notre site internet et de ses sous-domaines :<\/p>\n\n\n<section class=\"table\">\n    <div class=\"container\">\n        <table border=\"1\"><tbody><tr class=\"thead\"><td>Fournisseur<\/td><td>Nom<\/td><td>Finalit\u00e9<\/td><td>Dur\u00e9e de conservation<\/td><\/tr><tr><td>Tadano<\/td><td>CookieConsent<\/td><td>Utilis\u00e9 pour enregistrer l\u2019\u00e9tat du consentement aux cookies de l\u2019utilisateur<\/td><td>1 an<\/td><\/tr><tr><td>Tadano<\/td><td>tdvp_https:\/\/#_#_#_#_#_#.png?v=#<\/td><td>Utilis\u00e9 dans le cadre de la fonction de vue 3D du site internet<\/td><td>Persistant<\/td><\/tr><tr><td>Tadano<\/td><td>test<\/td><td>Utilis\u00e9 pour d\u00e9tecter si le visiteur a accept\u00e9 la cat\u00e9gorie marketing dans le bandeau cookies<\/td><td>Persistant<\/td><\/tr><tr><td>Tadano<\/td><td>wpEmojiSettingsSupports<\/td><td>Ce cookie fait partie d\u2019un ensemble de cookies servant \u00e0 la diffusion et \u00e0 la pr\u00e9sentation du contenu<\/td><td>Session<\/td><\/tr><tr><td>LinkedIn<\/td><td>bcookie<\/td><td>Utilis\u00e9 afin de d\u00e9tecter le spam et d\u2019am\u00e9liorer la s\u00e9curit\u00e9 du site internet<\/td><td>1 an<\/td><\/tr><tr><td>LinkedIn<\/td><td>li_gc<\/td><td>Enregistre l\u2019\u00e9tat du consentement aux cookies de l\u2019utilisateur pour le domaine actuel<\/td><td>180 jours<\/td><\/tr><tr><td>Vimeo<\/td><td>_cfuvid<\/td><td>Contribue \u00e0 l\u2019\u00e9quilibrage de charge, \u00e0 la diffusion du contenu du site et \u00e0 la fourniture de connexions DNS<\/td><td>Session<\/td><\/tr><tr><td>Webseminare.biz<\/td><td>PHPSESSID<\/td><td>Conserve l\u2019\u00e9tat de la session utilisateur entre les requ\u00eates de pages<\/td><td>1 jour<\/td><\/tr><tr><td>LinkedIn<\/td><td>lidc<\/td><td>Enregistre le cluster de serveurs desservant le visiteur afin d\u2019optimiser l\u2019exp\u00e9rience utilisateur<\/td><td>1 jour<\/td><\/tr><tr><td>Tadano<\/td><td>lastRegion<\/td><td>Utilis\u00e9 pour m\u00e9moriser la derni\u00e8re r\u00e9gion visit\u00e9e par l\u2019utilisateur<\/td><td>90 jours<\/td><\/tr><tr><td>Tadano<\/td><td>lastLanguage<\/td><td>Utilis\u00e9 pour m\u00e9moriser la langue utilis\u00e9e lors de la visite<\/td><td>90 jours<\/td><\/tr><\/tbody><\/table>    <\/div>\n<\/section>\n\n\n<p><br><\/p>\n\n\n\n<h2 class=\"wp-block-heading\"><strong>2. Cookies li\u00e9s \u00e0 la performance, au suivi et \u00e0 l\u2019analyse<\/strong><\/h2>\n\n\n\n<p>Ces cookies nous permettent d\u2019analyser la mani\u00e8re dont vous utilisez notre site internet afin d\u2019en am\u00e9liorer les performances et les fonctionnalit\u00e9s. Les informations collect\u00e9es concernent notamment l\u2019utilisation du site par les visiteurs, les pages les plus consult\u00e9es et l\u2019apparition \u00e9ventuelle de messages d\u2019erreur. Dans certains cas, ces cookies permettent d\u2019acc\u00e9l\u00e9rer le traitement de vos demandes en m\u00e9morisant les pr\u00e9f\u00e9rences que vous avez s\u00e9lectionn\u00e9es. Si ce groupe de cookies est activ\u00e9, les informations collect\u00e9es \u00e0 votre sujet peuvent \u00eatre transf\u00e9r\u00e9es en dehors de l\u2019Espace \u00e9conomique europ\u00e9en, notamment vers les \u00c9tats-Unis, comme d\u00e9crit dans la pr\u00e9sente Politique de confidentialit\u00e9. Tout traitement ou transfert ult\u00e9rieur illicite de vos donn\u00e9es par les fournisseurs de ces cookies \u00e9chappe \u00e0 notre contr\u00f4le et rel\u00e8ve de leur seule responsabilit\u00e9.<br>Les cookies li\u00e9s \u00e0 la performance suivants sont enregistr\u00e9s lors de la visite de notre site internet et de ses sous-domaines :<\/p>\n\n\n\n<p><br><\/p>\n\n\n<section class=\"table\">\n    <div class=\"container\">\n        <table border=\"1\"><tbody><tr class=\"thead\"><td>Provider<\/td><td>Name<\/td><td>Purpose<\/td><td>Storage Period<\/td><\/tr><tr><td>Tadano<\/td><td>last_pys_utm_campaign<\/td><td>Used to track visitors on multiple websites, in order to present relevant advertisement based on the visitor&rsquo;s preferences<\/td><td>Session<\/td><\/tr><tr><td>Tadano<\/td><td>last_pys_utm_medium<\/td><td>Used to track visitors on multiple websites, in order to present relevant advertisement based on the visitor&rsquo;s preferences<\/td><td>Session<\/td><\/tr><tr><td>Tadano<\/td><td>pys_bingid<\/td><td>Registers statistical data on users&rsquo; behaviour on the website<\/td><td>Session<\/td><\/tr><tr><td>Tadano<\/td><td>pys_fbadid<\/td><td>Registers statistical data on users&rsquo; behaviour on the website<\/td><td>Session<\/td><\/tr><tr><td>Tadano<\/td><td>pys_gadid<\/td><td>Registers statistical data on users&rsquo; behaviour on the website<\/td><td>Session<\/td><\/tr><tr><td>Tadano<\/td><td>pys_padid<\/td><td>Registers statistical data on users&rsquo; behaviour on the website<\/td><td>Session<\/td><\/tr><tr><td>Tadano<\/td><td>pys_utm_campaign<\/td><td>Registers statistical data on users&rsquo; behaviour on the website<\/td><td>Session<\/td><\/tr><tr><td>Tadano<\/td><td>pys_utm_content<\/td><td>Registers statistical data on users&rsquo; behaviour on the website<\/td><td>Session<\/td><\/tr><tr><td>Tadano<\/td><td>pys_utm_medium<\/td><td>Registers statistical data on users&rsquo; behaviour on the website<\/td><td>Session<\/td><\/tr><tr><td>Tadano<\/td><td>pys_utm_source<\/td><td><\/td><td>Session<\/td><\/tr><tr><td>Tadano<\/td><td>pys_utm_term<\/td><td>Registers statistical data on users&rsquo; behaviour on the website<\/td><td>Session<\/td><\/tr><tr><td>Google Analytics<\/td><td>_ga<\/td><td>Registers a unique ID that is used to generate statistical data on how the visitor uses the website<\/td><td>2 years<\/td><\/tr><tr><td>Google Analytics<\/td><td>_ga_#<\/td><td>Used by Google Analytics to collect data on the number of times a user has visited the website as well as dates for the first and most recent visit<\/td><td>2 years<\/td><\/tr><tr><td>Tadano<\/td><td>last_pys_landing_page<\/td><td>Registers statistical data on users&rsquo; behaviour on the website<\/td><td>7 days<\/td><\/tr><tr><td>Tadano<\/td><td>last_pysTrafficSource<\/td><td>Registers statistical data on users&rsquo; behaviour on the website<\/td><td>7 days<\/td><\/tr><tr><td>Tadano<\/td><td>pys_first_visit<\/td><td>Registers statistical data on users&rsquo; behaviour on the website<\/td><td>7 days<\/td><\/tr><tr><td>Tadano<\/td><td>pys_landing_page<\/td><td>Detects and stores which landing page was presented to the user<\/td><td>7 days<\/td><\/tr><tr><td>Tadano<\/td><td>pys_session_limit<\/td><td>Registers statistical data on users&rsquo; behaviour on the website<\/td><td>1 day<\/td><\/tr><tr><td>Tadano<\/td><td>pys_start_session<\/td><td>Registers statistical data on users&rsquo; behaviour on the website<\/td><td>Session<\/td><\/tr><tr><td>Tadano<\/td><td>pysTrafficSource<\/td><td>Registers statistical data on users&rsquo; behaviour on the website<\/td><td>7 days<\/td><\/tr><tr><td>Meta, Inc.<\/td><td>lastExternalReferrer<\/td><td>Detects how the user reached the website by registering their last URL-address<\/td><td>Persistent<\/td><\/tr><tr><td>Meta, Inc.<\/td><td>lastExternalReferrerTime<\/td><td>Detects how the user reached the website by registering their last URL-address<\/td><td>Persistent<\/td><\/tr><tr><td>Elfsight<\/td><td>elfsight_viewed_recently<\/td><td>Determines which products the user has viewed, allowing the website to promote related products<\/td><td>1 day<\/td><\/tr><tr><td>Tadano<\/td><td>last_pys_bingid<\/td><td>Used to track visitors on multiple websites, in order to present relevant advertisement based on the visitor&rsquo;s preferences<\/td><td>Session<\/td><\/tr><tr><td>Tadano<\/td><td>last_pys_fbadid<\/td><td>Used to track visitors on multiple websites, in order to present relevant advertisement based on the visitor&rsquo;s preferences<\/td><td>Session<\/td><\/tr><tr><td>Tadano<\/td><td>last_pys_gadid<\/td><td>Used to track visitors on multiple websites, in order to present relevant advertisement based on the visitor&rsquo;s preferences<\/td><td>Session<\/td><\/tr><tr><td>Tadano<\/td><td>last_pys_padid<\/td><td><\/td><td>Session<\/td><\/tr><tr><td>Tadano<\/td><td>last_pys_utm_content<\/td><td>Used to track visitors on multiple websites, in order to present relevant advertisement based on the visitor&rsquo;s preferences<\/td><td>Session<\/td><\/tr><tr><td>Tadano<\/td><td>last_pys_utm_source<\/td><td>Used to track visitors on multiple websites, in order to present relevant advertisement based on the visitor&rsquo;s preferences<\/td><td>Session<\/td><\/tr><tr><td>Tadano<\/td><td>last_pys_utm_term<\/td><td>Used to track visitors on multiple websites, in order to present relevant advertisement based on the visitor&rsquo;s preferences<\/td><td>Session<\/td><\/tr><tr><td>Meta, Inc.<\/td><td>_fbp<\/td><td>Used by Facebook to deliver a series of advertisement products such as real time bidding from third party advertisers<\/td><td>3 months<\/td><\/tr><tr><td>Youtube<\/td><td>YSC<\/td><td>Registers a unique ID to keep statistics of what videos from YouTube the user has seen<\/td><td>Session<\/td><\/tr><tr><td>Tadano<\/td><td>pbid<\/td><td>Allows the plugin to assign external_id to users, improving API events performance. <\/td><td>180 days<\/td><\/tr><\/tbody><\/table>    <\/div>\n<\/section>\n\n\n<p>&nbsp;<\/p>\n\n\n\n<h2 class=\"wp-block-heading\"><strong>3. Cookies et outils fonctionnels<\/strong><\/h2>\n\n\n\n<p>Les cookies fonctionnels et technologies similaires nous permettent d\u2019afficher certaines fonctionnalit\u00e9s du site (par ex. vid\u00e9os) ou d\u2019en am\u00e9liorer le fonctionnement. Ces technologies peuvent \u00eatre d\u00e9finies par nous ou par des tiers. Nous utilisons uniquement des cookies et technologies de tiers lorsque leurs services sont int\u00e9gr\u00e9s \u00e0 notre site internet. Dans ce cadre, des donn\u00e9es sont r\u00e9guli\u00e8rement transmises aux fournisseurs concern\u00e9s. Si ce groupe de cookies est activ\u00e9, les informations collect\u00e9es \u00e0 votre sujet peuvent \u00eatre transf\u00e9r\u00e9es en dehors de l\u2019Espace \u00e9conomique europ\u00e9en, notamment vers les \u00c9tats-Unis. Un traitement ult\u00e9rieur des donn\u00e9es transmises peut \u00eatre effectu\u00e9 exclusivement par ces fournisseurs tiers. Nous n\u2019avons aucun contr\u00f4le sur ces traitements ou transferts ult\u00e9rieurs.<br>Les cookies et outils fonctionnels suivants sont utilis\u00e9s sur notre site internet et ses sous-domaines :<\/p>\n\n\n<section class=\"table\">\n    <div class=\"container\">\n        <table border=\"1\"><tbody><tr class=\"thead\"><td>Fournisseur<\/td><td>Nom<\/td><td>Finalit\u00e9<\/td><td>Dur\u00e9e de conservation<\/td><\/tr><tr><td>Fonts.net<\/td><td>__cf_bm<\/td><td>Utilis\u00e9 pour distinguer les humains des robots<\/td><td>1 jour<\/td><\/tr><tr><td>Gstatic<\/td><td>rc::a<\/td><td>Utilis\u00e9 pour distinguer les humains des robots<\/td><td>Persistant<\/td><\/tr><tr><td>Gstatic<\/td><td>rc::c<\/td><td>Utilis\u00e9 pour distinguer les humains des robots<\/td><td>Session<\/td><\/tr><tr><td>Cookiebo<\/td><td>1.gif<\/td><td>Utilis\u00e9 pour compter le nombre de sessions sur le site<\/td><td>Session<\/td><\/tr><tr><td>Vimeo<\/td><td>__cf_bm<\/td><td>Utilis\u00e9 pour distinguer les humains des robots<\/td><td>1 jour<\/td><\/tr><tr><td>Vimeo<\/td><td>vuid<\/td><td>Utilis\u00e9 par le lecteur vid\u00e9o Vimeo pour fournir des vid\u00e9os int\u00e9gr\u00e9es<\/td><td>2 ans<\/td><\/tr><tr><td>Youtube<\/td><td>__Secure-ROLLOUT_TOKEN<\/td><td>Utilis\u00e9 par YouTube pour fournir des vid\u00e9os int\u00e9gr\u00e9es<\/td><td>180 jours<\/td><\/tr><tr><td>Youtube<\/td><td>VISITOR_INFO1_LIVE<\/td><td>Tente d\u2019estimer la bande passante des utilisateurs sur les pages contenant des vid\u00e9os YouTube<\/td><td>180 jours<\/td><\/tr><\/tbody><\/table>    <\/div>\n<\/section>\n\n\n<p><\/p>\n","protected":false},"excerpt":{"rendered":"<p>Politique en mati\u00e8re de cookies Cookies, outils de suivi et d\u2019analyse Chez Tadano, nous utilisons des cookies sur notre site internet. Les cookies sont de petits fichiers envoy\u00e9s par nos soins au navigateur de votre terminal et enregistr\u00e9s lors de votre visite sur nos pages internet. Certaines fonctionnalit\u00e9s de notre site ne peuvent pas \u00eatre [&hellip;]<\/p>\n","protected":false},"author":3,"featured_media":0,"parent":0,"menu_order":0,"comment_status":"closed","ping_status":"closed","template":"","meta":{"_acf_changed":false,"footnotes":""},"acf":[],"yoast_head":"<!-- This site is optimized with the Yoast SEO plugin v22.3 - https:\/\/yoast.com\/wordpress\/plugins\/seo\/ -->\n<title>Politique en mati\u00e8re de cookies - Africa<\/title>\n<meta name=\"robots\" content=\"index, follow, max-snippet:-1, max-image-preview:large, max-video-preview:-1\" \/>\n<link rel=\"canonical\" href=\"https:\/\/www.tadano.com\/africa\/fr\/politique-en-matiere-de-cookies\/\" \/>\n<meta property=\"og:locale\" content=\"fr_FR\" \/>\n<meta property=\"og:type\" content=\"article\" \/>\n<meta property=\"og:title\" content=\"Politique en mati\u00e8re de cookies - Africa\" \/>\n<meta property=\"og:description\" content=\"Politique en mati\u00e8re de cookies Cookies, outils de suivi et d\u2019analyse Chez Tadano, nous utilisons des cookies sur notre site internet. Les cookies sont de petits fichiers envoy\u00e9s par nos soins au navigateur de votre terminal et enregistr\u00e9s lors de votre visite sur nos pages internet. Certaines fonctionnalit\u00e9s de notre site ne peuvent pas \u00eatre [&hellip;]\" \/>\n<meta property=\"og:url\" content=\"https:\/\/www.tadano.com\/africa\/fr\/politique-en-matiere-de-cookies\/\" \/>\n<meta property=\"og:site_name\" content=\"Africa\" \/>\n<meta property=\"article:modified_time\" content=\"2026-01-28T16:37:44+00:00\" \/>\n<meta name=\"twitter:card\" content=\"summary_large_image\" \/>\n<meta name=\"twitter:label1\" content=\"Dur\u00e9e de lecture estim\u00e9e\" \/>\n\t<meta name=\"twitter:data1\" content=\"3 minutes\" \/>\n<script type=\"application\/ld+json\" class=\"yoast-schema-graph\">{\"@context\":\"https:\/\/schema.org\",\"@graph\":[{\"@type\":\"WebPage\",\"@id\":\"https:\/\/www.tadano.com\/africa\/fr\/politique-en-matiere-de-cookies\/\",\"url\":\"https:\/\/www.tadano.com\/africa\/fr\/politique-en-matiere-de-cookies\/\",\"name\":\"Politique en mati\u00e8re de cookies - Africa\",\"isPartOf\":{\"@id\":\"https:\/\/www.tadano.com\/africa\/fr\/#website\"},\"datePublished\":\"2026-01-15T14:41:48+00:00\",\"dateModified\":\"2026-01-28T16:37:44+00:00\",\"inLanguage\":\"fr-FR\",\"potentialAction\":[{\"@type\":\"ReadAction\",\"target\":[\"https:\/\/www.tadano.com\/africa\/fr\/politique-en-matiere-de-cookies\/\"]}]},{\"@type\":\"WebSite\",\"@id\":\"https:\/\/www.tadano.com\/africa\/fr\/#website\",\"url\":\"https:\/\/www.tadano.com\/africa\/fr\/\",\"name\":\"Africa\",\"description\":\"Just another TADANO EUROPE site\",\"potentialAction\":[{\"@type\":\"SearchAction\",\"target\":{\"@type\":\"EntryPoint\",\"urlTemplate\":\"https:\/\/www.tadano.com\/africa\/fr\/?s={search_term_string}\"},\"query-input\":\"required name=search_term_string\"}],\"inLanguage\":\"fr-FR\"}]}<\/script>\n<!-- \/ Yoast SEO plugin. -->","yoast_head_json":{"title":"Politique en mati\u00e8re de cookies - Africa","robots":{"index":"index","follow":"follow","max-snippet":"max-snippet:-1","max-image-preview":"max-image-preview:large","max-video-preview":"max-video-preview:-1"},"canonical":"https:\/\/www.tadano.com\/africa\/fr\/politique-en-matiere-de-cookies\/","og_locale":"fr_FR","og_type":"article","og_title":"Politique en mati\u00e8re de cookies - Africa","og_description":"Politique en mati\u00e8re de cookies Cookies, outils de suivi et d\u2019analyse Chez Tadano, nous utilisons des cookies sur notre site internet. Les cookies sont de petits fichiers envoy\u00e9s par nos soins au navigateur de votre terminal et enregistr\u00e9s lors de votre visite sur nos pages internet. Certaines fonctionnalit\u00e9s de notre site ne peuvent pas \u00eatre [&hellip;]","og_url":"https:\/\/www.tadano.com\/africa\/fr\/politique-en-matiere-de-cookies\/","og_site_name":"Africa","article_modified_time":"2026-01-28T16:37:44+00:00","twitter_card":"summary_large_image","twitter_misc":{"Dur\u00e9e de lecture estim\u00e9e":"3 minutes"},"schema":{"@context":"https:\/\/schema.org","@graph":[{"@type":"WebPage","@id":"https:\/\/www.tadano.com\/africa\/fr\/politique-en-matiere-de-cookies\/","url":"https:\/\/www.tadano.com\/africa\/fr\/politique-en-matiere-de-cookies\/","name":"Politique en mati\u00e8re de cookies - Africa","isPartOf":{"@id":"https:\/\/www.tadano.com\/africa\/fr\/#website"},"datePublished":"2026-01-15T14:41:48+00:00","dateModified":"2026-01-28T16:37:44+00:00","inLanguage":"fr-FR","potentialAction":[{"@type":"ReadAction","target":["https:\/\/www.tadano.com\/africa\/fr\/politique-en-matiere-de-cookies\/"]}]},{"@type":"WebSite","@id":"https:\/\/www.tadano.com\/africa\/fr\/#website","url":"https:\/\/www.tadano.com\/africa\/fr\/","name":"Africa","description":"Just another TADANO EUROPE site","potentialAction":[{"@type":"SearchAction","target":{"@type":"EntryPoint","urlTemplate":"https:\/\/www.tadano.com\/africa\/fr\/?s={search_term_string}"},"query-input":"required name=search_term_string"}],"inLanguage":"fr-FR"}]}},"_links":{"self":[{"href":"https:\/\/www.tadano.com\/africa\/fr\/wp-json\/wp\/v2\/pages\/6021"}],"collection":[{"href":"https:\/\/www.tadano.com\/africa\/fr\/wp-json\/wp\/v2\/pages"}],"about":[{"href":"https:\/\/www.tadano.com\/africa\/fr\/wp-json\/wp\/v2\/types\/page"}],"author":[{"embeddable":true,"href":"https:\/\/www.tadano.com\/africa\/fr\/wp-json\/wp\/v2\/users\/3"}],"replies":[{"embeddable":true,"href":"https:\/\/www.tadano.com\/africa\/fr\/wp-json\/wp\/v2\/comments?post=6021"}],"version-history":[{"count":3,"href":"https:\/\/www.tadano.com\/africa\/fr\/wp-json\/wp\/v2\/pages\/6021\/revisions"}],"predecessor-version":[{"id":6029,"href":"https:\/\/www.tadano.com\/africa\/fr\/wp-json\/wp\/v2\/pages\/6021\/revisions\/6029"}],"wp:attachment":[{"href":"https:\/\/www.tadano.com\/africa\/fr\/wp-json\/wp\/v2\/media?parent=6021"}],"curies":[{"name":"wp","href":"https:\/\/api.w.org\/{rel}","templated":true}]}}