{"id":6089,"date":"2026-02-18T14:50:48","date_gmt":"2026-02-18T14:50:48","guid":{"rendered":"https:\/\/www.tadano.com\/africa\/mise-a-jour-logicielle-cybersecurite\/"},"modified":"2026-02-24T09:36:23","modified_gmt":"2026-02-24T09:36:23","slug":"mise-a-jour-logicielle-cybersecurite","status":"publish","type":"page","link":"https:\/\/www.tadano.com\/africa\/fr\/mise-a-jour-logicielle-cybersecurite\/","title":{"rendered":"Mise \u00e0 jour logicielle &amp; cybers\u00e9curit\u00e9"},"content":{"rendered":"\n<h1 class=\"wp-block-heading\"><strong>Mise \u00e0 jour logicielle &amp; cybers\u00e9curit\u00e9<\/strong><\/h1>\n\n\n\n<h2 class=\"wp-block-heading\">Gestion des mises \u00e0 jour logicielles<\/h2>\n\n\n\n<p>Pour toute question relative au logiciel de la grue ou aux mises \u00e0 jour disponibles, veuillez contacter votre partenaire de service Tadano agr\u00e9\u00e9. Seuls les partenaires de service agr\u00e9\u00e9s sont autoris\u00e9s \u00e0 effectuer des modifications logicielles li\u00e9es \u00e0 la s\u00e9curit\u00e9 afin de garantir le maintien de la conformit\u00e9 \u00e0 la r\u00e9ception par type du v\u00e9hicule.<\/p>\n\n\n\n<h2 class=\"wp-block-heading\">Cybers\u00e9curit\u00e9<\/h2>\n\n\n\n<p>Pour toute question li\u00e9e \u00e0 la cybers\u00e9curit\u00e9, veuillez contacter votre partenaire de service Tadano agr\u00e9\u00e9. Des informations compl\u00e9mentaires pourront \u00eatre publi\u00e9es ici \u00e0 l\u2019avenir.<\/p>\n","protected":false},"excerpt":{"rendered":"<p>Mise \u00e0 jour logicielle &amp; cybers\u00e9curit\u00e9 Gestion des mises \u00e0 jour logicielles Pour toute question relative au logiciel de la grue ou aux mises \u00e0 jour disponibles, veuillez contacter votre partenaire de service Tadano agr\u00e9\u00e9. Seuls les partenaires de service agr\u00e9\u00e9s sont autoris\u00e9s \u00e0 effectuer des modifications logicielles li\u00e9es \u00e0 la s\u00e9curit\u00e9 afin de garantir [&hellip;]<\/p>\n","protected":false},"author":3,"featured_media":0,"parent":0,"menu_order":0,"comment_status":"closed","ping_status":"closed","template":"","meta":{"_acf_changed":false,"footnotes":""},"acf":[],"yoast_head":"<!-- This site is optimized with the Yoast SEO plugin v22.3 - https:\/\/yoast.com\/wordpress\/plugins\/seo\/ -->\n<title>Mise \u00e0 jour logicielle &amp; cybers\u00e9curit\u00e9 - Africa<\/title>\n<meta name=\"robots\" content=\"index, follow, max-snippet:-1, max-image-preview:large, max-video-preview:-1\" \/>\n<link rel=\"canonical\" href=\"https:\/\/www.tadano.com\/africa\/fr\/mise-a-jour-logicielle-cybersecurite\/\" \/>\n<meta property=\"og:locale\" content=\"fr_FR\" \/>\n<meta property=\"og:type\" content=\"article\" \/>\n<meta property=\"og:title\" content=\"Mise \u00e0 jour logicielle &amp; cybers\u00e9curit\u00e9 - Africa\" \/>\n<meta property=\"og:description\" content=\"Mise \u00e0 jour logicielle &amp; cybers\u00e9curit\u00e9 Gestion des mises \u00e0 jour logicielles Pour toute question relative au logiciel de la grue ou aux mises \u00e0 jour disponibles, veuillez contacter votre partenaire de service Tadano agr\u00e9\u00e9. Seuls les partenaires de service agr\u00e9\u00e9s sont autoris\u00e9s \u00e0 effectuer des modifications logicielles li\u00e9es \u00e0 la s\u00e9curit\u00e9 afin de garantir [&hellip;]\" \/>\n<meta property=\"og:url\" content=\"https:\/\/www.tadano.com\/africa\/fr\/mise-a-jour-logicielle-cybersecurite\/\" \/>\n<meta property=\"og:site_name\" content=\"Africa\" \/>\n<meta property=\"article:modified_time\" content=\"2026-02-24T09:36:23+00:00\" \/>\n<meta name=\"twitter:card\" content=\"summary_large_image\" \/>\n<meta name=\"twitter:label1\" content=\"Dur\u00e9e de lecture estim\u00e9e\" \/>\n\t<meta name=\"twitter:data1\" content=\"1 minute\" \/>\n<script type=\"application\/ld+json\" class=\"yoast-schema-graph\">{\"@context\":\"https:\/\/schema.org\",\"@graph\":[{\"@type\":\"WebPage\",\"@id\":\"https:\/\/www.tadano.com\/africa\/fr\/mise-a-jour-logicielle-cybersecurite\/\",\"url\":\"https:\/\/www.tadano.com\/africa\/fr\/mise-a-jour-logicielle-cybersecurite\/\",\"name\":\"Mise \u00e0 jour logicielle &amp; cybers\u00e9curit\u00e9 - Africa\",\"isPartOf\":{\"@id\":\"https:\/\/www.tadano.com\/africa\/fr\/#website\"},\"datePublished\":\"2026-02-18T14:50:48+00:00\",\"dateModified\":\"2026-02-24T09:36:23+00:00\",\"inLanguage\":\"fr-FR\",\"potentialAction\":[{\"@type\":\"ReadAction\",\"target\":[\"https:\/\/www.tadano.com\/africa\/fr\/mise-a-jour-logicielle-cybersecurite\/\"]}]},{\"@type\":\"WebSite\",\"@id\":\"https:\/\/www.tadano.com\/africa\/fr\/#website\",\"url\":\"https:\/\/www.tadano.com\/africa\/fr\/\",\"name\":\"Africa\",\"description\":\"Just another TADANO EUROPE site\",\"potentialAction\":[{\"@type\":\"SearchAction\",\"target\":{\"@type\":\"EntryPoint\",\"urlTemplate\":\"https:\/\/www.tadano.com\/africa\/fr\/?s={search_term_string}\"},\"query-input\":\"required name=search_term_string\"}],\"inLanguage\":\"fr-FR\"}]}<\/script>\n<!-- \/ Yoast SEO plugin. -->","yoast_head_json":{"title":"Mise \u00e0 jour logicielle &amp; cybers\u00e9curit\u00e9 - Africa","robots":{"index":"index","follow":"follow","max-snippet":"max-snippet:-1","max-image-preview":"max-image-preview:large","max-video-preview":"max-video-preview:-1"},"canonical":"https:\/\/www.tadano.com\/africa\/fr\/mise-a-jour-logicielle-cybersecurite\/","og_locale":"fr_FR","og_type":"article","og_title":"Mise \u00e0 jour logicielle &amp; cybers\u00e9curit\u00e9 - Africa","og_description":"Mise \u00e0 jour logicielle &amp; cybers\u00e9curit\u00e9 Gestion des mises \u00e0 jour logicielles Pour toute question relative au logiciel de la grue ou aux mises \u00e0 jour disponibles, veuillez contacter votre partenaire de service Tadano agr\u00e9\u00e9. Seuls les partenaires de service agr\u00e9\u00e9s sont autoris\u00e9s \u00e0 effectuer des modifications logicielles li\u00e9es \u00e0 la s\u00e9curit\u00e9 afin de garantir [&hellip;]","og_url":"https:\/\/www.tadano.com\/africa\/fr\/mise-a-jour-logicielle-cybersecurite\/","og_site_name":"Africa","article_modified_time":"2026-02-24T09:36:23+00:00","twitter_card":"summary_large_image","twitter_misc":{"Dur\u00e9e de lecture estim\u00e9e":"1 minute"},"schema":{"@context":"https:\/\/schema.org","@graph":[{"@type":"WebPage","@id":"https:\/\/www.tadano.com\/africa\/fr\/mise-a-jour-logicielle-cybersecurite\/","url":"https:\/\/www.tadano.com\/africa\/fr\/mise-a-jour-logicielle-cybersecurite\/","name":"Mise \u00e0 jour logicielle &amp; cybers\u00e9curit\u00e9 - Africa","isPartOf":{"@id":"https:\/\/www.tadano.com\/africa\/fr\/#website"},"datePublished":"2026-02-18T14:50:48+00:00","dateModified":"2026-02-24T09:36:23+00:00","inLanguage":"fr-FR","potentialAction":[{"@type":"ReadAction","target":["https:\/\/www.tadano.com\/africa\/fr\/mise-a-jour-logicielle-cybersecurite\/"]}]},{"@type":"WebSite","@id":"https:\/\/www.tadano.com\/africa\/fr\/#website","url":"https:\/\/www.tadano.com\/africa\/fr\/","name":"Africa","description":"Just another TADANO EUROPE site","potentialAction":[{"@type":"SearchAction","target":{"@type":"EntryPoint","urlTemplate":"https:\/\/www.tadano.com\/africa\/fr\/?s={search_term_string}"},"query-input":"required name=search_term_string"}],"inLanguage":"fr-FR"}]}},"_links":{"self":[{"href":"https:\/\/www.tadano.com\/africa\/fr\/wp-json\/wp\/v2\/pages\/6089"}],"collection":[{"href":"https:\/\/www.tadano.com\/africa\/fr\/wp-json\/wp\/v2\/pages"}],"about":[{"href":"https:\/\/www.tadano.com\/africa\/fr\/wp-json\/wp\/v2\/types\/page"}],"author":[{"embeddable":true,"href":"https:\/\/www.tadano.com\/africa\/fr\/wp-json\/wp\/v2\/users\/3"}],"replies":[{"embeddable":true,"href":"https:\/\/www.tadano.com\/africa\/fr\/wp-json\/wp\/v2\/comments?post=6089"}],"version-history":[{"count":1,"href":"https:\/\/www.tadano.com\/africa\/fr\/wp-json\/wp\/v2\/pages\/6089\/revisions"}],"predecessor-version":[{"id":6134,"href":"https:\/\/www.tadano.com\/africa\/fr\/wp-json\/wp\/v2\/pages\/6089\/revisions\/6134"}],"wp:attachment":[{"href":"https:\/\/www.tadano.com\/africa\/fr\/wp-json\/wp\/v2\/media?parent=6089"}],"curies":[{"name":"wp","href":"https:\/\/api.w.org\/{rel}","templated":true}]}}