{"id":6151,"date":"2026-01-13T16:33:31","date_gmt":"2026-01-13T15:33:31","guid":{"rendered":"https:\/\/www.tadano.com\/africa\/grues-pick-carry\/programmes-de-maintenance-valla\/"},"modified":"2026-03-24T12:39:40","modified_gmt":"2026-03-24T12:39:40","slug":"programmes-de-maintenance","status":"publish","type":"page","link":"https:\/\/www.tadano.com\/africa\/fr\/grues-pick-carry\/programmes-de-maintenance\/","title":{"rendered":"Programmes de maintenance"},"content":{"rendered":"\n\n\n<section class=\"hero-section\">\n\n\t\n\t\n\t\n\t<div class=\"img-holder \">\n\t\t\t\t<div class=\"bg-stretch\" style=\"background-position: 50% 0; \">\n\t\t\t<span data-srcset=\"https:\/\/mediahub.tadano.com\/m\/2887dad556b24189\/hero-img_Tadano_bauma_machines-78.jpg, https:\/\/mediahub.tadano.com\/m\/2887dad556b24189\/hero_2x-img_Tadano_bauma_machines-78.jpg 2x\"><\/span>\n\t\t<\/div>\n\t\t\t\t\t\t<div class=\"logo green-solutions\" style=\"display:none;\">\n\t\t\t<a href=\"#\"><img decoding=\"async\" src=\"https:\/\/www.tadano.com\/africa\/wp-content\/themes\/tadano\/assets\/dist\/images\/Green-Solutions_Logo_White.svg\"><\/a>\n\t\t<\/div>\n\t<\/div>\n\t<div class=\"container\">\n\t\t<div class=\"text-holder \">\n\t\t\t<div class=\"wrap\">\n\t\t\t\t\n\t\t\t\t<ul class=\"breadcrumbs\"><li><a href=\"https:\/\/www.tadano.com\/africa\/fr\/\">Accueil<\/a><\/li><\/ul>\n\t\t\t\t\n\n<h1 class=\"wp-block-heading\"><strong>Programmes de maintenance<\/strong><\/h1>\n\n\n\n<p>Nos techniciens hautement qualifi\u00e9s et certifi\u00e9s sont disponibles pour intervenir en cas de besoin, en apportant l\u2019expertise et le professionnalisme n\u00e9cessaires pour assurer le bon fonctionnement de votre \u00e9quipement.<\/p>\n\n\n\n\t\t\t\t\n\t\t\t<\/div>\n\n\t\t\t\n\t\t\t\n\t\t\t\n\t\t<\/div>\n\t<\/div>\n<\/section>\n\n\n<div class=\"wp-block-group is-style-background-cyan is-layout-flow wp-block-group-is-layout-flow\"><div class=\"wp-block-group__inner-container\">\n<h2 class=\"wp-block-heading\">Choisissez les programmes de maintenance Valla pour vos grues Pick &amp; Carry.<\/h2>\n\n\n\n<p>Forts d\u2019une vaste exp\u00e9rience dans le secteur et d\u2019une connaissance approfondie des produits, nous assurons la maintenance de toute la gamme. Qu\u2019il s\u2019agisse d\u2019une r\u00e9paration mineure ou d\u2019une maintenance programm\u00e9e, vous pouvez compter sur nous pour un support rapide et efficace couvrant l\u2019ensemble de vos besoins en services techniques.<\/p>\n\n\n<section class=\"overflow-hidden\">\n    <div class=\"container\">\n      <ul class=\"legal-accordion style-default\">\n          <li>\n            <a href=\"#\" class=\"opener\"><span>BASIC<\/span><\/a>\n            <div class=\"slide\">\n              <div class=\"slide-wrap\">\n                \n\n<p><strong>Inspection et maintenance annuelles.<\/strong> Recommand\u00e9 pour les grues \u00e0 faible utilisation, ce programme annuel est r\u00e9alis\u00e9 par des techniciens hautement qualifi\u00e9s, agr\u00e9\u00e9s par Tadano Valla. Nous inspectons l\u2019ensemble des syst\u00e8mes de la grue, rempla\u00e7ons les filtres, contr\u00f4lons les batteries, lubrifions les points requis et v\u00e9rifions les syst\u00e8mes de s\u00e9curit\u00e9. Un carnet de maintenance est compl\u00e9t\u00e9 afin de certifier toutes les op\u00e9rations et contr\u00f4les effectu\u00e9s.<\/p>\n\n\n              <\/div>\n            <\/div>\n          <\/li>\n      <\/ul>\n  <\/div>\n<\/section>\n\n<section class=\"overflow-hidden\">\n    <div class=\"container\">\n      <ul class=\"legal-accordion style-default\">\n          <li>\n            <a href=\"#\" class=\"opener\"><span>MEDIUM<\/span><\/a>\n            <div class=\"slide\">\n              <div class=\"slide-wrap\">\n                \n\n<p><strong>Contr\u00f4le et maintenance semestriels.<\/strong> R\u00e9alis\u00e9 tous les six mois par des techniciens hautement qualifi\u00e9s sous la supervision de Tadano Valla, ce programme est con\u00e7u pour les grues utilis\u00e9es plus de 150 heures par an (hors grues \u00e9quip\u00e9es de palans \u00e0 cha\u00eene ou \u00e0 c\u00e2ble). Nous inspectons les syst\u00e8mes de la grue, contr\u00f4lons les filtres, lubrifions les points requis, \u00e9valuons l\u2019usure des roues et v\u00e9rifions tous les dispositifs de s\u00e9curit\u00e9. Un carnet de maintenance est compl\u00e9t\u00e9 pour certifier la r\u00e9alisation des contr\u00f4les et op\u00e9rations.<\/p>\n\n\n              <\/div>\n            <\/div>\n          <\/li>\n      <\/ul>\n  <\/div>\n<\/section>\n\n<section class=\"overflow-hidden\">\n    <div class=\"container\">\n      <ul class=\"legal-accordion style-default\">\n          <li>\n            <a href=\"#\" class=\"opener\"><span>INTENSIVE<\/span><\/a>\n            <div class=\"slide\">\n              <div class=\"slide-wrap\">\n                \n\n<p><strong>Contr\u00f4le et maintenance tous les quatre mois.<\/strong> Ce programme de maintenance intensive, r\u00e9alis\u00e9 tous les quatre mois par des techniciens hautement qualifi\u00e9s sous la supervision de Tadano Valla, est destin\u00e9 aux grues utilis\u00e9es plus de 250 heures par an (hors grues \u00e9quip\u00e9es de palans \u00e0 cha\u00eene ou \u00e0 c\u00e2ble). Id\u00e9al pour les environnements industriels n\u00e9cessitant des machines performantes et parfaitement entretenues, le service comprend l\u2019inspection et le remplacement des filtres \u00e0 air\/huile si n\u00e9cessaire, la lubrification de tous les points requis, l\u2019entretien des batteries, le contr\u00f4le de l\u2019usure des roues et la v\u00e9rification de tous les dispositifs de s\u00e9curit\u00e9. Un carnet de maintenance est compl\u00e9t\u00e9 afin de certifier que toutes les op\u00e9rations et v\u00e9rifications ont \u00e9t\u00e9 effectu\u00e9es.<\/p>\n\n\n              <\/div>\n            <\/div>\n          <\/li>\n      <\/ul>\n  <\/div>\n<\/section>\n\n<section class=\"overflow-hidden\">\n    <div class=\"container\">\n      <ul class=\"legal-accordion style-default\">\n          <li>\n            <a href=\"#\" class=\"opener\"><span>FULL<\/span><\/a>\n            <div class=\"slide\">\n              <div class=\"slide-wrap\">\n                \n\n<p><strong>Contr\u00f4le et maintenance trimestriels.<\/strong> Ce programme intensif, r\u00e9alis\u00e9 tous les trois mois par des techniciens hautement qualifi\u00e9s sous la supervision de Tadano Valla, est con\u00e7u pour les grues soumises \u00e0 une utilisation intensive avec des syst\u00e8mes de levage tels que palans \u00e0 c\u00e2ble ou \u00e0 cha\u00eene. Id\u00e9al pour les activit\u00e9s de location longue dur\u00e9e, il d\u00e9charge les utilisateurs des op\u00e9rations de maintenance pr\u00e9ventive et programm\u00e9e. Le service comprend l\u2019inspection et le remplacement des filtres \u00e0 air\/huile si n\u00e9cessaire, la lubrification des points requis, l\u2019entretien des batteries, le contr\u00f4le des c\u00e2bles ou cha\u00eenes de treuil et des fl\u00e8ches, l\u2019\u00e9valuation de l\u2019usure des roues et la v\u00e9rification de tous les dispositifs de s\u00e9curit\u00e9. Un carnet de maintenance est compl\u00e9t\u00e9 afin de certifier la r\u00e9alisation des op\u00e9rations et contr\u00f4les.<\/p>\n\n\n              <\/div>\n            <\/div>\n          <\/li>\n      <\/ul>\n  <\/div>\n<\/section>\n\n<section class=\"overflow-hidden\">\n    <div class=\"container\">\n      <ul class=\"legal-accordion style-default\">\n          <li>\n            <a href=\"#\" class=\"opener\"><span>HERITAGE<\/span><\/a>\n            <div class=\"slide\">\n              <div class=\"slide-wrap\">\n                \n\n<p><strong>Contr\u00f4le et maintenance des mod\u00e8les historiques.<\/strong> Ce programme est destin\u00e9 aux clients poss\u00e9dant des grues Valla en service depuis de nombreuses ann\u00e9es, et nous \u00e9tudions \u00e9galement les demandes concernant des grues fabriqu\u00e9es avant 2005. Les prestations incluent une inspection exceptionnelle des 20 ans avec calcul de la dur\u00e9e de vie r\u00e9siduelle, le contr\u00f4le des batteries avec certification de la sulfatation et de la capacit\u00e9 restante, la r\u00e9vision des composants et conduites hydrauliques, ainsi que la r\u00e9novation compl\u00e8te de la grue, incluant la remise en \u00e9tat esth\u00e9tique et la remise en peinture.<\/p>\n\n\n              <\/div>\n            <\/div>\n          <\/li>\n      <\/ul>\n  <\/div>\n<\/section><\/div><\/div>\n\n\n\n<div style=\"height:30px\" aria-hidden=\"true\" class=\"wp-block-spacer\"><\/div>\n\n\n\n<div class=\"wp-block-columns is-layout-flex wp-container-core-columns-layout-1 wp-block-columns-is-layout-flex\">\n<div class=\"wp-block-column is-layout-flow wp-block-column-is-layout-flow\" style=\"flex-basis:66.66%\">\n<p><strong><strong>Des solutions efficaces et des contr\u00f4les pr\u00e9cis<\/strong><\/strong><\/p>\n\n\n\n<p>Nous nous engageons \u00e0 offrir un service client de tout premier ordre, pleinement conscients de l\u2019importance de l\u2019entretien et de la maintenance de nos machines pour garantir leur fiabilit\u00e9 et leur s\u00e9curit\u00e9. Qu\u2019il s\u2019agisse d\u2019une r\u00e9paration urgente ou d\u2019une maintenance programm\u00e9e, nous proposons des solutions rapides et efficaces, adapt\u00e9es \u00e0 vos besoins. Vous pouvez compter sur notre support technique, non seulement pour r\u00e9soudre les probl\u00e8mes, mais aussi pour les pr\u00e9venir, assurant ainsi la continuit\u00e9 des op\u00e9rations et une efficacit\u00e9 maximale.<\/p>\n<\/div>\n\n\n\n<div class=\"wp-block-column is-layout-flow wp-block-column-is-layout-flow\" style=\"flex-basis:33.33%\">\n<figure class=\"wp-block-image size-full\"><img loading=\"lazy\" decoding=\"async\" width=\"809\" height=\"549\" src=\"https:\/\/www.tadano.com\/africa\/wp-content\/uploads\/sites\/11\/2026\/02\/maintenance.png\" alt=\"\" class=\"wp-image-6148\" srcset=\"https:\/\/www.tadano.com\/africa\/wp-content\/uploads\/sites\/11\/2026\/02\/maintenance.png 809w, https:\/\/www.tadano.com\/africa\/wp-content\/uploads\/sites\/11\/2026\/02\/maintenance-300x204.png 300w, https:\/\/www.tadano.com\/africa\/wp-content\/uploads\/sites\/11\/2026\/02\/maintenance-768x521.png 768w, https:\/\/www.tadano.com\/africa\/wp-content\/uploads\/sites\/11\/2026\/02\/maintenance-280x190.png 280w, https:\/\/www.tadano.com\/africa\/wp-content\/uploads\/sites\/11\/2026\/02\/maintenance-560x380.png 560w, https:\/\/www.tadano.com\/africa\/wp-content\/uploads\/sites\/11\/2026\/02\/maintenance-335x227.png 335w, https:\/\/www.tadano.com\/africa\/wp-content\/uploads\/sites\/11\/2026\/02\/maintenance-670x455.png 670w\" sizes=\"(max-width: 809px) 100vw, 809px\" \/><\/figure>\n<\/div>\n<\/div>\n\n\n\n<p>Nous effectuons des contr\u00f4les approfondis de la structure de la grue et du fonctionnement de la direction, inspectons le c\u00e2ble si un treuil est install\u00e9, et examinons le patin de glissement, le frein de fl\u00e8che ainsi que le fonctionnement du limiteur de charge. Nous v\u00e9rifions \u00e9galement les fins de course de mont\u00e9e et de descente du treuil, le fonctionnement du frein de service et du frein de stationnement, l\u2019ensemble des dispositifs de s\u00e9curit\u00e9 ainsi que l\u2019unit\u00e9 hacheur (chopper).<\/p>\n\n\n\n<h2 class=\"wp-block-heading\"><strong>En savoir plus sur nos contrats de maintenance programm\u00e9e.<\/strong><\/h2>\n\n\n\n<div class=\"wp-block-buttons is-layout-flex wp-block-buttons-is-layout-flex\">\n<div class=\"wp-block-button\"><a class=\"wp-block-button__link wp-element-button\" href=\"https:\/\/www.tadano.com\/africa\/fr\/a-propos\/contactez-nous\/\"><strong>Contactez-nous d\u00e8s aujourd\u2019hui.<\/strong><\/a><\/div>\n<\/div>\n\n\n\n<div style=\"height:30px\" aria-hidden=\"true\" class=\"wp-block-spacer\"><\/div>\n","protected":false},"excerpt":{"rendered":"<p>Choisissez les programmes de maintenance Valla pour vos grues Pick &amp; Carry. Forts d\u2019une vaste exp\u00e9rience dans le secteur et d\u2019une connaissance approfondie des produits, nous assurons la maintenance de toute la gamme. Qu\u2019il s\u2019agisse d\u2019une r\u00e9paration mineure ou d\u2019une maintenance programm\u00e9e, vous pouvez compter sur nous pour un support rapide et efficace couvrant l\u2019ensemble [&hellip;]<\/p>\n","protected":false},"author":3,"featured_media":0,"parent":6144,"menu_order":0,"comment_status":"closed","ping_status":"closed","template":"","meta":{"_acf_changed":false,"footnotes":""},"acf":[],"yoast_head":"<!-- This site is optimized with the Yoast SEO plugin v22.3 - https:\/\/yoast.com\/wordpress\/plugins\/seo\/ -->\n<title>Programmes de maintenance - Africa<\/title>\n<meta name=\"robots\" content=\"index, follow, max-snippet:-1, max-image-preview:large, max-video-preview:-1\" \/>\n<link rel=\"canonical\" href=\"https:\/\/www.tadano.com\/africa\/fr\/grues-pick-carry\/programmes-de-maintenance\/\" \/>\n<meta property=\"og:locale\" content=\"fr_FR\" \/>\n<meta property=\"og:type\" content=\"article\" \/>\n<meta property=\"og:title\" content=\"Programmes de maintenance - Africa\" \/>\n<meta property=\"og:description\" content=\"Choisissez les programmes de maintenance Valla pour vos grues Pick &amp; Carry. Forts d\u2019une vaste exp\u00e9rience dans le secteur et d\u2019une connaissance approfondie des produits, nous assurons la maintenance de toute la gamme. Qu\u2019il s\u2019agisse d\u2019une r\u00e9paration mineure ou d\u2019une maintenance programm\u00e9e, vous pouvez compter sur nous pour un support rapide et efficace couvrant l\u2019ensemble [&hellip;]\" \/>\n<meta property=\"og:url\" content=\"https:\/\/www.tadano.com\/africa\/fr\/grues-pick-carry\/programmes-de-maintenance\/\" \/>\n<meta property=\"og:site_name\" content=\"Africa\" \/>\n<meta property=\"article:modified_time\" content=\"2026-03-24T12:39:40+00:00\" \/>\n<meta property=\"og:image\" content=\"https:\/\/www.tadano.com\/africa\/wp-content\/uploads\/sites\/11\/2026\/02\/maintenance.png\" \/>\n<meta name=\"twitter:card\" content=\"summary_large_image\" \/>\n<meta name=\"twitter:label1\" content=\"Dur\u00e9e de lecture estim\u00e9e\" \/>\n\t<meta name=\"twitter:data1\" content=\"4 minutes\" \/>\n<script type=\"application\/ld+json\" class=\"yoast-schema-graph\">{\"@context\":\"https:\/\/schema.org\",\"@graph\":[{\"@type\":\"WebPage\",\"@id\":\"https:\/\/www.tadano.com\/africa\/fr\/grues-pick-carry\/programmes-de-maintenance\/\",\"url\":\"https:\/\/www.tadano.com\/africa\/fr\/grues-pick-carry\/programmes-de-maintenance\/\",\"name\":\"Programmes de maintenance - Africa\",\"isPartOf\":{\"@id\":\"https:\/\/www.tadano.com\/africa\/fr\/#website\"},\"primaryImageOfPage\":{\"@id\":\"https:\/\/www.tadano.com\/africa\/fr\/grues-pick-carry\/programmes-de-maintenance\/#primaryimage\"},\"image\":{\"@id\":\"https:\/\/www.tadano.com\/africa\/fr\/grues-pick-carry\/programmes-de-maintenance\/#primaryimage\"},\"thumbnailUrl\":\"https:\/\/www.tadano.com\/africa\/wp-content\/uploads\/sites\/11\/2026\/02\/maintenance.png\",\"datePublished\":\"2026-01-13T15:33:31+00:00\",\"dateModified\":\"2026-03-24T12:39:40+00:00\",\"inLanguage\":\"fr-FR\",\"potentialAction\":[{\"@type\":\"ReadAction\",\"target\":[\"https:\/\/www.tadano.com\/africa\/fr\/grues-pick-carry\/programmes-de-maintenance\/\"]}]},{\"@type\":\"ImageObject\",\"inLanguage\":\"fr-FR\",\"@id\":\"https:\/\/www.tadano.com\/africa\/fr\/grues-pick-carry\/programmes-de-maintenance\/#primaryimage\",\"url\":\"https:\/\/www.tadano.com\/africa\/wp-content\/uploads\/sites\/11\/2026\/02\/maintenance.png\",\"contentUrl\":\"https:\/\/www.tadano.com\/africa\/wp-content\/uploads\/sites\/11\/2026\/02\/maintenance.png\"},{\"@type\":\"WebSite\",\"@id\":\"https:\/\/www.tadano.com\/africa\/fr\/#website\",\"url\":\"https:\/\/www.tadano.com\/africa\/fr\/\",\"name\":\"Africa\",\"description\":\"Just another TADANO EUROPE site\",\"potentialAction\":[{\"@type\":\"SearchAction\",\"target\":{\"@type\":\"EntryPoint\",\"urlTemplate\":\"https:\/\/www.tadano.com\/africa\/fr\/?s={search_term_string}\"},\"query-input\":\"required name=search_term_string\"}],\"inLanguage\":\"fr-FR\"}]}<\/script>\n<!-- \/ Yoast SEO plugin. -->","yoast_head_json":{"title":"Programmes de maintenance - Africa","robots":{"index":"index","follow":"follow","max-snippet":"max-snippet:-1","max-image-preview":"max-image-preview:large","max-video-preview":"max-video-preview:-1"},"canonical":"https:\/\/www.tadano.com\/africa\/fr\/grues-pick-carry\/programmes-de-maintenance\/","og_locale":"fr_FR","og_type":"article","og_title":"Programmes de maintenance - Africa","og_description":"Choisissez les programmes de maintenance Valla pour vos grues Pick &amp; Carry. Forts d\u2019une vaste exp\u00e9rience dans le secteur et d\u2019une connaissance approfondie des produits, nous assurons la maintenance de toute la gamme. Qu\u2019il s\u2019agisse d\u2019une r\u00e9paration mineure ou d\u2019une maintenance programm\u00e9e, vous pouvez compter sur nous pour un support rapide et efficace couvrant l\u2019ensemble [&hellip;]","og_url":"https:\/\/www.tadano.com\/africa\/fr\/grues-pick-carry\/programmes-de-maintenance\/","og_site_name":"Africa","article_modified_time":"2026-03-24T12:39:40+00:00","og_image":[{"url":"https:\/\/www.tadano.com\/africa\/wp-content\/uploads\/sites\/11\/2026\/02\/maintenance.png"}],"twitter_card":"summary_large_image","twitter_misc":{"Dur\u00e9e de lecture estim\u00e9e":"4 minutes"},"schema":{"@context":"https:\/\/schema.org","@graph":[{"@type":"WebPage","@id":"https:\/\/www.tadano.com\/africa\/fr\/grues-pick-carry\/programmes-de-maintenance\/","url":"https:\/\/www.tadano.com\/africa\/fr\/grues-pick-carry\/programmes-de-maintenance\/","name":"Programmes de maintenance - Africa","isPartOf":{"@id":"https:\/\/www.tadano.com\/africa\/fr\/#website"},"primaryImageOfPage":{"@id":"https:\/\/www.tadano.com\/africa\/fr\/grues-pick-carry\/programmes-de-maintenance\/#primaryimage"},"image":{"@id":"https:\/\/www.tadano.com\/africa\/fr\/grues-pick-carry\/programmes-de-maintenance\/#primaryimage"},"thumbnailUrl":"https:\/\/www.tadano.com\/africa\/wp-content\/uploads\/sites\/11\/2026\/02\/maintenance.png","datePublished":"2026-01-13T15:33:31+00:00","dateModified":"2026-03-24T12:39:40+00:00","inLanguage":"fr-FR","potentialAction":[{"@type":"ReadAction","target":["https:\/\/www.tadano.com\/africa\/fr\/grues-pick-carry\/programmes-de-maintenance\/"]}]},{"@type":"ImageObject","inLanguage":"fr-FR","@id":"https:\/\/www.tadano.com\/africa\/fr\/grues-pick-carry\/programmes-de-maintenance\/#primaryimage","url":"https:\/\/www.tadano.com\/africa\/wp-content\/uploads\/sites\/11\/2026\/02\/maintenance.png","contentUrl":"https:\/\/www.tadano.com\/africa\/wp-content\/uploads\/sites\/11\/2026\/02\/maintenance.png"},{"@type":"WebSite","@id":"https:\/\/www.tadano.com\/africa\/fr\/#website","url":"https:\/\/www.tadano.com\/africa\/fr\/","name":"Africa","description":"Just another TADANO EUROPE site","potentialAction":[{"@type":"SearchAction","target":{"@type":"EntryPoint","urlTemplate":"https:\/\/www.tadano.com\/africa\/fr\/?s={search_term_string}"},"query-input":"required name=search_term_string"}],"inLanguage":"fr-FR"}]}},"_links":{"self":[{"href":"https:\/\/www.tadano.com\/africa\/fr\/wp-json\/wp\/v2\/pages\/6151"}],"collection":[{"href":"https:\/\/www.tadano.com\/africa\/fr\/wp-json\/wp\/v2\/pages"}],"about":[{"href":"https:\/\/www.tadano.com\/africa\/fr\/wp-json\/wp\/v2\/types\/page"}],"author":[{"embeddable":true,"href":"https:\/\/www.tadano.com\/africa\/fr\/wp-json\/wp\/v2\/users\/3"}],"replies":[{"embeddable":true,"href":"https:\/\/www.tadano.com\/africa\/fr\/wp-json\/wp\/v2\/comments?post=6151"}],"version-history":[{"count":3,"href":"https:\/\/www.tadano.com\/africa\/fr\/wp-json\/wp\/v2\/pages\/6151\/revisions"}],"predecessor-version":[{"id":6584,"href":"https:\/\/www.tadano.com\/africa\/fr\/wp-json\/wp\/v2\/pages\/6151\/revisions\/6584"}],"up":[{"embeddable":true,"href":"https:\/\/www.tadano.com\/africa\/fr\/wp-json\/wp\/v2\/pages\/6144"}],"wp:attachment":[{"href":"https:\/\/www.tadano.com\/africa\/fr\/wp-json\/wp\/v2\/media?parent=6151"}],"curies":[{"name":"wp","href":"https:\/\/api.w.org\/{rel}","templated":true}]}}