{"id":13888,"date":"2021-08-24T14:58:06","date_gmt":"2021-08-24T14:58:06","guid":{"rendered":"https:\/\/www.tadano.com\/benelux\/spare-parts-tnl\/"},"modified":"2021-08-25T12:21:15","modified_gmt":"2021-08-25T12:21:15","slug":"spare-parts-tnl","status":"publish","type":"page","link":"https:\/\/www.tadano.com\/benelux\/de\/spare-parts-tnl\/","title":{"rendered":"Ersatzteile TNL"},"content":{"rendered":"\n\n\n<section class=\"hero-section\">\n\n\t\n\t\n\t\n\t<div class=\"img-holder \">\n\t\t\t\t<div class=\"bg-stretch\" style=\"background-position: 50% 50%; \">\n\t\t\t<span data-srcset=\"https:\/\/assets.onewww.tadano.com\/celum_assets\/hero\/Lager_Lauf_web-2.jpg, https:\/\/assets.onewww.tadano.com\/celum_assets\/hero-2x\/Lager_Lauf_web-2.jpg 2x\"><\/span>\n\t\t<\/div>\n\t\t\t\t\t\t<div class=\"logo green-solutions\" style=\"display:none;\">\n\t\t\t<a href=\"#\"><img decoding=\"async\" src=\"https:\/\/www.tadano.com\/benelux\/wp-content\/themes\/tadano\/assets\/dist\/images\/Green-Solutions_Logo_White.svg\"><\/a>\n\t\t<\/div>\n\t<\/div>\n\t<div class=\"container\">\n\t\t<div class=\"text-holder \">\n\t\t\t<div class=\"wrap\">\n\t\t\t\t\n\t\t\t\t<ul class=\"breadcrumbs\"><li><a href=\"https:\/\/www.tadano.com\/benelux\/de\/\">Startseite<\/a><\/li><\/ul>\n\t\t\t\t\n\n<h1 class=\"wp-block-heading\">Ersatzteile<\/h1>\n\n\n\n<p>Um die Kontinuit\u00e4t des Maschinenparks seiner Abnehmer sicherstellen zu k\u00f6nnen, liefert Tadano Nederland \u00fcber 8000 Tadano-Einzelteile aus dem Bestand. Neben Fenstern, Luft- und \u00d6lfiltern, diversen elektrischen Ersatzteilen, Ventilbl\u00f6cken und Drehdurchf\u00fchrungen sind auch immer \u00fcberarbeitete Ersatzteile verschiedener Typen von Tadano-Teleskopkr\u00e4nen auf Vorrat da.<\/p>\n\n\n\n\t\t\t\t\n\t\t\t<\/div>\n\n\t\t\t\n\t\t\t\n\t\t\t\n\t\t<\/div>\n\t<\/div>\n<\/section>\n\n\n<div class=\"wp-block-group is-style-background-triangle-right has-white-color has-dark-blue-background-color has-text-color has-background\"><div class=\"wp-block-group__inner-container is-layout-flow wp-block-group-is-layout-flow\">\n<div class=\"wp-block-columns is-layout-flex wp-container-core-columns-layout-1 wp-block-columns-is-layout-flex\">\n<div class=\"wp-block-column is-layout-flow wp-block-column-is-layout-flow\" style=\"flex-basis:33.33%\">\n<h2 class=\"wp-block-heading\">Ersatzteile suchen<\/h2>\n\n\n\n<p>Alle Ersatzteile sind telefonisch (+31 299-390055) zu bestellen. Wir empfehlen Ihnen erst die Ersatzteilnummern im Ersatzteilebuch nachzusehen sowie Seriennummer und Typ des Krans griffbereit zu haben, bevor Sie eine Bestellung aufgeben. So k\u00f6nnen Sie schnell bestellen und Missverst\u00e4ndnisse vermeiden.<\/p>\n\n\n\n<div style=\"height:75px\" aria-hidden=\"true\" class=\"wp-block-spacer\"><\/div>\n\n\n\n<h2 class=\"wp-block-heading\">momentane Lagerbest\u00e4nde<\/h2>\n\n\n\n<div class=\"wp-block-buttons is-layout-flex wp-block-buttons-is-layout-flex\">\n<div class=\"wp-block-button is-style-text-only\"><a class=\"wp-block-button__link\" href=\"https:\/\/www.tadano.com\/benelux\/wp-content\/uploads\/sites\/8\/2021\/08\/Stocklist_used_spareparts.pdf\">Gebrauchte Teile<\/a><\/div>\n<\/div>\n\n\n\n<div class=\"wp-block-buttons is-layout-flex wp-block-buttons-is-layout-flex\">\n<div class=\"wp-block-button is-style-text-only\"><a class=\"wp-block-button__link\" href=\"https:\/\/www.tadano.com\/benelux\/wp-content\/uploads\/sites\/8\/2021\/08\/Stocklist_used_spareparts.pdf\">Teile Auslegerverl\u00e4ngerung<\/a><\/div>\n<\/div>\n\n\n\n<div class=\"wp-block-buttons is-layout-flex wp-block-buttons-is-layout-flex\">\n<div class=\"wp-block-button is-style-text-only\"><a class=\"wp-block-button__link\" href=\"https:\/\/www.tadano.com\/benelux\/wp-content\/uploads\/sites\/8\/2021\/08\/Stocklist_used_spareparts.pdf\">Alte ersatzteile<\/a><\/div>\n<\/div>\n\n\n\n<div class=\"wp-block-buttons is-layout-flex wp-block-buttons-is-layout-flex\">\n<div class=\"wp-block-button is-style-text-only\"><a class=\"wp-block-button__link\" href=\"https:\/\/www.tadano.com\/benelux\/wp-content\/uploads\/sites\/8\/2021\/08\/Stocklist_used_spareparts.pdf\">\u00dcberholte Teile<\/a><\/div>\n<\/div>\n\n\n\n<div class=\"wp-block-buttons is-layout-flex wp-block-buttons-is-layout-flex\">\n<div class=\"wp-block-button is-style-text-only\"><a class=\"wp-block-button__link\" href=\"https:\/\/www.tadano.com\/benelux\/wp-content\/uploads\/sites\/8\/2021\/08\/Stocklist_exchange_spareparts.pdf\">Austausch Teile<\/a><\/div>\n<\/div>\n\n\n\n<div class=\"wp-block-buttons is-layout-flex wp-block-buttons-is-layout-flex\">\n<div class=\"wp-block-button\"><a class=\"wp-block-button__link\"><\/a><\/div>\n<\/div>\n<\/div>\n\n\n\n<div class=\"wp-block-column is-layout-flow wp-block-column-is-layout-flow\" style=\"flex-basis:66.66%\"><div class=\"links-block-wrapper\">\n  <div class=\"container\">\n    <section class=\"links-block\">\n              <div class=\"links-block\">\n                                  <div class=\"link-single  \">\n                              <a href=\"https:\/\/www.tadano.com\/benelux\/de\/spare-parts-tnl\/engines\/\">\n                               \n                                  <strong class='title'>Motoren<\/strong>\n                                                  <p>Unser Bestand an Motoren.<\/p>\n                              <\/a>\n            <\/div>\n                                  <div class=\"link-single  \">\n                              <a href=\"https:\/\/www.tadano.com\/benelux\/de\/spare-parts-tnl\/gearboxes\/\">\n                               \n                                  <strong class='title'>Getriebe<\/strong>\n                                                  <p>Unser Bestand an Getrieben.<\/p>\n                              <\/a>\n            <\/div>\n                                  <div class=\"link-single  \">\n                              <a href=\"https:\/\/www.tadano.com\/benelux\/de\/spare-parts-tnl\/jibs\/\">\n                               \n                                  <strong class='title'>Auslegerverl\u00e4ngerungen<\/strong>\n                                                  <p>Unser Bestand an Auslegerverl\u00e4ngerungen.<\/p>\n                              <\/a>\n            <\/div>\n                                  <div class=\"link-single  \">\n                              <a href=\"https:\/\/www.tadano.com\/benelux\/de\/spare-parts-tnl\/hookblocks\/\">\n                               \n                                  <strong class='title'>Hakenflaschen<\/strong>\n                                                  <p>Unser Bestand an Hakenflaschen.<\/p>\n                              <\/a>\n            <\/div>\n                                  <div class=\"link-single  \">\n                              <a href=\"https:\/\/www.tadano.com\/benelux\/de\/spare-parts-tnl\/miscellaneous\/\">\n                               \n                                  <strong class='title'>Verschiedenes<\/strong>\n                                                  <p>Unser Bestand an verschiedenen Ersatzteilen.<\/p>\n                              <\/a>\n            <\/div>\n                  <\/div>\n                    \n    <\/section>\n  <\/div>\n<\/div><\/div>\n<\/div>\n<\/div><\/div>\n\n\n\n    <section class=\"news-section\">\n\n    <div class=\"container\">\n      <div class=\"text-block\">\n        <h2>News<\/h2>\n                        \n                  <a href=\"https:\/\/www.tadano.com\/benelux\/de\/newsletter\/\" class=\"link-more\">Alle News<\/a>\n        \n\n                <div class=\"controls\">\n          <svg width=\"14\" height=\"31\" viewBox=\"0 0 14 31\" fill=\"none\" xmlns=\"http:\/\/www.w3.org\/2000\/svg\">\n           <path d=\"M13 1L1 15.5L13 30\" stroke=\"#fff\"\/>\n          <\/svg>\n          <svg width=\"15\" height=\"31\" viewBox=\"0 0 15 31\" fill=\"none\" xmlns=\"http:\/\/www.w3.org\/2000\/svg\">\n           <path d=\"M1 1L14 15.5L1 30\" stroke=\"#fff\"\/>\n          <\/svg>\n        <\/div>\n        \n\n        \n      <\/div>\n      <div class=\"slick-slider simple-slider\">\n                              <div>\n              <div class=\"news-single\">\n                <a href=\"https:\/\/www.tadano.com\/benelux\/de\/news\/ac-7-450-fuer-wiesbauer\/\">\n                  <strong class=\"title\">AC 7.450-1 f\u00fcr Wiesbauer<\/strong>\n                  <ul class=\"meta\">\n                    <li>Ver\u00f6ffentlichung<\/li>\n                    <li><time datetime=\"2020-01-01\">Apr.\/13\/2026<\/time><\/li>\n                  <\/ul>\n                <\/a>\n              <\/div>\n            <\/div>\n                      <div>\n              <div class=\"news-single\">\n                <a href=\"https:\/\/www.tadano.com\/benelux\/de\/news\/zwei-ac-fuer-talleres-y-gruas-estacion\/\">\n                  <strong class=\"title\">Zwei AC f\u00fcr Talleres y Gr\u00faas Estaci\u00f3n<\/strong>\n                  <ul class=\"meta\">\n                    <li>Ver\u00f6ffentlichung<\/li>\n                    <li><time datetime=\"2020-01-01\">Apr.\/02\/2026<\/time><\/li>\n                  <\/ul>\n                <\/a>\n              <\/div>\n            <\/div>\n                      <div>\n              <div class=\"news-single\">\n                <a href=\"https:\/\/www.tadano.com\/benelux\/de\/news\/heytadano-upgrades\/\">\n                  <strong class=\"title\">heyTadano Upgrades<\/strong>\n                  <ul class=\"meta\">\n                    <li>Ver\u00f6ffentlichung<\/li>\n                    <li><time datetime=\"2020-01-01\">M\u00e4rz\/26\/2026<\/time><\/li>\n                  <\/ul>\n                <\/a>\n              <\/div>\n            <\/div>\n                      <div>\n              <div class=\"news-single\">\n                <a href=\"https:\/\/www.tadano.com\/benelux\/de\/news\/vier-tadano-krane-fuer-steil\/\">\n                  <strong class=\"title\">Vier Tadano Krane f\u00fcr Steil<\/strong>\n                  <ul class=\"meta\">\n                    <li>Ver\u00f6ffentlichung<\/li>\n                    <li><time datetime=\"2020-01-01\">M\u00e4rz\/17\/2026<\/time><\/li>\n                  <\/ul>\n                <\/a>\n              <\/div>\n            <\/div>\n                      <div>\n              <div class=\"news-single\">\n                <a href=\"https:\/\/www.tadano.com\/benelux\/de\/news\/adekma-uebernimmt-ac-7-450-1\/\">\n                  <strong class=\"title\">ADEKMA \u00fcbernimmt AC 7.450-1<\/strong>\n                  <ul class=\"meta\">\n                    <li>Ver\u00f6ffentlichung<\/li>\n                    <li><time datetime=\"2020-01-01\">Feb.\/24\/2026<\/time><\/li>\n                  <\/ul>\n                <\/a>\n              <\/div>\n            <\/div>\n                      <div>\n              <div class=\"news-single\">\n                <a href=\"https:\/\/www.tadano.com\/benelux\/de\/news\/tadano-feiert-richtfest-fur-neues-europaisches-ersatzteilzentrum-in-lauf\/\">\n                  <strong class=\"title\">Tadano feiert Richtfest f\u00fcr neues europ\u00e4isches Ersatzteilzentrum in Lauf<\/strong>\n                  <ul class=\"meta\">\n                    <li>Ver\u00f6ffentlichung<\/li>\n                    <li><time datetime=\"2020-01-01\">Feb.\/10\/2026<\/time><\/li>\n                  <\/ul>\n                <\/a>\n              <\/div>\n            <\/div>\n                      <div>\n              <div class=\"news-single\">\n                <a href=\"https:\/\/www.tadano.com\/benelux\/de\/news\/akm-uebernimmt-ac-7-450-1\/\">\n                  <strong class=\"title\">AKM \u00fcbernimmt AC 7.450-1<\/strong>\n                  <ul class=\"meta\">\n                    <li>Ver\u00f6ffentlichung<\/li>\n                    <li><time datetime=\"2020-01-01\">Jan.\/30\/2026<\/time><\/li>\n                  <\/ul>\n                <\/a>\n              <\/div>\n            <\/div>\n                      <div>\n              <div class=\"news-single\">\n                <a href=\"https:\/\/www.tadano.com\/benelux\/de\/news\/autokrane-schares-baut-city-kran-flotte-mit-neuem-tadano-ac-3-045-1-city-aus\/\">\n                  <strong class=\"title\">Autokrane Schares baut City-Kran-Flotte mit neuem Tadano AC 3.045-1 City aus<\/strong>\n                  <ul class=\"meta\">\n                    <li>Ver\u00f6ffentlichung<\/li>\n                    <li><time datetime=\"2020-01-01\">Dez.\/17\/2025<\/time><\/li>\n                  <\/ul>\n                <\/a>\n              <\/div>\n            <\/div>\n                      <div>\n              <div class=\"news-single\">\n                <a href=\"https:\/\/www.tadano.com\/benelux\/de\/news\/allen-crane-hire-uebernimmt-tadano-ac-4-100l-1-all-terrain-kran\/\">\n                  <strong class=\"title\">Allen Crane Hire \u00fcbernimmt Tadano AC 4.100L-1 All-Terrain Kran<\/strong>\n                  <ul class=\"meta\">\n                    <li>Ver\u00f6ffentlichung<\/li>\n                    <li><time datetime=\"2020-01-01\">Dez.\/05\/2025<\/time><\/li>\n                  <\/ul>\n                <\/a>\n              <\/div>\n            <\/div>\n                      <div>\n              <div class=\"news-single\">\n                <a href=\"https:\/\/www.tadano.com\/benelux\/de\/news\/sarens-ebnet-kraftwerksschornstein-mit-tadano-cc-38-650-1\/\">\n                  <strong class=\"title\">Sarens ebnet Kraftwerksschornstein mit Tadano CC 38.650-1<\/strong>\n                  <ul class=\"meta\">\n                    <li>Ver\u00f6ffentlichung<\/li>\n                    <li><time datetime=\"2020-01-01\">Nov.\/19\/2025<\/time><\/li>\n                  <\/ul>\n                <\/a>\n              <\/div>\n            <\/div>\n                        <\/div>\n    <\/div>\n  <\/section>\n  \n\n\n<p><\/p>\n","protected":false},"excerpt":{"rendered":"<p>Ersatzteile suchen Alle Ersatzteile sind telefonisch (+31 299-390055) zu bestellen. Wir empfehlen Ihnen erst die Ersatzteilnummern im Ersatzteilebuch nachzusehen sowie Seriennummer und Typ des Krans griffbereit zu haben, bevor Sie eine Bestellung aufgeben. So k\u00f6nnen Sie schnell bestellen und Missverst\u00e4ndnisse vermeiden. momentane Lagerbest\u00e4nde<\/p>\n","protected":false},"author":1,"featured_media":0,"parent":0,"menu_order":0,"comment_status":"closed","ping_status":"closed","template":"","meta":{"_acf_changed":false,"footnotes":""},"acf":[],"yoast_head":"<!-- This site is optimized with the Yoast SEO plugin v22.3 - https:\/\/yoast.com\/wordpress\/plugins\/seo\/ -->\n<title>Ersatzteile TNL - Benelux<\/title>\n<meta name=\"robots\" content=\"index, follow, max-snippet:-1, max-image-preview:large, max-video-preview:-1\" \/>\n<link rel=\"canonical\" href=\"https:\/\/www.tadano.com\/benelux\/de\/spare-parts-tnl\/\" \/>\n<meta property=\"og:locale\" content=\"de_DE\" \/>\n<meta property=\"og:type\" content=\"article\" \/>\n<meta property=\"og:title\" content=\"Ersatzteile TNL - Benelux\" \/>\n<meta property=\"og:description\" content=\"Ersatzteile suchen Alle Ersatzteile sind telefonisch (+31 299-390055) zu bestellen. Wir empfehlen Ihnen erst die Ersatzteilnummern im Ersatzteilebuch nachzusehen sowie Seriennummer und Typ des Krans griffbereit zu haben, bevor Sie eine Bestellung aufgeben. So k\u00f6nnen Sie schnell bestellen und Missverst\u00e4ndnisse vermeiden. momentane Lagerbest\u00e4nde\" \/>\n<meta property=\"og:url\" content=\"https:\/\/www.tadano.com\/benelux\/de\/spare-parts-tnl\/\" \/>\n<meta property=\"og:site_name\" content=\"Benelux\" \/>\n<meta property=\"article:modified_time\" content=\"2021-08-25T12:21:15+00:00\" \/>\n<meta name=\"twitter:card\" content=\"summary_large_image\" \/>\n<meta name=\"twitter:label1\" content=\"Gesch\u00e4tzte Lesezeit\" \/>\n\t<meta name=\"twitter:data1\" content=\"1\u00a0Minute\" \/>\n<script type=\"application\/ld+json\" class=\"yoast-schema-graph\">{\"@context\":\"https:\/\/schema.org\",\"@graph\":[{\"@type\":\"WebPage\",\"@id\":\"https:\/\/www.tadano.com\/benelux\/de\/spare-parts-tnl\/\",\"url\":\"https:\/\/www.tadano.com\/benelux\/de\/spare-parts-tnl\/\",\"name\":\"Ersatzteile TNL - Benelux\",\"isPartOf\":{\"@id\":\"https:\/\/www.tadano.com\/benelux\/en\/#website\"},\"datePublished\":\"2021-08-24T14:58:06+00:00\",\"dateModified\":\"2021-08-25T12:21:15+00:00\",\"inLanguage\":\"de\",\"potentialAction\":[{\"@type\":\"ReadAction\",\"target\":[\"https:\/\/www.tadano.com\/benelux\/de\/spare-parts-tnl\/\"]}]},{\"@type\":\"WebSite\",\"@id\":\"https:\/\/www.tadano.com\/benelux\/en\/#website\",\"url\":\"https:\/\/www.tadano.com\/benelux\/en\/\",\"name\":\"Benelux\",\"description\":\"Just another TADANO EUROPE site\",\"potentialAction\":[{\"@type\":\"SearchAction\",\"target\":{\"@type\":\"EntryPoint\",\"urlTemplate\":\"https:\/\/www.tadano.com\/benelux\/en\/?s={search_term_string}\"},\"query-input\":\"required name=search_term_string\"}],\"inLanguage\":\"de\"}]}<\/script>\n<!-- \/ Yoast SEO plugin. -->","yoast_head_json":{"title":"Ersatzteile TNL - Benelux","robots":{"index":"index","follow":"follow","max-snippet":"max-snippet:-1","max-image-preview":"max-image-preview:large","max-video-preview":"max-video-preview:-1"},"canonical":"https:\/\/www.tadano.com\/benelux\/de\/spare-parts-tnl\/","og_locale":"de_DE","og_type":"article","og_title":"Ersatzteile TNL - Benelux","og_description":"Ersatzteile suchen Alle Ersatzteile sind telefonisch (+31 299-390055) zu bestellen. Wir empfehlen Ihnen erst die Ersatzteilnummern im Ersatzteilebuch nachzusehen sowie Seriennummer und Typ des Krans griffbereit zu haben, bevor Sie eine Bestellung aufgeben. So k\u00f6nnen Sie schnell bestellen und Missverst\u00e4ndnisse vermeiden. momentane Lagerbest\u00e4nde","og_url":"https:\/\/www.tadano.com\/benelux\/de\/spare-parts-tnl\/","og_site_name":"Benelux","article_modified_time":"2021-08-25T12:21:15+00:00","twitter_card":"summary_large_image","twitter_misc":{"Gesch\u00e4tzte Lesezeit":"1\u00a0Minute"},"schema":{"@context":"https:\/\/schema.org","@graph":[{"@type":"WebPage","@id":"https:\/\/www.tadano.com\/benelux\/de\/spare-parts-tnl\/","url":"https:\/\/www.tadano.com\/benelux\/de\/spare-parts-tnl\/","name":"Ersatzteile TNL - Benelux","isPartOf":{"@id":"https:\/\/www.tadano.com\/benelux\/en\/#website"},"datePublished":"2021-08-24T14:58:06+00:00","dateModified":"2021-08-25T12:21:15+00:00","inLanguage":"de","potentialAction":[{"@type":"ReadAction","target":["https:\/\/www.tadano.com\/benelux\/de\/spare-parts-tnl\/"]}]},{"@type":"WebSite","@id":"https:\/\/www.tadano.com\/benelux\/en\/#website","url":"https:\/\/www.tadano.com\/benelux\/en\/","name":"Benelux","description":"Just another TADANO EUROPE site","potentialAction":[{"@type":"SearchAction","target":{"@type":"EntryPoint","urlTemplate":"https:\/\/www.tadano.com\/benelux\/en\/?s={search_term_string}"},"query-input":"required name=search_term_string"}],"inLanguage":"de"}]}},"_links":{"self":[{"href":"https:\/\/www.tadano.com\/benelux\/de\/wp-json\/wp\/v2\/pages\/13888"}],"collection":[{"href":"https:\/\/www.tadano.com\/benelux\/de\/wp-json\/wp\/v2\/pages"}],"about":[{"href":"https:\/\/www.tadano.com\/benelux\/de\/wp-json\/wp\/v2\/types\/page"}],"author":[{"embeddable":true,"href":"https:\/\/www.tadano.com\/benelux\/de\/wp-json\/wp\/v2\/users\/1"}],"replies":[{"embeddable":true,"href":"https:\/\/www.tadano.com\/benelux\/de\/wp-json\/wp\/v2\/comments?post=13888"}],"version-history":[{"count":4,"href":"https:\/\/www.tadano.com\/benelux\/de\/wp-json\/wp\/v2\/pages\/13888\/revisions"}],"predecessor-version":[{"id":13934,"href":"https:\/\/www.tadano.com\/benelux\/de\/wp-json\/wp\/v2\/pages\/13888\/revisions\/13934"}],"wp:attachment":[{"href":"https:\/\/www.tadano.com\/benelux\/de\/wp-json\/wp\/v2\/media?parent=13888"}],"curies":[{"name":"wp","href":"https:\/\/api.w.org\/{rel}","templated":true}]}}