{"id":13899,"date":"2021-08-24T16:03:01","date_gmt":"2021-08-24T16:03:01","guid":{"rendered":"https:\/\/www.tadano.com\/benelux\/spare-parts-tnl\/gearboxes\/"},"modified":"2025-06-23T08:10:42","modified_gmt":"2025-06-23T08:10:42","slug":"gearboxes","status":"publish","type":"page","link":"https:\/\/www.tadano.com\/benelux\/de\/spare-parts-tnl\/gearboxes\/","title":{"rendered":"Getriebe"},"content":{"rendered":"\n\n\n<section class=\"hero-section\">\n\n\t\n\t\n\t\n\t<div class=\"img-holder \">\n\t\t\t\t<div class=\"bg-stretch\" style=\"background-position: 50% 50%; \">\n\t\t\t<span data-srcset=\"https:\/\/assets.onetadano.com\/celum_assets\/hero\/Lager_Lauf_web-2.jpg, https:\/\/assets.onetadano.com\/celum_assets\/hero-2x\/Lager_Lauf_web-2.jpg 2x\"><\/span>\n\t\t<\/div>\n\t\t\t\t\t\t<div class=\"logo green-solutions\" style=\"display:none;\">\n\t\t\t<a href=\"#\"><img decoding=\"async\" src=\"https:\/\/www.tadano.com\/benelux\/wp-content\/themes\/tadano\/assets\/dist\/images\/Green-Solutions_Logo_White.svg\"><\/a>\n\t\t<\/div>\n\t<\/div>\n\t<div class=\"container\">\n\t\t<div class=\"text-holder \">\n\t\t\t<div class=\"wrap\">\n\t\t\t\t\n\t\t\t\t<ul class=\"breadcrumbs\"><li><a href=\"https:\/\/www.tadano.com\/benelux\/de\/\">Startseite<\/a><\/li><\/ul>\n\t\t\t\t\n\n<h1 class=\"wp-block-heading\">Getriebe<\/h1>\n\n\n\n<p>Um die Kontinuit\u00e4t des Maschinenparks seiner Abnehmer sicherstellen zu k\u00f6nnen, liefert Tadano Nederland \u00fcber 8000 Tadano-Einzelteile aus dem Bestand. Neben Fenstern, Luft- und \u00d6lfiltern, diversen elektrischen Ersatzteilen, Ventilbl\u00f6cken und Drehdurchf\u00fchrungen sind auch immer \u00fcberarbeitete Ersatzteile verschiedener Typen von Tadano-Teleskopkr\u00e4nen auf Vorrat da.<\/p>\n\n\n\n\t\t\t\t\n\t\t\t<\/div>\n\n\t\t\t\n\t\t\t\n\t\t\t\n\t\t<\/div>\n\t<\/div>\n<\/section>\n\n\n<div class=\"wp-block-group is-style-background-triangle-right has-white-color has-dark-blue-background-color has-text-color has-background is-layout-flow wp-block-group-is-layout-flow\"><div class=\"wp-block-group__inner-container\"><section class=\"spare-parts-list\">\n  <div class=\"container\">\n    <div class=\"cards\">\n                  <div class=\"news-single part-single\">\n              <a data-fancybox=\"gallery_1\" href=\"https:\/\/www.tadano.com\/benelux\/wp-content\/uploads\/sites\/8\/2021\/08\/Versnellingsbak-Allison-HD4560-99707779809-R-1.jpg\" >\n                <div class=\"img-holder\">\n                                      <div class=\"bg-stretch\" style=\"background-image: url(https:\/\/www.tadano.com\/benelux\/wp-content\/uploads\/sites\/8\/2021\/08\/Versnellingsbak-Allison-HD4560-99707779809-R-1-560x560.jpg);\"><\/div>\n                                  <\/div>\n                <div class=\"desc\">\n                  <strong class=\"title\">Allison HD4560<\/strong>\n                  <ul class=\"meta\">\n                    <li>99707779809-R Allison HD4560 TID003&nbsp;<\/li>\n                  <\/ul>\n                <\/div>\n              <\/a>\n              <div class=\"gallery-container\">\n                                                                <\/div>\n            <\/div>\n                        <div class=\"news-single part-single\">\n              <a data-fancybox=\"gallery_2\" href=\"https:\/\/www.tadano.com\/benelux\/wp-content\/uploads\/sites\/8\/2021\/08\/Versnellingsbak-Allison-HD4560-99707781526-R.jpg\" >\n                <div class=\"img-holder\">\n                                      <div class=\"bg-stretch\" style=\"background-image: url(https:\/\/www.tadano.com\/benelux\/wp-content\/uploads\/sites\/8\/2021\/08\/Versnellingsbak-Allison-HD4560-99707781526-R-560x560.jpg);\"><\/div>\n                                  <\/div>\n                <div class=\"desc\">\n                  <strong class=\"title\">Allison HD4560<\/strong>\n                  <ul class=\"meta\">\n                    <li>99707781526-R Allison HD4560 TID3&nbsp;<\/li>\n                  <\/ul>\n                <\/div>\n              <\/a>\n              <div class=\"gallery-container\">\n                                                                <\/div>\n            <\/div>\n                        <div class=\"news-single part-single\">\n              <a data-fancybox=\"gallery_3\" href=\"https:\/\/www.tadano.com\/benelux\/wp-content\/uploads\/sites\/8\/2021\/08\/Versnellingsbak-Steyr-VG-1200.7124.011-99707098389-1.jpg\" >\n                <div class=\"img-holder\">\n                                      <div class=\"bg-stretch\" style=\"background-image: url(https:\/\/www.tadano.com\/benelux\/wp-content\/uploads\/sites\/8\/2021\/08\/Versnellingsbak-Steyr-VG-1200.7124.011-99707098389-1-560x560.jpg);\"><\/div>\n                                  <\/div>\n                <div class=\"desc\">\n                  <strong class=\"title\">Steyr VG 1200<\/strong>\n                  <ul class=\"meta\">\n                    <li>99707098389 Steyr VG 1200.7124.011&nbsp;<\/li>\n                  <\/ul>\n                <\/div>\n              <\/a>\n              <div class=\"gallery-container\">\n                                                                <\/div>\n            <\/div>\n                        <div class=\"news-single part-single\">\n              <a data-fancybox=\"gallery_4\" href=\"https:\/\/www.tadano.com\/benelux\/wp-content\/uploads\/sites\/8\/2021\/08\/Versnellingsbak-ZF-12AS2302-99707007324-R.jpg\" >\n                <div class=\"img-holder\">\n                                      <div class=\"bg-stretch\" style=\"background-image: url(https:\/\/www.tadano.com\/benelux\/wp-content\/uploads\/sites\/8\/2021\/08\/Versnellingsbak-ZF-12AS2302-99707007324-R-560x560.jpg);\"><\/div>\n                                  <\/div>\n                <div class=\"desc\">\n                  <strong class=\"title\">ZF 99707007324-R<\/strong>\n                  <ul class=\"meta\">\n                    <li>99707007324-R ZF AS-Tronic 12AS2302&nbsp;<\/li>\n                  <\/ul>\n                <\/div>\n              <\/a>\n              <div class=\"gallery-container\">\n                                                                <\/div>\n            <\/div>\n                        <div class=\"news-single part-single\">\n              <a data-fancybox=\"gallery_5\" href=\"https:\/\/www.tadano.com\/benelux\/wp-content\/uploads\/sites\/8\/2021\/08\/Versnellingsbak-ZF-12AS2535-99707007484-R.jpg\" >\n                <div class=\"img-holder\">\n                                      <div class=\"bg-stretch\" style=\"background-image: url(https:\/\/www.tadano.com\/benelux\/wp-content\/uploads\/sites\/8\/2021\/08\/Versnellingsbak-ZF-12AS2535-99707007484-R-560x560.jpg);\"><\/div>\n                                  <\/div>\n                <div class=\"desc\">\n                  <strong class=\"title\">ZF 99707007484-R<\/strong>\n                  <ul class=\"meta\">\n                    <li>99707007484-R ZF AS-Tronic 12AS2535&nbsp;<\/li>\n                  <\/ul>\n                <\/div>\n              <\/a>\n              <div class=\"gallery-container\">\n                                                                <\/div>\n            <\/div>\n                        <div class=\"news-single part-single\">\n              <a data-fancybox=\"gallery_6\" href=\"https:\/\/www.tadano.com\/benelux\/wp-content\/uploads\/sites\/8\/2021\/08\/99707098090-R.jpg\" >\n                <div class=\"img-holder\">\n                                      <div class=\"bg-stretch\" style=\"background-image: url(https:\/\/www.tadano.com\/benelux\/wp-content\/uploads\/sites\/8\/2021\/08\/99707098090-R-560x560.jpg);\"><\/div>\n                                  <\/div>\n                <div class=\"desc\">\n                  <strong class=\"title\">ZF 99707098090-R<\/strong>\n                  <ul class=\"meta\">\n                    <li>99707098090-R ZF 6WG200 4644.026.210&nbsp;<\/li>\n                  <\/ul>\n                <\/div>\n              <\/a>\n              <div class=\"gallery-container\">\n                                                                <\/div>\n            <\/div>\n                        <div class=\"news-single part-single\">\n              <a data-fancybox=\"gallery_7\" href=\"\" >\n                <div class=\"img-holder\">\n                                  <\/div>\n                <div class=\"desc\">\n                  <strong class=\"title\">ZF 99707098419-R<\/strong>\n                  <ul class=\"meta\">\n                    <li>99707098419-R ZF 6WG200 4644.026.052&nbsp;<\/li>\n                  <\/ul>\n                <\/div>\n              <\/a>\n              <div class=\"gallery-container\">\n                              <\/div>\n            <\/div>\n                        <div class=\"news-single part-single\">\n              <a data-fancybox=\"gallery_8\" href=\"https:\/\/www.tadano.com\/benelux\/wp-content\/uploads\/sites\/8\/2021\/08\/99707098423-R.jpg\" >\n                <div class=\"img-holder\">\n                                      <div class=\"bg-stretch\" style=\"background-image: url(https:\/\/www.tadano.com\/benelux\/wp-content\/uploads\/sites\/8\/2021\/08\/99707098423-R-560x560.jpg);\"><\/div>\n                                  <\/div>\n                <div class=\"desc\">\n                  <strong class=\"title\">ZF 99707098423-R<\/strong>\n                  <ul class=\"meta\">\n                    <li>99707098423-R ZF 6WG200 4644.026.096&nbsp;<\/li>\n                  <\/ul>\n                <\/div>\n              <\/a>\n              <div class=\"gallery-container\">\n                                                                <\/div>\n            <\/div>\n                <\/div>\n  <\/div>\n<\/section>\n<\/div><\/div>\n\n\n\n    <section class=\"news-section\">\n\n    <div class=\"container\">\n      <div class=\"text-block\">\n        <h2>News<\/h2>\n                        \n                  <a href=\"https:\/\/www.tadano.com\/benelux\/de\/newsletter\/\" class=\"link-more\">Alle News<\/a>\n        \n\n                <div class=\"controls\">\n          <svg width=\"14\" height=\"31\" viewBox=\"0 0 14 31\" fill=\"none\" xmlns=\"http:\/\/www.w3.org\/2000\/svg\">\n           <path d=\"M13 1L1 15.5L13 30\" stroke=\"#fff\"\/>\n          <\/svg>\n          <svg width=\"15\" height=\"31\" viewBox=\"0 0 15 31\" fill=\"none\" xmlns=\"http:\/\/www.w3.org\/2000\/svg\">\n           <path d=\"M1 1L14 15.5L1 30\" stroke=\"#fff\"\/>\n          <\/svg>\n        <\/div>\n        \n\n        \n      <\/div>\n      <div class=\"slick-slider simple-slider\">\n                              <div>\n              <div class=\"news-single\">\n                <a href=\"https:\/\/www.tadano.com\/benelux\/de\/news\/ac-7-450-fuer-wiesbauer\/\">\n                  <strong class=\"title\">AC 7.450-1 f\u00fcr Wiesbauer<\/strong>\n                  <ul class=\"meta\">\n                    <li>Ver\u00f6ffentlichung<\/li>\n                    <li><time datetime=\"2020-01-01\">Apr.\/13\/2026<\/time><\/li>\n                  <\/ul>\n                <\/a>\n              <\/div>\n            <\/div>\n                      <div>\n              <div class=\"news-single\">\n                <a href=\"https:\/\/www.tadano.com\/benelux\/de\/news\/zwei-ac-fuer-talleres-y-gruas-estacion\/\">\n                  <strong class=\"title\">Zwei AC f\u00fcr Talleres y Gr\u00faas Estaci\u00f3n<\/strong>\n                  <ul class=\"meta\">\n                    <li>Ver\u00f6ffentlichung<\/li>\n                    <li><time datetime=\"2020-01-01\">Apr.\/02\/2026<\/time><\/li>\n                  <\/ul>\n                <\/a>\n              <\/div>\n            <\/div>\n                      <div>\n              <div class=\"news-single\">\n                <a href=\"https:\/\/www.tadano.com\/benelux\/de\/news\/heytadano-upgrades\/\">\n                  <strong class=\"title\">heyTadano Upgrades<\/strong>\n                  <ul class=\"meta\">\n                    <li>Ver\u00f6ffentlichung<\/li>\n                    <li><time datetime=\"2020-01-01\">M\u00e4rz\/26\/2026<\/time><\/li>\n                  <\/ul>\n                <\/a>\n              <\/div>\n            <\/div>\n                      <div>\n              <div class=\"news-single\">\n                <a href=\"https:\/\/www.tadano.com\/benelux\/de\/news\/vier-tadano-krane-fuer-steil\/\">\n                  <strong class=\"title\">Vier Tadano Krane f\u00fcr Steil<\/strong>\n                  <ul class=\"meta\">\n                    <li>Ver\u00f6ffentlichung<\/li>\n                    <li><time datetime=\"2020-01-01\">M\u00e4rz\/17\/2026<\/time><\/li>\n                  <\/ul>\n                <\/a>\n              <\/div>\n            <\/div>\n                      <div>\n              <div class=\"news-single\">\n                <a href=\"https:\/\/www.tadano.com\/benelux\/de\/news\/adekma-uebernimmt-ac-7-450-1\/\">\n                  <strong class=\"title\">ADEKMA \u00fcbernimmt AC 7.450-1<\/strong>\n                  <ul class=\"meta\">\n                    <li>Ver\u00f6ffentlichung<\/li>\n                    <li><time datetime=\"2020-01-01\">Feb.\/24\/2026<\/time><\/li>\n                  <\/ul>\n                <\/a>\n              <\/div>\n            <\/div>\n                      <div>\n              <div class=\"news-single\">\n                <a href=\"https:\/\/www.tadano.com\/benelux\/de\/news\/tadano-feiert-richtfest-fur-neues-europaisches-ersatzteilzentrum-in-lauf\/\">\n                  <strong class=\"title\">Tadano feiert Richtfest f\u00fcr neues europ\u00e4isches Ersatzteilzentrum in Lauf<\/strong>\n                  <ul class=\"meta\">\n                    <li>Ver\u00f6ffentlichung<\/li>\n                    <li><time datetime=\"2020-01-01\">Feb.\/10\/2026<\/time><\/li>\n                  <\/ul>\n                <\/a>\n              <\/div>\n            <\/div>\n                      <div>\n              <div class=\"news-single\">\n                <a href=\"https:\/\/www.tadano.com\/benelux\/de\/news\/akm-uebernimmt-ac-7-450-1\/\">\n                  <strong class=\"title\">AKM \u00fcbernimmt AC 7.450-1<\/strong>\n                  <ul class=\"meta\">\n                    <li>Ver\u00f6ffentlichung<\/li>\n                    <li><time datetime=\"2020-01-01\">Jan.\/30\/2026<\/time><\/li>\n                  <\/ul>\n                <\/a>\n              <\/div>\n            <\/div>\n                      <div>\n              <div class=\"news-single\">\n                <a href=\"https:\/\/www.tadano.com\/benelux\/de\/news\/autokrane-schares-baut-city-kran-flotte-mit-neuem-tadano-ac-3-045-1-city-aus\/\">\n                  <strong class=\"title\">Autokrane Schares baut City-Kran-Flotte mit neuem Tadano AC 3.045-1 City aus<\/strong>\n                  <ul class=\"meta\">\n                    <li>Ver\u00f6ffentlichung<\/li>\n                    <li><time datetime=\"2020-01-01\">Dez.\/17\/2025<\/time><\/li>\n                  <\/ul>\n                <\/a>\n              <\/div>\n            <\/div>\n                      <div>\n              <div class=\"news-single\">\n                <a href=\"https:\/\/www.tadano.com\/benelux\/de\/news\/allen-crane-hire-uebernimmt-tadano-ac-4-100l-1-all-terrain-kran\/\">\n                  <strong class=\"title\">Allen Crane Hire \u00fcbernimmt Tadano AC 4.100L-1 All-Terrain Kran<\/strong>\n                  <ul class=\"meta\">\n                    <li>Ver\u00f6ffentlichung<\/li>\n                    <li><time datetime=\"2020-01-01\">Dez.\/05\/2025<\/time><\/li>\n                  <\/ul>\n                <\/a>\n              <\/div>\n            <\/div>\n                      <div>\n              <div class=\"news-single\">\n                <a href=\"https:\/\/www.tadano.com\/benelux\/de\/news\/sarens-ebnet-kraftwerksschornstein-mit-tadano-cc-38-650-1\/\">\n                  <strong class=\"title\">Sarens ebnet Kraftwerksschornstein mit Tadano CC 38.650-1<\/strong>\n                  <ul class=\"meta\">\n                    <li>Ver\u00f6ffentlichung<\/li>\n                    <li><time datetime=\"2020-01-01\">Nov.\/19\/2025<\/time><\/li>\n                  <\/ul>\n                <\/a>\n              <\/div>\n            <\/div>\n                        <\/div>\n    <\/div>\n  <\/section>\n  \n\n\n<p><\/p>\n","protected":false},"excerpt":{"rendered":"","protected":false},"author":2,"featured_media":0,"parent":13888,"menu_order":0,"comment_status":"closed","ping_status":"closed","template":"","meta":{"_acf_changed":false,"footnotes":""},"acf":[],"yoast_head":"<!-- This site is optimized with the Yoast SEO plugin v22.3 - https:\/\/yoast.com\/wordpress\/plugins\/seo\/ -->\n<title>Getriebe - Benelux<\/title>\n<meta name=\"robots\" content=\"index, follow, max-snippet:-1, max-image-preview:large, max-video-preview:-1\" \/>\n<link rel=\"canonical\" href=\"https:\/\/www.tadano.com\/benelux\/de\/spare-parts-tnl\/gearboxes\/\" \/>\n<meta property=\"og:locale\" content=\"de_DE\" \/>\n<meta property=\"og:type\" content=\"article\" \/>\n<meta property=\"og:title\" content=\"Getriebe - Benelux\" \/>\n<meta property=\"og:url\" content=\"https:\/\/www.tadano.com\/benelux\/de\/spare-parts-tnl\/gearboxes\/\" \/>\n<meta property=\"og:site_name\" content=\"Benelux\" \/>\n<meta property=\"article:modified_time\" content=\"2025-06-23T08:10:42+00:00\" \/>\n<meta name=\"twitter:card\" content=\"summary_large_image\" \/>\n<meta name=\"twitter:label1\" content=\"Gesch\u00e4tzte Lesezeit\" \/>\n\t<meta name=\"twitter:data1\" content=\"1\u00a0Minute\" \/>\n<script type=\"application\/ld+json\" class=\"yoast-schema-graph\">{\"@context\":\"https:\/\/schema.org\",\"@graph\":[{\"@type\":\"WebPage\",\"@id\":\"https:\/\/www.tadano.com\/benelux\/de\/spare-parts-tnl\/gearboxes\/\",\"url\":\"https:\/\/www.tadano.com\/benelux\/de\/spare-parts-tnl\/gearboxes\/\",\"name\":\"Getriebe - Benelux\",\"isPartOf\":{\"@id\":\"https:\/\/www.tadano.com\/benelux\/en\/#website\"},\"datePublished\":\"2021-08-24T16:03:01+00:00\",\"dateModified\":\"2025-06-23T08:10:42+00:00\",\"breadcrumb\":{\"@id\":\"https:\/\/www.tadano.com\/benelux\/de\/spare-parts-tnl\/gearboxes\/#breadcrumb\"},\"inLanguage\":\"de\",\"potentialAction\":[{\"@type\":\"ReadAction\",\"target\":[\"https:\/\/www.tadano.com\/benelux\/de\/spare-parts-tnl\/gearboxes\/\"]}]},{\"@type\":\"BreadcrumbList\",\"@id\":\"https:\/\/www.tadano.com\/benelux\/de\/spare-parts-tnl\/gearboxes\/#breadcrumb\",\"itemListElement\":[{\"@type\":\"ListItem\",\"position\":1,\"name\":\"Ersatzteile TNL\",\"item\":\"https:\/\/www.tadano.com\/benelux\/de\/spare-parts-tnl\/\"},{\"@type\":\"ListItem\",\"position\":2,\"name\":\"Getriebe\"}]},{\"@type\":\"WebSite\",\"@id\":\"https:\/\/www.tadano.com\/benelux\/en\/#website\",\"url\":\"https:\/\/www.tadano.com\/benelux\/en\/\",\"name\":\"Benelux\",\"description\":\"Just another TADANO EUROPE site\",\"potentialAction\":[{\"@type\":\"SearchAction\",\"target\":{\"@type\":\"EntryPoint\",\"urlTemplate\":\"https:\/\/www.tadano.com\/benelux\/en\/?s={search_term_string}\"},\"query-input\":\"required name=search_term_string\"}],\"inLanguage\":\"de\"}]}<\/script>\n<!-- \/ Yoast SEO plugin. -->","yoast_head_json":{"title":"Getriebe - Benelux","robots":{"index":"index","follow":"follow","max-snippet":"max-snippet:-1","max-image-preview":"max-image-preview:large","max-video-preview":"max-video-preview:-1"},"canonical":"https:\/\/www.tadano.com\/benelux\/de\/spare-parts-tnl\/gearboxes\/","og_locale":"de_DE","og_type":"article","og_title":"Getriebe - Benelux","og_url":"https:\/\/www.tadano.com\/benelux\/de\/spare-parts-tnl\/gearboxes\/","og_site_name":"Benelux","article_modified_time":"2025-06-23T08:10:42+00:00","twitter_card":"summary_large_image","twitter_misc":{"Gesch\u00e4tzte Lesezeit":"1\u00a0Minute"},"schema":{"@context":"https:\/\/schema.org","@graph":[{"@type":"WebPage","@id":"https:\/\/www.tadano.com\/benelux\/de\/spare-parts-tnl\/gearboxes\/","url":"https:\/\/www.tadano.com\/benelux\/de\/spare-parts-tnl\/gearboxes\/","name":"Getriebe - Benelux","isPartOf":{"@id":"https:\/\/www.tadano.com\/benelux\/en\/#website"},"datePublished":"2021-08-24T16:03:01+00:00","dateModified":"2025-06-23T08:10:42+00:00","breadcrumb":{"@id":"https:\/\/www.tadano.com\/benelux\/de\/spare-parts-tnl\/gearboxes\/#breadcrumb"},"inLanguage":"de","potentialAction":[{"@type":"ReadAction","target":["https:\/\/www.tadano.com\/benelux\/de\/spare-parts-tnl\/gearboxes\/"]}]},{"@type":"BreadcrumbList","@id":"https:\/\/www.tadano.com\/benelux\/de\/spare-parts-tnl\/gearboxes\/#breadcrumb","itemListElement":[{"@type":"ListItem","position":1,"name":"Ersatzteile TNL","item":"https:\/\/www.tadano.com\/benelux\/de\/spare-parts-tnl\/"},{"@type":"ListItem","position":2,"name":"Getriebe"}]},{"@type":"WebSite","@id":"https:\/\/www.tadano.com\/benelux\/en\/#website","url":"https:\/\/www.tadano.com\/benelux\/en\/","name":"Benelux","description":"Just another TADANO EUROPE site","potentialAction":[{"@type":"SearchAction","target":{"@type":"EntryPoint","urlTemplate":"https:\/\/www.tadano.com\/benelux\/en\/?s={search_term_string}"},"query-input":"required name=search_term_string"}],"inLanguage":"de"}]}},"_links":{"self":[{"href":"https:\/\/www.tadano.com\/benelux\/de\/wp-json\/wp\/v2\/pages\/13899"}],"collection":[{"href":"https:\/\/www.tadano.com\/benelux\/de\/wp-json\/wp\/v2\/pages"}],"about":[{"href":"https:\/\/www.tadano.com\/benelux\/de\/wp-json\/wp\/v2\/types\/page"}],"author":[{"embeddable":true,"href":"https:\/\/www.tadano.com\/benelux\/de\/wp-json\/wp\/v2\/users\/2"}],"replies":[{"embeddable":true,"href":"https:\/\/www.tadano.com\/benelux\/de\/wp-json\/wp\/v2\/comments?post=13899"}],"version-history":[{"count":3,"href":"https:\/\/www.tadano.com\/benelux\/de\/wp-json\/wp\/v2\/pages\/13899\/revisions"}],"predecessor-version":[{"id":28775,"href":"https:\/\/www.tadano.com\/benelux\/de\/wp-json\/wp\/v2\/pages\/13899\/revisions\/28775"}],"up":[{"embeddable":true,"href":"https:\/\/www.tadano.com\/benelux\/de\/wp-json\/wp\/v2\/pages\/13888"}],"wp:attachment":[{"href":"https:\/\/www.tadano.com\/benelux\/de\/wp-json\/wp\/v2\/media?parent=13899"}],"curies":[{"name":"wp","href":"https:\/\/api.w.org\/{rel}","templated":true}]}}