{"id":23027,"date":"2021-04-15T06:31:11","date_gmt":"2021-04-15T06:31:11","guid":{"rendered":"https:\/\/www.tadano.com\/benelux\/vertrieb-services\/reparaturwerkstatt-2\/"},"modified":"2025-07-10T12:10:57","modified_gmt":"2025-07-10T12:10:57","slug":"reparaturwerkstatt","status":"publish","type":"page","link":"https:\/\/www.tadano.com\/benelux\/de\/vertrieb-services\/reparaturwerkstatt\/","title":{"rendered":"Reparaturwerkstatt"},"content":{"rendered":"\n\n\n<section class=\"hero-section\">\n\n\t\n\t\t\t<style type=\"text\/css\">\n\t\t\t.hero-section .img-holder:before {\n\t\t\t\tdisplay: none;\n\t\t\t}\n\t\t<\/style>\n\t\n\t\n\t<div class=\"img-holder \">\n\t\t\t\t<div class=\"bg-stretch\" style=\"background-position: 50% 50%; \">\n\t\t\t<span data-srcset=\"https:\/\/assets.onetadano.com\/celum_assets\/hero\/Reparaturwerkstatt.jpg, https:\/\/assets.onetadano.com\/celum_assets\/hero-2x\/Reparaturwerkstatt.jpg 2x\"><\/span>\n\t\t<\/div>\n\t\t\t\t\t\t<div class=\"logo green-solutions\" style=\"display:none;\">\n\t\t\t<a href=\"#\"><img decoding=\"async\" src=\"https:\/\/www.tadano.com\/benelux\/wp-content\/themes\/tadano\/assets\/dist\/images\/Green-Solutions_Logo_White.svg\"><\/a>\n\t\t<\/div>\n\t<\/div>\n\t<div class=\"container\">\n\t\t<div class=\"text-holder \">\n\t\t\t<div class=\"wrap\">\n\t\t\t\t\n\t\t\t\t<ul class=\"breadcrumbs\"><li><a href=\"https:\/\/www.tadano.com\/benelux\/de\/\">Startseite<\/a><\/li><\/ul>\n\t\t\t\t\n\n<h1 class=\"wp-block-heading\">Reparatur-werkstatt<\/h1>\n\n\n\n<p>Vertrauen Sie Ihren Kran unserem Tadano Reparaturteam an. Getreu unseren hohen Herstellerstandards sch\u00fctzt und bewahrt unser werksgeschultes Personal Ihre Investition.<\/p>\n\n\n\n<div class=\"wp-block-buttons is-layout-flex wp-block-buttons-is-layout-flex\">\n<div class=\"wp-block-button\"><a class=\"wp-block-button__link wp-element-button\" href=\"#contact\">Nehmen Sie kontakt mit uns auf<\/a><\/div>\n<\/div>\n\n\n\n\t\t\t\t\n\t\t\t<\/div>\n\n\t\t\t\n\t\t\t\n\t\t\t\n\t\t<\/div>\n\t<\/div>\n<\/section>\n\n\n<div class=\"wp-block-group is-style-background-cyan is-layout-flow wp-block-group-is-layout-flow\"><div class=\"wp-block-group__inner-container\">\n<h2 class=\"wp-block-heading\">Was wir ihnen bieten<\/h2>\n\n\n\n<p>Reparatur- und Wartungsarbeiten sowie Umbauten, die unser Service vor Ort nicht leisten kann, f\u00fchren wir an unserem Werksstandort in Lauf\/Pegnitz durch, wo wir umfassend ausgestattete Kranfachwerkst\u00e4tten betreiben.<\/p>\n\n\n\n<p>Dank unserer jahrzehntelangen Erfahrung als Kranhersteller und Serviceanbieter sind Sie bei uns in den besten H\u00e4nden. Jeder Kran wird zun\u00e4chst im Rahmen einer Eingangspr\u00fcfung von unseren Werkstattmeistern genau unter die Lupe genommen. Auf Basis dieser Untersuchung erstellen wir Ihnen einen Kostenvoranschlag inklusive verbindlicher Preis- und Terminangaben. Somit haben Sie maximale Sicherheit und k\u00f6nnen den weiteren Einsatz Ihres Krans verl\u00e4sslich planen. Die anschlie\u00dfenden Arbeiten werden ausschlie\u00dflich von qualifizierten Spezialisten ausgef\u00fchrt, und nur mit Original-Ersatzteilen (in Erstausr\u00fcsterqualit\u00e4t), die selbstverst\u00e4ndlich immer dem neuesten Stand der Technik entsprechen.<\/p>\n\n\n<section class=\"video-block\">\n  <div class=\"video-box\">\n        <a aria-labelledby=\"video-txt\" data-fancybox href=\"https:\/\/youtu.be\/BYSzoODgjJs\" class=\"video\">\n      <span class=\"play-btn\"><\/span>\n              <div class=\"bg-stretch\" >\n          <span data-srcset=\"https:\/\/img.youtube.com\/vi\/BYSzoODgjJs\/hqdefault.jpg, https:\/\/img.youtube.com\/vi\/BYSzoODgjJs\/hqdefault.jpg 2x\"><\/span>\n        <\/div>\n          <\/a>\n    <div class=\"video-txt\">\n                    <a href=\"https:\/\/youtu.be\/BYSzoODgjJs\" class=\"video-link\">Jetzt ansehen<\/a>\n          <\/div>\n  <\/div>\n<\/section><\/div><\/div>\n\n\n<div id=\"contact\"><\/div>\n\n\n\n<section class=\"sales-team hide-background-triangle  \">\n   <div class=\"container\">\n                    <div class=\"section-heading\">\n                <div class=\"heading\">\n                    <h2>IHR TADANO REPARATURTEAM<\/h2>\n                <\/div>\n            <\/div>\n              <div class=\"threerow-slider dots-info has-no-images\">\n                 \n                        <div class=\"card-col no-img wide-card\">\n                <div class=\"info-card responsive\">\n                    <div class=\"card-img\">\n                                            <\/div>\n                    <div class=\"card-content\">\n                        <div class=\"card-title\">\n                            <p>Manfred Schlumberger<\/p>\n                        <\/div>\n                        <div class=\"card-info\">\n                            <strong class=\"first-row row\">GM Internationaler Kundendienst<\/strong>\n                            <strong class=\"row\">Deutschland<\/strong>\n                            <strong class=\"row\">Deutsch, Englisch<\/strong>\n                                                            <strong class=\"row\">\n                                <svg style=\"display:inline;\" xmlns=\"http:\/\/www.w3.org\/2000\/svg\" id=\"Layer_1\" data-name=\"Layer 1\" viewBox=\"0 0 24 24\" width=\"15\" height=\"15\"><path d=\"M24,6.24c0,7.64-10.13,17.76-17.76,17.76-1.67,0-3.23-.63-4.38-1.78l-1-1.15c-1.16-1.16-1.16-3.12,.05-4.33,.03-.03,2.44-1.88,2.44-1.88,1.2-1.14,3.09-1.14,4.28,0l1.46,1.17c3.2-1.36,5.47-3.64,6.93-6.95l-1.16-1.46c-1.15-1.19-1.15-3.09,0-4.28,0,0,1.85-2.41,1.88-2.44,1.21-1.21,3.17-1.21,4.38,0l1.05,.91c1.2,1.19,1.83,2.75,1.83,4.42Z\"\/><\/svg>\n                                <a href=\"tel:+4991231855140\">+49 9123 185 5140<\/a>\n                                <\/strong> \n                                                                                        <strong class=\"row\">\n                                <svg tyle=\"display:inline;\"  xmlns=\"http:\/\/www.w3.org\/2000\/svg\" id=\"Filled\" viewBox=\"0 0 24 24\" width=\"15\" height=\"15\"><path d=\"M23.954,5.542,15.536,13.96a5.007,5.007,0,0,1-7.072,0L.046,5.542C.032,5.7,0,5.843,0,6V18a5.006,5.006,0,0,0,5,5H19a5.006,5.006,0,0,0,5-5V6C24,5.843,23.968,5.7,23.954,5.542Z\"\/><path d=\"M14.122,12.546l9.134-9.135A4.986,4.986,0,0,0,19,1H5A4.986,4.986,0,0,0,.744,3.411l9.134,9.135A3.007,3.007,0,0,0,14.122,12.546Z\"\/><\/svg>\n                                <a href=\"mailto:manfred.schlumberger@tadano.com\">manfred.schlumberger@tadano.com<\/a>\n                            <\/strong>\n                                                    <\/div>\n                    <\/div>\n                <\/div>\n            <\/div>\n         \n                        <div class=\"card-col no-img wide-card\">\n                <div class=\"info-card responsive\">\n                    <div class=\"card-img\">\n                                            <\/div>\n                    <div class=\"card-content\">\n                        <div class=\"card-title\">\n                            <p>Wout Drijvers<\/p>\n                        <\/div>\n                        <div class=\"card-info\">\n                            <strong class=\"first-row row\">Kundensupport<\/strong>\n                            <strong class=\"row\">Belgien, Niederlande<\/strong>\n                            <strong class=\"row\">Niederl\u00e4ndisch, Englisch, Franz\u00f6sisch<\/strong>\n                                                            <strong class=\"row\">\n                                <svg style=\"display:inline;\" xmlns=\"http:\/\/www.w3.org\/2000\/svg\" id=\"Layer_1\" data-name=\"Layer 1\" viewBox=\"0 0 24 24\" width=\"15\" height=\"15\"><path d=\"M24,6.24c0,7.64-10.13,17.76-17.76,17.76-1.67,0-3.23-.63-4.38-1.78l-1-1.15c-1.16-1.16-1.16-3.12,.05-4.33,.03-.03,2.44-1.88,2.44-1.88,1.2-1.14,3.09-1.14,4.28,0l1.46,1.17c3.2-1.36,5.47-3.64,6.93-6.95l-1.16-1.46c-1.15-1.19-1.15-3.09,0-4.28,0,0,1.85-2.41,1.88-2.44,1.21-1.21,3.17-1.21,4.38,0l1.05,.91c1.2,1.19,1.83,2.75,1.83,4.42Z\"\/><\/svg>\n                                <a href=\"tel:+3213351660\">+32 13 351 660<\/a>\n                                <\/strong> \n                                                                                        <strong class=\"row\">\n                                <svg tyle=\"display:inline;\"  xmlns=\"http:\/\/www.w3.org\/2000\/svg\" id=\"Filled\" viewBox=\"0 0 24 24\" width=\"15\" height=\"15\"><path d=\"M23.954,5.542,15.536,13.96a5.007,5.007,0,0,1-7.072,0L.046,5.542C.032,5.7,0,5.843,0,6V18a5.006,5.006,0,0,0,5,5H19a5.006,5.006,0,0,0,5-5V6C24,5.843,23.968,5.7,23.954,5.542Z\"\/><path d=\"M14.122,12.546l9.134-9.135A4.986,4.986,0,0,0,19,1H5A4.986,4.986,0,0,0,.744,3.411l9.134,9.135A3.007,3.007,0,0,0,14.122,12.546Z\"\/><\/svg>\n                                <a href=\"mailto:Wout.Drijvers@tadano.com\">Wout.Drijvers@tadano.com<\/a>\n                            <\/strong>\n                                                    <\/div>\n                    <\/div>\n                <\/div>\n            <\/div>\n              <\/div>\n   <\/div>\n<\/section>","protected":false},"excerpt":{"rendered":"<p>Was wir ihnen bieten Reparatur- und Wartungsarbeiten sowie Umbauten, die unser Service vor Ort nicht leisten kann, f\u00fchren wir an unserem Werksstandort in Lauf\/Pegnitz durch, wo wir umfassend ausgestattete Kranfachwerkst\u00e4tten betreiben. Dank unserer jahrzehntelangen Erfahrung als Kranhersteller und Serviceanbieter sind Sie bei uns in den besten H\u00e4nden. Jeder Kran wird zun\u00e4chst im Rahmen einer Eingangspr\u00fcfung [&hellip;]<\/p>\n","protected":false},"author":1,"featured_media":0,"parent":3803,"menu_order":0,"comment_status":"closed","ping_status":"closed","template":"","meta":{"_acf_changed":false,"footnotes":""},"acf":[],"yoast_head":"<!-- This site is optimized with the Yoast SEO plugin v22.3 - https:\/\/yoast.com\/wordpress\/plugins\/seo\/ -->\n<title>Reparaturwerkstatt - Benelux<\/title>\n<meta name=\"robots\" content=\"index, follow, max-snippet:-1, max-image-preview:large, max-video-preview:-1\" \/>\n<link rel=\"canonical\" href=\"https:\/\/www.tadano.com\/benelux\/en\/sales-services\/repair-shop-2\/\" \/>\n<meta property=\"og:locale\" content=\"de_DE\" \/>\n<meta property=\"og:type\" content=\"article\" \/>\n<meta property=\"og:title\" content=\"Reparaturwerkstatt - Benelux\" \/>\n<meta property=\"og:description\" content=\"Was wir ihnen bieten Reparatur- und Wartungsarbeiten sowie Umbauten, die unser Service vor Ort nicht leisten kann, f\u00fchren wir an unserem Werksstandort in Lauf\/Pegnitz durch, wo wir umfassend ausgestattete Kranfachwerkst\u00e4tten betreiben. Dank unserer jahrzehntelangen Erfahrung als Kranhersteller und Serviceanbieter sind Sie bei uns in den besten H\u00e4nden. Jeder Kran wird zun\u00e4chst im Rahmen einer Eingangspr\u00fcfung [&hellip;]\" \/>\n<meta property=\"og:url\" content=\"https:\/\/www.tadano.com\/benelux\/en\/sales-services\/repair-shop-2\/\" \/>\n<meta property=\"og:site_name\" content=\"Benelux\" \/>\n<meta property=\"article:modified_time\" content=\"2025-07-10T12:10:57+00:00\" \/>\n<meta name=\"twitter:card\" content=\"summary_large_image\" \/>\n<meta name=\"twitter:label1\" content=\"Gesch\u00e4tzte Lesezeit\" \/>\n\t<meta name=\"twitter:data1\" content=\"1\u00a0Minute\" \/>\n<script type=\"application\/ld+json\" class=\"yoast-schema-graph\">{\"@context\":\"https:\/\/schema.org\",\"@graph\":[{\"@type\":\"WebPage\",\"@id\":\"https:\/\/www.tadano.com\/benelux\/en\/sales-services\/repair-shop-2\/\",\"url\":\"https:\/\/www.tadano.com\/benelux\/en\/sales-services\/repair-shop-2\/\",\"name\":\"Reparaturwerkstatt - Benelux\",\"isPartOf\":{\"@id\":\"https:\/\/www.tadano.com\/benelux\/en\/#website\"},\"datePublished\":\"2021-04-15T06:31:11+00:00\",\"dateModified\":\"2025-07-10T12:10:57+00:00\",\"breadcrumb\":{\"@id\":\"https:\/\/www.tadano.com\/benelux\/en\/sales-services\/repair-shop-2\/#breadcrumb\"},\"inLanguage\":\"de\",\"potentialAction\":[{\"@type\":\"ReadAction\",\"target\":[\"https:\/\/www.tadano.com\/benelux\/en\/sales-services\/repair-shop-2\/\"]}]},{\"@type\":\"BreadcrumbList\",\"@id\":\"https:\/\/www.tadano.com\/benelux\/en\/sales-services\/repair-shop-2\/#breadcrumb\",\"itemListElement\":[{\"@type\":\"ListItem\",\"position\":1,\"name\":\"Vertrieb &#038; Services\",\"item\":\"https:\/\/www.tadano.com\/benelux\/de\/vertrieb-services\/\"},{\"@type\":\"ListItem\",\"position\":2,\"name\":\"Reparaturwerkstatt\"}]},{\"@type\":\"WebSite\",\"@id\":\"https:\/\/www.tadano.com\/benelux\/en\/#website\",\"url\":\"https:\/\/www.tadano.com\/benelux\/en\/\",\"name\":\"Benelux\",\"description\":\"Just another TADANO EUROPE site\",\"potentialAction\":[{\"@type\":\"SearchAction\",\"target\":{\"@type\":\"EntryPoint\",\"urlTemplate\":\"https:\/\/www.tadano.com\/benelux\/en\/?s={search_term_string}\"},\"query-input\":\"required name=search_term_string\"}],\"inLanguage\":\"de\"}]}<\/script>\n<!-- \/ Yoast SEO plugin. -->","yoast_head_json":{"title":"Reparaturwerkstatt - Benelux","robots":{"index":"index","follow":"follow","max-snippet":"max-snippet:-1","max-image-preview":"max-image-preview:large","max-video-preview":"max-video-preview:-1"},"canonical":"https:\/\/www.tadano.com\/benelux\/en\/sales-services\/repair-shop-2\/","og_locale":"de_DE","og_type":"article","og_title":"Reparaturwerkstatt - Benelux","og_description":"Was wir ihnen bieten Reparatur- und Wartungsarbeiten sowie Umbauten, die unser Service vor Ort nicht leisten kann, f\u00fchren wir an unserem Werksstandort in Lauf\/Pegnitz durch, wo wir umfassend ausgestattete Kranfachwerkst\u00e4tten betreiben. Dank unserer jahrzehntelangen Erfahrung als Kranhersteller und Serviceanbieter sind Sie bei uns in den besten H\u00e4nden. Jeder Kran wird zun\u00e4chst im Rahmen einer Eingangspr\u00fcfung [&hellip;]","og_url":"https:\/\/www.tadano.com\/benelux\/en\/sales-services\/repair-shop-2\/","og_site_name":"Benelux","article_modified_time":"2025-07-10T12:10:57+00:00","twitter_card":"summary_large_image","twitter_misc":{"Gesch\u00e4tzte Lesezeit":"1\u00a0Minute"},"schema":{"@context":"https:\/\/schema.org","@graph":[{"@type":"WebPage","@id":"https:\/\/www.tadano.com\/benelux\/en\/sales-services\/repair-shop-2\/","url":"https:\/\/www.tadano.com\/benelux\/en\/sales-services\/repair-shop-2\/","name":"Reparaturwerkstatt - Benelux","isPartOf":{"@id":"https:\/\/www.tadano.com\/benelux\/en\/#website"},"datePublished":"2021-04-15T06:31:11+00:00","dateModified":"2025-07-10T12:10:57+00:00","breadcrumb":{"@id":"https:\/\/www.tadano.com\/benelux\/en\/sales-services\/repair-shop-2\/#breadcrumb"},"inLanguage":"de","potentialAction":[{"@type":"ReadAction","target":["https:\/\/www.tadano.com\/benelux\/en\/sales-services\/repair-shop-2\/"]}]},{"@type":"BreadcrumbList","@id":"https:\/\/www.tadano.com\/benelux\/en\/sales-services\/repair-shop-2\/#breadcrumb","itemListElement":[{"@type":"ListItem","position":1,"name":"Vertrieb &#038; Services","item":"https:\/\/www.tadano.com\/benelux\/de\/vertrieb-services\/"},{"@type":"ListItem","position":2,"name":"Reparaturwerkstatt"}]},{"@type":"WebSite","@id":"https:\/\/www.tadano.com\/benelux\/en\/#website","url":"https:\/\/www.tadano.com\/benelux\/en\/","name":"Benelux","description":"Just another TADANO EUROPE site","potentialAction":[{"@type":"SearchAction","target":{"@type":"EntryPoint","urlTemplate":"https:\/\/www.tadano.com\/benelux\/en\/?s={search_term_string}"},"query-input":"required name=search_term_string"}],"inLanguage":"de"}]}},"_links":{"self":[{"href":"https:\/\/www.tadano.com\/benelux\/de\/wp-json\/wp\/v2\/pages\/23027"}],"collection":[{"href":"https:\/\/www.tadano.com\/benelux\/de\/wp-json\/wp\/v2\/pages"}],"about":[{"href":"https:\/\/www.tadano.com\/benelux\/de\/wp-json\/wp\/v2\/types\/page"}],"author":[{"embeddable":true,"href":"https:\/\/www.tadano.com\/benelux\/de\/wp-json\/wp\/v2\/users\/1"}],"replies":[{"embeddable":true,"href":"https:\/\/www.tadano.com\/benelux\/de\/wp-json\/wp\/v2\/comments?post=23027"}],"version-history":[{"count":1,"href":"https:\/\/www.tadano.com\/benelux\/de\/wp-json\/wp\/v2\/pages\/23027\/revisions"}],"predecessor-version":[{"id":28807,"href":"https:\/\/www.tadano.com\/benelux\/de\/wp-json\/wp\/v2\/pages\/23027\/revisions\/28807"}],"up":[{"embeddable":true,"href":"https:\/\/www.tadano.com\/benelux\/de\/wp-json\/wp\/v2\/pages\/3803"}],"wp:attachment":[{"href":"https:\/\/www.tadano.com\/benelux\/de\/wp-json\/wp\/v2\/media?parent=23027"}],"curies":[{"name":"wp","href":"https:\/\/api.w.org\/{rel}","templated":true}]}}