{"id":23433,"date":"2024-06-06T12:24:20","date_gmt":"2024-06-06T12:24:20","guid":{"rendered":"https:\/\/www.tadano.com\/benelux\/?page_id=23433"},"modified":"2024-06-06T12:24:21","modified_gmt":"2024-06-06T12:24:21","slug":"karriere","status":"publish","type":"page","link":"https:\/\/www.tadano.com\/benelux\/de\/ueber-uns\/karriere\/","title":{"rendered":"Karriere"},"content":{"rendered":"\n\n\n<section class=\"hero-section\">\n\n\t\n\t\n\t\n\t<div class=\"img-holder \">\n\t\t\t\t<div class=\"bg-stretch\" style=\"background-position: 50% 50%; \">\n\t\t\t<span data-srcset=\"https:\/\/assets.onetadano.com\/celum_assets\/hero\/TADANO_lineup___NEWYORK__B__.jpg, https:\/\/assets.onetadano.com\/celum_assets\/hero-2x\/TADANO_lineup___NEWYORK__B__.jpg 2x\"><\/span>\n\t\t<\/div>\n\t\t\t\t\t\t<div class=\"logo green-solutions\" style=\"display:none;\">\n\t\t\t<a href=\"#\"><img decoding=\"async\" src=\"https:\/\/www.tadano.com\/benelux\/wp-content\/themes\/tadano\/assets\/dist\/images\/Green-Solutions_Logo_White.svg\"><\/a>\n\t\t<\/div>\n\t<\/div>\n\t<div class=\"container\">\n\t\t<div class=\"text-holder \">\n\t\t\t<div class=\"wrap\">\n\t\t\t\t\n\t\t\t\t<ul class=\"breadcrumbs\"><li><a href=\"https:\/\/www.tadano.com\/benelux\/de\/\">Startseite<\/a><\/li><\/ul>\n\t\t\t\t\n\n<h1 class=\"wp-block-heading\"><strong>Karriere<\/strong><\/h1>\n\n\n\n<p>Als Teil der Tadano Gruppe teilt Tadano Benelux die Mission, unseren Kunden Hebeausr\u00fcstungen und zugeh\u00f6rige Dienstleistungen bereitzustellen, die nicht nur ihre Erwartungen erf\u00fcllen, sondern auch \u00fcbertreffen.<\/p>\n\n\n\n\t\t\t\t\n\t\t\t<\/div>\n\n\t\t\t\n\t\t\t\n\t\t\t\n\t\t<\/div>\n\t<\/div>\n<\/section>\n\n\n<div class=\"wp-block-group is-style-background-white is-layout-flow wp-block-group-is-layout-flow\"><div class=\"wp-block-group__inner-container\">\n<h1 class=\"wp-block-heading\">WERDEN SIE TEIL VON TADANO BENELUX<\/h1>\n\n\n\n<p>Bei Tadano glauben wir an die F\u00f6rderung einer Kultur der Innovation, Exzellenz und des Wachstums. Als f\u00fchrender Anbieter von Hebeausr\u00fcstungsl\u00f6sungen sind wir bestrebt, Top-Talente zu gewinnen, die leidenschaftlich daran interessiert sind, einen Unterschied in der Branche zu machen. Ob Sie ein erfahrener Profi oder ein frischgebackener Absolvent sind, der eine lohnende Karriere beginnen m\u00f6chte, Tadano Benelux bietet spannende M\u00f6glichkeiten f\u00fcr die pers\u00f6nliche und berufliche Entwicklung. Wir ermutigen Personen, die sich durch Herausforderungen motiviert f\u00fchlen und in kollaborativen Umgebungen aufbl\u00fchen, die M\u00f6glichkeiten bei uns zu erkunden.<\/p>\n\n\n\n<p>Im Folgenden finden Sie die aktuellen Stellenangebote, um unserem Team beizutreten.<\/p>\n\n\n\n<div class=\"wp-block-buttons is-layout-flex wp-block-buttons-is-layout-flex\">\n<div class=\"wp-block-button\"><a class=\"wp-block-button__link wp-element-button\" href=\"https:\/\/www.tadano.com\/benelux\/de\/ueber-uns\/spare-parts-sales-support\/\">SPARE PARTS SALES SUPPORT<\/a><\/div>\n<\/div>\n<\/div><\/div>\n","protected":false},"excerpt":{"rendered":"<p>WERDEN SIE TEIL VON TADANO BENELUX Bei Tadano glauben wir an die F\u00f6rderung einer Kultur der Innovation, Exzellenz und des Wachstums. Als f\u00fchrender Anbieter von Hebeausr\u00fcstungsl\u00f6sungen sind wir bestrebt, Top-Talente zu gewinnen, die leidenschaftlich daran interessiert sind, einen Unterschied in der Branche zu machen. Ob Sie ein erfahrener Profi oder ein frischgebackener Absolvent sind, der [&hellip;]<\/p>\n","protected":false},"author":3,"featured_media":0,"parent":3801,"menu_order":0,"comment_status":"closed","ping_status":"closed","template":"","meta":{"_acf_changed":false,"footnotes":""},"acf":[],"yoast_head":"<!-- This site is optimized with the Yoast SEO plugin v22.3 - https:\/\/yoast.com\/wordpress\/plugins\/seo\/ -->\n<title>Karriere - Benelux<\/title>\n<meta name=\"robots\" content=\"index, follow, max-snippet:-1, max-image-preview:large, max-video-preview:-1\" \/>\n<link rel=\"canonical\" href=\"https:\/\/www.tadano.com\/benelux\/de\/ueber-uns\/karriere\/\" \/>\n<meta property=\"og:locale\" content=\"de_DE\" \/>\n<meta property=\"og:type\" content=\"article\" \/>\n<meta property=\"og:title\" content=\"Karriere - Benelux\" \/>\n<meta property=\"og:description\" content=\"WERDEN SIE TEIL VON TADANO BENELUX Bei Tadano glauben wir an die F\u00f6rderung einer Kultur der Innovation, Exzellenz und des Wachstums. Als f\u00fchrender Anbieter von Hebeausr\u00fcstungsl\u00f6sungen sind wir bestrebt, Top-Talente zu gewinnen, die leidenschaftlich daran interessiert sind, einen Unterschied in der Branche zu machen. Ob Sie ein erfahrener Profi oder ein frischgebackener Absolvent sind, der [&hellip;]\" \/>\n<meta property=\"og:url\" content=\"https:\/\/www.tadano.com\/benelux\/de\/ueber-uns\/karriere\/\" \/>\n<meta property=\"og:site_name\" content=\"Benelux\" \/>\n<meta property=\"article:modified_time\" content=\"2024-06-06T12:24:21+00:00\" \/>\n<meta name=\"twitter:card\" content=\"summary_large_image\" \/>\n<meta name=\"twitter:label1\" content=\"Gesch\u00e4tzte Lesezeit\" \/>\n\t<meta name=\"twitter:data1\" content=\"1\u00a0Minute\" \/>\n<script type=\"application\/ld+json\" class=\"yoast-schema-graph\">{\"@context\":\"https:\/\/schema.org\",\"@graph\":[{\"@type\":\"WebPage\",\"@id\":\"https:\/\/www.tadano.com\/benelux\/de\/ueber-uns\/karriere\/\",\"url\":\"https:\/\/www.tadano.com\/benelux\/de\/ueber-uns\/karriere\/\",\"name\":\"Karriere - Benelux\",\"isPartOf\":{\"@id\":\"https:\/\/www.tadano.com\/benelux\/en\/#website\"},\"datePublished\":\"2024-06-06T12:24:20+00:00\",\"dateModified\":\"2024-06-06T12:24:21+00:00\",\"inLanguage\":\"de\",\"potentialAction\":[{\"@type\":\"ReadAction\",\"target\":[\"https:\/\/www.tadano.com\/benelux\/de\/ueber-uns\/karriere\/\"]}]},{\"@type\":\"WebSite\",\"@id\":\"https:\/\/www.tadano.com\/benelux\/en\/#website\",\"url\":\"https:\/\/www.tadano.com\/benelux\/en\/\",\"name\":\"Benelux\",\"description\":\"Just another TADANO EUROPE site\",\"potentialAction\":[{\"@type\":\"SearchAction\",\"target\":{\"@type\":\"EntryPoint\",\"urlTemplate\":\"https:\/\/www.tadano.com\/benelux\/en\/?s={search_term_string}\"},\"query-input\":\"required name=search_term_string\"}],\"inLanguage\":\"de\"}]}<\/script>\n<!-- \/ Yoast SEO plugin. -->","yoast_head_json":{"title":"Karriere - Benelux","robots":{"index":"index","follow":"follow","max-snippet":"max-snippet:-1","max-image-preview":"max-image-preview:large","max-video-preview":"max-video-preview:-1"},"canonical":"https:\/\/www.tadano.com\/benelux\/de\/ueber-uns\/karriere\/","og_locale":"de_DE","og_type":"article","og_title":"Karriere - Benelux","og_description":"WERDEN SIE TEIL VON TADANO BENELUX Bei Tadano glauben wir an die F\u00f6rderung einer Kultur der Innovation, Exzellenz und des Wachstums. Als f\u00fchrender Anbieter von Hebeausr\u00fcstungsl\u00f6sungen sind wir bestrebt, Top-Talente zu gewinnen, die leidenschaftlich daran interessiert sind, einen Unterschied in der Branche zu machen. Ob Sie ein erfahrener Profi oder ein frischgebackener Absolvent sind, der [&hellip;]","og_url":"https:\/\/www.tadano.com\/benelux\/de\/ueber-uns\/karriere\/","og_site_name":"Benelux","article_modified_time":"2024-06-06T12:24:21+00:00","twitter_card":"summary_large_image","twitter_misc":{"Gesch\u00e4tzte Lesezeit":"1\u00a0Minute"},"schema":{"@context":"https:\/\/schema.org","@graph":[{"@type":"WebPage","@id":"https:\/\/www.tadano.com\/benelux\/de\/ueber-uns\/karriere\/","url":"https:\/\/www.tadano.com\/benelux\/de\/ueber-uns\/karriere\/","name":"Karriere - Benelux","isPartOf":{"@id":"https:\/\/www.tadano.com\/benelux\/en\/#website"},"datePublished":"2024-06-06T12:24:20+00:00","dateModified":"2024-06-06T12:24:21+00:00","inLanguage":"de","potentialAction":[{"@type":"ReadAction","target":["https:\/\/www.tadano.com\/benelux\/de\/ueber-uns\/karriere\/"]}]},{"@type":"WebSite","@id":"https:\/\/www.tadano.com\/benelux\/en\/#website","url":"https:\/\/www.tadano.com\/benelux\/en\/","name":"Benelux","description":"Just another TADANO EUROPE site","potentialAction":[{"@type":"SearchAction","target":{"@type":"EntryPoint","urlTemplate":"https:\/\/www.tadano.com\/benelux\/en\/?s={search_term_string}"},"query-input":"required name=search_term_string"}],"inLanguage":"de"}]}},"_links":{"self":[{"href":"https:\/\/www.tadano.com\/benelux\/de\/wp-json\/wp\/v2\/pages\/23433"}],"collection":[{"href":"https:\/\/www.tadano.com\/benelux\/de\/wp-json\/wp\/v2\/pages"}],"about":[{"href":"https:\/\/www.tadano.com\/benelux\/de\/wp-json\/wp\/v2\/types\/page"}],"author":[{"embeddable":true,"href":"https:\/\/www.tadano.com\/benelux\/de\/wp-json\/wp\/v2\/users\/3"}],"replies":[{"embeddable":true,"href":"https:\/\/www.tadano.com\/benelux\/de\/wp-json\/wp\/v2\/comments?post=23433"}],"version-history":[{"count":1,"href":"https:\/\/www.tadano.com\/benelux\/de\/wp-json\/wp\/v2\/pages\/23433\/revisions"}],"predecessor-version":[{"id":23435,"href":"https:\/\/www.tadano.com\/benelux\/de\/wp-json\/wp\/v2\/pages\/23433\/revisions\/23435"}],"up":[{"embeddable":true,"href":"https:\/\/www.tadano.com\/benelux\/de\/wp-json\/wp\/v2\/pages\/3801"}],"wp:attachment":[{"href":"https:\/\/www.tadano.com\/benelux\/de\/wp-json\/wp\/v2\/media?parent=23433"}],"curies":[{"name":"wp","href":"https:\/\/api.w.org\/{rel}","templated":true}]}}