{"id":28846,"date":"2025-08-06T11:49:40","date_gmt":"2025-08-06T11:49:40","guid":{"rendered":"https:\/\/www.tadano.com\/benelux\/product-data-usage\/"},"modified":"2025-09-15T08:42:26","modified_gmt":"2025-09-15T08:42:26","slug":"richtlinien-zur-verwendung-von-produktdaten","status":"publish","type":"page","link":"https:\/\/www.tadano.com\/benelux\/de\/richtlinien-zur-verwendung-von-produktdaten\/","title":{"rendered":"Richtlinien Zur Verwendung von produktdaten"},"content":{"rendered":"\n\n<style type=\"text\/css\">\n    .header .main-menu .accordion >li >a,\n    .header .language-opener {\n        color: #fff;\n    }\n    .header .main-menu .accordion >li >a:hover,\n    .header .language-opener:hover {\n        color: #00AAE8;\n    }    \n    .header .language-block .selected {\n        color: #fff;\n    }\n    .header .language-block .drop {\n        background: #00AAE8;\n        border-color: #fff;\n    }\n    .editor-styles-wrapper .hero-section-alt2.bg-off .img-holder {\n        height: 0px!important;\n    }\n    .language-block .drop .switch {\n        color: #fff;\n    }\n    .hero-section-alt2.bg-off .img-holder {\n        height: 100%;\n    }\n     .header .logo .black_blue {\n        display: none;\n    }\n    .header .logo .white_blue {\n        display: block;\n    }\n<\/style>\n\n<section class=\"special-header hero-section-alt2\" style=\"background-position: 50% 50%; background-image: url(https:\/\/mediahub.tadano.com\/m\/5f8e540df0cb1bfd\/gallery_full-img_Demag_demag-ic-1-plus-jpg.jpg);\">\n    <div class=\"container\">\n      <div class=\"text-holder l-equipments support\">\n        <div class=\"wrap\">\n          \n\n<h1 class=\"wp-block-heading\">Richtlinien Zur Verwendung von produktdaten<\/h1>\n\n\n        <\/div>\n      <\/div>\n    <\/div>\n<\/section>\n\n<section class=\"navigation-block\">\n            <ul>\n                        <li>\n                    <a href=\"#agreement\" target=\"_self\">\n                        Vereinbarung zur Datennutzung                    <\/a>\n                <\/li>\n                                    <li>\n                    <a href=\"#telematics\" target=\"_self\">\n                        Telematik-L\u00f6sungen                    <\/a>\n                <\/li>\n                                    <li>\n                    <a href=\"#commitment\" target=\"_self\">\n                        Unser Engagement                    <\/a>\n                <\/li>\n                                    <li>\n                    <a href=\"https:\/\/www.tadano.com\/benelux\/de\/ueber-uns\/ihr-kontakt-zu-uns\/\" target=\"_self\">\n                        Kontakt                    <\/a>\n                <\/li>\n                            <\/ul>\n    <\/section>\n\n\n<div style=\"height:50px\" aria-hidden=\"true\" class=\"wp-block-spacer\"><\/div>\n\n\n<div id=\"agreement\"><\/div>\n\n\n\n<h2 class=\"wp-block-heading\">Vereinbarung Zur Datennutzung<\/h2>\n\n\n\n<p>Tadano verpflichtet sich zu einem verantwortungsvollen, fairen und rechtm\u00e4\u00dfigen Umgang mit Daten. Diese Vereinbarung zur Datennutzung informiert Sie \u00fcber die Bedingungen f\u00fcr die Verwendung, Weitergabe und Verarbeitung von Daten gem\u00e4\u00df der Verordnung (EU) 2023\/2854 (\u201eEU-Datenschutzgesetz\u201c).<\/p>\n\n\n\n<p><\/p>\n\n\n\n<div class=\"wp-block-buttons is-layout-flex wp-block-buttons-is-layout-flex\">\n<div class=\"wp-block-button\"><a class=\"wp-block-button__link wp-element-button\" href=\"https:\/\/mediahub.tadano.com\/m\/3023937ecf1abff0\/original\/doc_tadano_Datennutzungsvereinbarung_DE.pdf\" target=\"_blank\" rel=\"noreferrer noopener\">Datennutzungsvereinbarung Downloaden<\/a><\/div>\n<\/div>\n\n\n\n<div style=\"height:50px\" aria-hidden=\"true\" class=\"wp-block-spacer\"><\/div>\n\n\n<div id=\"telematics\"><\/div>\n\n\n\n<h2 class=\"wp-block-heading\">Telematik-l\u00f6sungen<\/h2>\n\n\n\n<p>Bei Tadano haben wir uns dazu verpflichtet, innovative Telematikl\u00f6sungen anzubieten, die die Sicherheit, Effizienz und Produktivit\u00e4t unserer gesamten Produktpalette verbessern. In \u00dcbereinstimmung mit dem EU-Datenschutzgesetz unterst\u00fctzen wir einen transparenten, fairen und sicheren Zugang zu den Daten, die von unseren vernetzten Maschinen generiert werden.<\/p>\n\n\n\n<p>Bitte klicken Sie auf die f\u00fcr Ihr Produkt verf\u00fcgbare Telematik-L\u00f6sung, um weitere Informationen zu erhalten.<\/p>\n\n\n<section class=\"overflow-hidden\">\n    <div class=\"container\">\n      <ul class=\"legal-accordion style-small\">\n          <li>\n            <a href=\"#\" class=\"opener\"><span>IC-1 Remote<\/span><\/a>\n            <div class=\"slide\">\n              <div class=\"slide-wrap\">\n                \n\n<p><strong><u>Flottenmanagement-Bericht<\/u><\/strong><\/p>\n\n\n\n<p>Der Flottenmanagement-Datenbericht bietet Einblicke in die wichtigsten Betriebsparameter Ihres Krans.:<\/p>\n\n\n\n<ul>\n<li><strong>Kranstatus und -auslastung<\/strong><\/li>\n\n\n\n<li><strong>Last- und Reichweitensteuerung<\/strong> \u2013 aktuelle\/maximale Lasten und Reichweite<\/li>\n\n\n\n<li><strong>Ausr\u00fcstungskonfiguration<\/strong> \u2013 Auslegerl\u00e4ngen, Winkel, Gegengewichte<\/li>\n\n\n\n<li><strong>Stabilit\u00e4t und Sicherheit <\/strong>\u2013 Auslegerkr\u00e4fte, Bodendruck, Neigung, Winddaten<\/li>\n\n\n\n<li><strong>Antriebe und Lebensdauer <\/strong>\u2013 Betriebsstunden, Verschlei\u00df\u00fcberwachung, verbleibende Lebensdauer<\/li>\n\n\n\n<li><strong>Motoren und Hydraulik<\/strong> \u2013 Drehzahl (Umdrehungen pro Minute), Temperaturen, \u00d6l- und Kraftstoffst\u00e4nde<\/li>\n\n\n\n<li><strong>Fahrzeugdaten<\/strong> \u2013 Kilometerstand, Geschwindigkeit, Reifendruck (f\u00fcr Mobilkrane)<\/li>\n\n\n\n<li><strong>Wartung und Software-Informationen<\/strong> \u2013 LMB-Status, Diagnose, Softwareversionen<\/li>\n<\/ul>\n\n\n\n<p><\/p>\n\n\n\n<p><strong><u>Datenlogger-Bericht<\/u><\/strong><\/p>\n\n\n\n<p>Der IC1-Remote-Datenlogger zeichnet detaillierte Krandaten f\u00fcr Analyse-, Sicherheits- und Wartungszwecke auf und speichert sie:<\/p>\n\n\n\n<ul>\n<li><strong>Betriebs- und Zeitprotokoll<\/strong> \u2013 genaue Aufzeichnung von Datum, Uhrzeit, Modus und Auslegerkonfiguration<\/li>\n\n\n\n<li><strong>Last- und Reichweitendaten<\/strong> \u2013 aktuelle\/maximale Lasten, Auslastung, Radius, Auslegerh\u00f6he<\/li>\n\n\n\n<li><strong>Sicherheits\u00fcberwachung<\/strong> \u2013 LMB-Stoppereignisse, \u00dcberlastwarnungen, Fehlercodes<\/li>\n\n\n\n<li><strong>Bedieneraktionen<\/strong> \u2013 Heben, Neigen, Schwenken, Teleskopieren, Seilf\u00fchrungskonfiguration<\/li>\n\n\n\n<li><strong>\u00dcberwachung von St\u00fctzen und Gegengewicht<\/strong> \u2013 St\u00fctzlasten, Status des Gegengewichts<\/li>\n<\/ul>\n\n\n\n<div class=\"wp-block-buttons is-layout-flex wp-block-buttons-is-layout-flex\">\n<div class=\"wp-block-button\"><a class=\"wp-block-button__link wp-element-button\" href=\"https:\/\/www.ic-1-remote.com\/signin\" target=\"_blank\" rel=\"noreferrer noopener\">Gehe zu IC-1 Remote<\/a><\/div>\n<\/div>\n\n\n              <\/div>\n            <\/div>\n          <\/li>\n      <\/ul>\n  <\/div>\n<\/section>\n\n<section class=\"overflow-hidden\">\n    <div class=\"container\">\n      <ul class=\"legal-accordion style-small\">\n          <li>\n            <a href=\"#\" class=\"opener\"><span>Hello-Net<\/span><\/a>\n            <div class=\"slide\">\n              <div class=\"slide-wrap\">\n                \n\n<p>Hello-Net-Exporte liefern detaillierte, zeitbasierte Leistungs- und Nutzungsstatistiken f\u00fcr jeden Kran.<\/p>\n\n\n\n<p><strong><u>Datenexporte<\/u><\/strong><\/p>\n\n\n\n<ul>\n<li><strong>Ausr\u00fcstung und Standort<\/strong> \u2013 OEM, Modell, Seriennummer, GPS-Position und letzter bekannter Standort<\/li>\n\n\n\n<li><strong>Nutzung<\/strong> \u2013 Gesamt- und Tagesstunden, PTO und Fahrzeit, Anzahl der Hebevorg\u00e4nge, Lastkennzahlen, Geschwindigkeit<\/li>\n\n\n\n<li><strong>Leistung<\/strong> \u2013 Kraftstoff- und DEF-F\u00fcllst\u00e4nde, Verbrauchsmuster, Temperatur- und Druckdaten<\/li>\n\n\n\n<li><strong>Betrieb <\/strong>\u2013 15-min\u00fctige Statusprotokollierung, Analyse von Betrieb vs. Leerlauf\/No-Load<\/li>\n\n\n\n<li><strong>Wartung und Sicherheit <\/strong>\u2013 Warnmeldungen f\u00fcr Filter, Fl\u00fcssigkeiten, Bremsen, \u00dcberlastungen, \u00dcberdrehzahlen und Alarme<\/li>\n<\/ul>\n\n\n\n<div class=\"wp-block-buttons is-layout-flex wp-block-buttons-is-layout-flex\">\n<div class=\"wp-block-button\"><a class=\"wp-block-button__link wp-element-button\" href=\"https:\/\/hellonet-owners.tadano.jp\/login\/\" target=\"_blank\" rel=\"noreferrer noopener\">Gehe zu Hello-Net<\/a><\/div>\n<\/div>\n\n\n              <\/div>\n            <\/div>\n          <\/li>\n      <\/ul>\n  <\/div>\n<\/section>\n\n<section class=\"overflow-hidden\">\n    <div class=\"container\">\n      <ul class=\"legal-accordion style-small\">\n          <li>\n            <a href=\"#\" class=\"opener\"><span>Valla Connect<\/span><\/a>\n            <div class=\"slide\">\n              <div class=\"slide-wrap\">\n                \n\n<p>Valla Connect bietet strukturierte Exporte, die wichtige Flotten- und Maschinendaten f\u00fcr Transparenz und Leistungs\u00fcberwachung liefern.<\/p>\n\n\n\n<p><strong><u>Datenexporte<\/u><\/strong><\/p>\n\n\n\n<ul>\n<li><strong>System- und Ger\u00e4teinformationen<\/strong> \u2013 Maschinen-ID, Typ, Modell und Betriebsstatus<\/li>\n\n\n\n<li><strong>Standortverfolgung<\/strong> \u2013 GPS-Position, Datum und Uhrzeit der Aufnahme<\/li>\n\n\n\n<li><strong>Betriebsdaten<\/strong> \u2013 Maschinentyp, Konfiguration und aufgezeichnete Aktivit\u00e4ten<\/li>\n\n\n\n<li><strong>Diagnose &amp; Fehlercodes<\/strong> \u2013 maschinengenerierte Fehlerberichte zur Fehlererkennung und Wartungsplanung<\/li>\n<\/ul>\n\n\n\n<div class=\"wp-block-buttons is-layout-flex wp-block-buttons-is-layout-flex\">\n<div class=\"wp-block-button\"><a class=\"wp-block-button__link wp-element-button\" href=\"https:\/\/sso.cobointouch.net\/realms\/CoboIntouchSSO\/protocol\/openid-connect\/auth?scope=openid+profile+email&amp;response_type=code&amp;redirect_uri=https%3A%2F%2Fwww.cobointouch.net%2Fc%2Fportal%2Flogin&amp;state=446ad5082591add77e6e4d772d7645fb&amp;client_id=Intouch\" target=\"_blank\" rel=\"noreferrer noopener\">gehe zu Valla Connect<\/a><\/div>\n<\/div>\n\n\n              <\/div>\n            <\/div>\n          <\/li>\n      <\/ul>\n  <\/div>\n<\/section>\n\n<section class=\"overflow-hidden\">\n    <div class=\"container\">\n      <ul class=\"legal-accordion style-small\">\n          <li>\n            <a href=\"#\" class=\"opener\"><span>PM Connect<\/span><\/a>\n            <div class=\"slide\">\n              <div class=\"slide-wrap\">\n                \n\n<p>PM Connect liefert strukturierte Datens\u00e4tze, die den Standort, die Konfiguration, die Betriebsparameter und den Wartungsstatus von Kranen abdecken.<\/p>\n\n\n\n<p><strong><u>Datenexporte<\/u><\/strong><\/p>\n\n\n\n<ul>\n<li><strong>Standort &amp; Zeit<\/strong> \u2013 Datums-\/Zeitstempel, GPS-Koordinaten, H\u00f6he, Projektname<\/li>\n\n\n\n<li><strong>Krankonfiguration und -status<\/strong> \u2013 montierter Krantyp, Arbeitsbereich, Ausleger- und Schwenkwinkel, Stabilisatorverl\u00e4ngerungen und -status, Neigungsmesswerte<\/li>\n\n\n\n<li><strong>Hydraulische und mechanische Messwerte<\/strong> \u2013 Zylinderdruck, Ventilblockdruck, Windenlast, \u00d6ltemperatur<\/li>\n\n\n\n<li><strong>Betriebsmodi und Steuerungen<\/strong> \u2013 Kranmodus, Werkzeugmodus, Stabilisatoreinstellungen, Aktivierung von Magnetventilen<\/li>\n\n\n\n<li><strong>Stoppbedingungen und Wartung<\/strong> \u2013 Ausl\u00f6ser f\u00fcr \u00dcberlastung, Ausrichtung, Zylinderendhub, Neigung, fehlende Stabilisatorendaten; Betriebsstunden, Wartungs-Countdowns, Zapfwellen- und Motor-Timer, Notfall- und Begrenzungsz\u00e4hler<\/li>\n\n\n\n<li><strong>Ereignis- und Fehlerprotokolle<\/strong> \u2013 zeitgestempelte Betriebsaufzeichnungen mit Systemstatus und Parameter-Snapshots f\u00fcr Diagnose und Analyse<\/li>\n<\/ul>\n\n\n\n<div class=\"wp-block-buttons is-layout-flex wp-block-buttons-is-layout-flex\">\n<div class=\"wp-block-button\"><a class=\"wp-block-button__link wp-element-button\" href=\"https:\/\/mya4u.com\/login\" target=\"_blank\" rel=\"noreferrer noopener\">Gehe zu PM Connect<\/a><\/div>\n<\/div>\n\n\n              <\/div>\n            <\/div>\n          <\/li>\n      <\/ul>\n  <\/div>\n<\/section>\n\n<section class=\"overflow-hidden\">\n    <div class=\"container\">\n      <ul class=\"legal-accordion style-small\">\n          <li>\n            <a href=\"#\" class=\"opener\"><span>Oil&amp;Steel Connect<\/span><\/a>\n            <div class=\"slide\">\n              <div class=\"slide-wrap\">\n                \n\n<p>Oil &amp; Steel Connect zeichnet Betriebsdaten, Standort und Wartungsindikatoren auf.<\/p>\n\n\n\n<p><strong><u>Datenexporte<\/u><\/strong><\/p>\n\n\n\n<ul>\n<li><strong>Ort &amp; Zeit<\/strong> \u2013 Zeitstempel, GPS-Koordinaten, H\u00f6he, Projektname<\/li>\n\n\n\n<li><strong>Systemstatus <\/strong>\u2013 Gesamtarbeitsstunden, Softwareversion, aktive Fehleranzeigen<\/li>\n\n\n\n<li><strong>Wartung und Service<\/strong> \u2013 Wartungsstatus-Flag, Notfall- und Begrenzungsz\u00e4hler<\/li>\n\n\n\n<li><strong>Betriebszeitmesser <\/strong>\u2013 t\u00e4gliche Betriebszeit von Zapfwelle, Motor, oberem Teil und unterem Teil<\/li>\n\n\n\n<li><strong>Nutzungs\u00fcberwachung <\/strong>\u2013 Status der Zapfwellenaktivierung und Betriebsstunden f\u00fcr die Leistungsanalyse<\/li>\n<\/ul>\n\n\n\n<div class=\"wp-block-buttons is-layout-flex wp-block-buttons-is-layout-flex\">\n<div class=\"wp-block-button\"><a class=\"wp-block-button__link wp-element-button\" href=\"https:\/\/mya4u.com\/login\" target=\"_blank\" rel=\"noreferrer noopener\">gehe zu Oil&amp;steel Connect<\/a><\/div>\n<\/div>\n\n\n              <\/div>\n            <\/div>\n          <\/li>\n      <\/ul>\n  <\/div>\n<\/section>\n\n\n<div style=\"height:50px\" aria-hidden=\"true\" class=\"wp-block-spacer\"><\/div>\n\n\n<div id=\"commitment\"><\/div>\n\n\n\n<h2 class=\"wp-block-heading\">Unser engagement<\/h2>\n\n\n\n<p>Tadano begr\u00fc\u00dft die Grunds\u00e4tze des EU-Datenschutzgesetzes als Chance, engere Partnerschaften mit unseren Kunden und Stakeholdern aufzubauen. Wir verpflichten uns zu Folgendem:<\/p>\n\n\n\n<ul>\n<li>Gew\u00e4hrleistung von <strong>Datentransparenz<\/strong> ohne Beeintr\u00e4chtigung der Systemintegrit\u00e4t<\/li>\n\n\n\n<li>Unterst\u00fctzung <strong>datengest\u00fctzter Innovationen<\/strong> im Kranbetrieb und Flottenmanagement<\/li>\n\n\n\n<li>Erm\u00f6glichung einer <strong>offenen Zusammenarbeit<\/strong> entlang der gesamten Wertsch\u00f6pfungskette durch verantwortungsvollen Datenaustausch<\/li>\n<\/ul>\n\n\n\n<div style=\"height:50px\" aria-hidden=\"true\" class=\"wp-block-spacer\"><\/div>\n\n\n\n<h2 class=\"wp-block-heading\">Wir sind da, um zu helfen<\/h2>\n\n\n\n<p>Tadano verpflichtet sich zur vollst\u00e4ndigen Einhaltung des EU-Datenschutzgesetzes (Verordnung (EU) 2023\/2854) und zur Bereitstellung eines transparenten Zugangs zu produktgenerierten Daten, sofern zutreffend.<\/p>\n\n\n\n<p>Wenn Sie Fragen zu Ihren Datenzugriffsrechten haben, Zugang zu maschinengenerierten Daten beantragen m\u00f6chten oder weitere Informationen dar\u00fcber ben\u00f6tigen, wie Tadano Daten gem\u00e4\u00df dem EU-Datenschutzgesetz behandelt, steht Ihnen unser Team gerne zur Verf\u00fcgung.<\/p>\n\n\n\n<div class=\"wp-block-buttons is-layout-flex wp-block-buttons-is-layout-flex\">\n<div class=\"wp-block-button\"><a class=\"wp-block-button__link wp-element-button\" href=\"https:\/\/www.tadano.com\/benelux\/de\/ueber-uns\/ihr-kontakt-zu-uns\/\" target=\"_blank\" rel=\"noreferrer noopener\">kontaktieren sie uns<\/a><\/div>\n<\/div>\n\n\n\n<div style=\"height:50px\" aria-hidden=\"true\" class=\"wp-block-spacer\"><\/div>\n","protected":false},"excerpt":{"rendered":"<p>Vereinbarung Zur Datennutzung Tadano verpflichtet sich zu einem verantwortungsvollen, fairen und rechtm\u00e4\u00dfigen Umgang mit Daten. Diese Vereinbarung zur Datennutzung informiert Sie \u00fcber die Bedingungen f\u00fcr die Verwendung, Weitergabe und Verarbeitung von Daten gem\u00e4\u00df der Verordnung (EU) 2023\/2854 (\u201eEU-Datenschutzgesetz\u201c). Telematik-l\u00f6sungen Bei Tadano haben wir uns dazu verpflichtet, innovative Telematikl\u00f6sungen anzubieten, die die Sicherheit, Effizienz und Produktivit\u00e4t [&hellip;]<\/p>\n","protected":false},"author":2,"featured_media":0,"parent":0,"menu_order":0,"comment_status":"closed","ping_status":"closed","template":"","meta":{"_acf_changed":false,"footnotes":""},"acf":[],"yoast_head":"<!-- This site is optimized with the Yoast SEO plugin v22.3 - https:\/\/yoast.com\/wordpress\/plugins\/seo\/ -->\n<title>Richtlinien Zur Verwendung von produktdaten - Benelux<\/title>\n<meta name=\"robots\" content=\"index, follow, max-snippet:-1, max-image-preview:large, max-video-preview:-1\" \/>\n<link rel=\"canonical\" href=\"https:\/\/www.tadano.com\/benelux\/richtlinien-zur-verwendung-von-produktdaten\/\" \/>\n<meta property=\"og:locale\" content=\"de_DE\" \/>\n<meta property=\"og:type\" content=\"article\" \/>\n<meta property=\"og:title\" content=\"Richtlinien Zur Verwendung von produktdaten - Benelux\" \/>\n<meta property=\"og:description\" content=\"Vereinbarung Zur Datennutzung Tadano verpflichtet sich zu einem verantwortungsvollen, fairen und rechtm\u00e4\u00dfigen Umgang mit Daten. Diese Vereinbarung zur Datennutzung informiert Sie \u00fcber die Bedingungen f\u00fcr die Verwendung, Weitergabe und Verarbeitung von Daten gem\u00e4\u00df der Verordnung (EU) 2023\/2854 (\u201eEU-Datenschutzgesetz\u201c). Telematik-l\u00f6sungen Bei Tadano haben wir uns dazu verpflichtet, innovative Telematikl\u00f6sungen anzubieten, die die Sicherheit, Effizienz und Produktivit\u00e4t [&hellip;]\" \/>\n<meta property=\"og:url\" content=\"https:\/\/www.tadano.com\/benelux\/richtlinien-zur-verwendung-von-produktdaten\/\" \/>\n<meta property=\"og:site_name\" content=\"Benelux\" \/>\n<meta property=\"article:modified_time\" content=\"2025-09-15T08:42:26+00:00\" \/>\n<meta name=\"twitter:card\" content=\"summary_large_image\" \/>\n<meta name=\"twitter:label1\" content=\"Gesch\u00e4tzte Lesezeit\" \/>\n\t<meta name=\"twitter:data1\" content=\"3\u00a0Minuten\" \/>\n<script type=\"application\/ld+json\" class=\"yoast-schema-graph\">{\"@context\":\"https:\/\/schema.org\",\"@graph\":[{\"@type\":\"WebPage\",\"@id\":\"https:\/\/www.tadano.com\/benelux\/richtlinien-zur-verwendung-von-produktdaten\/\",\"url\":\"https:\/\/www.tadano.com\/benelux\/richtlinien-zur-verwendung-von-produktdaten\/\",\"name\":\"Richtlinien Zur Verwendung von produktdaten - Benelux\",\"isPartOf\":{\"@id\":\"https:\/\/www.tadano.com\/benelux\/en\/#website\"},\"datePublished\":\"2025-08-06T11:49:40+00:00\",\"dateModified\":\"2025-09-15T08:42:26+00:00\",\"inLanguage\":\"de\",\"potentialAction\":[{\"@type\":\"ReadAction\",\"target\":[\"https:\/\/www.tadano.com\/benelux\/richtlinien-zur-verwendung-von-produktdaten\/\"]}]},{\"@type\":\"WebSite\",\"@id\":\"https:\/\/www.tadano.com\/benelux\/en\/#website\",\"url\":\"https:\/\/www.tadano.com\/benelux\/en\/\",\"name\":\"Benelux\",\"description\":\"Just another TADANO EUROPE site\",\"potentialAction\":[{\"@type\":\"SearchAction\",\"target\":{\"@type\":\"EntryPoint\",\"urlTemplate\":\"https:\/\/www.tadano.com\/benelux\/en\/?s={search_term_string}\"},\"query-input\":\"required name=search_term_string\"}],\"inLanguage\":\"de\"}]}<\/script>\n<!-- \/ Yoast SEO plugin. -->","yoast_head_json":{"title":"Richtlinien Zur Verwendung von produktdaten - Benelux","robots":{"index":"index","follow":"follow","max-snippet":"max-snippet:-1","max-image-preview":"max-image-preview:large","max-video-preview":"max-video-preview:-1"},"canonical":"https:\/\/www.tadano.com\/benelux\/richtlinien-zur-verwendung-von-produktdaten\/","og_locale":"de_DE","og_type":"article","og_title":"Richtlinien Zur Verwendung von produktdaten - Benelux","og_description":"Vereinbarung Zur Datennutzung Tadano verpflichtet sich zu einem verantwortungsvollen, fairen und rechtm\u00e4\u00dfigen Umgang mit Daten. Diese Vereinbarung zur Datennutzung informiert Sie \u00fcber die Bedingungen f\u00fcr die Verwendung, Weitergabe und Verarbeitung von Daten gem\u00e4\u00df der Verordnung (EU) 2023\/2854 (\u201eEU-Datenschutzgesetz\u201c). Telematik-l\u00f6sungen Bei Tadano haben wir uns dazu verpflichtet, innovative Telematikl\u00f6sungen anzubieten, die die Sicherheit, Effizienz und Produktivit\u00e4t [&hellip;]","og_url":"https:\/\/www.tadano.com\/benelux\/richtlinien-zur-verwendung-von-produktdaten\/","og_site_name":"Benelux","article_modified_time":"2025-09-15T08:42:26+00:00","twitter_card":"summary_large_image","twitter_misc":{"Gesch\u00e4tzte Lesezeit":"3\u00a0Minuten"},"schema":{"@context":"https:\/\/schema.org","@graph":[{"@type":"WebPage","@id":"https:\/\/www.tadano.com\/benelux\/richtlinien-zur-verwendung-von-produktdaten\/","url":"https:\/\/www.tadano.com\/benelux\/richtlinien-zur-verwendung-von-produktdaten\/","name":"Richtlinien Zur Verwendung von produktdaten - Benelux","isPartOf":{"@id":"https:\/\/www.tadano.com\/benelux\/en\/#website"},"datePublished":"2025-08-06T11:49:40+00:00","dateModified":"2025-09-15T08:42:26+00:00","inLanguage":"de","potentialAction":[{"@type":"ReadAction","target":["https:\/\/www.tadano.com\/benelux\/richtlinien-zur-verwendung-von-produktdaten\/"]}]},{"@type":"WebSite","@id":"https:\/\/www.tadano.com\/benelux\/en\/#website","url":"https:\/\/www.tadano.com\/benelux\/en\/","name":"Benelux","description":"Just another TADANO EUROPE site","potentialAction":[{"@type":"SearchAction","target":{"@type":"EntryPoint","urlTemplate":"https:\/\/www.tadano.com\/benelux\/en\/?s={search_term_string}"},"query-input":"required name=search_term_string"}],"inLanguage":"de"}]}},"_links":{"self":[{"href":"https:\/\/www.tadano.com\/benelux\/de\/wp-json\/wp\/v2\/pages\/28846"}],"collection":[{"href":"https:\/\/www.tadano.com\/benelux\/de\/wp-json\/wp\/v2\/pages"}],"about":[{"href":"https:\/\/www.tadano.com\/benelux\/de\/wp-json\/wp\/v2\/types\/page"}],"author":[{"embeddable":true,"href":"https:\/\/www.tadano.com\/benelux\/de\/wp-json\/wp\/v2\/users\/2"}],"replies":[{"embeddable":true,"href":"https:\/\/www.tadano.com\/benelux\/de\/wp-json\/wp\/v2\/comments?post=28846"}],"version-history":[{"count":3,"href":"https:\/\/www.tadano.com\/benelux\/de\/wp-json\/wp\/v2\/pages\/28846\/revisions"}],"predecessor-version":[{"id":28870,"href":"https:\/\/www.tadano.com\/benelux\/de\/wp-json\/wp\/v2\/pages\/28846\/revisions\/28870"}],"wp:attachment":[{"href":"https:\/\/www.tadano.com\/benelux\/de\/wp-json\/wp\/v2\/media?parent=28846"}],"curies":[{"name":"wp","href":"https:\/\/api.w.org\/{rel}","templated":true}]}}