{"id":28849,"date":"2025-08-12T11:17:39","date_gmt":"2025-08-12T11:17:39","guid":{"rendered":"https:\/\/www.tadano.com\/benelux\/cranebee\/"},"modified":"2026-03-26T11:43:55","modified_gmt":"2026-03-26T11:43:55","slug":"cranebee","status":"publish","type":"page","link":"https:\/\/www.tadano.com\/benelux\/de\/cranebee\/","title":{"rendered":"CRANEbee"},"content":{"rendered":"\n\n\n<section class=\"hero-section\">\n\n\t\n\t\t\t<style type=\"text\/css\">\n\t\t\t.hero-section .img-holder:before {\n\t\t\t\tdisplay: none;\n\t\t\t}\n\t\t<\/style>\n\t\n\t\n\t<div class=\"img-holder \">\n\t\t\t\t<div class=\"bg-stretch\" style=\"background-position: 0 0; \">\n\t\t\t<span data-srcset=\"https:\/\/mediahub.tadano.com\/m\/2e8dca6ed44416d6\/hero-img_Demag_Demag_CC_2800-1_Tandem_Hareket_-1-jpg.jpg, https:\/\/mediahub.tadano.com\/m\/2e8dca6ed44416d6\/hero_2x-img_Demag_Demag_CC_2800-1_Tandem_Hareket_-1-jpg.jpg 2x\"><\/span>\n\t\t<\/div>\n\t\t\t\t\t\t<div class=\"logo green-solutions\" style=\"display:none;\">\n\t\t\t<a href=\"#\"><img decoding=\"async\" src=\"https:\/\/www.tadano.com\/benelux\/wp-content\/themes\/tadano\/assets\/dist\/images\/Green-Solutions_Logo_White.svg\"><\/a>\n\t\t<\/div>\n\t<\/div>\n\t<div class=\"container\">\n\t\t<div class=\"text-holder \">\n\t\t\t<div class=\"wrap\">\n\t\t\t\t\n\t\t\t\t<ul class=\"breadcrumbs\"><li><a href=\"https:\/\/www.tadano.com\/benelux\/de\/\">Startseite<\/a><\/li><\/ul>\n\t\t\t\t\n\n<h1 class=\"wp-block-heading\">CRANE<span style=\"text-transform: lowercase;\" class=\"custom-lowercase\">bee<\/span><\/h1>\n\n\n\n<p>Intelligente Kraneinsatzplanung \u2013 aus dem Hause CRANIMAX.<\/p>\n\n\n\n\t\t\t\t\n\t\t\t<\/div>\n\n\t\t\t\n\t\t\t\n\t\t\t\n\t\t<\/div>\n\t<\/div>\n<\/section>\n\n\n<div class=\"wp-block-group is-style-background-triangle-right is-layout-flow wp-block-group-is-layout-flow\"><div class=\"wp-block-group__inner-container\">\n<h2 class=\"wp-block-heading\">Die Technologie<\/h2>\n\n\n\n<p><strong><strong>PLANEN MIT PR\u00c4ZISION<\/strong><\/strong><\/p>\n\n\n\n<div class=\"wp-block-columns is-layout-flex wp-container-core-columns-layout-1 wp-block-columns-is-layout-flex\">\n<div class=\"wp-block-column is-layout-flow wp-block-column-is-layout-flow\">\n<p>Kein Kraneinsatz gleicht dem anderen. Von beengten Baustellen bis zu strengen Sicherheitsvorschriften \u2013 Planung ist unverzichtbar und CRANEbee liefert. Das von unserem bew\u00e4hrten Partner CRANIMAX entwickelte CRANEbee ist eine moderne Planungssoftware, mit der Sie Ihre Kraneins\u00e4tze anhand exakter 3D-Modelle Ihrer Tadano Krane simulieren und optimieren k\u00f6nnen.<\/p>\n<\/div>\n\n\n\n<div class=\"wp-block-column is-layout-flow wp-block-column-is-layout-flow\">\n<p>Von der Auswahl der optimalen Krankonfiguration bis zur dreidimensionalen Darstellung der Baustelle: mit CRANEbee verk\u00fcrzen Sie die R\u00fcstzeiten, senken die Transportkosten und maximieren die Effizienz im Einsatz. F\u00fcr Tadano Gittermast-Raupenkrane (CC) gibt es jetzt einen speziellen Kranaufbau-Modus mit pr\u00e4zisen Bodendruckangaben w\u00e4hrend des Aufbaus \u2013 immer gem\u00e4\u00df den offiziellen Herstellerspezifikationen.<\/p>\n<\/div>\n\n\n\n<div class=\"wp-block-column is-layout-flow wp-block-column-is-layout-flow\">\n<figure class=\"wp-block-image size-large is-resized is-style-default\"><img decoding=\"async\" src=\"https:\/\/www.cranimax.com\/fileadmin\/_processed_\/1\/d\/csm_01-kranliste_b5f8f02496.png\" alt=\"\"\/><\/figure>\n<\/div>\n<\/div>\n\n\n\n<div class=\"wp-block-columns is-layout-flex wp-container-core-columns-layout-2 wp-block-columns-is-layout-flex\">\n<div class=\"wp-block-column is-layout-flow wp-block-column-is-layout-flow\" style=\"flex-basis:33.33%\">\n<figure class=\"wp-block-image size-large is-style-default\"><img decoding=\"async\" src=\"https:\/\/www.cranimax.com\/fileadmin\/_processed_\/4\/0\/csm_04-drohnen-1_1aa8389d69.png\" alt=\"\"\/><\/figure>\n<\/div>\n\n\n\n<div class=\"wp-block-column is-layout-flow wp-block-column-is-layout-flow\" style=\"flex-basis:66.66%\">\n<p><strong><strong>REALISTISCHE BAUSTELLEN-SIMULATION<\/strong><\/strong><br>Platzieren Sie Ihren Tadano Kran auf einem 2D-Lageplan oder importieren Sie Fotos der Baustelle f\u00fcr Ihre Planung. Erstellen Sie dann dreidimensionale Hindernisse, pr\u00fcfen sie auf Kollisionspunkte, berechnen Sie den Bodendruck und passen Sie Ihre Planung in Echtzeit an. Ganz gleich, ob Stadtzentrum oder beengtes Gewerbegebiet \u2013 Sie wissen, dass Ihr Hubeinsatz funktionieren wird, bevor Sie \u00fcberhaupt vor Ort sind.<\/p>\n\n\n\n<p><strong><strong><strong>OPTIMALE KONFIGURATION, GANZ AUTOMATISCH<\/strong><\/strong><\/strong><br>Basierend auf der Last, Ausladung, H\u00f6he und weiteren Faktoren unterst\u00fctzt Sie CRANEbee bei der Auswahl des optimalen Krans mit der optimalen Konfiguration f\u00fcr Ihr Projekt. Genauso k\u00f6nnen Sie direkt die Hindernissuche nutzen oder Kranparameter manuell eingeben.<\/p>\n\n\n\n<p><strong><strong>NEUE FUNKTIONEN \u2013 EXKLUSIV F\u00dcR TADANO CC-KRANE<\/strong><\/strong><\/p>\n\n\n\n<ul>\n<li><strong>Kranaufbau-Modus<\/strong>: Simulieren Sie den Kranaufbau und berechnen Sie exakt den dabei entstehenden Bodendruck \u2013 exklusiv f\u00fcr Tadano Gittermast-Raupenkrane (CC).<\/li>\n\n\n\n<li><strong>Superlift-Interpolation:<\/strong> Interpolieren Sie frei zwischen Auslegerwinkeln und Ballastpositionen \u2013 vollst\u00e4ndig in Echtzeit visualisiert und dokumentiert.<\/li>\n\n\n\n<li><strong>Interpolierte PLMin-Kurve<\/strong>: Dokumentieren Sie die interpolierte Mindesttragf\u00e4higkeit (PLMin) in Abh\u00e4ngigkeit von Last, Radius und aktuellen Einsatzbedingungen \u2013 direkt in der Traglasttabelle und auf dem Ausdruck.<\/li>\n\n\n\n<li><strong>Verbesserte Funktionen f\u00fcr den Kranaufbau: <\/strong>Der erweiterte Kranaufbau-Modus unterst\u00fctzt Teleskopausleger, Gittermastausleger und weitere Varianten mit erh\u00f6hter Pr\u00e4zision \u2013 optimiert f\u00fcr Tadano Raupenkrane.<\/li>\n<\/ul>\n<\/div>\n<\/div>\n\n\n<section class=\"video-block\">\n  <div class=\"video-box\">\n        <a aria-labelledby=\"video-txt\" data-fancybox href=\"https:\/\/www.youtube.com\/watch?v=8Fl8GaDo-V8\" class=\"video\">\n      <span class=\"play-btn\"><\/span>\n              <div class=\"bg-stretch\" >\n          <span data-srcset=\"https:\/\/img.youtube.com\/vi\/8Fl8GaDo-V8\/hqdefault.jpg, https:\/\/img.youtube.com\/vi\/8Fl8GaDo-V8\/hqdefault.jpg 2x\"><\/span>\n        <\/div>\n          <\/a>\n    <div class=\"video-txt\">\n                    <a href=\"https:\/\/www.youtube.com\/watch?v=8Fl8GaDo-V8\" class=\"video-link\">Jetzt ansehen<\/a>\n          <\/div>\n  <\/div>\n<\/section>\n\n\n<p><strong><strong>CAD- UND PDF-EXPORT<\/strong><\/strong><br>Exportieren Sie Ihren Kraneinsatzplan ganz einfach nach AutoCAD oder erstellen Sie einen professionellen Ausdruck mit allen wichtigen Planungsdaten \u2013 einschlie\u00dflich Krankonfigurationen, Traglasttabellen, Bodendruck und Baustellen-Lageplan. CRANEbee ist vollkompatibel mit den AutoCAD-Versionen 2018 bis 2026.<\/p>\n\n\n\n<p><strong><strong>HAUPTFUNKTIONEN<\/strong><\/strong><\/p>\n\n\n\n<ul>\n<li>Dreidimensionale Kran- und Baustellensimulation<\/li>\n\n\n\n<li>Automatische Kran- und Konfigurationsauswahl<\/li>\n\n\n\n<li>Bodendruck-Berechnung<\/li>\n\n\n\n<li>CAD- und PDF-Export<\/li>\n\n\n\n<li>Tandemhub-Unterst\u00fctzung<\/li>\n\n\n\n<li>Unterst\u00fctzung von \u00fcber 50 Kranherstellern \u2013 einschlie\u00dflich der gesamten Tadano Raupenkran-Datenbank<\/li>\n\n\n\n<li>Regelm\u00e4\u00dfige Updates und technischer Support<\/li>\n<\/ul>\n\n\n\n<p><strong><strong>LIZENZIERUNG UND ZUGANG<\/strong><\/strong><\/p>\n\n\n\n<p>In der CRANEbee-Lizenz enthalten:<\/p>\n\n\n\n<ul>\n<li>Software-Revisionen<\/li>\n\n\n\n<li>Technischer Support<\/li>\n\n\n\n<li>Aktualisierte Krankonfigurationen und Traglasttabellen<\/li>\n\n\n\n<li>Voller Zugriff auf den Kranaufbau-Modus, Bodendruckberechnungen und CAD-Funktionen<\/li>\n<\/ul>\n\n\n\n<p>Hinweis: Jedes CC-Kranmodell kann nur einmal registriert werden.<\/p>\n\n\n\n<p>F\u00fcr Tadano Mobilkrane ist CRANEbee als separat erh\u00e4ltliches Softwarepaket in Verbindung mit dem Kran erh\u00e4ltlich.<\/p>\n\n\n\n<p><strong><strong>PLANEN SIE INTELLIGENTER<\/strong><\/strong><\/p>\n\n\n\n<p>Ob Sie ein Angebot f\u00fcr ein Projekt erstellen oder einen schwierigen Kraneinsatz vorbereiten \u2013 mit CRANEbee ist es gleich beim ersten Mal perfekt.<\/p>\n\n\n\n<p>Besuchen Sie <strong><a href=\"http:\/\/www.cranimax.com\" target=\"_blank\" rel=\"noreferrer noopener\">www.cranimax.com<\/a><\/strong> f\u00fcr weitere Informationen oder fordern Sie Ihre Lizenz bei Ihren Tadano Ansprechpartner an.<\/p>\n<\/div><\/div>\n","protected":false},"excerpt":{"rendered":"<p>Die Technologie PLANEN MIT PR\u00c4ZISION Kein Kraneinsatz gleicht dem anderen. Von beengten Baustellen bis zu strengen Sicherheitsvorschriften \u2013 Planung ist unverzichtbar und CRANEbee liefert. Das von unserem bew\u00e4hrten Partner CRANIMAX entwickelte CRANEbee ist eine moderne Planungssoftware, mit der Sie Ihre Kraneins\u00e4tze anhand exakter 3D-Modelle Ihrer Tadano Krane simulieren und optimieren k\u00f6nnen. Von der Auswahl der [&hellip;]<\/p>\n","protected":false},"author":3,"featured_media":0,"parent":0,"menu_order":0,"comment_status":"closed","ping_status":"closed","template":"","meta":{"_acf_changed":false,"footnotes":""},"acf":[],"yoast_head":"<!-- This site is optimized with the Yoast SEO plugin v22.3 - https:\/\/yoast.com\/wordpress\/plugins\/seo\/ -->\n<title>CRANEbee<\/title>\n<meta name=\"robots\" content=\"index, follow, max-snippet:-1, max-image-preview:large, max-video-preview:-1\" \/>\n<link rel=\"canonical\" href=\"https:\/\/www.tadano.com\/benelux\/de\/cranebee\/\" \/>\n<meta property=\"og:locale\" content=\"de_DE\" \/>\n<meta property=\"og:type\" content=\"article\" \/>\n<meta property=\"og:title\" content=\"CRANEbee\" \/>\n<meta property=\"og:description\" content=\"Die Technologie PLANEN MIT PR\u00c4ZISION Kein Kraneinsatz gleicht dem anderen. Von beengten Baustellen bis zu strengen Sicherheitsvorschriften \u2013 Planung ist unverzichtbar und CRANEbee liefert. Das von unserem bew\u00e4hrten Partner CRANIMAX entwickelte CRANEbee ist eine moderne Planungssoftware, mit der Sie Ihre Kraneins\u00e4tze anhand exakter 3D-Modelle Ihrer Tadano Krane simulieren und optimieren k\u00f6nnen. Von der Auswahl der [&hellip;]\" \/>\n<meta property=\"og:url\" content=\"https:\/\/www.tadano.com\/benelux\/de\/cranebee\/\" \/>\n<meta property=\"og:site_name\" content=\"Benelux\" \/>\n<meta property=\"article:modified_time\" content=\"2026-03-26T11:43:55+00:00\" \/>\n<meta property=\"og:image\" content=\"https:\/\/www.cranimax.com\/fileadmin\/_processed_\/1\/d\/csm_01-kranliste_b5f8f02496.png\" \/>\n<meta name=\"twitter:card\" content=\"summary_large_image\" \/>\n<meta name=\"twitter:label1\" content=\"Gesch\u00e4tzte Lesezeit\" \/>\n\t<meta name=\"twitter:data1\" content=\"3\u00a0Minuten\" \/>\n<script type=\"application\/ld+json\" class=\"yoast-schema-graph\">{\"@context\":\"https:\/\/schema.org\",\"@graph\":[{\"@type\":\"WebPage\",\"@id\":\"https:\/\/www.tadano.com\/benelux\/de\/cranebee\/\",\"url\":\"https:\/\/www.tadano.com\/benelux\/de\/cranebee\/\",\"name\":\"CRANEbee\",\"isPartOf\":{\"@id\":\"https:\/\/www.tadano.com\/benelux\/en\/#website\"},\"primaryImageOfPage\":{\"@id\":\"https:\/\/www.tadano.com\/benelux\/de\/cranebee\/#primaryimage\"},\"image\":{\"@id\":\"https:\/\/www.tadano.com\/benelux\/de\/cranebee\/#primaryimage\"},\"thumbnailUrl\":\"https:\/\/www.cranimax.com\/fileadmin\/_processed_\/1\/d\/csm_01-kranliste_b5f8f02496.png\",\"datePublished\":\"2025-08-12T11:17:39+00:00\",\"dateModified\":\"2026-03-26T11:43:55+00:00\",\"inLanguage\":\"de\",\"potentialAction\":[{\"@type\":\"ReadAction\",\"target\":[\"https:\/\/www.tadano.com\/benelux\/de\/cranebee\/\"]}]},{\"@type\":\"ImageObject\",\"inLanguage\":\"de\",\"@id\":\"https:\/\/www.tadano.com\/benelux\/de\/cranebee\/#primaryimage\",\"url\":\"https:\/\/www.cranimax.com\/fileadmin\/_processed_\/1\/d\/csm_01-kranliste_b5f8f02496.png\",\"contentUrl\":\"https:\/\/www.cranimax.com\/fileadmin\/_processed_\/1\/d\/csm_01-kranliste_b5f8f02496.png\"},{\"@type\":\"WebSite\",\"@id\":\"https:\/\/www.tadano.com\/benelux\/en\/#website\",\"url\":\"https:\/\/www.tadano.com\/benelux\/en\/\",\"name\":\"Benelux\",\"description\":\"Just another TADANO EUROPE site\",\"potentialAction\":[{\"@type\":\"SearchAction\",\"target\":{\"@type\":\"EntryPoint\",\"urlTemplate\":\"https:\/\/www.tadano.com\/benelux\/en\/?s={search_term_string}\"},\"query-input\":\"required name=search_term_string\"}],\"inLanguage\":\"de\"}]}<\/script>\n<!-- \/ Yoast SEO plugin. -->","yoast_head_json":{"title":"CRANEbee","robots":{"index":"index","follow":"follow","max-snippet":"max-snippet:-1","max-image-preview":"max-image-preview:large","max-video-preview":"max-video-preview:-1"},"canonical":"https:\/\/www.tadano.com\/benelux\/de\/cranebee\/","og_locale":"de_DE","og_type":"article","og_title":"CRANEbee","og_description":"Die Technologie PLANEN MIT PR\u00c4ZISION Kein Kraneinsatz gleicht dem anderen. Von beengten Baustellen bis zu strengen Sicherheitsvorschriften \u2013 Planung ist unverzichtbar und CRANEbee liefert. Das von unserem bew\u00e4hrten Partner CRANIMAX entwickelte CRANEbee ist eine moderne Planungssoftware, mit der Sie Ihre Kraneins\u00e4tze anhand exakter 3D-Modelle Ihrer Tadano Krane simulieren und optimieren k\u00f6nnen. Von der Auswahl der [&hellip;]","og_url":"https:\/\/www.tadano.com\/benelux\/de\/cranebee\/","og_site_name":"Benelux","article_modified_time":"2026-03-26T11:43:55+00:00","og_image":[{"url":"https:\/\/www.cranimax.com\/fileadmin\/_processed_\/1\/d\/csm_01-kranliste_b5f8f02496.png"}],"twitter_card":"summary_large_image","twitter_misc":{"Gesch\u00e4tzte Lesezeit":"3\u00a0Minuten"},"schema":{"@context":"https:\/\/schema.org","@graph":[{"@type":"WebPage","@id":"https:\/\/www.tadano.com\/benelux\/de\/cranebee\/","url":"https:\/\/www.tadano.com\/benelux\/de\/cranebee\/","name":"CRANEbee","isPartOf":{"@id":"https:\/\/www.tadano.com\/benelux\/en\/#website"},"primaryImageOfPage":{"@id":"https:\/\/www.tadano.com\/benelux\/de\/cranebee\/#primaryimage"},"image":{"@id":"https:\/\/www.tadano.com\/benelux\/de\/cranebee\/#primaryimage"},"thumbnailUrl":"https:\/\/www.cranimax.com\/fileadmin\/_processed_\/1\/d\/csm_01-kranliste_b5f8f02496.png","datePublished":"2025-08-12T11:17:39+00:00","dateModified":"2026-03-26T11:43:55+00:00","inLanguage":"de","potentialAction":[{"@type":"ReadAction","target":["https:\/\/www.tadano.com\/benelux\/de\/cranebee\/"]}]},{"@type":"ImageObject","inLanguage":"de","@id":"https:\/\/www.tadano.com\/benelux\/de\/cranebee\/#primaryimage","url":"https:\/\/www.cranimax.com\/fileadmin\/_processed_\/1\/d\/csm_01-kranliste_b5f8f02496.png","contentUrl":"https:\/\/www.cranimax.com\/fileadmin\/_processed_\/1\/d\/csm_01-kranliste_b5f8f02496.png"},{"@type":"WebSite","@id":"https:\/\/www.tadano.com\/benelux\/en\/#website","url":"https:\/\/www.tadano.com\/benelux\/en\/","name":"Benelux","description":"Just another TADANO EUROPE site","potentialAction":[{"@type":"SearchAction","target":{"@type":"EntryPoint","urlTemplate":"https:\/\/www.tadano.com\/benelux\/en\/?s={search_term_string}"},"query-input":"required name=search_term_string"}],"inLanguage":"de"}]}},"_links":{"self":[{"href":"https:\/\/www.tadano.com\/benelux\/de\/wp-json\/wp\/v2\/pages\/28849"}],"collection":[{"href":"https:\/\/www.tadano.com\/benelux\/de\/wp-json\/wp\/v2\/pages"}],"about":[{"href":"https:\/\/www.tadano.com\/benelux\/de\/wp-json\/wp\/v2\/types\/page"}],"author":[{"embeddable":true,"href":"https:\/\/www.tadano.com\/benelux\/de\/wp-json\/wp\/v2\/users\/3"}],"replies":[{"embeddable":true,"href":"https:\/\/www.tadano.com\/benelux\/de\/wp-json\/wp\/v2\/comments?post=28849"}],"version-history":[{"count":2,"href":"https:\/\/www.tadano.com\/benelux\/de\/wp-json\/wp\/v2\/pages\/28849\/revisions"}],"predecessor-version":[{"id":30102,"href":"https:\/\/www.tadano.com\/benelux\/de\/wp-json\/wp\/v2\/pages\/28849\/revisions\/30102"}],"wp:attachment":[{"href":"https:\/\/www.tadano.com\/benelux\/de\/wp-json\/wp\/v2\/media?parent=28849"}],"curies":[{"name":"wp","href":"https:\/\/api.w.org\/{rel}","templated":true}]}}