{"id":29096,"date":"2025-10-30T09:37:26","date_gmt":"2025-10-30T09:37:26","guid":{"rendered":"https:\/\/www.tadano.com\/benelux\/standard-terms-and-conditions-of-use\/"},"modified":"2026-02-02T09:49:33","modified_gmt":"2026-02-02T09:49:33","slug":"allgemeine-nutzungsbedingungen","status":"publish","type":"page","link":"https:\/\/www.tadano.com\/benelux\/de\/allgemeine-nutzungsbedingungen\/","title":{"rendered":"Allgemeine Nutzungsbedingungen"},"content":{"rendered":"\n<p>Bitte beachten Sie, dass die Nutzung s\u00e4mtlicher CAD-Dateien den Nutzungsbedingungen von Tadano unterliegt.<br>Diese Nutzungsbedingungen regeln die Bedingungen f\u00fcr Daten und Dienstleistungen, die von der Tadano Group auf dieser Website angeboten werden.<br>Bitte stellen Sie sicher, dass Sie diese Vereinbarung in Bezug auf die Nutzung der auf dieser Website bereitgestellten Daten und Dienstleistungen einhalten.<\/p>\n\n\n\n<h2 class=\"wp-block-heading\">I. Nutzung der Daten und Haftungsbeschr\u00e4nkung:<\/h2>\n\n\n\n<p>Alle auf der Website ver\u00f6ffentlichten Nachrichten, Daten, Dienstleistungen und sonstigen Informationen sind Eigentum des Unternehmens. Diese Informationen d\u00fcrfen ohne vorherige schriftliche Zustimmung des Unternehmens weder in gedruckter noch in elektronischer Form weitergegeben werden.<\/p>\n\n\n\n<p>Die auf der Website ver\u00f6ffentlichten Daten (die \u201eDaten\u201c) sind ausschlie\u00dfliches Eigentum des Unternehmens. Durch die Nutzung der Website best\u00e4tigt der Nutzer die folgenden Bedingungen:<\/p>\n\n\n\n<ol>\n<li>Das Unternehmen stellt die Daten zum Zweck der Planung oder Visualisierung der Nutzung, Bewegung, Wartung oder Arbeit der Maschine zur Verf\u00fcgung. Die Daten dienen ausschlie\u00dflich als Referenz und k\u00f6nnen von der tats\u00e4chlichen Maschine abweichen.<\/li>\n\n\n\n<li>Der Nutzer ist f\u00fcr die Bewertung s\u00e4mtlicher mit der Nutzung der Daten verbundenen Risiken verantwortlich und \u00fcbernimmt diese, insbesondere im Hinblick auf die Genauigkeit, Vollst\u00e4ndigkeit oder Eignung der Daten.<\/li>\n\n\n\n<li>Das Unternehmen haftet in keiner Weise, insbesondere nicht f\u00fcr Fehler oder Auslassungen in den Daten oder f\u00fcr Verluste oder Sch\u00e4den, die aus der Nutzung der Daten entstehen, einschlie\u00dflich Sch\u00e4den durch Computerviren oder sch\u00e4dlichen Code.<\/li>\n\n\n\n<li>Das Unternehmen haftet in keiner Weise f\u00fcr direkte oder indirekte Sch\u00e4den, die dem Nutzer oder Dritten entstehen, einschlie\u00dflich, jedoch nicht beschr\u00e4nkt auf entgangenen Gewinn, Kosten, Datenverluste, Verluste von Softwarepaketen oder besch\u00e4digte oder verlorene Hardware, einschlie\u00dflich aller Kosten zur Minderung, Wiederherstellung, Reproduktion oder Reparatur solcher Verluste oder Sch\u00e4den.<\/li>\n\n\n\n<li>Bei der Nutzung der bereitgestellten CAD-Daten versteht der Nutzer, dass die Durchbiegung des Auslegers in den Modellen nicht enthalten ist. Die Modelle dienen ausschlie\u00dflich der Darstellung der vom Unternehmen angebotenen Produkte.<\/li>\n<\/ol>\n\n\n\n<h2 class=\"wp-block-heading\">II. Nutzungsbeschr\u00e4nkungen:<\/h2>\n\n\n\n<p>Der Nutzer darf die Daten ausschlie\u00dflich zum Zweck der Planung oder Visualisierung der Nutzung, Bewegung, Wartung oder Arbeit der Maschine verwenden. Sofern der Nutzer keine vorherige schriftliche Zustimmung des Unternehmens erhalten hat, darf er (i) die Daten nicht als Teil eines externen Dienstes weitergeben, (ii) die Daten nicht auf einer Website kopieren oder ver\u00f6ffentlichen, (iii) die Daten nicht auf irgendeinem Speichermedium verbreiten oder (iv) die Daten nicht mit dem Ziel verwenden, mit dem Website-Dienst zu konkurrieren. Ohne Einschr\u00e4nkung des Vorstehenden verpflichtet sich der Nutzer, den Website-Dienst nicht zu verwenden, um:<\/p>\n\n\n\n<p>Wie nachstehend beschrieben, Daten oder Inhalte herunterzuladen, zu ver\u00f6ffentlichen oder in irgendeiner Weise zu \u00fcbertragen, die rechtswidrig, sch\u00e4dlich, bedrohlich, missbr\u00e4uchlich, bel\u00e4stigend, kriminell, verleumderisch, vulg\u00e4r, obsz\u00f6n, in die Privatsph\u00e4re eingreifend, hasserf\u00fcllt oder aus rassistischen, ethischen oder sonstigen Gr\u00fcnden verwerflich sind.<\/p>\n\n\n\n<ul>\n<li>Minderj\u00e4hrigen in irgendeiner Weise Schaden zuzuf\u00fcgen.<\/li>\n<\/ul>\n\n\n\n<ul>\n<li>Sich als eine andere Person oder Organisation auszugeben oder irref\u00fchrende oder falsche Angaben \u00fcber die Zugeh\u00f6rigkeit des Nutzers oder des Unternehmens zu einer Person oder Organisation zu machen. \u2022 Header zu f\u00e4lschen oder Kennungen auf andere Weise zu manipulieren, um den Ursprung von \u00fcber den Dienst gesendeten Daten zu verschleiern.<\/li>\n\n\n\n<li>In irgendeiner Weise Inhalte herunterzuladen, zu ver\u00f6ffentlichen oder zu \u00fcbertragen, die Patente, eingetragene Marken, Gesch\u00e4ftsgeheimnisse, Urheberrechte oder andere ausschlie\u00dfliche Rechte Dritter verletzen.<\/li>\n\n\n\n<li>In irgendeiner Weise unaufgeforderte oder nicht autorisierte Werbung, Werbematerialien, unerw\u00fcnschte \u00d6ffentlichkeitsarbeit, unerw\u00fcnschte Nachrichten oder sonstige Formen der Kontaktaufnahme herunterzuladen, zu ver\u00f6ffentlichen oder zu \u00fcbertragen.<\/li>\n\n\n\n<li>In irgendeiner Weise Materialien herunterzuladen, zu ver\u00f6ffentlichen oder zu \u00fcbertragen, die Computerviren oder sonstigen Code, Dateien oder Programme enthalten, die dazu bestimmt sind, die normale Nutzung von Software, Computerhardware oder Telekommunikationsger\u00e4ten zu unterbrechen, zu zerst\u00f6ren oder einzuschr\u00e4nken.<\/li>\n\n\n\n<li>Den Website-Dienst oder die mit ihm verbundenen Server oder Netzwerke zu behindern oder zu unterbrechen oder gegen Bedingungen, Verfahren, Richtlinien oder Vorschriften zu versto\u00dfen, die f\u00fcr die mit dem Website-Dienst verbundenen Netzwerke gelten.<\/li>\n\n\n\n<li>Einen anderen Nutzer der Website in irgendeiner Weise zu bel\u00e4stigen.<\/li>\n\n\n\n<li>Personenbezogene Daten \u00fcber andere Nutzer der Website zu sammeln oder zu speichern.<\/li>\n\n\n\n<li>Die Website als Speicherort f\u00fcr Remote-Ladevorg\u00e4nge oder als Gateway zu einer anderen Startseite innerhalb oder au\u00dferhalb der Website zu nutzen.<\/li>\n<\/ul>\n\n\n\n<h2 class=\"wp-block-heading\">III. Links zu Websites Dritter:<\/h2>\n\n\n\n<p>Die Website enth\u00e4lt direkte oder indirekte Links (Hyperlinks) zu anderen Websites, Startseiten oder Internetseiten (zusammenfassend \u201eAndere Websites\u201c). Das Unternehmen stellt diese Links ausschlie\u00dflich als Service f\u00fcr die Nutzer der Website zur Verf\u00fcgung. Die Betreiber oder Anbieter dieser Anderen Websites sind allein verantwortlich f\u00fcr deren Inhalte und Informationen. Soweit diese Anderen Websites au\u00dferhalb des angemessenen Einflussbereichs des Unternehmens liegen, bedeutet das Vorhandensein eines Hyperlinks auf der Website nicht, dass deren Inhalte (oder die Inhalte der entsprechenden Anderen Website) vom Unternehmen genehmigt wurden. Das Unternehmen haftet daher in keiner Weise f\u00fcr Verluste oder Sch\u00e4den, die aus der Nutzung solcher Hyperlinks oder Anderer Websites entstehen.<\/p>\n\n\n\n<h2 class=\"wp-block-heading\">IV. Verarbeitung personenbezogener Daten:<\/h2>\n\n\n\n<p>Beim Erwerb von CAD-Daten muss der Nutzer einen Fragebogen ausf\u00fcllen. In diesem Zusammenhang erkl\u00e4rt sich der Nutzer damit einverstanden, korrekte Angaben zu personenbezogenen Daten (Nationalit\u00e4t, Arbeitsplatz, Branche, Zweck der Nutzung der CAD-Daten, aktuell verwendete 3D-CAD-Software und E-Mail-Adresse) zu machen und bereitzustellen. Der Nutzer erkl\u00e4rt sich damit einverstanden, dass personenbezogene Daten zur Verbesserung unserer Dienstleistungen an unsere verbundenen Unternehmen, Tochtergesellschaften und Gesch\u00e4ftspartner weitergegeben werden d\u00fcrfen.<br>Das Nutzerkonto darf ausschlie\u00dflich von der Person verwendet werden, die sich mit dem entsprechenden Namen und der entsprechenden E-Mail-Adresse registriert hat. Nutzer der Website d\u00fcrfen kein anderes Konto als ihr eigenes verwenden. Der Nutzer wird hiermit dar\u00fcber informiert, dass auf der Website registrierte Komponentenhersteller ausschlie\u00dflich Daten \u00fcber Nutzer erhalten, die Daten aus ihren jeweiligen Katalogen heruntergeladen haben.<\/p>\n\n\n\n<h2 class=\"wp-block-heading\">V. Recht auf Entfernung oder Sperrung des Zugangs:<\/h2>\n\n\n\n<p>Das Unternehmen beh\u00e4lt sich das Recht vor, den Zugang zu beenden, wenn der Nutzer gegen diese Allgemeinen Gesch\u00e4ftsbedingungen verst\u00f6\u00dft.<br>Das Unternehmen ist berechtigt, jedoch nicht verpflichtet, den Zugang zu Daten mit sofortiger Wirkung zu beenden oder zu sperren, wenn diese Daten (i) verleumderisch, obsz\u00f6n, gewaltt\u00e4tig, beleidigend oder anderweitig unzul\u00e4ssig, unerw\u00fcnscht oder nach alleinigem Ermessen des Unternehmens verwerflich sind; (ii) gegen geltende Gesetze, Vorschriften oder Rechte Dritter versto\u00dfen, einschlie\u00dflich, jedoch nicht beschr\u00e4nkt auf Urheberrechte sowie Gesetze gegen Verleumdung, \u00fcble Nachrede und Verletzung der Privatsph\u00e4re; oder (iii) gegen die vorstehenden Nutzungsbeschr\u00e4nkungen versto\u00dfen und dem Unternehmen bekannt werden.<\/p>\n\n\n\n<h2 class=\"wp-block-heading\">VI. Mitteilungen:<\/h2>\n\n\n\n<p>Der Nutzer erkl\u00e4rt sich damit einverstanden, dass s\u00e4mtliche Mitteilungen des Unternehmens gem\u00e4\u00df diesen Allgemeinen Gesch\u00e4ftsbedingungen per E-Mail im Klartext an den Nutzer \u00fcbermittelt werden.<\/p>\n\n\n\n<p>Unbeschadet des Vorstehenden gilt diese Bestimmung auch f\u00fcr E-Mails, die m\u00f6glicherweise vertrauliche Daten des Nutzers enthalten, einschlie\u00dflich seines\/ihres Passworts, sofern dieses vergessen wurde und vom Nutzer angefordert wird.<\/p>\n\n\n\n<h2 class=\"wp-block-heading\">VII. Tadano-Dienstleistungen und Gew\u00e4hrleistung:<\/h2>\n\n\n\n<p>Das Unternehmen ist bestrebt, die bestm\u00f6gliche Leistung zu erbringen, um dem Nutzer eine zuverl\u00e4ssige Website und zuverl\u00e4ssige Dienstleistungen bereitzustellen;<br>der Nutzer erkennt jedoch an, dass die Sicherheit von Daten im Internet nicht vollst\u00e4ndig gew\u00e4hrleistet werden kann.<br>Die Dienstleistungen werden daher \u201ewie besehen\u201c bereitgestellt, und da die Verf\u00fcgbarkeit der Website aufgrund der dem Internet und seiner Nutzung inh\u00e4renten technischen Bedingungen nicht jederzeit garantiert werden kann, haftet das Unternehmen nicht f\u00fcr Verluste oder Sch\u00e4den, die dem Nutzer oder Dritten aufgrund von Dienstunterbrechungen, Nichtverf\u00fcgbarkeit oder Wartung der Website, fehlerhafter Internetverbindungen (oder deren Ausfall) oder sonstiger Ereignisse oder Umst\u00e4nde entstehen.<\/p>\n\n\n\n<h2 class=\"wp-block-heading\">\u00dcber BIM-Daten<\/h2>\n\n\n\n<ol>\n<li>Die vom Unternehmen bereitgestellten BIM-Dateien liegen im Format Autodesk\u00ae Revit\u00ae RFA vor.<\/li>\n\n\n\n<li>Die verf\u00fcgbaren Versionen der RFA-Dateien sind auf der Download-Seite aufgef\u00fchrt.<\/li>\n\n\n\n<li>Die vom Unternehmen bereitgestellten BIM-Dateien wurden zur Reduzierung der Dateigr\u00f6\u00dfe komprimiert. Daher kann das Unternehmen die Genauigkeit der Informationen nicht garantieren. Die in den vom Unternehmen bereitgestellten BIM-Dateien enthaltenen Informationen dienen ausschlie\u00dflich als Referenz.<\/li>\n\n\n\n<li>Das Unternehmen \u00fcbernimmt keine Gew\u00e4hr f\u00fcr die Genauigkeit von Randbedingungen, wie z. B. Bewegungsbereichen, wie sie in den vom Unternehmen bereitgestellten BIM-Dateien definiert sind.<\/li>\n<\/ol>\n\n","protected":false},"excerpt":{"rendered":"<p>Bitte beachten Sie, dass die Nutzung s\u00e4mtlicher CAD-Dateien den Nutzungsbedingungen von Tadano unterliegt.Diese Nutzungsbedingungen regeln die Bedingungen f\u00fcr Daten und Dienstleistungen, die von der Tadano Group auf dieser Website angeboten werden.Bitte stellen Sie sicher, dass Sie diese Vereinbarung in Bezug auf die Nutzung der auf dieser Website bereitgestellten Daten und Dienstleistungen einhalten. I. Nutzung der [&hellip;]<\/p>\n","protected":false},"author":3,"featured_media":0,"parent":0,"menu_order":0,"comment_status":"closed","ping_status":"closed","template":"","meta":{"_acf_changed":false,"footnotes":""},"acf":[],"yoast_head":"<!-- This site is optimized with the Yoast SEO plugin v22.3 - https:\/\/yoast.com\/wordpress\/plugins\/seo\/ -->\n<title>Allgemeine Nutzungsbedingungen - Benelux<\/title>\n<meta name=\"robots\" content=\"index, follow, max-snippet:-1, max-image-preview:large, max-video-preview:-1\" \/>\n<link rel=\"canonical\" href=\"https:\/\/www.tadano.com\/benelux\/en\/standard-terms-and-conditions-of-use\/\" \/>\n<meta property=\"og:locale\" content=\"de_DE\" \/>\n<meta property=\"og:type\" content=\"article\" \/>\n<meta property=\"og:title\" content=\"Allgemeine Nutzungsbedingungen - Benelux\" \/>\n<meta property=\"og:description\" content=\"Bitte beachten Sie, dass die Nutzung s\u00e4mtlicher CAD-Dateien den Nutzungsbedingungen von Tadano unterliegt.Diese Nutzungsbedingungen regeln die Bedingungen f\u00fcr Daten und Dienstleistungen, die von der Tadano Group auf dieser Website angeboten werden.Bitte stellen Sie sicher, dass Sie diese Vereinbarung in Bezug auf die Nutzung der auf dieser Website bereitgestellten Daten und Dienstleistungen einhalten. I. Nutzung der [&hellip;]\" \/>\n<meta property=\"og:url\" content=\"https:\/\/www.tadano.com\/benelux\/en\/standard-terms-and-conditions-of-use\/\" \/>\n<meta property=\"og:site_name\" content=\"Benelux\" \/>\n<meta property=\"article:modified_time\" content=\"2026-02-02T09:49:33+00:00\" \/>\n<meta name=\"twitter:card\" content=\"summary_large_image\" \/>\n<meta name=\"twitter:label1\" content=\"Gesch\u00e4tzte Lesezeit\" \/>\n\t<meta name=\"twitter:data1\" content=\"6\u00a0Minuten\" \/>\n<script type=\"application\/ld+json\" class=\"yoast-schema-graph\">{\"@context\":\"https:\/\/schema.org\",\"@graph\":[{\"@type\":\"WebPage\",\"@id\":\"https:\/\/www.tadano.com\/benelux\/en\/standard-terms-and-conditions-of-use\/\",\"url\":\"https:\/\/www.tadano.com\/benelux\/en\/standard-terms-and-conditions-of-use\/\",\"name\":\"Allgemeine Nutzungsbedingungen - Benelux\",\"isPartOf\":{\"@id\":\"https:\/\/www.tadano.com\/benelux\/en\/#website\"},\"datePublished\":\"2025-10-30T09:37:26+00:00\",\"dateModified\":\"2026-02-02T09:49:33+00:00\",\"inLanguage\":\"de\",\"potentialAction\":[{\"@type\":\"ReadAction\",\"target\":[\"https:\/\/www.tadano.com\/benelux\/en\/standard-terms-and-conditions-of-use\/\"]}]},{\"@type\":\"WebSite\",\"@id\":\"https:\/\/www.tadano.com\/benelux\/en\/#website\",\"url\":\"https:\/\/www.tadano.com\/benelux\/en\/\",\"name\":\"Benelux\",\"description\":\"Just another TADANO EUROPE site\",\"potentialAction\":[{\"@type\":\"SearchAction\",\"target\":{\"@type\":\"EntryPoint\",\"urlTemplate\":\"https:\/\/www.tadano.com\/benelux\/en\/?s={search_term_string}\"},\"query-input\":\"required name=search_term_string\"}],\"inLanguage\":\"de\"}]}<\/script>\n<!-- \/ Yoast SEO plugin. -->","yoast_head_json":{"title":"Allgemeine Nutzungsbedingungen - Benelux","robots":{"index":"index","follow":"follow","max-snippet":"max-snippet:-1","max-image-preview":"max-image-preview:large","max-video-preview":"max-video-preview:-1"},"canonical":"https:\/\/www.tadano.com\/benelux\/en\/standard-terms-and-conditions-of-use\/","og_locale":"de_DE","og_type":"article","og_title":"Allgemeine Nutzungsbedingungen - Benelux","og_description":"Bitte beachten Sie, dass die Nutzung s\u00e4mtlicher CAD-Dateien den Nutzungsbedingungen von Tadano unterliegt.Diese Nutzungsbedingungen regeln die Bedingungen f\u00fcr Daten und Dienstleistungen, die von der Tadano Group auf dieser Website angeboten werden.Bitte stellen Sie sicher, dass Sie diese Vereinbarung in Bezug auf die Nutzung der auf dieser Website bereitgestellten Daten und Dienstleistungen einhalten. I. Nutzung der [&hellip;]","og_url":"https:\/\/www.tadano.com\/benelux\/en\/standard-terms-and-conditions-of-use\/","og_site_name":"Benelux","article_modified_time":"2026-02-02T09:49:33+00:00","twitter_card":"summary_large_image","twitter_misc":{"Gesch\u00e4tzte Lesezeit":"6\u00a0Minuten"},"schema":{"@context":"https:\/\/schema.org","@graph":[{"@type":"WebPage","@id":"https:\/\/www.tadano.com\/benelux\/en\/standard-terms-and-conditions-of-use\/","url":"https:\/\/www.tadano.com\/benelux\/en\/standard-terms-and-conditions-of-use\/","name":"Allgemeine Nutzungsbedingungen - Benelux","isPartOf":{"@id":"https:\/\/www.tadano.com\/benelux\/en\/#website"},"datePublished":"2025-10-30T09:37:26+00:00","dateModified":"2026-02-02T09:49:33+00:00","inLanguage":"de","potentialAction":[{"@type":"ReadAction","target":["https:\/\/www.tadano.com\/benelux\/en\/standard-terms-and-conditions-of-use\/"]}]},{"@type":"WebSite","@id":"https:\/\/www.tadano.com\/benelux\/en\/#website","url":"https:\/\/www.tadano.com\/benelux\/en\/","name":"Benelux","description":"Just another TADANO EUROPE site","potentialAction":[{"@type":"SearchAction","target":{"@type":"EntryPoint","urlTemplate":"https:\/\/www.tadano.com\/benelux\/en\/?s={search_term_string}"},"query-input":"required name=search_term_string"}],"inLanguage":"de"}]}},"_links":{"self":[{"href":"https:\/\/www.tadano.com\/benelux\/de\/wp-json\/wp\/v2\/pages\/29096"}],"collection":[{"href":"https:\/\/www.tadano.com\/benelux\/de\/wp-json\/wp\/v2\/pages"}],"about":[{"href":"https:\/\/www.tadano.com\/benelux\/de\/wp-json\/wp\/v2\/types\/page"}],"author":[{"embeddable":true,"href":"https:\/\/www.tadano.com\/benelux\/de\/wp-json\/wp\/v2\/users\/3"}],"replies":[{"embeddable":true,"href":"https:\/\/www.tadano.com\/benelux\/de\/wp-json\/wp\/v2\/comments?post=29096"}],"version-history":[{"count":1,"href":"https:\/\/www.tadano.com\/benelux\/de\/wp-json\/wp\/v2\/pages\/29096\/revisions"}],"predecessor-version":[{"id":29202,"href":"https:\/\/www.tadano.com\/benelux\/de\/wp-json\/wp\/v2\/pages\/29096\/revisions\/29202"}],"wp:attachment":[{"href":"https:\/\/www.tadano.com\/benelux\/de\/wp-json\/wp\/v2\/media?parent=29096"}],"curies":[{"name":"wp","href":"https:\/\/api.w.org\/{rel}","templated":true}]}}