{"id":29102,"date":"2025-10-30T09:38:52","date_gmt":"2025-10-30T09:38:52","guid":{"rendered":"https:\/\/www.tadano.com\/benelux\/faq-produktressourcen\/"},"modified":"2026-01-28T09:58:41","modified_gmt":"2026-01-28T09:58:41","slug":"faq-produktressourcen","status":"publish","type":"page","link":"https:\/\/www.tadano.com\/benelux\/de\/faq-produktressourcen\/","title":{"rendered":"FAQ (Produktressourcen)"},"content":{"rendered":"\n<h2 class=\"wp-block-heading\">H\u00e4ufig gestellte Fragen<\/h2>\n\n\n\n<p><strong>F: Bitte erkl\u00e4ren Sie mir, wie man CAD bedient.<\/strong><\/p>\n\n\n\n<p><strong>A:<\/strong>&nbsp;Anfragen zur Bedienung von CAD-Software k\u00f6nnen wir nicht beantworten. Bitte \u00fcberpr\u00fcfen Sie die Anleitungen, die der von Ihnen verwendeten CAD-Software beiliegen.<\/p>\n\n\n\n<p><strong>F: Ich ben\u00f6tige CAD-Daten, die nicht in der Datenliste enthalten sind.<\/strong><\/p>\n\n\n\n<p><strong>A:<\/strong>&nbsp;Alle derzeit von Tadano verf\u00fcgbaren CAD-Daten sind in der Datenliste aufgef\u00fchrt.<\/p>\n\n\n\n<p><strong>F: Die Daten werden auf dem Bildschirm nicht korrekt angezeigt.<\/strong><\/p>\n\n\n\n<p><strong>A:<\/strong>&nbsp;Dieses System ist mit Internet Explorer Version 6.0 oder h\u00f6her kompatibel.<br>*Andere Browser zeigen die Inhalte m\u00f6glicherweise nicht korrekt an.<\/p>\n\n\n\n<h2 class=\"wp-block-heading\">Fragen zu CAD-Daten<\/h2>\n\n\n\n<p><strong>F: Kostet der Download dieser CAD-Daten etwas?<\/strong><\/p>\n\n\n\n<p><strong>A:<\/strong>&nbsp;Diese CAD-Daten k\u00f6nnen kostenlos heruntergeladen werden.<\/p>\n\n\n\n<p><strong>F: Der Browser wechselt nicht zur CAD-Daten-Seite.<\/strong><\/p>\n\n\n\n<p><strong>A:<\/strong>&nbsp;Die Cookie-Einstellungen sind m\u00f6glicherweise ung\u00fcltig.<br>Insbesondere bei der Verwendung von Internet Explorer 6 sind Cookies in der Standardeinstellung deaktiviert. Bitte \u00e4ndern Sie die Einstellungen wie folgt:<br>F\u00fcr Internet Explorer 6.0:<br>Klicken Sie in der Men\u00fcleiste auf \u201eExtras\u201c \u2192 \u201eInternetoptionen\u201c \u2192 \u201eDatenschutz\u201c \u2192 \u201eErweiterte Datenschutzeinstellungen\u201c \u2192 \u201eAutomatische Cookiebehandlung aufheben\u201c \u2192 aktivieren Sie \u201eSitzungscookies immer zulassen\u201c \u2192 klicken Sie auf \u201eOK\u201c.<\/p>\n\n\n\n<p><strong>F: Nach dem Download der CAD-Daten werden diese entpackt und eine DXF-Datei erstellt, aber die Daten lassen sich nicht \u00f6ffnen.<\/strong><\/p>\n\n\n\n<p><strong>A:<\/strong>&nbsp;Zur Nutzung der CAD-Daten ist eine CAD-Software erforderlich. Ohne CAD-Software k\u00f6nnen die Daten nicht ge\u00f6ffnet werden.<\/p>\n\n\n\n<p><strong>F: Ich habe eine CAD-Software, kann aber keine DXF-Datei \u00f6ffnen.<\/strong><\/p>\n\n\n\n<p><strong>A:<\/strong>&nbsp;Stellen Sie sicher, dass im Befehl \u201e\u00d6ffnen\u201c Ihrer CAD-Software das Format \u201eDXF\u201c ausw\u00e4hlbar ist.<\/p>\n\n\n\n<p><strong>F: Die CAD-Daten wurden im PDF-Format heruntergeladen. Wo befinden sich die Daten im DXF-Format?<\/strong><\/p>\n\n\n\n<p><strong>A:<\/strong>&nbsp;Bitte stellen Sie sicher, dass Sie nicht die \u201eSpezifikationen\u201c heruntergeladen haben. Sowohl \u201eSpezifikationen\u201c als auch \u201eCAD-Daten\u201c sind auf dem Startbildschirm ausw\u00e4hlbar, nachdem Sie den Nutzungsbedingungen zugestimmt haben.<br>Bitte klicken Sie auf dem Startbildschirm auf das Symbol \u201eCAD-Daten\u201c.<\/p>\n\n\n\n<p><strong>F: Bitte stellen Sie mir ein Bewegungsbahn-Diagramm zur Verf\u00fcgung.<\/strong><\/p>\n\n\n\n<p><strong>A:<\/strong>&nbsp;Dies ist leider nicht verf\u00fcgbar. Bitte laden Sie stattdessen das Teilediagramm des gew\u00fcnschten Modells von der Website herunter und erstellen Sie ein CAD-Diagramm entsprechend Ihren Anforderungen.<\/p>\n\n\n\n<p><strong>F: Ich verstehe nicht, wie man CAD-Daten verwendet. K\u00f6nnen Sie mir das erkl\u00e4ren?<\/strong><\/p>\n\n\n\n<p><strong>A:<\/strong>&nbsp;Anfragen zur Bedienung von CAD-Software k\u00f6nnen wir nicht beantworten. Bitte \u00fcberpr\u00fcfen Sie die Anleitungen, die der von Ihnen verwendeten CAD-Software beiliegen.<\/p>\n\n\n\n<p><strong>F: In welchem Ma\u00dfstab werden die CAD-Daten bereitgestellt?<\/strong><\/p>\n\n\n\n<p><strong>A:<\/strong>&nbsp;Tadano stellt CAD-Daten im Originalma\u00dfstab bereit.<\/p>\n\n\n\n<p><strong>F: Bitte erkl\u00e4ren Sie mir, wie die Teile montiert werden.<\/strong><\/p>\n\n\n\n<p><strong>A:<\/strong>&nbsp;Jedes Teil verf\u00fcgt \u00fcber definierte Ursprungspunkte. Bitte legen Sie diese Ursprungspunkte \u00fcbereinander, um zu sehen, wie die Teile montiert werden.<br>Fragen zu Spezifikationen<\/p>\n\n\n\n<h2 class=\"wp-block-heading\">Fragen zu Spezifikationen<\/h2>\n\n\n\n<p><strong>F: Was bedeuten die fett gedruckten Linien im Traglastdiagramm?<\/strong><\/p>\n\n\n\n<p><strong>A:<\/strong>&nbsp;Die Traglasten in den Lasttabellen von Mobilkranen werden entweder durch (1) die Festigkeit (der Kran bricht beim Heben der Last nicht) oder (2) die Stabilit\u00e4t (der Kran kippt beim Heben der Last nicht) bestimmt. Der niedrigere der beiden Werte wird zur Bestimmung der Nenntragf\u00e4higkeit herangezogen.<br>Bei Mobilkranen werden die Einsatzgrenzen bei kleinem Arbeitsradius durch die Festigkeit des Auslegers bestimmt. Bei gr\u00f6\u00dferem Arbeitsradius werden die Einsatzgrenzen durch den Kippunkt bestimmt. Die fett gedruckten Linien zeigen den Punkt an, ab dem eine \u00dcberlast den Kran strukturell besch\u00e4digen w\u00fcrde (Werte oberhalb der fett gedruckten Linie), im Vergleich zu dem Punkt, an dem eine \u00dcberlast den Kran zum Kippen bringen w\u00fcrde (Werte unterhalb der fett gedruckten Linie).<br>Unabh\u00e4ngig davon, ob die Traglasten oberhalb oder unterhalb der fett gedruckten Linie liegen, ist es unproblematisch, jede Arbeitslast einzusetzen, die innerhalb der in der Lasttabelle angegebenen Nenntragf\u00e4higkeiten liegt.<br>Als wichtiger Hinweis f\u00fcr die Arbeitsplanung gilt, dass die Traglasten f\u00fcr den Kran bei Aufstellung auf ebenem Untergrund berechnet werden. Da zudem die AML-Sicherheitseinrichtung alle Kranbewegungen au\u00dferhalb der in der Lasttabelle angegebenen Nenntragf\u00e4higkeiten verhindert, kann es in bestimmten F\u00e4llen erforderlich sein, Krane mit h\u00f6herer Tragf\u00e4higkeit einzusetzen. Bitte ber\u00fccksichtigen Sie dies bei Ihrer Arbeitsplanung.<\/p>\n\n\n\n<p><strong>F: In den technischen Daten des Gel\u00e4ndekrans ist eine Steigf\u00e4higkeit von (tan \u03b8) 0,57 angegeben. Ist es tats\u00e4chlich m\u00f6glich, mit diesem Fahrzeug reale Stra\u00dfen mit dieser Steigung zu befahren?<\/strong><\/p>\n\n\n\n<p><strong>A:<\/strong>&nbsp;Eine Steigf\u00e4higkeit von (tan \u03b8) 0,57 entspricht einem Winkel von 30\u00b0, dieser Wert ergibt sich jedoch aus einer Berechnung des maximal zul\u00e4ssigen Neigungswinkels unter Ber\u00fccksichtigung von Motor, Drehmomentwandler und Getriebe. Wenn daher kein Schlupf zwischen Fahrbahnoberfl\u00e4che und Reifen auftritt, ist es m\u00f6glich, eine Stra\u00dfe mit einer Steigung von 30\u00b0 zu befahren.<br>Auf realen Stra\u00dfen tritt jedoch ein gewisser Schlupf auf, der durch den Reibungskoeffizienten der Fahrbahn bestimmt wird. Wenn der Reibungskoeffizient der Fahrbahn 0,6 oder h\u00f6her betr\u00e4gt, ist es m\u00f6glich, eine Stra\u00dfe mit einer Steigung von 30\u00b0 zu befahren. Im Allgemeinen wird der Reibungskoeffizient f\u00fcr befestigte (trockene) Fahrbahnen auf 0,4 bis 0,7 gesch\u00e4tzt, bei einem Reibungskoeffizienten von 0,4 betr\u00e4gt die m\u00f6gliche Steigf\u00e4higkeit etwa 20\u00b0.<\/p>\n\n\n\n<h2 class=\"wp-block-heading\">Fragen zu Abst\u00fctzreaktionskr\u00e4ften<\/h2>\n\n\n\n<p><strong>F: Der Browser wechselt nicht zur Seite f\u00fcr die Abst\u00fctzreaktionskr\u00e4fte.<\/strong><\/p>\n\n\n\n<p><strong>A:<\/strong>&nbsp;Die Cookie-Einstellungen sind m\u00f6glicherweise ung\u00fcltig.<br>Insbesondere bei der Verwendung von Internet Explorer 6 sind Cookies in der Standardeinstellung deaktiviert. Bitte \u00e4ndern Sie die Einstellungen wie folgt:<br>F\u00fcr Internet Explorer 6.0:<br>Klicken Sie in der Men\u00fcleiste auf \u201eExtras\u201c \u2192 \u201eInternetoptionen\u201c \u2192 \u201eDatenschutz\u201c \u2192 \u201eErweiterte Datenschutzeinstellungen\u201c \u2192 \u201eAutomatische Cookiebehandlung aufheben\u201c \u2192 aktivieren Sie \u201eSitzungscookies immer zulassen\u201c \u2192 klicken Sie auf \u201eOK\u201c.<\/p>\n\n\n\n<h2 class=\"wp-block-heading\">Weitere Fragen<\/h2>\n\n\n\n<p><strong>F: Ich m\u00f6chte Spezifikationen und CAD-Daten auf meinen Internetserver hochladen und anzeigen.<\/strong><\/p>\n\n\n\n<p><strong>A:<\/strong>&nbsp;Wir bitten Sie, davon abzusehen, urheberrechtlich gesch\u00fctzte Informationen von Tadano auf dem Server Ihres Unternehmens zu ver\u00f6ffentlichen.<br>Bitte verlinken Sie stattdessen auf die Tadano-Startseite (http:\/\/www.tadano.com\/).<\/p>\n\n\n\n<p><strong>F: Ich m\u00f6chte einen Link zu Ihren CAD-Daten und Spezifikationen auf meiner Homepage einf\u00fcgen.<\/strong><\/p>\n\n\n\n<p><strong>A:<\/strong>&nbsp;Wir bitten Sie, davon abzusehen, von Ihrer Homepage aus auf urheberrechtlich gesch\u00fctzte Informationen von Tadano zu verlinken.<br>Bitte verlinken Sie stattdessen auf die Tadano-Startseite (http:\/\/www.tadano.com\/).<\/p>\n\n","protected":false},"excerpt":{"rendered":"<p>H\u00e4ufig gestellte Fragen F: Bitte erkl\u00e4ren Sie mir, wie man CAD bedient. A:&nbsp;Anfragen zur Bedienung von CAD-Software k\u00f6nnen wir nicht beantworten. Bitte \u00fcberpr\u00fcfen Sie die Anleitungen, die der von Ihnen verwendeten CAD-Software beiliegen. F: Ich ben\u00f6tige CAD-Daten, die nicht in der Datenliste enthalten sind. A:&nbsp;Alle derzeit von Tadano verf\u00fcgbaren CAD-Daten sind in der Datenliste aufgef\u00fchrt. [&hellip;]<\/p>\n","protected":false},"author":3,"featured_media":0,"parent":0,"menu_order":0,"comment_status":"closed","ping_status":"closed","template":"","meta":{"_acf_changed":false,"footnotes":""},"acf":[],"yoast_head":"<!-- This site is optimized with the Yoast SEO plugin v22.3 - https:\/\/yoast.com\/wordpress\/plugins\/seo\/ -->\n<title>FAQ (Produktressourcen) - Benelux<\/title>\n<meta name=\"robots\" content=\"index, follow, max-snippet:-1, max-image-preview:large, max-video-preview:-1\" \/>\n<link rel=\"canonical\" href=\"https:\/\/www.tadano.com\/benelux\/en\/faq-product-resources\/\" \/>\n<meta property=\"og:locale\" content=\"de_DE\" \/>\n<meta property=\"og:type\" content=\"article\" \/>\n<meta property=\"og:title\" content=\"FAQ (Produktressourcen) - Benelux\" \/>\n<meta property=\"og:description\" content=\"H\u00e4ufig gestellte Fragen F: Bitte erkl\u00e4ren Sie mir, wie man CAD bedient. A:&nbsp;Anfragen zur Bedienung von CAD-Software k\u00f6nnen wir nicht beantworten. Bitte \u00fcberpr\u00fcfen Sie die Anleitungen, die der von Ihnen verwendeten CAD-Software beiliegen. F: Ich ben\u00f6tige CAD-Daten, die nicht in der Datenliste enthalten sind. A:&nbsp;Alle derzeit von Tadano verf\u00fcgbaren CAD-Daten sind in der Datenliste aufgef\u00fchrt. [&hellip;]\" \/>\n<meta property=\"og:url\" content=\"https:\/\/www.tadano.com\/benelux\/en\/faq-product-resources\/\" \/>\n<meta property=\"og:site_name\" content=\"Benelux\" \/>\n<meta property=\"article:modified_time\" content=\"2026-01-28T09:58:41+00:00\" \/>\n<meta name=\"twitter:card\" content=\"summary_large_image\" \/>\n<meta name=\"twitter:label1\" content=\"Gesch\u00e4tzte Lesezeit\" \/>\n\t<meta name=\"twitter:data1\" content=\"4\u00a0Minuten\" \/>\n<script type=\"application\/ld+json\" class=\"yoast-schema-graph\">{\"@context\":\"https:\/\/schema.org\",\"@graph\":[{\"@type\":\"WebPage\",\"@id\":\"https:\/\/www.tadano.com\/benelux\/en\/faq-product-resources\/\",\"url\":\"https:\/\/www.tadano.com\/benelux\/en\/faq-product-resources\/\",\"name\":\"FAQ (Produktressourcen) - Benelux\",\"isPartOf\":{\"@id\":\"https:\/\/www.tadano.com\/benelux\/en\/#website\"},\"datePublished\":\"2025-10-30T09:38:52+00:00\",\"dateModified\":\"2026-01-28T09:58:41+00:00\",\"inLanguage\":\"de\",\"potentialAction\":[{\"@type\":\"ReadAction\",\"target\":[\"https:\/\/www.tadano.com\/benelux\/en\/faq-product-resources\/\"]}]},{\"@type\":\"WebSite\",\"@id\":\"https:\/\/www.tadano.com\/benelux\/en\/#website\",\"url\":\"https:\/\/www.tadano.com\/benelux\/en\/\",\"name\":\"Benelux\",\"description\":\"Just another TADANO EUROPE site\",\"potentialAction\":[{\"@type\":\"SearchAction\",\"target\":{\"@type\":\"EntryPoint\",\"urlTemplate\":\"https:\/\/www.tadano.com\/benelux\/en\/?s={search_term_string}\"},\"query-input\":\"required name=search_term_string\"}],\"inLanguage\":\"de\"}]}<\/script>\n<!-- \/ Yoast SEO plugin. -->","yoast_head_json":{"title":"FAQ (Produktressourcen) - Benelux","robots":{"index":"index","follow":"follow","max-snippet":"max-snippet:-1","max-image-preview":"max-image-preview:large","max-video-preview":"max-video-preview:-1"},"canonical":"https:\/\/www.tadano.com\/benelux\/en\/faq-product-resources\/","og_locale":"de_DE","og_type":"article","og_title":"FAQ (Produktressourcen) - Benelux","og_description":"H\u00e4ufig gestellte Fragen F: Bitte erkl\u00e4ren Sie mir, wie man CAD bedient. A:&nbsp;Anfragen zur Bedienung von CAD-Software k\u00f6nnen wir nicht beantworten. Bitte \u00fcberpr\u00fcfen Sie die Anleitungen, die der von Ihnen verwendeten CAD-Software beiliegen. F: Ich ben\u00f6tige CAD-Daten, die nicht in der Datenliste enthalten sind. A:&nbsp;Alle derzeit von Tadano verf\u00fcgbaren CAD-Daten sind in der Datenliste aufgef\u00fchrt. [&hellip;]","og_url":"https:\/\/www.tadano.com\/benelux\/en\/faq-product-resources\/","og_site_name":"Benelux","article_modified_time":"2026-01-28T09:58:41+00:00","twitter_card":"summary_large_image","twitter_misc":{"Gesch\u00e4tzte Lesezeit":"4\u00a0Minuten"},"schema":{"@context":"https:\/\/schema.org","@graph":[{"@type":"WebPage","@id":"https:\/\/www.tadano.com\/benelux\/en\/faq-product-resources\/","url":"https:\/\/www.tadano.com\/benelux\/en\/faq-product-resources\/","name":"FAQ (Produktressourcen) - Benelux","isPartOf":{"@id":"https:\/\/www.tadano.com\/benelux\/en\/#website"},"datePublished":"2025-10-30T09:38:52+00:00","dateModified":"2026-01-28T09:58:41+00:00","inLanguage":"de","potentialAction":[{"@type":"ReadAction","target":["https:\/\/www.tadano.com\/benelux\/en\/faq-product-resources\/"]}]},{"@type":"WebSite","@id":"https:\/\/www.tadano.com\/benelux\/en\/#website","url":"https:\/\/www.tadano.com\/benelux\/en\/","name":"Benelux","description":"Just another TADANO EUROPE site","potentialAction":[{"@type":"SearchAction","target":{"@type":"EntryPoint","urlTemplate":"https:\/\/www.tadano.com\/benelux\/en\/?s={search_term_string}"},"query-input":"required name=search_term_string"}],"inLanguage":"de"}]}},"_links":{"self":[{"href":"https:\/\/www.tadano.com\/benelux\/de\/wp-json\/wp\/v2\/pages\/29102"}],"collection":[{"href":"https:\/\/www.tadano.com\/benelux\/de\/wp-json\/wp\/v2\/pages"}],"about":[{"href":"https:\/\/www.tadano.com\/benelux\/de\/wp-json\/wp\/v2\/types\/page"}],"author":[{"embeddable":true,"href":"https:\/\/www.tadano.com\/benelux\/de\/wp-json\/wp\/v2\/users\/3"}],"replies":[{"embeddable":true,"href":"https:\/\/www.tadano.com\/benelux\/de\/wp-json\/wp\/v2\/comments?post=29102"}],"version-history":[{"count":0,"href":"https:\/\/www.tadano.com\/benelux\/de\/wp-json\/wp\/v2\/pages\/29102\/revisions"}],"wp:attachment":[{"href":"https:\/\/www.tadano.com\/benelux\/de\/wp-json\/wp\/v2\/media?parent=29102"}],"curies":[{"name":"wp","href":"https:\/\/api.w.org\/{rel}","templated":true}]}}