{"id":29107,"date":"2025-10-30T10:53:30","date_gmt":"2025-10-30T09:53:30","guid":{"rendered":"https:\/\/www.tadano.com\/benelux\/bim-data\/"},"modified":"2026-02-02T10:33:06","modified_gmt":"2026-02-02T10:33:06","slug":"bim-data","status":"publish","type":"page","link":"https:\/\/www.tadano.com\/benelux\/de\/bim-data\/","title":{"rendered":"BIM-DATEN"},"content":{"rendered":"\n<h1 class=\"wp-block-heading\"><strong>BIM-DATEN<\/strong><\/h1>\n\n\n\n<h2 class=\"wp-block-heading\">Die Projektplanung mit Baukranen der Tadano Group wird mit unseren BIM-Daten noch einfacher.<\/h2>\n\n\n\n<p>Sie k\u00f6nnen jetzt BIM-Dateien f\u00fcr eine Auswahl an Baukranen aus dem Portfolio der Tadano Group \u00fcber die Plattform BIMobject\u00ae herunterladen.<br>F\u00fcr den Download der BIM-Dateien ist ein registriertes&nbsp;<a href=\"https:\/\/www.bimobject.com\/en\/product\" target=\"_blank\" rel=\"noreferrer noopener\">BIMobject\u00ae<\/a>-Konto (kostenlos) erforderlich. BIM-Dateien stehen im RFA-Format zur Verf\u00fcgung. Bitte besuchen Sie die Download-Seite, um die verf\u00fcgbaren Versionen einzusehen.<\/p>\n\n\n\n<div style=\"height:30px\" aria-hidden=\"true\" class=\"wp-block-spacer\"><\/div>\n\n\n\n<h2 class=\"wp-block-heading\">Unsere BIM-Daten<\/h2>\n\n\n<div class=\"iframe-block\">\n\t<div class=\"container\">\n\t\t<iframe src=\"https:\/\/productsite.bimobject.com\/en\/tadano\/privatecloud\/all\" frameborder=\"0\" style=\"height:500px;\">\n\t\t  <p>\n\t\t  \tUnfortunately, your browser cannot display embedded frames. You can view the page by clicking the following link: <br>\n\t\t  \t<a href=\"https:\/\/productsite.bimobject.com\/en\/tadano\/privatecloud\/all\">https:\/\/productsite.bimobject.com\/en\/tadano\/privatecloud\/all<\/a>\n\t\t  <\/p>\n\t\t<\/iframe>\n\t\t\t<\/div>\n<\/div>\n\n\n<div class=\"wp-block-columns is-layout-flex wp-container-core-columns-layout-1 wp-block-columns-is-layout-flex\">\n<div class=\"wp-block-column is-layout-flow wp-block-column-is-layout-flow\">\n<h3 class=\"wp-block-heading\">Was ist BIM?<\/h3>\n\n\n\n<p>Building Information Modeling (BIM) ist ein Prozess, der eine Datenbank digitaler Produkte nutzt und es Anwendern erm\u00f6glicht, ein Geb\u00e4ude digital zu modellieren sowie die zugeh\u00f6rigen Kosten, Materialarten und weitere Elemente zu berechnen. BIM vereint die zuvor getrennten Phasen Planung, Bau und Betrieb und kann \u00fcber den gesamten Lebenszyklus eines Geb\u00e4udes hinweg eingesetzt werden.<br>Und im Gegensatz zu 3D-CAD k\u00f6nnen BIM-Dateien mit einer Vielzahl von Softwarel\u00f6sungen verwendet werden.<\/p>\n<\/div>\n\n\n\n<div class=\"wp-block-column is-layout-flow wp-block-column-is-layout-flow\">\n<figure class=\"wp-block-image size-full\"><img loading=\"lazy\" decoding=\"async\" width=\"580\" height=\"348\" src=\"https:\/\/www.tadano.com\/benelux\/wp-content\/uploads\/sites\/8\/2026\/01\/bim_1.jpg\" alt=\"\" class=\"wp-image-29056\" srcset=\"https:\/\/www.tadano.com\/benelux\/wp-content\/uploads\/sites\/8\/2026\/01\/bim_1.jpg 580w, https:\/\/www.tadano.com\/benelux\/wp-content\/uploads\/sites\/8\/2026\/01\/bim_1-300x180.jpg 300w, https:\/\/www.tadano.com\/benelux\/wp-content\/uploads\/sites\/8\/2026\/01\/bim_1-280x168.jpg 280w, https:\/\/www.tadano.com\/benelux\/wp-content\/uploads\/sites\/8\/2026\/01\/bim_1-560x336.jpg 560w, https:\/\/www.tadano.com\/benelux\/wp-content\/uploads\/sites\/8\/2026\/01\/bim_1-335x201.jpg 335w\" sizes=\"(max-width: 580px) 100vw, 580px\" \/><\/figure>\n<\/div>\n<\/div>\n\n\n\n<h2 class=\"wp-block-heading\">Hinweise und Vorsichtsma\u00dfnahmen<\/h2>\n\n\n\n<ul>\n<li>Bitte lesen Sie die\u00a0<a href=\"https:\/\/www.tadano.com\/benelux\/de\/tadano-tools\/standard-terms-and-conditions-of-use\/\">Nutzungsbedingungen<\/a>\u00a0des Datenbereitstellungsdienstes sorgf\u00e4ltig durch und stimmen Sie diesen zu.<\/li>\n\n\n\n<li>F\u00fcr den Download einer BIM-Datei ist ein registriertes&nbsp;<a href=\"https:\/\/www.bimobject.com\/en\/product\" target=\"_blank\" rel=\"noreferrer noopener\">BIMobject\u00ae<\/a>-Konto (kostenlos) erforderlich.<br>BIMobject\u00ae ist eine Online-Bibliothek f\u00fcr BIM-Objekte und wird weltweit von dem schwedischen Unternehmen BIMobject AB betrieben.<br>Die Plattform wird von Herstellern von Bau- und Innenausstattungsprodukten auf der ganzen Welt genutzt, um digitale Produkte und Daten zu entwickeln, zu speichern und zu ver\u00f6ffentlichen.<\/li>\n\n\n\n<li>BIM-Dateien sind im Format Autodesk\u00ae Revit\u00ae Family File (.rfa) verf\u00fcgbar.<\/li>\n\n\n\n<li>F\u00fcr Anfragen zu unseren BIM-Dateien nutzen Sie bitte unser Kontaktformular und w\u00e4hlen Sie im Men\u00fc \u201eAnfrageart\u201c die Option \u201eAllgemein\u201c.<\/li>\n<\/ul>\n\n\n\n<p><\/p>\n\n\n\n<div class=\"wp-block-columns is-layout-flex wp-container-core-columns-layout-2 wp-block-columns-is-layout-flex\">\n<div class=\"wp-block-column is-layout-flow wp-block-column-is-layout-flow\" style=\"flex-basis:100%\">\n<div class=\"wp-block-buttons is-layout-flex wp-block-buttons-is-layout-flex\">\n<div class=\"wp-block-button\"><a class=\"wp-block-button__link has-text-align-center wp-element-button\" href=\"https:\/\/www.tadano.com\/benelux\/de\/tadano-tools\/standard-terms-and-conditions-of-use\/\">Allgemeine Nutzungsbedingungen<\/a><\/div>\n\n\n\n<div class=\"wp-block-button\"><a class=\"wp-block-button__link has-text-align-left wp-element-button\" href=\"https:\/\/www.tadano.com\/benelux\/de\/faq-produktressourcen\/\">FAQ<\/a><\/div>\n<\/div>\n<\/div>\n<\/div>\n\n\n\n<p><\/p>\n\n\n\n<p><\/p>\n\n\n\n<p><\/p>\n","protected":false},"excerpt":{"rendered":"<p>BIM-DATEN Die Projektplanung mit Baukranen der Tadano Group wird mit unseren BIM-Daten noch einfacher. Sie k\u00f6nnen jetzt BIM-Dateien f\u00fcr eine Auswahl an Baukranen aus dem Portfolio der Tadano Group \u00fcber die Plattform BIMobject\u00ae herunterladen.F\u00fcr den Download der BIM-Dateien ist ein registriertes&nbsp;BIMobject\u00ae-Konto (kostenlos) erforderlich. BIM-Dateien stehen im RFA-Format zur Verf\u00fcgung. Bitte besuchen Sie die Download-Seite, um [&hellip;]<\/p>\n","protected":false},"author":3,"featured_media":0,"parent":0,"menu_order":0,"comment_status":"closed","ping_status":"closed","template":"","meta":{"_acf_changed":false,"footnotes":""},"acf":[],"yoast_head":"<!-- This site is optimized with the Yoast SEO plugin v22.3 - https:\/\/yoast.com\/wordpress\/plugins\/seo\/ -->\n<title>BIM-DATEN - Benelux<\/title>\n<meta name=\"robots\" content=\"index, follow, max-snippet:-1, max-image-preview:large, max-video-preview:-1\" \/>\n<link rel=\"canonical\" href=\"https:\/\/www.tadano.com\/benelux\/en\/bim-data\/\" \/>\n<meta property=\"og:locale\" content=\"de_DE\" \/>\n<meta property=\"og:type\" content=\"article\" \/>\n<meta property=\"og:title\" content=\"BIM-DATEN - Benelux\" \/>\n<meta property=\"og:description\" content=\"BIM-DATEN Die Projektplanung mit Baukranen der Tadano Group wird mit unseren BIM-Daten noch einfacher. Sie k\u00f6nnen jetzt BIM-Dateien f\u00fcr eine Auswahl an Baukranen aus dem Portfolio der Tadano Group \u00fcber die Plattform BIMobject\u00ae herunterladen.F\u00fcr den Download der BIM-Dateien ist ein registriertes&nbsp;BIMobject\u00ae-Konto (kostenlos) erforderlich. BIM-Dateien stehen im RFA-Format zur Verf\u00fcgung. Bitte besuchen Sie die Download-Seite, um [&hellip;]\" \/>\n<meta property=\"og:url\" content=\"https:\/\/www.tadano.com\/benelux\/en\/bim-data\/\" \/>\n<meta property=\"og:site_name\" content=\"Benelux\" \/>\n<meta property=\"article:modified_time\" content=\"2026-02-02T10:33:06+00:00\" \/>\n<meta property=\"og:image\" content=\"https:\/\/www.tadano.com\/benelux\/wp-content\/uploads\/sites\/8\/2026\/01\/bim_1.jpg\" \/>\n<meta name=\"twitter:card\" content=\"summary_large_image\" \/>\n<script type=\"application\/ld+json\" class=\"yoast-schema-graph\">{\"@context\":\"https:\/\/schema.org\",\"@graph\":[{\"@type\":\"WebPage\",\"@id\":\"https:\/\/www.tadano.com\/benelux\/en\/bim-data\/\",\"url\":\"https:\/\/www.tadano.com\/benelux\/en\/bim-data\/\",\"name\":\"BIM-DATEN - Benelux\",\"isPartOf\":{\"@id\":\"https:\/\/www.tadano.com\/benelux\/en\/#website\"},\"primaryImageOfPage\":{\"@id\":\"https:\/\/www.tadano.com\/benelux\/en\/bim-data\/#primaryimage\"},\"image\":{\"@id\":\"https:\/\/www.tadano.com\/benelux\/en\/bim-data\/#primaryimage\"},\"thumbnailUrl\":\"https:\/\/www.tadano.com\/benelux\/wp-content\/uploads\/sites\/8\/2026\/01\/bim_1.jpg\",\"datePublished\":\"2025-10-30T09:53:30+00:00\",\"dateModified\":\"2026-02-02T10:33:06+00:00\",\"inLanguage\":\"de\",\"potentialAction\":[{\"@type\":\"ReadAction\",\"target\":[\"https:\/\/www.tadano.com\/benelux\/en\/bim-data\/\"]}]},{\"@type\":\"ImageObject\",\"inLanguage\":\"de\",\"@id\":\"https:\/\/www.tadano.com\/benelux\/en\/bim-data\/#primaryimage\",\"url\":\"https:\/\/www.tadano.com\/benelux\/wp-content\/uploads\/sites\/8\/2026\/01\/bim_1.jpg\",\"contentUrl\":\"https:\/\/www.tadano.com\/benelux\/wp-content\/uploads\/sites\/8\/2026\/01\/bim_1.jpg\"},{\"@type\":\"WebSite\",\"@id\":\"https:\/\/www.tadano.com\/benelux\/en\/#website\",\"url\":\"https:\/\/www.tadano.com\/benelux\/en\/\",\"name\":\"Benelux\",\"description\":\"Just another TADANO EUROPE site\",\"potentialAction\":[{\"@type\":\"SearchAction\",\"target\":{\"@type\":\"EntryPoint\",\"urlTemplate\":\"https:\/\/www.tadano.com\/benelux\/en\/?s={search_term_string}\"},\"query-input\":\"required name=search_term_string\"}],\"inLanguage\":\"de\"}]}<\/script>\n<!-- \/ Yoast SEO plugin. -->","yoast_head_json":{"title":"BIM-DATEN - Benelux","robots":{"index":"index","follow":"follow","max-snippet":"max-snippet:-1","max-image-preview":"max-image-preview:large","max-video-preview":"max-video-preview:-1"},"canonical":"https:\/\/www.tadano.com\/benelux\/en\/bim-data\/","og_locale":"de_DE","og_type":"article","og_title":"BIM-DATEN - Benelux","og_description":"BIM-DATEN Die Projektplanung mit Baukranen der Tadano Group wird mit unseren BIM-Daten noch einfacher. Sie k\u00f6nnen jetzt BIM-Dateien f\u00fcr eine Auswahl an Baukranen aus dem Portfolio der Tadano Group \u00fcber die Plattform BIMobject\u00ae herunterladen.F\u00fcr den Download der BIM-Dateien ist ein registriertes&nbsp;BIMobject\u00ae-Konto (kostenlos) erforderlich. BIM-Dateien stehen im RFA-Format zur Verf\u00fcgung. Bitte besuchen Sie die Download-Seite, um [&hellip;]","og_url":"https:\/\/www.tadano.com\/benelux\/en\/bim-data\/","og_site_name":"Benelux","article_modified_time":"2026-02-02T10:33:06+00:00","og_image":[{"url":"https:\/\/www.tadano.com\/benelux\/wp-content\/uploads\/sites\/8\/2026\/01\/bim_1.jpg"}],"twitter_card":"summary_large_image","schema":{"@context":"https:\/\/schema.org","@graph":[{"@type":"WebPage","@id":"https:\/\/www.tadano.com\/benelux\/en\/bim-data\/","url":"https:\/\/www.tadano.com\/benelux\/en\/bim-data\/","name":"BIM-DATEN - Benelux","isPartOf":{"@id":"https:\/\/www.tadano.com\/benelux\/en\/#website"},"primaryImageOfPage":{"@id":"https:\/\/www.tadano.com\/benelux\/en\/bim-data\/#primaryimage"},"image":{"@id":"https:\/\/www.tadano.com\/benelux\/en\/bim-data\/#primaryimage"},"thumbnailUrl":"https:\/\/www.tadano.com\/benelux\/wp-content\/uploads\/sites\/8\/2026\/01\/bim_1.jpg","datePublished":"2025-10-30T09:53:30+00:00","dateModified":"2026-02-02T10:33:06+00:00","inLanguage":"de","potentialAction":[{"@type":"ReadAction","target":["https:\/\/www.tadano.com\/benelux\/en\/bim-data\/"]}]},{"@type":"ImageObject","inLanguage":"de","@id":"https:\/\/www.tadano.com\/benelux\/en\/bim-data\/#primaryimage","url":"https:\/\/www.tadano.com\/benelux\/wp-content\/uploads\/sites\/8\/2026\/01\/bim_1.jpg","contentUrl":"https:\/\/www.tadano.com\/benelux\/wp-content\/uploads\/sites\/8\/2026\/01\/bim_1.jpg"},{"@type":"WebSite","@id":"https:\/\/www.tadano.com\/benelux\/en\/#website","url":"https:\/\/www.tadano.com\/benelux\/en\/","name":"Benelux","description":"Just another TADANO EUROPE site","potentialAction":[{"@type":"SearchAction","target":{"@type":"EntryPoint","urlTemplate":"https:\/\/www.tadano.com\/benelux\/en\/?s={search_term_string}"},"query-input":"required name=search_term_string"}],"inLanguage":"de"}]}},"_links":{"self":[{"href":"https:\/\/www.tadano.com\/benelux\/de\/wp-json\/wp\/v2\/pages\/29107"}],"collection":[{"href":"https:\/\/www.tadano.com\/benelux\/de\/wp-json\/wp\/v2\/pages"}],"about":[{"href":"https:\/\/www.tadano.com\/benelux\/de\/wp-json\/wp\/v2\/types\/page"}],"author":[{"embeddable":true,"href":"https:\/\/www.tadano.com\/benelux\/de\/wp-json\/wp\/v2\/users\/3"}],"replies":[{"embeddable":true,"href":"https:\/\/www.tadano.com\/benelux\/de\/wp-json\/wp\/v2\/comments?post=29107"}],"version-history":[{"count":5,"href":"https:\/\/www.tadano.com\/benelux\/de\/wp-json\/wp\/v2\/pages\/29107\/revisions"}],"predecessor-version":[{"id":29213,"href":"https:\/\/www.tadano.com\/benelux\/de\/wp-json\/wp\/v2\/pages\/29107\/revisions\/29213"}],"wp:attachment":[{"href":"https:\/\/www.tadano.com\/benelux\/de\/wp-json\/wp\/v2\/media?parent=29107"}],"curies":[{"name":"wp","href":"https:\/\/api.w.org\/{rel}","templated":true}]}}