{"id":30361,"date":"2026-04-15T13:55:52","date_gmt":"2026-04-15T13:55:52","guid":{"rendered":"https:\/\/www.tadano.com\/benelux\/events\/"},"modified":"2026-04-17T13:43:45","modified_gmt":"2026-04-17T13:43:45","slug":"events","status":"publish","type":"page","link":"https:\/\/www.tadano.com\/benelux\/de\/events\/","title":{"rendered":"Events"},"content":{"rendered":"\n\n\n<section class=\"hero-section\">\n\n\t\n\t\t\t<style type=\"text\/css\">\n\t\t\t.hero-section .img-holder:before {\n\t\t\t\tdisplay: none;\n\t\t\t}\n\t\t<\/style>\n\t\n\t\n\t<div class=\"img-holder \">\n\t\t\t\t<div class=\"bg-stretch\" style=\"background-position: 0 50%; \">\n\t\t\t<span data-srcset=\"https:\/\/mediahub.tadano.com\/m\/3e5371e3560f257f\/hero-img_tadano_bauma_booth_opening-4.jpg, https:\/\/mediahub.tadano.com\/m\/3e5371e3560f257f\/hero_2x-img_tadano_bauma_booth_opening-4.jpg 2x\"><\/span>\n\t\t<\/div>\n\t\t\t\t\t\t<div class=\"logo green-solutions\" style=\"display:none;\">\n\t\t\t<a href=\"#\"><img decoding=\"async\" src=\"https:\/\/www.tadano.com\/benelux\/wp-content\/themes\/tadano\/assets\/dist\/images\/Green-Solutions_Logo_White.svg\"><\/a>\n\t\t<\/div>\n\t<\/div>\n\t<div class=\"container\">\n\t\t<div class=\"text-holder \">\n\t\t\t<div class=\"wrap\">\n\t\t\t\t\n\t\t\t\t<ul class=\"breadcrumbs\"><li><a href=\"https:\/\/www.tadano.com\/benelux\/de\/\">Startseite<\/a><\/li><\/ul>\n\t\t\t\t\n\n<h1 class=\"wp-block-heading\">Events<\/h1>\n\n\n\n<p>Bleiben Sie mit dem Veranstaltungskalender von Tadano auf dem Laufenden. Hier finden Sie alle kommenden Messen, Konferenzen und Branchenveranstaltungen, auf denen Tadano im Laufe des Jahres vertreten sein wird.<\/p>\n\n\n\n\t\t\t\t\n\t\t\t<\/div>\n\n\t\t\t\n\t\t\t\n\t\t\t\n\t\t<\/div>\n\t<\/div>\n<\/section>\n\n\n<div class=\"wp-block-group is-style-background-triangle-right is-layout-constrained wp-block-group-is-layout-constrained\"><div class=\"wp-block-group__inner-container\">\n<h2 class=\"wp-block-heading\"><strong>Kommende Veranstaltungen und Konferenzen<\/strong><\/h2>\n\n\n\n<p>Nachfolgend finden Sie eine vollst\u00e4ndige \u00dcbersicht \u00fcber die bevorstehenden Veranstaltungen, auf denen Tadano vertreten sein wird. Von internationalen Fachmessen bis hin zu branchenspezifischen Konferenzen \u2013 entdecken Sie, wo und wann Sie unser Team pers\u00f6nlich treffen k\u00f6nnen.<\/p>\n\n\n\n<div class=\"wp-block-columns is-layout-flex wp-container-core-columns-layout-3 wp-block-columns-is-layout-flex\">\n<div class=\"wp-block-column is-layout-flow wp-block-column-is-layout-flow\">\n<h3 class=\"wp-block-heading\">S<span style=\"text-transform: lowercase;\" class=\"custom-lowercase\">a<\/span>m<span style=\"text-transform: lowercase;\" class=\"custom-lowercase\">o<\/span>t<span style=\"text-transform: lowercase;\" class=\"custom-lowercase\">er<\/span><\/h3>\n\n\n\n<div class=\"wp-block-columns is-layout-flex wp-container-core-columns-layout-1 wp-block-columns-is-layout-flex\">\n<div class=\"wp-block-column is-layout-flow wp-block-column-is-layout-flow\" style=\"flex-basis:33.33%\">\n<figure class=\"wp-block-image size-large\"><img decoding=\"async\" src=\"https:\/\/img.oemoffhighway.com\/files\/base\/acbm\/ooh\/image\/2017\/01\/SAMOTER_Logo2017.5873eb4e0e6f1.png?auto=format%2Ccompress&amp;q=70\" alt=\"\"\/><\/figure>\n<\/div>\n\n\n\n<div class=\"wp-block-column is-layout-flow wp-block-column-is-layout-flow\" style=\"flex-basis:66.66%\">\n<p><strong>6.\u20139. Mai 2026<\/strong><\/p>\n\n\n\n<div class=\"wp-block-group is-vertical is-layout-flex wp-container-core-group-layout-1 wp-block-group-is-layout-flex\">\n<p><strong>Veronafiere<br><\/strong>Viale del Lavoro, 8<br>37135 Verona<br>Italien<\/p>\n\n\n\n<div class=\"wp-block-buttons is-layout-flex wp-block-buttons-is-layout-flex\">\n<div class=\"wp-block-button is-style-btn-light\"><a class=\"wp-block-button__link wp-element-button\" href=\"https:\/\/www.samoter.it\/en\" target=\"_blank\" rel=\"noreferrer noopener\">MEHR ERFAHREN<\/a><\/div>\n<\/div>\n<\/div>\n<\/div>\n<\/div>\n<\/div>\n\n\n\n<div class=\"wp-block-column is-layout-flow wp-block-column-is-layout-flow\">\n<h3 class=\"wp-block-heading\">APEX<\/h3>\n\n\n\n<div class=\"wp-block-columns is-layout-flex wp-container-core-columns-layout-2 wp-block-columns-is-layout-flex\">\n<div class=\"wp-block-column is-layout-flow wp-block-column-is-layout-flow\" style=\"flex-basis:33.33%\">\n<figure class=\"wp-block-image size-large\"><img decoding=\"async\" src=\"https:\/\/apexshow.com\/wp-content\/uploads\/cropped-APEX-2026-768x489.png\" alt=\"\"\/><\/figure>\n<\/div>\n\n\n\n<div class=\"wp-block-column is-layout-flow wp-block-column-is-layout-flow\" style=\"flex-basis:66.66%\">\n<p><strong>2.\u20134. Juni 2026<\/strong><\/p>\n\n\n\n<div class=\"wp-block-group is-vertical is-layout-flex wp-container-core-group-layout-2 wp-block-group-is-layout-flex\">\n<p><strong>MECC Maastricht<br><\/strong>Forum 100<br>6229 GV Maastricht<br>Niederlande<\/p>\n\n\n\n<div class=\"wp-block-buttons is-layout-flex wp-block-buttons-is-layout-flex\">\n<div class=\"wp-block-button is-style-btn-light\"><a class=\"wp-block-button__link wp-element-button\" href=\"https:\/\/apexshow.com\/\" target=\"_blank\" rel=\"noreferrer noopener\">MEHR ERFAHREN<\/a><\/div>\n<\/div>\n<\/div>\n<\/div>\n<\/div>\n<\/div>\n<\/div>\n\n\n\n<div class=\"wp-block-columns is-layout-flex wp-container-core-columns-layout-6 wp-block-columns-is-layout-flex\">\n<div class=\"wp-block-column is-layout-flow wp-block-column-is-layout-flow\">\n<h3 class=\"wp-block-heading\">ANAGRUAL<\/h3>\n\n\n\n<div class=\"wp-block-columns is-layout-flex wp-container-core-columns-layout-4 wp-block-columns-is-layout-flex\">\n<div class=\"wp-block-column is-layout-flow wp-block-column-is-layout-flow\" style=\"flex-basis:33.33%\">\n<figure class=\"wp-block-image size-large\"><img decoding=\"async\" src=\"https:\/\/anagrual.es\/wp-content\/uploads\/2025\/11\/anagrual-logo-o.png\" alt=\"\"\/><\/figure>\n<\/div>\n\n\n\n<div class=\"wp-block-column is-layout-flow wp-block-column-is-layout-flow\" style=\"flex-basis:66.66%\">\n<p><strong>Juni 2026<\/strong><\/p>\n\n\n\n<div class=\"wp-block-group is-vertical is-layout-flex wp-container-core-group-layout-3 wp-block-group-is-layout-flex\">\n<p><strong>Paseo de la Castellana, 179<\/strong><br>7\u00ba B2<br>28046 Madrid<br>Spanien<\/p>\n\n\n\n<div class=\"wp-block-buttons is-layout-flex wp-block-buttons-is-layout-flex\">\n<div class=\"wp-block-button is-style-btn-light\"><a class=\"wp-block-button__link wp-element-button\" href=\"https:\/\/anagrual.es\/\" target=\"_blank\" rel=\"noreferrer noopener\">MEHR ERFAHREN<\/a><\/div>\n<\/div>\n<\/div>\n<\/div>\n<\/div>\n<\/div>\n\n\n\n<div class=\"wp-block-column is-layout-flow wp-block-column-is-layout-flow\">\n<h3 class=\"wp-block-heading\">Vertikal Days<\/h3>\n\n\n\n<div class=\"wp-block-columns is-layout-flex wp-container-core-columns-layout-5 wp-block-columns-is-layout-flex\">\n<div class=\"wp-block-column is-layout-flow wp-block-column-is-layout-flow\" style=\"flex-basis:33.33%\">\n<figure class=\"wp-block-image size-large\"><img decoding=\"async\" src=\"https:\/\/vertikaldays.net\/images\/logo\/vertikaldays.gif\" alt=\"\"\/><\/figure>\n<\/div>\n\n\n\n<div class=\"wp-block-column is-layout-flow wp-block-column-is-layout-flow\" style=\"flex-basis:66.66%\">\n<p><strong>9.\u201310. September 2026<\/strong><\/p>\n\n\n\n<div class=\"wp-block-group is-vertical is-layout-flex wp-container-core-group-layout-4 wp-block-group-is-layout-flex\">\n<p><strong>Newark Showground<\/strong><br>Lincoln Rd, Coddington<br>Newark NG24 2NY<br>Vereinigtes K\u00f6nigreich<\/p>\n\n\n\n<div class=\"wp-block-buttons is-layout-flex wp-block-buttons-is-layout-flex\">\n<div class=\"wp-block-button is-style-btn-light\"><a class=\"wp-block-button__link wp-element-button\" href=\"https:\/\/vertikaldays.net\/\" target=\"_blank\" rel=\"noreferrer noopener\">MEHR ERFAHREN<\/a><\/div>\n<\/div>\n<\/div>\n<\/div>\n<\/div>\n<\/div>\n<\/div>\n\n\n\n<div class=\"wp-block-columns is-layout-flex wp-container-core-columns-layout-9 wp-block-columns-is-layout-flex\">\n<div class=\"wp-block-column is-layout-flow wp-block-column-is-layout-flow\">\n<h3 class=\"wp-block-heading\">JDL EXPO<\/h3>\n\n\n\n<div class=\"wp-block-columns is-layout-flex wp-container-core-columns-layout-7 wp-block-columns-is-layout-flex\">\n<div class=\"wp-block-column is-layout-flow wp-block-column-is-layout-flow\" style=\"flex-basis:33.33%\">\n<figure class=\"wp-block-image size-large\"><img decoding=\"async\" src=\"https:\/\/jdlexpo.com\/wp-content\/uploads\/2024\/10\/cropped-LOGO-JDL-EXPO-PUB-.png\" alt=\"\"\/><\/figure>\n<\/div>\n\n\n\n<div class=\"wp-block-column is-layout-flow wp-block-column-is-layout-flow\" style=\"flex-basis:66.66%\">\n<p><strong>16.\u201318. September 2026<\/strong><\/p>\n\n\n\n<div class=\"wp-block-group is-vertical is-layout-flex wp-container-core-group-layout-5 wp-block-group-is-layout-flex\">\n<p><strong>Palais Des Congr\u00e8s<br><\/strong>19 Av. Charles de Gaulle<br>21200 Beaune<br>Frankreich<\/p>\n\n\n\n<div class=\"wp-block-buttons is-layout-flex wp-block-buttons-is-layout-flex\">\n<div class=\"wp-block-button is-style-btn-light\"><a class=\"wp-block-button__link wp-element-button\" href=\"https:\/\/jdlexpo.com\/\" target=\"_blank\" rel=\"noreferrer noopener\">MEHR ERFAHREN<\/a><\/div>\n<\/div>\n<\/div>\n<\/div>\n<\/div>\n<\/div>\n\n\n\n<div class=\"wp-block-column is-layout-flow wp-block-column-is-layout-flow\">\n<h3 class=\"wp-block-heading\">Movicarga PEM<\/h3>\n\n\n\n<div class=\"wp-block-columns is-layout-flex wp-container-core-columns-layout-8 wp-block-columns-is-layout-flex\">\n<div class=\"wp-block-column is-layout-flow wp-block-column-is-layout-flow\" style=\"flex-basis:33.33%\">\n<figure class=\"wp-block-image size-large\"><img decoding=\"async\" src=\"https:\/\/movicarga.com\/wp-content\/uploads\/2026\/02\/Sin-nombre-2.jpg\" alt=\"\"\/><\/figure>\n<\/div>\n\n\n\n<div class=\"wp-block-column is-layout-flow wp-block-column-is-layout-flow\" style=\"flex-basis:66.66%\">\n<p><strong>24. September 2026<\/strong><\/p>\n\n\n\n<div class=\"wp-block-group is-vertical is-layout-flex wp-container-core-group-layout-6 wp-block-group-is-layout-flex\">\n<p><strong>La Casa de M\u00f3nico<br><\/strong>C. de Cabeza de Manzaneda, 105, Moncloa &#8211; Aravaca<br>28023 Madrid, Spanien<\/p>\n\n\n\n<div class=\"wp-block-buttons is-layout-flex wp-block-buttons-is-layout-flex\">\n<div class=\"wp-block-button is-style-btn-light\"><a class=\"wp-block-button__link wp-element-button\" href=\"https:\/\/movicarga.com\/premios-elevacion-movicarga\/\" target=\"_blank\" rel=\"noreferrer noopener\">MEHR ERFAHREN<\/a><\/div>\n<\/div>\n<\/div>\n<\/div>\n<\/div>\n<\/div>\n<\/div>\n\n\n\n<div class=\"wp-block-columns is-layout-flex wp-container-core-columns-layout-12 wp-block-columns-is-layout-flex\">\n<div class=\"wp-block-column is-layout-flow wp-block-column-is-layout-flow\">\n<h3 class=\"wp-block-heading\">SALONVERT<\/h3>\n\n\n\n<div class=\"wp-block-columns is-layout-flex wp-container-core-columns-layout-10 wp-block-columns-is-layout-flex\">\n<div class=\"wp-block-column is-layout-flow wp-block-column-is-layout-flow\" style=\"flex-basis:33.33%\">\n<figure class=\"wp-block-image size-large\"><img decoding=\"async\" src=\"https:\/\/api-frontassets.inwink.com\/event\/5c06dc8a-baeb-f011-8195-0022488a3e24\/asset\/a3f11c27-27f5-f011-832e-6045bd95454f\/file\/fichier-204\" alt=\"\"\/><\/figure>\n<\/div>\n\n\n\n<div class=\"wp-block-column is-layout-flow wp-block-column-is-layout-flow\" style=\"flex-basis:66.66%\">\n<p><strong>23.\u201324. September 2026<\/strong><\/p>\n\n\n\n<div class=\"wp-block-group is-vertical is-layout-flex wp-container-core-group-layout-7 wp-block-group-is-layout-flex\">\n<p><strong>Ch\u00e2teau de Baville<\/strong><br>91530 Saint-Ch\u00e9ron<br><br>Frankreich<\/p>\n\n\n\n<div class=\"wp-block-buttons is-layout-flex wp-block-buttons-is-layout-flex\">\n<div class=\"wp-block-button is-style-btn-light\"><a class=\"wp-block-button__link wp-element-button\" href=\"https:\/\/www.salonvert.com\/\" target=\"_blank\" rel=\"noreferrer noopener\">MEHR ERFAHREN<\/a><\/div>\n<\/div>\n<\/div>\n<\/div>\n<\/div>\n<\/div>\n\n\n\n<div class=\"wp-block-column is-layout-flow wp-block-column-is-layout-flow\">\n<h3 class=\"wp-block-heading\">Assodimi\/Assonolo<\/h3>\n\n\n\n<div class=\"wp-block-columns is-layout-flex wp-container-core-columns-layout-11 wp-block-columns-is-layout-flex\">\n<div class=\"wp-block-column is-layout-flow wp-block-column-is-layout-flow\" style=\"flex-basis:33.33%\">\n<figure class=\"wp-block-image size-large\"><img decoding=\"async\" src=\"https:\/\/www.assodimi.it\/images\/logo.png?23\" alt=\"\"\/><\/figure>\n<\/div>\n\n\n\n<div class=\"wp-block-column is-layout-flow wp-block-column-is-layout-flow\" style=\"flex-basis:66.66%\">\n<p><strong>24.\u201325. September 2026<\/strong><\/p>\n\n\n\n<div class=\"wp-block-group is-vertical is-layout-flex wp-container-core-group-layout-8 wp-block-group-is-layout-flex\">\n<p><strong>Palaverdi<\/strong><br>Viale Delle Esposizioni, 393a<br>43126 Parma PR<br>Italien<\/p>\n\n\n\n<div class=\"wp-block-buttons is-layout-flex wp-block-buttons-is-layout-flex\">\n<div class=\"wp-block-button is-style-btn-light\"><a class=\"wp-block-button__link wp-element-button\" href=\"https:\/\/www.assodimi.it\/\" target=\"_blank\" rel=\"noreferrer noopener\">MEHR ERFAHREN<\/a><\/div>\n<\/div>\n<\/div>\n<\/div>\n<\/div>\n<\/div>\n<\/div>\n\n\n\n<div class=\"wp-block-columns is-layout-flex wp-container-core-columns-layout-15 wp-block-columns-is-layout-flex\">\n<div class=\"wp-block-column is-layout-flow wp-block-column-is-layout-flow\">\n<h3 class=\"wp-block-heading\">Platformers\u2018 Days<\/h3>\n\n\n\n<div class=\"wp-block-columns is-layout-flex wp-container-core-columns-layout-13 wp-block-columns-is-layout-flex\">\n<div class=\"wp-block-column is-layout-flow wp-block-column-is-layout-flow\" style=\"flex-basis:33.33%\">\n<figure class=\"wp-block-image size-large\"><img decoding=\"async\" src=\"https:\/\/www.platformers-days.de\/messe-files\/adminonly\/platformersdays_logo_header_211x154px.png\" alt=\"\"\/><\/figure>\n<\/div>\n\n\n\n<div class=\"wp-block-column is-layout-flow wp-block-column-is-layout-flow\" style=\"flex-basis:66.66%\">\n<p><strong>8.\u20139. Oktober 2026<\/strong><\/p>\n\n\n\n<div class=\"wp-block-group is-vertical is-layout-flex wp-container-core-group-layout-9 wp-block-group-is-layout-flex\">\n<p>Karlsruher Messegel\u00e4nde<br>Messeallee 1<br>76287 Rheinstetten<br>Deutschland<\/p>\n\n\n\n<div class=\"wp-block-buttons is-layout-flex wp-block-buttons-is-layout-flex\">\n<div class=\"wp-block-button is-style-btn-light\"><a class=\"wp-block-button__link wp-element-button\" href=\"https:\/\/www.platformers-days.de\/\" target=\"_blank\" rel=\"noreferrer noopener\">MEHR ERFAHREN<\/a><\/div>\n<\/div>\n<\/div>\n<\/div>\n<\/div>\n<\/div>\n\n\n\n<div class=\"wp-block-column is-layout-flow wp-block-column-is-layout-flow\">\n<h3 class=\"wp-block-heading\">ESTA 50th Anniversary<\/h3>\n\n\n\n<div class=\"wp-block-columns is-layout-flex wp-container-core-columns-layout-14 wp-block-columns-is-layout-flex\">\n<div class=\"wp-block-column is-layout-flow wp-block-column-is-layout-flow\" style=\"flex-basis:33.33%\">\n<figure class=\"wp-block-image size-large\"><img decoding=\"async\" src=\"https:\/\/estaeurope.eu\/wp-content\/uploads\/2020\/06\/ESTA_logo.png\" alt=\"\"\/><\/figure>\n<\/div>\n\n\n\n<div class=\"wp-block-column is-layout-flow wp-block-column-is-layout-flow\" style=\"flex-basis:66.66%\">\n<p><strong>23. Oktober 2026<\/strong><\/p>\n\n\n\n<div class=\"wp-block-group is-vertical is-layout-flex wp-container-core-group-layout-10 wp-block-group-is-layout-flex\">\n<p>Okura Hotel<br>Ferdinand Bolstraat 333<br>1072 LH Amsterdam<br>Niederlande<\/p>\n\n\n\n<div class=\"wp-block-buttons is-layout-flex wp-block-buttons-is-layout-flex\">\n<div class=\"wp-block-button is-style-btn-light\"><a class=\"wp-block-button__link wp-element-button\" href=\"https:\/\/estaeurope.eu\/celebration-event\/\" target=\"_blank\" rel=\"noreferrer noopener\">MEHR ERFAHREN<\/a><\/div>\n<\/div>\n<\/div>\n<\/div>\n<\/div>\n<\/div>\n<\/div>\n<\/div><\/div>\n","protected":false},"excerpt":{"rendered":"<p>Kommende Veranstaltungen und Konferenzen Nachfolgend finden Sie eine vollst\u00e4ndige \u00dcbersicht \u00fcber die bevorstehenden Veranstaltungen, auf denen Tadano vertreten sein wird. Von internationalen Fachmessen bis hin zu branchenspezifischen Konferenzen \u2013 entdecken Sie, wo und wann Sie unser Team pers\u00f6nlich treffen k\u00f6nnen. Samoter 6.\u20139. Mai 2026 VeronafiereViale del Lavoro, 837135 VeronaItalien APEX 2.\u20134. Juni 2026 MECC MaastrichtForum [&hellip;]<\/p>\n","protected":false},"author":3,"featured_media":0,"parent":0,"menu_order":0,"comment_status":"closed","ping_status":"closed","template":"","meta":{"_acf_changed":false,"footnotes":""},"acf":[],"yoast_head":"<!-- This site is optimized with the Yoast SEO plugin v22.3 - https:\/\/yoast.com\/wordpress\/plugins\/seo\/ -->\n<title>Events - Benelux<\/title>\n<meta name=\"robots\" content=\"index, follow, max-snippet:-1, max-image-preview:large, max-video-preview:-1\" \/>\n<link rel=\"canonical\" href=\"https:\/\/www.tadano.com\/benelux\/de\/events\/\" \/>\n<meta property=\"og:locale\" content=\"de_DE\" \/>\n<meta property=\"og:type\" content=\"article\" \/>\n<meta property=\"og:title\" content=\"Events - Benelux\" \/>\n<meta property=\"og:description\" content=\"Kommende Veranstaltungen und Konferenzen Nachfolgend finden Sie eine vollst\u00e4ndige \u00dcbersicht \u00fcber die bevorstehenden Veranstaltungen, auf denen Tadano vertreten sein wird. Von internationalen Fachmessen bis hin zu branchenspezifischen Konferenzen \u2013 entdecken Sie, wo und wann Sie unser Team pers\u00f6nlich treffen k\u00f6nnen. Samoter 6.\u20139. Mai 2026 VeronafiereViale del Lavoro, 837135 VeronaItalien APEX 2.\u20134. Juni 2026 MECC MaastrichtForum [&hellip;]\" \/>\n<meta property=\"og:url\" content=\"https:\/\/www.tadano.com\/benelux\/de\/events\/\" \/>\n<meta property=\"og:site_name\" content=\"Benelux\" \/>\n<meta property=\"article:modified_time\" content=\"2026-04-17T13:43:45+00:00\" \/>\n<meta property=\"og:image\" content=\"https:\/\/img.oemoffhighway.com\/files\/base\/acbm\/ooh\/image\/2017\/01\/SAMOTER_Logo2017.5873eb4e0e6f1.png?auto=format%2Ccompress&amp;q=70\" \/>\n<meta name=\"twitter:card\" content=\"summary_large_image\" \/>\n<meta name=\"twitter:label1\" content=\"Gesch\u00e4tzte Lesezeit\" \/>\n\t<meta name=\"twitter:data1\" content=\"4\u00a0Minuten\" \/>\n<script type=\"application\/ld+json\" class=\"yoast-schema-graph\">{\"@context\":\"https:\/\/schema.org\",\"@graph\":[{\"@type\":\"WebPage\",\"@id\":\"https:\/\/www.tadano.com\/benelux\/de\/events\/\",\"url\":\"https:\/\/www.tadano.com\/benelux\/de\/events\/\",\"name\":\"Events - Benelux\",\"isPartOf\":{\"@id\":\"https:\/\/www.tadano.com\/benelux\/en\/#website\"},\"primaryImageOfPage\":{\"@id\":\"https:\/\/www.tadano.com\/benelux\/de\/events\/#primaryimage\"},\"image\":{\"@id\":\"https:\/\/www.tadano.com\/benelux\/de\/events\/#primaryimage\"},\"thumbnailUrl\":\"https:\/\/img.oemoffhighway.com\/files\/base\/acbm\/ooh\/image\/2017\/01\/SAMOTER_Logo2017.5873eb4e0e6f1.png?auto=format%2Ccompress&amp;q=70\",\"datePublished\":\"2026-04-15T13:55:52+00:00\",\"dateModified\":\"2026-04-17T13:43:45+00:00\",\"inLanguage\":\"de\",\"potentialAction\":[{\"@type\":\"ReadAction\",\"target\":[\"https:\/\/www.tadano.com\/benelux\/de\/events\/\"]}]},{\"@type\":\"ImageObject\",\"inLanguage\":\"de\",\"@id\":\"https:\/\/www.tadano.com\/benelux\/de\/events\/#primaryimage\",\"url\":\"https:\/\/img.oemoffhighway.com\/files\/base\/acbm\/ooh\/image\/2017\/01\/SAMOTER_Logo2017.5873eb4e0e6f1.png?auto=format%2Ccompress&amp;q=70\",\"contentUrl\":\"https:\/\/img.oemoffhighway.com\/files\/base\/acbm\/ooh\/image\/2017\/01\/SAMOTER_Logo2017.5873eb4e0e6f1.png?auto=format%2Ccompress&amp;q=70\"},{\"@type\":\"WebSite\",\"@id\":\"https:\/\/www.tadano.com\/benelux\/en\/#website\",\"url\":\"https:\/\/www.tadano.com\/benelux\/en\/\",\"name\":\"Benelux\",\"description\":\"Just another TADANO EUROPE site\",\"potentialAction\":[{\"@type\":\"SearchAction\",\"target\":{\"@type\":\"EntryPoint\",\"urlTemplate\":\"https:\/\/www.tadano.com\/benelux\/en\/?s={search_term_string}\"},\"query-input\":\"required name=search_term_string\"}],\"inLanguage\":\"de\"}]}<\/script>\n<!-- \/ Yoast SEO plugin. -->","yoast_head_json":{"title":"Events - Benelux","robots":{"index":"index","follow":"follow","max-snippet":"max-snippet:-1","max-image-preview":"max-image-preview:large","max-video-preview":"max-video-preview:-1"},"canonical":"https:\/\/www.tadano.com\/benelux\/de\/events\/","og_locale":"de_DE","og_type":"article","og_title":"Events - Benelux","og_description":"Kommende Veranstaltungen und Konferenzen Nachfolgend finden Sie eine vollst\u00e4ndige \u00dcbersicht \u00fcber die bevorstehenden Veranstaltungen, auf denen Tadano vertreten sein wird. Von internationalen Fachmessen bis hin zu branchenspezifischen Konferenzen \u2013 entdecken Sie, wo und wann Sie unser Team pers\u00f6nlich treffen k\u00f6nnen. Samoter 6.\u20139. Mai 2026 VeronafiereViale del Lavoro, 837135 VeronaItalien APEX 2.\u20134. Juni 2026 MECC MaastrichtForum [&hellip;]","og_url":"https:\/\/www.tadano.com\/benelux\/de\/events\/","og_site_name":"Benelux","article_modified_time":"2026-04-17T13:43:45+00:00","og_image":[{"url":"https:\/\/img.oemoffhighway.com\/files\/base\/acbm\/ooh\/image\/2017\/01\/SAMOTER_Logo2017.5873eb4e0e6f1.png?auto=format%2Ccompress&amp;q=70"}],"twitter_card":"summary_large_image","twitter_misc":{"Gesch\u00e4tzte Lesezeit":"4\u00a0Minuten"},"schema":{"@context":"https:\/\/schema.org","@graph":[{"@type":"WebPage","@id":"https:\/\/www.tadano.com\/benelux\/de\/events\/","url":"https:\/\/www.tadano.com\/benelux\/de\/events\/","name":"Events - Benelux","isPartOf":{"@id":"https:\/\/www.tadano.com\/benelux\/en\/#website"},"primaryImageOfPage":{"@id":"https:\/\/www.tadano.com\/benelux\/de\/events\/#primaryimage"},"image":{"@id":"https:\/\/www.tadano.com\/benelux\/de\/events\/#primaryimage"},"thumbnailUrl":"https:\/\/img.oemoffhighway.com\/files\/base\/acbm\/ooh\/image\/2017\/01\/SAMOTER_Logo2017.5873eb4e0e6f1.png?auto=format%2Ccompress&amp;q=70","datePublished":"2026-04-15T13:55:52+00:00","dateModified":"2026-04-17T13:43:45+00:00","inLanguage":"de","potentialAction":[{"@type":"ReadAction","target":["https:\/\/www.tadano.com\/benelux\/de\/events\/"]}]},{"@type":"ImageObject","inLanguage":"de","@id":"https:\/\/www.tadano.com\/benelux\/de\/events\/#primaryimage","url":"https:\/\/img.oemoffhighway.com\/files\/base\/acbm\/ooh\/image\/2017\/01\/SAMOTER_Logo2017.5873eb4e0e6f1.png?auto=format%2Ccompress&amp;q=70","contentUrl":"https:\/\/img.oemoffhighway.com\/files\/base\/acbm\/ooh\/image\/2017\/01\/SAMOTER_Logo2017.5873eb4e0e6f1.png?auto=format%2Ccompress&amp;q=70"},{"@type":"WebSite","@id":"https:\/\/www.tadano.com\/benelux\/en\/#website","url":"https:\/\/www.tadano.com\/benelux\/en\/","name":"Benelux","description":"Just another TADANO EUROPE site","potentialAction":[{"@type":"SearchAction","target":{"@type":"EntryPoint","urlTemplate":"https:\/\/www.tadano.com\/benelux\/en\/?s={search_term_string}"},"query-input":"required name=search_term_string"}],"inLanguage":"de"}]}},"_links":{"self":[{"href":"https:\/\/www.tadano.com\/benelux\/de\/wp-json\/wp\/v2\/pages\/30361"}],"collection":[{"href":"https:\/\/www.tadano.com\/benelux\/de\/wp-json\/wp\/v2\/pages"}],"about":[{"href":"https:\/\/www.tadano.com\/benelux\/de\/wp-json\/wp\/v2\/types\/page"}],"author":[{"embeddable":true,"href":"https:\/\/www.tadano.com\/benelux\/de\/wp-json\/wp\/v2\/users\/3"}],"replies":[{"embeddable":true,"href":"https:\/\/www.tadano.com\/benelux\/de\/wp-json\/wp\/v2\/comments?post=30361"}],"version-history":[{"count":1,"href":"https:\/\/www.tadano.com\/benelux\/de\/wp-json\/wp\/v2\/pages\/30361\/revisions"}],"predecessor-version":[{"id":30375,"href":"https:\/\/www.tadano.com\/benelux\/de\/wp-json\/wp\/v2\/pages\/30361\/revisions\/30375"}],"wp:attachment":[{"href":"https:\/\/www.tadano.com\/benelux\/de\/wp-json\/wp\/v2\/media?parent=30361"}],"curies":[{"name":"wp","href":"https:\/\/api.w.org\/{rel}","templated":true}]}}