{"id":3846,"date":"2021-05-26T05:37:50","date_gmt":"2021-05-26T05:37:50","guid":{"rendered":"https:\/\/www.tadano.com\/benelux\/ueber-uns\/supply-chain\/einkaufsbedingungen\/"},"modified":"2026-04-15T07:41:26","modified_gmt":"2026-04-15T07:41:26","slug":"einkaufsrichtlinien","status":"publish","type":"page","link":"https:\/\/www.tadano.com\/benelux\/de\/ueber-uns\/supply-chain\/einkaufsrichtlinien\/","title":{"rendered":"Einkaufsrichtlinien"},"content":{"rendered":"\n\n\n<section class=\"hero-section\">\n\n\t\n\t\t\t<style type=\"text\/css\">\n\t\t\t.hero-section .img-holder:before {\n\t\t\t\tdisplay: none;\n\t\t\t}\n\t\t<\/style>\n\t\n\t\n\t<div class=\"img-holder \">\n\t\t\t\t<div class=\"bg-stretch\" style=\"background-position: 50% 50%; \">\n\t\t\t<span data-srcset=\"https:\/\/assets.onetadano.com\/celum_assets\/hero\/DEMAG-Karriere_Feb2020-16.jpg, https:\/\/assets.onetadano.com\/celum_assets\/hero-2x\/DEMAG-Karriere_Feb2020-16.jpg 2x\"><\/span>\n\t\t<\/div>\n\t\t\t\t\t\t<div class=\"logo green-solutions\" style=\"display:none;\">\n\t\t\t<a href=\"#\"><img decoding=\"async\" src=\"https:\/\/www.tadano.com\/benelux\/wp-content\/themes\/tadano\/assets\/dist\/images\/Green-Solutions_Logo_White.svg\"><\/a>\n\t\t<\/div>\n\t<\/div>\n\t<div class=\"container\">\n\t\t<div class=\"text-holder \">\n\t\t\t<div class=\"wrap\">\n\t\t\t\t\n\t\t\t\t<ul class=\"breadcrumbs\"><li><a href=\"https:\/\/www.tadano.com\/benelux\/de\/\">Startseite<\/a><\/li><\/ul>\n\t\t\t\t\n\n<h1 class=\"wp-block-heading\">Einkaufs-RICHTLINIEN<\/h1>\n\n\n\n<p>Einkaufsrichtlinien der Tadano Europa Gruppe.<\/p>\n\n\n\n\t\t\t\t\n\t\t\t<\/div>\n\n\t\t\t\n\t\t\t\n\t\t\t\n\t\t<\/div>\n\t<\/div>\n<\/section>\n\n\n<div style=\"height:100px\" aria-hidden=\"true\" class=\"wp-block-spacer\"><\/div>\n\n\n\n<div class=\"wp-block-columns is-layout-flex wp-container-core-columns-layout-1 wp-block-columns-is-layout-flex\">\n<div class=\"wp-block-column is-layout-flow wp-block-column-is-layout-flow\" style=\"flex-basis:66.66%\">\n<p>Tadano strebt symbiotische Beziehungen zu seinen Zulieferern an, da sich nur mit solchen starken Partnerschaften die hohen Erwartungen unserer Kunden erf\u00fcllen und \u00fcbertreffen lassen. Unsere Beschaffungsziele verlangen Zulieferer, die unsere Standards bez\u00fcglich Qualit\u00e4t, Sicherheit und Effizienz teilen, indem sie durchg\u00e4ngig erstklassige Produkte mit verl\u00e4sslicher Zeitplanung, effizienter Preisgestaltung und hoher Flexibilit\u00e4t liefern. Um den wechselnden Bedingungen und Kundenanforderungen gerecht zu werden, bem\u00fchen wir uns um kontinuierliche Verbesserung \u00fcber unsere gesamten Produktreihen, Produktionsanlagen und Serviceleistungen. Voraussetzung hierf\u00fcr ist die Zusammenarbeit mit zuverl\u00e4ssigen Zulieferern, um gemeinsam Innovationen zu entwickeln, die f\u00fcr alle Partner der Lieferkette die Wertsch\u00f6pfung stetig steigern. Gemeinsam schaffen wir eine bessere Zukunft.<\/p>\n\n\n\n<p>Um unsere Zusammenarbeit zu definieren und stetig zu verbessern stellen wir Ihnen hier unsere allgemein g\u00fcltigen Einkaufsrichtlinien zum Download bereit:<\/p>\n\n\n\n<section class=\"link-with-lightbox\">\n\n\t\t\t<a href=\"https:\/\/go.onetadano.com\/Qualit\u00e4tsrichtlinie\">Qualit\u00e4tsrichtlinie<\/a>\n\t\t<\/section>\n\n\n\n<section class=\"link-with-lightbox\">\n\n\t\t\t<a href=\"https:\/\/go.onetadano.com\/Qualit\u00e4tsrichtlinie\u2013Anhang-A\">Qualit\u00e4tsrichtlinie Anhang A<\/a>\n\t\t<\/section>\n\n\n\n<section class=\"link-with-lightbox\">\n\n\t\t\t<a href=\"https:\/\/go.onetadano.com\/Qualit\u00e4tsrichtlinie\u2013Anhang-B\">Qualit\u00e4tsrichtlinie Anhang B<\/a>\n\t\t<\/section>\n\n\n\n<section class=\"link-with-lightbox\">\n\n\t\t\t<a href=\"https:\/\/go.onetadano.com\/Pr\u00fcfrichtlinie\">Pr\u00fcfrichtlinie<\/a>\n\t\t<\/section>\n\n\n\n<section class=\"link-with-lightbox\">\n\n\t\t\t<a href=\"https:\/\/go.onetadano.com\/Pr\u00fcfrichtlinie-Anhang-A\">Pr\u00fcfrichtlinie Anhang A<\/a>\n\t\t<\/section>\n<\/div>\n\n\n\n<div class=\"wp-block-column is-layout-flow wp-block-column-is-layout-flow\" style=\"flex-basis:33.33%\"><\/div>\n<\/div>\n\n\n\n<div style=\"height:100px\" aria-hidden=\"true\" class=\"wp-block-spacer\"><\/div>\n","protected":false},"excerpt":{"rendered":"<p>Tadano strebt symbiotische Beziehungen zu seinen Zulieferern an, da sich nur mit solchen starken Partnerschaften die hohen Erwartungen unserer Kunden erf\u00fcllen und \u00fcbertreffen lassen. Unsere Beschaffungsziele verlangen Zulieferer, die unsere Standards bez\u00fcglich Qualit\u00e4t, Sicherheit und Effizienz teilen, indem sie durchg\u00e4ngig erstklassige Produkte mit verl\u00e4sslicher Zeitplanung, effizienter Preisgestaltung und hoher Flexibilit\u00e4t liefern. Um den wechselnden Bedingungen [&hellip;]<\/p>\n","protected":false},"author":2,"featured_media":0,"parent":3809,"menu_order":0,"comment_status":"closed","ping_status":"closed","template":"","meta":{"_acf_changed":false,"footnotes":""},"acf":[],"yoast_head":"<!-- This site is optimized with the Yoast SEO plugin v22.3 - https:\/\/yoast.com\/wordpress\/plugins\/seo\/ -->\n<title>Einkaufsrichtlinien - Benelux<\/title>\n<meta name=\"robots\" content=\"index, follow, max-snippet:-1, max-image-preview:large, max-video-preview:-1\" \/>\n<link rel=\"canonical\" href=\"https:\/\/www.tadano.com\/benelux\/en\/about\/supply-chain\/purchasing-guidelines\/\" \/>\n<meta property=\"og:locale\" content=\"de_DE\" \/>\n<meta property=\"og:type\" content=\"article\" \/>\n<meta property=\"og:title\" content=\"Einkaufsrichtlinien - Benelux\" \/>\n<meta property=\"og:description\" content=\"Tadano strebt symbiotische Beziehungen zu seinen Zulieferern an, da sich nur mit solchen starken Partnerschaften die hohen Erwartungen unserer Kunden erf\u00fcllen und \u00fcbertreffen lassen. Unsere Beschaffungsziele verlangen Zulieferer, die unsere Standards bez\u00fcglich Qualit\u00e4t, Sicherheit und Effizienz teilen, indem sie durchg\u00e4ngig erstklassige Produkte mit verl\u00e4sslicher Zeitplanung, effizienter Preisgestaltung und hoher Flexibilit\u00e4t liefern. Um den wechselnden Bedingungen [&hellip;]\" \/>\n<meta property=\"og:url\" content=\"https:\/\/www.tadano.com\/benelux\/en\/about\/supply-chain\/purchasing-guidelines\/\" \/>\n<meta property=\"og:site_name\" content=\"Benelux\" \/>\n<meta property=\"article:modified_time\" content=\"2026-04-15T07:41:26+00:00\" \/>\n<meta name=\"twitter:card\" content=\"summary_large_image\" \/>\n<meta name=\"twitter:label1\" content=\"Gesch\u00e4tzte Lesezeit\" \/>\n\t<meta name=\"twitter:data1\" content=\"1\u00a0Minute\" \/>\n<script type=\"application\/ld+json\" class=\"yoast-schema-graph\">{\"@context\":\"https:\/\/schema.org\",\"@graph\":[{\"@type\":\"WebPage\",\"@id\":\"https:\/\/www.tadano.com\/benelux\/en\/about\/supply-chain\/purchasing-guidelines\/\",\"url\":\"https:\/\/www.tadano.com\/benelux\/en\/about\/supply-chain\/purchasing-guidelines\/\",\"name\":\"Einkaufsrichtlinien - Benelux\",\"isPartOf\":{\"@id\":\"https:\/\/www.tadano.com\/benelux\/en\/#website\"},\"datePublished\":\"2021-05-26T05:37:50+00:00\",\"dateModified\":\"2026-04-15T07:41:26+00:00\",\"breadcrumb\":{\"@id\":\"https:\/\/www.tadano.com\/benelux\/en\/about\/supply-chain\/purchasing-guidelines\/#breadcrumb\"},\"inLanguage\":\"de\",\"potentialAction\":[{\"@type\":\"ReadAction\",\"target\":[\"https:\/\/www.tadano.com\/benelux\/en\/about\/supply-chain\/purchasing-guidelines\/\"]}]},{\"@type\":\"BreadcrumbList\",\"@id\":\"https:\/\/www.tadano.com\/benelux\/en\/about\/supply-chain\/purchasing-guidelines\/#breadcrumb\",\"itemListElement\":[{\"@type\":\"ListItem\",\"position\":1,\"name\":\"\u00dcber uns\",\"item\":\"https:\/\/www.tadano.com\/benelux\/ueber-uns\/\"},{\"@type\":\"ListItem\",\"position\":2,\"name\":\"Supply Chain\",\"item\":\"https:\/\/www.tadano.com\/benelux\/de\/ueber-uns\/supply-chain\/\"},{\"@type\":\"ListItem\",\"position\":3,\"name\":\"Einkaufsrichtlinien\"}]},{\"@type\":\"WebSite\",\"@id\":\"https:\/\/www.tadano.com\/benelux\/en\/#website\",\"url\":\"https:\/\/www.tadano.com\/benelux\/en\/\",\"name\":\"Benelux\",\"description\":\"Just another TADANO EUROPE site\",\"potentialAction\":[{\"@type\":\"SearchAction\",\"target\":{\"@type\":\"EntryPoint\",\"urlTemplate\":\"https:\/\/www.tadano.com\/benelux\/en\/?s={search_term_string}\"},\"query-input\":\"required name=search_term_string\"}],\"inLanguage\":\"de\"}]}<\/script>\n<!-- \/ Yoast SEO plugin. -->","yoast_head_json":{"title":"Einkaufsrichtlinien - Benelux","robots":{"index":"index","follow":"follow","max-snippet":"max-snippet:-1","max-image-preview":"max-image-preview:large","max-video-preview":"max-video-preview:-1"},"canonical":"https:\/\/www.tadano.com\/benelux\/en\/about\/supply-chain\/purchasing-guidelines\/","og_locale":"de_DE","og_type":"article","og_title":"Einkaufsrichtlinien - Benelux","og_description":"Tadano strebt symbiotische Beziehungen zu seinen Zulieferern an, da sich nur mit solchen starken Partnerschaften die hohen Erwartungen unserer Kunden erf\u00fcllen und \u00fcbertreffen lassen. Unsere Beschaffungsziele verlangen Zulieferer, die unsere Standards bez\u00fcglich Qualit\u00e4t, Sicherheit und Effizienz teilen, indem sie durchg\u00e4ngig erstklassige Produkte mit verl\u00e4sslicher Zeitplanung, effizienter Preisgestaltung und hoher Flexibilit\u00e4t liefern. Um den wechselnden Bedingungen [&hellip;]","og_url":"https:\/\/www.tadano.com\/benelux\/en\/about\/supply-chain\/purchasing-guidelines\/","og_site_name":"Benelux","article_modified_time":"2026-04-15T07:41:26+00:00","twitter_card":"summary_large_image","twitter_misc":{"Gesch\u00e4tzte Lesezeit":"1\u00a0Minute"},"schema":{"@context":"https:\/\/schema.org","@graph":[{"@type":"WebPage","@id":"https:\/\/www.tadano.com\/benelux\/en\/about\/supply-chain\/purchasing-guidelines\/","url":"https:\/\/www.tadano.com\/benelux\/en\/about\/supply-chain\/purchasing-guidelines\/","name":"Einkaufsrichtlinien - Benelux","isPartOf":{"@id":"https:\/\/www.tadano.com\/benelux\/en\/#website"},"datePublished":"2021-05-26T05:37:50+00:00","dateModified":"2026-04-15T07:41:26+00:00","breadcrumb":{"@id":"https:\/\/www.tadano.com\/benelux\/en\/about\/supply-chain\/purchasing-guidelines\/#breadcrumb"},"inLanguage":"de","potentialAction":[{"@type":"ReadAction","target":["https:\/\/www.tadano.com\/benelux\/en\/about\/supply-chain\/purchasing-guidelines\/"]}]},{"@type":"BreadcrumbList","@id":"https:\/\/www.tadano.com\/benelux\/en\/about\/supply-chain\/purchasing-guidelines\/#breadcrumb","itemListElement":[{"@type":"ListItem","position":1,"name":"\u00dcber uns","item":"https:\/\/www.tadano.com\/benelux\/ueber-uns\/"},{"@type":"ListItem","position":2,"name":"Supply Chain","item":"https:\/\/www.tadano.com\/benelux\/de\/ueber-uns\/supply-chain\/"},{"@type":"ListItem","position":3,"name":"Einkaufsrichtlinien"}]},{"@type":"WebSite","@id":"https:\/\/www.tadano.com\/benelux\/en\/#website","url":"https:\/\/www.tadano.com\/benelux\/en\/","name":"Benelux","description":"Just another TADANO EUROPE site","potentialAction":[{"@type":"SearchAction","target":{"@type":"EntryPoint","urlTemplate":"https:\/\/www.tadano.com\/benelux\/en\/?s={search_term_string}"},"query-input":"required name=search_term_string"}],"inLanguage":"de"}]}},"_links":{"self":[{"href":"https:\/\/www.tadano.com\/benelux\/de\/wp-json\/wp\/v2\/pages\/3846"}],"collection":[{"href":"https:\/\/www.tadano.com\/benelux\/de\/wp-json\/wp\/v2\/pages"}],"about":[{"href":"https:\/\/www.tadano.com\/benelux\/de\/wp-json\/wp\/v2\/types\/page"}],"author":[{"embeddable":true,"href":"https:\/\/www.tadano.com\/benelux\/de\/wp-json\/wp\/v2\/users\/2"}],"replies":[{"embeddable":true,"href":"https:\/\/www.tadano.com\/benelux\/de\/wp-json\/wp\/v2\/comments?post=3846"}],"version-history":[{"count":5,"href":"https:\/\/www.tadano.com\/benelux\/de\/wp-json\/wp\/v2\/pages\/3846\/revisions"}],"predecessor-version":[{"id":30238,"href":"https:\/\/www.tadano.com\/benelux\/de\/wp-json\/wp\/v2\/pages\/3846\/revisions\/30238"}],"up":[{"embeddable":true,"href":"https:\/\/www.tadano.com\/benelux\/de\/wp-json\/wp\/v2\/pages\/3809"}],"wp:attachment":[{"href":"https:\/\/www.tadano.com\/benelux\/de\/wp-json\/wp\/v2\/media?parent=3846"}],"curies":[{"name":"wp","href":"https:\/\/api.w.org\/{rel}","templated":true}]}}