{"id":3867,"date":"2021-06-18T07:56:01","date_gmt":"2021-06-18T07:56:01","guid":{"rendered":"https:\/\/www.tadano.com\/benelux\/vertrieb-services\/ersatzteile\/ersatzteile-kontakt\/"},"modified":"2023-11-15T08:53:57","modified_gmt":"2023-11-15T08:53:57","slug":"ersatzteile-kontakt","status":"publish","type":"page","link":"https:\/\/www.tadano.com\/benelux\/de\/vertrieb-services\/ersatzteile-kontakt\/","title":{"rendered":"Tadano Ersatzteile"},"content":{"rendered":"\n\n\n<section class=\"hero-section-alt2\">\n\n\t\n\t\t\t<style type=\"text\/css\">\n\t\t\t.hero-section .img-holder:before {\n\t\t\t\tdisplay: none;\n\t\t\t}\n\t\t<\/style>\n\t\n\t\n\t<div class=\"img-holder \">\n\t\t\t\t<div class=\"bg-stretch\" style=\"background-position: 50% 50%; \">\n\t\t\t<span data-srcset=\"https:\/\/assets.onetadano.com\/celum_assets\/hero\/Lager_Lauf_web-2.jpg, https:\/\/assets.onetadano.com\/celum_assets\/hero-2x\/Lager_Lauf_web-2.jpg 2x\"><\/span>\n\t\t<\/div>\n\t\t\t\t\t\t<div class=\"logo green-solutions\" style=\"display:none;\">\n\t\t\t<a href=\"#\"><img decoding=\"async\" src=\"https:\/\/www.tadano.com\/benelux\/wp-content\/themes\/tadano\/assets\/dist\/images\/Green-Solutions_Logo_White.svg\"><\/a>\n\t\t<\/div>\n\t<\/div>\n\t<div class=\"container\">\n\t\t<div class=\"text-holder \">\n\t\t\t<div class=\"wrap\">\n\t\t\t\t\n\t\t\t\t<ul class=\"breadcrumbs\"><li><a href=\"https:\/\/www.tadano.com\/benelux\/de\/\">Startseite<\/a><\/li><\/ul>\n\t\t\t\t\n\n<h1 class=\"wp-block-heading\">Tadano Ersatzteile<\/h1>\n\n\n\n<p>Damit Ihre Gesch\u00e4fte genauso reibungslos funktionieren wie Ihre Krane. Wenden Sie sich einfach an unsere Experten, die rund um die Uhr f\u00fcr Sie bereitstehen, und Sie erhalten schnellstm\u00f6glich die gew\u00fcnschten Original-Ersatzteile.<\/p>\n\n\n\n\t\t\t\t\n\t\t\t<\/div>\n\n\t\t\t\n\t\t\t\n\t\t\t\n\t\t<\/div>\n\t<\/div>\n<\/section>\n\n\n<script type=\"text\/javascript\">\n\n  const pardotURL = 'https:\/\/info.tadanoeurope.com\/l\/761063\/2021-04-26\/dvq4g';\n\n<\/script>\n\n<section class=\"contact-form-block form-block cookieconsent-optin-marketing\" id=\"contact-form-container\">\n  <div class=\"container\">\n\n   <div class=\"section-heading\">\n    <h2 class=\"form-title\">Ihr Kontakt zu uns<\/h2>\n  <\/div>\n\n\n\n  \n    <script type=\"text\/javascript\">\n      var recaptchaPublicKey = '6LcJ044oAAAAAHa4a1TbHqHq3jD3KyKSubByLS51';\n      const formRequiredMessage = 'Dieses Feld ist erforderlich';\n      var formRecipient = 'parts-sales@tadanofaun.de';\n      var formSubject = 'Contact Form';\n    <\/script>\n\n    <script src=\"https:\/\/www.google.com\/recaptcha\/api.js?render=6LcJ044oAAAAAHa4a1TbHqHq3jD3KyKSubByLS51\"><\/script>\n\n\n    <form class=\"contact-form\" action=\"#contact-form-container\" method=\"POST\" enctype=\"multipart\/form-data\" id=\"contact-form\" onsubmit=\"dataLayer.push({'event': 'formSubmission'});\">\n      <div class=\"row\">\n        <div class=\"col\">\n          <label for=\"type-request\" class=\"hidden\">Art der Anfrage *<\/label>\n          <select id=\"form-type-request\" name=\"request-type\" required>\n            <option value=\"\">Art der Anfrage *<\/option>\n            <option data-selection=\"enable-order-retrofit\">Ersatzteile bestellen<\/option>\n            <option data-selection=\"enable-order-retrofit\">Nachr\u00fcstung<\/option>\n            <option>Dokumentation<\/option>\n            <option data-selection=\"others\">Sonstiges<\/option>\n          <\/select>\n        <\/div>\n        <div class=\"col\"><\/div>\n      <\/div>\n      <div class=\"row\">\n        <div class=\"col\">\n          <label for=\"f-name\" class=\"hidden\">Vorname<\/label>\n          <input type=\"text\" placeholder=\"Vorname *\" name=\"first-name\" required \/>\n        <\/div>\n        <div class=\"col\">\n          <label for=\"l-name\" class=\"hidden\">Nachname<\/label>\n          <input type=\"text\" placeholder=\"Nachname *\" name=\"last-name\" required \/>\n        <\/div>\n        <div class=\"col\">\n          <label for=\"e-address\" class=\"hidden\">E-Mail<\/label>\n          <input type=\"email\" placeholder=\"E-Mail *\" name=\"email\" required \/>\n        <\/div>\n        <div class=\"col\">\n          <label for=\"tel\" class=\"hidden\">Telefon<\/label>\n          <input type=\"tel\" placeholder=\"Telefon *\" name=\"phone\" required \/>\n        <\/div>\n        <div class=\"col\">\n          <label for=\"company\" class=\"hidden\">Firma<\/label>\n          <input type=\"text\" placeholder=\"Firma *\" name=\"company\" required\/>\n        <\/div>\n        <div class=\"col\">\n          <label for=\"country\" class=\"hidden\">Land *<\/label><select required name=\"country\"><option value=\"\">Land *<\/option><option value=\"Afghanistan\">Afghanistan<\/option>\n<option value=\"Albania\">Albanien<\/option>\n<option value=\"Algeria\">Algerien<\/option>\n<option value=\"Andorra\">Andorra<\/option>\n<option value=\"Angola\">Angola<\/option>\n<option value=\"Antigua and Barbuda\">Antigua und Barbuda<\/option>\n<option value=\"Argentina\">Argentinien<\/option>\n<option value=\"Armenia\">Armenien<\/option>\n<option value=\"Azerbaijan\">Aserbaidschan<\/option>\n<option value=\"Australia\">Australien<\/option>\n<option value=\"Bahamas\">Bahamas<\/option>\n<option value=\"Bahrain\">Bahrain<\/option>\n<option value=\"Bangladesh\">Bangladesch<\/option>\n<option value=\"Barbados\">Barbados<\/option>\n<option value=\"Belarus\">Belarus<\/option>\n<option value=\"Belgium\">Belgien<\/option>\n<option value=\"Belize\">Belize<\/option>\n<option value=\"Benin\">Benin<\/option>\n<option value=\"Bhutan\">Bhutan<\/option>\n<option value=\"Bolivia (Plurinational State of)\">Bolivien<\/option>\n<option value=\"Bosnia and Herzegovina\">Bosnien und Herzegowina<\/option>\n<option value=\"Botswana\">Botswana<\/option>\n<option value=\"Brazil\">Brasilien<\/option>\n<option value=\"Brunei Darussalam\">Brunei<\/option>\n<option value=\"Bulgaria\">Bulgarien<\/option>\n<option value=\"Burkina Faso\">Burkina Faso<\/option>\n<option value=\"Burundi\">Burundi<\/option>\n<option value=\"Chile\">Chile<\/option>\n<option value=\"Costa Rica\">Costa Rica<\/option>\n<option value=\"Germany\">Deutschland<\/option>\n<option value=\"Dominica\">Dominica<\/option>\n<option value=\"Dominican Republic\">Dominikanische Republik<\/option>\n<option value=\"Djibouti\">Dschibuti<\/option>\n<option value=\"Denmark\">D\u00e4nemark<\/option>\n<option value=\"Ecuador\">Ecuador<\/option>\n<option value=\"El Salvador\">El Salvador<\/option>\n<option value=\"C\u00f4te d&#039;Ivoire\">Elfenbeink\u00fcste<\/option>\n<option value=\"Eritrea\">Eritrea<\/option>\n<option value=\"Estonia\">Estland<\/option>\n<option value=\"Eswatini\">Eswatini<\/option>\n<option value=\"Fiji\">Fidschi<\/option>\n<option value=\"Finland\">Finnland<\/option>\n<option value=\"France\">Frankreich<\/option>\n<option value=\"Gabon\">Gabun<\/option>\n<option value=\"Gambia\">Gambia<\/option>\n<option value=\"Georgia\">Georgien<\/option>\n<option value=\"Ghana\">Ghana<\/option>\n<option value=\"Grenada\">Grenada<\/option>\n<option value=\"Greece\">Griechenland<\/option>\n<option value=\"Guatemala\">Guatemala<\/option>\n<option value=\"Guinea\">Guinea<\/option>\n<option value=\"Guinea-Bissau\">Guinea-Bissau<\/option>\n<option value=\"Guyana\">Guyana<\/option>\n<option value=\"Haiti\">Haiti<\/option>\n<option value=\"Honduras\">Honduras<\/option>\n<option value=\"India\">Indien<\/option>\n<option value=\"Indonesia\">Indonesien<\/option>\n<option value=\"Iraq\">Irak<\/option>\n<option value=\"Iran, Islamic Republic of\">Iran<\/option>\n<option value=\"Ireland\">Irland<\/option>\n<option value=\"Iceland\">Island<\/option>\n<option value=\"Israel\">Israel<\/option>\n<option value=\"Italy\">Italien<\/option>\n<option value=\"Jamaica\">Jamaika<\/option>\n<option value=\"Japan\">Japan<\/option>\n<option value=\"Yemen\">Jemen<\/option>\n<option value=\"Jordan\">Jordanien<\/option>\n<option value=\"Cambodia\">Kambodscha<\/option>\n<option value=\"Cameroon\">Kamerun<\/option>\n<option value=\"Canada\">Kanada<\/option>\n<option value=\"Cabo Verde\">Kap Verde<\/option>\n<option value=\"Kazakhstan\">Kasachstan<\/option>\n<option value=\"Qatar\">Katar<\/option>\n<option value=\"Kenya\">Kenia<\/option>\n<option value=\"Kyrgyzstan\">Kirgisistan<\/option>\n<option value=\"Kiribati\">Kiribati<\/option>\n<option value=\"Colombia\">Kolumbien<\/option>\n<option value=\"Comoros\">Komoren<\/option>\n<option value=\"Congo, Democratic Republic of the\">Kongo, Demokratische Republik<\/option>\n<option value=\"Congo\">Kongo, Republik<\/option>\n<option value=\"Korea, Democratic People&#039;s Republic of\">Korea, Nord<\/option>\n<option value=\"Korea, Republic of\">Korea, S\u00fcd<\/option>\n<option value=\"Croatia\">Kroatien<\/option>\n<option value=\"Cuba\">Kuba<\/option>\n<option value=\"Kuwait\">Kuwait<\/option>\n<option value=\"Lao People&#039;s Democratic Republic\">Laos<\/option>\n<option value=\"Lesotho\">Lesotho<\/option>\n<option value=\"Latvia\">Lettland<\/option>\n<option value=\"Lebanon\">Libanon<\/option>\n<option value=\"Liberia\">Liberia<\/option>\n<option value=\"Libya\">Libyen<\/option>\n<option value=\"Liechtenstein\">Liechtenstein<\/option>\n<option value=\"Lithuania\">Litauen<\/option>\n<option value=\"Luxembourg\">Luxemburg<\/option>\n<option value=\"Madagascar\">Madagaskar<\/option>\n<option value=\"Malawi\">Malawi<\/option>\n<option value=\"Malaysia\">Malaysia<\/option>\n<option value=\"Maldives\">Malediven<\/option>\n<option value=\"Mali\">Mali<\/option>\n<option value=\"Malta\">Malta<\/option>\n<option value=\"Morocco\">Marokko<\/option>\n<option value=\"Marshall Islands\">Marshallinseln<\/option>\n<option value=\"Mauritania\">Mauretanien<\/option>\n<option value=\"Mauritius\">Mauritius<\/option>\n<option value=\"Mexico\">Mexiko<\/option>\n<option value=\"Micronesia (Federated States of)\">Mikronesien<\/option>\n<option value=\"Moldova (the Republic of)\">Moldau<\/option>\n<option value=\"Monaco\">Monaco<\/option>\n<option value=\"Mongolia\">Mongolei<\/option>\n<option value=\"Montenegro\">Montenegro<\/option>\n<option value=\"Mozambique\">Mosambik<\/option>\n<option value=\"Myanmar\">Myanmar<\/option>\n<option value=\"Namibia\">Namibia<\/option>\n<option value=\"Nauru\">Nauru<\/option>\n<option value=\"Nepal\">Nepal<\/option>\n<option value=\"New Zealand\">Neuseeland<\/option>\n<option value=\"Nicaragua\">Nicaragua<\/option>\n<option value=\"Netherlands\">Niederlande<\/option>\n<option value=\"Niger\">Niger<\/option>\n<option value=\"Nigeria\">Nigeria<\/option>\n<option value=\"North Macedonia\">Nordmazedonien<\/option>\n<option value=\"Norway\">Norwegen<\/option>\n<option value=\"Oman\">Oman<\/option>\n<option value=\"Timor-Leste\">Osttimor<\/option>\n<option value=\"Pakistan\">Pakistan<\/option>\n<option value=\"Palau\">Palau<\/option>\n<option value=\"Panama\">Panama<\/option>\n<option value=\"Papua New Guinea\">Papua-Neuguinea<\/option>\n<option value=\"Paraguay\">Paraguay<\/option>\n<option value=\"Peru\">Peru<\/option>\n<option value=\"Philippines\">Philippinen<\/option>\n<option value=\"Poland\">Polen<\/option>\n<option value=\"Portugal\">Portugal<\/option>\n<option value=\"Rwanda\">Ruanda<\/option>\n<option value=\"Romania\">Rum\u00e4nien<\/option>\n<option value=\"Russian Federation\">Russland<\/option>\n<option value=\"Solomon Islands\">Salomonen<\/option>\n<option value=\"Zambia\">Sambia<\/option>\n<option value=\"Samoa\">Samoa<\/option>\n<option value=\"San Marino\">San Marino<\/option>\n<option value=\"Saudi Arabia\">Saudi-Arabien<\/option>\n<option value=\"Sweden\">Schweden<\/option>\n<option value=\"Switzerland\">Schweiz<\/option>\n<option value=\"Senegal\">Senegal<\/option>\n<option value=\"Serbia &amp; Montenegro\">Serbien<\/option>\n<option value=\"Seychelles\">Seychellen<\/option>\n<option value=\"Sierra Leone\">Sierra Leone<\/option>\n<option value=\"Zimbabwe\">Simbabwe<\/option>\n<option value=\"Singapore\">Singapur<\/option>\n<option value=\"Slovakia\">Slowakei<\/option>\n<option value=\"Slovenia\">Slowenien<\/option>\n<option value=\"Somalia\">Somalia<\/option>\n<option value=\"Spain\">Spanien<\/option>\n<option value=\"Sri Lanka\">Sri Lanka<\/option>\n<option value=\"Saint Kitts and Nevis\">St. Kitts und Nevis<\/option>\n<option value=\"Saint Lucia\">St. Lucia<\/option>\n<option value=\"Saint Vincent and the Grenadines\">St. Vincent und die Grenadinen<\/option>\n<option value=\"Sudan\">Sudan<\/option>\n<option value=\"Suriname\">Suriname<\/option>\n<option value=\"Syrian Arab Republic\">Syrien<\/option>\n<option value=\"Sao Tome and Principe\">S\u00e3o Tom\u00e9 und Pr\u00edncipe<\/option>\n<option value=\"South Africa\">S\u00fcdafrika<\/option>\n<option value=\"South Sudan\">S\u00fcdsudan<\/option>\n<option value=\"Tajikistan\">Tadschikistan<\/option>\n<option value=\"Tanzania\">Tansania<\/option>\n<option value=\"Thailand\">Thailand<\/option>\n<option value=\"Togo\">Togo<\/option>\n<option value=\"Tonga\">Tonga<\/option>\n<option value=\"Trinidad and Tobago\">Trinidad und Tobago<\/option>\n<option value=\"Chad\">Tschad<\/option>\n<option value=\"Czech Republic\">Tschechien<\/option>\n<option value=\"Tunisia\">Tunesien<\/option>\n<option value=\"Turkmenistan\">Turkmenistan<\/option>\n<option value=\"Tuvalu\">Tuvalu<\/option>\n<option value=\"Turkey\">T\u00fcrkei<\/option>\n<option value=\"Uganda\">Uganda<\/option>\n<option value=\"Ukraine\">Ukraine<\/option>\n<option value=\"Hungary\">Ungarn<\/option>\n<option value=\"Uruguay\">Uruguay<\/option>\n<option value=\"Uzbekistan\">Usbekistan<\/option>\n<option value=\"Vanuatu\">Vanuatu<\/option>\n<option value=\"Venezuela, Bolivarian Republic of\">Venezuela<\/option>\n<option value=\"United Arab Emirates\">Vereinigte Arabische Emirate<\/option>\n<option value=\"United States\">Vereinigte Staaten<\/option>\n<option value=\"United Kingdom\">Vereinigtes K\u00f6nigreich<\/option>\n<option value=\"Viet Nam\">Vietnam<\/option>\n<option value=\"China\">Volksrepublik China<\/option>\n<option value=\"Central African Republic\">Zentral\u00adafrikanische Republik<\/option>\n<option value=\"Cyprus\">Zypern<\/option>\n<option value=\"Egypt\">\u00c4gypten<\/option>\n<option value=\"Equatorial Guinea\">\u00c4quatorialguinea<\/option>\n<option value=\"Ethiopia\">\u00c4thiopien<\/option>\n<option value=\"Austria\">\u00d6sterreich<\/option>\n<\/select>        <\/div>\n        <div class=\"col full-width\">\n          <label for=\"address\" class=\"hidden\">Adresse<\/label>\n          <input type=\"text\" placeholder=\"Adresse *\" name=\"address\" required \/>\n        <\/div>\n        <div class=\"col\">\n          <label for=\"crane-type\" class=\"hidden\">Krantyp<\/label>\n          <input type=\"text\" placeholder=\"Krantyp *\" name=\"crane-type\" required \/>\n        <\/div>\n        <div class=\"col\">\n          <label for=\"serial-number\" class=\"hidden\">Seriennummer<\/label>\n          <input type=\"text\" placeholder=\"Seriennummer *\" name=\"serial-number\" required \/>\n        <\/div>\n      <\/div>\n      <fieldset class=\"hidden visible-for-parts-and-retrofit\">\n        <legend>Bestellung Ersatzteile<\/legend>\n        <div class=\"row\">\n          <div class=\"col\">\n            <label for=\"offer-or-order\" class=\"hidden\">Angebot oder Bestellung<\/label>\n            <select name=\"offer-or-order\">\n              <option value=\"\">Angebot oder Bestellung?<\/option>\n              <option>Angebot<\/option>\n              <option>Bestellung<\/option>\n            <\/select>\n          <\/div>\n        <\/div>\n        <fieldset>\n          <legend>Ersatzteile<\/legend>\n          <div class=\"row parts-group\" id=\"parts-group-master\">\n            <div class=\"col\">\n              <label for=\"part-number\" class=\"hidden\">Teilenummer<\/label>\n              <input type=\"text\" placeholder=\"Teilenummer\" name=\"part-number\"  \/>\n            <\/div>\n            <div class=\"col\">\n              <label for=\"quantity\" class=\"hidden\">Anzahl<\/label>\n              <input type=\"text\" placeholder=\"Anzahl\" name=\"quantity\"  \/>\n            <\/div>\n          <\/div>\n          <div class=\"row parts-add-button\">\n            <div class=\"col full-width\" style=\"text-align: center;\">\n              <a class=\"btn btn-outline-white\" id=\"add-spare-parts\" href=\"javascript:void(0)\">Weitere Ersatzteile hinzuf\u00fcgen<\/a>\n            <\/div>\n          <\/div>\n        <\/fieldset>\n        <div class=\"row\">\n          <div class=\"col full-width\">\n            <label for=\"different-delivery-address\" class=\"hidden\">Weicht die Lieferanschrift von der obigen Anschrift ab?<\/label>\n            <select name=\"different-delivery-address\" id=\"form-different-delivery-address\">\n              <option value=\"\">Weicht die Lieferanschrift von der obigen Anschrift ab?<\/option>\n              <option data-selection=\"yes\">Ja<\/option>\n              <option data-selection=\"no\">Nein<\/option>\n            <\/select>\n          <\/div>\n          <div class=\"col full-width hidden visible-for-different-delivery-address\">\n            <label for=\"delivery-address\" class=\"hidden\">Lieferanschrift<\/label>\n            <input type=\"text\" placeholder=\"Lieferanschrift\" name=\"delivery-address\" \/>\n          <\/div>\n          <div class=\"col full-width\">\n            <div class=\"visible-label\">\n              <label for=\"delivery-date\">Wunsch-Liefertermin<\/label>\n              <input type=\"date\" placeholder=\"Wunsch-Liefertermin\" name=\"delivery-date\" \/>\n            <\/div>\n          <\/div>\n        <\/div>\n      <\/fieldset>\n      <div class=\"row\">\n        <div class=\"col full-width\">\n          <label for=\"message\" class=\"hidden\">Nachricht<\/label>\n          <textarea placeholder=\"Nachricht\" name=\"message\" ><\/textarea>\n        <\/div>\n        <div class=\"col full-width\">\n            <div class=\"file\">\n                <label for=\"file-1\" class=\"file\">Anhang (PDF, ZIP oder JPG)<\/label>\n                <input type=\"file\" name=\"file-1\" accept=\"image\/*,.pdf,.zip\" \/>\n            <\/div>\n        <\/div>\n        <div class=\"col full-width terms\">\n          <label class=\"terms-checkbox\">\n            <input type=\"checkbox\" name=\"data-protection\" required title=\"Bitte akzeptieren Sie unsere Datenschutzerkl\u00e4rung\" \/>\n            <span class=\"fake-input\"><\/span>\n            <span class=\"fake-label\">Die <a target=\"_blank\" href=\"https:\/\/www.tadano.com\/benelux\/de\/vertrieb-services\/ersatzteile-kontakt\/\">Datenschutzerkl\u00e4rung<\/a> mit weiteren Informationen habe ich zur Kenntnis genommen.*\n            <\/span>\n          <\/label>\n          <span class=\"req\">*Erforderlich<\/span>\n        <\/div>\n        <div class=\"loader\"><\/div>\n        <div class=\"col full-width btn-holder\">\n          <input type=\"submit\" class=\"btn btn-outline-white\" value=\"Senden\" name=\"submit_contact_form\" id=\"submit_form\" \/>\n        <\/div>\n      <\/div>\n    <\/form>\n\n\n\n\n  \n\n  <div class=\"form-success\"  >\n    \n\n<h2 class=\"wp-block-heading\">THANK YOU!<\/h2>\n\n\n\n<p>We strongly value your input and requests. Our team will review your message and respond as quickly as possible. Again, thank you!<\/p>\n\n\n  <\/div>\n\n<\/div>\n<\/section>\n\n<div class=\"cookieconsent-optout-marketing cookieconsent\" style=\"background-image: url('https:\/\/www.tadano.com\/benelux\/wp-content\/themes\/tadano\/assets\/dist\/images\/nocookie_form.jpg');\">\n      <div class=\"wrapper\">\n        <h3>Sie m\u00fcssen Marketing-Cookies akzeptieren, um diesen Inhalt anzuzeigen<\/h3>\n        <a href=\"javascript: Cookiebot.renew()\" class=\"btn btn-outline-white\">akzeptieren<\/a>\n    <\/div>\n<\/div>","protected":false},"excerpt":{"rendered":"","protected":false},"author":1,"featured_media":0,"parent":3803,"menu_order":0,"comment_status":"closed","ping_status":"closed","template":"","meta":{"_acf_changed":false,"footnotes":""},"acf":[],"yoast_head":"<!-- This site is optimized with the Yoast SEO plugin v22.3 - https:\/\/yoast.com\/wordpress\/plugins\/seo\/ -->\n<title>Tadano Ersatzteile - Benelux<\/title>\n<meta name=\"robots\" content=\"index, follow, max-snippet:-1, max-image-preview:large, max-video-preview:-1\" \/>\n<link rel=\"canonical\" href=\"https:\/\/www.tadano.com\/benelux\/de\/vertrieb-services\/ersatzteile__trashed\/ersatzteile-kontakt\/\" \/>\n<meta property=\"og:locale\" content=\"de_DE\" \/>\n<meta property=\"og:type\" content=\"article\" \/>\n<meta property=\"og:title\" content=\"Tadano Ersatzteile - Benelux\" \/>\n<meta property=\"og:url\" content=\"https:\/\/www.tadano.com\/benelux\/de\/vertrieb-services\/ersatzteile__trashed\/ersatzteile-kontakt\/\" \/>\n<meta property=\"og:site_name\" content=\"Benelux\" \/>\n<meta property=\"article:modified_time\" content=\"2023-11-15T08:53:57+00:00\" \/>\n<meta name=\"twitter:card\" content=\"summary_large_image\" \/>\n<meta name=\"twitter:label1\" content=\"Gesch\u00e4tzte Lesezeit\" \/>\n\t<meta name=\"twitter:data1\" content=\"1\u00a0Minute\" \/>\n<script type=\"application\/ld+json\" class=\"yoast-schema-graph\">{\"@context\":\"https:\/\/schema.org\",\"@graph\":[{\"@type\":\"WebPage\",\"@id\":\"https:\/\/www.tadano.com\/benelux\/de\/vertrieb-services\/ersatzteile__trashed\/ersatzteile-kontakt\/\",\"url\":\"https:\/\/www.tadano.com\/benelux\/de\/vertrieb-services\/ersatzteile__trashed\/ersatzteile-kontakt\/\",\"name\":\"Tadano Ersatzteile - Benelux\",\"isPartOf\":{\"@id\":\"https:\/\/www.tadano.com\/benelux\/en\/#website\"},\"datePublished\":\"2021-06-18T07:56:01+00:00\",\"dateModified\":\"2023-11-15T08:53:57+00:00\",\"breadcrumb\":{\"@id\":\"https:\/\/www.tadano.com\/benelux\/de\/vertrieb-services\/ersatzteile__trashed\/ersatzteile-kontakt\/#breadcrumb\"},\"inLanguage\":\"de\",\"potentialAction\":[{\"@type\":\"ReadAction\",\"target\":[\"https:\/\/www.tadano.com\/benelux\/de\/vertrieb-services\/ersatzteile__trashed\/ersatzteile-kontakt\/\"]}]},{\"@type\":\"BreadcrumbList\",\"@id\":\"https:\/\/www.tadano.com\/benelux\/de\/vertrieb-services\/ersatzteile__trashed\/ersatzteile-kontakt\/#breadcrumb\",\"itemListElement\":[{\"@type\":\"ListItem\",\"position\":1,\"name\":\"Vertrieb &#038; Services\",\"item\":\"https:\/\/www.tadano.com\/benelux\/de\/vertrieb-services\/\"},{\"@type\":\"ListItem\",\"position\":2,\"name\":\"Tadano Ersatzteile\"}]},{\"@type\":\"WebSite\",\"@id\":\"https:\/\/www.tadano.com\/benelux\/en\/#website\",\"url\":\"https:\/\/www.tadano.com\/benelux\/en\/\",\"name\":\"Benelux\",\"description\":\"Just another TADANO EUROPE site\",\"potentialAction\":[{\"@type\":\"SearchAction\",\"target\":{\"@type\":\"EntryPoint\",\"urlTemplate\":\"https:\/\/www.tadano.com\/benelux\/en\/?s={search_term_string}\"},\"query-input\":\"required name=search_term_string\"}],\"inLanguage\":\"de\"}]}<\/script>\n<!-- \/ Yoast SEO plugin. -->","yoast_head_json":{"title":"Tadano Ersatzteile - Benelux","robots":{"index":"index","follow":"follow","max-snippet":"max-snippet:-1","max-image-preview":"max-image-preview:large","max-video-preview":"max-video-preview:-1"},"canonical":"https:\/\/www.tadano.com\/benelux\/de\/vertrieb-services\/ersatzteile__trashed\/ersatzteile-kontakt\/","og_locale":"de_DE","og_type":"article","og_title":"Tadano Ersatzteile - Benelux","og_url":"https:\/\/www.tadano.com\/benelux\/de\/vertrieb-services\/ersatzteile__trashed\/ersatzteile-kontakt\/","og_site_name":"Benelux","article_modified_time":"2023-11-15T08:53:57+00:00","twitter_card":"summary_large_image","twitter_misc":{"Gesch\u00e4tzte Lesezeit":"1\u00a0Minute"},"schema":{"@context":"https:\/\/schema.org","@graph":[{"@type":"WebPage","@id":"https:\/\/www.tadano.com\/benelux\/de\/vertrieb-services\/ersatzteile__trashed\/ersatzteile-kontakt\/","url":"https:\/\/www.tadano.com\/benelux\/de\/vertrieb-services\/ersatzteile__trashed\/ersatzteile-kontakt\/","name":"Tadano Ersatzteile - Benelux","isPartOf":{"@id":"https:\/\/www.tadano.com\/benelux\/en\/#website"},"datePublished":"2021-06-18T07:56:01+00:00","dateModified":"2023-11-15T08:53:57+00:00","breadcrumb":{"@id":"https:\/\/www.tadano.com\/benelux\/de\/vertrieb-services\/ersatzteile__trashed\/ersatzteile-kontakt\/#breadcrumb"},"inLanguage":"de","potentialAction":[{"@type":"ReadAction","target":["https:\/\/www.tadano.com\/benelux\/de\/vertrieb-services\/ersatzteile__trashed\/ersatzteile-kontakt\/"]}]},{"@type":"BreadcrumbList","@id":"https:\/\/www.tadano.com\/benelux\/de\/vertrieb-services\/ersatzteile__trashed\/ersatzteile-kontakt\/#breadcrumb","itemListElement":[{"@type":"ListItem","position":1,"name":"Vertrieb &#038; Services","item":"https:\/\/www.tadano.com\/benelux\/de\/vertrieb-services\/"},{"@type":"ListItem","position":2,"name":"Tadano Ersatzteile"}]},{"@type":"WebSite","@id":"https:\/\/www.tadano.com\/benelux\/en\/#website","url":"https:\/\/www.tadano.com\/benelux\/en\/","name":"Benelux","description":"Just another TADANO EUROPE site","potentialAction":[{"@type":"SearchAction","target":{"@type":"EntryPoint","urlTemplate":"https:\/\/www.tadano.com\/benelux\/en\/?s={search_term_string}"},"query-input":"required name=search_term_string"}],"inLanguage":"de"}]}},"_links":{"self":[{"href":"https:\/\/www.tadano.com\/benelux\/de\/wp-json\/wp\/v2\/pages\/3867"}],"collection":[{"href":"https:\/\/www.tadano.com\/benelux\/de\/wp-json\/wp\/v2\/pages"}],"about":[{"href":"https:\/\/www.tadano.com\/benelux\/de\/wp-json\/wp\/v2\/types\/page"}],"author":[{"embeddable":true,"href":"https:\/\/www.tadano.com\/benelux\/de\/wp-json\/wp\/v2\/users\/1"}],"replies":[{"embeddable":true,"href":"https:\/\/www.tadano.com\/benelux\/de\/wp-json\/wp\/v2\/comments?post=3867"}],"version-history":[{"count":5,"href":"https:\/\/www.tadano.com\/benelux\/de\/wp-json\/wp\/v2\/pages\/3867\/revisions"}],"predecessor-version":[{"id":23107,"href":"https:\/\/www.tadano.com\/benelux\/de\/wp-json\/wp\/v2\/pages\/3867\/revisions\/23107"}],"up":[{"embeddable":true,"href":"https:\/\/www.tadano.com\/benelux\/de\/wp-json\/wp\/v2\/pages\/3803"}],"wp:attachment":[{"href":"https:\/\/www.tadano.com\/benelux\/de\/wp-json\/wp\/v2\/media?parent=3867"}],"curies":[{"name":"wp","href":"https:\/\/api.w.org\/{rel}","templated":true}]}}