{"id":13890,"date":"2021-08-24T14:58:06","date_gmt":"2021-08-24T14:58:06","guid":{"rendered":"https:\/\/www.tadano.com\/benelux\/spare-parts-tnl\/"},"modified":"2021-08-26T09:50:41","modified_gmt":"2021-08-26T09:50:41","slug":"pieces-de-rechange-tnl","status":"publish","type":"page","link":"https:\/\/www.tadano.com\/benelux\/fr\/pieces-de-rechange-tnl\/","title":{"rendered":"Pi\u00e8ces de rechange TNL"},"content":{"rendered":"\n\n\n<section class=\"hero-section\">\n\n\t\n\t\n\t\n\t<div class=\"img-holder \">\n\t\t\t\t<div class=\"bg-stretch\" style=\"background-position: 50% 50%; \">\n\t\t\t<span data-srcset=\"https:\/\/assets.onewww.tadano.com\/celum_assets\/hero\/Lager_Lauf_web-2.jpg, https:\/\/assets.onewww.tadano.com\/celum_assets\/hero-2x\/Lager_Lauf_web-2.jpg 2x\"><\/span>\n\t\t<\/div>\n\t\t\t\t\t\t<div class=\"logo green-solutions\" style=\"display:none;\">\n\t\t\t<a href=\"#\"><img decoding=\"async\" src=\"https:\/\/www.tadano.com\/benelux\/wp-content\/themes\/tadano\/assets\/dist\/images\/Green-Solutions_Logo_White.svg\"><\/a>\n\t\t<\/div>\n\t<\/div>\n\t<div class=\"container\">\n\t\t<div class=\"text-holder \">\n\t\t\t<div class=\"wrap\">\n\t\t\t\t\n\t\t\t\t<ul class=\"breadcrumbs\"><li><a href=\"https:\/\/www.tadano.com\/benelux\/fr\/\">Accueil<\/a><\/li><\/ul>\n\t\t\t\t\n\n<h1 class=\"wp-block-heading\">Pi\u00e8ces de rechange<\/h1>\n\n\n\n<p>Pour garantir la continuit\u00e9 des machines de ses clients, Tadano Benelux dispose de plus de 8.000 pi\u00e8ces Tadano en stock. Outre les vitres, les filtres \u00e0 air et \u00e0 huile, diverses pi\u00e8ces \u00e9lectriques, les blocs de soupapes et les joints rotatifs, nous avons toujours en stock des pi\u00e8ces reconstruites pour divers types de grues Tadano.<\/p>\n\n\n\n\t\t\t\t\n\t\t\t<\/div>\n\n\t\t\t\n\t\t\t\n\t\t\t\n\t\t<\/div>\n\t<\/div>\n<\/section>\n\n\n<div class=\"wp-block-group is-style-background-triangle-right has-white-color has-dark-blue-background-color has-text-color has-background\"><div class=\"wp-block-group__inner-container is-layout-flow wp-block-group-is-layout-flow\">\n<div class=\"wp-block-columns is-layout-flex wp-container-core-columns-layout-1 wp-block-columns-is-layout-flex\">\n<div class=\"wp-block-column is-layout-flow wp-block-column-is-layout-flow\" style=\"flex-basis:33.33%\">\n<h2 class=\"wp-block-heading\">PARCOURIR LES PI\u00c8CES DE RECHANGE<\/h2>\n\n\n\n<p>Toutes les pi\u00e8ces peuvent \u00eatre command\u00e9es par t\u00e9l\u00e9phone (+31 299-390055). Nous vous recommandons de trouver les num\u00e9ros de pi\u00e8ces dans le livre de pi\u00e8ces et de noter le num\u00e9ro de s\u00e9rie et le type de grue avant de passer une commande. Cela permettra d&rsquo;acc\u00e9l\u00e9rer le processus de commande et de r\u00e9duire le risque de malentendus.<\/p>\n\n\n\n<div style=\"height:75px\" aria-hidden=\"true\" class=\"wp-block-spacer\"><\/div>\n\n\n\n<h2 class=\"wp-block-heading\">LISTES DE STOCK ACTUELLES<\/h2>\n\n\n\n<div class=\"wp-block-buttons is-layout-flex wp-block-buttons-is-layout-flex\">\n<div class=\"wp-block-button is-style-text-only\"><a class=\"wp-block-button__link\" href=\"https:\/\/www.tadano.com\/benelux\/wp-content\/uploads\/sites\/8\/2021\/08\/Stocklist_used_spareparts.pdf\">Pi\u00e8ces d&rsquo;occasion<\/a><\/div>\n<\/div>\n\n\n\n<div class=\"wp-block-buttons is-layout-flex wp-block-buttons-is-layout-flex\">\n<div class=\"wp-block-button is-style-text-only\"><a class=\"wp-block-button__link\" href=\"https:\/\/www.tadano.com\/benelux\/wp-content\/uploads\/sites\/8\/2021\/08\/Stocklist_used_spareparts.pdf\">Pi\u00e8ces de Fl\u00e8ches<\/a><\/div>\n<\/div>\n\n\n\n<div class=\"wp-block-buttons is-layout-flex wp-block-buttons-is-layout-flex\">\n<div class=\"wp-block-button is-style-text-only\"><a class=\"wp-block-button__link\" href=\"https:\/\/www.tadano.com\/benelux\/wp-content\/uploads\/sites\/8\/2021\/08\/Stocklist_used_spareparts.pdf\">Pi\u00e8ces anciennes<\/a><\/div>\n<\/div>\n\n\n\n<div class=\"wp-block-buttons is-layout-flex wp-block-buttons-is-layout-flex\">\n<div class=\"wp-block-button is-style-text-only\"><a class=\"wp-block-button__link\" href=\"https:\/\/www.tadano.com\/benelux\/wp-content\/uploads\/sites\/8\/2021\/08\/Stocklist_used_spareparts.pdf\">Pi\u00e8ces R\u00e9visees<\/a><\/div>\n<\/div>\n\n\n\n<div class=\"wp-block-buttons is-layout-flex wp-block-buttons-is-layout-flex\">\n<div class=\"wp-block-button is-style-text-only\"><a class=\"wp-block-button__link\" href=\"https:\/\/www.tadano.com\/benelux\/wp-content\/uploads\/sites\/8\/2021\/08\/Stocklist_exchange_spareparts.pdf\">Pi\u00e8ces de rechange<\/a><\/div>\n<\/div>\n\n\n\n<div class=\"wp-block-buttons is-layout-flex wp-block-buttons-is-layout-flex\">\n<div class=\"wp-block-button\"><a class=\"wp-block-button__link\"><\/a><\/div>\n<\/div>\n<\/div>\n\n\n\n<div class=\"wp-block-column is-layout-flow wp-block-column-is-layout-flow\" style=\"flex-basis:66.66%\"><div class=\"links-block-wrapper\">\n  <div class=\"container\">\n    <section class=\"links-block\">\n              <div class=\"links-block\">\n                                  <div class=\"link-single  \">\n                              <a href=\"https:\/\/www.tadano.com\/benelux\/fr\/pieces-de-rechange-tnl\/moteurs\/\">\n                               \n                                  <strong class='title'>Moteurs<\/strong>\n                                                  <p>Notre stock de moteurs.<\/p>\n                              <\/a>\n            <\/div>\n                                  <div class=\"link-single  \">\n                              <a href=\"https:\/\/www.tadano.com\/benelux\/fr\/pieces-de-rechange-tnl\/boites-de-vitesses\/\">\n                               \n                                  <strong class='title'>Bo\u00eetes de vitesses<\/strong>\n                                                  <p>Notre stock de bo\u00eetes de vitesses.\r\n<\/p>\n                              <\/a>\n            <\/div>\n                                  <div class=\"link-single  \">\n                              <a href=\"https:\/\/www.tadano.com\/benelux\/fr\/pieces-de-rechange-tnl\/rallonges-de-fleche\/\">\n                               \n                                  <strong class='title'>Rallonges de fl\u00e8che<\/strong>\n                                                  <p>Notre stock de rallonges de fl\u00e8che.<\/p>\n                              <\/a>\n            <\/div>\n                                  <div class=\"link-single  \">\n                              <a href=\"https:\/\/www.tadano.com\/benelux\/fr\/pieces-de-rechange-tnl\/blocs-de-levage\/\">\n                               \n                                  <strong class='title'>Blocs de levage<\/strong>\n                                                  <p>Notre stock de blocs de levage.<\/p>\n                              <\/a>\n            <\/div>\n                                  <div class=\"link-single  \">\n                              <a href=\"https:\/\/www.tadano.com\/benelux\/fr\/pieces-de-rechange-tnl\/divers\/\">\n                               \n                                  <strong class='title'>Divers<\/strong>\n                                                  <p>Notre stock d&rsquo;articles divers.<\/p>\n                              <\/a>\n            <\/div>\n                  <\/div>\n                    \n    <\/section>\n  <\/div>\n<\/div><\/div>\n<\/div>\n<\/div><\/div>\n\n\n\n    <section class=\"news-section\">\n\n    <div class=\"container\">\n      <div class=\"text-block\">\n        <h2>Actualit\u00e9s<\/h2>\n                        \n                  <a href=\"https:\/\/www.tadano.com\/benelux\/fr\/a-propos\/news-list\/\" class=\"link-more\">EXPLORER TOUTES les News<\/a>\n        \n\n                <div class=\"controls\">\n          <svg width=\"14\" height=\"31\" viewBox=\"0 0 14 31\" fill=\"none\" xmlns=\"http:\/\/www.w3.org\/2000\/svg\">\n           <path d=\"M13 1L1 15.5L13 30\" stroke=\"#fff\"\/>\n          <\/svg>\n          <svg width=\"15\" height=\"31\" viewBox=\"0 0 15 31\" fill=\"none\" xmlns=\"http:\/\/www.w3.org\/2000\/svg\">\n           <path d=\"M1 1L14 15.5L1 30\" stroke=\"#fff\"\/>\n          <\/svg>\n        <\/div>\n        \n\n        \n      <\/div>\n      <div class=\"slick-slider simple-slider\">\n                              <div>\n              <div class=\"news-single\">\n                <a href=\"https:\/\/www.tadano.com\/benelux\/fr\/news\/une-nouvelle-ac-7-450-1-pour-adekma\/\">\n                  <strong class=\"title\">Une nouvelle AC 7.450-1 pour ADEKMA<\/strong>\n                  <ul class=\"meta\">\n                    <li>Publication<\/li>\n                    <li><time datetime=\"2020-01-01\">F\u00e9v\/24\/2026<\/time><\/li>\n                  <\/ul>\n                <\/a>\n              <\/div>\n            <\/div>\n                      <div>\n              <div class=\"news-single\">\n                <a href=\"https:\/\/www.tadano.com\/benelux\/fr\/news\/sotrama-recoit-la-premiere-tadano-ac-5-250l-2-en-france\/\">\n                  <strong class=\"title\">Sotrama recoit la premi\u00e8re Tadano AC 5.250L-2 en France<\/strong>\n                  <ul class=\"meta\">\n                    <li>Publication<\/li>\n                    <li><time datetime=\"2020-01-01\">Oct\/17\/2025<\/time><\/li>\n                  <\/ul>\n                <\/a>\n              <\/div>\n            <\/div>\n                      <div>\n              <div class=\"news-single\">\n                <a href=\"https:\/\/www.tadano.com\/benelux\/fr\/news\/la-nouvelle-octoplus-30\/\">\n                  <strong class=\"title\">La nouvelle Octoplus 30<\/strong>\n                  <ul class=\"meta\">\n                    <li>Publication<\/li>\n                    <li><time datetime=\"2020-01-01\">Sep\/25\/2025<\/time><\/li>\n                  <\/ul>\n                <\/a>\n              <\/div>\n            <\/div>\n                      <div>\n              <div class=\"news-single\">\n                <a href=\"https:\/\/www.tadano.com\/benelux\/fr\/news\/tadano-finalise-lacquisition-de-lactivite-systemes-de-transport-de-la-societe-ihi-transport-machinery\/\">\n                  <strong class=\"title\">Tadano finalise l\u2019acquisition de l\u2019activit\u00e9 Syst\u00e8mes de transport de la soci\u00e9t\u00e9 IHI Transport Machinery<\/strong>\n                  <ul class=\"meta\">\n                    <li>Publication<\/li>\n                    <li><time datetime=\"2020-01-01\">Juil\/01\/2025<\/time><\/li>\n                  <\/ul>\n                <\/a>\n              <\/div>\n            <\/div>\n                      <div>\n              <div class=\"news-single\">\n                <a href=\"https:\/\/www.tadano.com\/benelux\/fr\/news\/tadano-at-bauma-2025\/\">\n                  <strong class=\"title\">Tadano \u00e0 la bauma 2025<\/strong>\n                  <ul class=\"meta\">\n                    <li>Publication<\/li>\n                    <li><time datetime=\"2020-01-01\">Avr\/07\/2025<\/time><\/li>\n                  <\/ul>\n                <\/a>\n              <\/div>\n            <\/div>\n                      <div>\n              <div class=\"news-single\">\n                <a href=\"https:\/\/www.tadano.com\/benelux\/fr\/news\/the-new-ac-4-070hl-1-and-ac-5-120h-1-tadano-hybrid-cranes\/\">\n                  <strong class=\"title\">Les nouvelles grues hybrides Tadano AC 4.070HL-1 et AC 5.120H-1<\/strong>\n                  <ul class=\"meta\">\n                    <li>Publication<\/li>\n                    <li><time datetime=\"2020-01-01\">Avr\/07\/2025<\/time><\/li>\n                  <\/ul>\n                <\/a>\n              <\/div>\n            <\/div>\n                      <div>\n              <div class=\"news-single\">\n                <a href=\"https:\/\/www.tadano.com\/benelux\/fr\/news\/pm-oil-steel-et-valla-a-la-bauma-2025\/\">\n                  <strong class=\"title\">PM, Oil &amp; Steel et Valla \u00e0 la bauma 2025<\/strong>\n                  <ul class=\"meta\">\n                    <li>Publication<\/li>\n                    <li><time datetime=\"2020-01-01\">Avr\/07\/2025<\/time><\/li>\n                  <\/ul>\n                <\/a>\n              <\/div>\n            <\/div>\n                      <div>\n              <div class=\"news-single\">\n                <a href=\"https:\/\/www.tadano.com\/benelux\/fr\/news\/the-new-tadano-as-23mj-aerial-work-platform\/\">\n                  <strong class=\"title\">La nouvelle nacelle Tadano AS-23MJ<\/strong>\n                  <ul class=\"meta\">\n                    <li>Publication<\/li>\n                    <li><time datetime=\"2020-01-01\">Avr\/07\/2025<\/time><\/li>\n                  <\/ul>\n                <\/a>\n              <\/div>\n            <\/div>\n                      <div>\n              <div class=\"news-single\">\n                <a href=\"https:\/\/www.tadano.com\/benelux\/fr\/news\/the-new-cc-78-1250-1\/\">\n                  <strong class=\"title\">La nouvelle Tadano CC 78.1250-1<\/strong>\n                  <ul class=\"meta\">\n                    <li>Publication<\/li>\n                    <li><time datetime=\"2020-01-01\">Avr\/03\/2025<\/time><\/li>\n                  <\/ul>\n                <\/a>\n              <\/div>\n            <\/div>\n                      <div>\n              <div class=\"news-single\">\n                <a href=\"https:\/\/www.tadano.com\/benelux\/fr\/news\/la-nouvelle-tadano-ac-5-250l-2\/\">\n                  <strong class=\"title\">La nouvelle Tadano AC 5.250L-2<\/strong>\n                  <ul class=\"meta\">\n                    <li>Publication<\/li>\n                    <li><time datetime=\"2020-01-01\">F\u00e9v\/17\/2025<\/time><\/li>\n                  <\/ul>\n                <\/a>\n              <\/div>\n            <\/div>\n                        <\/div>\n    <\/div>\n  <\/section>\n  \n\n\n<p><\/p>\n","protected":false},"excerpt":{"rendered":"<p>PARCOURIR LES PI\u00c8CES DE RECHANGE Toutes les pi\u00e8ces peuvent \u00eatre command\u00e9es par t\u00e9l\u00e9phone (+31 299-390055). Nous vous recommandons de trouver les num\u00e9ros de pi\u00e8ces dans le livre de pi\u00e8ces et de noter le num\u00e9ro de s\u00e9rie et le type de grue avant de passer une commande. Cela permettra d&rsquo;acc\u00e9l\u00e9rer le processus de commande et de [&hellip;]<\/p>\n","protected":false},"author":1,"featured_media":0,"parent":0,"menu_order":0,"comment_status":"closed","ping_status":"closed","template":"","meta":{"_acf_changed":false,"footnotes":""},"acf":[],"yoast_head":"<!-- This site is optimized with the Yoast SEO plugin v22.3 - https:\/\/yoast.com\/wordpress\/plugins\/seo\/ -->\n<title>Pi\u00e8ces de rechange TNL - Benelux<\/title>\n<meta name=\"robots\" content=\"index, follow, max-snippet:-1, max-image-preview:large, max-video-preview:-1\" \/>\n<link rel=\"canonical\" href=\"https:\/\/www.tadano.com\/benelux\/fr\/pieces-de-rechange-tnl\/\" \/>\n<meta property=\"og:locale\" content=\"fr_FR\" \/>\n<meta property=\"og:type\" content=\"article\" \/>\n<meta property=\"og:title\" content=\"Pi\u00e8ces de rechange TNL - Benelux\" \/>\n<meta property=\"og:description\" content=\"PARCOURIR LES PI\u00c8CES DE RECHANGE Toutes les pi\u00e8ces peuvent \u00eatre command\u00e9es par t\u00e9l\u00e9phone (+31 299-390055). Nous vous recommandons de trouver les num\u00e9ros de pi\u00e8ces dans le livre de pi\u00e8ces et de noter le num\u00e9ro de s\u00e9rie et le type de grue avant de passer une commande. Cela permettra d&rsquo;acc\u00e9l\u00e9rer le processus de commande et de [&hellip;]\" \/>\n<meta property=\"og:url\" content=\"https:\/\/www.tadano.com\/benelux\/fr\/pieces-de-rechange-tnl\/\" \/>\n<meta property=\"og:site_name\" content=\"Benelux\" \/>\n<meta property=\"article:modified_time\" content=\"2021-08-26T09:50:41+00:00\" \/>\n<meta name=\"twitter:card\" content=\"summary_large_image\" \/>\n<meta name=\"twitter:label1\" content=\"Dur\u00e9e de lecture estim\u00e9e\" \/>\n\t<meta name=\"twitter:data1\" content=\"1 minute\" \/>\n<script type=\"application\/ld+json\" class=\"yoast-schema-graph\">{\"@context\":\"https:\/\/schema.org\",\"@graph\":[{\"@type\":\"WebPage\",\"@id\":\"https:\/\/www.tadano.com\/benelux\/fr\/pieces-de-rechange-tnl\/\",\"url\":\"https:\/\/www.tadano.com\/benelux\/fr\/pieces-de-rechange-tnl\/\",\"name\":\"Pi\u00e8ces de rechange TNL - Benelux\",\"isPartOf\":{\"@id\":\"https:\/\/www.tadano.com\/benelux\/en\/#website\"},\"datePublished\":\"2021-08-24T14:58:06+00:00\",\"dateModified\":\"2021-08-26T09:50:41+00:00\",\"inLanguage\":\"fr-FR\",\"potentialAction\":[{\"@type\":\"ReadAction\",\"target\":[\"https:\/\/www.tadano.com\/benelux\/fr\/pieces-de-rechange-tnl\/\"]}]},{\"@type\":\"WebSite\",\"@id\":\"https:\/\/www.tadano.com\/benelux\/en\/#website\",\"url\":\"https:\/\/www.tadano.com\/benelux\/en\/\",\"name\":\"Benelux\",\"description\":\"Just another TADANO EUROPE site\",\"potentialAction\":[{\"@type\":\"SearchAction\",\"target\":{\"@type\":\"EntryPoint\",\"urlTemplate\":\"https:\/\/www.tadano.com\/benelux\/en\/?s={search_term_string}\"},\"query-input\":\"required name=search_term_string\"}],\"inLanguage\":\"fr-FR\"}]}<\/script>\n<!-- \/ Yoast SEO plugin. -->","yoast_head_json":{"title":"Pi\u00e8ces de rechange TNL - Benelux","robots":{"index":"index","follow":"follow","max-snippet":"max-snippet:-1","max-image-preview":"max-image-preview:large","max-video-preview":"max-video-preview:-1"},"canonical":"https:\/\/www.tadano.com\/benelux\/fr\/pieces-de-rechange-tnl\/","og_locale":"fr_FR","og_type":"article","og_title":"Pi\u00e8ces de rechange TNL - Benelux","og_description":"PARCOURIR LES PI\u00c8CES DE RECHANGE Toutes les pi\u00e8ces peuvent \u00eatre command\u00e9es par t\u00e9l\u00e9phone (+31 299-390055). Nous vous recommandons de trouver les num\u00e9ros de pi\u00e8ces dans le livre de pi\u00e8ces et de noter le num\u00e9ro de s\u00e9rie et le type de grue avant de passer une commande. Cela permettra d&rsquo;acc\u00e9l\u00e9rer le processus de commande et de [&hellip;]","og_url":"https:\/\/www.tadano.com\/benelux\/fr\/pieces-de-rechange-tnl\/","og_site_name":"Benelux","article_modified_time":"2021-08-26T09:50:41+00:00","twitter_card":"summary_large_image","twitter_misc":{"Dur\u00e9e de lecture estim\u00e9e":"1 minute"},"schema":{"@context":"https:\/\/schema.org","@graph":[{"@type":"WebPage","@id":"https:\/\/www.tadano.com\/benelux\/fr\/pieces-de-rechange-tnl\/","url":"https:\/\/www.tadano.com\/benelux\/fr\/pieces-de-rechange-tnl\/","name":"Pi\u00e8ces de rechange TNL - Benelux","isPartOf":{"@id":"https:\/\/www.tadano.com\/benelux\/en\/#website"},"datePublished":"2021-08-24T14:58:06+00:00","dateModified":"2021-08-26T09:50:41+00:00","inLanguage":"fr-FR","potentialAction":[{"@type":"ReadAction","target":["https:\/\/www.tadano.com\/benelux\/fr\/pieces-de-rechange-tnl\/"]}]},{"@type":"WebSite","@id":"https:\/\/www.tadano.com\/benelux\/en\/#website","url":"https:\/\/www.tadano.com\/benelux\/en\/","name":"Benelux","description":"Just another TADANO EUROPE site","potentialAction":[{"@type":"SearchAction","target":{"@type":"EntryPoint","urlTemplate":"https:\/\/www.tadano.com\/benelux\/en\/?s={search_term_string}"},"query-input":"required name=search_term_string"}],"inLanguage":"fr-FR"}]}},"_links":{"self":[{"href":"https:\/\/www.tadano.com\/benelux\/fr\/wp-json\/wp\/v2\/pages\/13890"}],"collection":[{"href":"https:\/\/www.tadano.com\/benelux\/fr\/wp-json\/wp\/v2\/pages"}],"about":[{"href":"https:\/\/www.tadano.com\/benelux\/fr\/wp-json\/wp\/v2\/types\/page"}],"author":[{"embeddable":true,"href":"https:\/\/www.tadano.com\/benelux\/fr\/wp-json\/wp\/v2\/users\/1"}],"replies":[{"embeddable":true,"href":"https:\/\/www.tadano.com\/benelux\/fr\/wp-json\/wp\/v2\/comments?post=13890"}],"version-history":[{"count":6,"href":"https:\/\/www.tadano.com\/benelux\/fr\/wp-json\/wp\/v2\/pages\/13890\/revisions"}],"predecessor-version":[{"id":14263,"href":"https:\/\/www.tadano.com\/benelux\/fr\/wp-json\/wp\/v2\/pages\/13890\/revisions\/14263"}],"wp:attachment":[{"href":"https:\/\/www.tadano.com\/benelux\/fr\/wp-json\/wp\/v2\/media?parent=13890"}],"curies":[{"name":"wp","href":"https:\/\/api.w.org\/{rel}","templated":true}]}}