{"id":13906,"date":"2021-08-24T15:56:35","date_gmt":"2021-08-24T15:56:35","guid":{"rendered":"https:\/\/www.tadano.com\/benelux\/spare-parts-tnl\/jibs\/"},"modified":"2025-06-23T08:08:41","modified_gmt":"2025-06-23T08:08:41","slug":"rallonges-de-fleche","status":"publish","type":"page","link":"https:\/\/www.tadano.com\/benelux\/fr\/pieces-de-rechange-tnl\/rallonges-de-fleche\/","title":{"rendered":"Rallonges de fl\u00e8che"},"content":{"rendered":"\n\n\n<section class=\"hero-section\">\n\n\t\n\t\n\t\n\t<div class=\"img-holder \">\n\t\t\t\t<div class=\"bg-stretch\" style=\"background-position: 50% 50%; \">\n\t\t\t<span data-srcset=\"https:\/\/assets.onetadano.com\/celum_assets\/hero\/Lager_Lauf_web-2.jpg, https:\/\/assets.onetadano.com\/celum_assets\/hero-2x\/Lager_Lauf_web-2.jpg 2x\"><\/span>\n\t\t<\/div>\n\t\t\t\t\t\t<div class=\"logo green-solutions\" style=\"display:none;\">\n\t\t\t<a href=\"#\"><img decoding=\"async\" src=\"https:\/\/www.tadano.com\/benelux\/wp-content\/themes\/tadano\/assets\/dist\/images\/Green-Solutions_Logo_White.svg\"><\/a>\n\t\t<\/div>\n\t<\/div>\n\t<div class=\"container\">\n\t\t<div class=\"text-holder \">\n\t\t\t<div class=\"wrap\">\n\t\t\t\t\n\t\t\t\t<ul class=\"breadcrumbs\"><li><a href=\"https:\/\/www.tadano.com\/benelux\/fr\/\">Accueil<\/a><\/li><\/ul>\n\t\t\t\t\n\n<h1 class=\"wp-block-heading\">Rallonges de fl\u00e8che<\/h1>\n\n\n\n<p>Pour garantir la continuit\u00e9 des machines de ses clients, Tadano Benelux dispose de plus de 8.000 pi\u00e8ces Tadano en stock. Outre les vitres, les filtres \u00e0 air et \u00e0 huile, diverses pi\u00e8ces \u00e9lectriques, les blocs de soupapes et les joints rotatifs, nous avons toujours en stock des pi\u00e8ces reconstruites pour divers types de grues Tadano.<\/p>\n\n\n\n\t\t\t\t\n\t\t\t<\/div>\n\n\t\t\t\n\t\t\t\n\t\t\t\n\t\t<\/div>\n\t<\/div>\n<\/section>\n\n\n<div class=\"wp-block-group is-style-background-triangle-right has-white-color has-dark-blue-background-color has-text-color has-background is-layout-flow wp-block-group-is-layout-flow\"><div class=\"wp-block-group__inner-container\"><section class=\"spare-parts-list\">\n  <div class=\"container\">\n    <div class=\"cards\">\n                  <div class=\"news-single part-single\">\n              <a data-fancybox=\"gallery_1\" href=\"https:\/\/www.tadano.com\/benelux\/wp-content\/uploads\/sites\/8\/2021\/08\/DSC03221-768x1024-1.jpg\" >\n                <div class=\"img-holder\">\n                                      <div class=\"bg-stretch\" style=\"background-image: url(https:\/\/www.tadano.com\/benelux\/wp-content\/uploads\/sites\/8\/2021\/08\/DSC03221-768x1024-1-560x560.jpg);\"><\/div>\n                                  <\/div>\n                <div class=\"desc\">\n                  <strong class=\"title\">First section Jib ATF 110G-5<\/strong>\n                  <ul class=\"meta\">\n                    <li>99707067695 &#8211; Single foldable Jib assy ATF 110G-5&nbsp;<\/li>\n                  <\/ul>\n                <\/div>\n              <\/a>\n              <div class=\"gallery-container\">\n                                                      <a data-fancybox=\"gallery_1\" href=\"https:\/\/www.tadano.com\/benelux\/wp-content\/uploads\/sites\/8\/2021\/08\/DSC03220-768x1024-1.jpg\">test<\/a>\n                                      <a data-fancybox=\"gallery_1\" href=\"https:\/\/www.tadano.com\/benelux\/wp-content\/uploads\/sites\/8\/2021\/08\/DSC03219-768x1024-1.jpg\">test<\/a>\n                                      <a data-fancybox=\"gallery_1\" href=\"https:\/\/www.tadano.com\/benelux\/wp-content\/uploads\/sites\/8\/2021\/08\/DSC03216-768x1024-1.jpg\">test<\/a>\n                                      <a data-fancybox=\"gallery_1\" href=\"https:\/\/www.tadano.com\/benelux\/wp-content\/uploads\/sites\/8\/2021\/08\/DSC03222-1024x768-1.jpg\">test<\/a>\n                                      <a data-fancybox=\"gallery_1\" href=\"https:\/\/www.tadano.com\/benelux\/wp-content\/uploads\/sites\/8\/2021\/08\/DSC03223-1024x768-1.jpg\">test<\/a>\n                                                <\/div>\n            <\/div>\n                        <div class=\"news-single part-single\">\n              <a data-fancybox=\"gallery_2\" href=\"https:\/\/www.tadano.com\/benelux\/wp-content\/uploads\/sites\/8\/2021\/08\/DSC03430-1024x768-1.jpg\" >\n                <div class=\"img-holder\">\n                                      <div class=\"bg-stretch\" style=\"background-image: url(https:\/\/www.tadano.com\/benelux\/wp-content\/uploads\/sites\/8\/2021\/08\/DSC03430-1024x768-1-560x560.jpg);\"><\/div>\n                                  <\/div>\n                <div class=\"desc\">\n                  <strong class=\"title\">Folding Jib ATF 80-4<\/strong>\n                  <ul class=\"meta\">\n                    <li>99707786452 &#8211; Folding JIB ATF80-4&nbsp;<\/li>\n                  <\/ul>\n                <\/div>\n              <\/a>\n              <div class=\"gallery-container\">\n                                                      <a data-fancybox=\"gallery_2\" href=\"https:\/\/www.tadano.com\/benelux\/wp-content\/uploads\/sites\/8\/2021\/08\/DSC03429-1024x768-1.jpg\">test<\/a>\n                                      <a data-fancybox=\"gallery_2\" href=\"https:\/\/www.tadano.com\/benelux\/wp-content\/uploads\/sites\/8\/2021\/08\/DSC03428-1024x768-1.jpg\">test<\/a>\n                                      <a data-fancybox=\"gallery_2\" href=\"https:\/\/www.tadano.com\/benelux\/wp-content\/uploads\/sites\/8\/2021\/08\/DSC03427-1024x768-1.jpg\">test<\/a>\n                                                <\/div>\n            <\/div>\n                        <div class=\"news-single part-single\">\n              <a data-fancybox=\"gallery_3\" href=\"https:\/\/www.tadano.com\/benelux\/wp-content\/uploads\/sites\/8\/2021\/08\/99707794001.jpg\" >\n                <div class=\"img-holder\">\n                                      <div class=\"bg-stretch\" style=\"background-image: url(https:\/\/www.tadano.com\/benelux\/wp-content\/uploads\/sites\/8\/2021\/08\/99707794001-560x560.jpg);\"><\/div>\n                                  <\/div>\n                <div class=\"desc\">\n                  <strong class=\"title\">Jib ATF 160G-5 5.4 m<\/strong>\n                  <ul class=\"meta\">\n                    <li>99707794001 Jib ATF 160G-5&nbsp;<\/li>\n                  <\/ul>\n                <\/div>\n              <\/a>\n              <div class=\"gallery-container\">\n                                                                <\/div>\n            <\/div>\n                        <div class=\"news-single part-single\">\n              <a data-fancybox=\"gallery_4\" href=\"https:\/\/www.tadano.com\/benelux\/wp-content\/uploads\/sites\/8\/2021\/08\/99707794006.jpg\" >\n                <div class=\"img-holder\">\n                                      <div class=\"bg-stretch\" style=\"background-image: url(https:\/\/www.tadano.com\/benelux\/wp-content\/uploads\/sites\/8\/2021\/08\/99707794006-560x560.jpg);\"><\/div>\n                                  <\/div>\n                <div class=\"desc\">\n                  <strong class=\"title\">Jib ATF 160G-5 7.5m<\/strong>\n                  <ul class=\"meta\">\n                    <li>99707794006 Runner ATF 160G-5&nbsp;<\/li>\n                  <\/ul>\n                <\/div>\n              <\/a>\n              <div class=\"gallery-container\">\n                                                                <\/div>\n            <\/div>\n                <\/div>\n  <\/div>\n<\/section>\n<\/div><\/div>\n\n\n\n    <section class=\"news-section\">\n\n    <div class=\"container\">\n      <div class=\"text-block\">\n        <h2>Actualit\u00e9s<\/h2>\n                        \n                  <a href=\"https:\/\/www.tadano.com\/benelux\/fr\/a-propos\/news-list\/\" class=\"link-more\">EXPLORER TOUTES les News<\/a>\n        \n\n                <div class=\"controls\">\n          <svg width=\"14\" height=\"31\" viewBox=\"0 0 14 31\" fill=\"none\" xmlns=\"http:\/\/www.w3.org\/2000\/svg\">\n           <path d=\"M13 1L1 15.5L13 30\" stroke=\"#fff\"\/>\n          <\/svg>\n          <svg width=\"15\" height=\"31\" viewBox=\"0 0 15 31\" fill=\"none\" xmlns=\"http:\/\/www.w3.org\/2000\/svg\">\n           <path d=\"M1 1L14 15.5L1 30\" stroke=\"#fff\"\/>\n          <\/svg>\n        <\/div>\n        \n\n        \n      <\/div>\n      <div class=\"slick-slider simple-slider\">\n                              <div>\n              <div class=\"news-single\">\n                <a href=\"https:\/\/www.tadano.com\/benelux\/fr\/news\/une-nouvelle-ac-7-450-1-pour-adekma\/\">\n                  <strong class=\"title\">Une nouvelle AC 7.450-1 pour ADEKMA<\/strong>\n                  <ul class=\"meta\">\n                    <li>Publication<\/li>\n                    <li><time datetime=\"2020-01-01\">F\u00e9v\/24\/2026<\/time><\/li>\n                  <\/ul>\n                <\/a>\n              <\/div>\n            <\/div>\n                      <div>\n              <div class=\"news-single\">\n                <a href=\"https:\/\/www.tadano.com\/benelux\/fr\/news\/sotrama-recoit-la-premiere-tadano-ac-5-250l-2-en-france\/\">\n                  <strong class=\"title\">Sotrama recoit la premi\u00e8re Tadano AC 5.250L-2 en France<\/strong>\n                  <ul class=\"meta\">\n                    <li>Publication<\/li>\n                    <li><time datetime=\"2020-01-01\">Oct\/17\/2025<\/time><\/li>\n                  <\/ul>\n                <\/a>\n              <\/div>\n            <\/div>\n                      <div>\n              <div class=\"news-single\">\n                <a href=\"https:\/\/www.tadano.com\/benelux\/fr\/news\/la-nouvelle-octoplus-30\/\">\n                  <strong class=\"title\">La nouvelle Octoplus 30<\/strong>\n                  <ul class=\"meta\">\n                    <li>Publication<\/li>\n                    <li><time datetime=\"2020-01-01\">Sep\/25\/2025<\/time><\/li>\n                  <\/ul>\n                <\/a>\n              <\/div>\n            <\/div>\n                      <div>\n              <div class=\"news-single\">\n                <a href=\"https:\/\/www.tadano.com\/benelux\/fr\/news\/tadano-finalise-lacquisition-de-lactivite-systemes-de-transport-de-la-societe-ihi-transport-machinery\/\">\n                  <strong class=\"title\">Tadano finalise l\u2019acquisition de l\u2019activit\u00e9 Syst\u00e8mes de transport de la soci\u00e9t\u00e9 IHI Transport Machinery<\/strong>\n                  <ul class=\"meta\">\n                    <li>Publication<\/li>\n                    <li><time datetime=\"2020-01-01\">Juil\/01\/2025<\/time><\/li>\n                  <\/ul>\n                <\/a>\n              <\/div>\n            <\/div>\n                      <div>\n              <div class=\"news-single\">\n                <a href=\"https:\/\/www.tadano.com\/benelux\/fr\/news\/tadano-at-bauma-2025\/\">\n                  <strong class=\"title\">Tadano \u00e0 la bauma 2025<\/strong>\n                  <ul class=\"meta\">\n                    <li>Publication<\/li>\n                    <li><time datetime=\"2020-01-01\">Avr\/07\/2025<\/time><\/li>\n                  <\/ul>\n                <\/a>\n              <\/div>\n            <\/div>\n                      <div>\n              <div class=\"news-single\">\n                <a href=\"https:\/\/www.tadano.com\/benelux\/fr\/news\/the-new-ac-4-070hl-1-and-ac-5-120h-1-tadano-hybrid-cranes\/\">\n                  <strong class=\"title\">Les nouvelles grues hybrides Tadano AC 4.070HL-1 et AC 5.120H-1<\/strong>\n                  <ul class=\"meta\">\n                    <li>Publication<\/li>\n                    <li><time datetime=\"2020-01-01\">Avr\/07\/2025<\/time><\/li>\n                  <\/ul>\n                <\/a>\n              <\/div>\n            <\/div>\n                      <div>\n              <div class=\"news-single\">\n                <a href=\"https:\/\/www.tadano.com\/benelux\/fr\/news\/pm-oil-steel-et-valla-a-la-bauma-2025\/\">\n                  <strong class=\"title\">PM, Oil &amp; Steel et Valla \u00e0 la bauma 2025<\/strong>\n                  <ul class=\"meta\">\n                    <li>Publication<\/li>\n                    <li><time datetime=\"2020-01-01\">Avr\/07\/2025<\/time><\/li>\n                  <\/ul>\n                <\/a>\n              <\/div>\n            <\/div>\n                      <div>\n              <div class=\"news-single\">\n                <a href=\"https:\/\/www.tadano.com\/benelux\/fr\/news\/the-new-tadano-as-23mj-aerial-work-platform\/\">\n                  <strong class=\"title\">La nouvelle nacelle Tadano AS-23MJ<\/strong>\n                  <ul class=\"meta\">\n                    <li>Publication<\/li>\n                    <li><time datetime=\"2020-01-01\">Avr\/07\/2025<\/time><\/li>\n                  <\/ul>\n                <\/a>\n              <\/div>\n            <\/div>\n                      <div>\n              <div class=\"news-single\">\n                <a href=\"https:\/\/www.tadano.com\/benelux\/fr\/news\/the-new-cc-78-1250-1\/\">\n                  <strong class=\"title\">La nouvelle Tadano CC 78.1250-1<\/strong>\n                  <ul class=\"meta\">\n                    <li>Publication<\/li>\n                    <li><time datetime=\"2020-01-01\">Avr\/03\/2025<\/time><\/li>\n                  <\/ul>\n                <\/a>\n              <\/div>\n            <\/div>\n                      <div>\n              <div class=\"news-single\">\n                <a href=\"https:\/\/www.tadano.com\/benelux\/fr\/news\/la-nouvelle-tadano-ac-5-250l-2\/\">\n                  <strong class=\"title\">La nouvelle Tadano AC 5.250L-2<\/strong>\n                  <ul class=\"meta\">\n                    <li>Publication<\/li>\n                    <li><time datetime=\"2020-01-01\">F\u00e9v\/17\/2025<\/time><\/li>\n                  <\/ul>\n                <\/a>\n              <\/div>\n            <\/div>\n                        <\/div>\n    <\/div>\n  <\/section>\n  \n\n\n<p><\/p>\n","protected":false},"excerpt":{"rendered":"","protected":false},"author":2,"featured_media":0,"parent":13890,"menu_order":0,"comment_status":"closed","ping_status":"closed","template":"","meta":{"_acf_changed":false,"footnotes":""},"acf":[],"yoast_head":"<!-- This site is optimized with the Yoast SEO plugin v22.3 - https:\/\/yoast.com\/wordpress\/plugins\/seo\/ -->\n<title>Rallonges de fl\u00e8che - Benelux<\/title>\n<meta name=\"robots\" content=\"index, follow, max-snippet:-1, max-image-preview:large, max-video-preview:-1\" \/>\n<link rel=\"canonical\" href=\"https:\/\/www.tadano.com\/benelux\/fr\/pieces-de-rechange-tnl\/rallonges-de-fleche\/\" \/>\n<meta property=\"og:locale\" content=\"fr_FR\" \/>\n<meta property=\"og:type\" content=\"article\" \/>\n<meta property=\"og:title\" content=\"Rallonges de fl\u00e8che - Benelux\" \/>\n<meta property=\"og:url\" content=\"https:\/\/www.tadano.com\/benelux\/fr\/pieces-de-rechange-tnl\/rallonges-de-fleche\/\" \/>\n<meta property=\"og:site_name\" content=\"Benelux\" \/>\n<meta property=\"article:modified_time\" content=\"2025-06-23T08:08:41+00:00\" \/>\n<meta name=\"twitter:card\" content=\"summary_large_image\" \/>\n<meta name=\"twitter:label1\" content=\"Dur\u00e9e de lecture estim\u00e9e\" \/>\n\t<meta name=\"twitter:data1\" content=\"1 minute\" \/>\n<script type=\"application\/ld+json\" class=\"yoast-schema-graph\">{\"@context\":\"https:\/\/schema.org\",\"@graph\":[{\"@type\":\"WebPage\",\"@id\":\"https:\/\/www.tadano.com\/benelux\/fr\/pieces-de-rechange-tnl\/rallonges-de-fleche\/\",\"url\":\"https:\/\/www.tadano.com\/benelux\/fr\/pieces-de-rechange-tnl\/rallonges-de-fleche\/\",\"name\":\"Rallonges de fl\u00e8che - Benelux\",\"isPartOf\":{\"@id\":\"https:\/\/www.tadano.com\/benelux\/en\/#website\"},\"datePublished\":\"2021-08-24T15:56:35+00:00\",\"dateModified\":\"2025-06-23T08:08:41+00:00\",\"breadcrumb\":{\"@id\":\"https:\/\/www.tadano.com\/benelux\/fr\/pieces-de-rechange-tnl\/rallonges-de-fleche\/#breadcrumb\"},\"inLanguage\":\"fr-FR\",\"potentialAction\":[{\"@type\":\"ReadAction\",\"target\":[\"https:\/\/www.tadano.com\/benelux\/fr\/pieces-de-rechange-tnl\/rallonges-de-fleche\/\"]}]},{\"@type\":\"BreadcrumbList\",\"@id\":\"https:\/\/www.tadano.com\/benelux\/fr\/pieces-de-rechange-tnl\/rallonges-de-fleche\/#breadcrumb\",\"itemListElement\":[{\"@type\":\"ListItem\",\"position\":1,\"name\":\"Pi\u00e8ces de rechange TNL\",\"item\":\"https:\/\/www.tadano.com\/benelux\/fr\/pieces-de-rechange-tnl\/\"},{\"@type\":\"ListItem\",\"position\":2,\"name\":\"Rallonges de fl\u00e8che\"}]},{\"@type\":\"WebSite\",\"@id\":\"https:\/\/www.tadano.com\/benelux\/en\/#website\",\"url\":\"https:\/\/www.tadano.com\/benelux\/en\/\",\"name\":\"Benelux\",\"description\":\"Just another TADANO EUROPE site\",\"potentialAction\":[{\"@type\":\"SearchAction\",\"target\":{\"@type\":\"EntryPoint\",\"urlTemplate\":\"https:\/\/www.tadano.com\/benelux\/en\/?s={search_term_string}\"},\"query-input\":\"required name=search_term_string\"}],\"inLanguage\":\"fr-FR\"}]}<\/script>\n<!-- \/ Yoast SEO plugin. -->","yoast_head_json":{"title":"Rallonges de fl\u00e8che - Benelux","robots":{"index":"index","follow":"follow","max-snippet":"max-snippet:-1","max-image-preview":"max-image-preview:large","max-video-preview":"max-video-preview:-1"},"canonical":"https:\/\/www.tadano.com\/benelux\/fr\/pieces-de-rechange-tnl\/rallonges-de-fleche\/","og_locale":"fr_FR","og_type":"article","og_title":"Rallonges de fl\u00e8che - Benelux","og_url":"https:\/\/www.tadano.com\/benelux\/fr\/pieces-de-rechange-tnl\/rallonges-de-fleche\/","og_site_name":"Benelux","article_modified_time":"2025-06-23T08:08:41+00:00","twitter_card":"summary_large_image","twitter_misc":{"Dur\u00e9e de lecture estim\u00e9e":"1 minute"},"schema":{"@context":"https:\/\/schema.org","@graph":[{"@type":"WebPage","@id":"https:\/\/www.tadano.com\/benelux\/fr\/pieces-de-rechange-tnl\/rallonges-de-fleche\/","url":"https:\/\/www.tadano.com\/benelux\/fr\/pieces-de-rechange-tnl\/rallonges-de-fleche\/","name":"Rallonges de fl\u00e8che - Benelux","isPartOf":{"@id":"https:\/\/www.tadano.com\/benelux\/en\/#website"},"datePublished":"2021-08-24T15:56:35+00:00","dateModified":"2025-06-23T08:08:41+00:00","breadcrumb":{"@id":"https:\/\/www.tadano.com\/benelux\/fr\/pieces-de-rechange-tnl\/rallonges-de-fleche\/#breadcrumb"},"inLanguage":"fr-FR","potentialAction":[{"@type":"ReadAction","target":["https:\/\/www.tadano.com\/benelux\/fr\/pieces-de-rechange-tnl\/rallonges-de-fleche\/"]}]},{"@type":"BreadcrumbList","@id":"https:\/\/www.tadano.com\/benelux\/fr\/pieces-de-rechange-tnl\/rallonges-de-fleche\/#breadcrumb","itemListElement":[{"@type":"ListItem","position":1,"name":"Pi\u00e8ces de rechange TNL","item":"https:\/\/www.tadano.com\/benelux\/fr\/pieces-de-rechange-tnl\/"},{"@type":"ListItem","position":2,"name":"Rallonges de fl\u00e8che"}]},{"@type":"WebSite","@id":"https:\/\/www.tadano.com\/benelux\/en\/#website","url":"https:\/\/www.tadano.com\/benelux\/en\/","name":"Benelux","description":"Just another TADANO EUROPE site","potentialAction":[{"@type":"SearchAction","target":{"@type":"EntryPoint","urlTemplate":"https:\/\/www.tadano.com\/benelux\/en\/?s={search_term_string}"},"query-input":"required name=search_term_string"}],"inLanguage":"fr-FR"}]}},"_links":{"self":[{"href":"https:\/\/www.tadano.com\/benelux\/fr\/wp-json\/wp\/v2\/pages\/13906"}],"collection":[{"href":"https:\/\/www.tadano.com\/benelux\/fr\/wp-json\/wp\/v2\/pages"}],"about":[{"href":"https:\/\/www.tadano.com\/benelux\/fr\/wp-json\/wp\/v2\/types\/page"}],"author":[{"embeddable":true,"href":"https:\/\/www.tadano.com\/benelux\/fr\/wp-json\/wp\/v2\/users\/2"}],"replies":[{"embeddable":true,"href":"https:\/\/www.tadano.com\/benelux\/fr\/wp-json\/wp\/v2\/comments?post=13906"}],"version-history":[{"count":3,"href":"https:\/\/www.tadano.com\/benelux\/fr\/wp-json\/wp\/v2\/pages\/13906\/revisions"}],"predecessor-version":[{"id":28772,"href":"https:\/\/www.tadano.com\/benelux\/fr\/wp-json\/wp\/v2\/pages\/13906\/revisions\/28772"}],"up":[{"embeddable":true,"href":"https:\/\/www.tadano.com\/benelux\/fr\/wp-json\/wp\/v2\/pages\/13890"}],"wp:attachment":[{"href":"https:\/\/www.tadano.com\/benelux\/fr\/wp-json\/wp\/v2\/media?parent=13906"}],"curies":[{"name":"wp","href":"https:\/\/api.w.org\/{rel}","templated":true}]}}