{"id":23428,"date":"2024-06-06T12:19:23","date_gmt":"2024-06-06T12:19:23","guid":{"rendered":"https:\/\/www.tadano.com\/benelux\/?page_id=23428"},"modified":"2024-06-06T12:19:24","modified_gmt":"2024-06-06T12:19:24","slug":"spare-parts-sales-support","status":"publish","type":"page","link":"https:\/\/www.tadano.com\/benelux\/fr\/a-propos\/spare-parts-sales-support\/","title":{"rendered":"Spare Parts Sales Support"},"content":{"rendered":"\n\n\n<section class=\"hero-section\">\n\n\t\n\t\n\t\n\t<div class=\"img-holder \">\n\t\t\t\t<div class=\"bg-stretch\" style=\"background-position: 50% 50%; \">\n\t\t\t<span data-srcset=\"https:\/\/assets.onetadano.com\/celum_assets\/hero\/TADANO_lineup___NEWYORK__B__.jpg, https:\/\/assets.onetadano.com\/celum_assets\/hero-2x\/TADANO_lineup___NEWYORK__B__.jpg 2x\"><\/span>\n\t\t<\/div>\n\t\t\t\t\t\t<div class=\"logo green-solutions\" style=\"display:none;\">\n\t\t\t<a href=\"#\"><img decoding=\"async\" src=\"https:\/\/www.tadano.com\/benelux\/wp-content\/themes\/tadano\/assets\/dist\/images\/Green-Solutions_Logo_White.svg\"><\/a>\n\t\t<\/div>\n\t<\/div>\n\t<div class=\"container\">\n\t\t<div class=\"text-holder \">\n\t\t\t<div class=\"wrap\">\n\t\t\t\t\n\t\t\t\t<ul class=\"breadcrumbs\"><li><a href=\"https:\/\/www.tadano.com\/benelux\/fr\/\">Accueil<\/a><\/li><\/ul>\n\t\t\t\t\n\n<h1 class=\"wp-block-heading\"><strong>JOIN TADANO BENELUX&nbsp;<\/strong><\/h1>\n\n\n\n<p>Being part of the Tadano Group, Tadano Benelux shares the mission to work to provide our customers with lifting equipment and related services, which not only fulfil their expectations but also exceed them.<\/p>\n\n\n\n\t\t\t\t\n\t\t\t<\/div>\n\n\t\t\t\n\t\t\t\n\t\t\t\n\t\t<\/div>\n\t<\/div>\n<\/section>\n\n\n<div class=\"wp-block-group is-style-background-white is-layout-flow wp-block-group-is-layout-flow\"><div class=\"wp-block-group__inner-container\">\n<h1 class=\"wp-block-heading\">Spare Parts Sales Support<\/h1>\n\n\n\n<div class=\"wp-block-columns is-layout-flex wp-container-core-columns-layout-1 wp-block-columns-is-layout-flex\">\n<div class=\"wp-block-column is-layout-flow wp-block-column-is-layout-flow\" style=\"flex-basis:66.66%\">\n<p><strong>Informatie<\/strong><\/p>\n\n\n\n<p>De Tadano Group, gevestigd in Takamatsu, Japan, is opgericht in 1948 en is wereldwijd actief en gespecialiseerd in de ontwikkeling en productie van hydraulische mobiele hijskranen en takels.<br><br>De belangrijkste productie is verdeeld over tien locaties: vijf in Japan, twee in Duitsland en \u00e9\u00e9n in de VS, Thailand en India. De twee Duitse vestigingen Lauf an der Pegnitz en Zweibr\u00fccken werken nauw samen voor de ontwikkeling, productie en distributie van hoogwaardige mobiele kranen.<br><br>TADANO Nederland B.V. is sinds ruim 25 jaar de vertegenwoordiger van het merk Tadano en gevestigd in Purmerend (Noord-Holland).<br>Met een team van ongeveer 30 medewerkers vertegenwoordigen wij ons merk in de Benelux.<\/p>\n\n\n\n<p>Versterk ons Tadano after-sales team:<\/p>\n\n\n\n<p><strong>Jouw Taken als Spare Parts Specialist<\/strong><\/p>\n\n\n\n<p>\u2022 Wees het eerste aanspreekpunt voor alle onderdeel aanvragen van Nederlandse en Belgische klanten en deze klanten een deskundig en effici\u00ebnte service bieden.<br>\u2022 Draagt zorg voor de in- en verkoop van onderdelen volgens de juiste procedure.<br>\u2022 Voert bestellingen uit van onderdelen bij diverse leveranciers, tegen zo gunstig mogelijke voorwaarden.<br>\u2022 Draagt zorg voor correcte administratieve afhandeling van inkoop en verkoop van onderdelen t.a.v. bestelde, ontvangen en\/of verzonden onderdelen.<br>\u2022 Bewaken van de voorraad en minimaal 1x per jaar controleren en inventariseren van de voorraad voor de financi\u00eble administratie in samenwerking met de magazijnbeheerder.<br>\u2022 Vervangt magazijnbeheerder bij diens afwezigheid.<br>\u2022 Draagt zorg voor dagelijks verzending van onderdelen naar onze klanten in Nederland en Belgi\u00eb.<br>\u2022 Overlegt met de planner betreffende komende werkplaats- en buitendienst- opdrachten en draagt zorg voor tijdige aanwezigheid van de juiste onderdelen en materialen.<br>\u2022 Rapporteert aan de chef werkplaats en planner over de voortgang van de leveringen.<br>\u2022 Registreert klachten en tekortkomingen betreffende onderdeel leverantie en draagt mede zorg voor een adequate oplos\u00acsing.<br>\u2022 Het leggen en onderhouden van contacten met leveranciers en potenti\u00eble leveranciers.<br>\u2022 Het zich op de hoogte stellen van nieuwe technische en commerci\u00eble ontwikkelingen in de branche en transportmogelijkheden.<br>\u2022 Het maken van offertes volgens de richtlijnen.<br>\u2022 Het maken van correcte verkoopfacturen.<br>\u2022 Zorgt voor een correcte omgang met klanten.<br>\u2022 Zorgt voor een goede teamgeest.<br>\u2022 Samenwerken en ondersteunen van ons lokale verkoopteam.<br>\u2022 Samenwerken en overleg met ons global team in Duitsland.<br>\u2022 Promoot ons bedrijf in alle aspecten.<br>\u2022 Vermogen om effectief te communiceren met leveranciers, klanten en medewerkers.<\/p>\n\n\n\n<p><strong>Dienstverband:<\/strong><\/p>\n\n\n\n<p>\u2022 Fulltime (40uur per week, andere mogelijkheden bespreekbaar).<br>\u2022 In verantwoording schuldig aan afdelingshoofd onderdelen.<\/p>\n\n\n\n<p><strong>Uw kwalificaties als specialist in Spare Parts Specialist<\/strong><\/p>\n\n\n\n<p>\u2022 MBO+ opleiding in een technische richting.<br>\u2022 Minimale ervaring in vergelijkbare functies, afkomstig uit de machine-industrie of automotive heeft de voorkeur.<br>\u2022 Goede MS-Office vaardigheden en bij voorkeur kennis van een ERP-systeem.<br>\u2022 Kennis van het Engels (in woord en geschrift) is essentieel, kennis van het Duits is een pre.<br>\u2022 Operationele kennis van aftermarket distributie en klantprocessen.<br>\u2022 De bereidheid om te leren en het vermogen om goed te werken in een diverse omgeving.<br>\u2022 Klantgericht met een sterke \u00ab\u00a0can do\u00a0\u00bb attitude &amp; flexibele aanpak.<br>\u2022 Vermogen om effectief te communiceren met klanten.<\/p>\n\n\n\n<p><strong>Wat bieden wij?<\/strong><\/p>\n\n\n\n<p>\u2022 Een marktconform salaris afhankelijk van jouw leeftijd en ervaring.<br>\u2022 Goede secundaire arbeidsvoorwaarden zoals een pensioenregeling.<br>\u2022 Reiskostenvergoeding op basis van werk-woon afstand.<br>\u2022 25 vakantiedagen en 13 ADV dagen (o.b.v. 40 uur).<br>\u2022 CAO klein Metaal en Techniek is van toepassing.<br>\u2022 Werktijden ma-vr 08:00-17:00.<br>\u2022 Mogelijkheid tot vast dienstverband.<\/p>\n\n\n\n<p><strong>SOLLICITEER NU!<\/strong><\/p>\n\n\n\n<p>Heb je vragen over deze vacature, neem dan contact op met Ron Vergeer, HR-manager Benelux <strong><a href=\"mailto:ron.vergeer@tadano.com\">ron.vergeer@tadano.com<\/a><\/strong><br>Stuur uw CV in het Nederlands of Engels.<\/p>\n<\/div>\n<\/div>\n<\/div><\/div>\n","protected":false},"excerpt":{"rendered":"<p>Spare Parts Sales Support Informatie De Tadano Group, gevestigd in Takamatsu, Japan, is opgericht in 1948 en is wereldwijd actief en gespecialiseerd in de ontwikkeling en productie van hydraulische mobiele hijskranen en takels. De belangrijkste productie is verdeeld over tien locaties: vijf in Japan, twee in Duitsland en \u00e9\u00e9n in de VS, Thailand en India. [&hellip;]<\/p>\n","protected":false},"author":3,"featured_media":0,"parent":3951,"menu_order":0,"comment_status":"closed","ping_status":"closed","template":"","meta":{"_acf_changed":false,"footnotes":""},"acf":[],"yoast_head":"<!-- This site is optimized with the Yoast SEO plugin v22.3 - https:\/\/yoast.com\/wordpress\/plugins\/seo\/ -->\n<title>Spare Parts Sales Support - Benelux<\/title>\n<meta name=\"robots\" content=\"index, follow, max-snippet:-1, max-image-preview:large, max-video-preview:-1\" \/>\n<link rel=\"canonical\" href=\"https:\/\/www.tadano.com\/benelux\/spare-parts-sales-support\/\" \/>\n<meta property=\"og:locale\" content=\"fr_FR\" \/>\n<meta property=\"og:type\" content=\"article\" \/>\n<meta property=\"og:title\" content=\"Spare Parts Sales Support - Benelux\" \/>\n<meta property=\"og:description\" content=\"Spare Parts Sales Support Informatie De Tadano Group, gevestigd in Takamatsu, Japan, is opgericht in 1948 en is wereldwijd actief en gespecialiseerd in de ontwikkeling en productie van hydraulische mobiele hijskranen en takels. De belangrijkste productie is verdeeld over tien locaties: vijf in Japan, twee in Duitsland en \u00e9\u00e9n in de VS, Thailand en India. [&hellip;]\" \/>\n<meta property=\"og:url\" content=\"https:\/\/www.tadano.com\/benelux\/spare-parts-sales-support\/\" \/>\n<meta property=\"og:site_name\" content=\"Benelux\" \/>\n<meta property=\"article:modified_time\" content=\"2024-06-06T12:19:24+00:00\" \/>\n<meta name=\"twitter:card\" content=\"summary_large_image\" \/>\n<meta name=\"twitter:label1\" content=\"Dur\u00e9e de lecture estim\u00e9e\" \/>\n\t<meta name=\"twitter:data1\" content=\"3 minutes\" \/>\n<script type=\"application\/ld+json\" class=\"yoast-schema-graph\">{\"@context\":\"https:\/\/schema.org\",\"@graph\":[{\"@type\":\"WebPage\",\"@id\":\"https:\/\/www.tadano.com\/benelux\/spare-parts-sales-support\/\",\"url\":\"https:\/\/www.tadano.com\/benelux\/spare-parts-sales-support\/\",\"name\":\"Spare Parts Sales Support - Benelux\",\"isPartOf\":{\"@id\":\"https:\/\/www.tadano.com\/benelux\/en\/#website\"},\"datePublished\":\"2024-06-06T12:19:23+00:00\",\"dateModified\":\"2024-06-06T12:19:24+00:00\",\"inLanguage\":\"fr-FR\",\"potentialAction\":[{\"@type\":\"ReadAction\",\"target\":[\"https:\/\/www.tadano.com\/benelux\/spare-parts-sales-support\/\"]}]},{\"@type\":\"WebSite\",\"@id\":\"https:\/\/www.tadano.com\/benelux\/en\/#website\",\"url\":\"https:\/\/www.tadano.com\/benelux\/en\/\",\"name\":\"Benelux\",\"description\":\"Just another TADANO EUROPE site\",\"potentialAction\":[{\"@type\":\"SearchAction\",\"target\":{\"@type\":\"EntryPoint\",\"urlTemplate\":\"https:\/\/www.tadano.com\/benelux\/en\/?s={search_term_string}\"},\"query-input\":\"required name=search_term_string\"}],\"inLanguage\":\"fr-FR\"}]}<\/script>\n<!-- \/ Yoast SEO plugin. -->","yoast_head_json":{"title":"Spare Parts Sales Support - Benelux","robots":{"index":"index","follow":"follow","max-snippet":"max-snippet:-1","max-image-preview":"max-image-preview:large","max-video-preview":"max-video-preview:-1"},"canonical":"https:\/\/www.tadano.com\/benelux\/spare-parts-sales-support\/","og_locale":"fr_FR","og_type":"article","og_title":"Spare Parts Sales Support - Benelux","og_description":"Spare Parts Sales Support Informatie De Tadano Group, gevestigd in Takamatsu, Japan, is opgericht in 1948 en is wereldwijd actief en gespecialiseerd in de ontwikkeling en productie van hydraulische mobiele hijskranen en takels. De belangrijkste productie is verdeeld over tien locaties: vijf in Japan, twee in Duitsland en \u00e9\u00e9n in de VS, Thailand en India. [&hellip;]","og_url":"https:\/\/www.tadano.com\/benelux\/spare-parts-sales-support\/","og_site_name":"Benelux","article_modified_time":"2024-06-06T12:19:24+00:00","twitter_card":"summary_large_image","twitter_misc":{"Dur\u00e9e de lecture estim\u00e9e":"3 minutes"},"schema":{"@context":"https:\/\/schema.org","@graph":[{"@type":"WebPage","@id":"https:\/\/www.tadano.com\/benelux\/spare-parts-sales-support\/","url":"https:\/\/www.tadano.com\/benelux\/spare-parts-sales-support\/","name":"Spare Parts Sales Support - Benelux","isPartOf":{"@id":"https:\/\/www.tadano.com\/benelux\/en\/#website"},"datePublished":"2024-06-06T12:19:23+00:00","dateModified":"2024-06-06T12:19:24+00:00","inLanguage":"fr-FR","potentialAction":[{"@type":"ReadAction","target":["https:\/\/www.tadano.com\/benelux\/spare-parts-sales-support\/"]}]},{"@type":"WebSite","@id":"https:\/\/www.tadano.com\/benelux\/en\/#website","url":"https:\/\/www.tadano.com\/benelux\/en\/","name":"Benelux","description":"Just another TADANO EUROPE site","potentialAction":[{"@type":"SearchAction","target":{"@type":"EntryPoint","urlTemplate":"https:\/\/www.tadano.com\/benelux\/en\/?s={search_term_string}"},"query-input":"required name=search_term_string"}],"inLanguage":"fr-FR"}]}},"_links":{"self":[{"href":"https:\/\/www.tadano.com\/benelux\/fr\/wp-json\/wp\/v2\/pages\/23428"}],"collection":[{"href":"https:\/\/www.tadano.com\/benelux\/fr\/wp-json\/wp\/v2\/pages"}],"about":[{"href":"https:\/\/www.tadano.com\/benelux\/fr\/wp-json\/wp\/v2\/types\/page"}],"author":[{"embeddable":true,"href":"https:\/\/www.tadano.com\/benelux\/fr\/wp-json\/wp\/v2\/users\/3"}],"replies":[{"embeddable":true,"href":"https:\/\/www.tadano.com\/benelux\/fr\/wp-json\/wp\/v2\/comments?post=23428"}],"version-history":[{"count":1,"href":"https:\/\/www.tadano.com\/benelux\/fr\/wp-json\/wp\/v2\/pages\/23428\/revisions"}],"predecessor-version":[{"id":23430,"href":"https:\/\/www.tadano.com\/benelux\/fr\/wp-json\/wp\/v2\/pages\/23428\/revisions\/23430"}],"up":[{"embeddable":true,"href":"https:\/\/www.tadano.com\/benelux\/fr\/wp-json\/wp\/v2\/pages\/3951"}],"wp:attachment":[{"href":"https:\/\/www.tadano.com\/benelux\/fr\/wp-json\/wp\/v2\/media?parent=23428"}],"curies":[{"name":"wp","href":"https:\/\/api.w.org\/{rel}","templated":true}]}}