{"id":23432,"date":"2024-06-06T12:22:42","date_gmt":"2024-06-06T12:22:42","guid":{"rendered":"https:\/\/www.tadano.com\/benelux\/?page_id=23432"},"modified":"2024-06-06T12:22:43","modified_gmt":"2024-06-06T12:22:43","slug":"carrieres","status":"publish","type":"page","link":"https:\/\/www.tadano.com\/benelux\/fr\/a-propos\/carrieres\/","title":{"rendered":"Carri\u00e8res"},"content":{"rendered":"\n\n\n<section class=\"hero-section\">\n\n\t\n\t\n\t\n\t<div class=\"img-holder \">\n\t\t\t\t<div class=\"bg-stretch\" style=\"background-position: 50% 50%; \">\n\t\t\t<span data-srcset=\"https:\/\/assets.onetadano.com\/celum_assets\/hero\/TADANO_lineup___NEWYORK__B__.jpg, https:\/\/assets.onetadano.com\/celum_assets\/hero-2x\/TADANO_lineup___NEWYORK__B__.jpg 2x\"><\/span>\n\t\t<\/div>\n\t\t\t\t\t\t<div class=\"logo green-solutions\" style=\"display:none;\">\n\t\t\t<a href=\"#\"><img decoding=\"async\" src=\"https:\/\/www.tadano.com\/benelux\/wp-content\/themes\/tadano\/assets\/dist\/images\/Green-Solutions_Logo_White.svg\"><\/a>\n\t\t<\/div>\n\t<\/div>\n\t<div class=\"container\">\n\t\t<div class=\"text-holder \">\n\t\t\t<div class=\"wrap\">\n\t\t\t\t\n\t\t\t\t<ul class=\"breadcrumbs\"><li><a href=\"https:\/\/www.tadano.com\/benelux\/fr\/\">Accueil<\/a><\/li><\/ul>\n\t\t\t\t\n\n<h1 class=\"wp-block-heading\"><strong>Carri\u00e8res<\/strong><\/h1>\n\n\n\n<p>En tant que membre du groupe Tadano, Tadano Benelux partage la mission de fournir \u00e0 nos clients des \u00e9quipements de levage et des services connexes qui non seulement r\u00e9pondent \u00e0 leurs attentes, mais les d\u00e9passent \u00e9galement.<\/p>\n\n\n\n\t\t\t\t\n\t\t\t<\/div>\n\n\t\t\t\n\t\t\t\n\t\t\t\n\t\t<\/div>\n\t<\/div>\n<\/section>\n\n\n<div class=\"wp-block-group is-style-background-white is-layout-flow wp-block-group-is-layout-flow\"><div class=\"wp-block-group__inner-container\">\n<h1 class=\"wp-block-heading\">REJOIGNEZ TADANO BENELUX<\/h1>\n\n\n\n<p>Chez Tadano, nous croyons en la promotion d&rsquo;une culture d&rsquo;innovation, d&rsquo;excellence et de croissance. En tant que fournisseur leader de solutions d&rsquo;\u00e9quipements de levage, nous nous engageons \u00e0 attirer les meilleurs talents passionn\u00e9s par l&rsquo;id\u00e9e de faire une diff\u00e9rence dans l&rsquo;industrie. Que vous soyez un professionnel exp\u00e9riment\u00e9 ou un jeune dipl\u00f4m\u00e9 d\u00e9sireux de commencer une carri\u00e8re enrichissante, Tadano Benelux offre des opportunit\u00e9s passionnantes pour le d\u00e9veloppement personnel et professionnel. Nous encourageons les personnes motiv\u00e9es par les d\u00e9fis et \u00e9panouies dans des environnements collaboratifs \u00e0 explorer les possibilit\u00e9s avec nous.<\/p>\n\n\n\n<p>Vous trouverez ci-dessous les offres d&#8217;emploi actuelles pour rejoindre notre \u00e9quipe.<\/p>\n\n\n\n<div class=\"wp-block-buttons is-layout-flex wp-block-buttons-is-layout-flex\">\n<div class=\"wp-block-button\"><a class=\"wp-block-button__link wp-element-button\" href=\"https:\/\/www.tadano.com\/benelux\/fr\/a-propos\/spare-parts-sales-support\/\">SPARE PARTS SALES SUPPORT<\/a><\/div>\n<\/div>\n<\/div><\/div>\n","protected":false},"excerpt":{"rendered":"<p>REJOIGNEZ TADANO BENELUX Chez Tadano, nous croyons en la promotion d&rsquo;une culture d&rsquo;innovation, d&rsquo;excellence et de croissance. En tant que fournisseur leader de solutions d&rsquo;\u00e9quipements de levage, nous nous engageons \u00e0 attirer les meilleurs talents passionn\u00e9s par l&rsquo;id\u00e9e de faire une diff\u00e9rence dans l&rsquo;industrie. Que vous soyez un professionnel exp\u00e9riment\u00e9 ou un jeune dipl\u00f4m\u00e9 d\u00e9sireux [&hellip;]<\/p>\n","protected":false},"author":3,"featured_media":0,"parent":3951,"menu_order":0,"comment_status":"closed","ping_status":"closed","template":"","meta":{"_acf_changed":false,"footnotes":""},"acf":[],"yoast_head":"<!-- This site is optimized with the Yoast SEO plugin v22.3 - https:\/\/yoast.com\/wordpress\/plugins\/seo\/ -->\n<title>Carri\u00e8res - Benelux<\/title>\n<meta name=\"robots\" content=\"index, follow, max-snippet:-1, max-image-preview:large, max-video-preview:-1\" \/>\n<link rel=\"canonical\" href=\"https:\/\/www.tadano.com\/benelux\/fr\/a-propos\/carrieres\/\" \/>\n<meta property=\"og:locale\" content=\"fr_FR\" \/>\n<meta property=\"og:type\" content=\"article\" \/>\n<meta property=\"og:title\" content=\"Carri\u00e8res - Benelux\" \/>\n<meta property=\"og:description\" content=\"REJOIGNEZ TADANO BENELUX Chez Tadano, nous croyons en la promotion d&rsquo;une culture d&rsquo;innovation, d&rsquo;excellence et de croissance. En tant que fournisseur leader de solutions d&rsquo;\u00e9quipements de levage, nous nous engageons \u00e0 attirer les meilleurs talents passionn\u00e9s par l&rsquo;id\u00e9e de faire une diff\u00e9rence dans l&rsquo;industrie. Que vous soyez un professionnel exp\u00e9riment\u00e9 ou un jeune dipl\u00f4m\u00e9 d\u00e9sireux [&hellip;]\" \/>\n<meta property=\"og:url\" content=\"https:\/\/www.tadano.com\/benelux\/fr\/a-propos\/carrieres\/\" \/>\n<meta property=\"og:site_name\" content=\"Benelux\" \/>\n<meta property=\"article:modified_time\" content=\"2024-06-06T12:22:43+00:00\" \/>\n<meta name=\"twitter:card\" content=\"summary_large_image\" \/>\n<meta name=\"twitter:label1\" content=\"Dur\u00e9e de lecture estim\u00e9e\" \/>\n\t<meta name=\"twitter:data1\" content=\"1 minute\" \/>\n<script type=\"application\/ld+json\" class=\"yoast-schema-graph\">{\"@context\":\"https:\/\/schema.org\",\"@graph\":[{\"@type\":\"WebPage\",\"@id\":\"https:\/\/www.tadano.com\/benelux\/fr\/a-propos\/carrieres\/\",\"url\":\"https:\/\/www.tadano.com\/benelux\/fr\/a-propos\/carrieres\/\",\"name\":\"Carri\u00e8res - Benelux\",\"isPartOf\":{\"@id\":\"https:\/\/www.tadano.com\/benelux\/en\/#website\"},\"datePublished\":\"2024-06-06T12:22:42+00:00\",\"dateModified\":\"2024-06-06T12:22:43+00:00\",\"inLanguage\":\"fr-FR\",\"potentialAction\":[{\"@type\":\"ReadAction\",\"target\":[\"https:\/\/www.tadano.com\/benelux\/fr\/a-propos\/carrieres\/\"]}]},{\"@type\":\"WebSite\",\"@id\":\"https:\/\/www.tadano.com\/benelux\/en\/#website\",\"url\":\"https:\/\/www.tadano.com\/benelux\/en\/\",\"name\":\"Benelux\",\"description\":\"Just another TADANO EUROPE site\",\"potentialAction\":[{\"@type\":\"SearchAction\",\"target\":{\"@type\":\"EntryPoint\",\"urlTemplate\":\"https:\/\/www.tadano.com\/benelux\/en\/?s={search_term_string}\"},\"query-input\":\"required name=search_term_string\"}],\"inLanguage\":\"fr-FR\"}]}<\/script>\n<!-- \/ Yoast SEO plugin. -->","yoast_head_json":{"title":"Carri\u00e8res - Benelux","robots":{"index":"index","follow":"follow","max-snippet":"max-snippet:-1","max-image-preview":"max-image-preview:large","max-video-preview":"max-video-preview:-1"},"canonical":"https:\/\/www.tadano.com\/benelux\/fr\/a-propos\/carrieres\/","og_locale":"fr_FR","og_type":"article","og_title":"Carri\u00e8res - Benelux","og_description":"REJOIGNEZ TADANO BENELUX Chez Tadano, nous croyons en la promotion d&rsquo;une culture d&rsquo;innovation, d&rsquo;excellence et de croissance. En tant que fournisseur leader de solutions d&rsquo;\u00e9quipements de levage, nous nous engageons \u00e0 attirer les meilleurs talents passionn\u00e9s par l&rsquo;id\u00e9e de faire une diff\u00e9rence dans l&rsquo;industrie. Que vous soyez un professionnel exp\u00e9riment\u00e9 ou un jeune dipl\u00f4m\u00e9 d\u00e9sireux [&hellip;]","og_url":"https:\/\/www.tadano.com\/benelux\/fr\/a-propos\/carrieres\/","og_site_name":"Benelux","article_modified_time":"2024-06-06T12:22:43+00:00","twitter_card":"summary_large_image","twitter_misc":{"Dur\u00e9e de lecture estim\u00e9e":"1 minute"},"schema":{"@context":"https:\/\/schema.org","@graph":[{"@type":"WebPage","@id":"https:\/\/www.tadano.com\/benelux\/fr\/a-propos\/carrieres\/","url":"https:\/\/www.tadano.com\/benelux\/fr\/a-propos\/carrieres\/","name":"Carri\u00e8res - Benelux","isPartOf":{"@id":"https:\/\/www.tadano.com\/benelux\/en\/#website"},"datePublished":"2024-06-06T12:22:42+00:00","dateModified":"2024-06-06T12:22:43+00:00","inLanguage":"fr-FR","potentialAction":[{"@type":"ReadAction","target":["https:\/\/www.tadano.com\/benelux\/fr\/a-propos\/carrieres\/"]}]},{"@type":"WebSite","@id":"https:\/\/www.tadano.com\/benelux\/en\/#website","url":"https:\/\/www.tadano.com\/benelux\/en\/","name":"Benelux","description":"Just another TADANO EUROPE site","potentialAction":[{"@type":"SearchAction","target":{"@type":"EntryPoint","urlTemplate":"https:\/\/www.tadano.com\/benelux\/en\/?s={search_term_string}"},"query-input":"required name=search_term_string"}],"inLanguage":"fr-FR"}]}},"_links":{"self":[{"href":"https:\/\/www.tadano.com\/benelux\/fr\/wp-json\/wp\/v2\/pages\/23432"}],"collection":[{"href":"https:\/\/www.tadano.com\/benelux\/fr\/wp-json\/wp\/v2\/pages"}],"about":[{"href":"https:\/\/www.tadano.com\/benelux\/fr\/wp-json\/wp\/v2\/types\/page"}],"author":[{"embeddable":true,"href":"https:\/\/www.tadano.com\/benelux\/fr\/wp-json\/wp\/v2\/users\/3"}],"replies":[{"embeddable":true,"href":"https:\/\/www.tadano.com\/benelux\/fr\/wp-json\/wp\/v2\/comments?post=23432"}],"version-history":[{"count":1,"href":"https:\/\/www.tadano.com\/benelux\/fr\/wp-json\/wp\/v2\/pages\/23432\/revisions"}],"predecessor-version":[{"id":23434,"href":"https:\/\/www.tadano.com\/benelux\/fr\/wp-json\/wp\/v2\/pages\/23432\/revisions\/23434"}],"up":[{"embeddable":true,"href":"https:\/\/www.tadano.com\/benelux\/fr\/wp-json\/wp\/v2\/pages\/3951"}],"wp:attachment":[{"href":"https:\/\/www.tadano.com\/benelux\/fr\/wp-json\/wp\/v2\/media?parent=23432"}],"curies":[{"name":"wp","href":"https:\/\/api.w.org\/{rel}","templated":true}]}}