{"id":3366,"date":"2021-03-17T14:17:39","date_gmt":"2021-03-17T14:17:39","guid":{"rendered":"https:\/\/www.tadano.com\/brazil\/about\/"},"modified":"2026-02-24T15:10:15","modified_gmt":"2026-02-24T15:10:15","slug":"sobre","status":"publish","type":"page","link":"https:\/\/www.tadano.com\/brazil\/pt-br\/sobre\/","title":{"rendered":"Sobre"},"content":{"rendered":"\n\n\n<section class=\"hero-section\">\n\n\t\n\t\n\t\n\t<div class=\"img-holder \">\n\t\t\t\t<div class=\"bg-stretch\" style=\"background-position: 100% 100%; \">\n\t\t\t<span data-srcset=\"https:\/\/assets.onetadano.com\/celum_assets\/hero\/TDN+Joining+Forces+Hero+Image+4K.jpg, https:\/\/assets.onetadano.com\/celum_assets\/hero-2x\/TDN+Joining+Forces+Hero+Image+4K.jpg 2x\"><\/span>\n\t\t<\/div>\n\t\t\t\t\t\t<div class=\"logo green-solutions\" style=\"display:none;\">\n\t\t\t<a href=\"#\"><img decoding=\"async\" src=\"https:\/\/www.tadano.com\/brazil\/wp-content\/themes\/tadano\/assets\/dist\/images\/Green-Solutions_Logo_White.svg\"><\/a>\n\t\t<\/div>\n\t<\/div>\n\t<div class=\"container\">\n\t\t<div class=\"text-holder \">\n\t\t\t<div class=\"wrap\">\n\t\t\t\t\n\t\t\t\t<ul class=\"breadcrumbs\"><li><a href=\"https:\/\/www.tadano.com\/brazil\/pt-br\/\">Home<\/a><\/li><\/ul>\n\t\t\t\t\n\n<h1 class=\"wp-block-heading\">Quem somos n\u00f3s<\/h1>\n\n\n\n<p>A Tadano dedica-se a fornecer solu\u00e7\u00f5es de eleva\u00e7\u00e3o inovadoras e excepcionais que atendem a uma variedade de necessidades de clientes em todo o mundo.<\/p>\n\n\n\n\t\t\t\t\n\t\t\t<\/div>\n\n\t\t\t\n\t\t\t\n\t\t\t\n\t\t<\/div>\n\t<\/div>\n<\/section>\n\n\n<div class=\"wp-block-group is-layout-flow wp-block-group-is-layout-flow\"><div class=\"wp-block-group__inner-container\">\n<h2 class=\"wp-block-heading\" id=\"h-nossa-miss-o\">NOSSA MISS\u00c3O<\/h2>\n\n\n\n<p>O slogan da Tadano, \u201cReaching new heights\u201d, representa nossa dedica\u00e7\u00e3o em superar as expectativas dos clientes e promover um futuro sustent\u00e1vel. Por meio de equipamentos de eleva\u00e7\u00e3o e acesso l\u00edderes mundiais, oferecemos tecnologia inovadora e seguran\u00e7a, promovendo o progresso e a prosperidade para nossos clientes e para a sociedade. Ao ampliar continuamente os limites do poss\u00edvel, a Tadano est\u00e1 comprometida em criar valor que contribua para um mundo melhor e um futuro mais promissor.<\/p>\n\n\n\n<h2 class=\"wp-block-heading\" id=\"h-nossa-filosofia\">NOSSA FILOSOFIA<\/h2>\n\n\n\n<p>O Tadano Group segue sua Filosofia Corporativa de Sozo (Cria\u00e7\u00e3o), Hoshi (Contribui\u00e7\u00e3o) e Kyoryoku (Coopera\u00e7\u00e3o), acreditando fortemente que uma empresa s\u00f3 pode existir com sucesso se estiver em harmonia com a sociedade e as pessoas. De acordo com isso, a Tadano e seus funcion\u00e1rios contribuem para o desenvolvimento de comunidades locais e internacionais, e promove atividades comerciais que ajudam a proteger o ambiente global. Tamb\u00e9m trabalhamos para maximizar o valor corporativo enquanto atendemos e superamos as expectativas das partes interessadas.<\/p>\n\n\n\n<div class=\"wp-block-columns is-layout-flex wp-container-core-columns-layout-1 wp-block-columns-is-layout-flex\">\n<div class=\"wp-block-column is-layout-flow wp-block-column-is-layout-flow\">\n<h3 class=\"wp-block-heading alignfull\"><strong>SOZO (CRIA\u00c7\u00c3O)<\/strong><\/h3>\n\n\n\n<p class=\"has-small-font-size\">Criaremos atrav\u00e9s da inova\u00e7\u00e3o e tendo orgulho dos produtos de alta qualidade<\/p>\n<\/div>\n\n\n\n<div class=\"wp-block-column is-layout-flow wp-block-column-is-layout-flow\">\n<h3 class=\"wp-block-heading\"><strong>HOSHOSHI (CONTRIBUI\u00c7\u00c3O)<\/strong><\/h3>\n\n\n\n<p class=\"has-small-font-size\">Contribuiremos para o sucesso de nossos clientes e servindo a sociedade.<\/p>\n<\/div>\n\n\n\n<div class=\"wp-block-column is-layout-flow wp-block-column-is-layout-flow\">\n<h3 class=\"wp-block-heading\"><strong>KYORYOKU (COOPERA\u00c7\u00c3O)<\/strong><\/h3>\n\n\n\n<p class=\"has-small-font-size\">Cooperaremos para garantir nossa felicidade e fortalecer os la\u00e7os entre n\u00f3s.<\/p>\n<\/div>\n<\/div>\n\n\n\n<h2 class=\"wp-block-heading\" id=\"h-nossos-principais-valores\">NOSSOS PRINCIPAIS VALORES<\/h2>\n\n\n\n<p>Os Principais Valores da Tadano s\u00e3o &#8220;Seguran\u00e7a, Qualidade e Efici\u00eancia baseadas na Conformidade (C+SQE)&#8221;. Consideramos como a nossa maior prioridade, foco na seguran\u00e7a de toda uma sociedade e de todos aqueles que produzem e utilizam nossos produtos e servi\u00e7os. Buscamos a melhoria da qualidade, incluindo aquela dos produtos, servi\u00e7os e opera\u00e7\u00f5es comerciais. Aprimoramos a efici\u00eancia de nossas pr\u00f3prias opera\u00e7\u00f5es comerciais, al\u00e9m de contribuir na melhoria da efici\u00eancia comercial de nossos clientes. A conformidade oferece a base que permite a frequente atualiza\u00e7\u00e3o pela Tadano, nos quesitos de seguran\u00e7a, qualidade e efici\u00eancia, conforme agimos com justi\u00e7a e honestidade, e mantemos o respeito \u00e0 \u00e9tica.<\/p>\n<\/div><\/div>\n\n\n\n<div style=\"height:68px\" aria-hidden=\"true\" class=\"wp-block-spacer\"><\/div>\n\n\n\n<h2 class=\"wp-block-heading\" id=\"h-nossa-empresa\">NOSSA EMPRESA<\/h2>\n\n\n\n<p>A Tadano America Corporation (TAC) \u00e9 a base de vendas panamericana para guindastes terreno acidentado, guindastes todo terreno, sobre esteira com lan\u00e7a telesc\u00f3pica e guindaste sobre esteira com lan\u00e7a treli\u00e7ada. Nosso escrit\u00f3rio corporativo em Houston, Texas, inclui mais de 46.000 p\u00e9s quadrados para pe\u00e7as e armazenamento, com suporte direto ao cliente desde Houston e Edmonton, Alberta. Voc\u00ea encontrar\u00e1 a equipe de servi\u00e7o em campo da TAC em todo o continente, com produtos dispon\u00edveis atrav\u00e9s de uma ampla rede de revendedores, agentes e parcerias. Acreditamos que as m\u00e1quinas devem beneficiar a todos: os propriet\u00e1rios, a comunidade e nosso ambiente compartilhado. Usando sistemas operacionais de ponta e recursos com design comprovado em campo, a Tadano \u00e9 um l\u00edder tecnol\u00f3gico em seus ideais e valores principais de seguran\u00e7a, qualidade e efici\u00eancia.<\/p>\n\n\n\n<div class=\"wp-block-columns is-layout-flex wp-container-core-columns-layout-2 wp-block-columns-is-layout-flex\">\n<div class=\"wp-block-column is-layout-flow wp-block-column-is-layout-flow\">\n<figure class=\"wp-block-image size-large\"><a href=\"https:\/\/www.tadano.co.jp\/en\/history\/\" target=\"_blank\" rel=\"noreferrer noopener\"><img decoding=\"async\" src=\"https:\/\/mediahub.tadano.com\/m\/7ef36e95b449b643\/original\/img_tadano_history_jp-1.jpg\" alt=\"\"\/><\/a><\/figure>\n<\/div>\n\n\n\n<div class=\"wp-block-column is-layout-flow wp-block-column-is-layout-flow\">\n<h1 class=\"wp-block-heading\">HIST\u00d3RIA DA TADANO<\/h1>\n\n\n\n<p>Desde suas origens em 1919, quando o fundador Masuo Tadano decidiu contribuir para a sociedade por meio da inova\u00e7\u00e3o em soldagem, at\u00e9 se tornar l\u00edder global em equipamentos de eleva\u00e7\u00e3o, a hist\u00f3ria da Tadano \u00e9 marcada pela excel\u00eancia em engenharia, vis\u00e3o ousada e crescimento cont\u00ednuo. Moldada por marcos pioneiros no Jap\u00e3o, Alemanha, It\u00e1lia e Estados Unidos \u2014 incluindo os legados da Demag, Faun, Manitex e outras \u2014, a Tadano impulsiona a inova\u00e7\u00e3o em guindastes h\u00e1 mais de um s\u00e9culo. Descubra como os avan\u00e7os tecnol\u00f3gicos, a expans\u00e3o global e o compromisso com a qualidade definiram a trajet\u00f3ria da Tadano e posicionaram a empresa na vanguarda da ind\u00fastria de eleva\u00e7\u00e3o em todo o mundo.<\/p>\n\n\n\n<div class=\"wp-block-buttons is-layout-flex wp-block-buttons-is-layout-flex\">\n<div class=\"wp-block-button\"><a class=\"wp-block-button__link wp-element-button\" href=\"https:\/\/www.tadano.co.jp\/en\/history\/\" target=\"_blank\" rel=\"noreferrer noopener\">EXPLORE A HIST\u00d3RIA DA TADANO<\/a><\/div>\n<\/div>\n<\/div>\n<\/div>\n\n\n\n    <section class=\"news-section\">\n\n    <div class=\"container\">\n      <div class=\"text-block\">\n        <h2>News<\/h2>\n        <p>Dive into the latest news and developments from the Tadano Group.<\/p>                \n                  <a href=\"https:\/\/www.tadano.com\/brazil\/pt-br\/news-list\/\" class=\"link-more\">EXPLORE ALL News<\/a>\n        \n\n                <div class=\"controls\">\n          <svg width=\"14\" height=\"31\" viewBox=\"0 0 14 31\" fill=\"none\" xmlns=\"http:\/\/www.w3.org\/2000\/svg\">\n           <path d=\"M13 1L1 15.5L13 30\" stroke=\"#fff\"\/>\n          <\/svg>\n          <svg width=\"15\" height=\"31\" viewBox=\"0 0 15 31\" fill=\"none\" xmlns=\"http:\/\/www.w3.org\/2000\/svg\">\n           <path d=\"M1 1L14 15.5L1 30\" stroke=\"#fff\"\/>\n          <\/svg>\n        <\/div>\n        \n\n        \n      <\/div>\n      <div class=\"slick-slider simple-slider\">\n                              <div>\n              <div class=\"news-single\">\n                <a href=\"https:\/\/www.tadano.com\/brazil\/pt-br\/news\/the-new-cc-78-1250-1\/\">\n                  <strong class=\"title\">O novo Tadano CC 78.1250-1<\/strong>\n                  <ul class=\"meta\">\n                    <li>Publication<\/li>\n                    <li><time datetime=\"2020-01-01\">abr\/03\/2025<\/time><\/li>\n                  <\/ul>\n                <\/a>\n              <\/div>\n            <\/div>\n                      <div>\n              <div class=\"news-single\">\n                <a href=\"https:\/\/www.tadano.com\/brazil\/pt-br\/news\/maior-alcance-mais-alto-mais-longe-novo-guindaste-todo-terreno-tadano-ac-5-250l-2-com-lanca-principal-de-79-metros\/\">\n                  <strong class=\"title\">MAIOR ALCANCE, MAIS ALTO, MAIS LONGE: NOVO GUINDASTE TODO-TERRENO TADANO AC 5.250L-2 COM LAN\u00c7A PRINCIPAL DE 79 METROS<\/strong>\n                  <ul class=\"meta\">\n                    <li>Publication<\/li>\n                    <li><time datetime=\"2020-01-01\">fev\/18\/2025<\/time><\/li>\n                  <\/ul>\n                <\/a>\n              <\/div>\n            <\/div>\n                      <div>\n              <div class=\"news-single\">\n                <a href=\"https:\/\/www.tadano.com\/brazil\/pt-br\/news\/tadano-ac-7-450-1-em-dose-dupla-no-wisconsin\/\">\n                  <strong class=\"title\">TADANO AC 7.450-1 em dose dupla no Wisconsin<\/strong>\n                  <ul class=\"meta\">\n                    <li>Publication<\/li>\n                    <li><time datetime=\"2020-01-01\">nov\/12\/2024<\/time><\/li>\n                  <\/ul>\n                <\/a>\n              <\/div>\n            <\/div>\n                      <div>\n              <div class=\"news-single\">\n                <a href=\"https:\/\/www.tadano.com\/brazil\/pt-br\/news\/o-novo-tadano-ac-5-250-2-e-uma-solucao-inovadora\/\">\n                  <strong class=\"title\">O novo Tadano AC 5.250-2 \u00e9 uma solu\u00e7\u00e3o inovadora<\/strong>\n                  <ul class=\"meta\">\n                    <li>Publication<\/li>\n                    <li><time datetime=\"2020-01-01\">jul\/22\/2024<\/time><\/li>\n                  <\/ul>\n                <\/a>\n              <\/div>\n            <\/div>\n                      <div>\n              <div class=\"news-single\">\n                <a href=\"https:\/\/www.tadano.com\/brazil\/pt-br\/news\/a-equipe-panam-apresenta-a-tadano-quality-na-mt-expo\/\">\n                  <strong class=\"title\">A equipe PANAM apresenta\u00a0 a Tadano Quality na M&amp;T Expo<\/strong>\n                  <ul class=\"meta\">\n                    <li>Publication<\/li>\n                    <li><time datetime=\"2020-01-01\">maio\/28\/2024<\/time><\/li>\n                  <\/ul>\n                <\/a>\n              <\/div>\n            <\/div>\n                      <div>\n              <div class=\"news-single\">\n                <a href=\"https:\/\/www.tadano.com\/brazil\/pt-br\/news\/o-tadano-ac-7-450-1-realiza-icamentos-exclusivos-em-uma-instalacao-de-engarrafamento-na-pensilvania\/\">\n                  <strong class=\"title\">O TADANO AC 7.450-1 REALIZA I\u00c7AMENTOS EXCLUSIVOS EM UMA INSTALA\u00c7\u00c3O DE ENGARRAFAMENTO NA PENSILV\u00c2NIA<\/strong>\n                  <ul class=\"meta\">\n                    <li>Publication<\/li>\n                    <li><time datetime=\"2020-01-01\">maio\/23\/2024<\/time><\/li>\n                  <\/ul>\n                <\/a>\n              <\/div>\n            <\/div>\n                        <\/div>\n    <\/div>\n  <\/section>\n  ","protected":false},"excerpt":{"rendered":"<p>NOSSA MISS\u00c3O O slogan da Tadano, \u201cReaching new heights\u201d, representa nossa dedica\u00e7\u00e3o em superar as expectativas dos clientes e promover um futuro sustent\u00e1vel. Por meio de equipamentos de eleva\u00e7\u00e3o e acesso l\u00edderes mundiais, oferecemos tecnologia inovadora e seguran\u00e7a, promovendo o progresso e a prosperidade para nossos clientes e para a sociedade. Ao ampliar continuamente os [&hellip;]<\/p>\n","protected":false},"author":1,"featured_media":0,"parent":0,"menu_order":0,"comment_status":"closed","ping_status":"closed","template":"","meta":{"_acf_changed":false,"footnotes":""},"acf":[],"yoast_head":"<!-- This site is optimized with the Yoast SEO plugin v22.3 - https:\/\/yoast.com\/wordpress\/plugins\/seo\/ -->\n<title>Sobre - Brazil<\/title>\n<meta name=\"robots\" content=\"index, follow, max-snippet:-1, max-image-preview:large, max-video-preview:-1\" \/>\n<link rel=\"canonical\" href=\"https:\/\/www.tadano.com\/brazil\/pt-br\/sobre\/\" \/>\n<meta property=\"og:locale\" content=\"pt_BR\" \/>\n<meta property=\"og:type\" content=\"article\" \/>\n<meta property=\"og:title\" content=\"Sobre - Brazil\" \/>\n<meta property=\"og:description\" content=\"NOSSA MISS\u00c3O O slogan da Tadano, \u201cReaching new heights\u201d, representa nossa dedica\u00e7\u00e3o em superar as expectativas dos clientes e promover um futuro sustent\u00e1vel. Por meio de equipamentos de eleva\u00e7\u00e3o e acesso l\u00edderes mundiais, oferecemos tecnologia inovadora e seguran\u00e7a, promovendo o progresso e a prosperidade para nossos clientes e para a sociedade. Ao ampliar continuamente os [&hellip;]\" \/>\n<meta property=\"og:url\" content=\"https:\/\/www.tadano.com\/brazil\/pt-br\/sobre\/\" \/>\n<meta property=\"og:site_name\" content=\"Brazil\" \/>\n<meta property=\"article:modified_time\" content=\"2026-02-24T15:10:15+00:00\" \/>\n<meta property=\"og:image\" content=\"https:\/\/mediahub.tadano.com\/m\/7ef36e95b449b643\/original\/img_tadano_history_jp-1.jpg\" \/>\n<meta name=\"twitter:card\" content=\"summary_large_image\" \/>\n<meta name=\"twitter:label1\" content=\"Est. tempo de leitura\" \/>\n\t<meta name=\"twitter:data1\" content=\"3 minutos\" \/>\n<script type=\"application\/ld+json\" class=\"yoast-schema-graph\">{\"@context\":\"https:\/\/schema.org\",\"@graph\":[{\"@type\":\"WebPage\",\"@id\":\"https:\/\/www.tadano.com\/brazil\/pt-br\/sobre\/\",\"url\":\"https:\/\/www.tadano.com\/brazil\/pt-br\/sobre\/\",\"name\":\"Sobre - Brazil\",\"isPartOf\":{\"@id\":\"https:\/\/www.tadano.com\/brazil\/pt-br\/#website\"},\"primaryImageOfPage\":{\"@id\":\"https:\/\/www.tadano.com\/brazil\/pt-br\/sobre\/#primaryimage\"},\"image\":{\"@id\":\"https:\/\/www.tadano.com\/brazil\/pt-br\/sobre\/#primaryimage\"},\"thumbnailUrl\":\"https:\/\/mediahub.tadano.com\/m\/7ef36e95b449b643\/original\/img_tadano_history_jp-1.jpg\",\"datePublished\":\"2021-03-17T14:17:39+00:00\",\"dateModified\":\"2026-02-24T15:10:15+00:00\",\"inLanguage\":\"pt-BR\",\"potentialAction\":[{\"@type\":\"ReadAction\",\"target\":[\"https:\/\/www.tadano.com\/brazil\/pt-br\/sobre\/\"]}]},{\"@type\":\"ImageObject\",\"inLanguage\":\"pt-BR\",\"@id\":\"https:\/\/www.tadano.com\/brazil\/pt-br\/sobre\/#primaryimage\",\"url\":\"https:\/\/mediahub.tadano.com\/m\/7ef36e95b449b643\/original\/img_tadano_history_jp-1.jpg\",\"contentUrl\":\"https:\/\/mediahub.tadano.com\/m\/7ef36e95b449b643\/original\/img_tadano_history_jp-1.jpg\"},{\"@type\":\"WebSite\",\"@id\":\"https:\/\/www.tadano.com\/brazil\/pt-br\/#website\",\"url\":\"https:\/\/www.tadano.com\/brazil\/pt-br\/\",\"name\":\"Brazil\",\"description\":\"Just another TADANO EUROPE site\",\"potentialAction\":[{\"@type\":\"SearchAction\",\"target\":{\"@type\":\"EntryPoint\",\"urlTemplate\":\"https:\/\/www.tadano.com\/brazil\/pt-br\/?s={search_term_string}\"},\"query-input\":\"required name=search_term_string\"}],\"inLanguage\":\"pt-BR\"}]}<\/script>\n<!-- \/ Yoast SEO plugin. -->","yoast_head_json":{"title":"Sobre - Brazil","robots":{"index":"index","follow":"follow","max-snippet":"max-snippet:-1","max-image-preview":"max-image-preview:large","max-video-preview":"max-video-preview:-1"},"canonical":"https:\/\/www.tadano.com\/brazil\/pt-br\/sobre\/","og_locale":"pt_BR","og_type":"article","og_title":"Sobre - Brazil","og_description":"NOSSA MISS\u00c3O O slogan da Tadano, \u201cReaching new heights\u201d, representa nossa dedica\u00e7\u00e3o em superar as expectativas dos clientes e promover um futuro sustent\u00e1vel. Por meio de equipamentos de eleva\u00e7\u00e3o e acesso l\u00edderes mundiais, oferecemos tecnologia inovadora e seguran\u00e7a, promovendo o progresso e a prosperidade para nossos clientes e para a sociedade. Ao ampliar continuamente os [&hellip;]","og_url":"https:\/\/www.tadano.com\/brazil\/pt-br\/sobre\/","og_site_name":"Brazil","article_modified_time":"2026-02-24T15:10:15+00:00","og_image":[{"url":"https:\/\/mediahub.tadano.com\/m\/7ef36e95b449b643\/original\/img_tadano_history_jp-1.jpg"}],"twitter_card":"summary_large_image","twitter_misc":{"Est. tempo de leitura":"3 minutos"},"schema":{"@context":"https:\/\/schema.org","@graph":[{"@type":"WebPage","@id":"https:\/\/www.tadano.com\/brazil\/pt-br\/sobre\/","url":"https:\/\/www.tadano.com\/brazil\/pt-br\/sobre\/","name":"Sobre - Brazil","isPartOf":{"@id":"https:\/\/www.tadano.com\/brazil\/pt-br\/#website"},"primaryImageOfPage":{"@id":"https:\/\/www.tadano.com\/brazil\/pt-br\/sobre\/#primaryimage"},"image":{"@id":"https:\/\/www.tadano.com\/brazil\/pt-br\/sobre\/#primaryimage"},"thumbnailUrl":"https:\/\/mediahub.tadano.com\/m\/7ef36e95b449b643\/original\/img_tadano_history_jp-1.jpg","datePublished":"2021-03-17T14:17:39+00:00","dateModified":"2026-02-24T15:10:15+00:00","inLanguage":"pt-BR","potentialAction":[{"@type":"ReadAction","target":["https:\/\/www.tadano.com\/brazil\/pt-br\/sobre\/"]}]},{"@type":"ImageObject","inLanguage":"pt-BR","@id":"https:\/\/www.tadano.com\/brazil\/pt-br\/sobre\/#primaryimage","url":"https:\/\/mediahub.tadano.com\/m\/7ef36e95b449b643\/original\/img_tadano_history_jp-1.jpg","contentUrl":"https:\/\/mediahub.tadano.com\/m\/7ef36e95b449b643\/original\/img_tadano_history_jp-1.jpg"},{"@type":"WebSite","@id":"https:\/\/www.tadano.com\/brazil\/pt-br\/#website","url":"https:\/\/www.tadano.com\/brazil\/pt-br\/","name":"Brazil","description":"Just another TADANO EUROPE site","potentialAction":[{"@type":"SearchAction","target":{"@type":"EntryPoint","urlTemplate":"https:\/\/www.tadano.com\/brazil\/pt-br\/?s={search_term_string}"},"query-input":"required name=search_term_string"}],"inLanguage":"pt-BR"}]}},"_links":{"self":[{"href":"https:\/\/www.tadano.com\/brazil\/pt-br\/wp-json\/wp\/v2\/pages\/3366"}],"collection":[{"href":"https:\/\/www.tadano.com\/brazil\/pt-br\/wp-json\/wp\/v2\/pages"}],"about":[{"href":"https:\/\/www.tadano.com\/brazil\/pt-br\/wp-json\/wp\/v2\/types\/page"}],"author":[{"embeddable":true,"href":"https:\/\/www.tadano.com\/brazil\/pt-br\/wp-json\/wp\/v2\/users\/1"}],"replies":[{"embeddable":true,"href":"https:\/\/www.tadano.com\/brazil\/pt-br\/wp-json\/wp\/v2\/comments?post=3366"}],"version-history":[{"count":2,"href":"https:\/\/www.tadano.com\/brazil\/pt-br\/wp-json\/wp\/v2\/pages\/3366\/revisions"}],"predecessor-version":[{"id":4238,"href":"https:\/\/www.tadano.com\/brazil\/pt-br\/wp-json\/wp\/v2\/pages\/3366\/revisions\/4238"}],"wp:attachment":[{"href":"https:\/\/www.tadano.com\/brazil\/pt-br\/wp-json\/wp\/v2\/media?parent=3366"}],"curies":[{"name":"wp","href":"https:\/\/api.w.org\/{rel}","templated":true}]}}