{"id":3375,"date":"2023-09-14T09:24:56","date_gmt":"2023-09-14T09:24:56","guid":{"rendered":"https:\/\/www.tadano.com\/brazil\/?page_id=3375"},"modified":"2023-09-14T12:55:45","modified_gmt":"2023-09-14T12:55:45","slug":"carreiras","status":"publish","type":"page","link":"https:\/\/www.tadano.com\/brazil\/pt-br\/carreiras\/","title":{"rendered":"Carreiras"},"content":{"rendered":"\n\n\n<section class=\"hero-section\">\n\n\t\n\t\n\t\n\t<div class=\"img-holder \">\n\t\t\t\t<div class=\"bg-stretch\" style=\"background-position: 0 100%; \">\n\t\t\t<span data-srcset=\"https:\/\/assets.onetadano.com\/celum_assets\/hero\/Tadano_Lauf_fullres-29.jpg, https:\/\/assets.onetadano.com\/celum_assets\/hero-2x\/Tadano_Lauf_fullres-29.jpg 2x\"><\/span>\n\t\t<\/div>\n\t\t\t\t\t\t<div class=\"logo green-solutions\" style=\"display:none;\">\n\t\t\t<a href=\"#\"><img decoding=\"async\" src=\"https:\/\/www.tadano.com\/brazil\/wp-content\/themes\/tadano\/assets\/dist\/images\/Green-Solutions_Logo_White.svg\"><\/a>\n\t\t<\/div>\n\t<\/div>\n\t<div class=\"container\">\n\t\t<div class=\"text-holder \">\n\t\t\t<div class=\"wrap\">\n\t\t\t\t\n\t\t\t\t<ul class=\"breadcrumbs\"><li><a href=\"https:\/\/www.tadano.com\/brazil\/pt-br\/\">Home<\/a><\/li><\/ul>\n\t\t\t\t\n\n<h1 class=\"wp-block-heading\" id=\"h-entre-para-a-equipe\">Entre para a equipe<\/h1>\n\n\n\n<p>A Tadano America Corporation oferece um pacote de benef\u00edcios competitivos e abrangentes, com respeito ao equil\u00edbrio \u00e0 vida pessoal e o trabalho como principal prioridade. A empresa se esfor\u00e7a para acompanhar as demandas que est\u00e3o em constante mudan\u00e7as de seus ciclos, e para realizar an\u00e1lises anuais a fim de garantir que esteja oferecendo continuamente o melhor poss\u00edvel para a equipe. Se isso combina com sua \u00e9tica de trabalho, envie seu curr\u00edculo para a equipe do RH da TAC!<\/p>\n\n\n\n\t\t\t\t\n\t\t\t<\/div>\n\n\t\t\t\n\t\t\t\n\t\t\t\n\t\t<\/div>\n\t<\/div>\n<\/section>\n\n\n<div class=\"wp-block-group is-style-background-triangle-left is-layout-flow wp-block-group-is-layout-flow\"><div class=\"wp-block-group__inner-container\">\n<h2 class=\"wp-block-heading\" id=\"h-vagas-atuais\">Vagas atuais<\/h2>\n\n\n\n<p>A Tadano procura os melhores, mais brilhantes e mais dedicados candidatos que compartilhem o amor por nosso trabalho para ajudar a &#8220;elevar os sonhos&#8221; dos clientes e de todos que se beneficiam do que nossos guindastes ajudam a construir. Nossas oportunidades diversas incluem vagas peri\u00f3dicas nestes campos:<\/p>\n\n\n\n<div class=\"wp-block-columns is-layout-flex wp-container-core-columns-layout-1 wp-block-columns-is-layout-flex\">\n<div class=\"wp-block-column is-layout-flow wp-block-column-is-layout-flow\">\n<ul><li>Vendas de m\u00e1quinas<\/li><li>T\u00e9cnico e campo<\/li><li> Suporte t\u00e9cnico na central de atendimento <\/li><li>Administrativo <\/li><li>Contabilidade <\/li><li>Gerenciamento<\/li><\/ul>\n<\/div>\n\n\n\n<div class=\"wp-block-column is-layout-flow wp-block-column-is-layout-flow\">\n<ul><li>Almoxarifado <\/li><li>Oficina <\/li><li>Loja de m\u00e1quinas <\/li><li>Treinamento <\/li><li>Engenharia <\/li><li>Opera\u00e7\u00e3o de guindastes<\/li><\/ul>\n<\/div>\n<\/div>\n\n\n<div class=\"links-block-wrapper\">\n  <div class=\"container\">\n    <section class=\"links-block\">\n              <div class=\"links-block\">\n                                  <div class=\"link-single  \">\n                              <a href=\"https:\/\/www.tadano.com\/brazil\/pt-br\/vagas-de-trabalho\/\">\n                               \n                                  <strong class='title'> Veja as vagas atuais (listadas ou vinculadas aqui)<\/strong>\n                                              <\/a>\n            <\/div>\n                  <\/div>\n                    \n    <\/section>\n  <\/div>\n<\/div><\/div><\/div>\n\n\n\n<div class=\"wp-block-group alignwide is-style-background-white is-layout-flow wp-block-group-is-layout-flow\"><div class=\"wp-block-group__inner-container\">\n<div class=\"wp-block-columns is-layout-flex wp-container-core-columns-layout-2 wp-block-columns-is-layout-flex\">\n<div class=\"wp-block-column is-layout-flow wp-block-column-is-layout-flow\">\n<p class=\"has-black-color has-text-color\">Localizada em Houston, Texas, a Tadano America Corporation oferece oportunidades desafiadoras e orientadas ao crescimento no setor com perspectiva vision\u00e1ria e acelerada dos guindastes m\u00f3veis. Nossa filosofia de Gerenciamento Total da Qualidade significa esfor\u00e7ar-se pela excel\u00eancia em tudo o que fazemos.<\/p>\n<\/div>\n\n\n\n<div class=\"wp-block-column is-layout-flow wp-block-column-is-layout-flow\">\n<p class=\"has-black-color has-text-color\">Nossos valores principais de Seguran\u00e7a, Qualidade, Efici\u00eancia e Conformidade s\u00e3o representados n\u00e3o somente nos produtos, mas tamb\u00e9m no foco e aten\u00e7\u00e3o que oferecemos a nosso ativo mais importante: nosso capital humano<\/p>\n<\/div>\n<\/div>\n\n\n\n<p><\/p>\n<\/div><\/div>\n\n\n\n<div class=\"wp-block-group is-style-background-cyan has-light-blue-background-color has-background is-layout-flow wp-block-group-is-layout-flow\"><div class=\"wp-block-group__inner-container\">\n<div class=\"wp-block-columns is-layout-flex wp-container-core-columns-layout-3 wp-block-columns-is-layout-flex\">\n<div class=\"wp-block-column is-vertically-aligned-center is-layout-flow wp-block-column-is-layout-flow\" style=\"flex-basis:33.33%\">\n<h2 class=\"wp-block-heading\" id=\"h-llocaliza-es\">LLocaliza\u00e7\u00f5es<\/h2>\n\n\n\n<p>A sede da Tadano America fica em Houston, Texas. Entre a Tadano America e a Tadano Mantis, h\u00e1 escrit\u00f3rios outros na Virg\u00ednia, Tennessee e Alberta, no Canad\u00e1.<\/p>\n<\/div>\n\n\n\n<div class=\"wp-block-column is-layout-flow wp-block-column-is-layout-flow\" style=\"flex-basis:66.66%\"><section class=\"overflow-hidden\">\n    <div class=\"container\">\n      <ul class=\"legal-accordion style-default\">\n          <li>\n            <a href=\"#\" class=\"opener\"><span>Tadano America Corporation &#8211; Sede<\/span><\/a>\n            <div class=\"slide\">\n              <div class=\"slide-wrap\">\n                \n\n<p class=\"has-white-color has-text-color\">4242 W. Greens Rd.<br>Houston, TX 77066<\/p>\n\n\n\n<p>(281) 869-0030<\/p>\n\n\n              <\/div>\n            <\/div>\n          <\/li>\n      <\/ul>\n  <\/div>\n<\/section>\n\n<section class=\"overflow-hidden\">\n    <div class=\"container\">\n      <ul class=\"legal-accordion style-default\">\n          <li>\n            <a href=\"#\" class=\"opener\"><span>Tadano America Corporation Escrit\u00f3rio &#8211; filial canadense<\/span><\/a>\n            <div class=\"slide\">\n              <div class=\"slide-wrap\">\n                \n\n<p>3603 Allard Ave., Bay 101 <br>Leduc, AB T9E 0R8 CANADA<\/p>\n\n\n\n<p>(780) 986-2079<\/p>\n\n\n              <\/div>\n            <\/div>\n          <\/li>\n      <\/ul>\n  <\/div>\n<\/section>\n\n<section class=\"overflow-hidden\">\n    <div class=\"container\">\n      <ul class=\"legal-accordion style-default\">\n          <li>\n            <a href=\"#\" class=\"opener\"><span>Tadano Mantis Corporation &#8211; filial da Virg\u00ednia<\/span><\/a>\n            <div class=\"slide\">\n              <div class=\"slide-wrap\">\n                \n\n<p>1705 Columbia Ave., Suite 200 <br>Franklin, TN 37064<\/p>\n\n\n\n<p>(615) 794-4556<\/p>\n\n\n              <\/div>\n            <\/div>\n          <\/li>\n      <\/ul>\n  <\/div>\n<\/section>\n\n<section class=\"overflow-hidden\">\n    <div class=\"container\">\n      <ul class=\"legal-accordion style-default\">\n          <li>\n            <a href=\"#\" class=\"opener\"><span>Sede da Tadano Mantis Corporation<\/span><\/a>\n            <div class=\"slide\">\n              <div class=\"slide-wrap\">\n                \n\n<p>2680 S. Front St. <br>Richlands, VA 24641<\/p>\n\n\n\n<p>(276) 964-4999<\/p>\n\n\n              <\/div>\n            <\/div>\n          <\/li>\n      <\/ul>\n  <\/div>\n<\/section><\/div>\n<\/div>\n<\/div><\/div>\n\n\n\n<p><\/p>\n","protected":false},"excerpt":{"rendered":"<p>Vagas atuais A Tadano procura os melhores, mais brilhantes e mais dedicados candidatos que compartilhem o amor por nosso trabalho para ajudar a &#8220;elevar os sonhos&#8221; dos clientes e de todos que se beneficiam do que nossos guindastes ajudam a construir. Nossas oportunidades diversas incluem vagas peri\u00f3dicas nestes campos: Vendas de m\u00e1quinas T\u00e9cnico e campo [&hellip;]<\/p>\n","protected":false},"author":3,"featured_media":0,"parent":0,"menu_order":0,"comment_status":"closed","ping_status":"closed","template":"","meta":{"_acf_changed":false,"footnotes":""},"acf":[],"yoast_head":"<!-- This site is optimized with the Yoast SEO plugin v22.3 - https:\/\/yoast.com\/wordpress\/plugins\/seo\/ -->\n<title>Carreiras - Brazil<\/title>\n<meta name=\"robots\" content=\"index, follow, max-snippet:-1, max-image-preview:large, max-video-preview:-1\" \/>\n<link rel=\"canonical\" href=\"https:\/\/www.tadano.com\/brazil\/pt-br\/carreiras\/\" \/>\n<meta property=\"og:locale\" content=\"pt_BR\" \/>\n<meta property=\"og:type\" content=\"article\" \/>\n<meta property=\"og:title\" content=\"Carreiras - Brazil\" \/>\n<meta property=\"og:description\" content=\"Vagas atuais A Tadano procura os melhores, mais brilhantes e mais dedicados candidatos que compartilhem o amor por nosso trabalho para ajudar a &#8220;elevar os sonhos&#8221; dos clientes e de todos que se beneficiam do que nossos guindastes ajudam a construir. Nossas oportunidades diversas incluem vagas peri\u00f3dicas nestes campos: Vendas de m\u00e1quinas T\u00e9cnico e campo [&hellip;]\" \/>\n<meta property=\"og:url\" content=\"https:\/\/www.tadano.com\/brazil\/pt-br\/carreiras\/\" \/>\n<meta property=\"og:site_name\" content=\"Brazil\" \/>\n<meta property=\"article:modified_time\" content=\"2023-09-14T12:55:45+00:00\" \/>\n<meta name=\"twitter:card\" content=\"summary_large_image\" \/>\n<meta name=\"twitter:label1\" content=\"Est. tempo de leitura\" \/>\n\t<meta name=\"twitter:data1\" content=\"2 minutos\" \/>\n<script type=\"application\/ld+json\" class=\"yoast-schema-graph\">{\"@context\":\"https:\/\/schema.org\",\"@graph\":[{\"@type\":\"WebPage\",\"@id\":\"https:\/\/www.tadano.com\/brazil\/pt-br\/carreiras\/\",\"url\":\"https:\/\/www.tadano.com\/brazil\/pt-br\/carreiras\/\",\"name\":\"Carreiras - Brazil\",\"isPartOf\":{\"@id\":\"https:\/\/www.tadano.com\/brazil\/pt-br\/#website\"},\"datePublished\":\"2023-09-14T09:24:56+00:00\",\"dateModified\":\"2023-09-14T12:55:45+00:00\",\"inLanguage\":\"pt-BR\",\"potentialAction\":[{\"@type\":\"ReadAction\",\"target\":[\"https:\/\/www.tadano.com\/brazil\/pt-br\/carreiras\/\"]}]},{\"@type\":\"WebSite\",\"@id\":\"https:\/\/www.tadano.com\/brazil\/pt-br\/#website\",\"url\":\"https:\/\/www.tadano.com\/brazil\/pt-br\/\",\"name\":\"Brazil\",\"description\":\"Just another TADANO EUROPE site\",\"potentialAction\":[{\"@type\":\"SearchAction\",\"target\":{\"@type\":\"EntryPoint\",\"urlTemplate\":\"https:\/\/www.tadano.com\/brazil\/pt-br\/?s={search_term_string}\"},\"query-input\":\"required name=search_term_string\"}],\"inLanguage\":\"pt-BR\"}]}<\/script>\n<!-- \/ Yoast SEO plugin. -->","yoast_head_json":{"title":"Carreiras - Brazil","robots":{"index":"index","follow":"follow","max-snippet":"max-snippet:-1","max-image-preview":"max-image-preview:large","max-video-preview":"max-video-preview:-1"},"canonical":"https:\/\/www.tadano.com\/brazil\/pt-br\/carreiras\/","og_locale":"pt_BR","og_type":"article","og_title":"Carreiras - Brazil","og_description":"Vagas atuais A Tadano procura os melhores, mais brilhantes e mais dedicados candidatos que compartilhem o amor por nosso trabalho para ajudar a &#8220;elevar os sonhos&#8221; dos clientes e de todos que se beneficiam do que nossos guindastes ajudam a construir. Nossas oportunidades diversas incluem vagas peri\u00f3dicas nestes campos: Vendas de m\u00e1quinas T\u00e9cnico e campo [&hellip;]","og_url":"https:\/\/www.tadano.com\/brazil\/pt-br\/carreiras\/","og_site_name":"Brazil","article_modified_time":"2023-09-14T12:55:45+00:00","twitter_card":"summary_large_image","twitter_misc":{"Est. tempo de leitura":"2 minutos"},"schema":{"@context":"https:\/\/schema.org","@graph":[{"@type":"WebPage","@id":"https:\/\/www.tadano.com\/brazil\/pt-br\/carreiras\/","url":"https:\/\/www.tadano.com\/brazil\/pt-br\/carreiras\/","name":"Carreiras - Brazil","isPartOf":{"@id":"https:\/\/www.tadano.com\/brazil\/pt-br\/#website"},"datePublished":"2023-09-14T09:24:56+00:00","dateModified":"2023-09-14T12:55:45+00:00","inLanguage":"pt-BR","potentialAction":[{"@type":"ReadAction","target":["https:\/\/www.tadano.com\/brazil\/pt-br\/carreiras\/"]}]},{"@type":"WebSite","@id":"https:\/\/www.tadano.com\/brazil\/pt-br\/#website","url":"https:\/\/www.tadano.com\/brazil\/pt-br\/","name":"Brazil","description":"Just another TADANO EUROPE site","potentialAction":[{"@type":"SearchAction","target":{"@type":"EntryPoint","urlTemplate":"https:\/\/www.tadano.com\/brazil\/pt-br\/?s={search_term_string}"},"query-input":"required name=search_term_string"}],"inLanguage":"pt-BR"}]}},"_links":{"self":[{"href":"https:\/\/www.tadano.com\/brazil\/pt-br\/wp-json\/wp\/v2\/pages\/3375"}],"collection":[{"href":"https:\/\/www.tadano.com\/brazil\/pt-br\/wp-json\/wp\/v2\/pages"}],"about":[{"href":"https:\/\/www.tadano.com\/brazil\/pt-br\/wp-json\/wp\/v2\/types\/page"}],"author":[{"embeddable":true,"href":"https:\/\/www.tadano.com\/brazil\/pt-br\/wp-json\/wp\/v2\/users\/3"}],"replies":[{"embeddable":true,"href":"https:\/\/www.tadano.com\/brazil\/pt-br\/wp-json\/wp\/v2\/comments?post=3375"}],"version-history":[{"count":2,"href":"https:\/\/www.tadano.com\/brazil\/pt-br\/wp-json\/wp\/v2\/pages\/3375\/revisions"}],"predecessor-version":[{"id":3377,"href":"https:\/\/www.tadano.com\/brazil\/pt-br\/wp-json\/wp\/v2\/pages\/3375\/revisions\/3377"}],"wp:attachment":[{"href":"https:\/\/www.tadano.com\/brazil\/pt-br\/wp-json\/wp\/v2\/media?parent=3375"}],"curies":[{"name":"wp","href":"https:\/\/api.w.org\/{rel}","templated":true}]}}