{"id":3381,"date":"2023-09-14T09:37:13","date_gmt":"2023-09-14T09:37:13","guid":{"rendered":"https:\/\/www.tadano.com\/brazil\/?page_id=3381"},"modified":"2023-09-14T13:00:42","modified_gmt":"2023-09-14T13:00:42","slug":"segmentos","status":"publish","type":"page","link":"https:\/\/www.tadano.com\/brazil\/pt-br\/segmentos\/","title":{"rendered":"Segmentos"},"content":{"rendered":"\n\n\n<section class=\"hero-section\">\n\n\t\n\t\t\t<style type=\"text\/css\">\n\t\t\t.hero-section .img-holder:before {\n\t\t\t\tdisplay: none;\n\t\t\t}\n\t\t<\/style>\n\t\n\t\n\t<div class=\"img-holder \">\n\t\t\t\t<div class=\"bg-stretch\" style=\"background-position: 50% 50%; \">\n\t\t\t<span data-srcset=\"https:\/\/assets.onetadano.com\/celum_assets\/hero\/AdobeStock_298573359.jpg, https:\/\/assets.onetadano.com\/celum_assets\/hero-2x\/AdobeStock_298573359.jpg 2x\"><\/span>\n\t\t<\/div>\n\t\t\t\t\t\t<div class=\"logo green-solutions\" style=\"display:none;\">\n\t\t\t<a href=\"#\"><img decoding=\"async\" src=\"https:\/\/www.tadano.com\/brazil\/wp-content\/themes\/tadano\/assets\/dist\/images\/Green-Solutions_Logo_White.svg\"><\/a>\n\t\t<\/div>\n\t<\/div>\n\t<div class=\"container\">\n\t\t<div class=\"text-holder \">\n\t\t\t<div class=\"wrap\">\n\t\t\t\t\n\t\t\t\t<ul class=\"breadcrumbs\"><li><a href=\"https:\/\/www.tadano.com\/brazil\/pt-br\/\">Home<\/a><\/li><\/ul>\n\t\t\t\t\n\n<h1 class=\"wp-block-heading\" id=\"h-segmentos\">Segmentos<\/h1>\n\n\n\n<p>A qualquer momento, os guindastes da Tadano ao redor do mundo est\u00e3o trabalhando, realizando v\u00e1rias eleva\u00e7\u00f5es em uma ampla variedade de aplica\u00e7\u00f5es. Desde o setor de minera\u00e7\u00e3o e servi\u00e7os p\u00fablicos, seja para a infraestrutura e energia, a Tadano oferece os produtos, e o suporte confi\u00e1vel que voc\u00ea precisa para realizar suas eleva\u00e7\u00f5es com seguran\u00e7a, efici\u00eancia e efic\u00e1cia.<\/p>\n\n\n\n\t\t\t\t\n\t\t\t<\/div>\n\n\t\t\t\n\t\t\t\n\t\t\t\n\t\t<\/div>\n\t<\/div>\n<\/section>\n\n\n<section class=\"equipments-block background-blue\">\n    <div class=\"equipment-explore\">\n    <div class=\"container\">\n      <div class=\"text-block\">\n        \n\n<h2 class=\"wp-block-heading\" id=\"h-segmentos-1\">SEGMENTOS<\/h2>\n\n\n\n<p>Os equipamentos da marca Tadano atendem aos clientes em muitas aplica\u00e7\u00f5es e segmentos. Descubra mais sobre os produtos da marca Tadano, junto com alguns dos principais segmentos que eles atendem, em nossa se\u00e7\u00e3o Segmentos.<\/p>\n\n\n        \n                <div class=\"controls\">\n  \t\t\t  <svg width=\"14\" height=\"31\" viewBox=\"0 0 14 31\" fill=\"none\" xmlns=\"http:\/\/www.w3.org\/2000\/svg\">\n        \t <path d=\"M13 1L1 15.5L13 30\" stroke=\"#00AAE8\"\/>\n          <\/svg>\n        \t<svg width=\"15\" height=\"31\" viewBox=\"0 0 15 31\" fill=\"none\" xmlns=\"http:\/\/www.w3.org\/2000\/svg\">\n        \t <path d=\"M1 1L14 15.5L1 30\" stroke=\"#00AAE8\"\/>\n        \t<\/svg>\n        <\/div>\n                \n      <\/div>\n\n      <div class=\"slick-slider equipment-slider\">\n                                                          <div>\n                <div class=\"equipment-single\">\n                  <a href=\"https:\/\/www.tadano.com\/brazil\/pt-br\/construcao\/\">\n                    <div class=\"img-holder\">\n                                            <div class=\"bg-stretch\" style=\"background-image: url(https:\/\/assets.onetadano.com\/celum_assets\/employee-2x\/AdobeStock_275027048.jpg);\">\n                      <\/div>\n                                          <\/div>\n                    <div class=\"text-holder\">\n                      <strong class='title'>Constru\u00e7\u00e3o<\/strong>                      <p><p>O impressionante cat\u00e1logo de guindastes da Tadano e sua qualidade, pode ser consultado habilmente, em todas as suas necessidades de constru\u00e7\u00e3o, incluindo trabalho de eleva\u00e7\u00e3o, fora do n\u00edvel, de coleta e carregamento e de funda\u00e7\u00e3o.<\/p>\n<\/p>                    <\/div>\n                  <\/a>\n                <\/div>\n              <\/div>\n                                        <div>\n                <div class=\"equipment-single\">\n                  <a href=\"https:\/\/www.tadano.com\/brazil\/pt-br\/energia-renovavel\/\">\n                    <div class=\"img-holder\">\n                                            <div class=\"bg-stretch\" style=\"background-image: url(https:\/\/assets.onetadano.com\/celum_assets\/employee-2x\/AdobeStock_38375579.jpg);\">\n                      <\/div>\n                                          <\/div>\n                    <div class=\"text-holder\">\n                      <strong class='title'>Energia renov\u00e1vel<\/strong>                      <p><p>A pot\u00eancia e a confiabilidade dos guindastes Tadano lidam com as necessidades, est\u00e3o em constante evolu\u00e7\u00e3o para atender os setores de energia solar, geot\u00e9rmica, e\u00f3lica, de biomassa e hidrel\u00e9trica.<\/p>\n<\/p>                    <\/div>\n                  <\/a>\n                <\/div>\n              <\/div>\n                                        <div>\n                <div class=\"equipment-single\">\n                  <a href=\"https:\/\/www.tadano.com\/brazil\/pt-br\/recursos-naturais\/\">\n                    <div class=\"img-holder\">\n                                            <div class=\"bg-stretch\" style=\"background-image: url(https:\/\/assets.onetadano.com\/celum_assets\/employee-2x\/AdobeStock_96206141.jpg);\">\n                      <\/div>\n                                          <\/div>\n                    <div class=\"text-holder\">\n                      <strong class='title'>Recursos naturais<\/strong>                      <p><p>Os guindastes da Tadano s\u00e3o criados para suportar ambientes dif\u00edceis e s\u00e3o amplamente aclamados pela qualidade, confiabilidade e servi\u00e7o p\u00f3s-venda<\/p>\n<\/p>                    <\/div>\n                  <\/a>\n                <\/div>\n              <\/div>\n                                        <div>\n                <div class=\"equipment-single\">\n                  <a href=\"https:\/\/www.tadano.com\/brazil\/pt-br\/8113-2\/\">\n                    <div class=\"img-holder\">\n                                            <div class=\"bg-stretch\" style=\"background-image: url(https:\/\/assets.onetadano.com\/celum_assets\/employee-2x\/AdobeStock_90600427.jpg);\">\n                      <\/div>\n                                          <\/div>\n                    <div class=\"text-holder\">\n                      <strong class='title'>Servi\u00e7os p\u00fablicos e infraestrutura<\/strong>                      <p><p>A Tadano oferece guindastes confi\u00e1veis e manobras com versatilidade, que atendam projetos de servi\u00e7o p\u00fablico e infraestrutura, em uma ampla variedade de trabalhos e localiza\u00e7\u00f5es.<\/p>\n<\/p>                    <\/div>\n                  <\/a>\n                <\/div>\n              <\/div>\n                                    <\/div>\n    <div>\n  <\/div>\n<\/section>\n\n<section class=\"hero-section-alt\">\n  <div class=\"img-holder\">\n        <div class=\"bg-stretch\" style=\"background-position: 50% 50%; \">\n      <span data-srcset=\"https:\/\/assets.onetadano.com\/celum_assets\/hero\/Demag+IC-1+Remote+%281%29.jpg, https:\/\/assets.onetadano.com\/celum_assets\/hero-2x\/Demag+IC-1+Remote+%281%29.jpg 2x\"><\/span>\n    <\/div>\n      <\/div>\n  <div class=\"container\">\n    <div class=\"text-holder\">\n      \n\n<h2 class=\"wp-block-heading\" id=\"h-tecnologias\">Tecnologias<\/h2>\n\n\n\n<p>Criados sobre a inova\u00e7\u00e3o, os produtos Tadano, desde tecnologias de eleva\u00e7\u00e3o a servi\u00e7o e suporte inteligentes, se esfor\u00e7am para melhorar sua experi\u00eancia e efici\u00eancia na eleva\u00e7\u00e3o.<\/p>\n\n\n\n<div class=\"wp-block-buttons is-layout-flex wp-block-buttons-is-layout-flex\">\n<div class=\"wp-block-button\"><a class=\"wp-block-button__link\" href=\"https:\/\/tadanoamericas.com\/en\/technologies\/\">Saiba mais<\/a><\/div>\n<\/div>\n\n\n    <\/div>\n  <\/div>\n<\/section>\n\n\n<div class=\"wp-block-columns is-layout-flex wp-container-core-columns-layout-1 wp-block-columns-is-layout-flex\">\n<div class=\"wp-block-column is-layout-flow wp-block-column-is-layout-flow\" style=\"flex-basis:33.33%\"><\/div>\n\n\n\n<div class=\"wp-block-column is-layout-flow wp-block-column-is-layout-flow\" style=\"flex-basis:66.66%\"><\/div>\n<\/div>\n","protected":false},"excerpt":{"rendered":"","protected":false},"author":3,"featured_media":0,"parent":0,"menu_order":0,"comment_status":"closed","ping_status":"closed","template":"","meta":{"_acf_changed":false,"footnotes":""},"acf":[],"yoast_head":"<!-- This site is optimized with the Yoast SEO plugin v22.3 - https:\/\/yoast.com\/wordpress\/plugins\/seo\/ -->\n<title>Segmentos - Brazil<\/title>\n<meta name=\"robots\" content=\"index, follow, max-snippet:-1, max-image-preview:large, max-video-preview:-1\" \/>\n<link rel=\"canonical\" href=\"https:\/\/www.tadano.com\/brazil\/pt-br\/segmentos\/\" \/>\n<meta property=\"og:locale\" content=\"pt_BR\" \/>\n<meta property=\"og:type\" content=\"article\" \/>\n<meta property=\"og:title\" content=\"Segmentos - Brazil\" \/>\n<meta property=\"og:url\" content=\"https:\/\/www.tadano.com\/brazil\/pt-br\/segmentos\/\" \/>\n<meta property=\"og:site_name\" content=\"Brazil\" \/>\n<meta property=\"article:modified_time\" content=\"2023-09-14T13:00:42+00:00\" \/>\n<meta name=\"twitter:card\" content=\"summary_large_image\" \/>\n<meta name=\"twitter:label1\" content=\"Est. tempo de leitura\" \/>\n\t<meta name=\"twitter:data1\" content=\"1 minuto\" \/>\n<script type=\"application\/ld+json\" class=\"yoast-schema-graph\">{\"@context\":\"https:\/\/schema.org\",\"@graph\":[{\"@type\":\"WebPage\",\"@id\":\"https:\/\/www.tadano.com\/brazil\/pt-br\/segmentos\/\",\"url\":\"https:\/\/www.tadano.com\/brazil\/pt-br\/segmentos\/\",\"name\":\"Segmentos - Brazil\",\"isPartOf\":{\"@id\":\"https:\/\/www.tadano.com\/brazil\/pt-br\/#website\"},\"datePublished\":\"2023-09-14T09:37:13+00:00\",\"dateModified\":\"2023-09-14T13:00:42+00:00\",\"inLanguage\":\"pt-BR\",\"potentialAction\":[{\"@type\":\"ReadAction\",\"target\":[\"https:\/\/www.tadano.com\/brazil\/pt-br\/segmentos\/\"]}]},{\"@type\":\"WebSite\",\"@id\":\"https:\/\/www.tadano.com\/brazil\/pt-br\/#website\",\"url\":\"https:\/\/www.tadano.com\/brazil\/pt-br\/\",\"name\":\"Brazil\",\"description\":\"Just another TADANO EUROPE site\",\"potentialAction\":[{\"@type\":\"SearchAction\",\"target\":{\"@type\":\"EntryPoint\",\"urlTemplate\":\"https:\/\/www.tadano.com\/brazil\/pt-br\/?s={search_term_string}\"},\"query-input\":\"required name=search_term_string\"}],\"inLanguage\":\"pt-BR\"}]}<\/script>\n<!-- \/ Yoast SEO plugin. -->","yoast_head_json":{"title":"Segmentos - Brazil","robots":{"index":"index","follow":"follow","max-snippet":"max-snippet:-1","max-image-preview":"max-image-preview:large","max-video-preview":"max-video-preview:-1"},"canonical":"https:\/\/www.tadano.com\/brazil\/pt-br\/segmentos\/","og_locale":"pt_BR","og_type":"article","og_title":"Segmentos - Brazil","og_url":"https:\/\/www.tadano.com\/brazil\/pt-br\/segmentos\/","og_site_name":"Brazil","article_modified_time":"2023-09-14T13:00:42+00:00","twitter_card":"summary_large_image","twitter_misc":{"Est. tempo de leitura":"1 minuto"},"schema":{"@context":"https:\/\/schema.org","@graph":[{"@type":"WebPage","@id":"https:\/\/www.tadano.com\/brazil\/pt-br\/segmentos\/","url":"https:\/\/www.tadano.com\/brazil\/pt-br\/segmentos\/","name":"Segmentos - Brazil","isPartOf":{"@id":"https:\/\/www.tadano.com\/brazil\/pt-br\/#website"},"datePublished":"2023-09-14T09:37:13+00:00","dateModified":"2023-09-14T13:00:42+00:00","inLanguage":"pt-BR","potentialAction":[{"@type":"ReadAction","target":["https:\/\/www.tadano.com\/brazil\/pt-br\/segmentos\/"]}]},{"@type":"WebSite","@id":"https:\/\/www.tadano.com\/brazil\/pt-br\/#website","url":"https:\/\/www.tadano.com\/brazil\/pt-br\/","name":"Brazil","description":"Just another TADANO EUROPE site","potentialAction":[{"@type":"SearchAction","target":{"@type":"EntryPoint","urlTemplate":"https:\/\/www.tadano.com\/brazil\/pt-br\/?s={search_term_string}"},"query-input":"required name=search_term_string"}],"inLanguage":"pt-BR"}]}},"_links":{"self":[{"href":"https:\/\/www.tadano.com\/brazil\/pt-br\/wp-json\/wp\/v2\/pages\/3381"}],"collection":[{"href":"https:\/\/www.tadano.com\/brazil\/pt-br\/wp-json\/wp\/v2\/pages"}],"about":[{"href":"https:\/\/www.tadano.com\/brazil\/pt-br\/wp-json\/wp\/v2\/types\/page"}],"author":[{"embeddable":true,"href":"https:\/\/www.tadano.com\/brazil\/pt-br\/wp-json\/wp\/v2\/users\/3"}],"replies":[{"embeddable":true,"href":"https:\/\/www.tadano.com\/brazil\/pt-br\/wp-json\/wp\/v2\/comments?post=3381"}],"version-history":[{"count":1,"href":"https:\/\/www.tadano.com\/brazil\/pt-br\/wp-json\/wp\/v2\/pages\/3381\/revisions"}],"predecessor-version":[{"id":3382,"href":"https:\/\/www.tadano.com\/brazil\/pt-br\/wp-json\/wp\/v2\/pages\/3381\/revisions\/3382"}],"wp:attachment":[{"href":"https:\/\/www.tadano.com\/brazil\/pt-br\/wp-json\/wp\/v2\/media?parent=3381"}],"curies":[{"name":"wp","href":"https:\/\/api.w.org\/{rel}","templated":true}]}}