{"id":3385,"date":"2023-09-14T09:41:09","date_gmt":"2023-09-14T09:41:09","guid":{"rendered":"https:\/\/www.tadano.com\/brazil\/?page_id=3385"},"modified":"2023-09-14T13:03:18","modified_gmt":"2023-09-14T13:03:18","slug":"recursos-naturais","status":"publish","type":"page","link":"https:\/\/www.tadano.com\/brazil\/pt-br\/segmentos\/recursos-naturais\/","title":{"rendered":"Recursos naturais"},"content":{"rendered":"\n\n\n<section class=\"hero-section\">\n\n\t\n\t\n\t\n\t<div class=\"img-holder \">\n\t\t\t\t<div class=\"bg-stretch\" style=\"background-position: 50% 50%; \">\n\t\t\t<span data-srcset=\"https:\/\/assets.onetadano.com\/celum_assets\/hero\/AdobeStock_96206141.jpg, https:\/\/assets.onetadano.com\/celum_assets\/hero-2x\/AdobeStock_96206141.jpg 2x\"><\/span>\n\t\t<\/div>\n\t\t\t\t\t\t<div class=\"logo green-solutions\" style=\"display:none;\">\n\t\t\t<a href=\"#\"><img decoding=\"async\" src=\"https:\/\/www.tadano.com\/brazil\/wp-content\/themes\/tadano\/assets\/dist\/images\/Green-Solutions_Logo_White.svg\"><\/a>\n\t\t<\/div>\n\t<\/div>\n\t<div class=\"container\">\n\t\t<div class=\"text-holder \">\n\t\t\t<div class=\"wrap\">\n\t\t\t\t\n\t\t\t\t<ul class=\"breadcrumbs\"><li><a href=\"https:\/\/www.tadano.com\/brazil\/pt-br\/\">Home<\/a><\/li><\/ul>\n\t\t\t\t\n\n<h1 class=\"wp-block-heading\" id=\"h-recursos-naturais\">Recursos naturais<\/h1>\n\n\n\n<p>Os guindastes da Tadano s\u00e3o criados para suportar ambientes dif\u00edceis e s\u00e3o amplamente aclamados pela qualidade, confiabilidade e servi\u00e7o p\u00f3s-venda.<\/p>\n\n\n\n\t\t\t\t\n\t\t\t<\/div>\n\n\t\t\t\n\t\t\t\n\t\t\t\n\t\t<\/div>\n\t<\/div>\n<\/section>\n\n\n<div class=\"wp-block-group alignwide tadano-two-columns-pattern is-style-background-triangle-left has-white-color has-dark-blue-background-color has-text-color has-background is-layout-flow wp-block-group-is-layout-flow\"><div class=\"wp-block-group__inner-container\">\n<div class=\"wp-block-columns is-layout-flex wp-container-core-columns-layout-1 wp-block-columns-is-layout-flex\">\n<div class=\"wp-block-column is-layout-flow wp-block-column-is-layout-flow\">\n<h2 class=\"wp-block-heading has-white-color has-text-color\" id=\"h-vis-o-geral\">VIS\u00c3O GERAL<\/h2>\n\n\n\n<p>A produ\u00e7\u00e3o e transporte respons\u00e1veis da mat\u00e9ria-prima com frequ\u00eancia exigem navegar por terreno e condi\u00e7\u00f5es cada vez mais desafiadores para construir e manter a infraestrutura \u2013 tudo enquanto minimiza o impacto ambiental. A linha robusta de guindastes terreno acidentado, todo terreno e as op\u00e7\u00f5es de guindaste sobre esteira da Tadano oferecem capacidades de eleva\u00e7\u00e3o mais altas e comprimentos maiores da lan\u00e7a, combinado com a mobilidade, manobrabilidade, transportabilidade e a qualidade e suporte pelos quais a Tadano \u00e9 conhecida. V\u00e1rios modelos de guindaste s\u00e3o projetados para complementarem uns aos outros, garantindo que voc\u00ea possa navegar com efici\u00eancia at\u00e9 mesmo nos projetos mais complexos. Seja para instala\u00e7\u00e3o, manuten\u00e7\u00e3o ou reparo de produto de energia ou instala\u00e7\u00f5es de transporte, a Tadano oferece uma solu\u00e7\u00e3o de guindaste para quase todas as necessidades do projeto enquanto ajuda suas equipes a realizarem seus trabalhos com seguran\u00e7a e efici\u00eancia.<\/p>\n<\/div>\n<\/div>\n\n\n\n<div class=\"wp-block-columns is-layout-flex wp-container-core-columns-layout-2 wp-block-columns-is-layout-flex\">\n<div class=\"wp-block-column is-layout-flow wp-block-column-is-layout-flow\">\n<h3 class=\"wp-block-heading\" id=\"h-confiabilidade\"><strong>CONFIABILIDADE<\/strong><\/h3>\n\n\n\n<p>A lend\u00e1ria qualidade da Tadano significa que os seus guindastes ajudam voc\u00ea a realizar o trabalho com efici\u00eancia, e pouco tempo de inatividade; al\u00e9m disso, o servi\u00e7o de primeira estar\u00e1 sempre dispon\u00edvel.<\/p>\n<\/div>\n\n\n\n<div class=\"wp-block-column is-layout-flow wp-block-column-is-layout-flow\">\n<h3 class=\"wp-block-heading\" id=\"h-seguran-a\"><strong>SEGURAN\u00c7A<\/strong><\/h3>\n\n\n\n<p>A Tadano est\u00e1 comprometida em A Tadano est\u00e1 comprometida em prover guindaste livres de defeitos, defici\u00eancias e varia\u00e7\u00f5es sens\u00edveis, atrav\u00e9s de conceitos s\u00f3lidos, processos, distribuidores, design, testes e atendimento ao cliente.<\/p>\n<\/div>\n\n\n\n<div class=\"wp-block-column is-layout-flow wp-block-column-is-layout-flow\">\n<h3 class=\"wp-block-heading\" id=\"h-durabilidade\"><strong>DURABILIDADE<\/strong><\/h3>\n\n\n\n<p>A engenharia de n\u00edvel superior e o design acoplado com processos de fabrica\u00e7\u00e3o de qualidade e componentes, significa que voc\u00ea pode permanecer em constante produtividade, enquanto intercala os trabalhos.<\/p>\n<\/div>\n<\/div>\n<\/div><\/div>\n\n\n\n\n\n\n\n\n\n\n\n  <section class=\"related-products\">\n    <div class=\"container\">\n              <div class=\"heading\">\n          <h2>Produtos relacionados<\/h2>\n                  <\/div>\n      \n\n              <div class='r-products'>\n                      \n                          <div class='r-product-single'>\n                <a href='https:\/\/www.tadano.com\/brazil\/pt-br\/ac4110-1_datasheet_062021-pdf-2\/'>\n                  <div class=\"img-holder\">\n                                      <\/div>\n                  <div class=\"text-block\">\n                    <strong class=\"title\">AC4110-1_datasheet_062021.pdf<\/strong>\n                                      <\/div>\n                <\/a>\n              <\/div>\n                                  \n                          <div class='r-product-single'>\n                <a href='https:\/\/www.tadano.com\/brazil\/pt-br\/2026\/02\/03\/technical-services\/'>\n                  <div class=\"img-holder\">\n                                      <\/div>\n                  <div class=\"text-block\">\n                    <strong class=\"title\">Technical Services<\/strong>\n                                      <\/div>\n                <\/a>\n              <\/div>\n                                  \n                          <div class='r-product-single'>\n                <a href='https:\/\/www.tadano.com\/brazil\/pt-br\/ac4110-1_datasheet_062021-pdf-2\/'>\n                  <div class=\"img-holder\">\n                                      <\/div>\n                  <div class=\"text-block\">\n                    <strong class=\"title\">AC4110-1_datasheet_062021.pdf<\/strong>\n                                      <\/div>\n                <\/a>\n              <\/div>\n                              <\/div>\n          \n    <\/div>\n  <\/section>\n","protected":false},"excerpt":{"rendered":"<p>VIS\u00c3O GERAL A produ\u00e7\u00e3o e transporte respons\u00e1veis da mat\u00e9ria-prima com frequ\u00eancia exigem navegar por terreno e condi\u00e7\u00f5es cada vez mais desafiadores para construir e manter a infraestrutura \u2013 tudo enquanto minimiza o impacto ambiental. A linha robusta de guindastes terreno acidentado, todo terreno e as op\u00e7\u00f5es de guindaste sobre esteira da Tadano oferecem capacidades de [&hellip;]<\/p>\n","protected":false},"author":3,"featured_media":0,"parent":3381,"menu_order":0,"comment_status":"closed","ping_status":"closed","template":"","meta":{"_acf_changed":false,"footnotes":""},"acf":[],"yoast_head":"<!-- This site is optimized with the Yoast SEO plugin v22.3 - https:\/\/yoast.com\/wordpress\/plugins\/seo\/ -->\n<title>Recursos naturais - Brazil<\/title>\n<meta name=\"robots\" content=\"index, follow, max-snippet:-1, max-image-preview:large, max-video-preview:-1\" \/>\n<link rel=\"canonical\" href=\"https:\/\/www.tadano.com\/brazil\/pt-br\/segmentos\/recursos-naturais\/\" \/>\n<meta property=\"og:locale\" content=\"pt_BR\" \/>\n<meta property=\"og:type\" content=\"article\" \/>\n<meta property=\"og:title\" content=\"Recursos naturais - Brazil\" \/>\n<meta property=\"og:description\" content=\"VIS\u00c3O GERAL A produ\u00e7\u00e3o e transporte respons\u00e1veis da mat\u00e9ria-prima com frequ\u00eancia exigem navegar por terreno e condi\u00e7\u00f5es cada vez mais desafiadores para construir e manter a infraestrutura \u2013 tudo enquanto minimiza o impacto ambiental. A linha robusta de guindastes terreno acidentado, todo terreno e as op\u00e7\u00f5es de guindaste sobre esteira da Tadano oferecem capacidades de [&hellip;]\" \/>\n<meta property=\"og:url\" content=\"https:\/\/www.tadano.com\/brazil\/pt-br\/segmentos\/recursos-naturais\/\" \/>\n<meta property=\"og:site_name\" content=\"Brazil\" \/>\n<meta property=\"article:modified_time\" content=\"2023-09-14T13:03:18+00:00\" \/>\n<meta name=\"twitter:card\" content=\"summary_large_image\" \/>\n<meta name=\"twitter:label1\" content=\"Est. tempo de leitura\" \/>\n\t<meta name=\"twitter:data1\" content=\"2 minutos\" \/>\n<script type=\"application\/ld+json\" class=\"yoast-schema-graph\">{\"@context\":\"https:\/\/schema.org\",\"@graph\":[{\"@type\":\"WebPage\",\"@id\":\"https:\/\/www.tadano.com\/brazil\/pt-br\/segmentos\/recursos-naturais\/\",\"url\":\"https:\/\/www.tadano.com\/brazil\/pt-br\/segmentos\/recursos-naturais\/\",\"name\":\"Recursos naturais - Brazil\",\"isPartOf\":{\"@id\":\"https:\/\/www.tadano.com\/brazil\/pt-br\/#website\"},\"datePublished\":\"2023-09-14T09:41:09+00:00\",\"dateModified\":\"2023-09-14T13:03:18+00:00\",\"breadcrumb\":{\"@id\":\"https:\/\/www.tadano.com\/brazil\/pt-br\/segmentos\/recursos-naturais\/#breadcrumb\"},\"inLanguage\":\"pt-BR\",\"potentialAction\":[{\"@type\":\"ReadAction\",\"target\":[\"https:\/\/www.tadano.com\/brazil\/pt-br\/segmentos\/recursos-naturais\/\"]}]},{\"@type\":\"BreadcrumbList\",\"@id\":\"https:\/\/www.tadano.com\/brazil\/pt-br\/segmentos\/recursos-naturais\/#breadcrumb\",\"itemListElement\":[{\"@type\":\"ListItem\",\"position\":1,\"name\":\"Segmentos\",\"item\":\"https:\/\/www.tadano.com\/brazil\/pt-br\/segmentos\/\"},{\"@type\":\"ListItem\",\"position\":2,\"name\":\"Recursos naturais\"}]},{\"@type\":\"WebSite\",\"@id\":\"https:\/\/www.tadano.com\/brazil\/pt-br\/#website\",\"url\":\"https:\/\/www.tadano.com\/brazil\/pt-br\/\",\"name\":\"Brazil\",\"description\":\"Just another TADANO EUROPE site\",\"potentialAction\":[{\"@type\":\"SearchAction\",\"target\":{\"@type\":\"EntryPoint\",\"urlTemplate\":\"https:\/\/www.tadano.com\/brazil\/pt-br\/?s={search_term_string}\"},\"query-input\":\"required name=search_term_string\"}],\"inLanguage\":\"pt-BR\"}]}<\/script>\n<!-- \/ Yoast SEO plugin. -->","yoast_head_json":{"title":"Recursos naturais - Brazil","robots":{"index":"index","follow":"follow","max-snippet":"max-snippet:-1","max-image-preview":"max-image-preview:large","max-video-preview":"max-video-preview:-1"},"canonical":"https:\/\/www.tadano.com\/brazil\/pt-br\/segmentos\/recursos-naturais\/","og_locale":"pt_BR","og_type":"article","og_title":"Recursos naturais - Brazil","og_description":"VIS\u00c3O GERAL A produ\u00e7\u00e3o e transporte respons\u00e1veis da mat\u00e9ria-prima com frequ\u00eancia exigem navegar por terreno e condi\u00e7\u00f5es cada vez mais desafiadores para construir e manter a infraestrutura \u2013 tudo enquanto minimiza o impacto ambiental. A linha robusta de guindastes terreno acidentado, todo terreno e as op\u00e7\u00f5es de guindaste sobre esteira da Tadano oferecem capacidades de [&hellip;]","og_url":"https:\/\/www.tadano.com\/brazil\/pt-br\/segmentos\/recursos-naturais\/","og_site_name":"Brazil","article_modified_time":"2023-09-14T13:03:18+00:00","twitter_card":"summary_large_image","twitter_misc":{"Est. tempo de leitura":"2 minutos"},"schema":{"@context":"https:\/\/schema.org","@graph":[{"@type":"WebPage","@id":"https:\/\/www.tadano.com\/brazil\/pt-br\/segmentos\/recursos-naturais\/","url":"https:\/\/www.tadano.com\/brazil\/pt-br\/segmentos\/recursos-naturais\/","name":"Recursos naturais - Brazil","isPartOf":{"@id":"https:\/\/www.tadano.com\/brazil\/pt-br\/#website"},"datePublished":"2023-09-14T09:41:09+00:00","dateModified":"2023-09-14T13:03:18+00:00","breadcrumb":{"@id":"https:\/\/www.tadano.com\/brazil\/pt-br\/segmentos\/recursos-naturais\/#breadcrumb"},"inLanguage":"pt-BR","potentialAction":[{"@type":"ReadAction","target":["https:\/\/www.tadano.com\/brazil\/pt-br\/segmentos\/recursos-naturais\/"]}]},{"@type":"BreadcrumbList","@id":"https:\/\/www.tadano.com\/brazil\/pt-br\/segmentos\/recursos-naturais\/#breadcrumb","itemListElement":[{"@type":"ListItem","position":1,"name":"Segmentos","item":"https:\/\/www.tadano.com\/brazil\/pt-br\/segmentos\/"},{"@type":"ListItem","position":2,"name":"Recursos naturais"}]},{"@type":"WebSite","@id":"https:\/\/www.tadano.com\/brazil\/pt-br\/#website","url":"https:\/\/www.tadano.com\/brazil\/pt-br\/","name":"Brazil","description":"Just another TADANO EUROPE site","potentialAction":[{"@type":"SearchAction","target":{"@type":"EntryPoint","urlTemplate":"https:\/\/www.tadano.com\/brazil\/pt-br\/?s={search_term_string}"},"query-input":"required name=search_term_string"}],"inLanguage":"pt-BR"}]}},"_links":{"self":[{"href":"https:\/\/www.tadano.com\/brazil\/pt-br\/wp-json\/wp\/v2\/pages\/3385"}],"collection":[{"href":"https:\/\/www.tadano.com\/brazil\/pt-br\/wp-json\/wp\/v2\/pages"}],"about":[{"href":"https:\/\/www.tadano.com\/brazil\/pt-br\/wp-json\/wp\/v2\/types\/page"}],"author":[{"embeddable":true,"href":"https:\/\/www.tadano.com\/brazil\/pt-br\/wp-json\/wp\/v2\/users\/3"}],"replies":[{"embeddable":true,"href":"https:\/\/www.tadano.com\/brazil\/pt-br\/wp-json\/wp\/v2\/comments?post=3385"}],"version-history":[{"count":1,"href":"https:\/\/www.tadano.com\/brazil\/pt-br\/wp-json\/wp\/v2\/pages\/3385\/revisions"}],"predecessor-version":[{"id":3386,"href":"https:\/\/www.tadano.com\/brazil\/pt-br\/wp-json\/wp\/v2\/pages\/3385\/revisions\/3386"}],"up":[{"embeddable":true,"href":"https:\/\/www.tadano.com\/brazil\/pt-br\/wp-json\/wp\/v2\/pages\/3381"}],"wp:attachment":[{"href":"https:\/\/www.tadano.com\/brazil\/pt-br\/wp-json\/wp\/v2\/media?parent=3385"}],"curies":[{"name":"wp","href":"https:\/\/api.w.org\/{rel}","templated":true}]}}