{"id":3387,"date":"2023-09-14T09:40:15","date_gmt":"2023-09-14T09:40:15","guid":{"rendered":"https:\/\/www.tadano.com\/brazil\/?page_id=3387"},"modified":"2023-09-14T13:04:20","modified_gmt":"2023-09-14T13:04:20","slug":"energia-renovavel","status":"publish","type":"page","link":"https:\/\/www.tadano.com\/brazil\/pt-br\/segmentos\/energia-renovavel\/","title":{"rendered":"Energia renov\u00e1vel"},"content":{"rendered":"\n\n\n<section class=\"hero-section\">\n\n\t\n\t\n\t\n\t<div class=\"img-holder \">\n\t\t\t\t<div class=\"bg-stretch\" style=\"background-position: 50% 100%; \">\n\t\t\t<span data-srcset=\"https:\/\/assets.onetadano.com\/celum_assets\/hero\/AdobeStock_38375579.jpg, https:\/\/assets.onetadano.com\/celum_assets\/hero-2x\/AdobeStock_38375579.jpg 2x\"><\/span>\n\t\t<\/div>\n\t\t\t\t\t\t<div class=\"logo green-solutions\" style=\"display:none;\">\n\t\t\t<a href=\"#\"><img decoding=\"async\" src=\"https:\/\/www.tadano.com\/brazil\/wp-content\/themes\/tadano\/assets\/dist\/images\/Green-Solutions_Logo_White.svg\"><\/a>\n\t\t<\/div>\n\t<\/div>\n\t<div class=\"container\">\n\t\t<div class=\"text-holder \">\n\t\t\t<div class=\"wrap\">\n\t\t\t\t\n\t\t\t\t<ul class=\"breadcrumbs\"><li><a href=\"https:\/\/www.tadano.com\/brazil\/pt-br\/\">Home<\/a><\/li><\/ul>\n\t\t\t\t\n\n<h1 class=\"wp-block-heading\" id=\"h-energia-renov-vel\">Energia renov\u00e1vel<\/h1>\n\n\n\n<p>A pot\u00eancia e a confiabilidade dos guindastes Tadano lidam com as necessidades em constante evolu\u00e7\u00e3o para os setores de energia solar, geot\u00e9rmica, e\u00f3lica, de biomassa e hidrel\u00e9trica.<\/p>\n\n\n\n\t\t\t\t\n\t\t\t<\/div>\n\n\t\t\t\n\t\t\t\n\t\t\t\n\t\t<\/div>\n\t<\/div>\n<\/section>\n\n\n<div class=\"wp-block-group alignwide tadano-two-columns-pattern is-style-background-triangle-left has-white-color has-dark-blue-background-color has-text-color has-background is-layout-flow wp-block-group-is-layout-flow\"><div class=\"wp-block-group__inner-container\">\n<div class=\"wp-block-columns is-layout-flex wp-container-core-columns-layout-1 wp-block-columns-is-layout-flex\">\n<div class=\"wp-block-column is-layout-flow wp-block-column-is-layout-flow\">\n<h2 class=\"wp-block-heading has-white-color has-text-color\" id=\"h-vis-o-geral\">VIS\u00c3O GERAL<\/h2>\n\n\n\n<p>A Tadano oferece guindastes confi\u00e1veis e potentes para as necessidades em constante evolu\u00e7\u00e3o do setor de energia renov\u00e1vel. Os parques e\u00f3licos continuam a expandir-se, com as torres ficando maiores e mais altas. A produ\u00e7\u00e3o e transporte respons\u00e1veis da mat\u00e9ria-prima com frequ\u00eancia exigem navegar por terreno e condi\u00e7\u00f5es cada vez mais desafiadores para construir e manter a infraestrutura \u2013 tudo enquanto minimiza o impacto ambiental. A linha robusta de guindastes todo terreno, sobre esteira com lan\u00e7a telesc\u00f3pica e sobre esteira com lan\u00e7a treli\u00e7ada da Tadano oferece capacidades de eleva\u00e7\u00e3o mais altas e comprimentos maiores da lan\u00e7a, combinada com a mobilidade, manobrabilidade, transportabilidade e a qualidade e suporte pelos quais a Tadano \u00e9 conhecida. Seja para instala\u00e7\u00e3o, manuten\u00e7\u00e3o ou reparo de produto de energia ou instala\u00e7\u00f5es de transporte, a Tadano oferece uma solu\u00e7\u00e3o de guindaste para quase todas as necessidades do projeto enquanto ajuda suas equipes a realizarem seus trabalhos com seguran\u00e7a e efici\u00eancia.<\/p>\n<\/div>\n<\/div>\n\n\n\n<div class=\"wp-block-columns is-layout-flex wp-container-core-columns-layout-2 wp-block-columns-is-layout-flex\">\n<div class=\"wp-block-column is-layout-flow wp-block-column-is-layout-flow\">\n<h3 class=\"wp-block-heading\" id=\"h-durabilidade\">DURABILIDADE<\/h3>\n\n\n\n<p>Engenharia superior e design estrutural acoplados com processos e componentes de fabrica\u00e7\u00e3o de qualidade implicam que os guindastes da Tadano s\u00e3o dif\u00edceis de quebrar e f\u00e1ceis de reparar.<\/p>\n<\/div>\n\n\n\n<div class=\"wp-block-column is-layout-flow wp-block-column-is-layout-flow\">\n<h3 class=\"wp-block-heading\" id=\"h-confiabilidade\">CONFIABILIDADE<\/h3>\n\n\n\n<p>A qualidade lend\u00e1ria da Tadano significa que seus guindastes ajudam voc\u00ea a realizar o trabalho com efici\u00eancia e pouco ou nenhum tempo de inatividade; al\u00e9m disso, o servi\u00e7o de primeira est\u00e1 sempre dispon\u00edvel.<\/p>\n<\/div>\n\n\n\n<div class=\"wp-block-column is-layout-flow wp-block-column-is-layout-flow\">\n<h3 class=\"wp-block-heading\" id=\"h-valor\">VALOR<\/h3>\n\n\n\n<p>A qualidade superior da Tadano implica opera\u00e7\u00e3o eficiente com menos tempo de inatividade para maiores taxas de retorno e os menores custos operacionais e de propriedade de qualquer guindaste no mercado.<br><\/p>\n<\/div>\n<\/div>\n<\/div><\/div>\n\n\n\n\n\n\n\n\n\n\n\n  <section class=\"related-products\">\n    <div class=\"container\">\n              <div class=\"heading\">\n          <h2>Produtos relacionados<\/h2>\n                  <\/div>\n      \n\n              <div class='r-products'>\n                              <\/div>\n          \n    <\/div>\n  <\/section>\n","protected":false},"excerpt":{"rendered":"<p>VIS\u00c3O GERAL A Tadano oferece guindastes confi\u00e1veis e potentes para as necessidades em constante evolu\u00e7\u00e3o do setor de energia renov\u00e1vel. Os parques e\u00f3licos continuam a expandir-se, com as torres ficando maiores e mais altas. A produ\u00e7\u00e3o e transporte respons\u00e1veis da mat\u00e9ria-prima com frequ\u00eancia exigem navegar por terreno e condi\u00e7\u00f5es cada vez mais desafiadores para construir [&hellip;]<\/p>\n","protected":false},"author":3,"featured_media":0,"parent":3381,"menu_order":0,"comment_status":"closed","ping_status":"closed","template":"","meta":{"_acf_changed":false,"footnotes":""},"acf":[],"yoast_head":"<!-- This site is optimized with the Yoast SEO plugin v22.3 - https:\/\/yoast.com\/wordpress\/plugins\/seo\/ -->\n<title>Energia renov\u00e1vel - Brazil<\/title>\n<meta name=\"robots\" content=\"index, follow, max-snippet:-1, max-image-preview:large, max-video-preview:-1\" \/>\n<link rel=\"canonical\" href=\"https:\/\/www.tadano.com\/brazil\/pt-br\/segmentos\/energia-renovavel\/\" \/>\n<meta property=\"og:locale\" content=\"pt_BR\" \/>\n<meta property=\"og:type\" content=\"article\" \/>\n<meta property=\"og:title\" content=\"Energia renov\u00e1vel - Brazil\" \/>\n<meta property=\"og:description\" content=\"VIS\u00c3O GERAL A Tadano oferece guindastes confi\u00e1veis e potentes para as necessidades em constante evolu\u00e7\u00e3o do setor de energia renov\u00e1vel. Os parques e\u00f3licos continuam a expandir-se, com as torres ficando maiores e mais altas. A produ\u00e7\u00e3o e transporte respons\u00e1veis da mat\u00e9ria-prima com frequ\u00eancia exigem navegar por terreno e condi\u00e7\u00f5es cada vez mais desafiadores para construir [&hellip;]\" \/>\n<meta property=\"og:url\" content=\"https:\/\/www.tadano.com\/brazil\/pt-br\/segmentos\/energia-renovavel\/\" \/>\n<meta property=\"og:site_name\" content=\"Brazil\" \/>\n<meta property=\"article:modified_time\" content=\"2023-09-14T13:04:20+00:00\" \/>\n<meta name=\"twitter:card\" content=\"summary_large_image\" \/>\n<meta name=\"twitter:label1\" content=\"Est. tempo de leitura\" \/>\n\t<meta name=\"twitter:data1\" content=\"2 minutos\" \/>\n<script type=\"application\/ld+json\" class=\"yoast-schema-graph\">{\"@context\":\"https:\/\/schema.org\",\"@graph\":[{\"@type\":\"WebPage\",\"@id\":\"https:\/\/www.tadano.com\/brazil\/pt-br\/segmentos\/energia-renovavel\/\",\"url\":\"https:\/\/www.tadano.com\/brazil\/pt-br\/segmentos\/energia-renovavel\/\",\"name\":\"Energia renov\u00e1vel - Brazil\",\"isPartOf\":{\"@id\":\"https:\/\/www.tadano.com\/brazil\/pt-br\/#website\"},\"datePublished\":\"2023-09-14T09:40:15+00:00\",\"dateModified\":\"2023-09-14T13:04:20+00:00\",\"breadcrumb\":{\"@id\":\"https:\/\/www.tadano.com\/brazil\/pt-br\/segmentos\/energia-renovavel\/#breadcrumb\"},\"inLanguage\":\"pt-BR\",\"potentialAction\":[{\"@type\":\"ReadAction\",\"target\":[\"https:\/\/www.tadano.com\/brazil\/pt-br\/segmentos\/energia-renovavel\/\"]}]},{\"@type\":\"BreadcrumbList\",\"@id\":\"https:\/\/www.tadano.com\/brazil\/pt-br\/segmentos\/energia-renovavel\/#breadcrumb\",\"itemListElement\":[{\"@type\":\"ListItem\",\"position\":1,\"name\":\"Segmentos\",\"item\":\"https:\/\/www.tadano.com\/brazil\/pt-br\/segmentos\/\"},{\"@type\":\"ListItem\",\"position\":2,\"name\":\"Energia renov\u00e1vel\"}]},{\"@type\":\"WebSite\",\"@id\":\"https:\/\/www.tadano.com\/brazil\/pt-br\/#website\",\"url\":\"https:\/\/www.tadano.com\/brazil\/pt-br\/\",\"name\":\"Brazil\",\"description\":\"Just another TADANO EUROPE site\",\"potentialAction\":[{\"@type\":\"SearchAction\",\"target\":{\"@type\":\"EntryPoint\",\"urlTemplate\":\"https:\/\/www.tadano.com\/brazil\/pt-br\/?s={search_term_string}\"},\"query-input\":\"required name=search_term_string\"}],\"inLanguage\":\"pt-BR\"}]}<\/script>\n<!-- \/ Yoast SEO plugin. -->","yoast_head_json":{"title":"Energia renov\u00e1vel - Brazil","robots":{"index":"index","follow":"follow","max-snippet":"max-snippet:-1","max-image-preview":"max-image-preview:large","max-video-preview":"max-video-preview:-1"},"canonical":"https:\/\/www.tadano.com\/brazil\/pt-br\/segmentos\/energia-renovavel\/","og_locale":"pt_BR","og_type":"article","og_title":"Energia renov\u00e1vel - Brazil","og_description":"VIS\u00c3O GERAL A Tadano oferece guindastes confi\u00e1veis e potentes para as necessidades em constante evolu\u00e7\u00e3o do setor de energia renov\u00e1vel. Os parques e\u00f3licos continuam a expandir-se, com as torres ficando maiores e mais altas. A produ\u00e7\u00e3o e transporte respons\u00e1veis da mat\u00e9ria-prima com frequ\u00eancia exigem navegar por terreno e condi\u00e7\u00f5es cada vez mais desafiadores para construir [&hellip;]","og_url":"https:\/\/www.tadano.com\/brazil\/pt-br\/segmentos\/energia-renovavel\/","og_site_name":"Brazil","article_modified_time":"2023-09-14T13:04:20+00:00","twitter_card":"summary_large_image","twitter_misc":{"Est. tempo de leitura":"2 minutos"},"schema":{"@context":"https:\/\/schema.org","@graph":[{"@type":"WebPage","@id":"https:\/\/www.tadano.com\/brazil\/pt-br\/segmentos\/energia-renovavel\/","url":"https:\/\/www.tadano.com\/brazil\/pt-br\/segmentos\/energia-renovavel\/","name":"Energia renov\u00e1vel - Brazil","isPartOf":{"@id":"https:\/\/www.tadano.com\/brazil\/pt-br\/#website"},"datePublished":"2023-09-14T09:40:15+00:00","dateModified":"2023-09-14T13:04:20+00:00","breadcrumb":{"@id":"https:\/\/www.tadano.com\/brazil\/pt-br\/segmentos\/energia-renovavel\/#breadcrumb"},"inLanguage":"pt-BR","potentialAction":[{"@type":"ReadAction","target":["https:\/\/www.tadano.com\/brazil\/pt-br\/segmentos\/energia-renovavel\/"]}]},{"@type":"BreadcrumbList","@id":"https:\/\/www.tadano.com\/brazil\/pt-br\/segmentos\/energia-renovavel\/#breadcrumb","itemListElement":[{"@type":"ListItem","position":1,"name":"Segmentos","item":"https:\/\/www.tadano.com\/brazil\/pt-br\/segmentos\/"},{"@type":"ListItem","position":2,"name":"Energia renov\u00e1vel"}]},{"@type":"WebSite","@id":"https:\/\/www.tadano.com\/brazil\/pt-br\/#website","url":"https:\/\/www.tadano.com\/brazil\/pt-br\/","name":"Brazil","description":"Just another TADANO EUROPE site","potentialAction":[{"@type":"SearchAction","target":{"@type":"EntryPoint","urlTemplate":"https:\/\/www.tadano.com\/brazil\/pt-br\/?s={search_term_string}"},"query-input":"required name=search_term_string"}],"inLanguage":"pt-BR"}]}},"_links":{"self":[{"href":"https:\/\/www.tadano.com\/brazil\/pt-br\/wp-json\/wp\/v2\/pages\/3387"}],"collection":[{"href":"https:\/\/www.tadano.com\/brazil\/pt-br\/wp-json\/wp\/v2\/pages"}],"about":[{"href":"https:\/\/www.tadano.com\/brazil\/pt-br\/wp-json\/wp\/v2\/types\/page"}],"author":[{"embeddable":true,"href":"https:\/\/www.tadano.com\/brazil\/pt-br\/wp-json\/wp\/v2\/users\/3"}],"replies":[{"embeddable":true,"href":"https:\/\/www.tadano.com\/brazil\/pt-br\/wp-json\/wp\/v2\/comments?post=3387"}],"version-history":[{"count":1,"href":"https:\/\/www.tadano.com\/brazil\/pt-br\/wp-json\/wp\/v2\/pages\/3387\/revisions"}],"predecessor-version":[{"id":3388,"href":"https:\/\/www.tadano.com\/brazil\/pt-br\/wp-json\/wp\/v2\/pages\/3387\/revisions\/3388"}],"up":[{"embeddable":true,"href":"https:\/\/www.tadano.com\/brazil\/pt-br\/wp-json\/wp\/v2\/pages\/3381"}],"wp:attachment":[{"href":"https:\/\/www.tadano.com\/brazil\/pt-br\/wp-json\/wp\/v2\/media?parent=3387"}],"curies":[{"name":"wp","href":"https:\/\/api.w.org\/{rel}","templated":true}]}}