{"id":3389,"date":"2023-09-14T09:41:59","date_gmt":"2023-09-14T09:41:59","guid":{"rendered":"https:\/\/www.tadano.com\/brazil\/?page_id=3389"},"modified":"2023-09-14T13:05:48","modified_gmt":"2023-09-14T13:05:48","slug":"servicos-publicos-e-infraestrutura","status":"publish","type":"page","link":"https:\/\/www.tadano.com\/brazil\/pt-br\/segmentos\/servicos-publicos-e-infraestrutura\/","title":{"rendered":"Servi\u00e7os p\u00fablicos e infraestrutura"},"content":{"rendered":"\n\n\n<section class=\"hero-section\">\n\n\t\n\t\n\t\n\t<div class=\"img-holder \">\n\t\t\t\t<div class=\"bg-stretch\" style=\"background-position: 50% 50%; \">\n\t\t\t<span data-srcset=\"https:\/\/assets.onetadano.com\/celum_assets\/hero\/AdobeStock_90600427.jpg, https:\/\/assets.onetadano.com\/celum_assets\/hero-2x\/AdobeStock_90600427.jpg 2x\"><\/span>\n\t\t<\/div>\n\t\t\t\t\t\t<div class=\"logo green-solutions\" style=\"display:none;\">\n\t\t\t<a href=\"#\"><img decoding=\"async\" src=\"https:\/\/www.tadano.com\/brazil\/wp-content\/themes\/tadano\/assets\/dist\/images\/Green-Solutions_Logo_White.svg\"><\/a>\n\t\t<\/div>\n\t<\/div>\n\t<div class=\"container\">\n\t\t<div class=\"text-holder \">\n\t\t\t<div class=\"wrap\">\n\t\t\t\t\n\t\t\t\t<ul class=\"breadcrumbs\"><li><a href=\"https:\/\/www.tadano.com\/brazil\/pt-br\/\">Home<\/a><\/li><\/ul>\n\t\t\t\t\n\n<h1 class=\"wp-block-heading\" id=\"h-servi-os-p-blicos-e-infraestrutura\">Servi\u00e7os p\u00fablicos e infraestrutura<\/h1>\n\n\n\n<p>A Tadano oferece guindastes confi\u00e1veis e manobr\u00e1veis que atendem projetos de servi\u00e7o p\u00fablico e infraestrutura em uma ampla variedade de trabalhos e localiza\u00e7\u00f5es.<\/p>\n\n\n\n\t\t\t\t\n\t\t\t<\/div>\n\n\t\t\t\n\t\t\t\n\t\t\t\n\t\t<\/div>\n\t<\/div>\n<\/section>\n\n\n<div class=\"wp-block-group alignwide tadano-two-columns-pattern is-style-background-triangle-left has-white-color has-dark-blue-background-color has-text-color has-background is-layout-flow wp-block-group-is-layout-flow\"><div class=\"wp-block-group__inner-container\">\n<div class=\"wp-block-columns is-layout-flex wp-container-core-columns-layout-1 wp-block-columns-is-layout-flex\">\n<div class=\"wp-block-column is-layout-flow wp-block-column-is-layout-flow\">\n<h2 class=\"wp-block-heading has-white-color has-text-color\" id=\"h-vis-o-geral\">VIS\u00c3O GERAL<\/h2>\n\n\n\n<p>Se o trabalho exigir o i\u00e7amento de viga enormes de pontes, eleva\u00e7\u00f5es repetitivas, instala\u00e7\u00e3o de muros de reten\u00e7\u00e3o, fazer reparos de emerg\u00eancia em servi\u00e7os p\u00fablicos ou servi\u00e7o de bate-estaca, a impressionante linha de guindastes da Tadano ir\u00e1 atender ao chamado. Os guindastes terreno acidentado, com sua \u00f3tima qualidade apresentam lan\u00e7as telesc\u00f3picas e podem trafegar atrav\u00e9s dos terrenos irregulares e espa\u00e7os confinados. Os poderosos guindastes todo terreno apresentam desempenho de eleva\u00e7\u00e3o superior e excelente mobilidade. Os guindastes de lan\u00e7a telesc\u00f3pica sobre esteira oferecem capacidade de rampa superior e poder de tra\u00e7\u00e3o. Esses modelos podem lidar com uma variedade de trabalhos enquanto acomodam-se em v\u00e1rios locais, desde as mais remotas, concentradas e densas. Com esse n\u00edvel de versatilidade e suporte de produto que os mesmos possuem, os guindastes da Tadano, especialmente os da linha GTC, servem como parceiros essenciais para realizarem esses trabalhos com seguran\u00e7a e dentro do prazo.<\/p>\n<\/div>\n<\/div>\n\n\n\n<div class=\"wp-block-columns is-layout-flex wp-container-core-columns-layout-2 wp-block-columns-is-layout-flex\">\n<div class=\"wp-block-column is-layout-flow wp-block-column-is-layout-flow\">\n<h3 class=\"wp-block-heading\" id=\"h-confiabilidade\">CONFIABILIDADE<\/h3>\n\n\n\n<p>Os guindastes terrenos acidentados, especialmente o GR-1000XL e o GR-1200XL, se destacam pela sua confiabilidade.<\/p>\n<\/div>\n\n\n\n<div class=\"wp-block-column is-layout-flow wp-block-column-is-layout-flow\">\n<h3 class=\"wp-block-heading\" id=\"h-conveni-ncia\">Conveni\u00eancia<\/h3>\n\n\n\n<p>A capacidade, o alcance da lan\u00e7a e o tempo r\u00e1pido para configura\u00e7\u00e3o de guindastes todo terreno, combinados com sua mobilidade e design os tornam uma op\u00e7\u00e3o popular para projetos de infraestrutura.<\/p>\n<\/div>\n\n\n\n<div class=\"wp-block-column is-layout-flow wp-block-column-is-layout-flow\">\n<h3 class=\"wp-block-heading\" id=\"h-alto-desempenho\">Alto desempenho<\/h3>\n\n\n\n<p>Crawler cranes, particularly the CC 38.650-1, provide high Os guindastes sobre esteira, especialmente o CC 38.650-1, oferecem alto desempenho para enfrentar os maiores desafios.<br><\/p>\n<\/div>\n<\/div>\n<\/div><\/div>\n\n\n\n\n\n\n\n\n\n\n\n  <section class=\"related-products\">\n    <div class=\"container\">\n              <div class=\"heading\">\n          <h2>Produtos relacionados<\/h2>\n                  <\/div>\n      \n\n              <div class='r-products'>\n                              <\/div>\n          \n    <\/div>\n  <\/section>\n","protected":false},"excerpt":{"rendered":"<p>VIS\u00c3O GERAL Se o trabalho exigir o i\u00e7amento de viga enormes de pontes, eleva\u00e7\u00f5es repetitivas, instala\u00e7\u00e3o de muros de reten\u00e7\u00e3o, fazer reparos de emerg\u00eancia em servi\u00e7os p\u00fablicos ou servi\u00e7o de bate-estaca, a impressionante linha de guindastes da Tadano ir\u00e1 atender ao chamado. Os guindastes terreno acidentado, com sua \u00f3tima qualidade apresentam lan\u00e7as telesc\u00f3picas e podem [&hellip;]<\/p>\n","protected":false},"author":3,"featured_media":0,"parent":3381,"menu_order":0,"comment_status":"closed","ping_status":"closed","template":"","meta":{"_acf_changed":false,"footnotes":""},"acf":[],"yoast_head":"<!-- This site is optimized with the Yoast SEO plugin v22.3 - https:\/\/yoast.com\/wordpress\/plugins\/seo\/ -->\n<title>Servi\u00e7os p\u00fablicos e infraestrutura - Brazil<\/title>\n<meta name=\"robots\" content=\"index, follow, max-snippet:-1, max-image-preview:large, max-video-preview:-1\" \/>\n<link rel=\"canonical\" href=\"https:\/\/www.tadano.com\/brazil\/pt-br\/segmentos\/servicos-publicos-e-infraestrutura\/\" \/>\n<meta property=\"og:locale\" content=\"pt_BR\" \/>\n<meta property=\"og:type\" content=\"article\" \/>\n<meta property=\"og:title\" content=\"Servi\u00e7os p\u00fablicos e infraestrutura - Brazil\" \/>\n<meta property=\"og:description\" content=\"VIS\u00c3O GERAL Se o trabalho exigir o i\u00e7amento de viga enormes de pontes, eleva\u00e7\u00f5es repetitivas, instala\u00e7\u00e3o de muros de reten\u00e7\u00e3o, fazer reparos de emerg\u00eancia em servi\u00e7os p\u00fablicos ou servi\u00e7o de bate-estaca, a impressionante linha de guindastes da Tadano ir\u00e1 atender ao chamado. Os guindastes terreno acidentado, com sua \u00f3tima qualidade apresentam lan\u00e7as telesc\u00f3picas e podem [&hellip;]\" \/>\n<meta property=\"og:url\" content=\"https:\/\/www.tadano.com\/brazil\/pt-br\/segmentos\/servicos-publicos-e-infraestrutura\/\" \/>\n<meta property=\"og:site_name\" content=\"Brazil\" \/>\n<meta property=\"article:modified_time\" content=\"2023-09-14T13:05:48+00:00\" \/>\n<meta name=\"twitter:card\" content=\"summary_large_image\" \/>\n<meta name=\"twitter:label1\" content=\"Est. tempo de leitura\" \/>\n\t<meta name=\"twitter:data1\" content=\"2 minutos\" \/>\n<script type=\"application\/ld+json\" class=\"yoast-schema-graph\">{\"@context\":\"https:\/\/schema.org\",\"@graph\":[{\"@type\":\"WebPage\",\"@id\":\"https:\/\/www.tadano.com\/brazil\/pt-br\/segmentos\/servicos-publicos-e-infraestrutura\/\",\"url\":\"https:\/\/www.tadano.com\/brazil\/pt-br\/segmentos\/servicos-publicos-e-infraestrutura\/\",\"name\":\"Servi\u00e7os p\u00fablicos e infraestrutura - Brazil\",\"isPartOf\":{\"@id\":\"https:\/\/www.tadano.com\/brazil\/pt-br\/#website\"},\"datePublished\":\"2023-09-14T09:41:59+00:00\",\"dateModified\":\"2023-09-14T13:05:48+00:00\",\"breadcrumb\":{\"@id\":\"https:\/\/www.tadano.com\/brazil\/pt-br\/segmentos\/servicos-publicos-e-infraestrutura\/#breadcrumb\"},\"inLanguage\":\"pt-BR\",\"potentialAction\":[{\"@type\":\"ReadAction\",\"target\":[\"https:\/\/www.tadano.com\/brazil\/pt-br\/segmentos\/servicos-publicos-e-infraestrutura\/\"]}]},{\"@type\":\"BreadcrumbList\",\"@id\":\"https:\/\/www.tadano.com\/brazil\/pt-br\/segmentos\/servicos-publicos-e-infraestrutura\/#breadcrumb\",\"itemListElement\":[{\"@type\":\"ListItem\",\"position\":1,\"name\":\"Segmentos\",\"item\":\"https:\/\/www.tadano.com\/brazil\/pt-br\/segmentos\/\"},{\"@type\":\"ListItem\",\"position\":2,\"name\":\"Servi\u00e7os p\u00fablicos e infraestrutura\"}]},{\"@type\":\"WebSite\",\"@id\":\"https:\/\/www.tadano.com\/brazil\/pt-br\/#website\",\"url\":\"https:\/\/www.tadano.com\/brazil\/pt-br\/\",\"name\":\"Brazil\",\"description\":\"Just another TADANO EUROPE site\",\"potentialAction\":[{\"@type\":\"SearchAction\",\"target\":{\"@type\":\"EntryPoint\",\"urlTemplate\":\"https:\/\/www.tadano.com\/brazil\/pt-br\/?s={search_term_string}\"},\"query-input\":\"required name=search_term_string\"}],\"inLanguage\":\"pt-BR\"}]}<\/script>\n<!-- \/ Yoast SEO plugin. -->","yoast_head_json":{"title":"Servi\u00e7os p\u00fablicos e infraestrutura - Brazil","robots":{"index":"index","follow":"follow","max-snippet":"max-snippet:-1","max-image-preview":"max-image-preview:large","max-video-preview":"max-video-preview:-1"},"canonical":"https:\/\/www.tadano.com\/brazil\/pt-br\/segmentos\/servicos-publicos-e-infraestrutura\/","og_locale":"pt_BR","og_type":"article","og_title":"Servi\u00e7os p\u00fablicos e infraestrutura - Brazil","og_description":"VIS\u00c3O GERAL Se o trabalho exigir o i\u00e7amento de viga enormes de pontes, eleva\u00e7\u00f5es repetitivas, instala\u00e7\u00e3o de muros de reten\u00e7\u00e3o, fazer reparos de emerg\u00eancia em servi\u00e7os p\u00fablicos ou servi\u00e7o de bate-estaca, a impressionante linha de guindastes da Tadano ir\u00e1 atender ao chamado. Os guindastes terreno acidentado, com sua \u00f3tima qualidade apresentam lan\u00e7as telesc\u00f3picas e podem [&hellip;]","og_url":"https:\/\/www.tadano.com\/brazil\/pt-br\/segmentos\/servicos-publicos-e-infraestrutura\/","og_site_name":"Brazil","article_modified_time":"2023-09-14T13:05:48+00:00","twitter_card":"summary_large_image","twitter_misc":{"Est. tempo de leitura":"2 minutos"},"schema":{"@context":"https:\/\/schema.org","@graph":[{"@type":"WebPage","@id":"https:\/\/www.tadano.com\/brazil\/pt-br\/segmentos\/servicos-publicos-e-infraestrutura\/","url":"https:\/\/www.tadano.com\/brazil\/pt-br\/segmentos\/servicos-publicos-e-infraestrutura\/","name":"Servi\u00e7os p\u00fablicos e infraestrutura - Brazil","isPartOf":{"@id":"https:\/\/www.tadano.com\/brazil\/pt-br\/#website"},"datePublished":"2023-09-14T09:41:59+00:00","dateModified":"2023-09-14T13:05:48+00:00","breadcrumb":{"@id":"https:\/\/www.tadano.com\/brazil\/pt-br\/segmentos\/servicos-publicos-e-infraestrutura\/#breadcrumb"},"inLanguage":"pt-BR","potentialAction":[{"@type":"ReadAction","target":["https:\/\/www.tadano.com\/brazil\/pt-br\/segmentos\/servicos-publicos-e-infraestrutura\/"]}]},{"@type":"BreadcrumbList","@id":"https:\/\/www.tadano.com\/brazil\/pt-br\/segmentos\/servicos-publicos-e-infraestrutura\/#breadcrumb","itemListElement":[{"@type":"ListItem","position":1,"name":"Segmentos","item":"https:\/\/www.tadano.com\/brazil\/pt-br\/segmentos\/"},{"@type":"ListItem","position":2,"name":"Servi\u00e7os p\u00fablicos e infraestrutura"}]},{"@type":"WebSite","@id":"https:\/\/www.tadano.com\/brazil\/pt-br\/#website","url":"https:\/\/www.tadano.com\/brazil\/pt-br\/","name":"Brazil","description":"Just another TADANO EUROPE site","potentialAction":[{"@type":"SearchAction","target":{"@type":"EntryPoint","urlTemplate":"https:\/\/www.tadano.com\/brazil\/pt-br\/?s={search_term_string}"},"query-input":"required name=search_term_string"}],"inLanguage":"pt-BR"}]}},"_links":{"self":[{"href":"https:\/\/www.tadano.com\/brazil\/pt-br\/wp-json\/wp\/v2\/pages\/3389"}],"collection":[{"href":"https:\/\/www.tadano.com\/brazil\/pt-br\/wp-json\/wp\/v2\/pages"}],"about":[{"href":"https:\/\/www.tadano.com\/brazil\/pt-br\/wp-json\/wp\/v2\/types\/page"}],"author":[{"embeddable":true,"href":"https:\/\/www.tadano.com\/brazil\/pt-br\/wp-json\/wp\/v2\/users\/3"}],"replies":[{"embeddable":true,"href":"https:\/\/www.tadano.com\/brazil\/pt-br\/wp-json\/wp\/v2\/comments?post=3389"}],"version-history":[{"count":1,"href":"https:\/\/www.tadano.com\/brazil\/pt-br\/wp-json\/wp\/v2\/pages\/3389\/revisions"}],"predecessor-version":[{"id":3390,"href":"https:\/\/www.tadano.com\/brazil\/pt-br\/wp-json\/wp\/v2\/pages\/3389\/revisions\/3390"}],"up":[{"embeddable":true,"href":"https:\/\/www.tadano.com\/brazil\/pt-br\/wp-json\/wp\/v2\/pages\/3381"}],"wp:attachment":[{"href":"https:\/\/www.tadano.com\/brazil\/pt-br\/wp-json\/wp\/v2\/media?parent=3389"}],"curies":[{"name":"wp","href":"https:\/\/api.w.org\/{rel}","templated":true}]}}