{"id":3391,"date":"2023-09-14T11:17:20","date_gmt":"2023-09-14T11:17:20","guid":{"rendered":"https:\/\/www.tadano.com\/brazil\/?page_id=3391"},"modified":"2023-09-14T13:07:02","modified_gmt":"2023-09-14T13:07:02","slug":"investidores","status":"publish","type":"page","link":"https:\/\/www.tadano.com\/brazil\/pt-br\/investidores\/","title":{"rendered":"Investidores"},"content":{"rendered":"\n\n\n<section class=\"hero-section\">\n\n\t\n\t\n\t\n\t<div class=\"img-holder \">\n\t\t\t\t<div class=\"bg-stretch\" style=\"background-position: 50% 50%; \">\n\t\t\t<span data-srcset=\"https:\/\/assets.onetadano.com\/celum_assets\/hero\/AdobeStock_225681297+%5BConverted%5D.jpg, https:\/\/assets.onetadano.com\/celum_assets\/hero-2x\/AdobeStock_225681297+%5BConverted%5D.jpg 2x\"><\/span>\n\t\t<\/div>\n\t\t\t\t\t\t<div class=\"logo green-solutions\" style=\"display:none;\">\n\t\t\t<a href=\"#\"><img decoding=\"async\" src=\"https:\/\/www.tadano.com\/brazil\/wp-content\/themes\/tadano\/assets\/dist\/images\/Green-Solutions_Logo_White.svg\"><\/a>\n\t\t<\/div>\n\t<\/div>\n\t<div class=\"container\">\n\t\t<div class=\"text-holder \">\n\t\t\t<div class=\"wrap\">\n\t\t\t\t\n\t\t\t\t<ul class=\"breadcrumbs\"><li><a href=\"https:\/\/www.tadano.com\/brazil\/pt-br\/\">Home<\/a><\/li><\/ul>\n\t\t\t\t\n\n<h1 class=\"wp-block-heading\" id=\"h-investidores\">INVESTIDORES<\/h1>\n\n\n\n<p>Cultura de gest\u00e3o saud\u00e1vel e transparente. Produtos e servi\u00e7o de qualidade excelente. Contribui\u00e7\u00f5es impactantes \u00e0 sociedade. Tudo se resume a maximizar o valor e os retornos de investimentos.<\/p>\n\n\n\n\t\t\t\t\n\t\t\t<\/div>\n\n\t\t\t\n\t\t\t\n\t\t\t\n\t\t<\/div>\n\t<\/div>\n<\/section>\n\n\n<div class=\"wp-block-group is-style-background-triangle-left is-layout-flow wp-block-group-is-layout-flow\"><div class=\"wp-block-group__inner-container\">\n<p>A Tadano procura maximizar o valor corporativo de acordo com as expectativas das partes interessadas. Isso inclui uma cultura de gest\u00e3o saud\u00e1vel e transparente, excel\u00eancia continuada atrav\u00e9s de produtos e servi\u00e7o de qualidade, e contribui\u00e7\u00f5es \u00e0 sociedade governadas por nossa filosofia corporativa de &#8220;Cria\u00e7\u00e3o, Contribui\u00e7\u00e3o e Coopera\u00e7\u00e3o&#8221;. O Tadano Group acredita seriamente que uma empresa s\u00f3 pode existir com sucesso, se estiver em harmonia com a sociedade e as pessoas. Como um fabricante altamente admirado no ramo de equipamentos de eleva\u00e7\u00e3o, a Tadano tem se posicionado de maneira \u00fanica para auxiliar em projetos de restaura\u00e7\u00e3o de cunho cultural e instala\u00e7\u00f5es essenciais de infraestrutura e reparos ao redor do mundo. A empresa se empenha continuamente em fornecer com responsabilidade, efici\u00eancia em seus processos, desde a produ\u00e7\u00e3o \u00e0 gera\u00e7\u00e3o de energia renov\u00e1vel que maximiza os retornos de investimento.<\/p>\n\n\n\n<div class=\"wp-block-buttons is-layout-flex wp-block-buttons-is-layout-flex\">\n<div class=\"wp-block-button is-style-text-only\"><a class=\"wp-block-button__link\" href=\"https:\/\/www.tadano.com\/ir\/index.html\">RELA\u00c7\u00d5ES COM INVESTIDORES<\/a><\/div>\n<\/div>\n<\/div><\/div>\n","protected":false},"excerpt":{"rendered":"<p>A Tadano procura maximizar o valor corporativo de acordo com as expectativas das partes interessadas. Isso inclui uma cultura de gest\u00e3o saud\u00e1vel e transparente, excel\u00eancia continuada atrav\u00e9s de produtos e servi\u00e7o de qualidade, e contribui\u00e7\u00f5es \u00e0 sociedade governadas por nossa filosofia corporativa de &#8220;Cria\u00e7\u00e3o, Contribui\u00e7\u00e3o e Coopera\u00e7\u00e3o&#8221;. O Tadano Group acredita seriamente que uma empresa [&hellip;]<\/p>\n","protected":false},"author":3,"featured_media":0,"parent":0,"menu_order":0,"comment_status":"closed","ping_status":"closed","template":"","meta":{"_acf_changed":false,"footnotes":""},"acf":[],"yoast_head":"<!-- This site is optimized with the Yoast SEO plugin v22.3 - https:\/\/yoast.com\/wordpress\/plugins\/seo\/ -->\n<title>Investidores - Brazil<\/title>\n<meta name=\"robots\" content=\"index, follow, max-snippet:-1, max-image-preview:large, max-video-preview:-1\" \/>\n<link rel=\"canonical\" href=\"https:\/\/www.tadano.com\/brazil\/pt-br\/investidores\/\" \/>\n<meta property=\"og:locale\" content=\"pt_BR\" \/>\n<meta property=\"og:type\" content=\"article\" \/>\n<meta property=\"og:title\" content=\"Investidores - Brazil\" \/>\n<meta property=\"og:description\" content=\"A Tadano procura maximizar o valor corporativo de acordo com as expectativas das partes interessadas. Isso inclui uma cultura de gest\u00e3o saud\u00e1vel e transparente, excel\u00eancia continuada atrav\u00e9s de produtos e servi\u00e7o de qualidade, e contribui\u00e7\u00f5es \u00e0 sociedade governadas por nossa filosofia corporativa de &#8220;Cria\u00e7\u00e3o, Contribui\u00e7\u00e3o e Coopera\u00e7\u00e3o&#8221;. O Tadano Group acredita seriamente que uma empresa [&hellip;]\" \/>\n<meta property=\"og:url\" content=\"https:\/\/www.tadano.com\/brazil\/pt-br\/investidores\/\" \/>\n<meta property=\"og:site_name\" content=\"Brazil\" \/>\n<meta property=\"article:modified_time\" content=\"2023-09-14T13:07:02+00:00\" \/>\n<meta name=\"twitter:card\" content=\"summary_large_image\" \/>\n<meta name=\"twitter:label1\" content=\"Est. tempo de leitura\" \/>\n\t<meta name=\"twitter:data1\" content=\"1 minuto\" \/>\n<script type=\"application\/ld+json\" class=\"yoast-schema-graph\">{\"@context\":\"https:\/\/schema.org\",\"@graph\":[{\"@type\":\"WebPage\",\"@id\":\"https:\/\/www.tadano.com\/brazil\/pt-br\/investidores\/\",\"url\":\"https:\/\/www.tadano.com\/brazil\/pt-br\/investidores\/\",\"name\":\"Investidores - Brazil\",\"isPartOf\":{\"@id\":\"https:\/\/www.tadano.com\/brazil\/pt-br\/#website\"},\"datePublished\":\"2023-09-14T11:17:20+00:00\",\"dateModified\":\"2023-09-14T13:07:02+00:00\",\"inLanguage\":\"pt-BR\",\"potentialAction\":[{\"@type\":\"ReadAction\",\"target\":[\"https:\/\/www.tadano.com\/brazil\/pt-br\/investidores\/\"]}]},{\"@type\":\"WebSite\",\"@id\":\"https:\/\/www.tadano.com\/brazil\/pt-br\/#website\",\"url\":\"https:\/\/www.tadano.com\/brazil\/pt-br\/\",\"name\":\"Brazil\",\"description\":\"Just another TADANO EUROPE site\",\"potentialAction\":[{\"@type\":\"SearchAction\",\"target\":{\"@type\":\"EntryPoint\",\"urlTemplate\":\"https:\/\/www.tadano.com\/brazil\/pt-br\/?s={search_term_string}\"},\"query-input\":\"required name=search_term_string\"}],\"inLanguage\":\"pt-BR\"}]}<\/script>\n<!-- \/ Yoast SEO plugin. -->","yoast_head_json":{"title":"Investidores - Brazil","robots":{"index":"index","follow":"follow","max-snippet":"max-snippet:-1","max-image-preview":"max-image-preview:large","max-video-preview":"max-video-preview:-1"},"canonical":"https:\/\/www.tadano.com\/brazil\/pt-br\/investidores\/","og_locale":"pt_BR","og_type":"article","og_title":"Investidores - Brazil","og_description":"A Tadano procura maximizar o valor corporativo de acordo com as expectativas das partes interessadas. Isso inclui uma cultura de gest\u00e3o saud\u00e1vel e transparente, excel\u00eancia continuada atrav\u00e9s de produtos e servi\u00e7o de qualidade, e contribui\u00e7\u00f5es \u00e0 sociedade governadas por nossa filosofia corporativa de &#8220;Cria\u00e7\u00e3o, Contribui\u00e7\u00e3o e Coopera\u00e7\u00e3o&#8221;. O Tadano Group acredita seriamente que uma empresa [&hellip;]","og_url":"https:\/\/www.tadano.com\/brazil\/pt-br\/investidores\/","og_site_name":"Brazil","article_modified_time":"2023-09-14T13:07:02+00:00","twitter_card":"summary_large_image","twitter_misc":{"Est. tempo de leitura":"1 minuto"},"schema":{"@context":"https:\/\/schema.org","@graph":[{"@type":"WebPage","@id":"https:\/\/www.tadano.com\/brazil\/pt-br\/investidores\/","url":"https:\/\/www.tadano.com\/brazil\/pt-br\/investidores\/","name":"Investidores - Brazil","isPartOf":{"@id":"https:\/\/www.tadano.com\/brazil\/pt-br\/#website"},"datePublished":"2023-09-14T11:17:20+00:00","dateModified":"2023-09-14T13:07:02+00:00","inLanguage":"pt-BR","potentialAction":[{"@type":"ReadAction","target":["https:\/\/www.tadano.com\/brazil\/pt-br\/investidores\/"]}]},{"@type":"WebSite","@id":"https:\/\/www.tadano.com\/brazil\/pt-br\/#website","url":"https:\/\/www.tadano.com\/brazil\/pt-br\/","name":"Brazil","description":"Just another TADANO EUROPE site","potentialAction":[{"@type":"SearchAction","target":{"@type":"EntryPoint","urlTemplate":"https:\/\/www.tadano.com\/brazil\/pt-br\/?s={search_term_string}"},"query-input":"required name=search_term_string"}],"inLanguage":"pt-BR"}]}},"_links":{"self":[{"href":"https:\/\/www.tadano.com\/brazil\/pt-br\/wp-json\/wp\/v2\/pages\/3391"}],"collection":[{"href":"https:\/\/www.tadano.com\/brazil\/pt-br\/wp-json\/wp\/v2\/pages"}],"about":[{"href":"https:\/\/www.tadano.com\/brazil\/pt-br\/wp-json\/wp\/v2\/types\/page"}],"author":[{"embeddable":true,"href":"https:\/\/www.tadano.com\/brazil\/pt-br\/wp-json\/wp\/v2\/users\/3"}],"replies":[{"embeddable":true,"href":"https:\/\/www.tadano.com\/brazil\/pt-br\/wp-json\/wp\/v2\/comments?post=3391"}],"version-history":[{"count":1,"href":"https:\/\/www.tadano.com\/brazil\/pt-br\/wp-json\/wp\/v2\/pages\/3391\/revisions"}],"predecessor-version":[{"id":3392,"href":"https:\/\/www.tadano.com\/brazil\/pt-br\/wp-json\/wp\/v2\/pages\/3391\/revisions\/3392"}],"wp:attachment":[{"href":"https:\/\/www.tadano.com\/brazil\/pt-br\/wp-json\/wp\/v2\/media?parent=3391"}],"curies":[{"name":"wp","href":"https:\/\/api.w.org\/{rel}","templated":true}]}}