{"id":3416,"date":"2021-03-19T08:40:39","date_gmt":"2021-03-19T08:40:39","guid":{"rendered":"https:\/\/www.tadano.com\/brazil\/sales-services\/"},"modified":"2023-09-15T08:17:21","modified_gmt":"2023-09-15T08:17:21","slug":"vendas-e-servicos","status":"publish","type":"page","link":"https:\/\/www.tadano.com\/brazil\/pt-br\/vendas-e-servicos\/","title":{"rendered":"Vendas e servi\u00e7os"},"content":{"rendered":"\n\n\n<section class=\"hero-section\">\n\n\t\n\t\t\t<style type=\"text\/css\">\n\t\t\t.hero-section .img-holder:before {\n\t\t\t\tdisplay: none;\n\t\t\t}\n\t\t<\/style>\n\t\n\t\n\t<div class=\"img-holder \">\n\t\t\t\t<div class=\"bg-stretch\" style=\"background-position: 100% 50%; \">\n\t\t\t<span data-srcset=\"https:\/\/assets.onetadano.com\/celum_assets\/hero\/i-BrqbxVt-X3.jpg, https:\/\/assets.onetadano.com\/celum_assets\/hero-2x\/i-BrqbxVt-X3.jpg 2x\"><\/span>\n\t\t<\/div>\n\t\t\t\t\t\t<div class=\"logo green-solutions\" style=\"display:none;\">\n\t\t\t<a href=\"#\"><img decoding=\"async\" src=\"https:\/\/www.tadano.com\/brazil\/wp-content\/themes\/tadano\/assets\/dist\/images\/Green-Solutions_Logo_White.svg\"><\/a>\n\t\t<\/div>\n\t<\/div>\n\t<div class=\"container\">\n\t\t<div class=\"text-holder \">\n\t\t\t<div class=\"wrap\">\n\t\t\t\t\n\t\t\t\t<ul class=\"breadcrumbs\"><li><a href=\"https:\/\/www.tadano.com\/brazil\/pt-br\/\">Home<\/a><\/li><\/ul>\n\t\t\t\t\n\n<h1 class=\"wp-block-heading\" id=\"h-vendas-e-servi-os\">VENDAS E SERVI\u00c7OS<\/h1>\n\n\n\n<p>O suporte nunca para. T\u00e9cnicos treinados e parceiros confi\u00e1veis oferecem a disponibilidade local de servi\u00e7o, treinamento e pe\u00e7as sobressalentes necess\u00e1rios.<\/p>\n\n\n\n<div class=\"wp-block-buttons is-layout-flex wp-block-buttons-is-layout-flex\">\n<div class=\"wp-block-button is-style-btn-outline\"><a class=\"wp-block-button__link\" href=\"tel:+55-11-4772-0222\">Fale conosco +55-11-4772-0222<\/a><\/div>\n<\/div>\n\n\n\n\t\t\t\t\n\t\t\t<\/div>\n\n\t\t\t\n\t\t\t\n\t\t\t\n\t\t<\/div>\n\t<\/div>\n<\/section>\n\n\n<div style=\"height:100px\" aria-hidden=\"true\" class=\"wp-block-spacer\"><\/div>\n\n\n\n<section class=\"sales-support\">\n  <div class=\"container\">\n    <div class=\"text-block\">\n      \n\n<h2 class=\"wp-block-heading\" id=\"h-vendas\">Vendas<\/h2>\n\n\n\n<p>Descubra como os produtos e servi\u00e7os da Tadano em sua regi\u00e3o podem atender \u00e0s suas necessidades de solu\u00e7\u00e3o de eleva\u00e7\u00e3o. Entre em contato com nossa equipe de vendas experiente!<\/p>\n\n\n    <\/div>\n          <ul class=\"support-list\">\n                            <li>\n                          <a href=\"https:\/\/www.tadano.com\/brazil\/pt-br\/vendas-e-servicos\/vendas\/\">\n                                        <span class=\"title\">Vendas<\/span>\n            <\/a>\n          <\/li>\n                            <li>\n                          <a href=\"https:\/\/www.tadano.com\/brazil\/pt-br\/vendas\/\">\n                                        <span class=\"title\">Localizador de distribuidor<\/span>\n            <\/a>\n          <\/li>\n                            <li>\n                          <a href=\"https:\/\/www.tadano.com\/brazil\/pt-br\/vendas\/\">\n                                        <span class=\"title\">Financiamento<\/span>\n            <\/a>\n          <\/li>\n              <\/ul>\n      <\/div>\n<\/section>\n\n\n<div style=\"height:100px\" aria-hidden=\"true\" class=\"wp-block-spacer\"><\/div>\n\n\n\n<div style=\"height:100px\" aria-hidden=\"true\" class=\"wp-block-spacer\"><\/div>\n\n\n\n<div style=\"height:100px\" aria-hidden=\"true\" class=\"wp-block-spacer\"><\/div>\n\n\n\n<div class=\"wp-block-group is-style-background-cyan is-layout-flow wp-block-group-is-layout-flow\"><div class=\"wp-block-group__inner-container\">\n<section class=\"sales-support\">\n  <div class=\"container\">\n    <div class=\"text-block\">\n      \n\n<h2 class=\"wp-block-heading has-white-color has-text-color\" id=\"h-services\">Services<\/h2>\n\n\n\n<p class=\"has-white-color has-text-color\">Parceiros da Tadano com uma rede abrangente de distribuidores e agentes de servi\u00e7o para oferecer disponibilidade local de servi\u00e7o, treinamento e pe\u00e7as sobressalentes.<\/p>\n\n\n    <\/div>\n          <ul class=\"support-list\">\n                            <li>\n                          <a href=\"\/en\/sales-services\/parts\/\">\n                                        <span class=\"title\">Pe\u00e7as<\/span>\n            <\/a>\n          <\/li>\n                            <li>\n                          <a href=\"https:\/\/www.tadanoamerica-training.com\/\">\n                                        <span class=\"title\">Treinamento<\/span>\n            <\/a>\n          <\/li>\n                            <li>\n                          <a href=\"\/en\/sales-services\/customer-support\/\">\n                                        <span class=\"title\">Suporte ao cliente<\/span>\n            <\/a>\n          <\/li>\n              <\/ul>\n      <\/div>\n<\/section><\/div><\/div>\n","protected":false},"excerpt":{"rendered":"","protected":false},"author":1,"featured_media":0,"parent":0,"menu_order":0,"comment_status":"closed","ping_status":"closed","template":"","meta":{"_acf_changed":false,"footnotes":""},"acf":[],"yoast_head":"<!-- This site is optimized with the Yoast SEO plugin v22.3 - https:\/\/yoast.com\/wordpress\/plugins\/seo\/ -->\n<title>Vendas e servi\u00e7os - Brazil<\/title>\n<meta name=\"robots\" content=\"index, follow, max-snippet:-1, max-image-preview:large, max-video-preview:-1\" \/>\n<link rel=\"canonical\" href=\"https:\/\/www.tadano.com\/brazil\/pt-br\/vendas-e-servicos\/\" \/>\n<meta property=\"og:locale\" content=\"pt_BR\" \/>\n<meta property=\"og:type\" content=\"article\" \/>\n<meta property=\"og:title\" content=\"Vendas e servi\u00e7os - Brazil\" \/>\n<meta property=\"og:url\" content=\"https:\/\/www.tadano.com\/brazil\/pt-br\/vendas-e-servicos\/\" \/>\n<meta property=\"og:site_name\" content=\"Brazil\" \/>\n<meta property=\"article:modified_time\" content=\"2023-09-15T08:17:21+00:00\" \/>\n<meta name=\"twitter:card\" content=\"summary_large_image\" \/>\n<meta name=\"twitter:label1\" content=\"Est. tempo de leitura\" \/>\n\t<meta name=\"twitter:data1\" content=\"1 minuto\" \/>\n<script type=\"application\/ld+json\" class=\"yoast-schema-graph\">{\"@context\":\"https:\/\/schema.org\",\"@graph\":[{\"@type\":\"WebPage\",\"@id\":\"https:\/\/www.tadano.com\/brazil\/pt-br\/vendas-e-servicos\/\",\"url\":\"https:\/\/www.tadano.com\/brazil\/pt-br\/vendas-e-servicos\/\",\"name\":\"Vendas e servi\u00e7os - Brazil\",\"isPartOf\":{\"@id\":\"https:\/\/www.tadano.com\/brazil\/pt-br\/#website\"},\"datePublished\":\"2021-03-19T08:40:39+00:00\",\"dateModified\":\"2023-09-15T08:17:21+00:00\",\"inLanguage\":\"pt-BR\",\"potentialAction\":[{\"@type\":\"ReadAction\",\"target\":[\"https:\/\/www.tadano.com\/brazil\/pt-br\/vendas-e-servicos\/\"]}]},{\"@type\":\"WebSite\",\"@id\":\"https:\/\/www.tadano.com\/brazil\/pt-br\/#website\",\"url\":\"https:\/\/www.tadano.com\/brazil\/pt-br\/\",\"name\":\"Brazil\",\"description\":\"Just another TADANO EUROPE site\",\"potentialAction\":[{\"@type\":\"SearchAction\",\"target\":{\"@type\":\"EntryPoint\",\"urlTemplate\":\"https:\/\/www.tadano.com\/brazil\/pt-br\/?s={search_term_string}\"},\"query-input\":\"required name=search_term_string\"}],\"inLanguage\":\"pt-BR\"}]}<\/script>\n<!-- \/ Yoast SEO plugin. -->","yoast_head_json":{"title":"Vendas e servi\u00e7os - Brazil","robots":{"index":"index","follow":"follow","max-snippet":"max-snippet:-1","max-image-preview":"max-image-preview:large","max-video-preview":"max-video-preview:-1"},"canonical":"https:\/\/www.tadano.com\/brazil\/pt-br\/vendas-e-servicos\/","og_locale":"pt_BR","og_type":"article","og_title":"Vendas e servi\u00e7os - Brazil","og_url":"https:\/\/www.tadano.com\/brazil\/pt-br\/vendas-e-servicos\/","og_site_name":"Brazil","article_modified_time":"2023-09-15T08:17:21+00:00","twitter_card":"summary_large_image","twitter_misc":{"Est. tempo de leitura":"1 minuto"},"schema":{"@context":"https:\/\/schema.org","@graph":[{"@type":"WebPage","@id":"https:\/\/www.tadano.com\/brazil\/pt-br\/vendas-e-servicos\/","url":"https:\/\/www.tadano.com\/brazil\/pt-br\/vendas-e-servicos\/","name":"Vendas e servi\u00e7os - Brazil","isPartOf":{"@id":"https:\/\/www.tadano.com\/brazil\/pt-br\/#website"},"datePublished":"2021-03-19T08:40:39+00:00","dateModified":"2023-09-15T08:17:21+00:00","inLanguage":"pt-BR","potentialAction":[{"@type":"ReadAction","target":["https:\/\/www.tadano.com\/brazil\/pt-br\/vendas-e-servicos\/"]}]},{"@type":"WebSite","@id":"https:\/\/www.tadano.com\/brazil\/pt-br\/#website","url":"https:\/\/www.tadano.com\/brazil\/pt-br\/","name":"Brazil","description":"Just another TADANO EUROPE site","potentialAction":[{"@type":"SearchAction","target":{"@type":"EntryPoint","urlTemplate":"https:\/\/www.tadano.com\/brazil\/pt-br\/?s={search_term_string}"},"query-input":"required name=search_term_string"}],"inLanguage":"pt-BR"}]}},"_links":{"self":[{"href":"https:\/\/www.tadano.com\/brazil\/pt-br\/wp-json\/wp\/v2\/pages\/3416"}],"collection":[{"href":"https:\/\/www.tadano.com\/brazil\/pt-br\/wp-json\/wp\/v2\/pages"}],"about":[{"href":"https:\/\/www.tadano.com\/brazil\/pt-br\/wp-json\/wp\/v2\/types\/page"}],"author":[{"embeddable":true,"href":"https:\/\/www.tadano.com\/brazil\/pt-br\/wp-json\/wp\/v2\/users\/1"}],"replies":[{"embeddable":true,"href":"https:\/\/www.tadano.com\/brazil\/pt-br\/wp-json\/wp\/v2\/comments?post=3416"}],"version-history":[{"count":1,"href":"https:\/\/www.tadano.com\/brazil\/pt-br\/wp-json\/wp\/v2\/pages\/3416\/revisions"}],"predecessor-version":[{"id":3418,"href":"https:\/\/www.tadano.com\/brazil\/pt-br\/wp-json\/wp\/v2\/pages\/3416\/revisions\/3418"}],"wp:attachment":[{"href":"https:\/\/www.tadano.com\/brazil\/pt-br\/wp-json\/wp\/v2\/media?parent=3416"}],"curies":[{"name":"wp","href":"https:\/\/api.w.org\/{rel}","templated":true}]}}