{"id":3419,"date":"2021-03-19T11:48:58","date_gmt":"2021-03-19T11:48:58","guid":{"rendered":"https:\/\/www.tadano.com\/brazil\/?page_id=3419"},"modified":"2024-10-01T22:36:17","modified_gmt":"2024-10-01T22:36:17","slug":"suporte-ao-cliente","status":"publish","type":"page","link":"https:\/\/www.tadano.com\/brazil\/pt-br\/vendas-e-servicos\/suporte-ao-cliente\/","title":{"rendered":"Suporte ao cliente"},"content":{"rendered":"\n\n\n<section class=\"hero-section\">\n\n\t\n\t\n\t\n\t<div class=\"img-holder \">\n\t\t\t\t<div class=\"bg-stretch\" style=\"background-position: 50% 0; \">\n\t\t\t<span data-srcset=\"https:\/\/assets.onetadano.com\/celum_assets\/hero\/i-NQVDBHZ-X3.jpg, https:\/\/assets.onetadano.com\/celum_assets\/hero-2x\/i-NQVDBHZ-X3.jpg 2x\"><\/span>\n\t\t<\/div>\n\t\t\t\t\t\t<div class=\"logo green-solutions\" style=\"display:none;\">\n\t\t\t<a href=\"#\"><img decoding=\"async\" src=\"https:\/\/www.tadano.com\/brazil\/wp-content\/themes\/tadano\/assets\/dist\/images\/Green-Solutions_Logo_White.svg\"><\/a>\n\t\t<\/div>\n\t<\/div>\n\t<div class=\"container\">\n\t\t<div class=\"text-holder \">\n\t\t\t<div class=\"wrap\">\n\t\t\t\t\n\t\t\t\t<ul class=\"breadcrumbs\"><li><a href=\"https:\/\/www.tadano.com\/brazil\/pt-br\/\">Home<\/a><\/li><\/ul>\n\t\t\t\t\n\n<h1 class=\"wp-block-heading\" id=\"h-suporte-ao-cliente\">SUPORTE AO CLIENTE<\/h1>\n\n\n\n<p>As equipes de servi\u00e7o dedicadas da Tadano s\u00e3o treinadas em v\u00e1rias \u00e1reas para manter todos os produtos funcionando com seguran\u00e7a, incluindo t\u00e9cnicos de servi\u00e7o com treinamento em f\u00e1brica e possu\u00edmos t\u00e9cnicos em nossos canais de distribui\u00e7\u00e3o.<\/p>\n\n\n\n<p>Linha de suporte:  <a href=\"tel:+55-11-4772-0222\">+55-11-4772-0222<\/a><\/p>\n\n\n\n<div class=\"wp-block-buttons is-layout-flex wp-block-buttons-is-layout-flex\">\n<div class=\"wp-block-button\"><a class=\"wp-block-button__link wp-element-button\" href=\"mailto:customersupport.tbl@tadano.com\">ENVIE-NOS UM E-MAIL<\/a><\/div>\n<\/div>\n\n\n\n\t\t\t\t\n\t\t\t<\/div>\n\n\t\t\t\n\t\t\t\n\t\t\t\n\t\t<\/div>\n\t<\/div>\n<\/section>\n\n\n<div class=\"wp-block-group is-style-default is-layout-flow wp-block-group-is-layout-flow\"><div class=\"wp-block-group__inner-container\">\n<div class=\"wp-block-columns is-layout-flex wp-container-core-columns-layout-1 wp-block-columns-is-layout-flex\">\n<div class=\"wp-block-column is-style-white-background is-layout-flow wp-block-column-is-layout-flow\">\n<h4 class=\"wp-block-heading\" id=\"h-vendas\">Vendas<\/h4>\n\n\n\n<p>Os representantes de vendas dedicados da Tadano fazem parceria com voc\u00ea, desde a aquisi\u00e7\u00e3o e financiamento para garantir que voc\u00ea obtenha o m\u00e1ximo de seus guindastes com servi\u00e7o p\u00f3s-vendas atencioso e abrangente.<\/p>\n\n\n\n<div class=\"wp-block-buttons is-layout-flex wp-block-buttons-is-layout-flex\">\n<div class=\"wp-block-button\"><a class=\"wp-block-button__link wp-element-button\" href=\"https:\/\/tadanoamericas.com\/en\/sales-services\/sales\/\">Saiba mais<\/a><\/div>\n<\/div>\n<\/div>\n\n\n\n<div class=\"wp-block-column is-style-white-background is-layout-flow wp-block-column-is-layout-flow\">\n<h4 class=\"wp-block-heading\" id=\"h-fale-conosco\">Fale conosco<\/h4>\n\n\n\n<p>A Tadano est\u00e1 aqui para voc\u00ea 24 horas por dia e pronta para oferecer servi\u00e7o imediato e atencioso que tratar\u00e1 de qualquer uma de suas necessidades.<\/p>\n\n\n\n<div class=\"wp-block-buttons is-layout-flex wp-block-buttons-is-layout-flex\">\n<div class=\"wp-block-button\"><a class=\"wp-block-button__link wp-element-button\" href=\"https:\/\/tadanoamericas.com\/en\/about\/contact\/\">Entre em contato<\/a><\/div>\n<\/div>\n<\/div>\n<\/div>\n<\/div><\/div>\n\n\n\n<div class=\"wp-block-group is-style-background-cyan is-layout-flow wp-block-group-is-layout-flow\"><div class=\"wp-block-group__inner-container\">\n<div class=\"wp-block-columns is-layout-flex wp-container-core-columns-layout-3 wp-block-columns-is-layout-flex\">\n<div class=\"wp-block-column is-vertically-aligned-center is-layout-flow wp-block-column-is-layout-flow\" style=\"flex-basis:33.33%\">\n<h2 class=\"wp-block-heading\" id=\"h-quick-numbers\">Quick Numbers<\/h2>\n<\/div>\n\n\n\n<div class=\"wp-block-column is-vertically-aligned-center is-layout-flow wp-block-column-is-layout-flow\" style=\"flex-basis:66.66%\">\n<div class=\"wp-block-columns is-layout-flex wp-container-core-columns-layout-2 wp-block-columns-is-layout-flex\">\n<div class=\"wp-block-column is-layout-flow wp-block-column-is-layout-flow\">\n<p><strong>Brazil Entre em contato<\/strong><\/p>\n\n\n\n<p><strong>Tel. +55 11 4772-0222<\/strong><\/p>\n\n\n\n<p><strong><a href=\"mailto:customersupport.tbl@tadano.com\">customersupport.tbl@tadano.com<\/a><\/strong><\/p>\n<\/div>\n<\/div>\n<\/div>\n<\/div>\n<\/div><\/div>\n\n\n\n<p><\/p>\n","protected":false},"excerpt":{"rendered":"<p>Vendas Os representantes de vendas dedicados da Tadano fazem parceria com voc\u00ea, desde a aquisi\u00e7\u00e3o e financiamento para garantir que voc\u00ea obtenha o m\u00e1ximo de seus guindastes com servi\u00e7o p\u00f3s-vendas atencioso e abrangente. Fale conosco A Tadano est\u00e1 aqui para voc\u00ea 24 horas por dia e pronta para oferecer servi\u00e7o imediato e atencioso que tratar\u00e1 [&hellip;]<\/p>\n","protected":false},"author":3,"featured_media":0,"parent":3416,"menu_order":0,"comment_status":"closed","ping_status":"closed","template":"","meta":{"_acf_changed":false,"footnotes":""},"acf":[],"yoast_head":"<!-- This site is optimized with the Yoast SEO plugin v22.3 - https:\/\/yoast.com\/wordpress\/plugins\/seo\/ -->\n<title>Suporte ao cliente - Brazil<\/title>\n<meta name=\"robots\" content=\"index, follow, max-snippet:-1, max-image-preview:large, max-video-preview:-1\" \/>\n<link rel=\"canonical\" href=\"https:\/\/www.tadano.com\/brazil\/pt-br\/vendas-e-servicos\/suporte-ao-cliente\/\" \/>\n<meta property=\"og:locale\" content=\"pt_BR\" \/>\n<meta property=\"og:type\" content=\"article\" \/>\n<meta property=\"og:title\" content=\"Suporte ao cliente - Brazil\" \/>\n<meta property=\"og:description\" content=\"Vendas Os representantes de vendas dedicados da Tadano fazem parceria com voc\u00ea, desde a aquisi\u00e7\u00e3o e financiamento para garantir que voc\u00ea obtenha o m\u00e1ximo de seus guindastes com servi\u00e7o p\u00f3s-vendas atencioso e abrangente. Fale conosco A Tadano est\u00e1 aqui para voc\u00ea 24 horas por dia e pronta para oferecer servi\u00e7o imediato e atencioso que tratar\u00e1 [&hellip;]\" \/>\n<meta property=\"og:url\" content=\"https:\/\/www.tadano.com\/brazil\/pt-br\/vendas-e-servicos\/suporte-ao-cliente\/\" \/>\n<meta property=\"og:site_name\" content=\"Brazil\" \/>\n<meta property=\"article:modified_time\" content=\"2024-10-01T22:36:17+00:00\" \/>\n<meta name=\"twitter:card\" content=\"summary_large_image\" \/>\n<meta name=\"twitter:label1\" content=\"Est. tempo de leitura\" \/>\n\t<meta name=\"twitter:data1\" content=\"1 minuto\" \/>\n<script type=\"application\/ld+json\" class=\"yoast-schema-graph\">{\"@context\":\"https:\/\/schema.org\",\"@graph\":[{\"@type\":\"WebPage\",\"@id\":\"https:\/\/www.tadano.com\/brazil\/pt-br\/vendas-e-servicos\/suporte-ao-cliente\/\",\"url\":\"https:\/\/www.tadano.com\/brazil\/pt-br\/vendas-e-servicos\/suporte-ao-cliente\/\",\"name\":\"Suporte ao cliente - Brazil\",\"isPartOf\":{\"@id\":\"https:\/\/www.tadano.com\/brazil\/pt-br\/#website\"},\"datePublished\":\"2021-03-19T11:48:58+00:00\",\"dateModified\":\"2024-10-01T22:36:17+00:00\",\"breadcrumb\":{\"@id\":\"https:\/\/www.tadano.com\/brazil\/pt-br\/vendas-e-servicos\/suporte-ao-cliente\/#breadcrumb\"},\"inLanguage\":\"pt-BR\",\"potentialAction\":[{\"@type\":\"ReadAction\",\"target\":[\"https:\/\/www.tadano.com\/brazil\/pt-br\/vendas-e-servicos\/suporte-ao-cliente\/\"]}]},{\"@type\":\"BreadcrumbList\",\"@id\":\"https:\/\/www.tadano.com\/brazil\/pt-br\/vendas-e-servicos\/suporte-ao-cliente\/#breadcrumb\",\"itemListElement\":[{\"@type\":\"ListItem\",\"position\":1,\"name\":\"Vendas e servi\u00e7os\",\"item\":\"https:\/\/www.tadano.com\/brazil\/pt-br\/vendas-e-servicos\/\"},{\"@type\":\"ListItem\",\"position\":2,\"name\":\"Suporte ao cliente\"}]},{\"@type\":\"WebSite\",\"@id\":\"https:\/\/www.tadano.com\/brazil\/pt-br\/#website\",\"url\":\"https:\/\/www.tadano.com\/brazil\/pt-br\/\",\"name\":\"Brazil\",\"description\":\"Just another TADANO EUROPE site\",\"potentialAction\":[{\"@type\":\"SearchAction\",\"target\":{\"@type\":\"EntryPoint\",\"urlTemplate\":\"https:\/\/www.tadano.com\/brazil\/pt-br\/?s={search_term_string}\"},\"query-input\":\"required name=search_term_string\"}],\"inLanguage\":\"pt-BR\"}]}<\/script>\n<!-- \/ Yoast SEO plugin. -->","yoast_head_json":{"title":"Suporte ao cliente - Brazil","robots":{"index":"index","follow":"follow","max-snippet":"max-snippet:-1","max-image-preview":"max-image-preview:large","max-video-preview":"max-video-preview:-1"},"canonical":"https:\/\/www.tadano.com\/brazil\/pt-br\/vendas-e-servicos\/suporte-ao-cliente\/","og_locale":"pt_BR","og_type":"article","og_title":"Suporte ao cliente - Brazil","og_description":"Vendas Os representantes de vendas dedicados da Tadano fazem parceria com voc\u00ea, desde a aquisi\u00e7\u00e3o e financiamento para garantir que voc\u00ea obtenha o m\u00e1ximo de seus guindastes com servi\u00e7o p\u00f3s-vendas atencioso e abrangente. Fale conosco A Tadano est\u00e1 aqui para voc\u00ea 24 horas por dia e pronta para oferecer servi\u00e7o imediato e atencioso que tratar\u00e1 [&hellip;]","og_url":"https:\/\/www.tadano.com\/brazil\/pt-br\/vendas-e-servicos\/suporte-ao-cliente\/","og_site_name":"Brazil","article_modified_time":"2024-10-01T22:36:17+00:00","twitter_card":"summary_large_image","twitter_misc":{"Est. tempo de leitura":"1 minuto"},"schema":{"@context":"https:\/\/schema.org","@graph":[{"@type":"WebPage","@id":"https:\/\/www.tadano.com\/brazil\/pt-br\/vendas-e-servicos\/suporte-ao-cliente\/","url":"https:\/\/www.tadano.com\/brazil\/pt-br\/vendas-e-servicos\/suporte-ao-cliente\/","name":"Suporte ao cliente - Brazil","isPartOf":{"@id":"https:\/\/www.tadano.com\/brazil\/pt-br\/#website"},"datePublished":"2021-03-19T11:48:58+00:00","dateModified":"2024-10-01T22:36:17+00:00","breadcrumb":{"@id":"https:\/\/www.tadano.com\/brazil\/pt-br\/vendas-e-servicos\/suporte-ao-cliente\/#breadcrumb"},"inLanguage":"pt-BR","potentialAction":[{"@type":"ReadAction","target":["https:\/\/www.tadano.com\/brazil\/pt-br\/vendas-e-servicos\/suporte-ao-cliente\/"]}]},{"@type":"BreadcrumbList","@id":"https:\/\/www.tadano.com\/brazil\/pt-br\/vendas-e-servicos\/suporte-ao-cliente\/#breadcrumb","itemListElement":[{"@type":"ListItem","position":1,"name":"Vendas e servi\u00e7os","item":"https:\/\/www.tadano.com\/brazil\/pt-br\/vendas-e-servicos\/"},{"@type":"ListItem","position":2,"name":"Suporte ao cliente"}]},{"@type":"WebSite","@id":"https:\/\/www.tadano.com\/brazil\/pt-br\/#website","url":"https:\/\/www.tadano.com\/brazil\/pt-br\/","name":"Brazil","description":"Just another TADANO EUROPE site","potentialAction":[{"@type":"SearchAction","target":{"@type":"EntryPoint","urlTemplate":"https:\/\/www.tadano.com\/brazil\/pt-br\/?s={search_term_string}"},"query-input":"required name=search_term_string"}],"inLanguage":"pt-BR"}]}},"_links":{"self":[{"href":"https:\/\/www.tadano.com\/brazil\/pt-br\/wp-json\/wp\/v2\/pages\/3419"}],"collection":[{"href":"https:\/\/www.tadano.com\/brazil\/pt-br\/wp-json\/wp\/v2\/pages"}],"about":[{"href":"https:\/\/www.tadano.com\/brazil\/pt-br\/wp-json\/wp\/v2\/types\/page"}],"author":[{"embeddable":true,"href":"https:\/\/www.tadano.com\/brazil\/pt-br\/wp-json\/wp\/v2\/users\/3"}],"replies":[{"embeddable":true,"href":"https:\/\/www.tadano.com\/brazil\/pt-br\/wp-json\/wp\/v2\/comments?post=3419"}],"version-history":[{"count":3,"href":"https:\/\/www.tadano.com\/brazil\/pt-br\/wp-json\/wp\/v2\/pages\/3419\/revisions"}],"predecessor-version":[{"id":3854,"href":"https:\/\/www.tadano.com\/brazil\/pt-br\/wp-json\/wp\/v2\/pages\/3419\/revisions\/3854"}],"up":[{"embeddable":true,"href":"https:\/\/www.tadano.com\/brazil\/pt-br\/wp-json\/wp\/v2\/pages\/3416"}],"wp:attachment":[{"href":"https:\/\/www.tadano.com\/brazil\/pt-br\/wp-json\/wp\/v2\/media?parent=3419"}],"curies":[{"name":"wp","href":"https:\/\/api.w.org\/{rel}","templated":true}]}}