{"id":3425,"date":"2021-03-19T10:12:05","date_gmt":"2021-03-19T10:12:05","guid":{"rendered":"https:\/\/www.tadano.com\/brazil\/?page_id=3425"},"modified":"2026-01-30T08:30:49","modified_gmt":"2026-01-30T08:30:49","slug":"pecas","status":"publish","type":"page","link":"https:\/\/www.tadano.com\/brazil\/pt-br\/vendas-e-servicos\/pecas\/","title":{"rendered":"Pe\u00e7as"},"content":{"rendered":"\n\n\n<section class=\"hero-section\">\n\n\t\n\t\t\t<style type=\"text\/css\">\n\t\t\t.hero-section .img-holder:before {\n\t\t\t\tdisplay: none;\n\t\t\t}\n\t\t<\/style>\n\t\n\t\n\t<div class=\"img-holder \">\n\t\t\t\t<div class=\"bg-stretch\" style=\"background-position: 50% 50%; \">\n\t\t\t<span data-srcset=\"https:\/\/assets.onetadano.com\/celum_assets\/hero\/Lager_Lauf_web-2.jpg, https:\/\/assets.onetadano.com\/celum_assets\/hero-2x\/Lager_Lauf_web-2.jpg 2x\"><\/span>\n\t\t<\/div>\n\t\t\t\t\t\t<div class=\"logo green-solutions\" style=\"display:none;\">\n\t\t\t<a href=\"#\"><img decoding=\"async\" src=\"https:\/\/www.tadano.com\/brazil\/wp-content\/themes\/tadano\/assets\/dist\/images\/Green-Solutions_Logo_White.svg\"><\/a>\n\t\t<\/div>\n\t<\/div>\n\t<div class=\"container\">\n\t\t<div class=\"text-holder \">\n\t\t\t<div class=\"wrap\">\n\t\t\t\t\n\t\t\t\t<ul class=\"breadcrumbs\"><li><a href=\"https:\/\/www.tadano.com\/brazil\/pt-br\/\">Home<\/a><\/li><\/ul>\n\t\t\t\t\n\n<h1 class=\"wp-block-heading\" id=\"h-pe-as\">PE\u00c7AS<\/h1>\n\n\n\n<p>Nossas pe\u00e7as sobressalentes originais para os guindastes Tadano e Demag ajudam sua empresa e seus guindastes a obter o m\u00e1ximo desempenho. Estamos aqui para apoi\u00e1-lo com uma excelente disponibilidade de pe\u00e7as sobressalentes e r\u00e1pido envio.<\/p>\n\n\n\n<div class=\"wp-block-buttons is-layout-flex wp-block-buttons-is-layout-flex\">\n<div class=\"wp-block-button\"><a class=\"wp-block-button__link wp-element-button\" href=\"tel:+55-11-4772-0222\">Fale conosco<\/a><\/div>\n\n\n\n<div class=\"wp-block-button is-style-btn-outline\"><a class=\"wp-block-button__link wp-element-button\" href=\"mailto:spareparts.tbl@tadano.com\">Envie-nos um e-mail<\/a><\/div>\n<\/div>\n\n\n\n<p><\/p>\n\n\n\n\t\t\t\t\n\t\t\t<\/div>\n\n\t\t\t\n\t\t\t\n\t\t\t\n\t\t<\/div>\n\t<\/div>\n<\/section>\n\n<section class=\"featured-block03\">\n  <div class=\"img-holder\">\n      <\/div>\n  <div class=\"container\">\n    <div class=\"text-holder\">\n      \n\n<h2 class=\"wp-block-heading\" id=\"h-pesquise-as-pe-as\">VENDAS DE PE\u00c7AS ORIGINAIS<\/h2>\n\n\n\n<p>O portal web da Tadano oferece solu\u00e7\u00f5es convenientes e eficientes para que revendedores e clientes fidelizados, para que obtenham a aquisi\u00e7\u00e3o de pe\u00e7as de maneira eficaz. Para necessidades urgentes no Brasil, entre em contato com a equipe de pe\u00e7as da Tadano <a href=\"tel:+55-11-4772-0222\">+55-11-4772-0222<\/a> ou <a href=\"mailto:spareparts.tbl@tadano.com\">spareparts.tbl@tadano.com<\/a> ou seu revendedor mais pr\u00f3ximo. Fora da Am\u00e9rica do Norte, a Tadano Worldwide Network pode mostrar os locais de suporte global mais pr\u00f3ximos.<\/p>\n\n\n\n<div class=\"wp-block-buttons is-layout-flex wp-block-buttons-is-layout-flex\">\n<div class=\"wp-block-button\"><a class=\"wp-block-button__link wp-element-button\" href=\"https:\/\/myportal.tadano.com\/us\/login\" target=\"_blank\" rel=\"noreferrer noopener\">Portal de pe\u00e7as<\/a><\/div>\n<\/div>\n\n\n\n<p><\/p>\n\n\n    <\/div>\n  <\/div>\n<\/section>\n\n\n<p><\/p>\n\n\n\n<p><\/p>\n","protected":false},"excerpt":{"rendered":"","protected":false},"author":3,"featured_media":0,"parent":3416,"menu_order":0,"comment_status":"closed","ping_status":"closed","template":"","meta":{"_acf_changed":false,"footnotes":""},"acf":[],"yoast_head":"<!-- This site is optimized with the Yoast SEO plugin v22.3 - https:\/\/yoast.com\/wordpress\/plugins\/seo\/ -->\n<title>Pe\u00e7as - Brazil<\/title>\n<meta name=\"robots\" content=\"index, follow, max-snippet:-1, max-image-preview:large, max-video-preview:-1\" \/>\n<link rel=\"canonical\" href=\"https:\/\/www.tadano.com\/brazil\/pt-br\/vendas-e-servicos\/pecas\/\" \/>\n<meta property=\"og:locale\" content=\"pt_BR\" \/>\n<meta property=\"og:type\" content=\"article\" \/>\n<meta property=\"og:title\" content=\"Pe\u00e7as - Brazil\" \/>\n<meta property=\"og:url\" content=\"https:\/\/www.tadano.com\/brazil\/pt-br\/vendas-e-servicos\/pecas\/\" \/>\n<meta property=\"og:site_name\" content=\"Brazil\" \/>\n<meta property=\"article:modified_time\" content=\"2026-01-30T08:30:49+00:00\" \/>\n<meta name=\"twitter:card\" content=\"summary_large_image\" \/>\n<meta name=\"twitter:label1\" content=\"Est. tempo de leitura\" \/>\n\t<meta name=\"twitter:data1\" content=\"1 minuto\" \/>\n<script type=\"application\/ld+json\" class=\"yoast-schema-graph\">{\"@context\":\"https:\/\/schema.org\",\"@graph\":[{\"@type\":\"WebPage\",\"@id\":\"https:\/\/www.tadano.com\/brazil\/pt-br\/vendas-e-servicos\/pecas\/\",\"url\":\"https:\/\/www.tadano.com\/brazil\/pt-br\/vendas-e-servicos\/pecas\/\",\"name\":\"Pe\u00e7as - Brazil\",\"isPartOf\":{\"@id\":\"https:\/\/www.tadano.com\/brazil\/pt-br\/#website\"},\"datePublished\":\"2021-03-19T10:12:05+00:00\",\"dateModified\":\"2026-01-30T08:30:49+00:00\",\"breadcrumb\":{\"@id\":\"https:\/\/www.tadano.com\/brazil\/pt-br\/vendas-e-servicos\/pecas\/#breadcrumb\"},\"inLanguage\":\"pt-BR\",\"potentialAction\":[{\"@type\":\"ReadAction\",\"target\":[\"https:\/\/www.tadano.com\/brazil\/pt-br\/vendas-e-servicos\/pecas\/\"]}]},{\"@type\":\"BreadcrumbList\",\"@id\":\"https:\/\/www.tadano.com\/brazil\/pt-br\/vendas-e-servicos\/pecas\/#breadcrumb\",\"itemListElement\":[{\"@type\":\"ListItem\",\"position\":1,\"name\":\"Vendas e servi\u00e7os\",\"item\":\"https:\/\/www.tadano.com\/brazil\/pt-br\/vendas-e-servicos\/\"},{\"@type\":\"ListItem\",\"position\":2,\"name\":\"Pe\u00e7as\"}]},{\"@type\":\"WebSite\",\"@id\":\"https:\/\/www.tadano.com\/brazil\/pt-br\/#website\",\"url\":\"https:\/\/www.tadano.com\/brazil\/pt-br\/\",\"name\":\"Brazil\",\"description\":\"Just another TADANO EUROPE site\",\"potentialAction\":[{\"@type\":\"SearchAction\",\"target\":{\"@type\":\"EntryPoint\",\"urlTemplate\":\"https:\/\/www.tadano.com\/brazil\/pt-br\/?s={search_term_string}\"},\"query-input\":\"required name=search_term_string\"}],\"inLanguage\":\"pt-BR\"}]}<\/script>\n<!-- \/ Yoast SEO plugin. -->","yoast_head_json":{"title":"Pe\u00e7as - Brazil","robots":{"index":"index","follow":"follow","max-snippet":"max-snippet:-1","max-image-preview":"max-image-preview:large","max-video-preview":"max-video-preview:-1"},"canonical":"https:\/\/www.tadano.com\/brazil\/pt-br\/vendas-e-servicos\/pecas\/","og_locale":"pt_BR","og_type":"article","og_title":"Pe\u00e7as - Brazil","og_url":"https:\/\/www.tadano.com\/brazil\/pt-br\/vendas-e-servicos\/pecas\/","og_site_name":"Brazil","article_modified_time":"2026-01-30T08:30:49+00:00","twitter_card":"summary_large_image","twitter_misc":{"Est. tempo de leitura":"1 minuto"},"schema":{"@context":"https:\/\/schema.org","@graph":[{"@type":"WebPage","@id":"https:\/\/www.tadano.com\/brazil\/pt-br\/vendas-e-servicos\/pecas\/","url":"https:\/\/www.tadano.com\/brazil\/pt-br\/vendas-e-servicos\/pecas\/","name":"Pe\u00e7as - Brazil","isPartOf":{"@id":"https:\/\/www.tadano.com\/brazil\/pt-br\/#website"},"datePublished":"2021-03-19T10:12:05+00:00","dateModified":"2026-01-30T08:30:49+00:00","breadcrumb":{"@id":"https:\/\/www.tadano.com\/brazil\/pt-br\/vendas-e-servicos\/pecas\/#breadcrumb"},"inLanguage":"pt-BR","potentialAction":[{"@type":"ReadAction","target":["https:\/\/www.tadano.com\/brazil\/pt-br\/vendas-e-servicos\/pecas\/"]}]},{"@type":"BreadcrumbList","@id":"https:\/\/www.tadano.com\/brazil\/pt-br\/vendas-e-servicos\/pecas\/#breadcrumb","itemListElement":[{"@type":"ListItem","position":1,"name":"Vendas e servi\u00e7os","item":"https:\/\/www.tadano.com\/brazil\/pt-br\/vendas-e-servicos\/"},{"@type":"ListItem","position":2,"name":"Pe\u00e7as"}]},{"@type":"WebSite","@id":"https:\/\/www.tadano.com\/brazil\/pt-br\/#website","url":"https:\/\/www.tadano.com\/brazil\/pt-br\/","name":"Brazil","description":"Just another TADANO EUROPE site","potentialAction":[{"@type":"SearchAction","target":{"@type":"EntryPoint","urlTemplate":"https:\/\/www.tadano.com\/brazil\/pt-br\/?s={search_term_string}"},"query-input":"required name=search_term_string"}],"inLanguage":"pt-BR"}]}},"_links":{"self":[{"href":"https:\/\/www.tadano.com\/brazil\/pt-br\/wp-json\/wp\/v2\/pages\/3425"}],"collection":[{"href":"https:\/\/www.tadano.com\/brazil\/pt-br\/wp-json\/wp\/v2\/pages"}],"about":[{"href":"https:\/\/www.tadano.com\/brazil\/pt-br\/wp-json\/wp\/v2\/types\/page"}],"author":[{"embeddable":true,"href":"https:\/\/www.tadano.com\/brazil\/pt-br\/wp-json\/wp\/v2\/users\/3"}],"replies":[{"embeddable":true,"href":"https:\/\/www.tadano.com\/brazil\/pt-br\/wp-json\/wp\/v2\/comments?post=3425"}],"version-history":[{"count":5,"href":"https:\/\/www.tadano.com\/brazil\/pt-br\/wp-json\/wp\/v2\/pages\/3425\/revisions"}],"predecessor-version":[{"id":4143,"href":"https:\/\/www.tadano.com\/brazil\/pt-br\/wp-json\/wp\/v2\/pages\/3425\/revisions\/4143"}],"up":[{"embeddable":true,"href":"https:\/\/www.tadano.com\/brazil\/pt-br\/wp-json\/wp\/v2\/pages\/3416"}],"wp:attachment":[{"href":"https:\/\/www.tadano.com\/brazil\/pt-br\/wp-json\/wp\/v2\/media?parent=3425"}],"curies":[{"name":"wp","href":"https:\/\/api.w.org\/{rel}","templated":true}]}}