{"id":3430,"date":"2023-09-14T11:16:15","date_gmt":"2023-09-14T11:16:15","guid":{"rendered":"https:\/\/www.tadano.com\/brazil\/?page_id=3430"},"modified":"2023-09-15T08:27:47","modified_gmt":"2023-09-15T08:27:47","slug":"responsabilidade-social","status":"publish","type":"page","link":"https:\/\/www.tadano.com\/brazil\/pt-br\/responsabilidade-social\/","title":{"rendered":"Responsabilidade social"},"content":{"rendered":"\n\n\n<section class=\"hero-section\">\n\n\t\n\t\n\t\n\t<div class=\"img-holder \">\n\t\t\t\t<div class=\"bg-stretch\" style=\"background-position: 0 50%; \">\n\t\t\t<span data-srcset=\"https:\/\/assets.onetadano.com\/celum_assets\/hero\/AdobeStock_430436414.jpg, https:\/\/assets.onetadano.com\/celum_assets\/hero-2x\/AdobeStock_430436414.jpg 2x\"><\/span>\n\t\t<\/div>\n\t\t\t\t\t\t<div class=\"logo green-solutions\" style=\"display:none;\">\n\t\t\t<a href=\"#\"><img decoding=\"async\" src=\"https:\/\/www.tadano.com\/brazil\/wp-content\/themes\/tadano\/assets\/dist\/images\/Green-Solutions_Logo_White.svg\"><\/a>\n\t\t<\/div>\n\t<\/div>\n\t<div class=\"container\">\n\t\t<div class=\"text-holder \">\n\t\t\t<div class=\"wrap\">\n\t\t\t\t\n\t\t\t\t<ul class=\"breadcrumbs\"><li><a href=\"https:\/\/www.tadano.com\/brazil\/pt-br\/\">Home<\/a><\/li><\/ul>\n\t\t\t\t\n\n<h1 class=\"wp-block-heading\" id=\"h-responsabilidade-social\">RESPONSABILIDADE SOCIAL<\/h1>\n\n\n\n<div class=\"wp-block-buttons is-layout-flex wp-block-buttons-is-layout-flex\">\n<div class=\"wp-block-button\"><a class=\"wp-block-button__link\" href=\"https:\/\/www.tadano.com\/ir\/esg\/society.html\">NOSSA PROMESSA<\/a><\/div>\n<\/div>\n\n\n\n\t\t\t\t\n\t\t\t<\/div>\n\n\t\t\t\n\t\t\t\n\t\t\t\n\t\t<\/div>\n\t<\/div>\n<\/section>\n\n\n<div class=\"wp-block-group is-style-background-triangle-left-light is-layout-flow wp-block-group-is-layout-flow\"><div class=\"wp-block-group__inner-container\">\n<p>O Tadano Group acredita que uma empresa s\u00f3 pode existir com sucesso se estiver em harmonia com a sociedade e as pessoas. Portanto, contribu\u00edmos para o desenvolvimento de sociedades locais e internacionais e promovemos atividades comerciais que ajudam a proteger o ambiente global. Tamb\u00e9m procuramos maximizar nosso valor corporativo em resposta \u00e0s expectativas de todas as nossas partes interessadas. Declarado de maneira simples, buscamos aumentar a excel\u00eancia para o mundo e o futuro.<\/p>\n<\/div><\/div>\n","protected":false},"excerpt":{"rendered":"<p>O Tadano Group acredita que uma empresa s\u00f3 pode existir com sucesso se estiver em harmonia com a sociedade e as pessoas. Portanto, contribu\u00edmos para o desenvolvimento de sociedades locais e internacionais e promovemos atividades comerciais que ajudam a proteger o ambiente global. Tamb\u00e9m procuramos maximizar nosso valor corporativo em resposta \u00e0s expectativas de todas [&hellip;]<\/p>\n","protected":false},"author":3,"featured_media":0,"parent":0,"menu_order":0,"comment_status":"closed","ping_status":"closed","template":"","meta":{"_acf_changed":false,"footnotes":""},"acf":[],"yoast_head":"<!-- This site is optimized with the Yoast SEO plugin v22.3 - https:\/\/yoast.com\/wordpress\/plugins\/seo\/ -->\n<title>Responsabilidade social - Brazil<\/title>\n<meta name=\"robots\" content=\"index, follow, max-snippet:-1, max-image-preview:large, max-video-preview:-1\" \/>\n<link rel=\"canonical\" href=\"https:\/\/www.tadano.com\/brazil\/pt-br\/responsabilidade-social\/\" \/>\n<meta property=\"og:locale\" content=\"pt_BR\" \/>\n<meta property=\"og:type\" content=\"article\" \/>\n<meta property=\"og:title\" content=\"Responsabilidade social - Brazil\" \/>\n<meta property=\"og:description\" content=\"O Tadano Group acredita que uma empresa s\u00f3 pode existir com sucesso se estiver em harmonia com a sociedade e as pessoas. Portanto, contribu\u00edmos para o desenvolvimento de sociedades locais e internacionais e promovemos atividades comerciais que ajudam a proteger o ambiente global. Tamb\u00e9m procuramos maximizar nosso valor corporativo em resposta \u00e0s expectativas de todas [&hellip;]\" \/>\n<meta property=\"og:url\" content=\"https:\/\/www.tadano.com\/brazil\/pt-br\/responsabilidade-social\/\" \/>\n<meta property=\"og:site_name\" content=\"Brazil\" \/>\n<meta property=\"article:modified_time\" content=\"2023-09-15T08:27:47+00:00\" \/>\n<meta name=\"twitter:card\" content=\"summary_large_image\" \/>\n<meta name=\"twitter:label1\" content=\"Est. tempo de leitura\" \/>\n\t<meta name=\"twitter:data1\" content=\"1 minuto\" \/>\n<script type=\"application\/ld+json\" class=\"yoast-schema-graph\">{\"@context\":\"https:\/\/schema.org\",\"@graph\":[{\"@type\":\"WebPage\",\"@id\":\"https:\/\/www.tadano.com\/brazil\/pt-br\/responsabilidade-social\/\",\"url\":\"https:\/\/www.tadano.com\/brazil\/pt-br\/responsabilidade-social\/\",\"name\":\"Responsabilidade social - Brazil\",\"isPartOf\":{\"@id\":\"https:\/\/www.tadano.com\/brazil\/pt-br\/#website\"},\"datePublished\":\"2023-09-14T11:16:15+00:00\",\"dateModified\":\"2023-09-15T08:27:47+00:00\",\"inLanguage\":\"pt-BR\",\"potentialAction\":[{\"@type\":\"ReadAction\",\"target\":[\"https:\/\/www.tadano.com\/brazil\/pt-br\/responsabilidade-social\/\"]}]},{\"@type\":\"WebSite\",\"@id\":\"https:\/\/www.tadano.com\/brazil\/pt-br\/#website\",\"url\":\"https:\/\/www.tadano.com\/brazil\/pt-br\/\",\"name\":\"Brazil\",\"description\":\"Just another TADANO EUROPE site\",\"potentialAction\":[{\"@type\":\"SearchAction\",\"target\":{\"@type\":\"EntryPoint\",\"urlTemplate\":\"https:\/\/www.tadano.com\/brazil\/pt-br\/?s={search_term_string}\"},\"query-input\":\"required name=search_term_string\"}],\"inLanguage\":\"pt-BR\"}]}<\/script>\n<!-- \/ Yoast SEO plugin. -->","yoast_head_json":{"title":"Responsabilidade social - Brazil","robots":{"index":"index","follow":"follow","max-snippet":"max-snippet:-1","max-image-preview":"max-image-preview:large","max-video-preview":"max-video-preview:-1"},"canonical":"https:\/\/www.tadano.com\/brazil\/pt-br\/responsabilidade-social\/","og_locale":"pt_BR","og_type":"article","og_title":"Responsabilidade social - Brazil","og_description":"O Tadano Group acredita que uma empresa s\u00f3 pode existir com sucesso se estiver em harmonia com a sociedade e as pessoas. Portanto, contribu\u00edmos para o desenvolvimento de sociedades locais e internacionais e promovemos atividades comerciais que ajudam a proteger o ambiente global. Tamb\u00e9m procuramos maximizar nosso valor corporativo em resposta \u00e0s expectativas de todas [&hellip;]","og_url":"https:\/\/www.tadano.com\/brazil\/pt-br\/responsabilidade-social\/","og_site_name":"Brazil","article_modified_time":"2023-09-15T08:27:47+00:00","twitter_card":"summary_large_image","twitter_misc":{"Est. tempo de leitura":"1 minuto"},"schema":{"@context":"https:\/\/schema.org","@graph":[{"@type":"WebPage","@id":"https:\/\/www.tadano.com\/brazil\/pt-br\/responsabilidade-social\/","url":"https:\/\/www.tadano.com\/brazil\/pt-br\/responsabilidade-social\/","name":"Responsabilidade social - Brazil","isPartOf":{"@id":"https:\/\/www.tadano.com\/brazil\/pt-br\/#website"},"datePublished":"2023-09-14T11:16:15+00:00","dateModified":"2023-09-15T08:27:47+00:00","inLanguage":"pt-BR","potentialAction":[{"@type":"ReadAction","target":["https:\/\/www.tadano.com\/brazil\/pt-br\/responsabilidade-social\/"]}]},{"@type":"WebSite","@id":"https:\/\/www.tadano.com\/brazil\/pt-br\/#website","url":"https:\/\/www.tadano.com\/brazil\/pt-br\/","name":"Brazil","description":"Just another TADANO EUROPE site","potentialAction":[{"@type":"SearchAction","target":{"@type":"EntryPoint","urlTemplate":"https:\/\/www.tadano.com\/brazil\/pt-br\/?s={search_term_string}"},"query-input":"required name=search_term_string"}],"inLanguage":"pt-BR"}]}},"_links":{"self":[{"href":"https:\/\/www.tadano.com\/brazil\/pt-br\/wp-json\/wp\/v2\/pages\/3430"}],"collection":[{"href":"https:\/\/www.tadano.com\/brazil\/pt-br\/wp-json\/wp\/v2\/pages"}],"about":[{"href":"https:\/\/www.tadano.com\/brazil\/pt-br\/wp-json\/wp\/v2\/types\/page"}],"author":[{"embeddable":true,"href":"https:\/\/www.tadano.com\/brazil\/pt-br\/wp-json\/wp\/v2\/users\/3"}],"replies":[{"embeddable":true,"href":"https:\/\/www.tadano.com\/brazil\/pt-br\/wp-json\/wp\/v2\/comments?post=3430"}],"version-history":[{"count":1,"href":"https:\/\/www.tadano.com\/brazil\/pt-br\/wp-json\/wp\/v2\/pages\/3430\/revisions"}],"predecessor-version":[{"id":3431,"href":"https:\/\/www.tadano.com\/brazil\/pt-br\/wp-json\/wp\/v2\/pages\/3430\/revisions\/3431"}],"wp:attachment":[{"href":"https:\/\/www.tadano.com\/brazil\/pt-br\/wp-json\/wp\/v2\/media?parent=3430"}],"curies":[{"name":"wp","href":"https:\/\/api.w.org\/{rel}","templated":true}]}}