{"id":3460,"date":"2021-07-02T07:13:25","date_gmt":"2021-07-02T07:13:25","guid":{"rendered":"https:\/\/www.tadano.com\/brazil\/?page_id=3460"},"modified":"2023-09-15T08:38:36","modified_gmt":"2023-09-15T08:38:36","slug":"todas-as-tecnologias","status":"publish","type":"page","link":"https:\/\/www.tadano.com\/brazil\/pt-br\/tecnologia\/todas-as-tecnologias\/","title":{"rendered":"Todas as tecnologias"},"content":{"rendered":"\n\n\n<section class=\"hero-section\">\n\n\t\n\t\n\t\n\t<div class=\"img-holder \">\n\t\t\t\t<div class=\"bg-stretch\" style=\"background-position: 50% 50%; \">\n\t\t\t<span data-srcset=\"https:\/\/assets.onetadano.com\/celum_assets\/hero\/Demag+IC-1+Remote+%281%29.jpg, https:\/\/assets.onetadano.com\/celum_assets\/hero-2x\/Demag+IC-1+Remote+%281%29.jpg 2x\"><\/span>\n\t\t<\/div>\n\t\t\t\t\t\t<div class=\"logo green-solutions\" style=\"display:none;\">\n\t\t\t<a href=\"#\"><img decoding=\"async\" src=\"https:\/\/www.tadano.com\/brazil\/wp-content\/themes\/tadano\/assets\/dist\/images\/Green-Solutions_Logo_White.svg\"><\/a>\n\t\t<\/div>\n\t<\/div>\n\t<div class=\"container\">\n\t\t<div class=\"text-holder \">\n\t\t\t<div class=\"wrap\">\n\t\t\t\t\n\t\t\t\t<ul class=\"breadcrumbs\"><li><a href=\"https:\/\/www.tadano.com\/brazil\/pt-br\/\">Home<\/a><\/li><\/ul>\n\t\t\t\t\n\n<h1 class=\"wp-block-heading\" id=\"h-tecnologia\">Tecnologia<\/h1>\n\n\n\n<p>Desde as tecnologias de eleva\u00e7\u00e3o para atender aos servi\u00e7os e suporte inteligentes, vemos em cada produto, como um meio de tornar as experi\u00eancias de eleva\u00e7\u00e3o, muito melhores, mais eficientes e mais econ\u00f4micas para seu neg\u00f3cio.<\/p>\n\n\n\n\t\t\t\t\n\t\t\t<\/div>\n\n\t\t\t\n\t\t\t\n\t\t\t\n\t\t<\/div>\n\t<\/div>\n<\/section>\n\n\n<div class=\"wp-block-group is-style-background-triangle-right has-white-color has-dark-blue-background-color has-text-color has-background is-layout-flow wp-block-group-is-layout-flow\"><div class=\"wp-block-group__inner-container\">\n<div class=\"wp-block-columns is-layout-flex wp-container-core-columns-layout-1 wp-block-columns-is-layout-flex\">\n<div class=\"wp-block-column is-layout-flow wp-block-column-is-layout-flow\" style=\"flex-basis:33.33%\">\n<h2 class=\"wp-block-heading\" id=\"h-pesquise-as-tecnologias\">PESQUISE AS TECNOLOGIAS<\/h2>\n\n\n\n<p>Desde as tecnologias de eleva\u00e7\u00e3o para atender aos servi\u00e7os e suporte inteligentes, vemos em cada produto, como um meio de tornar as experi\u00eancias de eleva\u00e7\u00e3o, muito melhores, mais eficientes e mais econ\u00f4micas para seu neg\u00f3cio.<\/p>\n<\/div>\n\n\n\n<div class=\"wp-block-column is-layout-flow wp-block-column-is-layout-flow\" style=\"flex-basis:66.66%\"><div class=\"links-block-wrapper\">\n  <div class=\"container\">\n    <section class=\"links-block\">\n              <div class=\"links-block\">\n                                  <div class=\"link-single  \">\n                              <a href=\"https:\/\/www.tadano.com\/brazil\/pt-br\/technologies\/aml-e\/\">\n                               \n                                  <strong class='title'>AML-E<\/strong>\n                                                  <p>Os avan\u00e7os mais recentes para controle e monitoramento com recursos aprimorados para dados essenciais, e, definir limites de eleva\u00e7\u00e3o, de f\u00e1cil solu\u00e7\u00e3o de problemas e mais.<\/p>\n                              <\/a>\n            <\/div>\n                                  <div class=\"link-single  \">\n                              <a href=\"https:\/\/www.tadano.com\/brazil\/pt-br\/technologies\/aml-f\/\">\n                               \n                                  <strong class='title'>AML-F<\/strong>\n                                                  <p>Sistema de controle de guindastes inteligente e confi\u00e1vel com os recursos mais recentes e uma interface de usu\u00e1rio otimizada para desempenho seguro e confi\u00e1vel durante a opera\u00e7\u00e3o do guindaste.\r\n\r\n<\/p>\n                              <\/a>\n            <\/div>\n                                  <div class=\"link-single  \">\n                              <a>\n                               \n                                  <strong class='title'>Boom Boosters CC<\/strong>\n                                                  <p>Reforce sua capacidade de eleva\u00e7\u00e3o do CC 3800-1 ou CC 8800-1 em at\u00e9 90% para eleva\u00e7\u00f5es pesadas com configura\u00e7\u00f5es de lan\u00e7a longa. Dispon\u00edvel com novos guindastes ou como atualiza\u00e7\u00e3o.<\/p>\n                              <\/a>\n            <\/div>\n                                  <div class=\"link-single  \">\n                              <a>\n                               \n                                  <strong class='title'>E-Pack<\/strong>\n                                                  <p>Sistema eletro-hidr\u00e1ulico com emiss\u00e3o zero durante a opera\u00e7\u00e3o do guindaste. Perfeito para \u00e1reas urbanas, \u00e0 noite ou para opera\u00e7\u00e3o em \u00e1rea coberta.<\/p>\n                              <\/a>\n            <\/div>\n                                  <div class=\"link-single  \">\n                              <a>\n                               \n                                  <strong class='title'>Sistema Eco-Mode<\/strong>\n                                                  <p>O Eco Mode controla a rota\u00e7\u00e3o m\u00e1xima do motor para reduzir emiss\u00f5es, consumo de combust\u00edvel e ru\u00eddo enquanto oferece uma opera\u00e7\u00e3o s\u00f3lida do guindaste.<\/p>\n                              <\/a>\n            <\/div>\n                                  <div class=\"link-single  \">\n                              <a>\n                               \n                                  <strong class='title'>Flex Base<\/strong>\n                                                  <p>O sistema de estabilizador uniforme com precis\u00e3o, que oferece em tempo real para cada posi\u00e7\u00e3o da lan\u00e7a sujeita ao \u00e2ngulo de rota\u00e7\u00e3o da superestrutura.<\/p>\n                              <\/a>\n            <\/div>\n                                  <div class=\"link-single  \">\n                              <a>\n                               \n                                  <strong class='title'>Flex Frame<\/strong>\n                                                  <p>Substituindo o cilindro telesc\u00f3pico normal, o Flex Frame permite com facilidade a configura\u00e7\u00e3o do raio de contrapeso da supereleva\u00e7\u00e3o, reduzindo a realoca\u00e7\u00e3o do contrapeso e o tempo da montagem.<\/p>\n                              <\/a>\n            <\/div>\n                                  <div class=\"link-single  \">\n                              <a>\n                               \n                                  <strong class='title'>Hello-Net<\/strong>\n                                                  <p>O sistema de telem\u00e1tica que suporta o gerenciamento do guindaste com detalhes sobre o status, posi\u00e7\u00e3o e manuten\u00e7\u00e3o operacionais.<\/p>\n                              <\/a>\n            <\/div>\n                                  <div class=\"link-single  \">\n                              <a>\n                               \n                                  <strong class='title'>HTLJ<\/strong>\n                                                  <p>Utilize esta lan\u00e7a auxiliar totalmente hidr\u00e1ulica, telesc\u00f3pica e inclin\u00e1vel para obter a eleva\u00e7\u00e3o descomplicada de cargas, al\u00e9m das extremidades e para al\u00e9m de estruturas restritas.<\/p>\n                              <\/a>\n            <\/div>\n                                  <div class=\"link-single  \">\n                              <a>\n                               \n                                  <strong class='title'>IC-1 Plus<\/strong>\n                                                  <p>Aumente a flexibilidade e a resolu\u00e7\u00e3o ao vivo da capacidade do guindaste, permitindo v\u00e1rias configura\u00e7\u00f5es assim\u00e9tricas do estabilizador para trabalho, mesmo em espa\u00e7o confinado. Menos contrapeso significa menor custo de transporte.<\/p>\n                              <\/a>\n            <\/div>\n                                  <div class=\"link-single  \">\n                              <a>\n                               \n                                  <strong class='title'>IC-1 Remote<\/strong>\n                                                  <p>Solu\u00e7\u00e3o de telem\u00e1tica avan\u00e7ada que oferece visualiza\u00e7\u00f5es de dados baseados em nuvem em tempo real que aumentam a efici\u00eancia de planejamento do trabalho, permitem a solu\u00e7\u00e3o de problemas remotamente e reduzem o tempo de inatividade.<\/p>\n                              <\/a>\n            <\/div>\n                                  <div class=\"link-single  \">\n                              <a>\n                               \n                                  <strong class='title'>Lift Adjust<\/strong>\n                                                  <p>Chamado de &#8220;ajuste de eleva\u00e7\u00e3o&#8221;, este sistema \u00fanico e exclusivo auxilia a todos os operadores de guindastes todo terreno, a monitorar e controlar o movimento da carga enquanto rastrea as redondezas.<\/p>\n                              <\/a>\n            <\/div>\n                                  <div class=\"link-single  \">\n                              <a>\n                               \n                                  <strong class='title'>Opti-Width<\/strong>\n                                                  <p>Gr\u00e1ficos de carga que permitem combina\u00e7\u00f5es ilimitadas de configura\u00e7\u00f5es sim\u00e9tricas e assim\u00e9tricas de largura de esteira, resultando em aprimoramentos significativos da capacidade de eleva\u00e7\u00e3o.<\/p>\n                              <\/a>\n            <\/div>\n                                  <div class=\"link-single  \">\n                              <a>\n                               \n                                  <strong class='title'>Smart Chart<\/strong>\n                                                  <p>N\u00e3o consegue estender totalmente os estabilizadores? O Smart Chart literalmente redesenha a \u00e1rea de trabalho convencional para melhorarias significantes e com produtividade.<\/p>\n                              <\/a>\n            <\/div>\n                                  <div class=\"link-single  \">\n                              <a>\n                               \n                                  <strong class='title'>Split Tray<\/strong>\n                                                  <p>Reforce a efici\u00eancia com o desacoplamento f\u00e1cil de contrapesos desnecess\u00e1rios, economizando tempo de montagem e de m\u00e3o de obra, bem como eliminando a necessidade de um guindaste auxiliar.<\/p>\n                              <\/a>\n            <\/div>\n                                  <div class=\"link-single  \">\n                              <a>\n                               \n                                  <strong class='title'>Surround View<\/strong>\n                                                  <p>Descubra os pontos cegos e veja o raio de oscila\u00e7\u00e3o da traseira, alcance do estabilizador e mais com este sistema de seis c\u00e2meras, que oferece a vis\u00e3o ideal em 360\u00b0.<\/p>\n                              <\/a>\n            <\/div>\n                                  <div class=\"link-single  \">\n                              <a>\n                               \n                                  <strong class='title'>COMBUST\u00cdVEIS ALTERNATIVOS AO DIESEL<\/strong>\n                                                  <p>Todos os guindastes atuais da Tadano tamb\u00e9m podem ser operados com v\u00e1rios combust\u00edveis alternativos ao diesel, dependendo do modelo. Em muitos casos, o uso desses combust\u00edveis permite a opera\u00e7\u00e3o de guindastes com menos emiss\u00f5es, de forma mais ecol\u00f3gica e favor\u00e1vel ao clima.<\/p>\n                              <\/a>\n            <\/div>\n                                  <div class=\"link-single  \">\n                              <a>\n                               \n                                  <strong class='title'>Start Stop<\/strong>\n                                                  <p>A fun\u00e7\u00e3o start-stop permite o desligamento manual do motor do guindaste por meio de um bot\u00e3o na cabine durante a opera\u00e7\u00e3o a fim de evitar a marcha lenta. Ela pode ser usada para reduzir o consumo de combust\u00edvel, as emiss\u00f5es e as horas de opera\u00e7\u00e3o do guindaste. Enquanto o motor est\u00e1 desligado, o sistema de controle do guindaste permanece ativo para que a opera\u00e7\u00e3o possa ser retomada pouco depois da partida.<\/p>\n                              <\/a>\n            <\/div>\n                  <\/div>\n                    \n    <\/section>\n  <\/div>\n<\/div><\/div>\n<\/div>\n<\/div><\/div>\n\n\n\n    <section class=\"news-section\">\n\n    <div class=\"container\">\n      <div class=\"text-block\">\n        <h2>News<\/h2>\n                        \n                  <a href=\"https:\/\/www.tadano.com\/brazil\/pt-br\/news-list\/\" class=\"link-more\">EXPLORE ALL News<\/a>\n        \n\n                <div class=\"controls\">\n          <svg width=\"14\" height=\"31\" viewBox=\"0 0 14 31\" fill=\"none\" xmlns=\"http:\/\/www.w3.org\/2000\/svg\">\n           <path d=\"M13 1L1 15.5L13 30\" stroke=\"#fff\"\/>\n          <\/svg>\n          <svg width=\"15\" height=\"31\" viewBox=\"0 0 15 31\" fill=\"none\" xmlns=\"http:\/\/www.w3.org\/2000\/svg\">\n           <path d=\"M1 1L14 15.5L1 30\" stroke=\"#fff\"\/>\n          <\/svg>\n        <\/div>\n        \n\n        \n      <\/div>\n      <div class=\"slick-slider simple-slider\">\n                              <div>\n              <div class=\"news-single\">\n                <a href=\"https:\/\/www.tadano.com\/brazil\/pt-br\/news\/the-new-cc-78-1250-1\/\">\n                  <strong class=\"title\">O novo Tadano CC 78.1250-1<\/strong>\n                  <ul class=\"meta\">\n                    <li>Publication<\/li>\n                    <li><time datetime=\"2020-01-01\">abr\/03\/2025<\/time><\/li>\n                  <\/ul>\n                <\/a>\n              <\/div>\n            <\/div>\n                      <div>\n              <div class=\"news-single\">\n                <a href=\"https:\/\/www.tadano.com\/brazil\/pt-br\/news\/maior-alcance-mais-alto-mais-longe-novo-guindaste-todo-terreno-tadano-ac-5-250l-2-com-lanca-principal-de-79-metros\/\">\n                  <strong class=\"title\">MAIOR ALCANCE, MAIS ALTO, MAIS LONGE: NOVO GUINDASTE TODO-TERRENO TADANO AC 5.250L-2 COM LAN\u00c7A PRINCIPAL DE 79 METROS<\/strong>\n                  <ul class=\"meta\">\n                    <li>Publication<\/li>\n                    <li><time datetime=\"2020-01-01\">fev\/18\/2025<\/time><\/li>\n                  <\/ul>\n                <\/a>\n              <\/div>\n            <\/div>\n                      <div>\n              <div class=\"news-single\">\n                <a href=\"https:\/\/www.tadano.com\/brazil\/pt-br\/news\/tadano-ac-7-450-1-em-dose-dupla-no-wisconsin\/\">\n                  <strong class=\"title\">TADANO AC 7.450-1 em dose dupla no Wisconsin<\/strong>\n                  <ul class=\"meta\">\n                    <li>Publication<\/li>\n                    <li><time datetime=\"2020-01-01\">nov\/12\/2024<\/time><\/li>\n                  <\/ul>\n                <\/a>\n              <\/div>\n            <\/div>\n                      <div>\n              <div class=\"news-single\">\n                <a href=\"https:\/\/www.tadano.com\/brazil\/pt-br\/news\/o-novo-tadano-ac-5-250-2-e-uma-solucao-inovadora\/\">\n                  <strong class=\"title\">O novo Tadano AC 5.250-2 \u00e9 uma solu\u00e7\u00e3o inovadora<\/strong>\n                  <ul class=\"meta\">\n                    <li>Publication<\/li>\n                    <li><time datetime=\"2020-01-01\">jul\/22\/2024<\/time><\/li>\n                  <\/ul>\n                <\/a>\n              <\/div>\n            <\/div>\n                      <div>\n              <div class=\"news-single\">\n                <a href=\"https:\/\/www.tadano.com\/brazil\/pt-br\/news\/a-equipe-panam-apresenta-a-tadano-quality-na-mt-expo\/\">\n                  <strong class=\"title\">A equipe PANAM apresenta\u00a0 a Tadano Quality na M&amp;T Expo<\/strong>\n                  <ul class=\"meta\">\n                    <li>Publication<\/li>\n                    <li><time datetime=\"2020-01-01\">maio\/28\/2024<\/time><\/li>\n                  <\/ul>\n                <\/a>\n              <\/div>\n            <\/div>\n                      <div>\n              <div class=\"news-single\">\n                <a href=\"https:\/\/www.tadano.com\/brazil\/pt-br\/news\/o-tadano-ac-7-450-1-realiza-icamentos-exclusivos-em-uma-instalacao-de-engarrafamento-na-pensilvania\/\">\n                  <strong class=\"title\">O TADANO AC 7.450-1 REALIZA I\u00c7AMENTOS EXCLUSIVOS EM UMA INSTALA\u00c7\u00c3O DE ENGARRAFAMENTO NA PENSILV\u00c2NIA<\/strong>\n                  <ul class=\"meta\">\n                    <li>Publication<\/li>\n                    <li><time datetime=\"2020-01-01\">maio\/23\/2024<\/time><\/li>\n                  <\/ul>\n                <\/a>\n              <\/div>\n            <\/div>\n                        <\/div>\n    <\/div>\n  <\/section>\n  ","protected":false},"excerpt":{"rendered":"<p>PESQUISE AS TECNOLOGIAS Desde as tecnologias de eleva\u00e7\u00e3o para atender aos servi\u00e7os e suporte inteligentes, vemos em cada produto, como um meio de tornar as experi\u00eancias de eleva\u00e7\u00e3o, muito melhores, mais eficientes e mais econ\u00f4micas para seu neg\u00f3cio.<\/p>\n","protected":false},"author":3,"featured_media":0,"parent":3432,"menu_order":0,"comment_status":"closed","ping_status":"closed","template":"","meta":{"_acf_changed":false,"footnotes":""},"acf":[],"yoast_head":"<!-- This site is optimized with the Yoast SEO plugin v22.3 - https:\/\/yoast.com\/wordpress\/plugins\/seo\/ -->\n<title>Todas as tecnologias - Brazil<\/title>\n<meta name=\"robots\" content=\"index, follow, max-snippet:-1, max-image-preview:large, max-video-preview:-1\" \/>\n<link rel=\"canonical\" href=\"https:\/\/www.tadano.com\/brazil\/pt-br\/tecnologia\/todas-as-tecnologias\/\" \/>\n<meta property=\"og:locale\" content=\"pt_BR\" \/>\n<meta property=\"og:type\" content=\"article\" \/>\n<meta property=\"og:title\" content=\"Todas as tecnologias - Brazil\" \/>\n<meta property=\"og:description\" content=\"PESQUISE AS TECNOLOGIAS Desde as tecnologias de eleva\u00e7\u00e3o para atender aos servi\u00e7os e suporte inteligentes, vemos em cada produto, como um meio de tornar as experi\u00eancias de eleva\u00e7\u00e3o, muito melhores, mais eficientes e mais econ\u00f4micas para seu neg\u00f3cio.\" \/>\n<meta property=\"og:url\" content=\"https:\/\/www.tadano.com\/brazil\/pt-br\/tecnologia\/todas-as-tecnologias\/\" \/>\n<meta property=\"og:site_name\" content=\"Brazil\" \/>\n<meta property=\"article:modified_time\" content=\"2023-09-15T08:38:36+00:00\" \/>\n<meta name=\"twitter:card\" content=\"summary_large_image\" \/>\n<meta name=\"twitter:label1\" content=\"Est. tempo de leitura\" \/>\n\t<meta name=\"twitter:data1\" content=\"1 minuto\" \/>\n<script type=\"application\/ld+json\" class=\"yoast-schema-graph\">{\"@context\":\"https:\/\/schema.org\",\"@graph\":[{\"@type\":\"WebPage\",\"@id\":\"https:\/\/www.tadano.com\/brazil\/pt-br\/tecnologia\/todas-as-tecnologias\/\",\"url\":\"https:\/\/www.tadano.com\/brazil\/pt-br\/tecnologia\/todas-as-tecnologias\/\",\"name\":\"Todas as tecnologias - Brazil\",\"isPartOf\":{\"@id\":\"https:\/\/www.tadano.com\/brazil\/pt-br\/#website\"},\"datePublished\":\"2021-07-02T07:13:25+00:00\",\"dateModified\":\"2023-09-15T08:38:36+00:00\",\"breadcrumb\":{\"@id\":\"https:\/\/www.tadano.com\/brazil\/pt-br\/tecnologia\/todas-as-tecnologias\/#breadcrumb\"},\"inLanguage\":\"pt-BR\",\"potentialAction\":[{\"@type\":\"ReadAction\",\"target\":[\"https:\/\/www.tadano.com\/brazil\/pt-br\/tecnologia\/todas-as-tecnologias\/\"]}]},{\"@type\":\"BreadcrumbList\",\"@id\":\"https:\/\/www.tadano.com\/brazil\/pt-br\/tecnologia\/todas-as-tecnologias\/#breadcrumb\",\"itemListElement\":[{\"@type\":\"ListItem\",\"position\":1,\"name\":\"Tecnologia\",\"item\":\"https:\/\/www.tadano.com\/brazil\/pt-br\/tecnologia\/\"},{\"@type\":\"ListItem\",\"position\":2,\"name\":\"Todas as tecnologias\"}]},{\"@type\":\"WebSite\",\"@id\":\"https:\/\/www.tadano.com\/brazil\/pt-br\/#website\",\"url\":\"https:\/\/www.tadano.com\/brazil\/pt-br\/\",\"name\":\"Brazil\",\"description\":\"Just another TADANO EUROPE site\",\"potentialAction\":[{\"@type\":\"SearchAction\",\"target\":{\"@type\":\"EntryPoint\",\"urlTemplate\":\"https:\/\/www.tadano.com\/brazil\/pt-br\/?s={search_term_string}\"},\"query-input\":\"required name=search_term_string\"}],\"inLanguage\":\"pt-BR\"}]}<\/script>\n<!-- \/ Yoast SEO plugin. -->","yoast_head_json":{"title":"Todas as tecnologias - Brazil","robots":{"index":"index","follow":"follow","max-snippet":"max-snippet:-1","max-image-preview":"max-image-preview:large","max-video-preview":"max-video-preview:-1"},"canonical":"https:\/\/www.tadano.com\/brazil\/pt-br\/tecnologia\/todas-as-tecnologias\/","og_locale":"pt_BR","og_type":"article","og_title":"Todas as tecnologias - Brazil","og_description":"PESQUISE AS TECNOLOGIAS Desde as tecnologias de eleva\u00e7\u00e3o para atender aos servi\u00e7os e suporte inteligentes, vemos em cada produto, como um meio de tornar as experi\u00eancias de eleva\u00e7\u00e3o, muito melhores, mais eficientes e mais econ\u00f4micas para seu neg\u00f3cio.","og_url":"https:\/\/www.tadano.com\/brazil\/pt-br\/tecnologia\/todas-as-tecnologias\/","og_site_name":"Brazil","article_modified_time":"2023-09-15T08:38:36+00:00","twitter_card":"summary_large_image","twitter_misc":{"Est. tempo de leitura":"1 minuto"},"schema":{"@context":"https:\/\/schema.org","@graph":[{"@type":"WebPage","@id":"https:\/\/www.tadano.com\/brazil\/pt-br\/tecnologia\/todas-as-tecnologias\/","url":"https:\/\/www.tadano.com\/brazil\/pt-br\/tecnologia\/todas-as-tecnologias\/","name":"Todas as tecnologias - Brazil","isPartOf":{"@id":"https:\/\/www.tadano.com\/brazil\/pt-br\/#website"},"datePublished":"2021-07-02T07:13:25+00:00","dateModified":"2023-09-15T08:38:36+00:00","breadcrumb":{"@id":"https:\/\/www.tadano.com\/brazil\/pt-br\/tecnologia\/todas-as-tecnologias\/#breadcrumb"},"inLanguage":"pt-BR","potentialAction":[{"@type":"ReadAction","target":["https:\/\/www.tadano.com\/brazil\/pt-br\/tecnologia\/todas-as-tecnologias\/"]}]},{"@type":"BreadcrumbList","@id":"https:\/\/www.tadano.com\/brazil\/pt-br\/tecnologia\/todas-as-tecnologias\/#breadcrumb","itemListElement":[{"@type":"ListItem","position":1,"name":"Tecnologia","item":"https:\/\/www.tadano.com\/brazil\/pt-br\/tecnologia\/"},{"@type":"ListItem","position":2,"name":"Todas as tecnologias"}]},{"@type":"WebSite","@id":"https:\/\/www.tadano.com\/brazil\/pt-br\/#website","url":"https:\/\/www.tadano.com\/brazil\/pt-br\/","name":"Brazil","description":"Just another TADANO EUROPE site","potentialAction":[{"@type":"SearchAction","target":{"@type":"EntryPoint","urlTemplate":"https:\/\/www.tadano.com\/brazil\/pt-br\/?s={search_term_string}"},"query-input":"required name=search_term_string"}],"inLanguage":"pt-BR"}]}},"_links":{"self":[{"href":"https:\/\/www.tadano.com\/brazil\/pt-br\/wp-json\/wp\/v2\/pages\/3460"}],"collection":[{"href":"https:\/\/www.tadano.com\/brazil\/pt-br\/wp-json\/wp\/v2\/pages"}],"about":[{"href":"https:\/\/www.tadano.com\/brazil\/pt-br\/wp-json\/wp\/v2\/types\/page"}],"author":[{"embeddable":true,"href":"https:\/\/www.tadano.com\/brazil\/pt-br\/wp-json\/wp\/v2\/users\/3"}],"replies":[{"embeddable":true,"href":"https:\/\/www.tadano.com\/brazil\/pt-br\/wp-json\/wp\/v2\/comments?post=3460"}],"version-history":[{"count":2,"href":"https:\/\/www.tadano.com\/brazil\/pt-br\/wp-json\/wp\/v2\/pages\/3460\/revisions"}],"predecessor-version":[{"id":3462,"href":"https:\/\/www.tadano.com\/brazil\/pt-br\/wp-json\/wp\/v2\/pages\/3460\/revisions\/3462"}],"up":[{"embeddable":true,"href":"https:\/\/www.tadano.com\/brazil\/pt-br\/wp-json\/wp\/v2\/pages\/3432"}],"wp:attachment":[{"href":"https:\/\/www.tadano.com\/brazil\/pt-br\/wp-json\/wp\/v2\/media?parent=3460"}],"curies":[{"name":"wp","href":"https:\/\/api.w.org\/{rel}","templated":true}]}}